{"id":175,"date":"2025-03-06T02:21:27","date_gmt":"2025-03-06T02:21:27","guid":{"rendered":"https:\/\/stockify24.pl\/?page_id=175"},"modified":"2026-03-30T16:21:28","modified_gmt":"2026-03-30T15:21:28","slug":"o-nas","status":"publish","type":"page","link":"https:\/\/stockify24.pl\/de\/o-nas\/","title":{"rendered":"\u00dcber uns"},"content":{"rendered":"<div data-elementor-type=\"wp-page\" data-elementor-id=\"175\" class=\"elementor elementor-175\" data-elementor-post-type=\"page\">\n\t\t\t\t<div class=\"elementor-element elementor-element-55b94b2 e-con-full e-flex e-con e-child\" data-id=\"55b94b2\" data-element_type=\"container\" data-e-type=\"container\">\n\t\t<div class=\"elementor-element elementor-element-b3df24b e-con-full e-flex e-con e-child\" data-id=\"b3df24b\" data-element_type=\"container\" data-e-type=\"container\" data-settings=\"{&quot;background_background&quot;:&quot;gradient&quot;,&quot;animation&quot;:&quot;none&quot;,&quot;shape_divider_bottom&quot;:&quot;arrow&quot;}\">\n\t\t\t\t<div class=\"elementor-shape elementor-shape-bottom\" aria-hidden=\"true\" data-negative=\"false\">\n\t\t\t<svg xmlns=\"http:\/\/www.w3.org\/2000\/svg\" viewbox=\"0 0 700 10\" preserveaspectratio=\"none\">\n\t<path class=\"elementor-shape-fill\" d=\"M350,10L340,0h20L350,10z\"\/>\n<\/svg>\t\t<\/div>\n\t\t<div class=\"elementor-element elementor-element-0aee57d e-flex e-con-boxed e-con e-child\" data-id=\"0aee57d\" data-element_type=\"container\" data-e-type=\"container\">\n\t\t\t\t\t<div class=\"e-con-inner\">\n\t\t<div class=\"elementor-element elementor-element-924d325 e-con-full breadcrumbs-list-page e-flex e-con e-child\" data-id=\"924d325\" data-element_type=\"container\" data-e-type=\"container\">\n\t\t\t\t<div class=\"elementor-element elementor-element-6624a7f elementor-widget elementor-widget-shortcode\" data-id=\"6624a7f\" data-element_type=\"widget\" data-e-type=\"widget\" data-widget_type=\"shortcode.default\">\n\t\t\t\t\t\t\t<div class=\"elementor-shortcode\"><nav aria-label=\"Semmelbr\u00f6sel\" class=\"rank-math-breadcrumb\"><p><span class=\"last\">Homepage<\/span><\/p><\/nav><\/div>\n\t\t\t\t\t\t<\/div>\n\t\t\t\t<\/div>\n\t\t\t\t<div class=\"elementor-element elementor-element-4965097 heading-title-2 elementor-widget elementor-widget-heading\" data-id=\"4965097\" data-element_type=\"widget\" data-e-type=\"widget\" data-widget_type=\"heading.default\">\n\t\t\t\t\t<h1 class=\"elementor-heading-title elementor-size-default\">O nas \u2013 Stockify, ekspert w sprzeda\u017cy palet<\/h1>\t\t\t\t<\/div>\n\t\t\t\t\t<\/div>\n\t\t\t\t<\/div>\n\t\t\t\t<\/div>\n\t\t\t\t<\/div>\n\t\t<div class=\"elementor-element elementor-element-c989300 e-con-full e-flex e-con e-child\" data-id=\"c989300\" data-element_type=\"container\" data-e-type=\"container\">\n\t\t<div class=\"elementor-element elementor-element-a5947c0 e-flex e-con-boxed e-con e-child\" data-id=\"a5947c0\" data-element_type=\"container\" data-e-type=\"container\" data-settings=\"{&quot;background_background&quot;:&quot;classic&quot;}\">\n\t\t\t\t\t<div class=\"e-con-inner\">\n\t\t<div class=\"elementor-element elementor-element-8bc457c e-con-full e-flex e-con e-child\" data-id=\"8bc457c\" data-element_type=\"container\" data-e-type=\"container\">\n\t\t\t\t<div class=\"elementor-element elementor-element-fdeb9fa heading-title-2 elementor-widget elementor-widget-heading\" data-id=\"fdeb9fa\" data-element_type=\"widget\" data-e-type=\"widget\" data-settings=\"{&quot;_animation&quot;:&quot;none&quot;}\" data-widget_type=\"heading.default\">\n\t\t\t\t\t<h2 class=\"elementor-heading-title elementor-size-default\">Kim jeste\u015bmy?<\/h2>\t\t\t\t<\/div>\n\t\t\t\t<div class=\"elementor-element elementor-element-63029e2 elementor-widget elementor-widget-text-editor\" data-id=\"63029e2\" data-element_type=\"widget\" data-e-type=\"widget\" data-widget_type=\"text-editor.default\">\n\t\t\t\t\t\t\t\t\t<h2 data-start=\"366\" data-end=\"646\">Hurtowe palety z Europy \u2013 Stockify<\/h2><p data-start=\"366\" data-end=\"646\"><strong>Stockify<\/strong> to dostawca palet hurtowych z Europy, UK specjalizuj\u0105cy si\u0119 w sprzeda\u017cy palet zwrot\u00f3w konsumenckich (Amazon Returns) oraz nadwy\u017cek magazynowych. Oferujemy gotowe zestawy produkt\u00f3w przeznaczone do dalszej odsprzeda\u017cy w e-commerce, na marketplace oraz w sprzeda\u017cy detalicznej.<\/p><p data-start=\"648\" data-end=\"852\">W naszej ofercie znajdziesz palety z kategorii takich jak <strong>elektronika, AGD, dom, akcesoria sezonowe oraz produkty codziennego u\u017cytku.<\/strong> Ka\u017cda paleta to unikalny mix towaru o wysokim potencjale sprzeda\u017cowym.<\/p><p data-start=\"854\" data-end=\"1080\">Magazyn w Polsce oraz szybka logistyka pozwalaj\u0105 na sprawn\u0105 realizacj\u0119 zam\u00f3wie\u0144 w ca\u0142ej Europie. Wsp\u00f3\u0142pracujemy zar\u00f3wno z firmami, jak i klientami indywidualnymi, oferuj\u0105c elastyczne warunki zakupu i dost\u0119pno\u015b\u0107 towaru od r\u0119ki.<\/p>\t\t\t\t\t\t\t\t<\/div>\n\t\t\t\t<div class=\"elementor-element elementor-element-2622ab7 elementor-align-left elementor-mobile-align-left elementor-widget elementor-widget-button\" data-id=\"2622ab7\" data-element_type=\"widget\" data-e-type=\"widget\" data-widget_type=\"button.default\">\n\t\t\t\t\t\t\t\t\t\t<a class=\"elementor-button elementor-button-link elementor-size-sm\" href=\"https:\/\/stockify24.pl\/de\/sklep\/\">\n\t\t\t\t\t\t<span class=\"elementor-button-content-wrapper\">\n\t\t\t\t\t\t\t\t\t<span class=\"elementor-button-text\">Siehe verf\u00fcgbare Paletten<\/span>\n\t\t\t\t\t<\/span>\n\t\t\t\t\t<\/a>\n\t\t\t\t\t\t\t\t<\/div>\n\t\t\t\t<\/div>\n\t\t<div class=\"elementor-element elementor-element-27b5bac e-con-full e-flex e-con e-child\" data-id=\"27b5bac\" data-element_type=\"container\" data-e-type=\"container\" data-settings=\"{&quot;background_background&quot;:&quot;gradient&quot;}\">\n\t\t\t\t<div class=\"elementor-element elementor-element-865df30 elementor-widget elementor-widget-image\" data-id=\"865df30\" data-element_type=\"widget\" data-e-type=\"widget\" data-widget_type=\"image.default\">\n\t\t\t\t\t\t\t\t\t\t\t\t\t\t\t<img fetchpriority=\"high\" decoding=\"async\" width=\"800\" height=\"800\" src=\"https:\/\/stockify24.pl\/wp-content\/uploads\/2026\/03\/Generated-Image-March-30-2026-4_51PM-1.jpg\" class=\"attachment-large size-large wp-image-51090\" alt=\"palety elektroniki hurtowe Amazon Returns Europa Anglia\" srcset=\"https:\/\/stockify24.pl\/wp-content\/uploads\/2026\/03\/Generated-Image-March-30-2026-4_51PM-1.jpg 1024w, https:\/\/stockify24.pl\/wp-content\/uploads\/2026\/03\/Generated-Image-March-30-2026-4_51PM-1-300x300.jpg 300w, https:\/\/stockify24.pl\/wp-content\/uploads\/2026\/03\/Generated-Image-March-30-2026-4_51PM-1-150x150.jpg 150w, https:\/\/stockify24.pl\/wp-content\/uploads\/2026\/03\/Generated-Image-March-30-2026-4_51PM-1-768x768.jpg 768w, https:\/\/stockify24.pl\/wp-content\/uploads\/2026\/03\/Generated-Image-March-30-2026-4_51PM-1-12x12.jpg 12w, https:\/\/stockify24.pl\/wp-content\/uploads\/2026\/03\/Generated-Image-March-30-2026-4_51PM-1-400x400.jpg 400w, https:\/\/stockify24.pl\/wp-content\/uploads\/2026\/03\/Generated-Image-March-30-2026-4_51PM-1-50x50.jpg 50w, https:\/\/stockify24.pl\/wp-content\/uploads\/2026\/03\/Generated-Image-March-30-2026-4_51PM-1-100x100.jpg 100w, https:\/\/stockify24.pl\/wp-content\/uploads\/2026\/03\/Generated-Image-March-30-2026-4_51PM-1-64x64.jpg 64w\" sizes=\"(max-width: 800px) 100vw, 800px\" \/>\t\t\t\t\t\t\t\t\t\t\t\t\t\t\t<\/div>\n\t\t\t\t<\/div>\n\t\t\t\t\t<\/div>\n\t\t\t\t<\/div>\n\t\t<div class=\"elementor-element elementor-element-453aafc e-flex e-con-boxed e-con e-child\" data-id=\"453aafc\" data-element_type=\"container\" data-e-type=\"container\" data-settings=\"{&quot;background_background&quot;:&quot;classic&quot;}\">\n\t\t\t\t\t<div class=\"e-con-inner\">\n\t\t<div class=\"elementor-element elementor-element-467d650 e-con-full e-flex e-con e-child\" data-id=\"467d650\" data-element_type=\"container\" data-e-type=\"container\">\n\t\t\t\t<div class=\"elementor-element elementor-element-8a5c951 heading-title-2 elementor-widget elementor-widget-heading\" data-id=\"8a5c951\" data-element_type=\"widget\" data-e-type=\"widget\" data-settings=\"{&quot;_animation&quot;:&quot;none&quot;}\" data-widget_type=\"heading.default\">\n\t\t\t\t\t<h2 class=\"elementor-heading-title elementor-size-default\"> Co oferujemy?<\/h2>\t\t\t\t<\/div>\n\t\t\t\t<div class=\"elementor-element elementor-element-c56e881 elementor-widget elementor-widget-text-editor\" data-id=\"c56e881\" data-element_type=\"widget\" data-e-type=\"widget\" data-widget_type=\"text-editor.default\">\n\t\t\t\t\t\t\t\t\t<h2 data-start=\"1257\" data-end=\"1441\">Palety gotowe do odsprzeda\u017cy \u2013 elektronika, mix i outlet<\/h2><p data-start=\"1257\" data-end=\"1441\">Oferujemy palety hurtowe oraz detaliczne, kt\u00f3re s\u0105 gotowe do sprzeda\u017cy bez dodatkowej selekcji. Towar pochodzi z <strong>Europy i UK<\/strong>, w tym z <strong>Amazon R\u00fccksendungen<\/strong> oraz innych platform logistycznych.<\/p><p data-start=\"1443\" data-end=\"1661\">Ka\u017cda paleta zawiera mix produkt\u00f3w z r\u00f3\u017cnych kategorii, co pozwala zwi\u0119kszy\u0107 rotacj\u0119 towaru i szybciej generowa\u0107 sprzeda\u017c. To rozwi\u0105zanie idealne dla reseller\u00f3w, sklep\u00f3w internetowych oraz os\u00f3b rozpoczynaj\u0105cych handel.<\/p><p data-start=\"1663\" data-end=\"1799\">Regularnie aktualizujemy ofert\u0119 o nowe partie, dzi\u0119ki czemu masz dost\u0119p do \u015bwie\u017cego towaru i mo\u017cesz skalowa\u0107 sw\u00f3j biznes bez przestoj\u00f3w.<\/p>\t\t\t\t\t\t\t\t<\/div>\n\t\t\t\t<div class=\"elementor-element elementor-element-1e6cc6e elementor-align-left elementor-mobile-align-left elementor-widget elementor-widget-button\" data-id=\"1e6cc6e\" data-element_type=\"widget\" data-e-type=\"widget\" data-widget_type=\"button.default\">\n\t\t\t\t\t\t\t\t\t\t<a class=\"elementor-button elementor-button-link elementor-size-sm\" href=\"https:\/\/stockify24.pl\/de\/stockify-kontakt\/\">\n\t\t\t\t\t\t<span class=\"elementor-button-content-wrapper\">\n\t\t\t\t\t\t\t\t\t<span class=\"elementor-button-text\">Kontakt<\/span>\n\t\t\t\t\t<\/span>\n\t\t\t\t\t<\/a>\n\t\t\t\t\t\t\t\t<\/div>\n\t\t\t\t<\/div>\n\t\t<div class=\"elementor-element elementor-element-7ebbe32 e-con-full e-flex e-con e-child\" data-id=\"7ebbe32\" data-element_type=\"container\" data-e-type=\"container\" data-settings=\"{&quot;background_background&quot;:&quot;classic&quot;}\">\n\t\t\t\t<div class=\"elementor-element elementor-element-b56477a elementor-widget elementor-widget-image\" data-id=\"b56477a\" data-element_type=\"widget\" data-e-type=\"widget\" data-widget_type=\"image.default\">\n\t\t\t\t\t\t\t\t\t\t\t\t\t\t\t<img decoding=\"async\" width=\"800\" height=\"800\" src=\"https:\/\/stockify24.pl\/wp-content\/uploads\/2026\/03\/Generated-Image-March-30-2026-4_56PM-1.jpg\" class=\"attachment-large size-large wp-image-51091\" alt=\"palety elektroniki hurtowe Amazon Returns Europa Anglia\" srcset=\"https:\/\/stockify24.pl\/wp-content\/uploads\/2026\/03\/Generated-Image-March-30-2026-4_56PM-1.jpg 1024w, https:\/\/stockify24.pl\/wp-content\/uploads\/2026\/03\/Generated-Image-March-30-2026-4_56PM-1-300x300.jpg 300w, https:\/\/stockify24.pl\/wp-content\/uploads\/2026\/03\/Generated-Image-March-30-2026-4_56PM-1-150x150.jpg 150w, https:\/\/stockify24.pl\/wp-content\/uploads\/2026\/03\/Generated-Image-March-30-2026-4_56PM-1-768x768.jpg 768w, https:\/\/stockify24.pl\/wp-content\/uploads\/2026\/03\/Generated-Image-March-30-2026-4_56PM-1-12x12.jpg 12w, https:\/\/stockify24.pl\/wp-content\/uploads\/2026\/03\/Generated-Image-March-30-2026-4_56PM-1-400x400.jpg 400w, https:\/\/stockify24.pl\/wp-content\/uploads\/2026\/03\/Generated-Image-March-30-2026-4_56PM-1-50x50.jpg 50w, https:\/\/stockify24.pl\/wp-content\/uploads\/2026\/03\/Generated-Image-March-30-2026-4_56PM-1-100x100.jpg 100w, https:\/\/stockify24.pl\/wp-content\/uploads\/2026\/03\/Generated-Image-March-30-2026-4_56PM-1-64x64.jpg 64w\" sizes=\"(max-width: 800px) 100vw, 800px\" \/>\t\t\t\t\t\t\t\t\t\t\t\t\t\t\t<\/div>\n\t\t\t\t<\/div>\n\t\t\t\t\t<\/div>\n\t\t\t\t<\/div>\n\t\t\t\t<\/div>\n\t\t\t\t<\/div>","protected":false},"excerpt":{"rendered":"<p>O nas \u2013 Stockify, ekspert w sprzeda\u017cy palet Kim jeste\u015bmy? Hurtowe palety z Europy \u2013 Stockify Stockify to dostawca palet hurtowych z Europy, UK specjalizuj\u0105cy si\u0119 w sprzeda\u017cy palet zwrot\u00f3w konsumenckich (Amazon Returns) oraz nadwy\u017cek magazynowych. Oferujemy gotowe zestawy produkt\u00f3w przeznaczone do dalszej odsprzeda\u017cy w e-commerce, na marketplace oraz w sprzeda\u017cy detalicznej. W naszej ofercie [&hellip;]<\/p>\n","protected":false},"author":1,"featured_media":0,"parent":0,"menu_order":0,"comment_status":"closed","ping_status":"closed","template":"","meta":{"_acf_changed":false,"footnotes":""},"class_list":["post-175","page","type-page","status-publish","hentry"],"acf":[],"_links":{"self":[{"href":"https:\/\/stockify24.pl\/de\/wp-json\/wp\/v2\/pages\/175","targetHints":{"allow":["GET"]}}],"collection":[{"href":"https:\/\/stockify24.pl\/de\/wp-json\/wp\/v2\/pages"}],"about":[{"href":"https:\/\/stockify24.pl\/de\/wp-json\/wp\/v2\/types\/page"}],"author":[{"embeddable":true,"href":"https:\/\/stockify24.pl\/de\/wp-json\/wp\/v2\/users\/1"}],"replies":[{"embeddable":true,"href":"https:\/\/stockify24.pl\/de\/wp-json\/wp\/v2\/comments?post=175"}],"version-history":[{"count":8,"href":"https:\/\/stockify24.pl\/de\/wp-json\/wp\/v2\/pages\/175\/revisions"}],"predecessor-version":[{"id":51098,"href":"https:\/\/stockify24.pl\/de\/wp-json\/wp\/v2\/pages\/175\/revisions\/51098"}],"wp:attachment":[{"href":"https:\/\/stockify24.pl\/de\/wp-json\/wp\/v2\/media?parent=175"}],"curies":[{"name":"wp","href":"https:\/\/api.w.org\/{rel}","templated":true}]}}