{"id":177,"date":"2025-03-06T02:21:06","date_gmt":"2025-03-06T02:21:06","guid":{"rendered":"https:\/\/stockify24.pl\/?page_id=177"},"modified":"2026-03-19T11:23:14","modified_gmt":"2026-03-19T10:23:14","slug":"regulamin","status":"publish","type":"page","link":"https:\/\/stockify24.pl\/de\/regulamin\/","title":{"rendered":"Verordnungen"},"content":{"rendered":"<div data-elementor-type=\"wp-page\" data-elementor-id=\"177\" class=\"elementor elementor-177\" data-elementor-post-type=\"page\">\n\t\t\t\t<div class=\"elementor-element elementor-element-3b1f206 e-con-full e-flex e-con e-child\" data-id=\"3b1f206\" data-element_type=\"container\" data-e-type=\"container\">\n\t\t<div class=\"elementor-element elementor-element-c297d1d e-con-full e-flex e-con e-child\" data-id=\"c297d1d\" data-element_type=\"container\" data-e-type=\"container\" data-settings=\"{&quot;background_background&quot;:&quot;gradient&quot;,&quot;animation&quot;:&quot;none&quot;,&quot;shape_divider_bottom&quot;:&quot;arrow&quot;}\">\n\t\t\t\t<div class=\"elementor-shape elementor-shape-bottom\" aria-hidden=\"true\" data-negative=\"false\">\n\t\t\t<svg xmlns=\"http:\/\/www.w3.org\/2000\/svg\" viewbox=\"0 0 700 10\" preserveaspectratio=\"none\">\n\t<path class=\"elementor-shape-fill\" d=\"M350,10L340,0h20L350,10z\"\/>\n<\/svg>\t\t<\/div>\n\t\t<div class=\"elementor-element elementor-element-8bbab4e e-flex e-con-boxed e-con e-child\" data-id=\"8bbab4e\" data-element_type=\"container\" data-e-type=\"container\">\n\t\t\t\t\t<div class=\"e-con-inner\">\n\t\t<div class=\"elementor-element elementor-element-ec6fbf4 e-con-full breadcrumbs-list-page e-flex e-con e-child\" data-id=\"ec6fbf4\" data-element_type=\"container\" data-e-type=\"container\">\n\t\t\t\t<div class=\"elementor-element elementor-element-f2c3d72 elementor-widget elementor-widget-shortcode\" data-id=\"f2c3d72\" data-element_type=\"widget\" data-e-type=\"widget\" data-widget_type=\"shortcode.default\">\n\t\t\t\t\t\t\t<div class=\"elementor-shortcode\"><nav aria-label=\"Semmelbr\u00f6sel\" class=\"rank-math-breadcrumb\"><p><span class=\"last\">Homepage<\/span><\/p><\/nav><\/div>\n\t\t\t\t\t\t<\/div>\n\t\t\t\t<\/div>\n\t\t\t\t<div class=\"elementor-element elementor-element-64088ef heading-title-2 elementor-widget elementor-widget-heading\" data-id=\"64088ef\" data-element_type=\"widget\" data-e-type=\"widget\" data-widget_type=\"heading.default\">\n\t\t\t\t\t<h1 class=\"elementor-heading-title elementor-size-default\">Verordnungen<\/h1>\t\t\t\t<\/div>\n\t\t\t\t\t<\/div>\n\t\t\t\t<\/div>\n\t\t\t\t<\/div>\n\t\t\t\t<\/div>\n\t\t<div class=\"elementor-element elementor-element-a960931 e-flex e-con-boxed e-con e-parent\" data-id=\"a960931\" data-element_type=\"container\" data-e-type=\"container\" data-settings=\"{&quot;background_background&quot;:&quot;classic&quot;,&quot;animation&quot;:&quot;none&quot;}\">\n\t\t\t\t\t<div class=\"e-con-inner\">\n\t\t\t\t<div class=\"elementor-element elementor-element-22ecc02 elementor-widget elementor-widget-text-editor\" data-id=\"22ecc02\" data-element_type=\"widget\" data-e-type=\"widget\" data-widget_type=\"text-editor.default\">\n\t\t\t\t\t\t\t\t\t<h2><b>\u00a7 I. BEGRIFFSBESTIMMUNGEN<\/b><\/h2><ol start=\"1\"><li><p class=\"p1\"><span class=\"s1\"><b>Formular<\/b><\/span> - das auf der Stockify24-Website zur Verf\u00fcgung gestellte elektronische Bestellformular f\u00fcr die Erteilung von Auftr\u00e4gen.<\/p><\/li><li><p class=\"p1\"><span class=\"s1\"><b>Unternehmer<\/b><\/span> - eine nat\u00fcrliche Person, eine juristische Person oder eine organisatorische Einheit ohne Rechtspers\u00f6nlichkeit, die rechtsf\u00e4hig ist und eine wirtschaftliche oder berufliche T\u00e4tigkeit, einschlie\u00dflich einer nicht registrierten T\u00e4tigkeit, gem\u00e4\u00df gesonderten Vorschriften aus\u00fcbt.<\/p><\/li><li><p class=\"p1\"><span class=\"s1\"><b>Verbraucher<\/b><\/span> - eine nat\u00fcrliche Person, die einen Auftrag zu Zwecken erteilt, die nicht unmittelbar mit ihrer gewerblichen oder beruflichen T\u00e4tigkeit zusammenh\u00e4ngen.<\/p><\/li><li><p class=\"p1\"><span class=\"s1\"><b>Handelswaren<\/b><\/span> - alle auf der Stockify24-Website vorgestellten Produkte.<\/p><\/li><li><p class=\"p1\"><span class=\"s1\"><b>Waren der Klasse A<\/b><\/span> - Neu und funktionst\u00fcchtig, verpackt in der unbesch\u00e4digten oder nur leicht besch\u00e4digten Originalverpackung.<\/p><\/li><li><p class=\"p1\"><span class=\"s1\"><b>Waren der Klasse B<\/b><\/span> - gebrauchte und funktionsf\u00e4hige Waren, die sich in besch\u00e4digter Verpackung, Originalverpackung oder Ersatzverpackung befinden k\u00f6nnen.<\/p><\/li><li><p class=\"p1\"><span class=\"s1\"><b>Waren der Klasse C<\/b><\/span> - Waren, die m\u00f6glicherweise besch\u00e4digt oder fehlerhaft sind und in einem Zustand verkauft werden, der deutlich als besch\u00e4digt gekennzeichnet ist.<\/p><\/li><li><p class=\"p1\"><span class=\"s1\"><b>Dienst<\/b><\/span> - strukturierte Internetplattform unter https:\/\/stockify24.pl, die die Aufgabe von Bestellungen, die Nutzung von Informations- und Kommunikationsdiensten und anderen vom Verk\u00e4ufer zur Verf\u00fcgung gestellten Funktionalit\u00e4ten erm\u00f6glicht.<\/p><\/li><li><p class=\"p1\"><span class=\"s1\"><b>Kaufvertrag<\/b><\/span> - Fernabsatzvertrag zwischen dem Verk\u00e4ufer und dem K\u00e4ufer\/Verbraucher im Sinne des B\u00fcrgerlichen Gesetzbuches und des Gesetzes \u00fcber Verbraucherrechte.<\/p><\/li><li><p class=\"p1\"><span class=\"s1\"><b>Benutzer<\/b><\/span> - jede Person, die den Stockify24-Service nutzt, unabh\u00e4ngig vom Zweck der Nutzung, einschlie\u00dflich Verbrauchern und Unternehmern.<\/p><\/li><li><p class=\"p1\"><span class=\"s1\"><b>Arbeitgeber<\/b><\/span> - nat\u00fcrliche Person, juristische Person oder organisatorische Einheit, die eine Bestellung auf der Website aufgibt, wobei es sich um einen Verbraucher oder Unternehmer handeln kann.<\/p><\/li><li><p class=\"p1\"><span class=\"s1\"><b>Bestellung<\/b><\/span> - eine Willenserkl\u00e4rung des K\u00e4ufers zum Abschluss eines Kaufvertrags, in der Art und Menge der Waren, die Zahlungsweise und die Lieferung angegeben sind.<\/p><\/li><\/ol><h2><b>\u00a7 II. ALLGEMEINE BESTIMMUNGEN<\/b><\/h2><ol start=\"1\"><li><p class=\"p1\">Der Administrator der Website und Inhaber des Stockify24-Shops ist:<\/p><p class=\"p2\"><b>One Dollar sp. z o.o.<\/b>\u00a0mit eingetragenem Sitz in: Szcz\u0119sna 26, 02-454 Warschau, eingetragen im Unternehmerregister des Landesgerichtsregisters unter der KRS-Nummer: 0000919651, NIP: 9-512-525-762 REGON: 389-870-478<\/p><\/li><li><p class=\"p1\">Die vorliegende Verordnung regelt die Nutzung der Website, die Erteilung von Auftr\u00e4gen und die Erbringung von Dienstleistungen auf elektronischem Wege gem\u00e4\u00df dem Gesetz vom 18. Juli 2002 \u00fcber die Erbringung von Dienstleistungen auf elektronischem Wege und dem Gesetz vom 30. Mai 2014 \u00fcber Verbraucherrechte.<\/p><\/li><li><p class=\"p1\">Die Nutzung des Dienstes setzt die Zustimmung zu den Allgemeinen Gesch\u00e4ftsbedingungen voraus. Jeder Nutzer sollte die Allgemeinen Gesch\u00e4ftsbedingungen lesen und best\u00e4tigen, dass er sie akzeptiert, bevor er den Dienst nutzt.<\/p><\/li><li><p class=\"p1\">Die Informationen \u00fcber die Waren, einschlie\u00dflich der Beschreibungen, technischen Parameter, Abbildungen und Preise, stellen eine Aufforderung zum Abschluss eines Kaufvertrags dar.<\/p><\/li><li><p class=\"p1\">Die Preise der Waren sind in polnischen Zloty (PLN) angegeben und enthalten alle anwendbaren Steuern, einschlie\u00dflich Mehrwertsteuer, Z\u00f6lle und andere Abgaben, sofern nicht anders angegeben.<\/p><\/li><\/ol><h2><b>\u00a7 III. ELEKTRONISCHE DIENSTE<\/b><\/h2><ol start=\"1\"><li><p class=\"p1\">Der Verk\u00e4ufer stellt den Nutzern die folgenden Dienste elektronisch zur Verf\u00fcgung:<\/p><p class=\"p1\">(a) Material und Informationen \u00fcber die Waren, Beratung, Artikel und andere Inhalte, die auf der Website zur Verf\u00fcgung gestellt werden, einzusehen;<\/p><p class=\"p1\">(b) Nutzung von Kontakt- und Chat-Formularen, um Fragen zu stellen und Unterst\u00fctzung zu erhalten;<\/p><p class=\"p1\">c) die Bestellung von Waren \u00fcber den Dienst.<\/p><\/li><li><p class=\"p1\">Die Nutzung der unter a) und b) genannten Dienste ist kostenlos. Die Erteilung von Auftr\u00e4gen verpflichtet zur Zahlung gem\u00e4\u00df der gew\u00e4hlten Zahlungsmethode.<\/p><\/li><li><p class=\"p1\">Um die Website nutzen zu k\u00f6nnen, ben\u00f6tigen Sie ein Ger\u00e4t mit Internetzugang und einen Webbrowser.<\/p><\/li><li><p class=\"p1\">Der Verk\u00e4ufer kann technische Unterbrechungen f\u00fcr das Funktionieren der Website einf\u00fchren, haftet aber nicht f\u00fcr daraus resultierende Unannehmlichkeiten.<\/p><\/li><li><p class=\"p1\">Der Verk\u00e4ufer ist nicht verantwortlich f\u00fcr:<\/p><p class=\"p1\">a) die Art und Weise, in der die Nutzer die Website nutzen, und die Folgen solcher Handlungen;<\/p><p class=\"p1\">b) die Richtigkeit, die Relevanz und die Folgen der Nutzung der von der Website abgerufenen Informationen;<\/p><p class=\"p1\">c) Sch\u00e4den, die auf Ursachen zur\u00fcckzuf\u00fchren sind, die au\u00dferhalb der Kontrolle des Verk\u00e4ufers liegen, einschlie\u00dflich h\u00f6herer Gewalt oder Handlungen Dritter;<\/p><p class=\"p1\">d) Bedrohungen aus dem Internet, wie z. B. Hacking, Passwort-Hijacking oder Infizierung von Ger\u00e4ten mit Viren.<\/p><\/li><\/ol><h2><b>\u00a7 IV. ANMELDUNG UND NUTZUNG DES DIENSTES<\/b><\/h2><ol start=\"1\"><li><p class=\"p1\">Voraussetzung f\u00fcr die Nutzung der Website, einschlie\u00dflich der Erteilung von Auftr\u00e4gen, ist die Erstellung eines Benutzerkontos durch Ausf\u00fcllen des Registrierungsformulars und die Annahme der Allgemeinen Gesch\u00e4ftsbedingungen.<\/p><\/li><li><p class=\"p1\">Bei der Registrierung ist der Nutzer verpflichtet, wahrheitsgem\u00e4\u00dfe und aktuelle pers\u00f6nliche Daten anzugeben, die als obligatorisch gekennzeichnet sind.<\/p><\/li><li><p class=\"p1\">Der Nutzer kann sich jederzeit von der Website abmelden, indem er eine Erkl\u00e4rung per E-Mail an biuro.stockify@gmail.com oder per Post an die Postanschrift des Verk\u00e4ufers sendet. Die Abmeldung f\u00fchrt zur L\u00f6schung des Kontos und zum Verlust des Zugangs zu den Funktionen der Website.<\/p><\/li><li><p class=\"p1\">Der Verk\u00e4ufer kann Ihr Konto l\u00f6schen oder Ihren Zugang zur Website im Falle eines Versto\u00dfes gegen die Allgemeinen Gesch\u00e4ftsbedingungen einschr\u00e4nken, einschlie\u00dflich:<\/p><p class=\"p1\">(a) die Angabe falscher oder irref\u00fchrender Daten;<\/p><p class=\"p1\">b) die Pers\u00f6nlichkeitsrechte anderer Nutzer zu verletzen;<\/p><p class=\"p1\">c) Handlungen, die gegen das Gesetz oder gegen die guten Sitten im Internet versto\u00dfen.<\/p><\/li><li><p class=\"p1\">Ein Nutzer, dessen Konto unter den oben beschriebenen Umst\u00e4nden gel\u00f6scht wurde, darf das Konto nicht ohne die Zustimmung des Verk\u00e4ufers erneut registrieren.<\/p><\/li><\/ol><h2><b>\u00a7 V. FERNABSATZ<\/b><\/h2><ol start=\"1\"><li><p class=\"p1\">Um einen Kaufvertrag \u00fcber die Website abzuschlie\u00dfen, muss der Nutzer die Website https:\/\/stockify24.pl besuchen, sich registrieren oder in sein Konto einloggen und dann die gew\u00fcnschten Waren ausw\u00e4hlen. Die Waren werden ausgew\u00e4hlt, indem sie in den Warenkorb gelegt werden, entsprechend den angezeigten Meldungen und den auf der Website verf\u00fcgbaren Informationen.<\/p><\/li><li><p class=\"p1\">Bei der Bestellung hat der Nutzer die M\u00f6glichkeit, die eingegebenen Daten wiederholt zu \u00fcberpr\u00fcfen und zu \u00e4ndern und die Waren auszuw\u00e4hlen, bis er die Schaltfl\u00e4che \u201eBestellen und bezahlen\u201d bet\u00e4tigt. Insbesondere kann der Nutzer die Menge der bestellten Produkte \u00e4ndern, die Warenvariante ausw\u00e4hlen, die Lieferadresse aktualisieren und die bevorzugte Zahlungs- und Liefermethode w\u00e4hlen.<\/p><\/li><li><p class=\"p1\">Mit der Aufgabe einer Bestellung erkl\u00e4rt der Nutzer, dass alle von ihm angegebenen Daten wahrheitsgem\u00e4\u00df und korrekt sind. Im Falle von Verbrauchern m\u00fcssen die Daten mit den Ausweispapieren \u00fcbereinstimmen, im Falle von Unternehmern mit den Registrierungsunterlagen oder den Unternehmensdaten. Die Person, die das Bestellformular ausf\u00fcllt, ist in vollem Umfang f\u00fcr die Richtigkeit der angegebenen Daten verantwortlich.<\/p><\/li><li><p class=\"p1\">Sobald alle erforderlichen Daten eingegeben und die Waren in den Warenkorb gelegt worden sind, zeigt der Dienst eine Zusammenfassung der Bestellung an, die folgende Angaben enth\u00e4lt:<\/p><p class=\"p1\">a) eine detaillierte Beschreibung des Auftragsgegenstandes, einschlie\u00dflich der Bezeichnung der Waren, der Mengen, der Varianten und der Qualit\u00e4ten;<\/p><p class=\"p1\">(b) den Einzel- und Gesamtpreis der bestellten Waren, zusammen mit den Lieferkosten und etwaigen zus\u00e4tzlichen Kosten, einschlie\u00dflich Steuern;<\/p><p class=\"p1\">(c) die gew\u00e4hlte Zahlungsmethode und die Zahlungsbedingungen;<\/p><p class=\"p1\">d) die gew\u00e4hlte Art der Zustellung;<\/p><p class=\"p1\">(e) voraussichtliche Lieferzeit;<\/p><p class=\"p1\">f) etwaige Bemerkungen oder zus\u00e4tzliche Informationen \u00fcber die Ausf\u00fchrung des Auftrags.<\/p><\/li><li><p class=\"p1\">Um eine Bestellung abzuschicken, muss der Nutzer:<\/p><p class=\"p1\">a) den Inhalt dieser Allgemeinen Gesch\u00e4ftsbedingungen akzeptieren;<\/p><p class=\"p1\">b) die Richtigkeit der angegebenen pers\u00f6nlichen Daten und der Lieferadresse zu best\u00e4tigen;<\/p><p class=\"p1\">c) Dr\u00fccken Sie die Schaltfl\u00e4che \u201eBestellen und bezahlen\u201d.<\/p><\/li><li><p class=\"p1\">Die Aufgabe einer Bestellung auf der Website bedeutet die Abgabe einer Willenserkl\u00e4rung zum Abschluss eines Kaufvertrags mit dem Verk\u00e4ufer zu den in den Bestimmungen festgelegten Bedingungen. In dem Moment, in dem die Bestellung aufgegeben wird, entsteht die Verpflichtung, die Waren gem\u00e4\u00df der gew\u00e4hlten Zahlungsmethode zu bezahlen.<\/p><\/li><li><p class=\"p1\">Sobald die Bestellung aufgegeben wurde, erh\u00e4lt der Nutzer eine E-Mail mit folgenden Informationen:<\/p><p class=\"p1\">a) Best\u00e4tigung der Annahme der Bestellung;<\/p><p class=\"p1\">(b) Einzelheiten der Bestellung, einschlie\u00dflich einer Liste der Waren, der Preise, der Art und der Kosten der Lieferung, der gew\u00e4hlten Zahlungsart und des voraussichtlichen Liefertermins;<\/p><p class=\"p1\">c) bedingte Best\u00e4tigung des Eingangs der Bestellung, vorbehaltlich des Zahlungseingangs beim Verk\u00e4ufer.<\/p><\/li><li><p class=\"p1\">Geht die Zahlung nicht innerhalb von 30 Arbeitstagen ab dem Datum der Bestellung beim Verk\u00e4ufer ein, so gilt die Bestellung als vom Nutzer zur\u00fcckgezogen. Der Verk\u00e4ufer informiert den Nutzer per E-Mail an die bei der Bestellung angegebene E-Mail-Adresse \u00fcber diesen R\u00fccktritt.<\/p><\/li><li><p class=\"p1\">Der Verk\u00e4ufer haftet nicht f\u00fcr Fehler, die der Nutzer bei der Aufgabe der Bestellung macht, insbesondere nicht f\u00fcr Fehler bei der Angabe der Lieferadresse, der Kontaktnummer oder anderer f\u00fcr die Ausf\u00fchrung der Bestellung notwendiger Daten.<\/p><\/li><li><p class=\"p1\">Sobald die oben beschriebenen Voraussetzungen erf\u00fcllt sind, versendet der Verk\u00e4ufer die Waren an die im Bestellformular angegebene Adresse und f\u00fcgt Anweisungen f\u00fcr die Verwendung der Waren sowie ein Dokument zur Best\u00e4tigung des Verkaufs (Quittung oder Mehrwertsteuerrechnung) bei.<\/p><\/li><li><p class=\"p1\">Der Verk\u00e4ufer kann die Bearbeitung einer Bestellung in den folgenden F\u00e4llen ablehnen:<\/p><p class=\"p1\">a) die vom Nutzer angegebenen Daten unvollst\u00e4ndig, unrichtig oder unwahr sind;<\/p><p class=\"p1\">b) Die Bestellung wurde aufgrund eines unbefugten Eingriffs in das IT-System des Dienstes aufgegeben;<\/p><p class=\"p1\">c) Die Bestellung wird nicht bezahlt, obwohl der Nutzer erkl\u00e4rt hat, dass die Zahlung bei Lieferung erfolgen wird.<\/p><\/li><li><p class=\"p1\">Bis zum Versand der Ware hat der Nutzer das Recht, die Bestellung durch eine entsprechende Erkl\u00e4rung an die E-Mail-Adresse biuro.stockify@gmail.com zu widerrufen. Die R\u00fccknahme der Bestellung hebt die Zahlungsverpflichtung auf, wenn die Zahlung noch nicht erfolgt ist.<\/p><\/li><\/ol><h2><b>\u00a7 VI. SUPPLY<\/b><\/h2><ol start=\"1\"><li><p class=\"p1\">Die Waren k\u00f6nnen auf dem Gebiet Polens und im Ausland an die vom Besteller bei der Bestellung angegebene Adresse geliefert werden.<\/p><\/li><li><p class=\"p1\">Die Lieferung erfolgt per Kurierdienst (DPD, DHL, InPost oder ein anderer auf der Website angegebener Kurierdienst), und die genauen Kosten werden in der Zusammenfassung der Bestellung angezeigt.<\/p><\/li><li><p class=\"p1\">Die Lieferfrist betr\u00e4gt bis zu 14 Werktage ab dem Zeitpunkt der Gutschrift der Zahlung, es sei denn, in der Beschreibung der Ware ist eine andere Frist angegeben.<\/p><\/li><li><p class=\"p1\">Der Verk\u00e4ufer ist nicht verantwortlich f\u00fcr Versp\u00e4tungen aus Gr\u00fcnden, die au\u00dferhalb seiner Kontrolle liegen.<\/p><\/li><li><p class=\"p1\">Auf der Website gekaufte Waren k\u00f6nnen nur in den gesetzlich vorgesehenen F\u00e4llen oder wie in \u00a7 VII beschrieben zur\u00fcckgegeben oder reklamiert werden.<\/p><\/li><\/ol><h2><b>\u00a7 VII. BEANSTANDUNGEN UND R\u00dcCKTRITT VOM VERTRAG<\/b><\/h2><ol start=\"1\"><li><p class=\"p1\">Beschwerden \u00fcber den Betrieb des Dienstes k\u00f6nnen per E-Mail an biuro.stockify@gmail.com oder per Brief an die Adresse des Administrators gerichtet werden.<\/p><\/li><li><p class=\"p1\">Bitte geben Sie in Ihrer Bewerbung Ihre Daten an: Name, Anschrift und E-Mail-Adresse.<\/p><\/li><li><p class=\"p1\">Au\u00dferdem ist es notwendig, das Problem, auf das sich die Beschwerde bezieht, genau zu beschreiben.<\/p><\/li><li><p class=\"p1\">Der Verwalter pr\u00fcft die Beschwerde innerhalb von 14 Tagen nach ihrem Eingang.<\/p><\/li><li><p class=\"p1\">In manchen F\u00e4llen wird der Nutzer um zus\u00e4tzliche Informationen oder Erl\u00e4uterungen gebeten.<\/p><\/li><li><p class=\"p1\">Eine Antwort auf die Beschwerde wird an die vom Nutzer angegebene Adresse gesandt.<\/p><\/li><li><p class=\"p1\">Der Verwalter haftet nicht f\u00fcr die Folgen einer unsachgem\u00e4\u00dfen Verwendung der gekauften Ware und das Angebot richtet sich nicht an Verbraucher, so dass es keine M\u00f6glichkeit gibt, innerhalb von 14 Tagen vom Vertrag zur\u00fcckzutreten.<\/p><\/li><li><p class=\"p1\">Gem\u00e4\u00df Artikel 558 \u00a7 1 des B\u00fcrgerlichen Gesetzbuches schlie\u00dft der Verwalter die Rechte des K\u00e4ufers aus der Gew\u00e4hrleistung f\u00fcr M\u00e4ngel der Ware aus.<\/p><\/li><\/ol><h2><b>\u00a7 VIII. SCHLUSSBESTIMMUNGEN<\/b><\/h2><ol start=\"1\"><li><p class=\"p1\">Der Verk\u00e4ufer beh\u00e4lt sich das Recht vor, die Allgemeinen Gesch\u00e4ftsbedingungen jederzeit zu \u00e4ndern, und die Nutzung der Website nach den \u00c4nderungen gilt als Zustimmung zu den \u00c4nderungen.<\/p><\/li><li><p class=\"p1\">Die Verordnungen im PDF-Format stehen zum Download bereit unter: https:\/\/stockify24.pl.<\/p><\/li><li><p class=\"p1\">F\u00fcr Angelegenheiten, die in diesen Bedingungen nicht geregelt sind, gelten die Bestimmungen des B\u00fcrgerlichen Gesetzbuches und des Gesetzes \u00fcber die Rechte der Verbraucher sowie andere anwendbare Gesetze.<\/p><\/li><\/ol>\t\t\t\t\t\t\t\t<\/div>\n\t\t\t\t\t<\/div>\n\t\t\t\t<\/div>\n\t\t\t\t<\/div>","protected":false},"excerpt":{"rendered":"<p>\u00a7 I. DEFINICJE Formularz \u2013 elektroniczny formularz zam\u00f3wienia udost\u0119pniony w Serwisie Stockify24, s\u0142u\u017c\u0105cy do sk\u0142adania Zam\u00f3wie\u0144. Przedsi\u0119biorca \u2013 osoba fizyczna, osoba prawna lub jednostka organizacyjna nieposiadaj\u0105ca osobowo\u015bci prawnej, posiadaj\u0105ca zdolno\u015b\u0107 prawn\u0105 i wykonuj\u0105ca dzia\u0142alno\u015b\u0107 gospodarcz\u0105 lub zawodow\u0105, w tym dzia\u0142alno\u015b\u0107 nierejestrowan\u0105, zgodnie z odr\u0119bnymi przepisami. Konsument \u2013 osoba fizyczna dokonuj\u0105ca Zam\u00f3wienia w celach niezwi\u0105zanych bezpo\u015brednio [&hellip;]<\/p>\n","protected":false},"author":1,"featured_media":0,"parent":0,"menu_order":0,"comment_status":"closed","ping_status":"closed","template":"","meta":{"_acf_changed":false,"footnotes":""},"class_list":["post-177","page","type-page","status-publish","hentry"],"acf":[],"_links":{"self":[{"href":"https:\/\/stockify24.pl\/de\/wp-json\/wp\/v2\/pages\/177","targetHints":{"allow":["GET"]}}],"collection":[{"href":"https:\/\/stockify24.pl\/de\/wp-json\/wp\/v2\/pages"}],"about":[{"href":"https:\/\/stockify24.pl\/de\/wp-json\/wp\/v2\/types\/page"}],"author":[{"embeddable":true,"href":"https:\/\/stockify24.pl\/de\/wp-json\/wp\/v2\/users\/1"}],"replies":[{"embeddable":true,"href":"https:\/\/stockify24.pl\/de\/wp-json\/wp\/v2\/comments?post=177"}],"version-history":[{"count":9,"href":"https:\/\/stockify24.pl\/de\/wp-json\/wp\/v2\/pages\/177\/revisions"}],"predecessor-version":[{"id":50327,"href":"https:\/\/stockify24.pl\/de\/wp-json\/wp\/v2\/pages\/177\/revisions\/50327"}],"wp:attachment":[{"href":"https:\/\/stockify24.pl\/de\/wp-json\/wp\/v2\/media?parent=177"}],"curies":[{"name":"wp","href":"https:\/\/api.w.org\/{rel}","templated":true}]}}