{"id":178,"date":"2025-03-06T02:21:36","date_gmt":"2025-03-06T02:21:36","guid":{"rendered":"https:\/\/stockify24.pl\/?page_id=178"},"modified":"2026-03-19T11:23:17","modified_gmt":"2026-03-19T10:23:17","slug":"zwroty-i-reklamacje","status":"publish","type":"page","link":"https:\/\/stockify24.pl\/de\/zwroty-i-reklamacje\/","title":{"rendered":"R\u00fccksendungen und Beschwerden"},"content":{"rendered":"<div data-elementor-type=\"wp-page\" data-elementor-id=\"178\" class=\"elementor elementor-178\" data-elementor-post-type=\"page\">\n\t\t\t\t<div class=\"elementor-element elementor-element-c77cb2d e-con-full e-flex e-con e-child\" data-id=\"c77cb2d\" data-element_type=\"container\" data-e-type=\"container\">\n\t\t<div class=\"elementor-element elementor-element-19d851f e-con-full e-flex e-con e-child\" data-id=\"19d851f\" data-element_type=\"container\" data-e-type=\"container\" data-settings=\"{&quot;background_background&quot;:&quot;gradient&quot;,&quot;animation&quot;:&quot;none&quot;,&quot;shape_divider_bottom&quot;:&quot;arrow&quot;}\">\n\t\t\t\t<div class=\"elementor-shape elementor-shape-bottom\" aria-hidden=\"true\" data-negative=\"false\">\n\t\t\t<svg xmlns=\"http:\/\/www.w3.org\/2000\/svg\" viewbox=\"0 0 700 10\" preserveaspectratio=\"none\">\n\t<path class=\"elementor-shape-fill\" d=\"M350,10L340,0h20L350,10z\"\/>\n<\/svg>\t\t<\/div>\n\t\t<div class=\"elementor-element elementor-element-8a01c6a e-flex e-con-boxed e-con e-child\" data-id=\"8a01c6a\" data-element_type=\"container\" data-e-type=\"container\">\n\t\t\t\t\t<div class=\"e-con-inner\">\n\t\t<div class=\"elementor-element elementor-element-d4b0788 e-con-full breadcrumbs-list-page e-flex e-con e-child\" data-id=\"d4b0788\" data-element_type=\"container\" data-e-type=\"container\">\n\t\t\t\t<div class=\"elementor-element elementor-element-5b1b200 elementor-widget elementor-widget-shortcode\" data-id=\"5b1b200\" data-element_type=\"widget\" data-e-type=\"widget\" data-widget_type=\"shortcode.default\">\n\t\t\t\t\t\t\t<div class=\"elementor-shortcode\"><nav aria-label=\"Semmelbr\u00f6sel\" class=\"rank-math-breadcrumb\"><p><span class=\"last\">Homepage<\/span><\/p><\/nav><\/div>\n\t\t\t\t\t\t<\/div>\n\t\t\t\t<\/div>\n\t\t\t\t<div class=\"elementor-element elementor-element-59cf3da heading-title-2 elementor-widget elementor-widget-heading\" data-id=\"59cf3da\" data-element_type=\"widget\" data-e-type=\"widget\" data-widget_type=\"heading.default\">\n\t\t\t\t\t<h1 class=\"elementor-heading-title elementor-size-default\">R\u00fccksendungen und Beschwerden<\/h1>\t\t\t\t<\/div>\n\t\t\t\t\t<\/div>\n\t\t\t\t<\/div>\n\t\t\t\t<\/div>\n\t\t\t\t<\/div>\n\t\t<div class=\"elementor-element elementor-element-dbcf4b3 e-flex e-con-boxed e-con e-parent\" data-id=\"dbcf4b3\" data-element_type=\"container\" data-e-type=\"container\" data-settings=\"{&quot;background_background&quot;:&quot;classic&quot;,&quot;animation&quot;:&quot;none&quot;}\">\n\t\t\t\t\t<div class=\"e-con-inner\">\n\t\t\t\t<div class=\"elementor-element elementor-element-adbd6ed elementor-widget elementor-widget-text-editor\" data-id=\"adbd6ed\" data-element_type=\"widget\" data-e-type=\"widget\" data-widget_type=\"text-editor.default\">\n\t\t\t\t\t\t\t\t\t<p class=\"p1\">Beschwerden \u00fcber das Funktionieren der Website oder gekaufte Waren k\u00f6nnen per E-Mail an folgende Adresse gerichtet werden: <span class=\"s1\"><b>biuro.stockify@gmail.com<\/b><\/span> oder schriftlich an die Adresse des Verwalters.<\/p><p class=\"p1\">Die Beschwerde sollte die Daten der beschwerdef\u00fchrenden Person (Vorname, Nachname, Anschrift, E-Mail-Adresse) sowie eine ausf\u00fchrliche Beschreibung des Problems und des Grundes f\u00fcr die Beschwerde enthalten. Um die Angelegenheit effizient pr\u00fcfen zu k\u00f6nnen, kann der Administrator zus\u00e4tzliche Informationen oder Erkl\u00e4rungen anfordern.<\/p><p class=\"p1\">Reklamationen werden innerhalb von 14 Tagen nach Eingang bearbeitet. Der Nutzer wird \u00fcber die von ihm angegebene Kontaktadresse \u00fcber das Ergebnis der Beschwerde informiert.<\/p><p class=\"p1\">Der Verwalter haftet nicht f\u00fcr die Folgen einer unsachgem\u00e4\u00dfen Verwendung der Waren.<\/p><p class=\"p1\">Gleichzeitig m\u00f6chten wir Sie darauf hinweisen, dass K\u00e4ufe \u00fcber die Website nicht f\u00fcr Verbraucher bestimmt sind und der K\u00e4ufer daher nicht berechtigt ist, den Vertrag innerhalb von 14 Tagen zu widerrufen.<\/p><p class=\"p1\">Gem\u00e4\u00df Artikel 558 \u00a7 1 des B\u00fcrgerlichen Gesetzbuches ist die Haftung des Verwalters aus der Gew\u00e4hrleistung f\u00fcr M\u00e4ngel an der Ware ausgeschlossen.<\/p>\t\t\t\t\t\t\t\t<\/div>\n\t\t\t\t\t<\/div>\n\t\t\t\t<\/div>\n\t\t\t\t<\/div>","protected":false},"excerpt":{"rendered":"<p>Reklamacje zwi\u0105zane z funkcjonowaniem Serwisu lub zakupionymi towarami mo\u017cna sk\u0142ada\u0107 drog\u0105 mailow\u0105 na adres: biuro.stockify@gmail.com lub pisemnie na adres Administratora. Zg\u0142oszenie reklamacyjne powinno zawiera\u0107 dane osoby sk\u0142adaj\u0105cej reklamacj\u0119 (imi\u0119, nazwisko, adres, adres e-mail) oraz dok\u0142adny opis problemu i przyczyny reklamacji. W celu sprawnego rozpatrzenia sprawy Administrator mo\u017ce poprosi\u0107 o dodatkowe informacje lub wyja\u015bnienia. Reklamacje rozpatrywane [&hellip;]<\/p>\n","protected":false},"author":1,"featured_media":0,"parent":0,"menu_order":0,"comment_status":"closed","ping_status":"closed","template":"","meta":{"_acf_changed":false,"footnotes":""},"class_list":["post-178","page","type-page","status-publish","hentry"],"acf":[],"_links":{"self":[{"href":"https:\/\/stockify24.pl\/de\/wp-json\/wp\/v2\/pages\/178","targetHints":{"allow":["GET"]}}],"collection":[{"href":"https:\/\/stockify24.pl\/de\/wp-json\/wp\/v2\/pages"}],"about":[{"href":"https:\/\/stockify24.pl\/de\/wp-json\/wp\/v2\/types\/page"}],"author":[{"embeddable":true,"href":"https:\/\/stockify24.pl\/de\/wp-json\/wp\/v2\/users\/1"}],"replies":[{"embeddable":true,"href":"https:\/\/stockify24.pl\/de\/wp-json\/wp\/v2\/comments?post=178"}],"version-history":[{"count":6,"href":"https:\/\/stockify24.pl\/de\/wp-json\/wp\/v2\/pages\/178\/revisions"}],"predecessor-version":[{"id":50330,"href":"https:\/\/stockify24.pl\/de\/wp-json\/wp\/v2\/pages\/178\/revisions\/50330"}],"wp:attachment":[{"href":"https:\/\/stockify24.pl\/de\/wp-json\/wp\/v2\/media?parent=178"}],"curies":[{"name":"wp","href":"https:\/\/api.w.org\/{rel}","templated":true}]}}