{"id":50111,"date":"2026-03-17T17:25:59","date_gmt":"2026-03-17T16:25:59","guid":{"rendered":"https:\/\/stockify24.pl\/?post_type=product&#038;p=50111"},"modified":"2026-03-30T10:12:44","modified_gmt":"2026-03-30T09:12:44","slug":"mix-elektroniki-z-europy-eu-a-b-130kg","status":"publish","type":"product","link":"https:\/\/stockify24.pl\/de\/produkt\/mix-elektroniki-z-europy-eu-a-b-130kg\/","title":{"rendered":"Gemischte Elektronik aus Europa (EU) |A-B| 130kg"},"content":{"rendered":"<h1 data-section-id=\"6lp84z\" data-start=\"405\" data-end=\"464\">\ud83d\udce6 Gemischte Elektronik aus EU Europa - Palette A-B, H\u00f6he 1M<\/h1>\n<p data-start=\"466\" data-end=\"610\"><strong data-start=\"466\" data-end=\"497\">Mix elektroniki EU<\/strong> to rozwi\u0105zanie dla sprzeda\u017cy hurtowej, e-commerce oraz os\u00f3b buduj\u0105cych ofert\u0119 w segmencie elektroniki u\u017cytkowej.<\/p>\n<p data-start=\"612\" data-end=\"894\">Jedna paleta zawiera zestaw produkt\u00f3w elektronicznych i akcesori\u00f3w, kt\u00f3re utrzymuj\u0105 sta\u0142e zainteresowanie klient\u00f3w i nadaj\u0105 si\u0119 do dalszej odsprzeda\u017cy. Dzi\u0119ki temu <strong data-start=\"776\" data-end=\"807\">Mix aus Elektronik aus EU-Europa<\/strong> kann als Warenquelle f\u00fcr den Online- und station\u00e4ren Verkauf genutzt werden.<\/p>\n<p data-start=\"3313\" data-end=\"3555\">Jede <strong data-start=\"3319\" data-end=\"3350\">mix EU<\/strong> wird nach dem Zufallsprinzip gepackt, daher kann der Inhalt einer Palette von den gezeigten Bildern abweichen. Die Unterschiede sind auf die Rotation der Waren und die Art der Lieferungen zur\u00fcckzuf\u00fchren, zu denen auch R\u00fccksendungen von Verbrauchern und \u00dcberbest\u00e4nde geh\u00f6ren.<\/p>\n<p data-start=\"3557\" data-end=\"3632\">Der Versand erfolgt nach dem Zufallsprinzip - jede Palette ist eine einzigartige Zusammenstellung von Produkten.<\/p>\n<h2 data-section-id=\"1jv14ab\" data-start=\"901\" data-end=\"953\">\ud83d\udd0c Paleta elektroniki z Europy EU \u2013 zawarto\u015b\u0107 palety<\/h2>\n<p data-start=\"955\" data-end=\"1109\"><strong data-start=\"955\" data-end=\"986\">Mix aus Elektronik aus EU-Europa<\/strong> umfasst Produkte aus den Kategorien Unterhaltungselektronik und mobiles Zubeh\u00f6r. Die Palette kann unter anderem enthalten:<\/p>\n<ul data-start=\"1111\" data-end=\"1359\">\n<li data-section-id=\"admbw2\" data-start=\"1111\" data-end=\"1138\">\n<p data-start=\"1113\" data-end=\"1138\">drahtlose Kopfh\u00f6rer<\/p>\n<\/li>\n<li data-section-id=\"1bohi34\" data-start=\"1139\" data-end=\"1168\">\n<p data-start=\"1141\" data-end=\"1168\">Ladeger\u00e4te und Powerbanks<\/p>\n<\/li>\n<li data-section-id=\"2cko63\" data-start=\"1169\" data-end=\"1186\">\n<p data-start=\"1171\" data-end=\"1186\">GSM-Zubeh\u00f6r<\/p>\n<\/li>\n<li data-section-id=\"r5wtn7\" data-start=\"1187\" data-end=\"1217\">\n<p data-start=\"1189\" data-end=\"1217\">Smart-Home-Ger\u00e4te<\/p>\n<\/li>\n<li data-section-id=\"1mvb28j\" data-start=\"1218\" data-end=\"1285\">\n<p data-start=\"1220\" data-end=\"1285\">kleine Haushaltsger\u00e4te (z. B. Haartrockner, Massageger\u00e4te und andere Ger\u00e4te)<\/p>\n<\/li>\n<li data-section-id=\"31a3fm\" data-start=\"1286\" data-end=\"1327\">\n<p data-start=\"1288\" data-end=\"1327\">Steuerger\u00e4te und elektronische Spielereien<\/p>\n<\/li>\n<li data-section-id=\"4egyp1\" data-start=\"1328\" data-end=\"1359\">\n<p data-start=\"1330\" data-end=\"1359\">andere elektronische Produkte<\/p>\n<\/li>\n<\/ul>\n<p data-start=\"1361\" data-end=\"1475\">\ud83d\udcca Der Anteil der Elektronik liegt bei ca. <strong data-start=\"1396\" data-end=\"1424\">70-80% Paletteninhalt<\/strong>, was eine Konzentration auf das Elektroniksegment bedeutet.<\/p>\n<h2 data-section-id=\"1htc5ot\" data-start=\"1482\" data-end=\"1532\">\ud83c\udd70\ufe0f\ud83c\udd71\ufe0f Jako\u015b\u0107 \u2013 mix elektroniki z Europy EU A\u2013B<\/h2>\n<p data-start=\"1534\" data-end=\"1633\">Angeboten von <strong data-start=\"1544\" data-end=\"1575\">mix elektroniki <\/strong>umfasst Produkte der Qualit\u00e4tskategorie <strong data-start=\"1613\" data-end=\"1620\">A-B<\/strong>, was bedeutet:<\/p>\n<ul data-start=\"1635\" data-end=\"1804\">\n<li data-section-id=\"v9mic9\" data-start=\"1635\" data-end=\"1691\">\n<p data-start=\"1637\" data-end=\"1691\">den Vorteil, dass die Produkte neu oder in sehr gutem Zustand sind<\/p>\n<\/li>\n<li data-section-id=\"1l5huug\" data-start=\"1692\" data-end=\"1732\">\n<p data-start=\"1694\" data-end=\"1732\">leichte Gebrauchsspuren m\u00f6glich<\/p>\n<\/li>\n<li data-section-id=\"1en3z4q\" data-start=\"1733\" data-end=\"1804\">\n<p data-start=\"1735\" data-end=\"1804\">erlaubte, aber nicht garantierte Beimischung der Klasse C (bis zu etwa 5-7%)<\/p>\n<\/li>\n<\/ul>\n<p data-start=\"1806\" data-end=\"1913\">Durch diese Qualit\u00e4tsstruktur wird ein angemessenes Verh\u00e4ltnis zwischen Kaufpreis und potenziellem Verkaufswert gewahrt.<\/p>\n<h2 data-section-id=\"hfboyg\" data-start=\"1920\" data-end=\"1976\">\ud83d\udcd0 Technische Daten<\/h2>\n<ul data-start=\"1978\" data-end=\"2123\">\n<li data-section-id=\"rckeqa\" data-start=\"1978\" data-end=\"2009\">\n<p data-start=\"1980\" data-end=\"2009\">Palettenh\u00f6he: <strong data-start=\"1997\" data-end=\"2007\">1 Meter<\/strong><\/p>\n<\/li>\n<li data-section-id=\"13ckbdh\" data-start=\"2010\" data-end=\"2042\">\n<p data-start=\"2012\" data-end=\"2042\">Nettogewicht:<strong data-start=\"2024\" data-end=\"2040\"> 130 kg<\/strong><\/p>\n<\/li>\n<li data-section-id=\"oz499p\" data-start=\"2043\" data-end=\"2079\">\n<p data-start=\"2045\" data-end=\"2079\">zuf\u00e4lliges und vielf\u00e4ltiges Sortiment<\/p>\n<\/li>\n<li data-section-id=\"15fvv3b\" data-start=\"2080\" data-end=\"2123\">\n<p data-start=\"2082\" data-end=\"2123\">jede Palette hat eine individuelle Zusammensetzung<\/p>\n<\/li>\n<\/ul>\n<p data-start=\"2125\" data-end=\"2239\"><strong data-start=\"2125\" data-end=\"2156\">Mix elektroniki <\/strong>hat keine feste Produktliste - der Inhalt h\u00e4ngt von der aktuellen Liefercharge ab.<\/p>\n<p data-start=\"2125\" data-end=\"2239\">Alle Amazon Palettenmodelle finden Sie hier <a href=\"https:\/\/stockify24.pl\/de\/sklep\/\"><strong>hier<\/strong>.<\/a><\/p>\n<h2 data-section-id=\"adde93\" data-start=\"2246\" data-end=\"2301\">\ud83d\udcbc Dlaczego warto wybra\u0107 mix elektroniki<\/h2>\n<p data-start=\"2303\" data-end=\"2371\">Der Kauf eines Produkts wie <strong data-start=\"2329\" data-end=\"2360\">paleta elektroniki<\/strong>\u00a0erm\u00f6glicht:<\/p>\n<ul data-start=\"2373\" data-end=\"2661\">\n<li data-section-id=\"d6n9ym\" data-start=\"2373\" data-end=\"2421\">\n<p data-start=\"2375\" data-end=\"2421\">Zugang zu Waren zu einem niedrigeren Preis als dem Marktpreis<\/p>\n<\/li>\n<li data-section-id=\"13qq7xx\" data-start=\"2422\" data-end=\"2476\">\n<p data-start=\"2424\" data-end=\"2476\">ein breites Sortiment in einer einzigen Lieferung zu erhalten<\/p>\n<\/li>\n<li data-section-id=\"v2np6n\" data-start=\"2477\" data-end=\"2544\">\n<p data-start=\"2479\" data-end=\"2544\">Erh\u00f6hung des Umsatzpotenzials durch Produktvielfalt<\/p>\n<\/li>\n<li data-section-id=\"22aq9j\" data-start=\"2545\" data-end=\"2609\">\n<p data-start=\"2547\" data-end=\"2609\">Pr\u00fcfung verschiedener Kategorien ohne gro\u00dfen finanziellen Aufwand<\/p>\n<\/li>\n<li data-section-id=\"ssfc0t\" data-start=\"2610\" data-end=\"2661\">\n<p data-start=\"2612\" data-end=\"2661\">Entwicklung der Verk\u00e4ufe in Online- und Offline-Kan\u00e4len<\/p>\n<\/li>\n<\/ul>\n<p data-start=\"2663\" data-end=\"2843\">Die Paletten stammen aus R\u00fccksendungen und \u00dcberschussbest\u00e4nden. Jede <strong data-start=\"2738\" data-end=\"2769\">mix<\/strong>\u00a0umfasst eine einzigartige Reihe von Produkten, die auf verschiedene Vertriebsmodelle zugeschnitten sind.<\/p>\n<h2 data-section-id=\"1nzb8um\" data-start=\"2048\" data-end=\"2088\">\ud83d\udcbc Zastosowanie w e-commerce i handlu<\/h2>\n<p data-start=\"2090\" data-end=\"2179\">Paleta elektroniki Amazon sprawdza si\u0119 w modelach sprzeda\u017cy opartych na ilo\u015bci i rotacji:<\/p>\n<ul data-start=\"2181\" data-end=\"2344\">\n<li data-section-id=\"1c1wa51\" data-start=\"2181\" data-end=\"2224\">sprzeda\u017c na <a href=\"https:\/\/allegro.pl\/\" target=\"_blank\" rel=\"noopener\">Allegro<\/a>, <a href=\"https:\/\/www.olx.pl\/\" target=\"_blank\" rel=\"noopener\">OLX<\/a>, <a href=\"https:\/\/www.ebay.com\/\" target=\"_blank\" rel=\"noopener\">eBay<\/a>, <a href=\"https:\/\/www.amazon.com\/\" target=\"_blank\" rel=\"noopener\">Amazon<\/a><\/li>\n<li data-section-id=\"1fmpn86\" data-start=\"2225\" data-end=\"2247\">Webshops<\/li>\n<li data-section-id=\"gynsj7\" data-start=\"2248\" data-end=\"2281\">sprzeda\u017c detaliczna i hurtowa<\/li>\n<li data-section-id=\"161gjv4\" data-start=\"2282\" data-end=\"2320\">rozw\u00f3j w\u0142asnego magazynu produkt\u00f3w<\/li>\n<li data-section-id=\"1fuo8gv\" data-start=\"2321\" data-end=\"2344\">rozszerzenie oferty<\/li>\n<\/ul>\n<p data-start=\"2346\" data-end=\"2462\">To rozwi\u0105zanie pozwala zwi\u0119kszy\u0107 liczb\u0119 produkt\u00f3w i poprawi\u0107 wyniki sprzeda\u017cy bez zwi\u0119kszania koszt\u00f3w jednostkowych.<\/p>\n<h2 data-section-id=\"8u5ilv\" data-start=\"2850\" data-end=\"2893\">\ud83d\ude9a Lieferung<\/h2>\n<ul data-start=\"2895\" data-end=\"2966\">\n<li data-section-id=\"1io1mk2\" data-start=\"2895\" data-end=\"2934\">\n<p data-start=\"2897\" data-end=\"2934\">schneller Versand ab Lager in Europa<\/p>\n<\/li>\n<li data-section-id=\"1w7s4ii\" data-start=\"2935\" data-end=\"2966\">\n<p data-start=\"2937\" data-end=\"2966\">effiziente Auftragsabwicklung<\/p>\n<\/li>\n<\/ul>\n<h2 data-section-id=\"opmkg3\" data-start=\"2973\" data-end=\"2999\">\u2139\ufe0f Zus\u00e4tzliche Informationen<\/h2>\n<p data-start=\"3001\" data-end=\"3102\">Die Waren werden nicht einzeln gepr\u00fcft.<br data-start=\"3037\" data-end=\"3040\" \/>M\u00f6glicherweise geringf\u00fcgige Beimischung (bis zu etwa 5-7%) von Produkten der Klasse C.<\/p>\n<h2 data-section-id=\"b7pmy1\" data-start=\"3109\" data-end=\"3171\">\ud83d\udcf8 Przyk\u0142adowe zdj\u0119cia palety \u2013 mix elektroniki z Europy EU<\/h2>\n<p data-start=\"3173\" data-end=\"3311\">Die Beispielfotos der Palette dienen nur zur Veranschaulichung und zeigen die tats\u00e4chliche Art und Struktur der Produkte in der Lieferung.<\/p>\n<p data-start=\"3313\" data-end=\"3555\">Jede <strong data-start=\"3319\" data-end=\"3350\">mix<\/strong>\u00a0wird nach dem Zufallsprinzip gepackt, daher kann der Inhalt einer Palette von den gezeigten Bildern abweichen. Die Unterschiede sind auf die Rotation der Waren und die Art der Lieferungen zur\u00fcckzuf\u00fchren, zu denen auch R\u00fccksendungen von Verbrauchern und \u00dcberbest\u00e4nde geh\u00f6ren.<\/p>\n<p data-start=\"3557\" data-end=\"3632\">Der Versand erfolgt nach dem Zufallsprinzip - jede Palette ist eine einzigartige Zusammenstellung von Produkten.<\/p>","protected":false},"excerpt":{"rendered":"<p class=\"p1\">\u26a1 Oko\u0142o 70\u201380% elektroniki<\/p>\n<p class=\"p1\">\ud83c\uddea\ud83c\uddfa EU<\/p>\n<p class=\"p1\">\ud83d\udd25 Amazon Returns<\/p>\n<p class=\"p1\" style=\"text-align: left;\">\u2714\ufe0f Jako\u015b\u0107 A\u2013B<\/p>","protected":false},"featured_media":50112,"comment_status":"open","ping_status":"closed","template":"","meta":{"_acf_changed":false},"product_brand":[],"product_cat":[1258,1273,1284],"product_tag":[1274],"class_list":{"0":"post-50111","1":"product","2":"type-product","3":"status-publish","4":"has-post-thumbnail","6":"product_cat-amazon-paleta","7":"product_cat-mix-elektroniki-eu-amazon-returns-ab","8":"product_cat-palety-dnia","9":"product_tag-paleta-mix-elektroniki-z-europy","11":"first","12":"instock","13":"sold-individually","14":"taxable","15":"shipping-taxable","16":"purchasable","17":"product-type-simple"},"acf":[],"_links":{"self":[{"href":"https:\/\/stockify24.pl\/de\/wp-json\/wp\/v2\/product\/50111","targetHints":{"allow":["GET"]}}],"collection":[{"href":"https:\/\/stockify24.pl\/de\/wp-json\/wp\/v2\/product"}],"about":[{"href":"https:\/\/stockify24.pl\/de\/wp-json\/wp\/v2\/types\/product"}],"replies":[{"embeddable":true,"href":"https:\/\/stockify24.pl\/de\/wp-json\/wp\/v2\/comments?post=50111"}],"wp:featuredmedia":[{"embeddable":true,"href":"https:\/\/stockify24.pl\/de\/wp-json\/wp\/v2\/media\/50112"}],"wp:attachment":[{"href":"https:\/\/stockify24.pl\/de\/wp-json\/wp\/v2\/media?parent=50111"}],"wp:term":[{"taxonomy":"product_brand","embeddable":true,"href":"https:\/\/stockify24.pl\/de\/wp-json\/wp\/v2\/product_brand?post=50111"},{"taxonomy":"product_cat","embeddable":true,"href":"https:\/\/stockify24.pl\/de\/wp-json\/wp\/v2\/product_cat?post=50111"},{"taxonomy":"product_tag","embeddable":true,"href":"https:\/\/stockify24.pl\/de\/wp-json\/wp\/v2\/product_tag?post=50111"}],"curies":[{"name":"wp","href":"https:\/\/api.w.org\/{rel}","templated":true}]}}