{"id":50167,"date":"2026-03-18T11:23:04","date_gmt":"2026-03-18T10:23:04","guid":{"rendered":"https:\/\/stockify24.pl\/?post_type=product&#038;p=50167"},"modified":"2026-04-03T14:23:13","modified_gmt":"2026-04-03T13:23:13","slug":"mix-elektroniki-z-europy-eu-80a-b140kg","status":"publish","type":"product","link":"https:\/\/stockify24.pl\/de\/produkt\/mix-elektroniki-z-europy-eu-80a-b140kg\/","title":{"rendered":"Gemischte Elektronik aus Europa (EU) |A-B| 140kg"},"content":{"rendered":"<h1 data-section-id=\"6lp84z\" data-start=\"228\" data-end=\"287\">\ud83d\udce6 Gemischte Elektronik aus EU Europa - Palette A-B, H\u00f6he 1M<\/h1>\n<p data-start=\"289\" data-end=\"438\"><strong data-start=\"289\" data-end=\"320\">Mix aus Elektronik aus EU-Europa<\/strong> ist eine praktische L\u00f6sung f\u00fcr Gro\u00dfhandel, E-Commerce und Angebotsgestaltung im Bereich der Unterhaltungselektronik.<\/p>\n<p data-start=\"440\" data-end=\"708\">Eine einzelne Palette umfasst eine Reihe von elektronischen Produkten und Zubeh\u00f6r, die eine stabile Nachfrage haben und wiederverkauft werden k\u00f6nnen. <strong data-start=\"590\" data-end=\"621\">Mix elektroniki<\/strong>\u00a0kann als Warenquelle f\u00fcr den Online- und station\u00e4ren Verkauf genutzt werden.<\/p>\n<p data-start=\"710\" data-end=\"942\">Jede <strong data-start=\"716\" data-end=\"747\">EU-Elektronik-Mix<\/strong> wird nach dem Zufallsprinzip verpackt, daher kann der Inhalt einer Palette von den gezeigten Bildern abweichen. Dies ist auf die Rotation der Ware und die Art der Lieferungen, einschlie\u00dflich der R\u00fccksendungen von Verbrauchern und \u00dcberschussbest\u00e4nden, zur\u00fcckzuf\u00fchren.<\/p>\n<p data-start=\"944\" data-end=\"1019\">Der Versand erfolgt nach dem Zufallsprinzip - jede Palette ist eine einzigartige Zusammenstellung von Produkten.<\/p>\n<h2 data-section-id=\"1jv14ab\" data-start=\"1026\" data-end=\"1078\">\ud83d\udd0c Mix aus Elektronik aus Europa - Paletteninhalt<\/h2>\n<p data-start=\"1080\" data-end=\"1211\"><strong data-start=\"1080\" data-end=\"1111\">Mix aus Elektronik aus EU-Europa<\/strong> umfasst Produkte aus den Kategorien Unterhaltungselektronik und mobiles Zubeh\u00f6r, einschlie\u00dflich, aber nicht beschr\u00e4nkt auf:<\/p>\n<ul data-start=\"1213\" data-end=\"1467\">\n<li data-section-id=\"admbw2\" data-start=\"1213\" data-end=\"1240\">\n<p data-start=\"1215\" data-end=\"1240\">drahtlose Kopfh\u00f6rer<\/p>\n<\/li>\n<li data-section-id=\"18hl43c\" data-start=\"1241\" data-end=\"1279\">\n<p data-start=\"1243\" data-end=\"1279\">Netzladeger\u00e4te und Powerbanks<\/p>\n<\/li>\n<li data-section-id=\"2cko63\" data-start=\"1280\" data-end=\"1297\">\n<p data-start=\"1282\" data-end=\"1297\">GSM-Zubeh\u00f6r<\/p>\n<\/li>\n<li data-section-id=\"r5wtn7\" data-start=\"1298\" data-end=\"1328\">\n<p data-start=\"1300\" data-end=\"1328\">Smart-Home-Ger\u00e4te<\/p>\n<\/li>\n<li data-section-id=\"1ap55p8\" data-start=\"1329\" data-end=\"1393\">\n<p data-start=\"1331\" data-end=\"1393\">kleine Haushaltsger\u00e4te (z. B. Haartrockner, Massageger\u00e4te und andere Ger\u00e4te)<\/p>\n<\/li>\n<li data-section-id=\"31a3fm\" data-start=\"1394\" data-end=\"1435\">\n<p data-start=\"1396\" data-end=\"1435\">Steuerger\u00e4te und elektronische Spielereien<\/p>\n<\/li>\n<li data-section-id=\"4egyp1\" data-start=\"1436\" data-end=\"1467\">\n<p data-start=\"1438\" data-end=\"1467\">andere elektronische Produkte<\/p>\n<\/li>\n<\/ul>\n<p data-start=\"1469\" data-end=\"1593\">\ud83d\udcca Der Anteil der Elektronik liegt bei ca. <strong data-start=\"1504\" data-end=\"1532\">70-80% Paletteninhalt<\/strong>, was bedeutet, dass der Schwerpunkt auf dem Segment der Unterhaltungselektronik liegt.<\/p>\n<h2 data-section-id=\"5o645p\" data-start=\"1600\" data-end=\"1650\">\ud83c\udd70\ufe0f\ud83c\udd71\ufe0f Mix aus Elektronik aus Europa - A-B Qualit\u00e4t<\/h2>\n<p data-start=\"1652\" data-end=\"1741\"><strong data-start=\"1652\" data-end=\"1687\">Mix aus Elektronik aus Europa EU A-B<\/strong> umfasst Produkte in unterschiedlichem Zustand:<\/p>\n<ul data-start=\"1743\" data-end=\"1933\">\n<li data-section-id=\"1elyuiv\" data-start=\"1743\" data-end=\"1809\">\n<p data-start=\"1745\" data-end=\"1809\">\u00dcberwiegender Anteil an Produkten, die neu oder in sehr gutem optischen Zustand sind<\/p>\n<\/li>\n<li data-section-id=\"1l5huug\" data-start=\"1810\" data-end=\"1850\">\n<p data-start=\"1812\" data-end=\"1850\">leichte Gebrauchsspuren m\u00f6glich<\/p>\n<\/li>\n<li data-section-id=\"1njuyt9\" data-start=\"1851\" data-end=\"1933\">\n<p data-start=\"1853\" data-end=\"1933\">Erlaubte, aber nicht garantierte Beimischung von Produkten der Klasse C (bis zu etwa 5-7%)<\/p>\n<\/li>\n<\/ul>\n<p data-start=\"1935\" data-end=\"2038\">Diese Qualit\u00e4tsstruktur sorgt f\u00fcr ein optimales Verh\u00e4ltnis zwischen Kaufpreis und Wiederverkaufspotenzial.<\/p>\n<h2 data-section-id=\"hfboyg\" data-start=\"2045\" data-end=\"2101\">\ud83d\udcd0 Technische Daten - EU-Elektronikmix<\/h2>\n<ul data-start=\"2103\" data-end=\"2232\">\n<li data-section-id=\"rckeqa\" data-start=\"2103\" data-end=\"2134\">\n<p data-start=\"2105\" data-end=\"2134\">Palettenh\u00f6he: <strong data-start=\"2122\" data-end=\"2132\">1 Meter<\/strong><\/p>\n<\/li>\n<li data-section-id=\"jqq3z3\" data-start=\"2135\" data-end=\"2161\">\n<p data-start=\"2137\" data-end=\"2161\">Nettogewicht: <strong data-start=\"2149\" data-end=\"2159\">140 kg<\/strong><\/p>\n<\/li>\n<li data-section-id=\"a4rjmf\" data-start=\"2162\" data-end=\"2199\">\n<p data-start=\"2164\" data-end=\"2199\">Sortiment: zuf\u00e4llig und vielf\u00e4ltig<\/p>\n<\/li>\n<li data-section-id=\"ohjx4g\" data-start=\"2200\" data-end=\"2232\">\n<p data-start=\"2202\" data-end=\"2232\">jede Palette: einzigartige Zusammensetzung<\/p>\n<\/li>\n<\/ul>\n<p data-start=\"2234\" data-end=\"2348\"><strong data-start=\"2234\" data-end=\"2265\">Mix aus Elektronik aus EU-Europa<\/strong> hat keine feste Produktliste - der Inhalt h\u00e4ngt von der aktuellen Liefercharge ab.<\/p>\n<h2 data-section-id=\"art7kc\" data-start=\"2355\" data-end=\"2405\">\ud83d\udcbc Ein Elektronikmix aus der EU - warum es sich lohnt<\/h2>\n<p data-start=\"2407\" data-end=\"2475\">Der Kauf eines Produkts wie <strong data-start=\"2433\" data-end=\"2464\">Mix aus Elektronik aus EU-Europa<\/strong> erm\u00f6glicht:<\/p>\n<ul data-start=\"2477\" data-end=\"2751\">\n<li data-section-id=\"d6n9ym\" data-start=\"2477\" data-end=\"2525\">\n<p data-start=\"2479\" data-end=\"2525\">Zugang zu Waren zu einem niedrigeren Preis als dem Marktpreis<\/p>\n<\/li>\n<li data-section-id=\"13qq7xx\" data-start=\"2526\" data-end=\"2580\">\n<p data-start=\"2528\" data-end=\"2580\">ein breites Sortiment in einer einzigen Lieferung zu erhalten<\/p>\n<\/li>\n<li data-section-id=\"v2np6n\" data-start=\"2581\" data-end=\"2648\">\n<p data-start=\"2583\" data-end=\"2648\">Erh\u00f6hung des Umsatzpotenzials durch Produktvielfalt<\/p>\n<\/li>\n<li data-section-id=\"22aq9j\" data-start=\"2649\" data-end=\"2713\">\n<p data-start=\"2651\" data-end=\"2713\">Pr\u00fcfung verschiedener Kategorien ohne gro\u00dfen finanziellen Aufwand<\/p>\n<\/li>\n<li data-section-id=\"lqu1wo\" data-start=\"2714\" data-end=\"2751\">\n<p data-start=\"2716\" data-end=\"2751\">Entwicklung des Online- und Offline-Verkaufs<\/p>\n<\/li>\n<\/ul>\n<p data-start=\"2753\" data-end=\"2904\">Die Paletten stammen aus R\u00fccksendungen und \u00dcberschussbest\u00e4nden, so dass jede Palette <strong data-start=\"2841\" data-end=\"2872\">Mix aus Elektronik aus EU-Europa<\/strong> bietet eine einzigartige Quelle f\u00fcr Waren.<\/p>\n<h2 data-section-id=\"1nzb8um\" data-start=\"2048\" data-end=\"2088\">\ud83d\udcbc Zastosowanie w e-commerce i handlu<\/h2>\n<p data-start=\"2090\" data-end=\"2179\">Paleta elektroniki Amazon sprawdza si\u0119 w modelach sprzeda\u017cy opartych na ilo\u015bci i rotacji:<\/p>\n<ul data-start=\"2181\" data-end=\"2344\">\n<li data-section-id=\"1c1wa51\" data-start=\"2181\" data-end=\"2224\">sprzeda\u017c na <a href=\"https:\/\/allegro.pl\/\" target=\"_blank\" rel=\"noopener\">Allegro<\/a>, <a href=\"https:\/\/www.olx.pl\/\" target=\"_blank\" rel=\"noopener\">OLX<\/a>, <a href=\"https:\/\/www.ebay.com\/\" target=\"_blank\" rel=\"noopener\">eBay<\/a>, <a href=\"https:\/\/www.amazon.com\/\" target=\"_blank\" rel=\"noopener\">Amazon<\/a><\/li>\n<li data-section-id=\"1fmpn86\" data-start=\"2225\" data-end=\"2247\">Webshops<\/li>\n<li data-section-id=\"gynsj7\" data-start=\"2248\" data-end=\"2281\">sprzeda\u017c detaliczna i hurtowa<\/li>\n<li data-section-id=\"161gjv4\" data-start=\"2282\" data-end=\"2320\">rozw\u00f3j w\u0142asnego magazynu produkt\u00f3w<\/li>\n<li data-section-id=\"1fuo8gv\" data-start=\"2321\" data-end=\"2344\">rozszerzenie oferty<\/li>\n<\/ul>\n<p data-start=\"2346\" data-end=\"2462\">To rozwi\u0105zanie pozwala zwi\u0119kszy\u0107 liczb\u0119 produkt\u00f3w i poprawi\u0107 wyniki sprzeda\u017cy bez zwi\u0119kszania koszt\u00f3w jednostkowych.<\/p>\n<h2 data-section-id=\"8u5ilv\" data-start=\"2911\" data-end=\"2954\">\ud83d\ude9a Lieferung - Mix aus Elektronik aus Europa EU<\/h2>\n<ul data-start=\"2956\" data-end=\"3027\">\n<li data-section-id=\"1io1mk2\" data-start=\"2956\" data-end=\"2995\">\n<p data-start=\"2958\" data-end=\"2995\">schneller Versand ab Lager in Europa<\/p>\n<\/li>\n<li data-section-id=\"1w7s4ii\" data-start=\"2996\" data-end=\"3027\">\n<p data-start=\"2998\" data-end=\"3027\">effiziente Auftragsabwicklung<\/p>\n<\/li>\n<\/ul>\n<h2 data-section-id=\"opmkg3\" data-start=\"3034\" data-end=\"3060\">\u2139\ufe0f Zus\u00e4tzliche Informationen<\/h2>\n<p data-start=\"3062\" data-end=\"3163\">Die Waren werden nicht einzeln gepr\u00fcft.<br data-start=\"3098\" data-end=\"3101\" \/>M\u00f6glicherweise geringf\u00fcgige Beimischung (bis zu etwa 5-7%) von Produkten der Klasse C.<\/p>\n<h2 data-section-id=\"1r63ysc\" data-start=\"3170\" data-end=\"3225\">\ud83d\udcf8 Beispielfotos - Mix aus Elektronik aus EU-Europa<\/h2>\n<p data-start=\"3227\" data-end=\"3321\">Die Beispielfotos der Palette dienen der Veranschaulichung und zeigen einen typischen Querschnitt der Produkte.<\/p>\n<p data-start=\"3323\" data-end=\"3449\">Jede <strong data-start=\"3329\" data-end=\"3360\">Mix aus Elektronik aus Europa<\/strong>\u00a0wird nach dem Zufallsprinzip verpackt, daher kann der Inhalt der Palette von den gezeigten Bildern abweichen.<\/p>\n<p data-start=\"3451\" data-end=\"3526\">Der Versand erfolgt nach dem Zufallsprinzip - jede Palette ist eine einzigartige Zusammenstellung von Produkten.<\/p>\n<p data-start=\"3451\" data-end=\"3526\">Alle Amazon Palettenmodelle finden Sie hier <a href=\"https:\/\/stockify24.pl\/de\/sklep\/\"><strong>hier<\/strong>.<\/a><\/p>","protected":false},"excerpt":{"rendered":"<p class=\"p1\">\u26a1 Oko\u0142o 70\u201380% elektroniki<\/p>\n<p class=\"p1\">\ud83c\uddea\ud83c\uddfa EU<\/p>\n<p class=\"p1\">\ud83d\udd25 Amazon Returns<\/p>\n<p class=\"p1\" style=\"text-align: left;\">\u2714\ufe0f Jako\u015b\u0107 A\u2013B<\/p>","protected":false},"featured_media":50121,"comment_status":"open","ping_status":"closed","template":"","meta":{"_acf_changed":false},"product_brand":[],"product_cat":[1258,1273,1284],"product_tag":[1274],"class_list":{"0":"post-50167","1":"product","2":"type-product","3":"status-publish","4":"has-post-thumbnail","6":"product_cat-amazon-paleta","7":"product_cat-mix-elektroniki-eu-amazon-returns-ab","8":"product_cat-palety-dnia","9":"product_tag-paleta-mix-elektroniki-z-europy","11":"first","12":"instock","13":"sold-individually","14":"taxable","15":"shipping-taxable","16":"purchasable","17":"product-type-simple"},"acf":[],"_links":{"self":[{"href":"https:\/\/stockify24.pl\/de\/wp-json\/wp\/v2\/product\/50167","targetHints":{"allow":["GET"]}}],"collection":[{"href":"https:\/\/stockify24.pl\/de\/wp-json\/wp\/v2\/product"}],"about":[{"href":"https:\/\/stockify24.pl\/de\/wp-json\/wp\/v2\/types\/product"}],"replies":[{"embeddable":true,"href":"https:\/\/stockify24.pl\/de\/wp-json\/wp\/v2\/comments?post=50167"}],"wp:featuredmedia":[{"embeddable":true,"href":"https:\/\/stockify24.pl\/de\/wp-json\/wp\/v2\/media\/50121"}],"wp:attachment":[{"href":"https:\/\/stockify24.pl\/de\/wp-json\/wp\/v2\/media?parent=50167"}],"wp:term":[{"taxonomy":"product_brand","embeddable":true,"href":"https:\/\/stockify24.pl\/de\/wp-json\/wp\/v2\/product_brand?post=50167"},{"taxonomy":"product_cat","embeddable":true,"href":"https:\/\/stockify24.pl\/de\/wp-json\/wp\/v2\/product_cat?post=50167"},{"taxonomy":"product_tag","embeddable":true,"href":"https:\/\/stockify24.pl\/de\/wp-json\/wp\/v2\/product_tag?post=50167"}],"curies":[{"name":"wp","href":"https:\/\/api.w.org\/{rel}","templated":true}]}}