{"id":50168,"date":"2026-03-18T11:41:47","date_gmt":"2026-03-18T10:41:47","guid":{"rendered":"https:\/\/stockify24.pl\/?post_type=product&#038;p=50168"},"modified":"2026-03-30T10:17:30","modified_gmt":"2026-03-30T09:17:30","slug":"mix-elektroniki-z-europy-eu-80a-b150kg","status":"publish","type":"product","link":"https:\/\/stockify24.pl\/de\/produkt\/mix-elektroniki-z-europy-eu-80a-b150kg\/","title":{"rendered":"Gemischte Elektronik aus Europa (EU) |A-B| 150kg"},"content":{"rendered":"<h2 data-section-id=\"6lp84z\" data-start=\"237\" data-end=\"296\">\ud83d\udce6 Gemischte Elektronik aus EU Europa - Palette A-B, H\u00f6he 1M<\/h2>\n<p data-start=\"298\" data-end=\"449\"><strong data-start=\"298\" data-end=\"329\">Mix aus Elektronik aus EU-Europa<\/strong> ist eine L\u00f6sung f\u00fcr Gro\u00dfhandel, E-Commerce und Angebotsgestaltung im Bereich der Unterhaltungselektronik.<\/p>\n<p data-start=\"451\" data-end=\"727\">Paleta zawiera zestaw produkt\u00f3w elektronicznych i akcesori\u00f3w, kt\u00f3re utrzymuj\u0105 stabilny popyt oraz nadaj\u0105 si\u0119 do dalszej odsprzeda\u017cy. Dzi\u0119ki temu <strong data-start=\"596\" data-end=\"630\">EU-Elektroniksortiment<\/strong> mo\u017ce by\u0107 wykorzystywana jako \u017ar\u00f3d\u0142o towaru zar\u00f3wno w sprzeda\u017cy internetowej, jak i stacjonarnej.<\/p>\n<p data-start=\"729\" data-end=\"959\">Jede <strong data-start=\"735\" data-end=\"757\">EU-Elektronik-Mix<\/strong> pakowany jest losowo, dlatego zawarto\u015b\u0107 palety mo\u017ce r\u00f3\u017cni\u0107 si\u0119 od przedstawionych zdj\u0119\u0107. R\u00f3\u017cnice wynikaj\u0105 z rotacji towaru oraz charakteru dostaw obejmuj\u0105cych zwroty konsumenckie i nadwy\u017cki magazynowe.<\/p>\n<p data-start=\"961\" data-end=\"1036\">Der Versand erfolgt nach dem Zufallsprinzip - jede Palette ist eine einzigartige Zusammenstellung von Produkten.<\/p>\n<h2 data-section-id=\"1jv14ab\" data-start=\"1043\" data-end=\"1095\">\ud83d\udd0c Mix aus EU-Elektronik - Paletteninhalt<\/h2>\n<p data-start=\"1097\" data-end=\"1231\"><strong data-start=\"1097\" data-end=\"1131\">EU-Elektroniksortiment<\/strong> umfasst Produkte aus den Kategorien Unterhaltungselektronik und mobiles Zubeh\u00f6r, einschlie\u00dflich, aber nicht beschr\u00e4nkt auf:<\/p>\n<ul data-start=\"1233\" data-end=\"1487\">\n<li data-section-id=\"admbw2\" data-start=\"1233\" data-end=\"1260\">\n<p data-start=\"1235\" data-end=\"1260\">drahtlose Kopfh\u00f6rer<\/p>\n<\/li>\n<li data-section-id=\"18hl43c\" data-start=\"1261\" data-end=\"1299\">\n<p data-start=\"1263\" data-end=\"1299\">Netzladeger\u00e4te und Powerbanks<\/p>\n<\/li>\n<li data-section-id=\"2cko63\" data-start=\"1300\" data-end=\"1317\">\n<p data-start=\"1302\" data-end=\"1317\">GSM-Zubeh\u00f6r<\/p>\n<\/li>\n<li data-section-id=\"r5wtn7\" data-start=\"1318\" data-end=\"1348\">\n<p data-start=\"1320\" data-end=\"1348\">Smart-Home-Ger\u00e4te<\/p>\n<\/li>\n<li data-section-id=\"1ap55p8\" data-start=\"1349\" data-end=\"1413\">\n<p data-start=\"1351\" data-end=\"1413\">kleine Haushaltsger\u00e4te (z. B. Haartrockner, Massageger\u00e4te und andere Ger\u00e4te)<\/p>\n<\/li>\n<li data-section-id=\"31a3fm\" data-start=\"1414\" data-end=\"1455\">\n<p data-start=\"1416\" data-end=\"1455\">Steuerger\u00e4te und elektronische Spielereien<\/p>\n<\/li>\n<li data-section-id=\"4egyp1\" data-start=\"1456\" data-end=\"1487\">\n<p data-start=\"1458\" data-end=\"1487\">andere elektronische Produkte<\/p>\n<\/li>\n<\/ul>\n<p data-start=\"1489\" data-end=\"1617\">\ud83d\udcca Udzia\u0142 elektroniki wynosi oko\u0142o 70\u201380% zawarto\u015bci palety, co wskazuje na koncentracj\u0119 na segmencie elektroniki u\u017cytkowej.<\/p>\n<h2 data-section-id=\"w929kk\" data-start=\"1624\" data-end=\"1675\">\ud83c\udd70\ufe0f\ud83c\udd71\ufe0f Jako\u015b\u0107 produkt\u00f3w \u2013 mix elektroniki EU A\u2013B<\/h2>\n<p data-start=\"1677\" data-end=\"1766\"><strong data-start=\"1677\" data-end=\"1712\">Mix elektroniki 150 kg A\u2013B<\/strong> umfasst Produkte in unterschiedlichem Zustand:<\/p>\n<ul data-start=\"1768\" data-end=\"1958\">\n<li data-section-id=\"1elyuiv\" data-start=\"1768\" data-end=\"1834\">\n<p data-start=\"1770\" data-end=\"1834\">\u00dcberwiegender Anteil an Produkten, die neu oder in sehr gutem optischen Zustand sind<\/p>\n<\/li>\n<li data-section-id=\"1l5huug\" data-start=\"1835\" data-end=\"1875\">\n<p data-start=\"1837\" data-end=\"1875\">leichte Gebrauchsspuren m\u00f6glich<\/p>\n<\/li>\n<li data-section-id=\"1njuyt9\" data-start=\"1876\" data-end=\"1958\">\n<p data-start=\"1878\" data-end=\"1958\">Erlaubte, aber nicht garantierte Beimischung von Produkten der Klasse C (bis zu etwa 5-7%)<\/p>\n<\/li>\n<\/ul>\n<p data-start=\"1960\" data-end=\"2062\">Taki poziom jako\u015bci umo\u017cliwia zachowanie optymalnego stosunku ceny zakupu do potencja\u0142u sprzeda\u017cowego.<\/p>\n<h2 data-section-id=\"118zx3t\" data-start=\"2069\" data-end=\"2125\">\ud83d\udcd0 Parametry techniczne \u2013 paleta elektroniki z Europy<\/h2>\n<ul data-start=\"2127\" data-end=\"2256\">\n<li data-section-id=\"rckeqa\" data-start=\"2127\" data-end=\"2158\">\n<p data-start=\"2129\" data-end=\"2158\">Palettenh\u00f6he: <strong data-start=\"2146\" data-end=\"2156\">1 Meter<\/strong><\/p>\n<\/li>\n<li data-section-id=\"n26hge\" data-start=\"2159\" data-end=\"2185\">\n<p data-start=\"2161\" data-end=\"2185\">Nettogewicht: <strong data-start=\"2173\" data-end=\"2183\">150 kg<\/strong><\/p>\n<\/li>\n<li data-section-id=\"a4rjmf\" data-start=\"2186\" data-end=\"2223\">\n<p data-start=\"2188\" data-end=\"2223\">Sortiment: zuf\u00e4llig und vielf\u00e4ltig<\/p>\n<\/li>\n<li data-section-id=\"ohjx4g\" data-start=\"2224\" data-end=\"2256\">\n<p data-start=\"2226\" data-end=\"2256\">jede Palette: einzigartige Zusammensetzung<\/p>\n<\/li>\n<\/ul>\n<p data-start=\"2258\" data-end=\"2381\"><strong data-start=\"2258\" data-end=\"2289\">Mix aus Elektronik aus EU-Europa<\/strong> nie posiada sta\u0142ej specyfikacji produktowej \u2014 zawarto\u015b\u0107 zale\u017cy od aktualnej partii dostawy.<\/p>\n<h2 data-section-id=\"adde93\" data-start=\"2388\" data-end=\"2443\">\ud83d\udcbc Dlaczego warto wybra\u0107 mix elektroniki z Europy EU<\/h2>\n<p data-start=\"2445\" data-end=\"2507\">Der Kauf eines Produkts wie <strong>paleta elektroniki A\u2013B<\/strong>\u00a0erm\u00f6glicht:<\/p>\n<ul data-start=\"2509\" data-end=\"2788\">\n<li data-section-id=\"i0zycv\" data-start=\"2509\" data-end=\"2551\">\n<p data-start=\"2511\" data-end=\"2551\">Zugang zu Waren unter dem Marktpreis<\/p>\n<\/li>\n<li data-section-id=\"13qq7xx\" data-start=\"2552\" data-end=\"2606\">\n<p data-start=\"2554\" data-end=\"2606\">ein breites Sortiment in einer einzigen Lieferung zu erhalten<\/p>\n<\/li>\n<li data-section-id=\"v2np6n\" data-start=\"2607\" data-end=\"2674\">\n<p data-start=\"2609\" data-end=\"2674\">Erh\u00f6hung des Umsatzpotenzials durch Produktvielfalt<\/p>\n<\/li>\n<li data-section-id=\"22aq9j\" data-start=\"2675\" data-end=\"2739\">\n<p data-start=\"2677\" data-end=\"2739\">Pr\u00fcfung verschiedener Kategorien ohne gro\u00dfen finanziellen Aufwand<\/p>\n<\/li>\n<li data-section-id=\"krsy5u\" data-start=\"2740\" data-end=\"2788\">\n<p data-start=\"2742\" data-end=\"2788\">Entwicklung der Verk\u00e4ufe in Online- und Offline-Kan\u00e4len<\/p>\n<\/li>\n<\/ul>\n<p data-start=\"2790\" data-end=\"2938\">Die Waren stammen aus R\u00fccksendungen und \u00dcberschussbest\u00e4nden der Verbraucher, so dass jede <strong data-start=\"2872\" data-end=\"2903\">Angebot an Elektronik aus Europa<\/strong> bietet eine einzigartige Quelle f\u00fcr Produkte.<\/p>\n<h2 data-section-id=\"1nzb8um\" data-start=\"2048\" data-end=\"2088\">\ud83d\udcbc Zastosowanie w e-commerce i handlu<\/h2>\n<p data-start=\"2090\" data-end=\"2179\">Paleta elektroniki Amazon sprawdza si\u0119 w modelach sprzeda\u017cy opartych na ilo\u015bci i rotacji:<\/p>\n<ul data-start=\"2181\" data-end=\"2344\">\n<li data-section-id=\"1c1wa51\" data-start=\"2181\" data-end=\"2224\">sprzeda\u017c na <a href=\"https:\/\/allegro.pl\/\" target=\"_blank\" rel=\"noopener\">Allegro<\/a>, <a href=\"https:\/\/www.olx.pl\/\" target=\"_blank\" rel=\"noopener\">OLX<\/a>, <a href=\"https:\/\/www.ebay.com\/\" target=\"_blank\" rel=\"noopener\">eBay<\/a>, <a href=\"https:\/\/www.amazon.com\/\" target=\"_blank\" rel=\"noopener\">Amazon<\/a><\/li>\n<li data-section-id=\"1fmpn86\" data-start=\"2225\" data-end=\"2247\">Webshops<\/li>\n<li data-section-id=\"gynsj7\" data-start=\"2248\" data-end=\"2281\">sprzeda\u017c detaliczna i hurtowa<\/li>\n<li data-section-id=\"161gjv4\" data-start=\"2282\" data-end=\"2320\">rozw\u00f3j w\u0142asnego magazynu produkt\u00f3w<\/li>\n<li data-section-id=\"1fuo8gv\" data-start=\"2321\" data-end=\"2344\">rozszerzenie oferty<\/li>\n<\/ul>\n<p data-start=\"2346\" data-end=\"2462\">To rozwi\u0105zanie pozwala zwi\u0119kszy\u0107 liczb\u0119 produkt\u00f3w i poprawi\u0107 wyniki sprzeda\u017cy bez zwi\u0119kszania koszt\u00f3w jednostkowych.<\/p>\n<h2 data-section-id=\"8u5ilv\" data-start=\"2945\" data-end=\"2988\">\ud83d\ude9a Lieferung - Mix aus Elektronik aus Europa EU<\/h2>\n<ul data-start=\"2990\" data-end=\"3061\">\n<li data-section-id=\"1io1mk2\" data-start=\"2990\" data-end=\"3029\">\n<p data-start=\"2992\" data-end=\"3029\">schneller Versand ab Lager in Europa<\/p>\n<\/li>\n<li data-section-id=\"1w7s4ii\" data-start=\"3030\" data-end=\"3061\">\n<p data-start=\"3032\" data-end=\"3061\">effiziente Auftragsabwicklung<\/p>\n<\/li>\n<\/ul>\n<h2 data-section-id=\"opmkg3\" data-start=\"3068\" data-end=\"3094\">\u2139\ufe0f Zus\u00e4tzliche Informationen<\/h2>\n<p data-start=\"3096\" data-end=\"3197\">Die Waren werden nicht einzeln gepr\u00fcft.<br data-start=\"3132\" data-end=\"3135\" \/>M\u00f6glicherweise geringf\u00fcgige Beimischung (bis zu etwa 5-7%) von Produkten der Klasse C.<\/p>\n<h2 data-section-id=\"1r63ysc\" data-start=\"3204\" data-end=\"3259\">\ud83d\udcf8 Beispielfotos - Mix aus Elektronik aus EU-Europa<\/h2>\n<p data-start=\"3261\" data-end=\"3348\">Die Beispielfotos dienen der Veranschaulichung und zeigen einen typischen Querschnitt der Produkte.<\/p>\n<p data-start=\"3350\" data-end=\"3476\">Jede <strong data-start=\"3356\" data-end=\"3387\">Mix aus Elektronik aus EU-Europa<\/strong> wird nach dem Zufallsprinzip verpackt, daher kann der Inhalt der Palette von den gezeigten Bildern abweichen.<\/p>\n<p data-start=\"3478\" data-end=\"3553\">Der Versand erfolgt nach dem Zufallsprinzip - jede Palette ist eine einzigartige Zusammenstellung von Produkten.<\/p>\n<p data-start=\"3478\" data-end=\"3553\">Alle Amazon Palettenmodelle finden Sie hier <a href=\"https:\/\/stockify24.pl\/de\/sklep\/\"><strong>hier<\/strong>.<\/a><\/p>","protected":false},"excerpt":{"rendered":"<p class=\"p1\">\u26a1 Oko\u0142o 70\u201380% elektroniki<\/p>\n<p class=\"p1\">\ud83c\uddea\ud83c\uddfa EU<\/p>\n<p class=\"p1\">\ud83d\udd25 Amazon Returns<\/p>\n<p class=\"p1\" style=\"text-align: left;\">\u2714\ufe0f Jako\u015b\u0107 A\u2013B<\/p>","protected":false},"featured_media":50116,"comment_status":"open","ping_status":"closed","template":"","meta":{"_acf_changed":false},"product_brand":[],"product_cat":[1258,1273,1284],"product_tag":[1274],"class_list":{"0":"post-50168","1":"product","2":"type-product","3":"status-publish","4":"has-post-thumbnail","6":"product_cat-amazon-paleta","7":"product_cat-mix-elektroniki-eu-amazon-returns-ab","8":"product_cat-palety-dnia","9":"product_tag-paleta-mix-elektroniki-z-europy","11":"first","12":"instock","13":"sold-individually","14":"taxable","15":"shipping-taxable","16":"purchasable","17":"product-type-simple"},"acf":[],"_links":{"self":[{"href":"https:\/\/stockify24.pl\/de\/wp-json\/wp\/v2\/product\/50168","targetHints":{"allow":["GET"]}}],"collection":[{"href":"https:\/\/stockify24.pl\/de\/wp-json\/wp\/v2\/product"}],"about":[{"href":"https:\/\/stockify24.pl\/de\/wp-json\/wp\/v2\/types\/product"}],"replies":[{"embeddable":true,"href":"https:\/\/stockify24.pl\/de\/wp-json\/wp\/v2\/comments?post=50168"}],"wp:featuredmedia":[{"embeddable":true,"href":"https:\/\/stockify24.pl\/de\/wp-json\/wp\/v2\/media\/50116"}],"wp:attachment":[{"href":"https:\/\/stockify24.pl\/de\/wp-json\/wp\/v2\/media?parent=50168"}],"wp:term":[{"taxonomy":"product_brand","embeddable":true,"href":"https:\/\/stockify24.pl\/de\/wp-json\/wp\/v2\/product_brand?post=50168"},{"taxonomy":"product_cat","embeddable":true,"href":"https:\/\/stockify24.pl\/de\/wp-json\/wp\/v2\/product_cat?post=50168"},{"taxonomy":"product_tag","embeddable":true,"href":"https:\/\/stockify24.pl\/de\/wp-json\/wp\/v2\/product_tag?post=50168"}],"curies":[{"name":"wp","href":"https:\/\/api.w.org\/{rel}","templated":true}]}}