{"id":50169,"date":"2026-03-18T11:50:58","date_gmt":"2026-03-18T10:50:58","guid":{"rendered":"https:\/\/stockify24.pl\/?post_type=product&#038;p=50169"},"modified":"2026-03-30T10:18:57","modified_gmt":"2026-03-30T09:18:57","slug":"mix-elektroniki-z-europy-eu-80a-b160kg","status":"publish","type":"product","link":"https:\/\/stockify24.pl\/de\/produkt\/mix-elektroniki-z-europy-eu-80a-b160kg\/","title":{"rendered":"Gemischte Elektronik aus Europa (EU) |A-B| 160kg"},"content":{"rendered":"<h1 data-section-id=\"l5ax7s\" data-start=\"260\" data-end=\"326\">\ud83d\udce6 Gemischte Elektronik aus Europa EU 160 kg - Palette A-B, H\u00f6he 1M<\/h1>\n<p data-start=\"328\" data-end=\"486\"><strong data-start=\"328\" data-end=\"366\">Gemischte Elektronik aus Europa EU 160 kg<\/strong> ist eine L\u00f6sung f\u00fcr Gro\u00dfhandel, E-Commerce und Angebotsgestaltung im Bereich der Unterhaltungselektronik.<\/p>\n<p data-start=\"488\" data-end=\"772\">Die Palette umfasst eine Reihe von elektronischen Produkten und Zubeh\u00f6r, die sich durch eine stabile Nachfrage und die M\u00f6glichkeit des Wiederverkaufs auszeichnen. Dank dieser <strong data-start=\"644\" data-end=\"685\">Palette mit Elektronik 160 kg aus Europa EU<\/strong> kann als Warenquelle f\u00fcr den Online- und station\u00e4ren Verkauf genutzt werden.<\/p>\n<p data-start=\"774\" data-end=\"1004\">Jede <strong data-start=\"780\" data-end=\"809\">Mix aus Elektronik 160 kg EU<\/strong> wird nach dem Zufallsprinzip verpackt, daher kann der Inhalt einer Palette von den gezeigten Bildern abweichen. Dies ist auf die Rotation der Ware und die Art der Lieferungen, einschlie\u00dflich der R\u00fccksendungen von Verbrauchern und \u00dcberschussbest\u00e4nden, zur\u00fcckzuf\u00fchren.<\/p>\n<p data-start=\"1006\" data-end=\"1081\">Der Versand erfolgt nach dem Zufallsprinzip - jede Palette ist eine einzigartige Zusammenstellung von Produkten.<\/p>\n<h2 data-section-id=\"r7tzgo\" data-start=\"1088\" data-end=\"1147\">\ud83d\udd0c Mix aus EU-Elektronik - Paletteninhalt<\/h2>\n<p data-start=\"1149\" data-end=\"1290\"><strong data-start=\"1149\" data-end=\"1190\">EU-Elektroniksortiment<\/strong>\u00a0umfasst Produkte aus den Kategorien Unterhaltungselektronik und mobiles Zubeh\u00f6r, einschlie\u00dflich, aber nicht beschr\u00e4nkt auf:<\/p>\n<ul data-start=\"1292\" data-end=\"1546\">\n<li data-section-id=\"admbw2\" data-start=\"1292\" data-end=\"1319\">\n<p data-start=\"1294\" data-end=\"1319\">drahtlose Kopfh\u00f6rer<\/p>\n<\/li>\n<li data-section-id=\"18hl43c\" data-start=\"1320\" data-end=\"1358\">\n<p data-start=\"1322\" data-end=\"1358\">Netzladeger\u00e4te und Powerbanks<\/p>\n<\/li>\n<li data-section-id=\"2cko63\" data-start=\"1359\" data-end=\"1376\">\n<p data-start=\"1361\" data-end=\"1376\">GSM-Zubeh\u00f6r<\/p>\n<\/li>\n<li data-section-id=\"r5wtn7\" data-start=\"1377\" data-end=\"1407\">\n<p data-start=\"1379\" data-end=\"1407\">Smart-Home-Ger\u00e4te<\/p>\n<\/li>\n<li data-section-id=\"1ap55p8\" data-start=\"1408\" data-end=\"1472\">\n<p data-start=\"1410\" data-end=\"1472\">kleine Haushaltsger\u00e4te (z. B. Haartrockner, Massageger\u00e4te und andere Ger\u00e4te)<\/p>\n<\/li>\n<li data-section-id=\"31a3fm\" data-start=\"1473\" data-end=\"1514\">\n<p data-start=\"1475\" data-end=\"1514\">Steuerger\u00e4te und elektronische Spielereien<\/p>\n<\/li>\n<li data-section-id=\"4egyp1\" data-start=\"1515\" data-end=\"1546\">\n<p data-start=\"1517\" data-end=\"1546\">andere elektronische Produkte<\/p>\n<\/li>\n<\/ul>\n<p data-start=\"1548\" data-end=\"1676\">\ud83d\udcca Der Anteil der Elektronik liegt bei ca. <strong data-start=\"1583\" data-end=\"1611\">70-80% Paletteninhalt<\/strong>, was auf eine Konzentration auf das Segment der Unterhaltungselektronik hindeutet.<\/p>\n<h2 data-section-id=\"174uos8\" data-start=\"1683\" data-end=\"1728\">\ud83c\udd70\ufe0f\ud83c\udd71\ufe0f Qualit\u00e4t - Mischelektronik 160 kg A-B<\/h2>\n<p data-start=\"1730\" data-end=\"1826\"><strong data-start=\"1730\" data-end=\"1772\">Mix aus Elektronik aus Europa A-B<\/strong> umfasst Produkte in unterschiedlichem Zustand:<\/p>\n<ul data-start=\"1828\" data-end=\"2018\">\n<li data-section-id=\"1elyuiv\" data-start=\"1828\" data-end=\"1894\">\n<p data-start=\"1830\" data-end=\"1894\">\u00dcberwiegender Anteil an Produkten, die neu oder in sehr gutem optischen Zustand sind<\/p>\n<\/li>\n<li data-section-id=\"1l5huug\" data-start=\"1895\" data-end=\"1935\">\n<p data-start=\"1897\" data-end=\"1935\">leichte Gebrauchsspuren m\u00f6glich<\/p>\n<\/li>\n<li data-section-id=\"1njuyt9\" data-start=\"1936\" data-end=\"2018\">\n<p data-start=\"1938\" data-end=\"2018\">Erlaubte, aber nicht garantierte Beimischung von Produkten der Klasse C (bis zu etwa 5-7%)<\/p>\n<\/li>\n<\/ul>\n<p data-start=\"2020\" data-end=\"2116\">Dieses Qualit\u00e4tsniveau sorgt f\u00fcr ein optimales Verh\u00e4ltnis zwischen Kaufpreis und Absatzm\u00f6glichkeiten.<\/p>\n<h2 data-section-id=\"vpgdwc\" data-start=\"2123\" data-end=\"2177\">\ud83d\udcd0 Technische Daten - Elektronik-Palette<\/h2>\n<ul data-start=\"2179\" data-end=\"2308\">\n<li data-section-id=\"rckeqa\" data-start=\"2179\" data-end=\"2210\">\n<p data-start=\"2181\" data-end=\"2210\">Palettenh\u00f6he: <strong data-start=\"2198\" data-end=\"2208\">1 Meter<\/strong><\/p>\n<\/li>\n<li data-section-id=\"14gil99\" data-start=\"2211\" data-end=\"2237\">\n<p data-start=\"2213\" data-end=\"2237\">Nettogewicht: <strong data-start=\"2225\" data-end=\"2235\">160 kg<\/strong><\/p>\n<\/li>\n<li data-section-id=\"a4rjmf\" data-start=\"2238\" data-end=\"2275\">\n<p data-start=\"2240\" data-end=\"2275\">Sortiment: zuf\u00e4llig und vielf\u00e4ltig<\/p>\n<\/li>\n<li data-section-id=\"ohjx4g\" data-start=\"2276\" data-end=\"2308\">\n<p data-start=\"2278\" data-end=\"2308\">jede Palette: einzigartige Zusammensetzung<\/p>\n<\/li>\n<\/ul>\n<p data-start=\"2310\" data-end=\"2428\"><strong data-start=\"2310\" data-end=\"2348\">Gemischte Elektronik aus Europa EU 160 kg<\/strong> hat keine feste Spezifikation - der Inhalt h\u00e4ngt von der aktuellen Liefercharge ab.<\/p>\n<h2 data-section-id=\"1y606gs\" data-start=\"2435\" data-end=\"2497\">\ud83d\udcbc Warum einen Mix aus Elektronik aus Europa w\u00e4hlen EU 160 kg<\/h2>\n<p data-start=\"2499\" data-end=\"2569\">Der Kauf eines Produkts wie <strong data-start=\"2525\" data-end=\"2558\">Palette von A-B Elektronik 160 kg<\/strong> erm\u00f6glicht:<\/p>\n<ul data-start=\"2571\" data-end=\"2850\">\n<li data-section-id=\"i0zycv\" data-start=\"2571\" data-end=\"2613\">\n<p data-start=\"2573\" data-end=\"2613\">Zugang zu Waren unter dem Marktpreis<\/p>\n<\/li>\n<li data-section-id=\"13qq7xx\" data-start=\"2614\" data-end=\"2668\">\n<p data-start=\"2616\" data-end=\"2668\">ein breites Sortiment in einer einzigen Lieferung zu erhalten<\/p>\n<\/li>\n<li data-section-id=\"v2np6n\" data-start=\"2669\" data-end=\"2736\">\n<p data-start=\"2671\" data-end=\"2736\">Erh\u00f6hung des Umsatzpotenzials durch Produktvielfalt<\/p>\n<\/li>\n<li data-section-id=\"22aq9j\" data-start=\"2737\" data-end=\"2801\">\n<p data-start=\"2739\" data-end=\"2801\">Pr\u00fcfung verschiedener Kategorien ohne gro\u00dfen finanziellen Aufwand<\/p>\n<\/li>\n<li data-section-id=\"krsy5u\" data-start=\"2802\" data-end=\"2850\">\n<p data-start=\"2804\" data-end=\"2850\">Entwicklung der Verk\u00e4ufe in Online- und Offline-Kan\u00e4len<\/p>\n<\/li>\n<\/ul>\n<p data-start=\"2852\" data-end=\"3007\">Die Waren stammen aus R\u00fccksendungen und \u00dcberschussbest\u00e4nden der Verbraucher, so dass jede <strong data-start=\"2934\" data-end=\"2972\">Palette mit Elektronik aus Europa 160 kg<\/strong> bietet eine einzigartige Quelle f\u00fcr Produkte.<\/p>\n<h2 data-section-id=\"1nzb8um\" data-start=\"2048\" data-end=\"2088\">\ud83d\udcbc Zastosowanie w e-commerce i handlu<\/h2>\n<p data-start=\"2090\" data-end=\"2179\">Paleta elektroniki Amazon sprawdza si\u0119 w modelach sprzeda\u017cy opartych na ilo\u015bci i rotacji:<\/p>\n<ul data-start=\"2181\" data-end=\"2344\">\n<li data-section-id=\"1c1wa51\" data-start=\"2181\" data-end=\"2224\">sprzeda\u017c na <a href=\"https:\/\/allegro.pl\/\" target=\"_blank\" rel=\"noopener\">Allegro<\/a>, <a href=\"https:\/\/www.olx.pl\/\" target=\"_blank\" rel=\"noopener\">OLX<\/a>, <a href=\"https:\/\/www.ebay.com\/\" target=\"_blank\" rel=\"noopener\">eBay<\/a>, <a href=\"https:\/\/www.amazon.com\/\" target=\"_blank\" rel=\"noopener\">Amazon<\/a><\/li>\n<li data-section-id=\"1fmpn86\" data-start=\"2225\" data-end=\"2247\">Webshops<\/li>\n<li data-section-id=\"gynsj7\" data-start=\"2248\" data-end=\"2281\">sprzeda\u017c detaliczna i hurtowa<\/li>\n<li data-section-id=\"161gjv4\" data-start=\"2282\" data-end=\"2320\">rozw\u00f3j w\u0142asnego magazynu produkt\u00f3w<\/li>\n<li data-section-id=\"1fuo8gv\" data-start=\"2321\" data-end=\"2344\">rozszerzenie oferty<\/li>\n<\/ul>\n<p data-start=\"2346\" data-end=\"2462\">To rozwi\u0105zanie pozwala zwi\u0119kszy\u0107 liczb\u0119 produkt\u00f3w i poprawi\u0107 wyniki sprzeda\u017cy bez zwi\u0119kszania koszt\u00f3w jednostkowych.<\/p>\n<h2 data-section-id=\"u7cq0\" data-start=\"3014\" data-end=\"3064\">\ud83d\ude9a Lieferung - Mischelektronik aus EU 160 kg<\/h2>\n<ul data-start=\"3066\" data-end=\"3137\">\n<li data-section-id=\"1io1mk2\" data-start=\"3066\" data-end=\"3105\">\n<p data-start=\"3068\" data-end=\"3105\">schneller Versand ab Lager in Europa<\/p>\n<\/li>\n<li data-section-id=\"1w7s4ii\" data-start=\"3106\" data-end=\"3137\">\n<p data-start=\"3108\" data-end=\"3137\">effiziente Auftragsabwicklung<\/p>\n<\/li>\n<\/ul>\n<h2 data-section-id=\"opmkg3\" data-start=\"3144\" data-end=\"3170\">\u2139\ufe0f Zus\u00e4tzliche Informationen<\/h2>\n<p data-start=\"3172\" data-end=\"3273\">Die Waren werden nicht einzeln gepr\u00fcft.<br data-start=\"3208\" data-end=\"3211\" \/>M\u00f6glicherweise geringf\u00fcgige Beimischung (bis zu etwa 5-7%) von Produkten der Klasse C.<\/p>\n<h2 data-section-id=\"1iqc3ll\" data-start=\"3280\" data-end=\"3333\">\ud83d\udcf8 Beispielfotos - Mix aus Elektronik<\/h2>\n<p data-start=\"3335\" data-end=\"3422\">Die Beispielfotos dienen der Veranschaulichung und zeigen einen typischen Querschnitt der Produkte.<\/p>\n<p data-start=\"3424\" data-end=\"3557\">Jede <strong data-start=\"3430\" data-end=\"3468\">Mix aus Elektronik aus Europa<\/strong>\u00a0wird nach dem Zufallsprinzip verpackt, daher kann der Inhalt der Palette von den gezeigten Bildern abweichen.<\/p>\n<p data-start=\"3559\" data-end=\"3634\">Der Versand erfolgt nach dem Zufallsprinzip - jede Palette ist eine einzigartige Zusammenstellung von Produkten.<\/p>\n<p data-start=\"3559\" data-end=\"3634\">Alle Amazon Palettenmodelle finden Sie hier <a href=\"https:\/\/stockify24.pl\/de\/sklep\/\"><strong>hier<\/strong>.<\/a><\/p>","protected":false},"excerpt":{"rendered":"<p class=\"p1\">\u26a1 Oko\u0142o 70\u201380% elektroniki<\/p>\n<p class=\"p1\">\ud83c\uddea\ud83c\uddfa EU<\/p>\n<p class=\"p1\">\ud83d\udd25 Amazon Returns<\/p>\n<p class=\"p1\" style=\"text-align: left;\">\u2714\ufe0f Jako\u015b\u0107 A\u2013B<\/p>","protected":false},"featured_media":50117,"comment_status":"open","ping_status":"closed","template":"","meta":{"_acf_changed":false},"product_brand":[],"product_cat":[1258,1273,1284],"product_tag":[1274],"class_list":{"0":"post-50169","1":"product","2":"type-product","3":"status-publish","4":"has-post-thumbnail","6":"product_cat-amazon-paleta","7":"product_cat-mix-elektroniki-eu-amazon-returns-ab","8":"product_cat-palety-dnia","9":"product_tag-paleta-mix-elektroniki-z-europy","11":"first","12":"instock","13":"sold-individually","14":"taxable","15":"shipping-taxable","16":"purchasable","17":"product-type-simple"},"acf":[],"_links":{"self":[{"href":"https:\/\/stockify24.pl\/de\/wp-json\/wp\/v2\/product\/50169","targetHints":{"allow":["GET"]}}],"collection":[{"href":"https:\/\/stockify24.pl\/de\/wp-json\/wp\/v2\/product"}],"about":[{"href":"https:\/\/stockify24.pl\/de\/wp-json\/wp\/v2\/types\/product"}],"replies":[{"embeddable":true,"href":"https:\/\/stockify24.pl\/de\/wp-json\/wp\/v2\/comments?post=50169"}],"wp:featuredmedia":[{"embeddable":true,"href":"https:\/\/stockify24.pl\/de\/wp-json\/wp\/v2\/media\/50117"}],"wp:attachment":[{"href":"https:\/\/stockify24.pl\/de\/wp-json\/wp\/v2\/media?parent=50169"}],"wp:term":[{"taxonomy":"product_brand","embeddable":true,"href":"https:\/\/stockify24.pl\/de\/wp-json\/wp\/v2\/product_brand?post=50169"},{"taxonomy":"product_cat","embeddable":true,"href":"https:\/\/stockify24.pl\/de\/wp-json\/wp\/v2\/product_cat?post=50169"},{"taxonomy":"product_tag","embeddable":true,"href":"https:\/\/stockify24.pl\/de\/wp-json\/wp\/v2\/product_tag?post=50169"}],"curies":[{"name":"wp","href":"https:\/\/api.w.org\/{rel}","templated":true}]}}