{"id":50170,"date":"2026-03-18T12:24:39","date_gmt":"2026-03-18T11:24:39","guid":{"rendered":"https:\/\/stockify24.pl\/?post_type=product&#038;p=50170"},"modified":"2026-03-30T10:37:09","modified_gmt":"2026-03-30T09:37:09","slug":"mix-elektroniki-z-europy-eu-80a-b170kg","status":"publish","type":"product","link":"https:\/\/stockify24.pl\/de\/produkt\/mix-elektroniki-z-europy-eu-80a-b170kg\/","title":{"rendered":"Gemischte Elektronik aus Europa (EU) |A-B| 170kg"},"content":{"rendered":"<h2 data-section-id=\"14eomsp\" data-start=\"248\" data-end=\"314\">\ud83d\udce6 Mix elektroniki z Europy EU 170 kg \u2013 paleta A\u2013B, wysoko\u015b\u0107 1M<\/h2>\n<p data-start=\"316\" data-end=\"474\"><strong data-start=\"316\" data-end=\"354\">Mix elektroniki z Europy EU 170 kg<\/strong> ist eine L\u00f6sung f\u00fcr Gro\u00dfhandel, E-Commerce und Angebotsgestaltung im Bereich der Unterhaltungselektronik.<\/p>\n<p data-start=\"476\" data-end=\"770\">Die Palette umfasst eine Reihe von elektronischen Produkten und Zubeh\u00f6r, die sich durch eine stabile Nachfrage und die M\u00f6glichkeit des Wiederverkaufs auszeichnen. Dank dieser <strong data-start=\"632\" data-end=\"673\">paleta elektroniki 170 kg z Europy EU<\/strong> mo\u017ce by\u0107 wykorzystywana jako \u017ar\u00f3d\u0142o towaru zar\u00f3wno w sprzeda\u017cy internetowej, jak i stacjonarnej.<\/p>\n<p data-start=\"772\" data-end=\"1002\">Jede <strong data-start=\"778\" data-end=\"807\">mix<\/strong>\u00a0wird nach dem Zufallsprinzip verpackt, daher kann der Inhalt einer Palette von den gezeigten Bildern abweichen. Dies ist auf die Rotation der Ware und die Art der Lieferungen, einschlie\u00dflich der R\u00fccksendungen von Verbrauchern und \u00dcberschussbest\u00e4nden, zur\u00fcckzuf\u00fchren.<\/p>\n<p data-start=\"1004\" data-end=\"1079\">Der Versand erfolgt nach dem Zufallsprinzip - jede Palette ist eine einzigartige Zusammenstellung von Produkten.<\/p>\n<h2 data-section-id=\"1mtz8yx\" data-start=\"1086\" data-end=\"1145\">\ud83d\udd0c Mix elektroniki z Europy EU 170 kg \u2013 zawarto\u015b\u0107 palety<\/h2>\n<p data-start=\"1147\" data-end=\"1288\"><strong data-start=\"1147\" data-end=\"1188\">Paleta elektroniki z Europy EU 170 kg<\/strong> umfasst Produkte aus den Kategorien Unterhaltungselektronik und mobiles Zubeh\u00f6r, einschlie\u00dflich, aber nicht beschr\u00e4nkt auf:<\/p>\n<ul data-start=\"1290\" data-end=\"1544\">\n<li data-section-id=\"admbw2\" data-start=\"1290\" data-end=\"1317\">\n<p data-start=\"1292\" data-end=\"1317\">drahtlose Kopfh\u00f6rer<\/p>\n<\/li>\n<li data-section-id=\"18hl43c\" data-start=\"1318\" data-end=\"1356\">\n<p data-start=\"1320\" data-end=\"1356\">Netzladeger\u00e4te und Powerbanks<\/p>\n<\/li>\n<li data-section-id=\"2cko63\" data-start=\"1357\" data-end=\"1374\">\n<p data-start=\"1359\" data-end=\"1374\">GSM-Zubeh\u00f6r<\/p>\n<\/li>\n<li data-section-id=\"r5wtn7\" data-start=\"1375\" data-end=\"1405\">\n<p data-start=\"1377\" data-end=\"1405\">Smart-Home-Ger\u00e4te<\/p>\n<\/li>\n<li data-section-id=\"1ap55p8\" data-start=\"1406\" data-end=\"1470\">\n<p data-start=\"1408\" data-end=\"1470\">kleine Haushaltsger\u00e4te (z. B. Haartrockner, Massageger\u00e4te und andere Ger\u00e4te)<\/p>\n<\/li>\n<li data-section-id=\"31a3fm\" data-start=\"1471\" data-end=\"1512\">\n<p data-start=\"1473\" data-end=\"1512\">Steuerger\u00e4te und elektronische Spielereien<\/p>\n<\/li>\n<li data-section-id=\"4egyp1\" data-start=\"1513\" data-end=\"1544\">\n<p data-start=\"1515\" data-end=\"1544\">andere elektronische Produkte<\/p>\n<\/li>\n<\/ul>\n<p data-start=\"1546\" data-end=\"1674\">\ud83d\udcca Der Anteil der Elektronik liegt bei ca. <strong data-start=\"1581\" data-end=\"1609\">70-80% Paletteninhalt<\/strong>, was auf eine Konzentration auf das Segment der Unterhaltungselektronik hindeutet.<\/p>\n<h2 data-section-id=\"uqy0ft\" data-start=\"1681\" data-end=\"1726\">\ud83c\udd70\ufe0f\ud83c\udd71\ufe0f Jako\u015b\u0107 \u2013 mix elektroniki A\u2013B<\/h2>\n<p data-start=\"1728\" data-end=\"1824\"><strong data-start=\"1728\" data-end=\"1770\">Mix elektroniki z Europy EU 170 kg A\u2013B<\/strong> umfasst Produkte in unterschiedlichem Zustand:<\/p>\n<ul data-start=\"1826\" data-end=\"2016\">\n<li data-section-id=\"1elyuiv\" data-start=\"1826\" data-end=\"1892\">\n<p data-start=\"1828\" data-end=\"1892\">\u00dcberwiegender Anteil an Produkten, die neu oder in sehr gutem optischen Zustand sind<\/p>\n<\/li>\n<li data-section-id=\"1l5huug\" data-start=\"1893\" data-end=\"1933\">\n<p data-start=\"1895\" data-end=\"1933\">leichte Gebrauchsspuren m\u00f6glich<\/p>\n<\/li>\n<li data-section-id=\"1njuyt9\" data-start=\"1934\" data-end=\"2016\">\n<p data-start=\"1936\" data-end=\"2016\">Erlaubte, aber nicht garantierte Beimischung von Produkten der Klasse C (bis zu etwa 5-7%)<\/p>\n<\/li>\n<\/ul>\n<p data-start=\"2018\" data-end=\"2114\">Taki poziom jako\u015bci pozwala utrzyma\u0107 optymalny stosunek ceny zakupu do potencja\u0142u sprzeda\u017cowego.<\/p>\n<h2 data-section-id=\"vrj1ul\" data-start=\"2121\" data-end=\"2175\">\ud83d\udcd0 Parametry techniczne \u2013 paleta elektroniki 170 kg<\/h2>\n<ul data-start=\"2177\" data-end=\"2306\">\n<li data-section-id=\"rckeqa\" data-start=\"2177\" data-end=\"2208\">\n<p data-start=\"2179\" data-end=\"2208\">Palettenh\u00f6he: <strong data-start=\"2196\" data-end=\"2206\">1 Meter<\/strong><\/p>\n<\/li>\n<li data-section-id=\"k5ceos\" data-start=\"2209\" data-end=\"2235\">\n<p data-start=\"2211\" data-end=\"2235\">Nettogewicht: <strong data-start=\"2223\" data-end=\"2233\">170 kg<\/strong><\/p>\n<\/li>\n<li data-section-id=\"a4rjmf\" data-start=\"2236\" data-end=\"2273\">\n<p data-start=\"2238\" data-end=\"2273\">Sortiment: zuf\u00e4llig und vielf\u00e4ltig<\/p>\n<\/li>\n<li data-section-id=\"ohjx4g\" data-start=\"2274\" data-end=\"2306\">\n<p data-start=\"2276\" data-end=\"2306\">jede Palette: einzigartige Zusammensetzung<\/p>\n<\/li>\n<\/ul>\n<p data-start=\"2308\" data-end=\"2426\"><strong data-start=\"2308\" data-end=\"2346\">Mix elektroniki z Europy EU 170 kg<\/strong> hat keine feste Spezifikation - der Inhalt h\u00e4ngt von der aktuellen Liefercharge ab.<\/p>\n<h2 data-section-id=\"1y5c9a5\" data-start=\"2433\" data-end=\"2495\">\ud83d\udcbc Dlaczego warto wybra\u0107 mix elektroniki z Europy EU 170 kg<\/h2>\n<p data-start=\"2497\" data-end=\"2567\">Der Kauf eines Produkts wie <strong data-start=\"2523\" data-end=\"2556\">paleta elektroniki A\u2013B 170 kg<\/strong> erm\u00f6glicht:<\/p>\n<ul data-start=\"2569\" data-end=\"2848\">\n<li data-section-id=\"i0zycv\" data-start=\"2569\" data-end=\"2611\">\n<p data-start=\"2571\" data-end=\"2611\">Zugang zu Waren unter dem Marktpreis<\/p>\n<\/li>\n<li data-section-id=\"13qq7xx\" data-start=\"2612\" data-end=\"2666\">\n<p data-start=\"2614\" data-end=\"2666\">ein breites Sortiment in einer einzigen Lieferung zu erhalten<\/p>\n<\/li>\n<li data-section-id=\"v2np6n\" data-start=\"2667\" data-end=\"2734\">\n<p data-start=\"2669\" data-end=\"2734\">Erh\u00f6hung des Umsatzpotenzials durch Produktvielfalt<\/p>\n<\/li>\n<li data-section-id=\"22aq9j\" data-start=\"2735\" data-end=\"2799\">\n<p data-start=\"2737\" data-end=\"2799\">Pr\u00fcfung verschiedener Kategorien ohne gro\u00dfen finanziellen Aufwand<\/p>\n<\/li>\n<li data-section-id=\"krsy5u\" data-start=\"2800\" data-end=\"2848\">\n<p data-start=\"2802\" data-end=\"2848\">Entwicklung der Verk\u00e4ufe in Online- und Offline-Kan\u00e4len<\/p>\n<\/li>\n<\/ul>\n<p data-start=\"2850\" data-end=\"3005\">Die Waren stammen aus R\u00fccksendungen und \u00dcberschussbest\u00e4nden der Verbraucher, so dass jede <strong data-start=\"2932\" data-end=\"2970\">paleta elektroniki z Europy 170 kg<\/strong> bietet eine einzigartige Quelle f\u00fcr Produkte.<\/p>\n<h2 data-section-id=\"3pcvsu\" data-start=\"2184\" data-end=\"2233\">\ud83d\udcbc Zastosowanie \u2013 gdzie paleta generuje wyniki<\/h2>\n<p data-start=\"2235\" data-end=\"2333\">Paleta elektroniki Amazon znajduje zastosowanie w modelach sprzeda\u017cy opartych na ilo\u015bci i rotacji:<\/p>\n<ul data-start=\"2335\" data-end=\"2500\">\n<li data-section-id=\"zrt4k5\" data-start=\"2335\" data-end=\"2378\">sprzeda\u017c na <a href=\"https:\/\/allegro.pl\/\" target=\"_blank\" rel=\"noopener\">Allegro<\/a>, <a href=\"https:\/\/www.olx.pl\/\" target=\"_blank\" rel=\"noopener\">OLX<\/a>, <a href=\"https:\/\/www.ebay.com\/\" target=\"_blank\" rel=\"noopener\">eBay<\/a>, <a href=\"https:\/\/www.amazon.com\/\" target=\"_blank\" rel=\"noopener\">Amazon<\/a><\/li>\n<li data-section-id=\"1fmpn86\" data-start=\"2379\" data-end=\"2401\">Webshops<\/li>\n<li data-section-id=\"gynsj7\" data-start=\"2402\" data-end=\"2435\">sprzeda\u017c detaliczna i hurtowa<\/li>\n<li data-section-id=\"10mfklz\" data-start=\"2436\" data-end=\"2464\">rozw\u00f3j w\u0142asnego magazynu<\/li>\n<li data-section-id=\"1q6osh7\" data-start=\"2465\" data-end=\"2500\">rozszerzenie oferty produktowej<\/li>\n<\/ul>\n<p data-start=\"2502\" data-end=\"2623\">To rozwi\u0105zanie pozwala szybko zwi\u0119kszy\u0107 liczb\u0119 ofert i poprawi\u0107 wyniki sprzeda\u017cowe bez zwi\u0119kszania koszt\u00f3w jednostkowych.<\/p>\n<h2 data-section-id=\"tjfjd\" data-start=\"3012\" data-end=\"3062\">\ud83d\ude9a Dostawa \u2013 mix elektroniki z Europy EU 170 kg<\/h2>\n<ul data-start=\"3064\" data-end=\"3135\">\n<li data-section-id=\"1io1mk2\" data-start=\"3064\" data-end=\"3103\">\n<p data-start=\"3066\" data-end=\"3103\">schneller Versand ab Lager in Europa<\/p>\n<\/li>\n<li data-section-id=\"1w7s4ii\" data-start=\"3104\" data-end=\"3135\">\n<p data-start=\"3106\" data-end=\"3135\">effiziente Auftragsabwicklung<\/p>\n<\/li>\n<\/ul>\n<h2 data-section-id=\"opmkg3\" data-start=\"3142\" data-end=\"3168\">\u2139\ufe0f Zus\u00e4tzliche Informationen<\/h2>\n<p data-start=\"3170\" data-end=\"3271\">Die Waren werden nicht einzeln gepr\u00fcft.<br data-start=\"3206\" data-end=\"3209\" \/>M\u00f6glicherweise geringf\u00fcgige Beimischung (bis zu etwa 5-7%) von Produkten der Klasse C.<\/p>\n<h2 data-section-id=\"187zme0\" data-start=\"3278\" data-end=\"3331\">\ud83d\udcf8 Przyk\u0142adowe zdj\u0119cia \u2013 mix elektroniki 170 kg EU<\/h2>\n<p data-start=\"3333\" data-end=\"3420\">Die Beispielfotos dienen der Veranschaulichung und zeigen einen typischen Querschnitt der Produkte.<\/p>\n<p data-start=\"3422\" data-end=\"3555\">Jede <strong data-start=\"3428\" data-end=\"3466\">mix elektroniki z Europy EU 170 kg<\/strong> wird nach dem Zufallsprinzip verpackt, daher kann der Inhalt der Palette von den gezeigten Bildern abweichen.<\/p>\n<p data-start=\"3557\" data-end=\"3632\">Der Versand erfolgt nach dem Zufallsprinzip - jede Palette ist eine einzigartige Zusammenstellung von Produkten.<\/p>\n<p data-start=\"3557\" data-end=\"3632\">Alle Amazon Palettenmodelle finden Sie hier <a href=\"https:\/\/stockify24.pl\/de\/sklep\/\"><strong>hier<\/strong>.<\/a><\/p>","protected":false},"excerpt":{"rendered":"<p class=\"p1\">\u26a1 Oko\u0142o 70\u201380% elektroniki<\/p>\n<p class=\"p1\">\ud83c\uddea\ud83c\uddfa EU<\/p>\n<p class=\"p1\">\ud83d\udd25 Amazon Returns<\/p>\n<p class=\"p1\" style=\"text-align: left;\">\u2714\ufe0f Jako\u015b\u0107 A\u2013B<\/p>","protected":false},"featured_media":50113,"comment_status":"open","ping_status":"closed","template":"","meta":{"_acf_changed":false},"product_brand":[],"product_cat":[1258,1273,1284],"product_tag":[1274],"class_list":{"0":"post-50170","1":"product","2":"type-product","3":"status-publish","4":"has-post-thumbnail","6":"product_cat-amazon-paleta","7":"product_cat-mix-elektroniki-eu-amazon-returns-ab","8":"product_cat-palety-dnia","9":"product_tag-paleta-mix-elektroniki-z-europy","11":"first","12":"instock","13":"sold-individually","14":"taxable","15":"shipping-taxable","16":"purchasable","17":"product-type-simple"},"acf":[],"_links":{"self":[{"href":"https:\/\/stockify24.pl\/de\/wp-json\/wp\/v2\/product\/50170","targetHints":{"allow":["GET"]}}],"collection":[{"href":"https:\/\/stockify24.pl\/de\/wp-json\/wp\/v2\/product"}],"about":[{"href":"https:\/\/stockify24.pl\/de\/wp-json\/wp\/v2\/types\/product"}],"replies":[{"embeddable":true,"href":"https:\/\/stockify24.pl\/de\/wp-json\/wp\/v2\/comments?post=50170"}],"wp:featuredmedia":[{"embeddable":true,"href":"https:\/\/stockify24.pl\/de\/wp-json\/wp\/v2\/media\/50113"}],"wp:attachment":[{"href":"https:\/\/stockify24.pl\/de\/wp-json\/wp\/v2\/media?parent=50170"}],"wp:term":[{"taxonomy":"product_brand","embeddable":true,"href":"https:\/\/stockify24.pl\/de\/wp-json\/wp\/v2\/product_brand?post=50170"},{"taxonomy":"product_cat","embeddable":true,"href":"https:\/\/stockify24.pl\/de\/wp-json\/wp\/v2\/product_cat?post=50170"},{"taxonomy":"product_tag","embeddable":true,"href":"https:\/\/stockify24.pl\/de\/wp-json\/wp\/v2\/product_tag?post=50170"}],"curies":[{"name":"wp","href":"https:\/\/api.w.org\/{rel}","templated":true}]}}