{"id":50308,"date":"2026-03-19T11:12:53","date_gmt":"2026-03-19T10:12:53","guid":{"rendered":"https:\/\/stockify24.pl\/?post_type=product&#038;p=50308"},"modified":"2026-03-30T10:41:56","modified_gmt":"2026-03-30T09:41:56","slug":"paleta-mix-elektroniki-z-europy-eu-a-b-47","status":"publish","type":"product","link":"https:\/\/stockify24.pl\/de\/produkt\/paleta-mix-elektroniki-z-europy-eu-a-b-47\/","title":{"rendered":"Elektronik-Mischpalette aus Europa (EU) | A-B | #47"},"content":{"rendered":"<h2 data-section-id=\"x00wv3\" data-start=\"714\" data-end=\"770\">\ud83d\udce6 Paleta mix elektroniki z Europy (EU) \u2013 mix A\u2013B, 157 kg<\/h2>\n<p data-start=\"772\" data-end=\"933\"><strong data-start=\"772\" data-end=\"805\">Mix aus Elektronik aus Europa (EU)<\/strong> to gotowe rozwi\u0105zanie dla sprzeda\u017cy hurtowej, e-commerce oraz reseller\u00f3w poszukuj\u0105cych towaru o wysokim potencjale odsprzeda\u017cy.<\/p>\n<p data-start=\"935\" data-end=\"1107\">Paleta elektroniki obejmuje produkty pochodz\u0105ce ze zwrot\u00f3w konsumenckich oraz nadwy\u017cek magazynowych, co pozwala uzyska\u0107 dost\u0119p do elektroniki w cenach ni\u017cszych ni\u017c rynkowe.<\/p>\n<p data-start=\"1109\" data-end=\"1245\">Jede <strong data-start=\"1115\" data-end=\"1143\">Mix aus Elektronik aus Europa<\/strong> posiada losowy sk\u0142ad, co umo\u017cliwia dywersyfikacj\u0119 asortymentu i zwi\u0119kszenie potencja\u0142u sprzeda\u017cowego.<\/p>\n<h2 data-section-id=\"59u7b7\" data-start=\"1252\" data-end=\"1301\">\ud83d\udd0c Mix aus Elektronik aus Europa - Paletteninhalt<\/h2>\n<p data-start=\"1303\" data-end=\"1388\">Paleta elektroniki zawiera szeroki zakres produkt\u00f3w z segmentu elektroniki u\u017cytkowej:<\/p>\n<ul data-start=\"1390\" data-end=\"1606\">\n<li data-section-id=\"admbw2\" data-start=\"1390\" data-end=\"1417\">\n<p data-start=\"1392\" data-end=\"1417\">drahtlose Kopfh\u00f6rer<\/p>\n<\/li>\n<li data-section-id=\"o98r3r\" data-start=\"1418\" data-end=\"1453\">\n<p data-start=\"1420\" data-end=\"1453\">Netzladeger\u00e4te und Powerbanks<\/p>\n<\/li>\n<li data-section-id=\"2cko63\" data-start=\"1454\" data-end=\"1471\">\n<p data-start=\"1456\" data-end=\"1471\">GSM-Zubeh\u00f6r<\/p>\n<\/li>\n<li data-section-id=\"129ryor\" data-start=\"1472\" data-end=\"1497\">\n<p data-start=\"1474\" data-end=\"1497\">Smart-Home-Ger\u00e4te<\/p>\n<\/li>\n<li data-section-id=\"17lzlbi\" data-start=\"1498\" data-end=\"1535\">\n<p data-start=\"1500\" data-end=\"1535\">kleine Haushaltsger\u00e4te (z. B. Haartrockner, Massageger\u00e4te)<\/p>\n<\/li>\n<li data-section-id=\"i0l57x\" data-start=\"1536\" data-end=\"1574\">\n<p data-start=\"1538\" data-end=\"1574\">Steuerger\u00e4te und elektronische Spielereien<\/p>\n<\/li>\n<li data-section-id=\"4egyp1\" data-start=\"1575\" data-end=\"1606\">\n<p data-start=\"1577\" data-end=\"1606\">andere elektronische Produkte<\/p>\n<\/li>\n<\/ul>\n<p data-start=\"1608\" data-end=\"1659\">\ud83d\udcca Anteil der Elektronik: <strong data-start=\"1631\" data-end=\"1659\">70-80% Paletteninhalt<\/strong><\/p>\n<h2 data-section-id=\"1r3tdfh\" data-start=\"1666\" data-end=\"1713\">\ud83c\udd70\ufe0f\ud83c\udd71\ufe0f Qualit\u00e4t - ein Mix aus Elektronik aus Europa A-B<\/h2>\n<p data-start=\"1715\" data-end=\"1770\">Mix aus Elektronik aus Europa (EU) in der Klasse der <strong data-start=\"1754\" data-end=\"1761\">A-B<\/strong> bedeutet:<\/p>\n<ul data-start=\"1772\" data-end=\"1914\">\n<li data-section-id=\"v9mic9\" data-start=\"1772\" data-end=\"1828\">\n<p data-start=\"1774\" data-end=\"1828\">den Vorteil, dass die Produkte neu oder in sehr gutem Zustand sind<\/p>\n<\/li>\n<li data-section-id=\"1l5huug\" data-start=\"1829\" data-end=\"1869\">\n<p data-start=\"1831\" data-end=\"1869\">leichte Gebrauchsspuren m\u00f6glich<\/p>\n<\/li>\n<li data-section-id=\"1i6avsg\" data-start=\"1870\" data-end=\"1914\">\n<p data-start=\"1872\" data-end=\"1914\">zul\u00e4ssiges Gemisch der Klasse C (bis zu 5-7%)<\/p>\n<\/li>\n<\/ul>\n<p data-start=\"1916\" data-end=\"2004\">Taka struktura jako\u015bci zapewnia optymalny balans mi\u0119dzy cen\u0105 zakupu a mar\u017c\u0105 sprzeda\u017cow\u0105.<\/p>\n<h2 data-section-id=\"1v9slaf\" data-start=\"2011\" data-end=\"2044\">\ud83d\udcd0 Technische Daten der Palette<\/h2>\n<ul data-start=\"2046\" data-end=\"2166\">\n<li data-section-id=\"rckeqa\" data-start=\"2046\" data-end=\"2077\">\n<p data-start=\"2048\" data-end=\"2077\">Palettenh\u00f6he: <strong data-start=\"2065\" data-end=\"2075\">1 Meter<\/strong><\/p>\n<\/li>\n<li data-section-id=\"1wcelbx\" data-start=\"2078\" data-end=\"2104\">\n<p data-start=\"2080\" data-end=\"2104\">Nettogewicht: <strong data-start=\"2092\" data-end=\"2102\">157 kg<\/strong><\/p>\n<\/li>\n<li data-section-id=\"12vhqkz\" data-start=\"2105\" data-end=\"2131\">\n<p data-start=\"2107\" data-end=\"2131\">Sortiment: <strong data-start=\"2119\" data-end=\"2129\">losowy<\/strong><\/p>\n<\/li>\n<li data-section-id=\"cc7vqo\" data-start=\"2132\" data-end=\"2166\">\n<p data-start=\"2134\" data-end=\"2166\">jede Palette: <strong data-start=\"2148\" data-end=\"2166\">unikalny sk\u0142ad<\/strong><\/p>\n<\/li>\n<\/ul>\n<p data-start=\"2168\" data-end=\"2272\">Der Mix an Elektronik aus Europa hat keine feste Spezifikation - der Inhalt h\u00e4ngt von der aktuellen Liefercharge ab.<\/p>\n<h2 data-section-id=\"1vlo26v\" data-start=\"2279\" data-end=\"2331\">\ud83d\udcbc Warum eine Mischung aus Elektronik aus Europa w\u00e4hlen?<\/h2>\n<p data-start=\"2333\" data-end=\"2368\">Zakup palety elektroniki umo\u017cliwia:<\/p>\n<ul data-start=\"2370\" data-end=\"2603\">\n<li data-section-id=\"i0zycv\" data-start=\"2370\" data-end=\"2412\">\n<p data-start=\"2372\" data-end=\"2412\">Zugang zu Waren unter dem Marktpreis<\/p>\n<\/li>\n<li data-section-id=\"gvtpog\" data-start=\"2413\" data-end=\"2453\">\n<p data-start=\"2415\" data-end=\"2453\">szeroki asortyment w jednej dostawie<\/p>\n<\/li>\n<li data-section-id=\"1w1cxvk\" data-start=\"2454\" data-end=\"2510\">\n<p data-start=\"2456\" data-end=\"2510\">zwi\u0119kszenie sprzeda\u017cy dzi\u0119ki r\u00f3\u017cnorodno\u015bci produkt\u00f3w<\/p>\n<\/li>\n<li data-section-id=\"daazkc\" data-start=\"2511\" data-end=\"2565\">\n<p data-start=\"2513\" data-end=\"2565\">testowanie r\u00f3\u017cnych kategorii bez du\u017cych inwestycji<\/p>\n<\/li>\n<li data-section-id=\"lqu1wo\" data-start=\"2566\" data-end=\"2603\">\n<p data-start=\"2568\" data-end=\"2603\">Entwicklung des Online- und Offline-Verkaufs<\/p>\n<\/li>\n<\/ul>\n<p data-start=\"2605\" data-end=\"2686\">Jede <strong data-start=\"2611\" data-end=\"2642\">Mix aus Elektronik aus EU-Europa<\/strong> stanowi unikalne \u017ar\u00f3d\u0142o towaru dla biznesu.<\/p>\n<h2 data-section-id=\"1nzb8um\" data-start=\"2048\" data-end=\"2088\">\ud83d\udcbc Zastosowanie w e-commerce i handlu<\/h2>\n<p data-start=\"2090\" data-end=\"2179\">Paleta elektroniki Amazon sprawdza si\u0119 w modelach sprzeda\u017cy opartych na ilo\u015bci i rotacji:<\/p>\n<ul data-start=\"2181\" data-end=\"2344\">\n<li data-section-id=\"1c1wa51\" data-start=\"2181\" data-end=\"2224\">sprzeda\u017c na <a href=\"https:\/\/allegro.pl\/\" target=\"_blank\" rel=\"noopener\">Allegro<\/a>, <a href=\"https:\/\/www.olx.pl\/\" target=\"_blank\" rel=\"noopener\">OLX<\/a>, <a href=\"https:\/\/www.ebay.com\/\" target=\"_blank\" rel=\"noopener\">eBay<\/a>, <a href=\"https:\/\/www.amazon.com\/\" target=\"_blank\" rel=\"noopener\">Amazon<\/a><\/li>\n<li data-section-id=\"1fmpn86\" data-start=\"2225\" data-end=\"2247\">Webshops<\/li>\n<li data-section-id=\"gynsj7\" data-start=\"2248\" data-end=\"2281\">sprzeda\u017c detaliczna i hurtowa<\/li>\n<li data-section-id=\"161gjv4\" data-start=\"2282\" data-end=\"2320\">rozw\u00f3j w\u0142asnego magazynu produkt\u00f3w<\/li>\n<li data-section-id=\"1fuo8gv\" data-start=\"2321\" data-end=\"2344\">rozszerzenie oferty<\/li>\n<\/ul>\n<p data-start=\"2346\" data-end=\"2462\">To rozwi\u0105zanie pozwala zwi\u0119kszy\u0107 liczb\u0119 produkt\u00f3w i poprawi\u0107 wyniki sprzeda\u017cy bez zwi\u0119kszania koszt\u00f3w jednostkowych.<\/p>\n<h2 data-section-id=\"gfj1y1\" data-start=\"2693\" data-end=\"2706\">\ud83d\ude9a Lieferung<\/h2>\n<ul data-start=\"2708\" data-end=\"2779\">\n<li data-section-id=\"1io1mk2\" data-start=\"2708\" data-end=\"2747\">\n<p data-start=\"2710\" data-end=\"2747\">schneller Versand ab Lager in Europa<\/p>\n<\/li>\n<li data-section-id=\"1w7s4ii\" data-start=\"2748\" data-end=\"2779\">\n<p data-start=\"2750\" data-end=\"2779\">effiziente Auftragsabwicklung<\/p>\n<\/li>\n<\/ul>\n<h2 data-section-id=\"opmkg3\" data-start=\"2786\" data-end=\"2812\">\u2139\ufe0f Zus\u00e4tzliche Informationen<\/h2>\n<ul data-start=\"2814\" data-end=\"2937\">\n<li data-section-id=\"cznzdc\" data-start=\"2814\" data-end=\"2853\">\n<p data-start=\"2816\" data-end=\"2853\">das Produkt wird nicht einzeln getestet<\/p>\n<\/li>\n<li data-section-id=\"iag8fx\" data-start=\"2854\" data-end=\"2893\">\n<p data-start=\"2856\" data-end=\"2893\">m\u00f6gliche Beimischung von Klasse C (bis zu 5-7%)<\/p>\n<\/li>\n<li data-section-id=\"z5gn8g\" data-start=\"2894\" data-end=\"2937\">\n<p data-start=\"2896\" data-end=\"2937\">wysy\u0142ka losowa \u2013 ka\u017cda paleta jest inna<\/p>\n<\/li>\n<\/ul>\n<h2 data-section-id=\"1915pio\" data-start=\"2944\" data-end=\"2966\">\ud83d\udcf8 Produktfotos<\/h2>\n<p data-start=\"2968\" data-end=\"3054\">Die Fotos dienen der Veranschaulichung und zeigen einen Beispielmix von Elektronik aus Europa.<\/p>\n<p data-start=\"2968\" data-end=\"3054\">Alle Amazon Palettenmodelle finden Sie hier <a href=\"https:\/\/stockify24.pl\/de\/sklep\/\"><strong>hier<\/strong>.<\/a><\/p>","protected":false},"excerpt":{"rendered":"<p class=\"p1\">\u26a1 Oko\u0142o 70\u201380% elektroniki<\/p>\n<p class=\"p1\">\ud83c\uddea\ud83c\uddfa EU<\/p>\n<p class=\"p1\">\ud83d\udd25 Amazon Returns<\/p>\n<p class=\"p1\" style=\"text-align: left;\">\u2714\ufe0f Jako\u015b\u0107 A\u2013B<\/p>","protected":false},"featured_media":50331,"comment_status":"open","ping_status":"closed","template":"","meta":{"_acf_changed":false},"product_brand":[],"product_cat":[1258,1273],"product_tag":[1274],"class_list":{"0":"post-50308","1":"product","2":"type-product","3":"status-publish","4":"has-post-thumbnail","6":"product_cat-amazon-paleta","7":"product_cat-mix-elektroniki-eu-amazon-returns-ab","8":"product_tag-paleta-mix-elektroniki-z-europy","10":"first","11":"instock","12":"sold-individually","13":"taxable","14":"shipping-taxable","15":"purchasable","16":"product-type-simple"},"acf":[],"_links":{"self":[{"href":"https:\/\/stockify24.pl\/de\/wp-json\/wp\/v2\/product\/50308","targetHints":{"allow":["GET"]}}],"collection":[{"href":"https:\/\/stockify24.pl\/de\/wp-json\/wp\/v2\/product"}],"about":[{"href":"https:\/\/stockify24.pl\/de\/wp-json\/wp\/v2\/types\/product"}],"replies":[{"embeddable":true,"href":"https:\/\/stockify24.pl\/de\/wp-json\/wp\/v2\/comments?post=50308"}],"wp:featuredmedia":[{"embeddable":true,"href":"https:\/\/stockify24.pl\/de\/wp-json\/wp\/v2\/media\/50331"}],"wp:attachment":[{"href":"https:\/\/stockify24.pl\/de\/wp-json\/wp\/v2\/media?parent=50308"}],"wp:term":[{"taxonomy":"product_brand","embeddable":true,"href":"https:\/\/stockify24.pl\/de\/wp-json\/wp\/v2\/product_brand?post=50308"},{"taxonomy":"product_cat","embeddable":true,"href":"https:\/\/stockify24.pl\/de\/wp-json\/wp\/v2\/product_cat?post=50308"},{"taxonomy":"product_tag","embeddable":true,"href":"https:\/\/stockify24.pl\/de\/wp-json\/wp\/v2\/product_tag?post=50308"}],"curies":[{"name":"wp","href":"https:\/\/api.w.org\/{rel}","templated":true}]}}