{"id":50343,"date":"2026-03-19T13:25:13","date_gmt":"2026-03-19T12:25:13","guid":{"rendered":"https:\/\/stockify24.pl\/?post_type=product&#038;p=50343"},"modified":"2026-03-30T11:14:18","modified_gmt":"2026-03-30T10:14:18","slug":"paleta-elektroniki-z-europy-eu-a-b-29","status":"publish","type":"product","link":"https:\/\/stockify24.pl\/de\/produkt\/paleta-elektroniki-z-europy-eu-a-b-29\/","title":{"rendered":"Elektronikpalette aus Europa (EU) | A-B | #29"},"content":{"rendered":"<h2 data-section-id=\"wyp909\" data-start=\"694\" data-end=\"750\">\ud83d\udce6 Paleta elektroniki z Europy (EU) \u2013 mix A\u2013B, 155 kg<\/h2>\n<p data-start=\"752\" data-end=\"924\"><strong data-start=\"752\" data-end=\"785\">Mix aus Elektronik aus Europa (EU)<\/strong> to rozwi\u0105zanie dla firm, sklep\u00f3w online oraz reseller\u00f3w, kt\u00f3rzy potrzebuj\u0105 towaru o du\u017cej r\u00f3\u017cnorodno\u015bci i realnym potencjale sprzeda\u017cowym.<\/p>\n<p data-start=\"926\" data-end=\"1121\">Paleta zawiera produkty elektroniczne pochodz\u0105ce ze zwrot\u00f3w konsumenckich oraz nadwy\u017cek magazynowych, co umo\u017cliwia zakup towaru w cenach ni\u017cszych ni\u017c rynkowe i zwi\u0119kszenie efektywno\u015bci sprzeda\u017cy.<\/p>\n<p data-start=\"1123\" data-end=\"1278\">Jede <strong data-start=\"1129\" data-end=\"1157\">Mix aus Elektronik aus Europa<\/strong> posiada zmienny sk\u0142ad, co pozwala budowa\u0107 ofert\u0119 dopasowan\u0105 do r\u00f3\u017cnych segment\u00f3w klient\u00f3w oraz aktualnych potrzeb rynku.<\/p>\n<h2 data-section-id=\"dawekf\" data-start=\"1285\" data-end=\"1330\">\ud83d\udd0c Paletteninhalt - Unterhaltungselektronik<\/h2>\n<p data-start=\"1332\" data-end=\"1396\">W sk\u0142ad palety wchodz\u0105 produkty z r\u00f3\u017cnych kategorii elektroniki:<\/p>\n<ul data-start=\"1398\" data-end=\"1624\">\n<li data-section-id=\"admbw2\" data-start=\"1398\" data-end=\"1425\">\n<p data-start=\"1400\" data-end=\"1425\">drahtlose Kopfh\u00f6rer<\/p>\n<\/li>\n<li data-section-id=\"1jov1fg\" data-start=\"1426\" data-end=\"1476\">\n<p data-start=\"1428\" data-end=\"1476\">Ladeger\u00e4te, Powerbanks und Stromversorgungszubeh\u00f6r<\/p>\n<\/li>\n<li data-section-id=\"2cko63\" data-start=\"1477\" data-end=\"1494\">\n<p data-start=\"1479\" data-end=\"1494\">GSM-Zubeh\u00f6r<\/p>\n<\/li>\n<li data-section-id=\"129ryor\" data-start=\"1495\" data-end=\"1520\">\n<p data-start=\"1497\" data-end=\"1520\">Smart-Home-Ger\u00e4te<\/p>\n<\/li>\n<li data-section-id=\"17lzlbi\" data-start=\"1521\" data-end=\"1558\">\n<p data-start=\"1523\" data-end=\"1558\">kleine Haushaltsger\u00e4te (z. B. Haartrockner, Massageger\u00e4te)<\/p>\n<\/li>\n<li data-section-id=\"i0l57x\" data-start=\"1559\" data-end=\"1597\">\n<p data-start=\"1561\" data-end=\"1597\">Steuerger\u00e4te und elektronische Spielereien<\/p>\n<\/li>\n<li data-section-id=\"4fq00c\" data-start=\"1598\" data-end=\"1624\">\n<p data-start=\"1600\" data-end=\"1624\">andere Gebrauchsprodukte<\/p>\n<\/li>\n<\/ul>\n<p data-start=\"1626\" data-end=\"1677\">\ud83d\udcca Anteil der Elektronik: <strong data-start=\"1649\" data-end=\"1677\">70-80% Paletteninhalt<\/strong><\/p>\n<h2 data-section-id=\"2jw31c\" data-start=\"1684\" data-end=\"1712\">\ud83c\udd70\ufe0f\ud83c\udd71\ufe0f Jako\u015b\u0107 \u2013 klasa A\u2013B<\/h2>\n<p data-start=\"1714\" data-end=\"1774\">Mix elektroniki z Europy (EU) w standardzie <strong data-start=\"1758\" data-end=\"1765\">A-B<\/strong> bedeutet:<\/p>\n<ul data-start=\"1776\" data-end=\"1924\">\n<li data-section-id=\"1998rpb\" data-start=\"1776\" data-end=\"1842\">\n<p data-start=\"1778\" data-end=\"1842\">przewag\u0119 produkt\u00f3w nowych lub w bardzo dobrym stanie wizualnym<\/p>\n<\/li>\n<li data-section-id=\"jqrsyy\" data-start=\"1843\" data-end=\"1879\">\n<p data-start=\"1845\" data-end=\"1879\">geringe Gebrauchsspuren m\u00f6glich<\/p>\n<\/li>\n<li data-section-id=\"1i6avsg\" data-start=\"1880\" data-end=\"1924\">\n<p data-start=\"1882\" data-end=\"1924\">zul\u00e4ssiges Gemisch der Klasse C (bis zu 5-7%)<\/p>\n<\/li>\n<\/ul>\n<p data-start=\"1926\" data-end=\"2027\">Taki poziom jako\u015bci pozwala utrzyma\u0107 korzystny stosunek kosztu zakupu do potencjalnej ceny sprzeda\u017cy.<\/p>\n<h2 data-section-id=\"6mpf3m\" data-start=\"2034\" data-end=\"2060\">\ud83d\udcd0 Technische Daten<\/h2>\n<ul data-start=\"2062\" data-end=\"2207\">\n<li data-section-id=\"rckeqa\" data-start=\"2062\" data-end=\"2093\">\n<p data-start=\"2064\" data-end=\"2093\">Palettenh\u00f6he: <strong data-start=\"2081\" data-end=\"2091\">1 Meter<\/strong><\/p>\n<\/li>\n<li data-section-id=\"1d6rou3\" data-start=\"2094\" data-end=\"2120\">\n<p data-start=\"2096\" data-end=\"2120\">Nettogewicht: <strong data-start=\"2108\" data-end=\"2118\">155 kg<\/strong><\/p>\n<\/li>\n<li data-section-id=\"ut13h4\" data-start=\"2121\" data-end=\"2157\">\n<p data-start=\"2123\" data-end=\"2157\">Sortiment: <strong data-start=\"2135\" data-end=\"2155\">zuf\u00e4llig und variabel<\/strong><\/p>\n<\/li>\n<li data-section-id=\"ixapqi\" data-start=\"2158\" data-end=\"2207\">\n<p data-start=\"2160\" data-end=\"2207\">jede Palette: <strong data-start=\"2174\" data-end=\"2207\">indywidualny zestaw produkt\u00f3w<\/strong><\/p>\n<\/li>\n<\/ul>\n<p data-start=\"2209\" data-end=\"2306\">Mix elektroniki z Europy nie posiada sta\u0142ej specyfikacji \u2014 zawarto\u015b\u0107 zale\u017cy od aktualnej dostawy.<\/p>\n<h2 data-section-id=\"h9rd6z\" data-start=\"2313\" data-end=\"2342\">\ud83d\udcbc Zastosowanie w praktyce<\/h2>\n<p data-start=\"2344\" data-end=\"2394\"><strong data-start=\"2344\" data-end=\"2375\">Mix aus Elektronik aus EU-Europa<\/strong> funktioniert als:<\/p>\n<ul data-start=\"2396\" data-end=\"2568\">\n<li data-section-id=\"1wss2ja\" data-start=\"2396\" data-end=\"2430\">\n<p data-start=\"2398\" data-end=\"2430\">baza produktowa dla e-commerce<\/p>\n<\/li>\n<li data-section-id=\"1bla79k\" data-start=\"2431\" data-end=\"2478\">\n<p data-start=\"2433\" data-end=\"2478\">Angebot f\u00fcr Gro\u00dfhandel und Einzelhandel<\/p>\n<\/li>\n<li data-section-id=\"1pfey90\" data-start=\"2479\" data-end=\"2524\">\n<p data-start=\"2481\" data-end=\"2524\">spos\u00f3b na rozszerzenie katalogu produkt\u00f3w<\/p>\n<\/li>\n<li data-section-id=\"1jr137s\" data-start=\"2525\" data-end=\"2568\">\n<p data-start=\"2527\" data-end=\"2568\">L\u00f6sung zur Erh\u00f6hung der Lagerrotation<\/p>\n<\/li>\n<\/ul>\n<p data-start=\"2570\" data-end=\"2658\">Zr\u00f3\u017cnicowany sk\u0142ad palety pozwala lepiej reagowa\u0107 na zmieniaj\u0105ce si\u0119 trendy sprzeda\u017cowe.<\/p>\n<h2 data-section-id=\"3pcvsu\" data-start=\"2184\" data-end=\"2233\">\ud83d\udcbc Zastosowanie \u2013 gdzie paleta generuje wyniki<\/h2>\n<p data-start=\"2235\" data-end=\"2333\">Paleta elektroniki Amazon znajduje zastosowanie w modelach sprzeda\u017cy opartych na ilo\u015bci i rotacji:<\/p>\n<ul data-start=\"2335\" data-end=\"2500\">\n<li data-section-id=\"zrt4k5\" data-start=\"2335\" data-end=\"2378\">sprzeda\u017c na <a href=\"https:\/\/allegro.pl\/\" target=\"_blank\" rel=\"noopener\">Allegro<\/a>, <a href=\"https:\/\/www.olx.pl\/\" target=\"_blank\" rel=\"noopener\">OLX<\/a>, <a href=\"https:\/\/www.ebay.com\/\" target=\"_blank\" rel=\"noopener\">eBay<\/a>, <a href=\"https:\/\/www.amazon.com\/\" target=\"_blank\" rel=\"noopener\">Amazon<\/a><\/li>\n<li data-section-id=\"1fmpn86\" data-start=\"2379\" data-end=\"2401\">Webshops<\/li>\n<li data-section-id=\"gynsj7\" data-start=\"2402\" data-end=\"2435\">sprzeda\u017c detaliczna i hurtowa<\/li>\n<li data-section-id=\"10mfklz\" data-start=\"2436\" data-end=\"2464\">rozw\u00f3j w\u0142asnego magazynu<\/li>\n<li data-section-id=\"1q6osh7\" data-start=\"2465\" data-end=\"2500\">rozszerzenie oferty produktowej<\/li>\n<\/ul>\n<p data-start=\"2502\" data-end=\"2623\">To rozwi\u0105zanie pozwala szybko zwi\u0119kszy\u0107 liczb\u0119 ofert i poprawi\u0107 wyniki sprzeda\u017cowe bez zwi\u0119kszania koszt\u00f3w jednostkowych.<\/p>\n<h2 data-section-id=\"gfj1y1\" data-start=\"2665\" data-end=\"2678\">\ud83d\ude9a Lieferung<\/h2>\n<ul data-start=\"2680\" data-end=\"2743\">\n<li data-section-id=\"1j548yy\" data-start=\"2680\" data-end=\"2712\">\n<p data-start=\"2682\" data-end=\"2712\">Versand vom Lager in Europa<\/p>\n<\/li>\n<li data-section-id=\"igemay\" data-start=\"2713\" data-end=\"2743\">\n<p data-start=\"2715\" data-end=\"2743\">schnelle Auftragsabwicklung<\/p>\n<\/li>\n<\/ul>\n<h2 data-section-id=\"opmkg3\" data-start=\"2750\" data-end=\"2776\">\u2139\ufe0f Zus\u00e4tzliche Informationen<\/h2>\n<ul data-start=\"2778\" data-end=\"2900\">\n<li data-section-id=\"cznzdc\" data-start=\"2778\" data-end=\"2817\">\n<p data-start=\"2780\" data-end=\"2817\">das Produkt wird nicht einzeln getestet<\/p>\n<\/li>\n<li data-section-id=\"1igfwsa\" data-start=\"2818\" data-end=\"2867\">\n<p data-start=\"2820\" data-end=\"2867\">m\u00f6gliche Beimischung von Produkten der Klasse C (bis zu 5-7%)<\/p>\n<\/li>\n<li data-section-id=\"zia6d9\" data-start=\"2868\" data-end=\"2900\">\n<p data-start=\"2870\" data-end=\"2900\">jede Palette zuf\u00e4llig verpackt<\/p>\n<\/li>\n<\/ul>\n<h2 data-section-id=\"1915pio\" data-start=\"2907\" data-end=\"2929\">\ud83d\udcf8 Produktfotos<\/h2>\n<p data-start=\"2931\" data-end=\"3021\">Die Fotos zeigen ein Beispiel f\u00fcr <strong data-start=\"2965\" data-end=\"2993\">Mix aus Elektronik aus Europa<\/strong> und dienen nur zu Illustrationszwecken.<\/p>\n<p data-start=\"2931\" data-end=\"3021\">Alle Amazon Palettenmodelle finden Sie hier <a href=\"https:\/\/stockify24.pl\/de\/sklep\/\"><strong>hier<\/strong>.<\/a><\/p>","protected":false},"excerpt":{"rendered":"<p class=\"p1\">\u26a1 Oko\u0142o 70\u201380% elektroniki<\/p>\n<p class=\"p1\">\ud83c\uddea\ud83c\uddfa EU<\/p>\n<p class=\"p1\">\ud83d\udd25 Amazon Returns<\/p>\n<p class=\"p1\" style=\"text-align: left;\">\u2714\ufe0f Jako\u015b\u0107 A\u2013B<\/p>","protected":false},"featured_media":50344,"comment_status":"open","ping_status":"closed","template":"","meta":{"_acf_changed":false},"product_brand":[],"product_cat":[1258,1273],"product_tag":[1274],"class_list":{"0":"post-50343","1":"product","2":"type-product","3":"status-publish","4":"has-post-thumbnail","6":"product_cat-amazon-paleta","7":"product_cat-mix-elektroniki-eu-amazon-returns-ab","8":"product_tag-paleta-mix-elektroniki-z-europy","10":"first","11":"instock","12":"sold-individually","13":"taxable","14":"shipping-taxable","15":"purchasable","16":"product-type-simple"},"acf":[],"_links":{"self":[{"href":"https:\/\/stockify24.pl\/de\/wp-json\/wp\/v2\/product\/50343","targetHints":{"allow":["GET"]}}],"collection":[{"href":"https:\/\/stockify24.pl\/de\/wp-json\/wp\/v2\/product"}],"about":[{"href":"https:\/\/stockify24.pl\/de\/wp-json\/wp\/v2\/types\/product"}],"replies":[{"embeddable":true,"href":"https:\/\/stockify24.pl\/de\/wp-json\/wp\/v2\/comments?post=50343"}],"wp:featuredmedia":[{"embeddable":true,"href":"https:\/\/stockify24.pl\/de\/wp-json\/wp\/v2\/media\/50344"}],"wp:attachment":[{"href":"https:\/\/stockify24.pl\/de\/wp-json\/wp\/v2\/media?parent=50343"}],"wp:term":[{"taxonomy":"product_brand","embeddable":true,"href":"https:\/\/stockify24.pl\/de\/wp-json\/wp\/v2\/product_brand?post=50343"},{"taxonomy":"product_cat","embeddable":true,"href":"https:\/\/stockify24.pl\/de\/wp-json\/wp\/v2\/product_cat?post=50343"},{"taxonomy":"product_tag","embeddable":true,"href":"https:\/\/stockify24.pl\/de\/wp-json\/wp\/v2\/product_tag?post=50343"}],"curies":[{"name":"wp","href":"https:\/\/api.w.org\/{rel}","templated":true}]}}