{"id":50387,"date":"2026-03-19T17:41:56","date_gmt":"2026-03-19T16:41:56","guid":{"rendered":"https:\/\/stockify24.pl\/?post_type=product&#038;p=50387"},"modified":"2026-03-30T12:02:28","modified_gmt":"2026-03-30T11:02:28","slug":"paleta-elektroniki-z-anglii-uk-a-b-6","status":"publish","type":"product","link":"https:\/\/stockify24.pl\/de\/produkt\/paleta-elektroniki-z-anglii-uk-a-b-6\/","title":{"rendered":"Paleta elektroniki z Anglii (UK) | A\u2013B | #6"},"content":{"rendered":"<h2 data-section-id=\"1b7q3ze\" data-start=\"73\" data-end=\"128\">\ud83d\udce6 Paleta elektroniki z Anglii (UK) \u2013 mix A\u2013B, 84 kg<\/h2>\n<p data-start=\"130\" data-end=\"301\">Mix elektroniki z Anglii (UK) to wygodne rozwi\u0105zanie dla sprzeda\u017cy hurtowej, e-commerce oraz reseller\u00f3w, kt\u00f3rzy chc\u0105 sprzedawa\u0107 popularn\u0105 elektronik\u0119 z dobrym potencja\u0142em.<\/p>\n<p data-start=\"303\" data-end=\"462\">Paleta zawiera produkty ze zwrot\u00f3w konsumenckich oraz nadwy\u017cek magazynowych z rynku UK. Dzi\u0119ki temu mo\u017cesz kupi\u0107 towar w ni\u017cszej cenie i zwi\u0119kszy\u0107 swoj\u0105 mar\u017c\u0119.<\/p>\n<p data-start=\"464\" data-end=\"574\">Ka\u017cdy mix elektroniki z Anglii ma losowy sk\u0142ad, co daje szeroki wyb\u00f3r produkt\u00f3w i wi\u0119cej mo\u017cliwo\u015bci sprzeda\u017cy.<\/p>\n<h2 data-section-id=\"dawekf\" data-start=\"581\" data-end=\"626\">\ud83d\udd0c Paletteninhalt - Unterhaltungselektronik<\/h2>\n<p data-start=\"628\" data-end=\"657\">W palecie mog\u0105 znajdowa\u0107 si\u0119:<\/p>\n<ul data-start=\"659\" data-end=\"866\">\n<li data-section-id=\"admbw2\" data-start=\"659\" data-end=\"686\">\n<p data-start=\"661\" data-end=\"686\">drahtlose Kopfh\u00f6rer<\/p>\n<\/li>\n<li data-section-id=\"14yyb1b\" data-start=\"687\" data-end=\"713\">\n<p data-start=\"689\" data-end=\"713\">Ladeger\u00e4te und Powerbanks<\/p>\n<\/li>\n<li data-section-id=\"2cko63\" data-start=\"714\" data-end=\"731\">\n<p data-start=\"716\" data-end=\"731\">GSM-Zubeh\u00f6r<\/p>\n<\/li>\n<li data-section-id=\"129ryor\" data-start=\"732\" data-end=\"757\">\n<p data-start=\"734\" data-end=\"757\">Smart-Home-Ger\u00e4te<\/p>\n<\/li>\n<li data-section-id=\"17lzlbi\" data-start=\"758\" data-end=\"795\">\n<p data-start=\"760\" data-end=\"795\">kleine Haushaltsger\u00e4te (z. B. Haartrockner, Massageger\u00e4te)<\/p>\n<\/li>\n<li data-section-id=\"i0l57x\" data-start=\"796\" data-end=\"834\">\n<p data-start=\"798\" data-end=\"834\">Steuerger\u00e4te und elektronische Spielereien<\/p>\n<\/li>\n<li data-section-id=\"4egyp1\" data-start=\"835\" data-end=\"866\">\n<p data-start=\"837\" data-end=\"866\">andere elektronische Produkte<\/p>\n<\/li>\n<\/ul>\n<p data-start=\"868\" data-end=\"923\">\ud83d\udcca Auf die Elektronik entfallen etwa <strong data-start=\"897\" data-end=\"923\">100% Paletteninhalt<\/strong><\/p>\n<h2 data-section-id=\"1vjjmw7\" data-start=\"930\" data-end=\"968\">\ud83c\udd70\ufe0f\ud83c\udd71\ufe0f Jako\u015b\u0107 produkt\u00f3w \u2013 klasa A\u2013B<\/h2>\n<p data-start=\"970\" data-end=\"1021\">Mix aus Elektronik aus England (UK) in der Klasse A-B bedeutet:<\/p>\n<ul data-start=\"1023\" data-end=\"1180\">\n<li data-section-id=\"1ylt7oh\" data-start=\"1023\" data-end=\"1083\">\n<p data-start=\"1025\" data-end=\"1083\">die meisten Produkte sind neu oder in sehr gutem Zustand<\/p>\n<\/li>\n<li data-section-id=\"1ydnmn3\" data-start=\"1084\" data-end=\"1120\">\n<p data-start=\"1086\" data-end=\"1120\">leichte Gebrauchsspuren m\u00f6glich<\/p>\n<\/li>\n<li data-section-id=\"8bsrvp\" data-start=\"1121\" data-end=\"1180\">\n<p data-start=\"1123\" data-end=\"1180\">mo\u017cliwa niewielka domieszka produkt\u00f3w klasy C (do 5\u20137%)<\/p>\n<\/li>\n<\/ul>\n<p data-start=\"1182\" data-end=\"1243\">Taki poziom jako\u015bci pozwala na stabiln\u0105 i op\u0142acaln\u0105 sprzeda\u017c.<\/p>\n<h2 data-section-id=\"6mpf3m\" data-start=\"1250\" data-end=\"1276\">\ud83d\udcd0 Technische Daten<\/h2>\n<ul data-start=\"1278\" data-end=\"1407\">\n<li data-section-id=\"1vvc679\" data-start=\"1278\" data-end=\"1308\">\n<p data-start=\"1280\" data-end=\"1308\">Palettenh\u00f6he: <strong data-start=\"1297\" data-end=\"1306\">60 cm<\/strong><\/p>\n<\/li>\n<li data-section-id=\"1dylhdy\" data-start=\"1309\" data-end=\"1334\">\n<p data-start=\"1311\" data-end=\"1334\">Nettogewicht: <strong data-start=\"1323\" data-end=\"1332\">84 kg<\/strong><\/p>\n<\/li>\n<li data-section-id=\"9s5onr\" data-start=\"1335\" data-end=\"1376\">\n<p data-start=\"1337\" data-end=\"1376\">Sortiment: <strong data-start=\"1349\" data-end=\"1374\">zuf\u00e4llig und vielf\u00e4ltig<\/strong><\/p>\n<\/li>\n<li data-section-id=\"14taal3\" data-start=\"1377\" data-end=\"1407\">\n<p data-start=\"1379\" data-end=\"1407\">jede Palette: <strong data-start=\"1393\" data-end=\"1405\">einzigartig<\/strong><\/p>\n<\/li>\n<\/ul>\n<p data-start=\"1409\" data-end=\"1447\">Zawarto\u015b\u0107 zale\u017cy od aktualnej dostawy.<\/p>\n<h2 data-section-id=\"1uul6na\" data-start=\"1454\" data-end=\"1484\">\ud83d\udcbc Verkaufsantrag<\/h2>\n<p data-start=\"1486\" data-end=\"1534\">Mix elektroniki z Anglii (UK) sprawdza si\u0119 jako:<\/p>\n<ul data-start=\"1536\" data-end=\"1726\">\n<li data-section-id=\"paxddz\" data-start=\"1536\" data-end=\"1580\">\n<p data-start=\"1538\" data-end=\"1580\">Palette mit Elektronik f\u00fcr den Gro\u00dfhandel<\/p>\n<\/li>\n<li data-section-id=\"22vnas\" data-start=\"1581\" data-end=\"1628\">\n<p data-start=\"1583\" data-end=\"1628\">towar do sklep\u00f3w internetowych i e-commerce <a style=\"font-family: -apple-system, BlinkMacSystemFont, &#039;Segoe UI&#039;, Roboto, &#039;Helvetica Neue&#039;, Arial, &#039;Noto Sans&#039;, sans-serif, &#039;Apple Color Emoji&#039;, &#039;Segoe UI Emoji&#039;, &#039;Segoe UI Symbol&#039;, &#039;Noto Color Emoji&#039;;\" href=\"https:\/\/allegro.pl\/\" target=\"_blank\" rel=\"noopener\">Allegro<\/a><span style=\"font-family: -apple-system, BlinkMacSystemFont, 'Segoe UI', Roboto, 'Helvetica Neue', Arial, 'Noto Sans', sans-serif, 'Apple Color Emoji', 'Segoe UI Emoji', 'Segoe UI Symbol', 'Noto Color Emoji';\">, <\/span><a style=\"font-family: -apple-system, BlinkMacSystemFont, &#039;Segoe UI&#039;, Roboto, &#039;Helvetica Neue&#039;, Arial, &#039;Noto Sans&#039;, sans-serif, &#039;Apple Color Emoji&#039;, &#039;Segoe UI Emoji&#039;, &#039;Segoe UI Symbol&#039;, &#039;Noto Color Emoji&#039;;\" href=\"https:\/\/www.olx.pl\/\" target=\"_blank\" rel=\"noopener\">OLX<\/a><span style=\"font-family: -apple-system, BlinkMacSystemFont, 'Segoe UI', Roboto, 'Helvetica Neue', Arial, 'Noto Sans', sans-serif, 'Apple Color Emoji', 'Segoe UI Emoji', 'Segoe UI Symbol', 'Noto Color Emoji';\">, <\/span><a style=\"font-family: -apple-system, BlinkMacSystemFont, &#039;Segoe UI&#039;, Roboto, &#039;Helvetica Neue&#039;, Arial, &#039;Noto Sans&#039;, sans-serif, &#039;Apple Color Emoji&#039;, &#039;Segoe UI Emoji&#039;, &#039;Segoe UI Symbol&#039;, &#039;Noto Color Emoji&#039;;\" href=\"https:\/\/www.ebay.com\/\" target=\"_blank\" rel=\"noopener\">eBay<\/a><span style=\"font-family: -apple-system, BlinkMacSystemFont, 'Segoe UI', Roboto, 'Helvetica Neue', Arial, 'Noto Sans', sans-serif, 'Apple Color Emoji', 'Segoe UI Emoji', 'Segoe UI Symbol', 'Noto Color Emoji';\">, <\/span><a style=\"font-family: -apple-system, BlinkMacSystemFont, &#039;Segoe UI&#039;, Roboto, &#039;Helvetica Neue&#039;, Arial, &#039;Noto Sans&#039;, sans-serif, &#039;Apple Color Emoji&#039;, &#039;Segoe UI Emoji&#039;, &#039;Segoe UI Symbol&#039;, &#039;Noto Color Emoji&#039;;\" href=\"https:\/\/www.amazon.com\/\" target=\"_blank\" rel=\"noopener\">Amazon<\/a><\/p>\n<\/li>\n<li data-section-id=\"11pv0kx\" data-start=\"1629\" data-end=\"1663\">\n<p data-start=\"1631\" data-end=\"1663\">Mix aus Elektronik f\u00fcr den Wiederverkauf<\/p>\n<\/li>\n<li data-section-id=\"c3btgi\" data-start=\"1664\" data-end=\"1695\">\n<p data-start=\"1666\" data-end=\"1695\">Bezug von Produkten vom britischen Markt<\/p>\n<\/li>\n<li data-section-id=\"b05b9y\" data-start=\"1696\" data-end=\"1726\">\n<p data-start=\"1698\" data-end=\"1726\">eine L\u00f6sung f\u00fcr Wiederverk\u00e4ufer<\/p>\n<\/li>\n<\/ul>\n<p data-start=\"1728\" data-end=\"1805\">R\u00f3\u017cnorodno\u015b\u0107 produkt\u00f3w pozwala zwi\u0119kszy\u0107 sprzeda\u017c i szybciej obraca\u0107 towarem.<\/p>\n<p data-start=\"1728\" data-end=\"1805\">Alle Amazon Palettenmodelle finden Sie hier <a href=\"https:\/\/stockify24.pl\/de\/sklep\/\"><strong>hier<\/strong>.<\/a><\/p>\n<h2 data-section-id=\"gfj1y1\" data-start=\"1812\" data-end=\"1825\">\ud83d\ude9a Lieferung<\/h2>\n<ul data-start=\"1827\" data-end=\"1890\">\n<li data-section-id=\"1j548yy\" data-start=\"1827\" data-end=\"1859\">\n<p data-start=\"1829\" data-end=\"1859\">Versand vom Lager in Europa<\/p>\n<\/li>\n<li data-section-id=\"igemay\" data-start=\"1860\" data-end=\"1890\">\n<p data-start=\"1862\" data-end=\"1890\">schnelle Auftragsabwicklung<\/p>\n<\/li>\n<\/ul>\n<h2 data-section-id=\"opmkg3\" data-start=\"1897\" data-end=\"1923\">\u2139\ufe0f Zus\u00e4tzliche Informationen<\/h2>\n<ul data-start=\"1925\" data-end=\"2118\">\n<li data-section-id=\"cznzdc\" data-start=\"1925\" data-end=\"1964\">\n<p data-start=\"1927\" data-end=\"1964\">das Produkt wird nicht einzeln getestet<\/p>\n<\/li>\n<li data-section-id=\"1igfwsa\" data-start=\"1965\" data-end=\"2014\">\n<p data-start=\"1967\" data-end=\"2014\">m\u00f6gliche Beimischung von Produkten der Klasse C (bis zu 5-7%)<\/p>\n<\/li>\n<li data-section-id=\"zia6d9\" data-start=\"2015\" data-end=\"2047\">\n<p data-start=\"2017\" data-end=\"2047\">jede Palette zuf\u00e4llig verpackt<\/p>\n<\/li>\n<li data-section-id=\"1mkzsla\" data-start=\"2048\" data-end=\"2118\">\n<p data-start=\"2050\" data-end=\"2118\">die Produkte stammen aus den Ertr\u00e4gen und \u00dcberschussbest\u00e4nden der Verbraucher<\/p>\n<\/li>\n<\/ul>\n<h2 data-section-id=\"1915pio\" data-start=\"2125\" data-end=\"2147\">\ud83d\udcf8 Produktfotos<\/h2>\n<p data-start=\"2149\" data-end=\"2235\">Die Fotos dienen der Veranschaulichung und zeigen einen Beispielmix von Elektronik aus England.<\/p>","protected":false},"excerpt":{"rendered":"<p class=\"p1\">\u26a1 Oko\u0142o 100% elektroniki<\/p>\n<p class=\"p1\">\ud83c\uddec\ud83c\udde7 UK<\/p>\n<p class=\"p1\">\ud83d\udd25 Amazon Returns<\/p>\n<p class=\"p1\" style=\"text-align: left;\">\u2714\ufe0f Jako\u015b\u0107 A\u2013B<\/p>","protected":false},"featured_media":50388,"comment_status":"open","ping_status":"closed","template":"","meta":{"_acf_changed":false},"product_brand":[],"product_cat":[1258,1279],"product_tag":[1280],"class_list":{"0":"post-50387","1":"product","2":"type-product","3":"status-publish","4":"has-post-thumbnail","6":"product_cat-amazon-paleta","7":"product_cat-mix-elektroniki-uk-amazon-returns-ab","8":"product_tag-paleta-mix-elektroniki-z-anglii","10":"first","11":"instock","12":"sold-individually","13":"taxable","14":"shipping-taxable","15":"purchasable","16":"product-type-simple"},"acf":[],"_links":{"self":[{"href":"https:\/\/stockify24.pl\/de\/wp-json\/wp\/v2\/product\/50387","targetHints":{"allow":["GET"]}}],"collection":[{"href":"https:\/\/stockify24.pl\/de\/wp-json\/wp\/v2\/product"}],"about":[{"href":"https:\/\/stockify24.pl\/de\/wp-json\/wp\/v2\/types\/product"}],"replies":[{"embeddable":true,"href":"https:\/\/stockify24.pl\/de\/wp-json\/wp\/v2\/comments?post=50387"}],"wp:featuredmedia":[{"embeddable":true,"href":"https:\/\/stockify24.pl\/de\/wp-json\/wp\/v2\/media\/50388"}],"wp:attachment":[{"href":"https:\/\/stockify24.pl\/de\/wp-json\/wp\/v2\/media?parent=50387"}],"wp:term":[{"taxonomy":"product_brand","embeddable":true,"href":"https:\/\/stockify24.pl\/de\/wp-json\/wp\/v2\/product_brand?post=50387"},{"taxonomy":"product_cat","embeddable":true,"href":"https:\/\/stockify24.pl\/de\/wp-json\/wp\/v2\/product_cat?post=50387"},{"taxonomy":"product_tag","embeddable":true,"href":"https:\/\/stockify24.pl\/de\/wp-json\/wp\/v2\/product_tag?post=50387"}],"curies":[{"name":"wp","href":"https:\/\/api.w.org\/{rel}","templated":true}]}}