{"id":50460,"date":"2026-03-20T07:58:49","date_gmt":"2026-03-20T06:58:49","guid":{"rendered":"https:\/\/stockify24.pl\/?post_type=product&#038;p=50460"},"modified":"2026-03-30T12:05:37","modified_gmt":"2026-03-30T11:05:37","slug":"paleta-elektroniki-z-anglii-uk-a-b-1","status":"publish","type":"product","link":"https:\/\/stockify24.pl\/de\/produkt\/paleta-elektroniki-z-anglii-uk-a-b-1\/","title":{"rendered":"Paleta elektroniki z Anglii (UK) | A\u2013B | #1"},"content":{"rendered":"<h2 data-section-id=\"1b7vg07\" data-start=\"113\" data-end=\"168\">\ud83d\udce6 Paleta elektroniki z Anglii (UK) \u2013 mix A\u2013B, 89 kg<\/h2>\n<p data-start=\"170\" data-end=\"339\">Mix elektroniki z Anglii (UK) to wygodne rozwi\u0105zanie dla sprzeda\u017cy hurtowej, e-commerce oraz reseller\u00f3w, kt\u00f3rzy chc\u0105 sprzedawa\u0107 elektronik\u0119 z rynku UK o wysokim popycie.<\/p>\n<p data-start=\"341\" data-end=\"488\">Paleta zawiera produkty ze zwrot\u00f3w konsumenckich oraz nadwy\u017cek magazynowych. Dzi\u0119ki temu mo\u017cesz kupi\u0107 towar w dobrej cenie i zwi\u0119kszy\u0107 swoj\u0105 mar\u017c\u0119.<\/p>\n<p data-start=\"490\" data-end=\"611\">Ka\u017cdy mix elektroniki z Anglii ma losowy sk\u0142ad, co pozwala oferowa\u0107 r\u00f3\u017cne produkty i lepiej dopasowa\u0107 ofert\u0119 do klient\u00f3w.<\/p>\n<h2 data-section-id=\"dawekf\" data-start=\"618\" data-end=\"663\">\ud83d\udd0c Paletteninhalt - Unterhaltungselektronik<\/h2>\n<p data-start=\"665\" data-end=\"694\">W palecie mog\u0105 znajdowa\u0107 si\u0119:<\/p>\n<ul data-start=\"696\" data-end=\"903\">\n<li data-section-id=\"admbw2\" data-start=\"696\" data-end=\"723\">\n<p data-start=\"698\" data-end=\"723\">drahtlose Kopfh\u00f6rer<\/p>\n<\/li>\n<li data-section-id=\"14yyb1b\" data-start=\"724\" data-end=\"750\">\n<p data-start=\"726\" data-end=\"750\">Ladeger\u00e4te und Powerbanks<\/p>\n<\/li>\n<li data-section-id=\"2cko63\" data-start=\"751\" data-end=\"768\">\n<p data-start=\"753\" data-end=\"768\">GSM-Zubeh\u00f6r<\/p>\n<\/li>\n<li data-section-id=\"129ryor\" data-start=\"769\" data-end=\"794\">\n<p data-start=\"771\" data-end=\"794\">Smart-Home-Ger\u00e4te<\/p>\n<\/li>\n<li data-section-id=\"17lzlbi\" data-start=\"795\" data-end=\"832\">\n<p data-start=\"797\" data-end=\"832\">kleine Haushaltsger\u00e4te (z. B. Haartrockner, Massageger\u00e4te)<\/p>\n<\/li>\n<li data-section-id=\"i0l57x\" data-start=\"833\" data-end=\"871\">\n<p data-start=\"835\" data-end=\"871\">Steuerger\u00e4te und elektronische Spielereien<\/p>\n<\/li>\n<li data-section-id=\"4egyp1\" data-start=\"872\" data-end=\"903\">\n<p data-start=\"874\" data-end=\"903\">andere elektronische Produkte<\/p>\n<\/li>\n<\/ul>\n<p data-start=\"905\" data-end=\"960\">\ud83d\udcca Auf die Elektronik entfallen etwa <strong data-start=\"934\" data-end=\"960\">100% Paletteninhalt<\/strong><\/p>\n<h2 data-section-id=\"1vjjmw7\" data-start=\"967\" data-end=\"1005\">\ud83c\udd70\ufe0f\ud83c\udd71\ufe0f Jako\u015b\u0107 produkt\u00f3w \u2013 klasa A\u2013B<\/h2>\n<p data-start=\"1007\" data-end=\"1058\">Mix aus Elektronik aus England (UK) in der Klasse A-B bedeutet:<\/p>\n<ul data-start=\"1060\" data-end=\"1217\">\n<li data-section-id=\"1ylt7oh\" data-start=\"1060\" data-end=\"1120\">\n<p data-start=\"1062\" data-end=\"1120\">die meisten Produkte sind neu oder in sehr gutem Zustand<\/p>\n<\/li>\n<li data-section-id=\"jqrsyy\" data-start=\"1121\" data-end=\"1157\">\n<p data-start=\"1123\" data-end=\"1157\">geringe Gebrauchsspuren m\u00f6glich<\/p>\n<\/li>\n<li data-section-id=\"8bsrvp\" data-start=\"1158\" data-end=\"1217\">\n<p data-start=\"1160\" data-end=\"1217\">mo\u017cliwa niewielka domieszka produkt\u00f3w klasy C (do 5\u20137%)<\/p>\n<\/li>\n<\/ul>\n<p data-start=\"1219\" data-end=\"1284\">Taki poziom jako\u015bci pozwala na stabiln\u0105 sprzeda\u017c i dobr\u0105 rotacj\u0119.<\/p>\n<h2 data-section-id=\"6mpf3m\" data-start=\"1291\" data-end=\"1317\">\ud83d\udcd0 Technische Daten<\/h2>\n<ul data-start=\"1319\" data-end=\"1448\">\n<li data-section-id=\"1vvc679\" data-start=\"1319\" data-end=\"1349\">\n<p data-start=\"1321\" data-end=\"1349\">Palettenh\u00f6he: <strong data-start=\"1338\" data-end=\"1347\">60 cm<\/strong><\/p>\n<\/li>\n<li data-section-id=\"1n86v3f\" data-start=\"1350\" data-end=\"1375\">\n<p data-start=\"1352\" data-end=\"1375\">Nettogewicht: <strong data-start=\"1364\" data-end=\"1373\">89 kg<\/strong><\/p>\n<\/li>\n<li data-section-id=\"9s5onr\" data-start=\"1376\" data-end=\"1417\">\n<p data-start=\"1378\" data-end=\"1417\">Sortiment: <strong data-start=\"1390\" data-end=\"1415\">zuf\u00e4llig und vielf\u00e4ltig<\/strong><\/p>\n<\/li>\n<li data-section-id=\"14taal3\" data-start=\"1418\" data-end=\"1448\">\n<p data-start=\"1420\" data-end=\"1448\">jede Palette: <strong data-start=\"1434\" data-end=\"1446\">einzigartig<\/strong><\/p>\n<\/li>\n<\/ul>\n<p data-start=\"1450\" data-end=\"1488\">Zawarto\u015b\u0107 zale\u017cy od aktualnej dostawy.<\/p>\n<h2 data-section-id=\"1nzb8um\" data-start=\"2048\" data-end=\"2088\">\ud83d\udcbc Zastosowanie w e-commerce i handlu<\/h2>\n<p data-start=\"2090\" data-end=\"2179\">Paleta elektroniki Amazon sprawdza si\u0119 w modelach sprzeda\u017cy opartych na ilo\u015bci i rotacji:<\/p>\n<ul data-start=\"2181\" data-end=\"2344\">\n<li data-section-id=\"1c1wa51\" data-start=\"2181\" data-end=\"2224\">sprzeda\u017c na <a href=\"https:\/\/allegro.pl\/\" target=\"_blank\" rel=\"noopener\">Allegro<\/a>, <a href=\"https:\/\/www.olx.pl\/\" target=\"_blank\" rel=\"noopener\">OLX<\/a>, <a href=\"https:\/\/www.ebay.com\/\" target=\"_blank\" rel=\"noopener\">eBay<\/a>, <a href=\"https:\/\/www.amazon.com\/\" target=\"_blank\" rel=\"noopener\">Amazon<\/a><\/li>\n<li data-section-id=\"1fmpn86\" data-start=\"2225\" data-end=\"2247\">Webshops<\/li>\n<li data-section-id=\"gynsj7\" data-start=\"2248\" data-end=\"2281\">sprzeda\u017c detaliczna i hurtowa<\/li>\n<li data-section-id=\"161gjv4\" data-start=\"2282\" data-end=\"2320\">rozw\u00f3j w\u0142asnego magazynu produkt\u00f3w<\/li>\n<li data-section-id=\"1fuo8gv\" data-start=\"2321\" data-end=\"2344\">rozszerzenie oferty<\/li>\n<\/ul>\n<p data-start=\"2346\" data-end=\"2462\">To rozwi\u0105zanie pozwala zwi\u0119kszy\u0107 liczb\u0119 produkt\u00f3w i poprawi\u0107 wyniki sprzeda\u017cy bez zwi\u0119kszania koszt\u00f3w jednostkowych.<\/p>\n<p data-start=\"2346\" data-end=\"2462\">Alle Amazon Palettenmodelle finden Sie hier <a href=\"https:\/\/stockify24.pl\/de\/sklep\/\"><strong>hier<\/strong>.<\/a><\/p>\n<h2 data-section-id=\"gfj1y1\" data-start=\"1854\" data-end=\"1867\">\ud83d\ude9a Lieferung<\/h2>\n<ul data-start=\"1869\" data-end=\"1932\">\n<li data-section-id=\"1j548yy\" data-start=\"1869\" data-end=\"1901\">\n<p data-start=\"1871\" data-end=\"1901\">Versand vom Lager in Europa<\/p>\n<\/li>\n<li data-section-id=\"igemay\" data-start=\"1902\" data-end=\"1932\">\n<p data-start=\"1904\" data-end=\"1932\">schnelle Auftragsabwicklung<\/p>\n<\/li>\n<\/ul>\n<h2 data-section-id=\"opmkg3\" data-start=\"1939\" data-end=\"1965\">\u2139\ufe0f Zus\u00e4tzliche Informationen<\/h2>\n<ul data-start=\"1967\" data-end=\"2160\">\n<li data-section-id=\"cznzdc\" data-start=\"1967\" data-end=\"2006\">\n<p data-start=\"1969\" data-end=\"2006\">das Produkt wird nicht einzeln getestet<\/p>\n<\/li>\n<li data-section-id=\"1igfwsa\" data-start=\"2007\" data-end=\"2056\">\n<p data-start=\"2009\" data-end=\"2056\">m\u00f6gliche Beimischung von Produkten der Klasse C (bis zu 5-7%)<\/p>\n<\/li>\n<li data-section-id=\"zia6d9\" data-start=\"2057\" data-end=\"2089\">\n<p data-start=\"2059\" data-end=\"2089\">jede Palette zuf\u00e4llig verpackt<\/p>\n<\/li>\n<li data-section-id=\"1mkzsla\" data-start=\"2090\" data-end=\"2160\">\n<p data-start=\"2092\" data-end=\"2160\">die Produkte stammen aus den Ertr\u00e4gen und \u00dcberschussbest\u00e4nden der Verbraucher<\/p>\n<\/li>\n<\/ul>\n<h2 data-section-id=\"1915pio\" data-start=\"2167\" data-end=\"2189\">\ud83d\udcf8 Produktfotos<\/h2>\n<p data-start=\"2191\" data-end=\"2277\">Die Fotos dienen der Veranschaulichung und zeigen einen Beispielmix von Elektronik aus England.<\/p>","protected":false},"excerpt":{"rendered":"<p class=\"p1\">\u26a1 Oko\u0142o 100% elektroniki<\/p>\n<p class=\"p1\">\ud83c\uddec\ud83c\udde7 UK<\/p>\n<p class=\"p1\">\ud83d\udd25 Amazon Returns<\/p>\n<p class=\"p1\" style=\"text-align: left;\">\u2714\ufe0f Jako\u015b\u0107 A\u2013B<\/p>","protected":false},"featured_media":50461,"comment_status":"open","ping_status":"closed","template":"","meta":{"_acf_changed":false},"product_brand":[],"product_cat":[1258,1279],"product_tag":[1280],"class_list":{"0":"post-50460","1":"product","2":"type-product","3":"status-publish","4":"has-post-thumbnail","6":"product_cat-amazon-paleta","7":"product_cat-mix-elektroniki-uk-amazon-returns-ab","8":"product_tag-paleta-mix-elektroniki-z-anglii","10":"first","11":"instock","12":"sold-individually","13":"taxable","14":"shipping-taxable","15":"purchasable","16":"product-type-simple"},"acf":[],"_links":{"self":[{"href":"https:\/\/stockify24.pl\/de\/wp-json\/wp\/v2\/product\/50460","targetHints":{"allow":["GET"]}}],"collection":[{"href":"https:\/\/stockify24.pl\/de\/wp-json\/wp\/v2\/product"}],"about":[{"href":"https:\/\/stockify24.pl\/de\/wp-json\/wp\/v2\/types\/product"}],"replies":[{"embeddable":true,"href":"https:\/\/stockify24.pl\/de\/wp-json\/wp\/v2\/comments?post=50460"}],"wp:featuredmedia":[{"embeddable":true,"href":"https:\/\/stockify24.pl\/de\/wp-json\/wp\/v2\/media\/50461"}],"wp:attachment":[{"href":"https:\/\/stockify24.pl\/de\/wp-json\/wp\/v2\/media?parent=50460"}],"wp:term":[{"taxonomy":"product_brand","embeddable":true,"href":"https:\/\/stockify24.pl\/de\/wp-json\/wp\/v2\/product_brand?post=50460"},{"taxonomy":"product_cat","embeddable":true,"href":"https:\/\/stockify24.pl\/de\/wp-json\/wp\/v2\/product_cat?post=50460"},{"taxonomy":"product_tag","embeddable":true,"href":"https:\/\/stockify24.pl\/de\/wp-json\/wp\/v2\/product_tag?post=50460"}],"curies":[{"name":"wp","href":"https:\/\/api.w.org\/{rel}","templated":true}]}}