{"id":50466,"date":"2026-03-20T09:39:31","date_gmt":"2026-03-20T08:39:31","guid":{"rendered":"https:\/\/stockify24.pl\/?post_type=product&#038;p=50466"},"modified":"2026-03-30T12:07:51","modified_gmt":"2026-03-30T11:07:51","slug":"paleta-elektroniki-premium-z-europy-a-b-26","status":"publish","type":"product","link":"https:\/\/stockify24.pl\/de\/produkt\/paleta-elektroniki-premium-z-europy-a-b-26\/","title":{"rendered":"PREMIUM-Elektronikpalette aus Europa (EU) | A-B | #26"},"content":{"rendered":"<h2 data-section-id=\"78ry54\" data-start=\"100\" data-end=\"167\">\ud83d\udce6 Paleta elektroniki z Europy (EU) \u2013 AMAZON PREMIUM, A\u2013B, 94 kg<\/h2>\n<p data-start=\"169\" data-end=\"355\">Paleta z Europy (EU) AMAZON PREMIUM to oferta dla sprzeda\u017cy hurtowej, e-commerce oraz reseller\u00f3w, kt\u00f3rzy szukaj\u0105 towaru z wysokim udzia\u0142em elektroniki i potencja\u0142em odsprzeda\u017cy.<\/p>\n<p data-start=\"357\" data-end=\"530\">Mix pochodzi ze zwrot\u00f3w konsumenckich Amazon (Amazon Returns). Oko\u0142o <strong data-start=\"429\" data-end=\"476\">98% Inhalt ist Unterhaltungselektronik<\/strong>, co zwi\u0119ksza warto\u015b\u0107 handlow\u0105 i mo\u017cliwo\u015bci sprzeda\u017cy.<\/p>\n<p data-start=\"532\" data-end=\"637\">Towar jest niesortowany, co oznacza realne miksowanie produkt\u00f3w i brak selekcji \u2014 ka\u017cda paleta jest inna.<\/p>\n<h2 data-section-id=\"etdj8p\" data-start=\"644\" data-end=\"680\">\ud83d\udd0c Zawarto\u015b\u0107 palety \u2013 elektronika<\/h2>\n<p data-start=\"682\" data-end=\"739\">Die Palette enth\u00e4lt etwa <strong data-start=\"712\" data-end=\"731\">30\u201340 produkt\u00f3w<\/strong>, einschlie\u00dflich:<\/p>\n<ul data-start=\"741\" data-end=\"910\">\n<li data-section-id=\"admbw2\" data-start=\"741\" data-end=\"768\">\n<p data-start=\"743\" data-end=\"768\">drahtlose Kopfh\u00f6rer<\/p>\n<\/li>\n<li data-section-id=\"14yyb1b\" data-start=\"769\" data-end=\"795\">\n<p data-start=\"771\" data-end=\"795\">Ladeger\u00e4te und Powerbanks<\/p>\n<\/li>\n<li data-section-id=\"2cko63\" data-start=\"796\" data-end=\"813\">\n<p data-start=\"798\" data-end=\"813\">GSM-Zubeh\u00f6r<\/p>\n<\/li>\n<li data-section-id=\"129ryor\" data-start=\"814\" data-end=\"839\">\n<p data-start=\"816\" data-end=\"839\">Smart-Home-Ger\u00e4te<\/p>\n<\/li>\n<li data-section-id=\"dys3xd\" data-start=\"840\" data-end=\"852\">\n<p data-start=\"842\" data-end=\"852\">kleine Haushaltsger\u00e4te<\/p>\n<\/li>\n<li data-section-id=\"6uw8kl\" data-start=\"853\" data-end=\"878\">\n<p data-start=\"855\" data-end=\"878\">elektronische Gadgets<\/p>\n<\/li>\n<li data-section-id=\"4egyp1\" data-start=\"879\" data-end=\"910\">\n<p data-start=\"881\" data-end=\"910\">andere elektronische Produkte<\/p>\n<\/li>\n<\/ul>\n<p data-start=\"912\" data-end=\"966\">\ud83d\udcca Auf die Elektronik entfallen etwa <strong data-start=\"941\" data-end=\"966\">98% zawarto\u015bci palety<\/strong><\/p>\n<h2 data-section-id=\"r54748\" data-start=\"973\" data-end=\"1014\">\ud83c\udd70\ufe0f\ud83c\udd71\ufe0f Produktqualit\u00e4t - A-B-Standard<\/h2>\n<p data-start=\"1016\" data-end=\"1054\">Mix obejmuje produkty w klasie A\u2013B:<\/p>\n<ul data-start=\"1056\" data-end=\"1186\">\n<li data-section-id=\"1ylt7oh\" data-start=\"1056\" data-end=\"1116\">\n<p data-start=\"1058\" data-end=\"1116\">die meisten Produkte sind neu oder in sehr gutem Zustand<\/p>\n<\/li>\n<li data-section-id=\"edpyxm\" data-start=\"1117\" data-end=\"1146\">\n<p data-start=\"1119\" data-end=\"1146\">m\u00f6gliche Gebrauchsspuren<\/p>\n<\/li>\n<li data-section-id=\"iag8fx\" data-start=\"1147\" data-end=\"1186\">\n<p data-start=\"1149\" data-end=\"1186\">m\u00f6gliche Beimischung von Klasse C (bis zu 5-7%)<\/p>\n<\/li>\n<\/ul>\n<p data-start=\"1188\" data-end=\"1243\">Towar pochodzi z niesprawdzonych zwrot\u00f3w konsumenckich.<\/p>\n<h2 data-section-id=\"6mpf3m\" data-start=\"1250\" data-end=\"1276\">\ud83d\udcd0 Technische Daten<\/h2>\n<ul data-start=\"1278\" data-end=\"1434\">\n<li data-section-id=\"1an53wn\" data-start=\"1278\" data-end=\"1303\">\n<p data-start=\"1280\" data-end=\"1303\">Nettogewicht: <strong data-start=\"1292\" data-end=\"1301\">94 kg<\/strong><\/p>\n<\/li>\n<li data-section-id=\"rckeqa\" data-start=\"1304\" data-end=\"1335\">\n<p data-start=\"1306\" data-end=\"1335\">Palettenh\u00f6he: <strong data-start=\"1323\" data-end=\"1333\">1 Meter<\/strong><\/p>\n<\/li>\n<li data-section-id=\"6cyh5q\" data-start=\"1336\" data-end=\"1376\">\n<p data-start=\"1338\" data-end=\"1376\">Anzahl der Produkte: <strong data-start=\"1355\" data-end=\"1374\">ca. 30-40 St\u00fcck<\/strong><\/p>\n<\/li>\n<li data-section-id=\"12vhqkz\" data-start=\"1377\" data-end=\"1403\">\n<p data-start=\"1379\" data-end=\"1403\">Sortiment: <strong data-start=\"1391\" data-end=\"1401\">losowy<\/strong><\/p>\n<\/li>\n<li data-section-id=\"14taal3\" data-start=\"1404\" data-end=\"1434\">\n<p data-start=\"1406\" data-end=\"1434\">jede Palette: <strong data-start=\"1420\" data-end=\"1432\">einzigartig<\/strong><\/p>\n<\/li>\n<\/ul>\n<p data-start=\"1436\" data-end=\"1481\">Der Inhalt h\u00e4ngt von der aktuellen Liefercharge ab.<\/p>\n<h2 data-section-id=\"1uul6na\" data-start=\"1488\" data-end=\"1518\">\ud83d\udcbc Verkaufsantrag<\/h2>\n<p data-start=\"1520\" data-end=\"1560\">Mix AMAZON PREMIUM sprawdza si\u0119 jako:<\/p>\n<ul data-start=\"1562\" data-end=\"1725\">\n<li data-section-id=\"a5hgg5\" data-start=\"1562\" data-end=\"1592\">\n<p data-start=\"1564\" data-end=\"1592\">elektronika do odsprzeda\u017cy<\/p>\n<\/li>\n<li data-section-id=\"1qlsqin\" data-start=\"1593\" data-end=\"1630\">\n<p data-start=\"1595\" data-end=\"1630\">Waren f\u00fcr den elektronischen Handel und Marktplatz <a style=\"font-family: -apple-system, BlinkMacSystemFont, &#039;Segoe UI&#039;, Roboto, &#039;Helvetica Neue&#039;, Arial, &#039;Noto Sans&#039;, sans-serif, &#039;Apple Color Emoji&#039;, &#039;Segoe UI Emoji&#039;, &#039;Segoe UI Symbol&#039;, &#039;Noto Color Emoji&#039;;\" href=\"https:\/\/allegro.pl\/\" target=\"_blank\" rel=\"noopener\">Allegro<\/a><span style=\"font-family: -apple-system, BlinkMacSystemFont, 'Segoe UI', Roboto, 'Helvetica Neue', Arial, 'Noto Sans', sans-serif, 'Apple Color Emoji', 'Segoe UI Emoji', 'Segoe UI Symbol', 'Noto Color Emoji';\">, <\/span><a style=\"font-family: -apple-system, BlinkMacSystemFont, &#039;Segoe UI&#039;, Roboto, &#039;Helvetica Neue&#039;, Arial, &#039;Noto Sans&#039;, sans-serif, &#039;Apple Color Emoji&#039;, &#039;Segoe UI Emoji&#039;, &#039;Segoe UI Symbol&#039;, &#039;Noto Color Emoji&#039;;\" href=\"https:\/\/www.olx.pl\/\" target=\"_blank\" rel=\"noopener\">OLX<\/a><span style=\"font-family: -apple-system, BlinkMacSystemFont, 'Segoe UI', Roboto, 'Helvetica Neue', Arial, 'Noto Sans', sans-serif, 'Apple Color Emoji', 'Segoe UI Emoji', 'Segoe UI Symbol', 'Noto Color Emoji';\">, <\/span><a style=\"font-family: -apple-system, BlinkMacSystemFont, &#039;Segoe UI&#039;, Roboto, &#039;Helvetica Neue&#039;, Arial, &#039;Noto Sans&#039;, sans-serif, &#039;Apple Color Emoji&#039;, &#039;Segoe UI Emoji&#039;, &#039;Segoe UI Symbol&#039;, &#039;Noto Color Emoji&#039;;\" href=\"https:\/\/www.ebay.com\/\" target=\"_blank\" rel=\"noopener\">eBay<\/a><span style=\"font-family: -apple-system, BlinkMacSystemFont, 'Segoe UI', Roboto, 'Helvetica Neue', Arial, 'Noto Sans', sans-serif, 'Apple Color Emoji', 'Segoe UI Emoji', 'Segoe UI Symbol', 'Noto Color Emoji';\">, <\/span><a style=\"font-family: -apple-system, BlinkMacSystemFont, &#039;Segoe UI&#039;, Roboto, &#039;Helvetica Neue&#039;, Arial, &#039;Noto Sans&#039;, sans-serif, &#039;Apple Color Emoji&#039;, &#039;Segoe UI Emoji&#039;, &#039;Segoe UI Symbol&#039;, &#039;Noto Color Emoji&#039;;\" href=\"https:\/\/www.amazon.com\/\" target=\"_blank\" rel=\"noopener\">Amazon<\/a><\/p>\n<\/li>\n<li data-section-id=\"jw53y9\" data-start=\"1631\" data-end=\"1668\">\n<p data-start=\"1633\" data-end=\"1668\">paleta elektroniki Amazon returns<\/p>\n<\/li>\n<li data-section-id=\"13lri8k\" data-start=\"1669\" data-end=\"1725\">\n<p data-start=\"1671\" data-end=\"1725\">\u017ar\u00f3d\u0142o produkt\u00f3w do sprzeda\u017cy hurtowej i detalicznej<\/p>\n<\/li>\n<\/ul>\n<p data-start=\"1727\" data-end=\"1782\">Wysoki udzia\u0142 elektroniki zwi\u0119ksza potencja\u0142 sprzeda\u017cy.<\/p>\n<p data-start=\"1727\" data-end=\"1782\">Alle Amazon Palettenmodelle finden Sie hier <a href=\"https:\/\/stockify24.pl\/de\/sklep\/\"><strong>hier<\/strong>.<\/a><\/p>\n<h2 data-section-id=\"gfj1y1\" data-start=\"1789\" data-end=\"1802\">\ud83d\ude9a Lieferung<\/h2>\n<ul data-start=\"1804\" data-end=\"1867\">\n<li data-section-id=\"1j548yy\" data-start=\"1804\" data-end=\"1836\">\n<p data-start=\"1806\" data-end=\"1836\">Versand vom Lager in Europa<\/p>\n<\/li>\n<li data-section-id=\"igemay\" data-start=\"1837\" data-end=\"1867\">\n<p data-start=\"1839\" data-end=\"1867\">schnelle Auftragsabwicklung<\/p>\n<\/li>\n<\/ul>\n<h2 data-section-id=\"opmkg3\" data-start=\"1874\" data-end=\"1900\">\u2139\ufe0f Zus\u00e4tzliche Informationen<\/h2>\n<ul data-start=\"1902\" data-end=\"2055\">\n<li data-section-id=\"oo8lin\" data-start=\"1902\" data-end=\"1941\">\n<p data-start=\"1904\" data-end=\"1941\">unsortierte Waren (Amazon Returns)<\/p>\n<\/li>\n<li data-section-id=\"23fumv\" data-start=\"1942\" data-end=\"1982\">\n<p data-start=\"1944\" data-end=\"1982\">die Produkte werden nicht einzeln getestet<\/p>\n<\/li>\n<li data-section-id=\"iag8fx\" data-start=\"1983\" data-end=\"2022\">\n<p data-start=\"1985\" data-end=\"2022\">m\u00f6gliche Beimischung von Klasse C (bis zu 5-7%)<\/p>\n<\/li>\n<li data-section-id=\"zia6d9\" data-start=\"2023\" data-end=\"2055\">\n<p data-start=\"2025\" data-end=\"2055\">jede Palette zuf\u00e4llig verpackt<\/p>\n<\/li>\n<\/ul>\n<h2 data-section-id=\"1915pio\" data-start=\"2062\" data-end=\"2084\">\ud83d\udcf8 Produktfotos<\/h2>\n<p data-start=\"2086\" data-end=\"2172\">Die Fotos dienen der Veranschaulichung und zeigen einen Beispielmix von Elektronik aus Europa.<\/p>","protected":false},"excerpt":{"rendered":"<p class=\"p1\">\u26a1 Oko\u0142o 100% elektroniki<\/p>\n<p class=\"p1\">\ud83c\uddea\ud83c\uddfa EU<\/p>\n<p class=\"p1\">\ud83d\udd25 Amazon Returns Premium<\/p>\n<p class=\"p1\" style=\"text-align: left;\">\u2714\ufe0f Jako\u015b\u0107 A\u2013B<\/p>","protected":false},"featured_media":50462,"comment_status":"open","ping_status":"closed","template":"","meta":{"_acf_changed":false},"product_brand":[],"product_cat":[1258,1281],"product_tag":[1274],"class_list":{"0":"post-50466","1":"product","2":"type-product","3":"status-publish","4":"has-post-thumbnail","6":"product_cat-amazon-paleta","7":"product_cat-premium-mix-elektroniki-eu-amazon-returns-ab","8":"product_tag-paleta-mix-elektroniki-z-europy","10":"first","11":"instock","12":"sold-individually","13":"taxable","14":"shipping-taxable","15":"purchasable","16":"product-type-simple"},"acf":[],"_links":{"self":[{"href":"https:\/\/stockify24.pl\/de\/wp-json\/wp\/v2\/product\/50466","targetHints":{"allow":["GET"]}}],"collection":[{"href":"https:\/\/stockify24.pl\/de\/wp-json\/wp\/v2\/product"}],"about":[{"href":"https:\/\/stockify24.pl\/de\/wp-json\/wp\/v2\/types\/product"}],"replies":[{"embeddable":true,"href":"https:\/\/stockify24.pl\/de\/wp-json\/wp\/v2\/comments?post=50466"}],"wp:featuredmedia":[{"embeddable":true,"href":"https:\/\/stockify24.pl\/de\/wp-json\/wp\/v2\/media\/50462"}],"wp:attachment":[{"href":"https:\/\/stockify24.pl\/de\/wp-json\/wp\/v2\/media?parent=50466"}],"wp:term":[{"taxonomy":"product_brand","embeddable":true,"href":"https:\/\/stockify24.pl\/de\/wp-json\/wp\/v2\/product_brand?post=50466"},{"taxonomy":"product_cat","embeddable":true,"href":"https:\/\/stockify24.pl\/de\/wp-json\/wp\/v2\/product_cat?post=50466"},{"taxonomy":"product_tag","embeddable":true,"href":"https:\/\/stockify24.pl\/de\/wp-json\/wp\/v2\/product_tag?post=50466"}],"curies":[{"name":"wp","href":"https:\/\/api.w.org\/{rel}","templated":true}]}}