{"id":50471,"date":"2026-03-20T10:11:48","date_gmt":"2026-03-20T09:11:48","guid":{"rendered":"https:\/\/stockify24.pl\/?post_type=product&#038;p=50471"},"modified":"2026-03-30T12:11:41","modified_gmt":"2026-03-30T11:11:41","slug":"paleta-elektroniki-premium-z-europy-31","status":"publish","type":"product","link":"https:\/\/stockify24.pl\/de\/produkt\/paleta-elektroniki-premium-z-europy-31\/","title":{"rendered":"PREMIUM-Elektronikpalette aus Europa (EU) | A-B | #31"},"content":{"rendered":"<h2 data-section-id=\"78pon3\" data-start=\"119\" data-end=\"186\">\ud83d\udce6 Elektronikpalette aus Europa (EU) - AMAZON PREMIUM, A-B, 93 kg<\/h2>\n<p data-start=\"188\" data-end=\"395\">Gemischte Elektronik aus Europa (EU) AMAZON PREMIUM ist ein professionelles Angebot f\u00fcr Gro\u00dfh\u00e4ndler, E-Commerce und Wiederverk\u00e4ufer, die Waren mit hohem Elektronikanteil und echtem Umsatzpotenzial ben\u00f6tigen.<\/p>\n<p data-start=\"397\" data-end=\"579\">Die Palette stammt aus Amazon-R\u00fccksendungen (Amazon Returns). \u00dcber <strong data-start=\"469\" data-end=\"516\">98% Inhalt ist Unterhaltungselektronik<\/strong>, Dies erh\u00f6ht den Handelswert und beschleunigt den Produktumsatz.<\/p>\n<p data-start=\"581\" data-end=\"686\">Die Waren sind unsortiert - jede Palette enth\u00e4lt einen zuf\u00e4lligen Satz von Produkten und hat keine feste Spezifikation.<\/p>\n<p data-start=\"581\" data-end=\"686\">Alle Amazon Palettenmodelle finden Sie hier <a href=\"https:\/\/stockify24.pl\/de\/sklep\/\"><strong>hier<\/strong>.<\/a><\/p>\n<h2 data-section-id=\"5111e3\" data-start=\"693\" data-end=\"740\">\ud83d\udd0c Paletteninhalt - Amazon Elektronik Mix<\/h2>\n<p data-start=\"742\" data-end=\"815\">Die Palette enth\u00e4lt etwa <strong data-start=\"772\" data-end=\"807\">30-40 elektronische Produkte<\/strong>, einschlie\u00dflich:<\/p>\n<ul data-start=\"817\" data-end=\"1007\">\n<li data-section-id=\"admbw2\" data-start=\"817\" data-end=\"844\">\n<p data-start=\"819\" data-end=\"844\">drahtlose Kopfh\u00f6rer<\/p>\n<\/li>\n<li data-section-id=\"14yyb1b\" data-start=\"845\" data-end=\"871\">\n<p data-start=\"847\" data-end=\"871\">Ladeger\u00e4te und Powerbanks<\/p>\n<\/li>\n<li data-section-id=\"2cko63\" data-start=\"872\" data-end=\"889\">\n<p data-start=\"874\" data-end=\"889\">GSM-Zubeh\u00f6r<\/p>\n<\/li>\n<li data-section-id=\"129ryor\" data-start=\"890\" data-end=\"915\">\n<p data-start=\"892\" data-end=\"915\">Smart-Home-Ger\u00e4te<\/p>\n<\/li>\n<li data-section-id=\"dys3xd\" data-start=\"916\" data-end=\"928\">\n<p data-start=\"918\" data-end=\"928\">kleine Haushaltsger\u00e4te<\/p>\n<\/li>\n<li data-section-id=\"i0l57x\" data-start=\"929\" data-end=\"967\">\n<p data-start=\"931\" data-end=\"967\">Steuerger\u00e4te und elektronische Spielereien<\/p>\n<\/li>\n<li data-section-id=\"1s1m71p\" data-start=\"968\" data-end=\"1007\">\n<p data-start=\"970\" data-end=\"1007\">andere Produkte der Unterhaltungselektronik<\/p>\n<\/li>\n<\/ul>\n<p data-start=\"1009\" data-end=\"1063\">\ud83d\udcca Anteil der Elektronik: <strong data-start=\"1032\" data-end=\"1063\">ungef\u00e4hr 98% Paletteninhalt<\/strong><\/p>\n<h2 data-section-id=\"1s8xvs9\" data-start=\"1070\" data-end=\"1125\">\ud83c\udd70\ufe0f\ud83c\udd71\ufe0f Produktqualit\u00e4t - Note A-B (Amazon Returns)<\/h2>\n<p data-start=\"1127\" data-end=\"1208\">Der AMAZON PREMIUM Elektronik-Mix aus Europa (EU) umfasst A-B Standardprodukte:<\/p>\n<ul data-start=\"1210\" data-end=\"1357\">\n<li data-section-id=\"1ylt7oh\" data-start=\"1210\" data-end=\"1270\">\n<p data-start=\"1212\" data-end=\"1270\">die meisten Produkte sind neu oder in sehr gutem Zustand<\/p>\n<\/li>\n<li data-section-id=\"jqrsyy\" data-start=\"1271\" data-end=\"1307\">\n<p data-start=\"1273\" data-end=\"1307\">geringe Gebrauchsspuren m\u00f6glich<\/p>\n<\/li>\n<li data-section-id=\"13485k2\" data-start=\"1308\" data-end=\"1357\">\n<p data-start=\"1310\" data-end=\"1357\">geringe Beimischung von Klasse C m\u00f6glich (bis zu 5-7%)<\/p>\n<\/li>\n<\/ul>\n<p data-start=\"1359\" data-end=\"1424\">Die Produkte stammen aus den ungepr\u00fcften R\u00fccksendungen von Amazon.<\/p>\n<h2 data-section-id=\"1v9slaf\" data-start=\"1431\" data-end=\"1464\">\ud83d\udcd0 Technische Daten der Palette<\/h2>\n<ul data-start=\"1466\" data-end=\"1637\">\n<li data-section-id=\"so9zmo\" data-start=\"1466\" data-end=\"1491\">\n<p data-start=\"1468\" data-end=\"1491\">Nettogewicht: <strong data-start=\"1480\" data-end=\"1489\">93 kg<\/strong><\/p>\n<\/li>\n<li data-section-id=\"rckeqa\" data-start=\"1492\" data-end=\"1523\">\n<p data-start=\"1494\" data-end=\"1523\">Palettenh\u00f6he: <strong data-start=\"1511\" data-end=\"1521\">1 Meter<\/strong><\/p>\n<\/li>\n<li data-section-id=\"6cyh5q\" data-start=\"1524\" data-end=\"1564\">\n<p data-start=\"1526\" data-end=\"1564\">Anzahl der Produkte: <strong data-start=\"1543\" data-end=\"1562\">ca. 30-40 St\u00fcck<\/strong><\/p>\n<\/li>\n<li data-section-id=\"9s5onr\" data-start=\"1565\" data-end=\"1606\">\n<p data-start=\"1567\" data-end=\"1606\">Sortiment: <strong data-start=\"1579\" data-end=\"1604\">zuf\u00e4llig und vielf\u00e4ltig<\/strong><\/p>\n<\/li>\n<li data-section-id=\"14taal3\" data-start=\"1607\" data-end=\"1637\">\n<p data-start=\"1609\" data-end=\"1637\">jede Palette: <strong data-start=\"1623\" data-end=\"1635\">einzigartig<\/strong><\/p>\n<\/li>\n<\/ul>\n<p data-start=\"1639\" data-end=\"1684\">Der Inhalt h\u00e4ngt von der aktuellen Liefercharge ab.<\/p>\n<h2 data-section-id=\"kilpj5\" data-start=\"1691\" data-end=\"1738\">\ud83d\udcbc Anwendung - Elektronik zum Wiederverkauf<\/h2>\n<p data-start=\"1740\" data-end=\"1783\"><strong>AMAZON PREMIUM EU-Palette<\/strong> funktioniert als:<\/p>\n<ul data-start=\"1785\" data-end=\"1971\">\n<li data-section-id=\"1jlmfwm\" data-start=\"1785\" data-end=\"1835\">\n<p data-start=\"1787\" data-end=\"1835\">paleta elektroniki do e-commerce i marketplace (<a style=\"font-family: -apple-system, BlinkMacSystemFont, &#039;Segoe UI&#039;, Roboto, &#039;Helvetica Neue&#039;, Arial, &#039;Noto Sans&#039;, sans-serif, &#039;Apple Color Emoji&#039;, &#039;Segoe UI Emoji&#039;, &#039;Segoe UI Symbol&#039;, &#039;Noto Color Emoji&#039;;\" href=\"https:\/\/allegro.pl\/\" target=\"_blank\" rel=\"noopener\">Allegro<\/a><span style=\"font-family: -apple-system, BlinkMacSystemFont, 'Segoe UI', Roboto, 'Helvetica Neue', Arial, 'Noto Sans', sans-serif, 'Apple Color Emoji', 'Segoe UI Emoji', 'Segoe UI Symbol', 'Noto Color Emoji';\">, <\/span><a style=\"font-family: -apple-system, BlinkMacSystemFont, &#039;Segoe UI&#039;, Roboto, &#039;Helvetica Neue&#039;, Arial, &#039;Noto Sans&#039;, sans-serif, &#039;Apple Color Emoji&#039;, &#039;Segoe UI Emoji&#039;, &#039;Segoe UI Symbol&#039;, &#039;Noto Color Emoji&#039;;\" href=\"https:\/\/www.olx.pl\/\" target=\"_blank\" rel=\"noopener\">OLX<\/a><span style=\"font-family: -apple-system, BlinkMacSystemFont, 'Segoe UI', Roboto, 'Helvetica Neue', Arial, 'Noto Sans', sans-serif, 'Apple Color Emoji', 'Segoe UI Emoji', 'Segoe UI Symbol', 'Noto Color Emoji';\">, <\/span><a style=\"font-family: -apple-system, BlinkMacSystemFont, &#039;Segoe UI&#039;, Roboto, &#039;Helvetica Neue&#039;, Arial, &#039;Noto Sans&#039;, sans-serif, &#039;Apple Color Emoji&#039;, &#039;Segoe UI Emoji&#039;, &#039;Segoe UI Symbol&#039;, &#039;Noto Color Emoji&#039;;\" href=\"https:\/\/www.ebay.com\/\" target=\"_blank\" rel=\"noopener\">eBay<\/a><span style=\"font-family: -apple-system, BlinkMacSystemFont, 'Segoe UI', Roboto, 'Helvetica Neue', Arial, 'Noto Sans', sans-serif, 'Apple Color Emoji', 'Segoe UI Emoji', 'Segoe UI Symbol', 'Noto Color Emoji';\">, <\/span><a style=\"font-family: -apple-system, BlinkMacSystemFont, &#039;Segoe UI&#039;, Roboto, &#039;Helvetica Neue&#039;, Arial, &#039;Noto Sans&#039;, sans-serif, &#039;Apple Color Emoji&#039;, &#039;Segoe UI Emoji&#039;, &#039;Segoe UI Symbol&#039;, &#039;Noto Color Emoji&#039;;\" href=\"https:\/\/www.amazon.com\/\" target=\"_blank\" rel=\"noopener\">Amazon)<\/a><\/p>\n<\/li>\n<li data-section-id=\"1a4qeji\" data-start=\"1836\" data-end=\"1885\">\n<p data-start=\"1838\" data-end=\"1885\">Mix aus Amazon-Elektronik-R\u00fccksendungen zum Wiederverkauf<\/p>\n<\/li>\n<li data-section-id=\"2z2ita\" data-start=\"1886\" data-end=\"1931\">\n<p data-start=\"1888\" data-end=\"1931\">Waren f\u00fcr den Gro\u00df- und Einzelhandel<\/p>\n<\/li>\n<li data-section-id=\"179rid\" data-start=\"1932\" data-end=\"1971\">\n<p data-start=\"1934\" data-end=\"1971\">Quelle f\u00fcr umsatzstarke Produkte<\/p>\n<\/li>\n<\/ul>\n<p data-start=\"1973\" data-end=\"2059\">Der hohe Anteil an Elektronik erh\u00f6ht die Chancen auf einen schnellen Absatz und einen stabilen Warenumschlag.<\/p>\n<h2 data-section-id=\"gfj1y1\" data-start=\"2066\" data-end=\"2079\">\ud83d\ude9a Lieferung<\/h2>\n<ul data-start=\"2081\" data-end=\"2169\">\n<li data-section-id=\"1j548yy\" data-start=\"2081\" data-end=\"2113\">\n<p data-start=\"2083\" data-end=\"2113\">Versand vom Lager in Europa<\/p>\n<\/li>\n<li data-section-id=\"igemay\" data-start=\"2114\" data-end=\"2144\">\n<p data-start=\"2116\" data-end=\"2144\">schnelle Auftragsabwicklung<\/p>\n<\/li>\n<li data-section-id=\"1qo0dyy\" data-start=\"2145\" data-end=\"2169\">\n<p data-start=\"2147\" data-end=\"2169\">sichere Verpackung<\/p>\n<\/li>\n<\/ul>\n<h2 data-section-id=\"opmkg3\" data-start=\"2176\" data-end=\"2202\">\u2139\ufe0f Zus\u00e4tzliche Informationen<\/h2>\n<ul data-start=\"2204\" data-end=\"2389\">\n<li data-section-id=\"oo8lin\" data-start=\"2204\" data-end=\"2243\">\n<p data-start=\"2206\" data-end=\"2243\">unsortierte Waren (Amazon Returns)<\/p>\n<\/li>\n<li data-section-id=\"23fumv\" data-start=\"2244\" data-end=\"2284\">\n<p data-start=\"2246\" data-end=\"2284\">die Produkte werden nicht einzeln getestet<\/p>\n<\/li>\n<li data-section-id=\"iag8fx\" data-start=\"2285\" data-end=\"2324\">\n<p data-start=\"2287\" data-end=\"2324\">m\u00f6gliche Beimischung von Klasse C (bis zu 5-7%)<\/p>\n<\/li>\n<li data-section-id=\"zia6d9\" data-start=\"2325\" data-end=\"2357\">\n<p data-start=\"2327\" data-end=\"2357\">jede Palette zuf\u00e4llig verpackt<\/p>\n<\/li>\n<li data-section-id=\"1qenv5x\" data-start=\"2358\" data-end=\"2389\">\n<p data-start=\"2360\" data-end=\"2389\">keine feste Produktliste<\/p>\n<\/li>\n<\/ul>\n<h2 data-section-id=\"1915pio\" data-start=\"2396\" data-end=\"2418\">\ud83d\udcf8 Produktfotos<\/h2>\n<p data-start=\"2420\" data-end=\"2506\">Die Fotos dienen der Veranschaulichung und zeigen einen Beispielmix von Elektronik aus Europa.<\/p>","protected":false},"excerpt":{"rendered":"<p class=\"p1\">\u26a1 Oko\u0142o 100% elektroniki<\/p>\n<p class=\"p1\">\ud83c\uddea\ud83c\uddfa EU<\/p>\n<p class=\"p1\">\ud83d\udd25 Amazon Returns Premium<\/p>\n<p class=\"p1\" style=\"text-align: left;\">\u2714\ufe0f Jako\u015b\u0107 A\u2013B<\/p>","protected":false},"featured_media":50472,"comment_status":"open","ping_status":"closed","template":"","meta":{"_acf_changed":false},"product_brand":[],"product_cat":[1258,1281],"product_tag":[1274],"class_list":{"0":"post-50471","1":"product","2":"type-product","3":"status-publish","4":"has-post-thumbnail","6":"product_cat-amazon-paleta","7":"product_cat-premium-mix-elektroniki-eu-amazon-returns-ab","8":"product_tag-paleta-mix-elektroniki-z-europy","10":"first","11":"instock","12":"sold-individually","13":"taxable","14":"shipping-taxable","15":"purchasable","16":"product-type-simple"},"acf":[],"_links":{"self":[{"href":"https:\/\/stockify24.pl\/de\/wp-json\/wp\/v2\/product\/50471","targetHints":{"allow":["GET"]}}],"collection":[{"href":"https:\/\/stockify24.pl\/de\/wp-json\/wp\/v2\/product"}],"about":[{"href":"https:\/\/stockify24.pl\/de\/wp-json\/wp\/v2\/types\/product"}],"replies":[{"embeddable":true,"href":"https:\/\/stockify24.pl\/de\/wp-json\/wp\/v2\/comments?post=50471"}],"wp:featuredmedia":[{"embeddable":true,"href":"https:\/\/stockify24.pl\/de\/wp-json\/wp\/v2\/media\/50472"}],"wp:attachment":[{"href":"https:\/\/stockify24.pl\/de\/wp-json\/wp\/v2\/media?parent=50471"}],"wp:term":[{"taxonomy":"product_brand","embeddable":true,"href":"https:\/\/stockify24.pl\/de\/wp-json\/wp\/v2\/product_brand?post=50471"},{"taxonomy":"product_cat","embeddable":true,"href":"https:\/\/stockify24.pl\/de\/wp-json\/wp\/v2\/product_cat?post=50471"},{"taxonomy":"product_tag","embeddable":true,"href":"https:\/\/stockify24.pl\/de\/wp-json\/wp\/v2\/product_tag?post=50471"}],"curies":[{"name":"wp","href":"https:\/\/api.w.org\/{rel}","templated":true}]}}