{"id":50474,"date":"2026-03-20T10:45:14","date_gmt":"2026-03-20T09:45:14","guid":{"rendered":"https:\/\/stockify24.pl\/?post_type=product&#038;p=50474"},"modified":"2026-03-30T12:12:51","modified_gmt":"2026-03-30T11:12:51","slug":"paleta-elektroniki-premium-z-europy-1","status":"publish","type":"product","link":"https:\/\/stockify24.pl\/de\/produkt\/paleta-elektroniki-premium-z-europy-1\/","title":{"rendered":"PREMIUM-Elektronikpalette aus Europa (EU) | A-B | #1"},"content":{"rendered":"<h2 data-section-id=\"v0vy91\" data-start=\"119\" data-end=\"187\">\ud83d\udce6 Paleta elektroniki z Europy (EU) \u2013 AMAZON PREMIUM, A\u2013B, 110 kg<\/h2>\n<p data-start=\"189\" data-end=\"389\">Paleta elektroniki AMAZON PREMIUM z Europy (EU) to rozwi\u0105zanie dla sprzeda\u017cy hurtowej, e-commerce oraz reseller\u00f3w, kt\u00f3rzy szukaj\u0105 towaru z wysokim udzia\u0142em elektroniki i realnym potencja\u0142em sprzeda\u017cy.<\/p>\n<p data-start=\"391\" data-end=\"584\">Produkty pochodz\u0105 ze zwrot\u00f3w konsumenckich Amazon (Amazon Returns). Oko\u0142o <strong data-start=\"465\" data-end=\"519\">98% zawarto\u015bci palety stanowi elektronika u\u017cytkowa<\/strong>, co przek\u0142ada si\u0119 na wi\u0119ksz\u0105 warto\u015b\u0107 rynkow\u0105 i szybsz\u0105 sprzeda\u017c.<\/p>\n<p data-start=\"586\" data-end=\"691\">Die Waren sind unsortiert - jede Palette enth\u00e4lt einen zuf\u00e4lligen Satz von Produkten und hat keine feste Spezifikation.<\/p>\n<h2 data-section-id=\"r2cjj\" data-start=\"698\" data-end=\"741\">\ud83d\udd0c Zawarto\u015b\u0107 palety \u2013 elektronika Amazon<\/h2>\n<p data-start=\"743\" data-end=\"816\">Die Palette enth\u00e4lt etwa <strong data-start=\"773\" data-end=\"808\">30-45 elektronische Produkte<\/strong>, einschlie\u00dflich:<\/p>\n<ul data-start=\"818\" data-end=\"1015\">\n<li data-section-id=\"admbw2\" data-start=\"818\" data-end=\"845\">\n<p data-start=\"820\" data-end=\"845\">drahtlose Kopfh\u00f6rer<\/p>\n<\/li>\n<li data-section-id=\"1j12er6\" data-start=\"846\" data-end=\"879\">\n<p data-start=\"848\" data-end=\"879\">\u0142adowarki, kable i powerbanki<\/p>\n<\/li>\n<li data-section-id=\"2cko63\" data-start=\"880\" data-end=\"897\">\n<p data-start=\"882\" data-end=\"897\">GSM-Zubeh\u00f6r<\/p>\n<\/li>\n<li data-section-id=\"129ryor\" data-start=\"898\" data-end=\"923\">\n<p data-start=\"900\" data-end=\"923\">Smart-Home-Ger\u00e4te<\/p>\n<\/li>\n<li data-section-id=\"dys3xd\" data-start=\"924\" data-end=\"936\">\n<p data-start=\"926\" data-end=\"936\">kleine Haushaltsger\u00e4te<\/p>\n<\/li>\n<li data-section-id=\"i0l57x\" data-start=\"937\" data-end=\"975\">\n<p data-start=\"939\" data-end=\"975\">Steuerger\u00e4te und elektronische Spielereien<\/p>\n<\/li>\n<li data-section-id=\"1s1m71p\" data-start=\"976\" data-end=\"1015\">\n<p data-start=\"978\" data-end=\"1015\">andere Produkte der Unterhaltungselektronik<\/p>\n<\/li>\n<\/ul>\n<p data-start=\"1017\" data-end=\"1071\">\ud83d\udcca Anteil der Elektronik: <strong data-start=\"1040\" data-end=\"1071\">ungef\u00e4hr 98% Paletteninhalt<\/strong><\/p>\n<h2 data-section-id=\"1vjjmw7\" data-start=\"1078\" data-end=\"1116\">\ud83c\udd70\ufe0f\ud83c\udd71\ufe0f Jako\u015b\u0107 produkt\u00f3w \u2013 klasa A\u2013B<\/h2>\n<p data-start=\"1118\" data-end=\"1161\">Die Palette umfasst A-B-Standardprodukte:<\/p>\n<ul data-start=\"1163\" data-end=\"1310\">\n<li data-section-id=\"1ylt7oh\" data-start=\"1163\" data-end=\"1223\">\n<p data-start=\"1165\" data-end=\"1223\">die meisten Produkte sind neu oder in sehr gutem Zustand<\/p>\n<\/li>\n<li data-section-id=\"1ydnmn3\" data-start=\"1224\" data-end=\"1260\">\n<p data-start=\"1226\" data-end=\"1260\">leichte Gebrauchsspuren m\u00f6glich<\/p>\n<\/li>\n<li data-section-id=\"1igfwsa\" data-start=\"1261\" data-end=\"1310\">\n<p data-start=\"1263\" data-end=\"1310\">m\u00f6gliche Beimischung von Produkten der Klasse C (bis zu 5-7%)<\/p>\n<\/li>\n<\/ul>\n<p data-start=\"1312\" data-end=\"1374\">Die Waren stammen aus den ungepr\u00fcften Verbraucherr\u00fccksendungen von Amazon.<\/p>\n<h2 data-section-id=\"6mpf3m\" data-start=\"1381\" data-end=\"1407\">\ud83d\udcd0 Technische Daten<\/h2>\n<ul data-start=\"1409\" data-end=\"1594\">\n<li data-section-id=\"a4htju\" data-start=\"1409\" data-end=\"1435\">\n<p data-start=\"1411\" data-end=\"1435\">Nettogewicht: <strong data-start=\"1423\" data-end=\"1433\">110 kg<\/strong><\/p>\n<\/li>\n<li data-section-id=\"rckeqa\" data-start=\"1436\" data-end=\"1467\">\n<p data-start=\"1438\" data-end=\"1467\">Palettenh\u00f6he: <strong data-start=\"1455\" data-end=\"1465\">1 Meter<\/strong><\/p>\n<\/li>\n<li data-section-id=\"6653iz\" data-start=\"1468\" data-end=\"1508\">\n<p data-start=\"1470\" data-end=\"1508\">Anzahl der Produkte: <strong data-start=\"1487\" data-end=\"1506\">ca. 30-45 St\u00fcck<\/strong><\/p>\n<\/li>\n<li data-section-id=\"9s5onr\" data-start=\"1509\" data-end=\"1550\">\n<p data-start=\"1511\" data-end=\"1550\">Sortiment: <strong data-start=\"1523\" data-end=\"1548\">zuf\u00e4llig und vielf\u00e4ltig<\/strong><\/p>\n<\/li>\n<li data-section-id=\"zgevv\" data-start=\"1551\" data-end=\"1594\">\n<p data-start=\"1553\" data-end=\"1594\">jede Palette: <strong data-start=\"1567\" data-end=\"1592\">unikalna konfiguracja<\/strong><\/p>\n<\/li>\n<\/ul>\n<p data-start=\"1596\" data-end=\"1634\">Zawarto\u015b\u0107 zale\u017cy od aktualnej dostawy.<\/p>\n<h2 data-section-id=\"kilpj5\" data-start=\"1641\" data-end=\"1688\">\ud83d\udcbc Anwendung - Elektronik zum Wiederverkauf<\/h2>\n<p data-start=\"1690\" data-end=\"1733\">Paleta AMAZON PREMIUM EU sprawdza si\u0119 jako:<\/p>\n<ul data-start=\"1735\" data-end=\"1921\">\n<li data-section-id=\"1jlmfwm\" data-start=\"1735\" data-end=\"1785\">\n<p data-start=\"1737\" data-end=\"1785\">Elektroniksortiment f\u00fcr E-Commerce und Marktpl\u00e4tze <a style=\"font-family: -apple-system, BlinkMacSystemFont, &#039;Segoe UI&#039;, Roboto, &#039;Helvetica Neue&#039;, Arial, &#039;Noto Sans&#039;, sans-serif, &#039;Apple Color Emoji&#039;, &#039;Segoe UI Emoji&#039;, &#039;Segoe UI Symbol&#039;, &#039;Noto Color Emoji&#039;;\" href=\"https:\/\/allegro.pl\/\" target=\"_blank\" rel=\"noopener\">Allegro<\/a><span style=\"font-family: -apple-system, BlinkMacSystemFont, 'Segoe UI', Roboto, 'Helvetica Neue', Arial, 'Noto Sans', sans-serif, 'Apple Color Emoji', 'Segoe UI Emoji', 'Segoe UI Symbol', 'Noto Color Emoji';\">, <\/span><a style=\"font-family: -apple-system, BlinkMacSystemFont, &#039;Segoe UI&#039;, Roboto, &#039;Helvetica Neue&#039;, Arial, &#039;Noto Sans&#039;, sans-serif, &#039;Apple Color Emoji&#039;, &#039;Segoe UI Emoji&#039;, &#039;Segoe UI Symbol&#039;, &#039;Noto Color Emoji&#039;;\" href=\"https:\/\/www.olx.pl\/\" target=\"_blank\" rel=\"noopener\">OLX<\/a><span style=\"font-family: -apple-system, BlinkMacSystemFont, 'Segoe UI', Roboto, 'Helvetica Neue', Arial, 'Noto Sans', sans-serif, 'Apple Color Emoji', 'Segoe UI Emoji', 'Segoe UI Symbol', 'Noto Color Emoji';\">, <\/span><a style=\"font-family: -apple-system, BlinkMacSystemFont, &#039;Segoe UI&#039;, Roboto, &#039;Helvetica Neue&#039;, Arial, &#039;Noto Sans&#039;, sans-serif, &#039;Apple Color Emoji&#039;, &#039;Segoe UI Emoji&#039;, &#039;Segoe UI Symbol&#039;, &#039;Noto Color Emoji&#039;;\" href=\"https:\/\/www.ebay.com\/\" target=\"_blank\" rel=\"noopener\">eBay<\/a><span style=\"font-family: -apple-system, BlinkMacSystemFont, 'Segoe UI', Roboto, 'Helvetica Neue', Arial, 'Noto Sans', sans-serif, 'Apple Color Emoji', 'Segoe UI Emoji', 'Segoe UI Symbol', 'Noto Color Emoji';\">, <\/span><a style=\"font-family: -apple-system, BlinkMacSystemFont, &#039;Segoe UI&#039;, Roboto, &#039;Helvetica Neue&#039;, Arial, &#039;Noto Sans&#039;, sans-serif, &#039;Apple Color Emoji&#039;, &#039;Segoe UI Emoji&#039;, &#039;Segoe UI Symbol&#039;, &#039;Noto Color Emoji&#039;;\" href=\"https:\/\/www.amazon.com\/\" target=\"_blank\" rel=\"noopener\">Amazon<\/a><\/p>\n<\/li>\n<li data-section-id=\"1a4qeji\" data-start=\"1786\" data-end=\"1835\">\n<p data-start=\"1788\" data-end=\"1835\">Mix aus Amazon-Elektronik-R\u00fccksendungen zum Wiederverkauf<\/p>\n<\/li>\n<li data-section-id=\"2z2ita\" data-start=\"1836\" data-end=\"1881\">\n<p data-start=\"1838\" data-end=\"1881\">Waren f\u00fcr den Gro\u00df- und Einzelhandel<\/p>\n<\/li>\n<li data-section-id=\"179rid\" data-start=\"1882\" data-end=\"1921\">\n<p data-start=\"1884\" data-end=\"1921\">Quelle f\u00fcr umsatzstarke Produkte<\/p>\n<\/li>\n<\/ul>\n<p data-start=\"1923\" data-end=\"1997\">Wysoki udzia\u0142 elektroniki zwi\u0119ksza szanse na szybki obr\u00f3t i stabilny zysk.<\/p>\n<p data-start=\"1923\" data-end=\"1997\">Alle Amazon Palettenmodelle finden Sie hier <a href=\"https:\/\/stockify24.pl\/de\/sklep\/\"><strong>hier<\/strong>.<\/a><\/p>\n<h2 data-section-id=\"gfj1y1\" data-start=\"2004\" data-end=\"2017\">\ud83d\ude9a Lieferung<\/h2>\n<ul data-start=\"2019\" data-end=\"2114\">\n<li data-section-id=\"1j548yy\" data-start=\"2019\" data-end=\"2051\">\n<p data-start=\"2021\" data-end=\"2051\">Versand vom Lager in Europa<\/p>\n<\/li>\n<li data-section-id=\"igemay\" data-start=\"2052\" data-end=\"2082\">\n<p data-start=\"2054\" data-end=\"2082\">schnelle Auftragsabwicklung<\/p>\n<\/li>\n<li data-section-id=\"1b2vhsf\" data-start=\"2083\" data-end=\"2114\">\n<p data-start=\"2085\" data-end=\"2114\">sichere Verpackung der Palette<\/p>\n<\/li>\n<\/ul>\n<h2 data-section-id=\"opmkg3\" data-start=\"2121\" data-end=\"2147\">\u2139\ufe0f Zus\u00e4tzliche Informationen<\/h2>\n<ul data-start=\"2149\" data-end=\"2334\">\n<li data-section-id=\"oo8lin\" data-start=\"2149\" data-end=\"2188\">\n<p data-start=\"2151\" data-end=\"2188\">unsortierte Waren (Amazon Returns)<\/p>\n<\/li>\n<li data-section-id=\"23fumv\" data-start=\"2189\" data-end=\"2229\">\n<p data-start=\"2191\" data-end=\"2229\">die Produkte werden nicht einzeln getestet<\/p>\n<\/li>\n<li data-section-id=\"iag8fx\" data-start=\"2230\" data-end=\"2269\">\n<p data-start=\"2232\" data-end=\"2269\">m\u00f6gliche Beimischung von Klasse C (bis zu 5-7%)<\/p>\n<\/li>\n<li data-section-id=\"zia6d9\" data-start=\"2270\" data-end=\"2302\">\n<p data-start=\"2272\" data-end=\"2302\">jede Palette zuf\u00e4llig verpackt<\/p>\n<\/li>\n<li data-section-id=\"1qenv5x\" data-start=\"2303\" data-end=\"2334\">\n<p data-start=\"2305\" data-end=\"2334\">keine feste Produktliste<\/p>\n<\/li>\n<\/ul>\n<h2 data-section-id=\"1915pio\" data-start=\"2341\" data-end=\"2363\">\ud83d\udcf8 Produktfotos<\/h2>\n<p data-start=\"2365\" data-end=\"2451\">Die Fotos dienen der Veranschaulichung und zeigen einen Beispielmix von Elektronik aus Europa.<\/p>","protected":false},"excerpt":{"rendered":"<p class=\"p1\">\u26a1 Oko\u0142o 100% elektroniki<\/p>\n<p class=\"p1\">\ud83c\uddea\ud83c\uddfa EU<\/p>\n<p class=\"p1\">\ud83d\udd25 Amazon Returns Premium<\/p>\n<p class=\"p1\" style=\"text-align: left;\">\u2714\ufe0f Jako\u015b\u0107 A\u2013B<\/p>","protected":false},"featured_media":50475,"comment_status":"open","ping_status":"closed","template":"","meta":{"_acf_changed":false},"product_brand":[],"product_cat":[1258,1281],"product_tag":[1274],"class_list":{"0":"post-50474","1":"product","2":"type-product","3":"status-publish","4":"has-post-thumbnail","6":"product_cat-amazon-paleta","7":"product_cat-premium-mix-elektroniki-eu-amazon-returns-ab","8":"product_tag-paleta-mix-elektroniki-z-europy","10":"first","11":"instock","12":"sold-individually","13":"taxable","14":"shipping-taxable","15":"purchasable","16":"product-type-simple"},"acf":[],"_links":{"self":[{"href":"https:\/\/stockify24.pl\/de\/wp-json\/wp\/v2\/product\/50474","targetHints":{"allow":["GET"]}}],"collection":[{"href":"https:\/\/stockify24.pl\/de\/wp-json\/wp\/v2\/product"}],"about":[{"href":"https:\/\/stockify24.pl\/de\/wp-json\/wp\/v2\/types\/product"}],"replies":[{"embeddable":true,"href":"https:\/\/stockify24.pl\/de\/wp-json\/wp\/v2\/comments?post=50474"}],"wp:featuredmedia":[{"embeddable":true,"href":"https:\/\/stockify24.pl\/de\/wp-json\/wp\/v2\/media\/50475"}],"wp:attachment":[{"href":"https:\/\/stockify24.pl\/de\/wp-json\/wp\/v2\/media?parent=50474"}],"wp:term":[{"taxonomy":"product_brand","embeddable":true,"href":"https:\/\/stockify24.pl\/de\/wp-json\/wp\/v2\/product_brand?post=50474"},{"taxonomy":"product_cat","embeddable":true,"href":"https:\/\/stockify24.pl\/de\/wp-json\/wp\/v2\/product_cat?post=50474"},{"taxonomy":"product_tag","embeddable":true,"href":"https:\/\/stockify24.pl\/de\/wp-json\/wp\/v2\/product_tag?post=50474"}],"curies":[{"name":"wp","href":"https:\/\/api.w.org\/{rel}","templated":true}]}}