{"id":50483,"date":"2026-03-20T12:12:09","date_gmt":"2026-03-20T11:12:09","guid":{"rendered":"https:\/\/stockify24.pl\/?post_type=product&#038;p=50483"},"modified":"2026-03-30T12:25:11","modified_gmt":"2026-03-30T11:25:11","slug":"paleta-elektroniki-z-anglii-uk-mix-a-b","status":"publish","type":"product","link":"https:\/\/stockify24.pl\/de\/produkt\/paleta-elektroniki-z-anglii-uk-mix-a-b\/","title":{"rendered":"Elektronikpalette aus England (UK) - Mix A-B"},"content":{"rendered":"<h2 data-section-id=\"1fs3luu\" data-start=\"133\" data-end=\"181\">\ud83d\udce6 Elektronik-Palette aus England (UK) - Mix A-B<\/h2>\n<p data-start=\"183\" data-end=\"358\">Mixed Electronics aus England (UK) ist ein Angebot f\u00fcr Gro\u00dfh\u00e4ndler, E-Commerce und Wiederverk\u00e4ufer, die Elektronik aus dem britischen Markt mit hoher Nachfrage und schnellem Umsatz bearbeiten wollen.<\/p>\n<p data-start=\"360\" data-end=\"535\">Die Palette enth\u00e4lt Produkte aus R\u00fccksendungen von Verbrauchern und \u00dcberschussbest\u00e4nden. Dadurch kann die Ware zu einem niedrigeren Preis eingekauft und die Marge beim Wiederverkauf erh\u00f6ht werden.<\/p>\n<p data-start=\"537\" data-end=\"668\">Jede Palette hat eine zuf\u00e4llige Zusammensetzung - das Fehlen einer festen Spezifikation erm\u00f6glicht ein breites und vielf\u00e4ltiges Angebot f\u00fcr unterschiedliche Kunden.<\/p>\n<h2 data-section-id=\"1twme8n\" data-start=\"675\" data-end=\"714\">\ud83d\udd0c Inhalt der Palette - electronics UK<\/h2>\n<p data-start=\"716\" data-end=\"789\">Die Palette umfasst Produkte aus dem Bereich der Unterhaltungselektronik, darunter:<\/p>\n<ul data-start=\"791\" data-end=\"1019\">\n<li data-section-id=\"admbw2\" data-start=\"791\" data-end=\"818\">\n<p data-start=\"793\" data-end=\"818\">drahtlose Kopfh\u00f6rer<\/p>\n<\/li>\n<li data-section-id=\"1tz600j\" data-start=\"819\" data-end=\"866\">\n<p data-start=\"821\" data-end=\"866\">Ladeger\u00e4te, Powerbanks und Stromversorgungszubeh\u00f6r<\/p>\n<\/li>\n<li data-section-id=\"2cko63\" data-start=\"867\" data-end=\"884\">\n<p data-start=\"869\" data-end=\"884\">GSM-Zubeh\u00f6r<\/p>\n<\/li>\n<li data-section-id=\"129ryor\" data-start=\"885\" data-end=\"910\">\n<p data-start=\"887\" data-end=\"910\">Smart-Home-Ger\u00e4te<\/p>\n<\/li>\n<li data-section-id=\"17lzlbi\" data-start=\"911\" data-end=\"948\">\n<p data-start=\"913\" data-end=\"948\">kleine Haushaltsger\u00e4te (z. B. Haartrockner, Massageger\u00e4te)<\/p>\n<\/li>\n<li data-section-id=\"i0l57x\" data-start=\"949\" data-end=\"987\">\n<p data-start=\"951\" data-end=\"987\">Steuerger\u00e4te und elektronische Spielereien<\/p>\n<\/li>\n<li data-section-id=\"4egyp1\" data-start=\"988\" data-end=\"1019\">\n<p data-start=\"990\" data-end=\"1019\">andere elektronische Produkte<\/p>\n<\/li>\n<\/ul>\n<p data-start=\"1021\" data-end=\"1076\">\ud83d\udcca Auf die Elektronik entfallen etwa <strong data-start=\"1050\" data-end=\"1076\">100% Paletteninhalt<\/strong><\/p>\n<h2 data-section-id=\"r54748\" data-start=\"1083\" data-end=\"1124\">\ud83c\udd70\ufe0f\ud83c\udd71\ufe0f Produktqualit\u00e4t - A-B-Standard<\/h2>\n<p data-start=\"1126\" data-end=\"1177\">Mix aus Elektronik aus England (UK) in der Klasse A-B bedeutet:<\/p>\n<ul data-start=\"1179\" data-end=\"1338\">\n<li data-section-id=\"1irt2ii\" data-start=\"1179\" data-end=\"1246\">\n<p data-start=\"1181\" data-end=\"1246\">Vorherrschen von Produkten, die neu oder in sehr gutem optischen Zustand sind<\/p>\n<\/li>\n<li data-section-id=\"1ydnmn3\" data-start=\"1247\" data-end=\"1283\">\n<p data-start=\"1249\" data-end=\"1283\">leichte Gebrauchsspuren m\u00f6glich<\/p>\n<\/li>\n<li data-section-id=\"xddb07\" data-start=\"1284\" data-end=\"1338\">\n<p data-start=\"1286\" data-end=\"1338\">zul\u00e4ssige Beimischung von Produkten der Klasse C (bis zu 5-7%)<\/p>\n<\/li>\n<\/ul>\n<p data-start=\"1340\" data-end=\"1397\">Dieser Standard sorgt f\u00fcr gute Ums\u00e4tze und stabile Verk\u00e4ufe.<\/p>\n<h2 data-section-id=\"6mpf3m\" data-start=\"1404\" data-end=\"1430\">\ud83d\udcd0 Technische Daten<\/h2>\n<ul data-start=\"1432\" data-end=\"1552\">\n<li data-section-id=\"1vvc679\" data-start=\"1432\" data-end=\"1462\">\n<p data-start=\"1434\" data-end=\"1462\">Palettenh\u00f6he: <strong data-start=\"1451\" data-end=\"1460\">60 cm<\/strong><\/p>\n<\/li>\n<li data-section-id=\"9s5onr\" data-start=\"1463\" data-end=\"1504\">\n<p data-start=\"1465\" data-end=\"1504\">Sortiment: <strong data-start=\"1477\" data-end=\"1502\">zuf\u00e4llig und vielf\u00e4ltig<\/strong><\/p>\n<\/li>\n<li data-section-id=\"va9cxy\" data-start=\"1505\" data-end=\"1552\">\n<p data-start=\"1507\" data-end=\"1552\">jede Palette: <strong data-start=\"1521\" data-end=\"1550\">eine einzigartige Palette von Produkten<\/strong><\/p>\n<\/li>\n<\/ul>\n<p data-start=\"1554\" data-end=\"1599\">Der Inhalt h\u00e4ngt von der aktuellen Liefercharge ab.<\/p>\n<h2 data-section-id=\"kilpj5\" data-start=\"1606\" data-end=\"1653\">\ud83d\udcbc Anwendung - Elektronik zum Wiederverkauf<\/h2>\n<p data-start=\"1655\" data-end=\"1706\">Eine Palette mit Elektronik aus England (UK) eignet sich gut als:<\/p>\n<ul data-start=\"1708\" data-end=\"1888\">\n<li data-section-id=\"paxddz\" data-start=\"1708\" data-end=\"1752\">\n<p data-start=\"1710\" data-end=\"1752\">Palette mit Elektronik f\u00fcr den Gro\u00dfhandel<\/p>\n<\/li>\n<li data-section-id=\"1qlsqin\" data-start=\"1753\" data-end=\"1790\">\n<p data-start=\"1755\" data-end=\"1790\">towar do e-commerce i marketplace (<a style=\"font-family: -apple-system, BlinkMacSystemFont, &#039;Segoe UI&#039;, Roboto, &#039;Helvetica Neue&#039;, Arial, &#039;Noto Sans&#039;, sans-serif, &#039;Apple Color Emoji&#039;, &#039;Segoe UI Emoji&#039;, &#039;Segoe UI Symbol&#039;, &#039;Noto Color Emoji&#039;;\" href=\"https:\/\/allegro.pl\/\" target=\"_blank\" rel=\"noopener\">Allegro<\/a><span style=\"font-family: -apple-system, BlinkMacSystemFont, 'Segoe UI', Roboto, 'Helvetica Neue', Arial, 'Noto Sans', sans-serif, 'Apple Color Emoji', 'Segoe UI Emoji', 'Segoe UI Symbol', 'Noto Color Emoji';\">, <\/span><a style=\"font-family: -apple-system, BlinkMacSystemFont, &#039;Segoe UI&#039;, Roboto, &#039;Helvetica Neue&#039;, Arial, &#039;Noto Sans&#039;, sans-serif, &#039;Apple Color Emoji&#039;, &#039;Segoe UI Emoji&#039;, &#039;Segoe UI Symbol&#039;, &#039;Noto Color Emoji&#039;;\" href=\"https:\/\/www.olx.pl\/\" target=\"_blank\" rel=\"noopener\">OLX<\/a><span style=\"font-family: -apple-system, BlinkMacSystemFont, 'Segoe UI', Roboto, 'Helvetica Neue', Arial, 'Noto Sans', sans-serif, 'Apple Color Emoji', 'Segoe UI Emoji', 'Segoe UI Symbol', 'Noto Color Emoji';\">, <\/span><a style=\"font-family: -apple-system, BlinkMacSystemFont, &#039;Segoe UI&#039;, Roboto, &#039;Helvetica Neue&#039;, Arial, &#039;Noto Sans&#039;, sans-serif, &#039;Apple Color Emoji&#039;, &#039;Segoe UI Emoji&#039;, &#039;Segoe UI Symbol&#039;, &#039;Noto Color Emoji&#039;;\" href=\"https:\/\/www.ebay.com\/\" target=\"_blank\" rel=\"noopener\">eBay<\/a><span style=\"font-family: -apple-system, BlinkMacSystemFont, 'Segoe UI', Roboto, 'Helvetica Neue', Arial, 'Noto Sans', sans-serif, 'Apple Color Emoji', 'Segoe UI Emoji', 'Segoe UI Symbol', 'Noto Color Emoji';\">, <\/span><a style=\"font-family: -apple-system, BlinkMacSystemFont, &#039;Segoe UI&#039;, Roboto, &#039;Helvetica Neue&#039;, Arial, &#039;Noto Sans&#039;, sans-serif, &#039;Apple Color Emoji&#039;, &#039;Segoe UI Emoji&#039;, &#039;Segoe UI Symbol&#039;, &#039;Noto Color Emoji&#039;;\" href=\"https:\/\/www.amazon.com\/\" target=\"_blank\" rel=\"noopener\">Amazon)<\/a><\/p>\n<\/li>\n<li data-section-id=\"11pv0kx\" data-start=\"1791\" data-end=\"1825\">\n<p data-start=\"1793\" data-end=\"1825\">Mix aus Elektronik f\u00fcr den Wiederverkauf<\/p>\n<\/li>\n<li data-section-id=\"c3btgi\" data-start=\"1826\" data-end=\"1857\">\n<p data-start=\"1828\" data-end=\"1857\">Bezug von Produkten vom britischen Markt<\/p>\n<\/li>\n<li data-section-id=\"b05b9y\" data-start=\"1858\" data-end=\"1888\">\n<p data-start=\"1860\" data-end=\"1888\">eine L\u00f6sung f\u00fcr Wiederverk\u00e4ufer<\/p>\n<\/li>\n<\/ul>\n<p data-start=\"1890\" data-end=\"1973\">Die breite Produktpalette erh\u00f6ht die Verkaufsm\u00f6glichkeiten und beschleunigt den Warenumschlag.<\/p>\n<p data-start=\"1890\" data-end=\"1973\">Alle Amazon Palettenmodelle finden Sie hier <a href=\"https:\/\/stockify24.pl\/de\/sklep\/\"><strong>hier<\/strong>.<\/a><\/p>\n<h2 data-section-id=\"gfj1y1\" data-start=\"1980\" data-end=\"1993\">\ud83d\ude9a Lieferung<\/h2>\n<ul data-start=\"1995\" data-end=\"2058\">\n<li data-section-id=\"1j548yy\" data-start=\"1995\" data-end=\"2027\">\n<p data-start=\"1997\" data-end=\"2027\">Versand vom Lager in Europa<\/p>\n<\/li>\n<li data-section-id=\"igemay\" data-start=\"2028\" data-end=\"2058\">\n<p data-start=\"2030\" data-end=\"2058\">schnelle Auftragsabwicklung<\/p>\n<\/li>\n<\/ul>\n<h2 data-section-id=\"opmkg3\" data-start=\"2065\" data-end=\"2091\">\u2139\ufe0f Zus\u00e4tzliche Informationen<\/h2>\n<ul data-start=\"2093\" data-end=\"2276\">\n<li data-section-id=\"cznzdc\" data-start=\"2093\" data-end=\"2132\">\n<p data-start=\"2095\" data-end=\"2132\">das Produkt wird nicht einzeln getestet<\/p>\n<\/li>\n<li data-section-id=\"iag8fx\" data-start=\"2133\" data-end=\"2172\">\n<p data-start=\"2135\" data-end=\"2172\">m\u00f6gliche Beimischung von Klasse C (bis zu 5-7%)<\/p>\n<\/li>\n<li data-section-id=\"zia6d9\" data-start=\"2173\" data-end=\"2205\">\n<p data-start=\"2175\" data-end=\"2205\">jede Palette zuf\u00e4llig verpackt<\/p>\n<\/li>\n<li data-section-id=\"1mkzsla\" data-start=\"2206\" data-end=\"2276\">\n<p data-start=\"2208\" data-end=\"2276\">die Produkte stammen aus den Ertr\u00e4gen und \u00dcberschussbest\u00e4nden der Verbraucher<\/p>\n<\/li>\n<\/ul>\n<h2 data-section-id=\"1915pio\" data-start=\"2283\" data-end=\"2305\">\ud83d\udcf8 Produktfotos<\/h2>\n<p data-start=\"2307\" data-end=\"2393\">Die Fotos dienen der Veranschaulichung und zeigen einen Beispielmix von Elektronik aus England.<\/p>","protected":false},"excerpt":{"rendered":"<p class=\"p1\">\u26a1 Oko\u0142o 100% elektroniki<\/p>\n<p class=\"p1\">\ud83c\uddec\ud83c\udde7 UK<\/p>\n<p class=\"p1\">\ud83d\udd25 Amazon Returns<\/p>\n<p class=\"p1\" style=\"text-align: left;\">\u2714\ufe0f Jako\u015b\u0107 A\u2013B<\/p>","protected":false},"featured_media":50409,"comment_status":"open","ping_status":"closed","template":"","meta":{"_acf_changed":false},"product_brand":[],"product_cat":[1258,1279],"product_tag":[1280],"class_list":{"0":"post-50483","1":"product","2":"type-product","3":"status-publish","4":"has-post-thumbnail","6":"product_cat-amazon-paleta","7":"product_cat-mix-elektroniki-uk-amazon-returns-ab","8":"product_tag-paleta-mix-elektroniki-z-anglii","10":"first","11":"instock","12":"sold-individually","13":"taxable","14":"shipping-taxable","15":"purchasable","16":"product-type-simple"},"acf":[],"_links":{"self":[{"href":"https:\/\/stockify24.pl\/de\/wp-json\/wp\/v2\/product\/50483","targetHints":{"allow":["GET"]}}],"collection":[{"href":"https:\/\/stockify24.pl\/de\/wp-json\/wp\/v2\/product"}],"about":[{"href":"https:\/\/stockify24.pl\/de\/wp-json\/wp\/v2\/types\/product"}],"replies":[{"embeddable":true,"href":"https:\/\/stockify24.pl\/de\/wp-json\/wp\/v2\/comments?post=50483"}],"wp:featuredmedia":[{"embeddable":true,"href":"https:\/\/stockify24.pl\/de\/wp-json\/wp\/v2\/media\/50409"}],"wp:attachment":[{"href":"https:\/\/stockify24.pl\/de\/wp-json\/wp\/v2\/media?parent=50483"}],"wp:term":[{"taxonomy":"product_brand","embeddable":true,"href":"https:\/\/stockify24.pl\/de\/wp-json\/wp\/v2\/product_brand?post=50483"},{"taxonomy":"product_cat","embeddable":true,"href":"https:\/\/stockify24.pl\/de\/wp-json\/wp\/v2\/product_cat?post=50483"},{"taxonomy":"product_tag","embeddable":true,"href":"https:\/\/stockify24.pl\/de\/wp-json\/wp\/v2\/product_tag?post=50483"}],"curies":[{"name":"wp","href":"https:\/\/api.w.org\/{rel}","templated":true}]}}