{"id":50484,"date":"2026-03-20T12:15:59","date_gmt":"2026-03-20T11:15:59","guid":{"rendered":"https:\/\/stockify24.pl\/?post_type=product&#038;p=50484"},"modified":"2026-03-30T12:25:43","modified_gmt":"2026-03-30T11:25:43","slug":"paleta-elektroniki-z-anglii-uk-mix-a-b-2","status":"publish","type":"product","link":"https:\/\/stockify24.pl\/de\/produkt\/paleta-elektroniki-z-anglii-uk-mix-a-b-2\/","title":{"rendered":"Elektronikpalette aus England (UK) - Mix A-B"},"content":{"rendered":"<h2 data-section-id=\"1fs3luu\" data-start=\"114\" data-end=\"162\">\ud83d\udce6 Elektronik-Palette aus England (UK) - Mix A-B<\/h2>\n<p data-start=\"164\" data-end=\"348\">Paleta elektroniki z Anglii (UK) to rozwi\u0105zanie dla sprzeda\u017cy hurtowej, e-commerce oraz reseller\u00f3w, kt\u00f3rzy chc\u0105 sprzedawa\u0107 elektronik\u0119 z rynku UK o wysokim popycie i stabilnej rotacji.<\/p>\n<p data-start=\"350\" data-end=\"534\">Towar pochodzi ze zwrot\u00f3w konsumenckich oraz nadwy\u017cek magazynowych. Dzi\u0119ki temu mo\u017cliwy jest zakup elektroniki w cenach ni\u017cszych ni\u017c rynkowe i osi\u0105ganie wy\u017cszej mar\u017cy przy odsprzeda\u017cy.<\/p>\n<p data-start=\"536\" data-end=\"675\">Ka\u017cda paleta zawiera losowy zestaw produkt\u00f3w \u2014 brak sta\u0142ej specyfikacji pozwala budowa\u0107 zr\u00f3\u017cnicowan\u0105 ofert\u0119 dopasowan\u0105 do r\u00f3\u017cnych klient\u00f3w.<\/p>\n<p data-start=\"536\" data-end=\"675\">Alle Amazon Palettenmodelle finden Sie hier <a href=\"https:\/\/stockify24.pl\/de\/sklep\/\"><strong>hier<\/strong>.<\/a><\/p>\n<h2 data-section-id=\"o1x54x\" data-start=\"682\" data-end=\"730\">\ud83d\udd0c Zawarto\u015b\u0107 palety \u2013 elektronika u\u017cytkowa UK<\/h2>\n<p data-start=\"732\" data-end=\"794\">W palecie znajduj\u0105 si\u0119 produkty z segmentu elektroniki, m.in.:<\/p>\n<ul data-start=\"796\" data-end=\"980\">\n<li data-section-id=\"admbw2\" data-start=\"796\" data-end=\"823\">\n<p data-start=\"798\" data-end=\"823\">drahtlose Kopfh\u00f6rer<\/p>\n<\/li>\n<li data-section-id=\"1j12er6\" data-start=\"824\" data-end=\"857\">\n<p data-start=\"826\" data-end=\"857\">\u0142adowarki, kable i powerbanki<\/p>\n<\/li>\n<li data-section-id=\"2cko63\" data-start=\"858\" data-end=\"875\">\n<p data-start=\"860\" data-end=\"875\">GSM-Zubeh\u00f6r<\/p>\n<\/li>\n<li data-section-id=\"129ryor\" data-start=\"876\" data-end=\"901\">\n<p data-start=\"878\" data-end=\"901\">Smart-Home-Ger\u00e4te<\/p>\n<\/li>\n<li data-section-id=\"dys3xd\" data-start=\"902\" data-end=\"914\">\n<p data-start=\"904\" data-end=\"914\">kleine Haushaltsger\u00e4te<\/p>\n<\/li>\n<li data-section-id=\"6uw8kl\" data-start=\"915\" data-end=\"940\">\n<p data-start=\"917\" data-end=\"940\">elektronische Gadgets<\/p>\n<\/li>\n<li data-section-id=\"1s1m71p\" data-start=\"941\" data-end=\"980\">\n<p data-start=\"943\" data-end=\"980\">andere Produkte der Unterhaltungselektronik<\/p>\n<\/li>\n<\/ul>\n<p data-start=\"982\" data-end=\"1037\">\ud83d\udcca Auf die Elektronik entfallen etwa <strong data-start=\"1011\" data-end=\"1037\">100% Paletteninhalt<\/strong><\/p>\n<h2 data-section-id=\"1vjjmw7\" data-start=\"1044\" data-end=\"1082\">\ud83c\udd70\ufe0f\ud83c\udd71\ufe0f Jako\u015b\u0107 produkt\u00f3w \u2013 klasa A\u2013B<\/h2>\n<p data-start=\"1084\" data-end=\"1150\">Mix elektroniki z Anglii (UK) obejmuje produkty w standardzie A\u2013B:<\/p>\n<ul data-start=\"1152\" data-end=\"1303\">\n<li data-section-id=\"1ylt7oh\" data-start=\"1152\" data-end=\"1212\">\n<p data-start=\"1154\" data-end=\"1212\">die meisten Produkte sind neu oder in sehr gutem Zustand<\/p>\n<\/li>\n<li data-section-id=\"1l5huug\" data-start=\"1213\" data-end=\"1253\">\n<p data-start=\"1215\" data-end=\"1253\">leichte Gebrauchsspuren m\u00f6glich<\/p>\n<\/li>\n<li data-section-id=\"1igfwsa\" data-start=\"1254\" data-end=\"1303\">\n<p data-start=\"1256\" data-end=\"1303\">m\u00f6gliche Beimischung von Produkten der Klasse C (bis zu 5-7%)<\/p>\n<\/li>\n<\/ul>\n<p data-start=\"1305\" data-end=\"1380\">Taki poziom jako\u015bci pozwala utrzyma\u0107 dobr\u0105 sprzeda\u017c i szybki obr\u00f3t towarem.<\/p>\n<h2 data-section-id=\"fo6i20\" data-start=\"1387\" data-end=\"1409\">\ud83d\udcd0 Palettenparameter<\/h2>\n<ul data-start=\"1411\" data-end=\"1532\">\n<li data-section-id=\"usyt7n\" data-start=\"1411\" data-end=\"1447\">\n<p data-start=\"1413\" data-end=\"1447\">Palettenh\u00f6he:<strong data-start=\"1430\" data-end=\"1445\">\u00a060 cm<\/strong><\/p>\n<\/li>\n<li data-section-id=\"ut13h4\" data-start=\"1448\" data-end=\"1484\">\n<p data-start=\"1450\" data-end=\"1484\">Sortiment: <strong data-start=\"1462\" data-end=\"1482\">zuf\u00e4llig und variabel<\/strong><\/p>\n<\/li>\n<li data-section-id=\"va9cxy\" data-start=\"1485\" data-end=\"1532\">\n<p data-start=\"1487\" data-end=\"1532\">jede Palette: <strong data-start=\"1501\" data-end=\"1530\">eine einzigartige Palette von Produkten<\/strong><\/p>\n<\/li>\n<\/ul>\n<p data-start=\"1534\" data-end=\"1572\">Zawarto\u015b\u0107 zale\u017cy od aktualnej dostawy.<\/p>\n<h2 data-section-id=\"kilpj5\" data-start=\"1579\" data-end=\"1626\">\ud83d\udcbc Anwendung - Elektronik zum Wiederverkauf<\/h2>\n<p data-start=\"1628\" data-end=\"1679\">Eine Palette mit Elektronik aus England (UK) eignet sich gut als:<\/p>\n<ul data-start=\"1681\" data-end=\"1859\">\n<li data-section-id=\"2z2ita\" data-start=\"1681\" data-end=\"1726\">\n<p data-start=\"1683\" data-end=\"1726\">Waren f\u00fcr den Gro\u00df- und Einzelhandel<\/p>\n<\/li>\n<li data-section-id=\"114rxvs\" data-start=\"1727\" data-end=\"1777\">\n<p data-start=\"1729\" data-end=\"1777\">oferta dla sklep\u00f3w internetowych i marketplace (<a style=\"font-family: -apple-system, BlinkMacSystemFont, &#039;Segoe UI&#039;, Roboto, &#039;Helvetica Neue&#039;, Arial, &#039;Noto Sans&#039;, sans-serif, &#039;Apple Color Emoji&#039;, &#039;Segoe UI Emoji&#039;, &#039;Segoe UI Symbol&#039;, &#039;Noto Color Emoji&#039;;\" href=\"https:\/\/allegro.pl\/\" target=\"_blank\" rel=\"noopener\">Allegro<\/a><span style=\"font-family: -apple-system, BlinkMacSystemFont, 'Segoe UI', Roboto, 'Helvetica Neue', Arial, 'Noto Sans', sans-serif, 'Apple Color Emoji', 'Segoe UI Emoji', 'Segoe UI Symbol', 'Noto Color Emoji';\">, <\/span><a style=\"font-family: -apple-system, BlinkMacSystemFont, &#039;Segoe UI&#039;, Roboto, &#039;Helvetica Neue&#039;, Arial, &#039;Noto Sans&#039;, sans-serif, &#039;Apple Color Emoji&#039;, &#039;Segoe UI Emoji&#039;, &#039;Segoe UI Symbol&#039;, &#039;Noto Color Emoji&#039;;\" href=\"https:\/\/www.olx.pl\/\" target=\"_blank\" rel=\"noopener\">OLX<\/a><span style=\"font-family: -apple-system, BlinkMacSystemFont, 'Segoe UI', Roboto, 'Helvetica Neue', Arial, 'Noto Sans', sans-serif, 'Apple Color Emoji', 'Segoe UI Emoji', 'Segoe UI Symbol', 'Noto Color Emoji';\">, <\/span><a style=\"font-family: -apple-system, BlinkMacSystemFont, &#039;Segoe UI&#039;, Roboto, &#039;Helvetica Neue&#039;, Arial, &#039;Noto Sans&#039;, sans-serif, &#039;Apple Color Emoji&#039;, &#039;Segoe UI Emoji&#039;, &#039;Segoe UI Symbol&#039;, &#039;Noto Color Emoji&#039;;\" href=\"https:\/\/www.ebay.com\/\" target=\"_blank\" rel=\"noopener\">eBay<\/a><span style=\"font-family: -apple-system, BlinkMacSystemFont, 'Segoe UI', Roboto, 'Helvetica Neue', Arial, 'Noto Sans', sans-serif, 'Apple Color Emoji', 'Segoe UI Emoji', 'Segoe UI Symbol', 'Noto Color Emoji';\">, <\/span><a style=\"font-family: -apple-system, BlinkMacSystemFont, &#039;Segoe UI&#039;, Roboto, &#039;Helvetica Neue&#039;, Arial, &#039;Noto Sans&#039;, sans-serif, &#039;Apple Color Emoji&#039;, &#039;Segoe UI Emoji&#039;, &#039;Segoe UI Symbol&#039;, &#039;Noto Color Emoji&#039;;\" href=\"https:\/\/www.amazon.com\/\" target=\"_blank\" rel=\"noopener\">Amazon)<\/a><\/p>\n<\/li>\n<li data-section-id=\"11pv0kx\" data-start=\"1778\" data-end=\"1812\">\n<p data-start=\"1780\" data-end=\"1812\">Mix aus Elektronik f\u00fcr den Wiederverkauf<\/p>\n<\/li>\n<li data-section-id=\"1mb3ba1\" data-start=\"1813\" data-end=\"1859\">\n<p data-start=\"1815\" data-end=\"1859\">\u017ar\u00f3d\u0142o produkt\u00f3w z rynku UK dla reseller\u00f3w<\/p>\n<\/li>\n<\/ul>\n<p data-start=\"1861\" data-end=\"1950\">Zr\u00f3\u017cnicowany asortyment zwi\u0119ksza mo\u017cliwo\u015bci sprzeda\u017cy i pozwala szybciej obraca\u0107 towarem.<\/p>\n<h2 data-section-id=\"gfj1y1\" data-start=\"1957\" data-end=\"1970\">\ud83d\ude9a Lieferung<\/h2>\n<ul data-start=\"1972\" data-end=\"2060\">\n<li data-section-id=\"1j548yy\" data-start=\"1972\" data-end=\"2004\">\n<p data-start=\"1974\" data-end=\"2004\">Versand vom Lager in Europa<\/p>\n<\/li>\n<li data-section-id=\"igemay\" data-start=\"2005\" data-end=\"2035\">\n<p data-start=\"2007\" data-end=\"2035\">schnelle Auftragsabwicklung<\/p>\n<\/li>\n<li data-section-id=\"1qo0dyy\" data-start=\"2036\" data-end=\"2060\">\n<p data-start=\"2038\" data-end=\"2060\">sichere Verpackung<\/p>\n<\/li>\n<\/ul>\n<h2 data-section-id=\"opmkg3\" data-start=\"2067\" data-end=\"2093\">\u2139\ufe0f Zus\u00e4tzliche Informationen<\/h2>\n<ul data-start=\"2095\" data-end=\"2263\">\n<li data-section-id=\"1u1q0wx\" data-start=\"2095\" data-end=\"2117\">\n<p data-start=\"2097\" data-end=\"2117\">unsortierte Waren<\/p>\n<\/li>\n<li data-section-id=\"23fumv\" data-start=\"2118\" data-end=\"2158\">\n<p data-start=\"2120\" data-end=\"2158\">die Produkte werden nicht einzeln getestet<\/p>\n<\/li>\n<li data-section-id=\"iag8fx\" data-start=\"2159\" data-end=\"2198\">\n<p data-start=\"2161\" data-end=\"2198\">m\u00f6gliche Beimischung von Klasse C (bis zu 5-7%)<\/p>\n<\/li>\n<li data-section-id=\"zia6d9\" data-start=\"2199\" data-end=\"2231\">\n<p data-start=\"2201\" data-end=\"2231\">jede Palette zuf\u00e4llig verpackt<\/p>\n<\/li>\n<li data-section-id=\"1qenv5x\" data-start=\"2232\" data-end=\"2263\">\n<p data-start=\"2234\" data-end=\"2263\">keine feste Produktliste<\/p>\n<\/li>\n<\/ul>\n<h2 data-section-id=\"1915pio\" data-start=\"2270\" data-end=\"2292\">\ud83d\udcf8 Produktfotos<\/h2>\n<p data-start=\"2294\" data-end=\"2380\">Die Fotos dienen der Veranschaulichung und zeigen einen Beispielmix von Elektronik aus England.<\/p>","protected":false},"excerpt":{"rendered":"<p class=\"p1\">\u26a1 Oko\u0142o 100% elektroniki<\/p>\n<p class=\"p1\">\ud83c\uddec\ud83c\udde7 UK<\/p>\n<p class=\"p1\">\ud83d\udd25 Amazon Returns<\/p>\n<p class=\"p1\" style=\"text-align: left;\">\u2714\ufe0f Jako\u015b\u0107 A\u2013B<\/p>","protected":false},"featured_media":50379,"comment_status":"open","ping_status":"closed","template":"","meta":{"_acf_changed":false},"product_brand":[],"product_cat":[1258,1279],"product_tag":[1280],"class_list":{"0":"post-50484","1":"product","2":"type-product","3":"status-publish","4":"has-post-thumbnail","6":"product_cat-amazon-paleta","7":"product_cat-mix-elektroniki-uk-amazon-returns-ab","8":"product_tag-paleta-mix-elektroniki-z-anglii","10":"first","11":"instock","12":"sold-individually","13":"taxable","14":"shipping-taxable","15":"purchasable","16":"product-type-simple"},"acf":[],"_links":{"self":[{"href":"https:\/\/stockify24.pl\/de\/wp-json\/wp\/v2\/product\/50484","targetHints":{"allow":["GET"]}}],"collection":[{"href":"https:\/\/stockify24.pl\/de\/wp-json\/wp\/v2\/product"}],"about":[{"href":"https:\/\/stockify24.pl\/de\/wp-json\/wp\/v2\/types\/product"}],"replies":[{"embeddable":true,"href":"https:\/\/stockify24.pl\/de\/wp-json\/wp\/v2\/comments?post=50484"}],"wp:featuredmedia":[{"embeddable":true,"href":"https:\/\/stockify24.pl\/de\/wp-json\/wp\/v2\/media\/50379"}],"wp:attachment":[{"href":"https:\/\/stockify24.pl\/de\/wp-json\/wp\/v2\/media?parent=50484"}],"wp:term":[{"taxonomy":"product_brand","embeddable":true,"href":"https:\/\/stockify24.pl\/de\/wp-json\/wp\/v2\/product_brand?post=50484"},{"taxonomy":"product_cat","embeddable":true,"href":"https:\/\/stockify24.pl\/de\/wp-json\/wp\/v2\/product_cat?post=50484"},{"taxonomy":"product_tag","embeddable":true,"href":"https:\/\/stockify24.pl\/de\/wp-json\/wp\/v2\/product_tag?post=50484"}],"curies":[{"name":"wp","href":"https:\/\/api.w.org\/{rel}","templated":true}]}}