{"id":50485,"date":"2026-03-20T12:20:07","date_gmt":"2026-03-20T11:20:07","guid":{"rendered":"https:\/\/stockify24.pl\/?post_type=product&#038;p=50485"},"modified":"2026-03-30T12:26:18","modified_gmt":"2026-03-30T11:26:18","slug":"paleta-elektroniki-z-anglii-uk-mix-a-b-3","status":"publish","type":"product","link":"https:\/\/stockify24.pl\/de\/produkt\/paleta-elektroniki-z-anglii-uk-mix-a-b-3\/","title":{"rendered":"Elektronikpalette aus England (UK) - Mix A-B"},"content":{"rendered":"<h2 data-section-id=\"1fs3luu\" data-start=\"113\" data-end=\"161\">\ud83d\udce6 Elektronik-Palette aus England (UK) - Mix A-B<\/h2>\n<p data-start=\"163\" data-end=\"337\">Mix elektroniki z Anglii (UK) to oferta dla e-commerce, sprzeda\u017cy hurtowej oraz reseller\u00f3w, kt\u00f3rzy chc\u0105 sprzedawa\u0107 elektronik\u0119 z rynku UK o wysokim popycie i szybkim obrocie.<\/p>\n<p data-start=\"339\" data-end=\"515\">Paleta zawiera produkty pochodz\u0105ce ze zwrot\u00f3w konsumenckich oraz nadwy\u017cek magazynowych. Pozwala to kupowa\u0107 towar poni\u017cej ceny rynkowej i zwi\u0119ksza\u0107 mar\u017c\u0119 przy dalszej sprzeda\u017cy.<\/p>\n<p data-start=\"517\" data-end=\"638\">Ka\u017cda paleta ma losowy sk\u0142ad \u2014 brak sta\u0142ej listy produkt\u00f3w zapewnia r\u00f3\u017cnorodny asortyment i wi\u0119ksze mo\u017cliwo\u015bci sprzeda\u017cy.<\/p>\n<p data-start=\"517\" data-end=\"638\">Alle Amazon Palettenmodelle finden Sie hier <a href=\"https:\/\/stockify24.pl\/de\/sklep\/\"><strong>hier<\/strong>.<\/a><\/p>\n<h2 data-section-id=\"dawekf\" data-start=\"645\" data-end=\"690\">\ud83d\udd0c Paletteninhalt - Unterhaltungselektronik<\/h2>\n<p data-start=\"692\" data-end=\"751\">W palecie znajduj\u0105 si\u0119 r\u00f3\u017cne produkty elektroniczne, w tym:<\/p>\n<ul data-start=\"753\" data-end=\"950\">\n<li data-section-id=\"admbw2\" data-start=\"753\" data-end=\"780\">\n<p data-start=\"755\" data-end=\"780\">drahtlose Kopfh\u00f6rer<\/p>\n<\/li>\n<li data-section-id=\"af8joy\" data-start=\"781\" data-end=\"814\">\n<p data-start=\"783\" data-end=\"814\">\u0142adowarki, powerbanki i kable<\/p>\n<\/li>\n<li data-section-id=\"2cko63\" data-start=\"815\" data-end=\"832\">\n<p data-start=\"817\" data-end=\"832\">GSM-Zubeh\u00f6r<\/p>\n<\/li>\n<li data-section-id=\"129ryor\" data-start=\"833\" data-end=\"858\">\n<p data-start=\"835\" data-end=\"858\">Smart-Home-Ger\u00e4te<\/p>\n<\/li>\n<li data-section-id=\"dys3xd\" data-start=\"859\" data-end=\"871\">\n<p data-start=\"861\" data-end=\"871\">kleine Haushaltsger\u00e4te<\/p>\n<\/li>\n<li data-section-id=\"i0l57x\" data-start=\"872\" data-end=\"910\">\n<p data-start=\"874\" data-end=\"910\">Steuerger\u00e4te und elektronische Spielereien<\/p>\n<\/li>\n<li data-section-id=\"1s1m71p\" data-start=\"911\" data-end=\"950\">\n<p data-start=\"913\" data-end=\"950\">andere Produkte der Unterhaltungselektronik<\/p>\n<\/li>\n<\/ul>\n<p data-start=\"952\" data-end=\"1007\">\ud83d\udcca Auf die Elektronik entfallen etwa <strong data-start=\"981\" data-end=\"1007\">100% Paletteninhalt<\/strong><\/p>\n<h2 data-section-id=\"2jw31c\" data-start=\"1014\" data-end=\"1042\">\ud83c\udd70\ufe0f\ud83c\udd71\ufe0f Jako\u015b\u0107 \u2013 klasa A\u2013B<\/h2>\n<p data-start=\"1044\" data-end=\"1110\">Mix elektroniki z Anglii (UK) obejmuje produkty w standardzie A\u2013B:<\/p>\n<ul data-start=\"1112\" data-end=\"1259\">\n<li data-section-id=\"1ylt7oh\" data-start=\"1112\" data-end=\"1172\">\n<p data-start=\"1114\" data-end=\"1172\">die meisten Produkte sind neu oder in sehr gutem Zustand<\/p>\n<\/li>\n<li data-section-id=\"1ydnmn3\" data-start=\"1173\" data-end=\"1209\">\n<p data-start=\"1175\" data-end=\"1209\">leichte Gebrauchsspuren m\u00f6glich<\/p>\n<\/li>\n<li data-section-id=\"13485k2\" data-start=\"1210\" data-end=\"1259\">\n<p data-start=\"1212\" data-end=\"1259\">geringe Beimischung von Klasse C m\u00f6glich (bis zu 5-7%)<\/p>\n<\/li>\n<\/ul>\n<p data-start=\"1261\" data-end=\"1322\">Towar nie jest testowany i pochodzi ze zwrot\u00f3w konsumenckich.<\/p>\n<h2 data-section-id=\"fo6i20\" data-start=\"1329\" data-end=\"1351\">\ud83d\udcd0 Palettenparameter<\/h2>\n<ul data-start=\"1353\" data-end=\"1455\">\n<li data-section-id=\"xuv6uu\" data-start=\"1353\" data-end=\"1382\">\n<p data-start=\"1355\" data-end=\"1382\">H\u00f6he:<strong data-start=\"1365\" data-end=\"1380\">\u00a060 cm<\/strong><\/p>\n<\/li>\n<li data-section-id=\"9s5onr\" data-start=\"1383\" data-end=\"1424\">\n<p data-start=\"1385\" data-end=\"1424\">Sortiment: <strong data-start=\"1397\" data-end=\"1422\">zuf\u00e4llig und vielf\u00e4ltig<\/strong><\/p>\n<\/li>\n<li data-section-id=\"14taal3\" data-start=\"1425\" data-end=\"1455\">\n<p data-start=\"1427\" data-end=\"1455\">jede Palette: <strong data-start=\"1441\" data-end=\"1453\">einzigartig<\/strong><\/p>\n<\/li>\n<\/ul>\n<p data-start=\"1457\" data-end=\"1502\">Der Inhalt h\u00e4ngt von der aktuellen Liefercharge ab.<\/p>\n<h2 data-section-id=\"kilpj5\" data-start=\"1509\" data-end=\"1556\">\ud83d\udcbc Anwendung - Elektronik zum Wiederverkauf<\/h2>\n<p data-start=\"1558\" data-end=\"1618\">Paleta elektroniki z Anglii (UK) mo\u017ce by\u0107 wykorzystana jako:<\/p>\n<ul data-start=\"1620\" data-end=\"1782\">\n<li data-section-id=\"1nciuj\" data-start=\"1620\" data-end=\"1663\">\n<p data-start=\"1622\" data-end=\"1663\">towar do sprzeda\u017cy online i marketplace (<a style=\"font-family: -apple-system, BlinkMacSystemFont, &#039;Segoe UI&#039;, Roboto, &#039;Helvetica Neue&#039;, Arial, &#039;Noto Sans&#039;, sans-serif, &#039;Apple Color Emoji&#039;, &#039;Segoe UI Emoji&#039;, &#039;Segoe UI Symbol&#039;, &#039;Noto Color Emoji&#039;;\" href=\"https:\/\/allegro.pl\/\" target=\"_blank\" rel=\"noopener\">Allegro<\/a><span style=\"font-family: -apple-system, BlinkMacSystemFont, 'Segoe UI', Roboto, 'Helvetica Neue', Arial, 'Noto Sans', sans-serif, 'Apple Color Emoji', 'Segoe UI Emoji', 'Segoe UI Symbol', 'Noto Color Emoji';\">, <\/span><a style=\"font-family: -apple-system, BlinkMacSystemFont, &#039;Segoe UI&#039;, Roboto, &#039;Helvetica Neue&#039;, Arial, &#039;Noto Sans&#039;, sans-serif, &#039;Apple Color Emoji&#039;, &#039;Segoe UI Emoji&#039;, &#039;Segoe UI Symbol&#039;, &#039;Noto Color Emoji&#039;;\" href=\"https:\/\/www.olx.pl\/\" target=\"_blank\" rel=\"noopener\">OLX<\/a><span style=\"font-family: -apple-system, BlinkMacSystemFont, 'Segoe UI', Roboto, 'Helvetica Neue', Arial, 'Noto Sans', sans-serif, 'Apple Color Emoji', 'Segoe UI Emoji', 'Segoe UI Symbol', 'Noto Color Emoji';\">, <\/span><a style=\"font-family: -apple-system, BlinkMacSystemFont, &#039;Segoe UI&#039;, Roboto, &#039;Helvetica Neue&#039;, Arial, &#039;Noto Sans&#039;, sans-serif, &#039;Apple Color Emoji&#039;, &#039;Segoe UI Emoji&#039;, &#039;Segoe UI Symbol&#039;, &#039;Noto Color Emoji&#039;;\" href=\"https:\/\/www.ebay.com\/\" target=\"_blank\" rel=\"noopener\">eBay<\/a><span style=\"font-family: -apple-system, BlinkMacSystemFont, 'Segoe UI', Roboto, 'Helvetica Neue', Arial, 'Noto Sans', sans-serif, 'Apple Color Emoji', 'Segoe UI Emoji', 'Segoe UI Symbol', 'Noto Color Emoji';\">, <\/span><a style=\"font-family: -apple-system, BlinkMacSystemFont, &#039;Segoe UI&#039;, Roboto, &#039;Helvetica Neue&#039;, Arial, &#039;Noto Sans&#039;, sans-serif, &#039;Apple Color Emoji&#039;, &#039;Segoe UI Emoji&#039;, &#039;Segoe UI Symbol&#039;, &#039;Noto Color Emoji&#039;;\" href=\"https:\/\/www.amazon.com\/\" target=\"_blank\" rel=\"noopener\">Amazon)<\/a><\/p>\n<\/li>\n<li data-section-id=\"1bla79k\" data-start=\"1664\" data-end=\"1711\">\n<p data-start=\"1666\" data-end=\"1711\">Angebot f\u00fcr Gro\u00dfhandel und Einzelhandel<\/p>\n<\/li>\n<li data-section-id=\"11pv0kx\" data-start=\"1712\" data-end=\"1746\">\n<p data-start=\"1714\" data-end=\"1746\">Mix aus Elektronik f\u00fcr den Wiederverkauf<\/p>\n<\/li>\n<li data-section-id=\"umddpi\" data-start=\"1747\" data-end=\"1782\">\n<p data-start=\"1749\" data-end=\"1782\">\u017ar\u00f3d\u0142o produkt\u00f3w dla reseller\u00f3w<\/p>\n<\/li>\n<\/ul>\n<p data-start=\"1784\" data-end=\"1863\">Du\u017cy udzia\u0142 elektroniki pozwala szybciej sprzedawa\u0107 produkty i zwi\u0119ksza\u0107 obr\u00f3t.<\/p>\n<h2 data-section-id=\"gfj1y1\" data-start=\"1870\" data-end=\"1883\">\ud83d\ude9a Lieferung<\/h2>\n<ul data-start=\"1885\" data-end=\"1973\">\n<li data-section-id=\"1j548yy\" data-start=\"1885\" data-end=\"1917\">\n<p data-start=\"1887\" data-end=\"1917\">Versand vom Lager in Europa<\/p>\n<\/li>\n<li data-section-id=\"igemay\" data-start=\"1918\" data-end=\"1948\">\n<p data-start=\"1920\" data-end=\"1948\">schnelle Auftragsabwicklung<\/p>\n<\/li>\n<li data-section-id=\"1qo0dyy\" data-start=\"1949\" data-end=\"1973\">\n<p data-start=\"1951\" data-end=\"1973\">sichere Verpackung<\/p>\n<\/li>\n<\/ul>\n<h2 data-section-id=\"opmkg3\" data-start=\"1980\" data-end=\"2006\">\u2139\ufe0f Zus\u00e4tzliche Informationen<\/h2>\n<ul data-start=\"2008\" data-end=\"2173\">\n<li data-section-id=\"1u1q0wx\" data-start=\"2008\" data-end=\"2030\">\n<p data-start=\"2010\" data-end=\"2030\">unsortierte Waren<\/p>\n<\/li>\n<li data-section-id=\"23fumv\" data-start=\"2031\" data-end=\"2071\">\n<p data-start=\"2033\" data-end=\"2071\">die Produkte werden nicht einzeln getestet<\/p>\n<\/li>\n<li data-section-id=\"iag8fx\" data-start=\"2072\" data-end=\"2111\">\n<p data-start=\"2074\" data-end=\"2111\">m\u00f6gliche Beimischung von Klasse C (bis zu 5-7%)<\/p>\n<\/li>\n<li data-section-id=\"zia6d9\" data-start=\"2112\" data-end=\"2144\">\n<p data-start=\"2114\" data-end=\"2144\">jede Palette zuf\u00e4llig verpackt<\/p>\n<\/li>\n<li data-section-id=\"15zrc3k\" data-start=\"2145\" data-end=\"2173\">\n<p data-start=\"2147\" data-end=\"2173\">brak sta\u0142ej specyfikacji<\/p>\n<\/li>\n<\/ul>\n<h2 data-section-id=\"1915pio\" data-start=\"2180\" data-end=\"2202\">\ud83d\udcf8 Produktfotos<\/h2>\n<p data-start=\"2204\" data-end=\"2290\">Die Fotos dienen der Veranschaulichung und zeigen einen Beispielmix von Elektronik aus England.<\/p>","protected":false},"excerpt":{"rendered":"<p class=\"p1\">\u26a1 Oko\u0142o 100% elektroniki<\/p>\n<p class=\"p1\">\ud83c\uddec\ud83c\udde7 UK<\/p>\n<p class=\"p1\">\ud83d\udd25 Amazon Returns<\/p>\n<p class=\"p1\" style=\"text-align: left;\">\u2714\ufe0f Jako\u015b\u0107 A\u2013B<\/p>","protected":false},"featured_media":50459,"comment_status":"open","ping_status":"closed","template":"","meta":{"_acf_changed":false},"product_brand":[],"product_cat":[1258,1279],"product_tag":[1280],"class_list":{"0":"post-50485","1":"product","2":"type-product","3":"status-publish","4":"has-post-thumbnail","6":"product_cat-amazon-paleta","7":"product_cat-mix-elektroniki-uk-amazon-returns-ab","8":"product_tag-paleta-mix-elektroniki-z-anglii","10":"first","11":"instock","12":"sold-individually","13":"taxable","14":"shipping-taxable","15":"purchasable","16":"product-type-simple"},"acf":[],"_links":{"self":[{"href":"https:\/\/stockify24.pl\/de\/wp-json\/wp\/v2\/product\/50485","targetHints":{"allow":["GET"]}}],"collection":[{"href":"https:\/\/stockify24.pl\/de\/wp-json\/wp\/v2\/product"}],"about":[{"href":"https:\/\/stockify24.pl\/de\/wp-json\/wp\/v2\/types\/product"}],"replies":[{"embeddable":true,"href":"https:\/\/stockify24.pl\/de\/wp-json\/wp\/v2\/comments?post=50485"}],"wp:featuredmedia":[{"embeddable":true,"href":"https:\/\/stockify24.pl\/de\/wp-json\/wp\/v2\/media\/50459"}],"wp:attachment":[{"href":"https:\/\/stockify24.pl\/de\/wp-json\/wp\/v2\/media?parent=50485"}],"wp:term":[{"taxonomy":"product_brand","embeddable":true,"href":"https:\/\/stockify24.pl\/de\/wp-json\/wp\/v2\/product_brand?post=50485"},{"taxonomy":"product_cat","embeddable":true,"href":"https:\/\/stockify24.pl\/de\/wp-json\/wp\/v2\/product_cat?post=50485"},{"taxonomy":"product_tag","embeddable":true,"href":"https:\/\/stockify24.pl\/de\/wp-json\/wp\/v2\/product_tag?post=50485"}],"curies":[{"name":"wp","href":"https:\/\/api.w.org\/{rel}","templated":true}]}}