{"id":50493,"date":"2026-03-20T13:50:41","date_gmt":"2026-03-20T12:50:41","guid":{"rendered":"https:\/\/stockify24.pl\/?post_type=product&#038;p=50493"},"modified":"2026-03-30T12:27:27","modified_gmt":"2026-03-30T11:27:27","slug":"drobna-elektronika-uk-a-b-24","status":"publish","type":"product","link":"https:\/\/stockify24.pl\/de\/produkt\/drobna-elektronika-uk-a-b-24\/","title":{"rendered":"Kleine Elektronik (UK) | A-B | #24"},"content":{"rendered":"<h2 data-section-id=\"1tqq9za\" data-start=\"142\" data-end=\"209\">\ud83d\udce6 Drobna elektronika z Anglii (UK) \u2013 Amazon Returns, A\u2013B, 97 kg<\/h2>\n<p data-start=\"211\" data-end=\"404\">Mix drobnej elektroniki z Anglii (UK) to oferta dla e-commerce, sprzeda\u017cy hurtowej oraz reseller\u00f3w, kt\u00f3rzy chc\u0105 pracowa\u0107 na towarze o szybkim obrocie i du\u017cej liczbie produkt\u00f3w w jednej palecie.<\/p>\n<p data-start=\"406\" data-end=\"595\">Paleta pochodzi ze zwrot\u00f3w konsumenckich Amazon (Amazon Returns) i zawiera drobn\u0105 elektronik\u0119 u\u017cytkow\u0105. Dzi\u0119ki temu mo\u017cliwy jest zakup towaru w ni\u017cszej cenie i jego dalsza sprzeda\u017c z mar\u017c\u0105.<\/p>\n<p data-start=\"597\" data-end=\"686\">Ka\u017cda paleta jest niesortowana \u2014 sk\u0142ad jest losowy i zmienia si\u0119 w zale\u017cno\u015bci od dostawy.<\/p>\n<p data-start=\"597\" data-end=\"686\">Alle Amazon Palettenmodelle finden Sie hier <a href=\"https:\/\/stockify24.pl\/de\/sklep\/\"><strong>hier<\/strong>.<\/a><\/p>\n<h2 data-section-id=\"oxe877\" data-start=\"693\" data-end=\"739\">\ud83d\udd0c Zawarto\u015b\u0107 palety \u2013 drobna elektronika UK<\/h2>\n<p data-start=\"741\" data-end=\"805\">Die Palette enth\u00e4lt etwa <strong data-start=\"771\" data-end=\"792\">150\u2013200 produkt\u00f3w<\/strong>, wie zum Beispiel:<\/p>\n<ul data-start=\"807\" data-end=\"966\">\n<li data-section-id=\"2cko63\" data-start=\"807\" data-end=\"824\">\n<p data-start=\"809\" data-end=\"824\">GSM-Zubeh\u00f6r<\/p>\n<\/li>\n<li data-section-id=\"caapl8\" data-start=\"825\" data-end=\"856\">\n<p data-start=\"827\" data-end=\"856\">Ladeger\u00e4te, Kabel und Adapter<\/p>\n<\/li>\n<li data-section-id=\"x5tve1\" data-start=\"857\" data-end=\"875\">\n<p data-start=\"859\" data-end=\"875\">USB-Ger\u00e4te<\/p>\n<\/li>\n<li data-section-id=\"6uw8kl\" data-start=\"876\" data-end=\"901\">\n<p data-start=\"878\" data-end=\"901\">elektronische Gadgets<\/p>\n<\/li>\n<li data-section-id=\"1lxu5gy\" data-start=\"902\" data-end=\"928\">\n<p data-start=\"904\" data-end=\"928\">Telefonzubeh\u00f6r<\/p>\n<\/li>\n<li data-section-id=\"12yzxov\" data-start=\"929\" data-end=\"966\">\n<p data-start=\"931\" data-end=\"966\">inne produkty drobnej elektroniki<\/p>\n<\/li>\n<\/ul>\n<p data-start=\"968\" data-end=\"1023\">\ud83d\udcca Auf die Elektronik entfallen etwa <strong data-start=\"997\" data-end=\"1023\">100% Paletteninhalt<\/strong><\/p>\n<p data-start=\"1025\" data-end=\"1038\">\ud83d\udd0c Zasilanie:<\/p>\n<ul data-start=\"1039\" data-end=\"1126\">\n<li data-section-id=\"1vi9vlz\" data-start=\"1039\" data-end=\"1080\">\n<p data-start=\"1041\" data-end=\"1080\">oko\u0142o <strong data-start=\"1047\" data-end=\"1078\">10\u201325% produkt\u00f3w na wtyczk\u0119<\/strong><\/p>\n<\/li>\n<li data-section-id=\"11zh2gy\" data-start=\"1081\" data-end=\"1126\">\n<p data-start=\"1083\" data-end=\"1126\">pozosta\u0142e urz\u0105dzenia zasilane przez <strong data-start=\"1119\" data-end=\"1126\">USB<\/strong><\/p>\n<\/li>\n<\/ul>\n<h2 data-section-id=\"2jw31c\" data-start=\"1133\" data-end=\"1161\">\ud83c\udd70\ufe0f\ud83c\udd71\ufe0f Jako\u015b\u0107 \u2013 klasa A\u2013B<\/h2>\n<p data-start=\"1163\" data-end=\"1229\">Mix elektroniki z Anglii (UK) obejmuje produkty w standardzie A\u2013B:<\/p>\n<ul data-start=\"1231\" data-end=\"1373\">\n<li data-section-id=\"1br12vd\" data-start=\"1231\" data-end=\"1286\">\n<p data-start=\"1233\" data-end=\"1286\">wi\u0119kszo\u015b\u0107 produkt\u00f3w nowa lub w bardzo dobrym stanie<\/p>\n<\/li>\n<li data-section-id=\"1ydnmn3\" data-start=\"1287\" data-end=\"1323\">\n<p data-start=\"1289\" data-end=\"1323\">leichte Gebrauchsspuren m\u00f6glich<\/p>\n<\/li>\n<li data-section-id=\"13485k2\" data-start=\"1324\" data-end=\"1373\">\n<p data-start=\"1326\" data-end=\"1373\">geringe Beimischung von Klasse C m\u00f6glich (bis zu 5-7%)<\/p>\n<\/li>\n<\/ul>\n<p data-start=\"1375\" data-end=\"1442\">Die Ware ist ungetestet und kommt direkt aus Amazon-Retouren.<\/p>\n<h2 data-section-id=\"6mpf3m\" data-start=\"1449\" data-end=\"1475\">\ud83d\udcd0 Technische Daten<\/h2>\n<ul data-start=\"1477\" data-end=\"1655\">\n<li data-section-id=\"1eqqyw4\" data-start=\"1477\" data-end=\"1502\">\n<p data-start=\"1479\" data-end=\"1502\">Nettogewicht: <strong data-start=\"1491\" data-end=\"1500\">97 kg<\/strong><\/p>\n<\/li>\n<li data-section-id=\"usyt7n\" data-start=\"1503\" data-end=\"1539\">\n<p data-start=\"1505\" data-end=\"1539\">Palettenh\u00f6he:<strong data-start=\"1522\" data-end=\"1537\">\u00a060 cm<\/strong><\/p>\n<\/li>\n<li data-section-id=\"y43syn\" data-start=\"1540\" data-end=\"1582\">\n<p data-start=\"1542\" data-end=\"1582\">Anzahl der Produkte: <strong data-start=\"1559\" data-end=\"1580\">ok. 150\u2013200 sztuk<\/strong><\/p>\n<\/li>\n<li data-section-id=\"9s5onr\" data-start=\"1583\" data-end=\"1624\">\n<p data-start=\"1585\" data-end=\"1624\">Sortiment: <strong data-start=\"1597\" data-end=\"1622\">zuf\u00e4llig und vielf\u00e4ltig<\/strong><\/p>\n<\/li>\n<li data-section-id=\"14taal3\" data-start=\"1625\" data-end=\"1655\">\n<p data-start=\"1627\" data-end=\"1655\">jede Palette: <strong data-start=\"1641\" data-end=\"1653\">einzigartig<\/strong><\/p>\n<\/li>\n<\/ul>\n<p data-start=\"1657\" data-end=\"1702\">Der Inhalt h\u00e4ngt von der aktuellen Liefercharge ab.<\/p>\n<h2 data-section-id=\"q6esnp\" data-start=\"1709\" data-end=\"1763\">\ud83d\udcbc Zastosowanie \u2013 drobna elektronika do odsprzeda\u017cy<\/h2>\n<p data-start=\"1765\" data-end=\"1813\">Paleta drobnej elektroniki UK sprawdza si\u0119 jako:<\/p>\n<ul data-start=\"1815\" data-end=\"1973\">\n<li data-section-id=\"1nciuj\" data-start=\"1815\" data-end=\"1858\">\n<p data-start=\"1817\" data-end=\"1858\">towar do sprzeda\u017cy online i marketplace (<a style=\"font-family: -apple-system, BlinkMacSystemFont, &#039;Segoe UI&#039;, Roboto, &#039;Helvetica Neue&#039;, Arial, &#039;Noto Sans&#039;, sans-serif, &#039;Apple Color Emoji&#039;, &#039;Segoe UI Emoji&#039;, &#039;Segoe UI Symbol&#039;, &#039;Noto Color Emoji&#039;;\" href=\"https:\/\/allegro.pl\/\" target=\"_blank\" rel=\"noopener\">Allegro<\/a><span style=\"font-family: -apple-system, BlinkMacSystemFont, 'Segoe UI', Roboto, 'Helvetica Neue', Arial, 'Noto Sans', sans-serif, 'Apple Color Emoji', 'Segoe UI Emoji', 'Segoe UI Symbol', 'Noto Color Emoji';\">, <\/span><a style=\"font-family: -apple-system, BlinkMacSystemFont, &#039;Segoe UI&#039;, Roboto, &#039;Helvetica Neue&#039;, Arial, &#039;Noto Sans&#039;, sans-serif, &#039;Apple Color Emoji&#039;, &#039;Segoe UI Emoji&#039;, &#039;Segoe UI Symbol&#039;, &#039;Noto Color Emoji&#039;;\" href=\"https:\/\/www.olx.pl\/\" target=\"_blank\" rel=\"noopener\">OLX<\/a><span style=\"font-family: -apple-system, BlinkMacSystemFont, 'Segoe UI', Roboto, 'Helvetica Neue', Arial, 'Noto Sans', sans-serif, 'Apple Color Emoji', 'Segoe UI Emoji', 'Segoe UI Symbol', 'Noto Color Emoji';\">, <\/span><a style=\"font-family: -apple-system, BlinkMacSystemFont, &#039;Segoe UI&#039;, Roboto, &#039;Helvetica Neue&#039;, Arial, &#039;Noto Sans&#039;, sans-serif, &#039;Apple Color Emoji&#039;, &#039;Segoe UI Emoji&#039;, &#039;Segoe UI Symbol&#039;, &#039;Noto Color Emoji&#039;;\" href=\"https:\/\/www.ebay.com\/\" target=\"_blank\" rel=\"noopener\">eBay<\/a><span style=\"font-family: -apple-system, BlinkMacSystemFont, 'Segoe UI', Roboto, 'Helvetica Neue', Arial, 'Noto Sans', sans-serif, 'Apple Color Emoji', 'Segoe UI Emoji', 'Segoe UI Symbol', 'Noto Color Emoji';\">, <\/span><a style=\"font-family: -apple-system, BlinkMacSystemFont, &#039;Segoe UI&#039;, Roboto, &#039;Helvetica Neue&#039;, Arial, &#039;Noto Sans&#039;, sans-serif, &#039;Apple Color Emoji&#039;, &#039;Segoe UI Emoji&#039;, &#039;Segoe UI Symbol&#039;, &#039;Noto Color Emoji&#039;;\" href=\"https:\/\/www.amazon.com\/\" target=\"_blank\" rel=\"noopener\">Amazon)<\/a><\/p>\n<\/li>\n<li data-section-id=\"1q45md9\" data-start=\"1859\" data-end=\"1891\">\n<p data-start=\"1861\" data-end=\"1891\">mix produkt\u00f3w do odsprzeda\u017cy<\/p>\n<\/li>\n<li data-section-id=\"px6x4d\" data-start=\"1892\" data-end=\"1926\">\n<p data-start=\"1894\" data-end=\"1926\">baza dla sklep\u00f3w internetowych<\/p>\n<\/li>\n<li data-section-id=\"11o6chf\" data-start=\"1927\" data-end=\"1973\">\n<p data-start=\"1929\" data-end=\"1973\">oferta dla reseller\u00f3w i sprzeda\u017cy hurtowej<\/p>\n<\/li>\n<\/ul>\n<p data-start=\"1975\" data-end=\"2047\">Du\u017ca liczba produkt\u00f3w pozwala szybko zwi\u0119kszy\u0107 sprzeda\u017c i obr\u00f3t towarem.<\/p>\n<h2 data-section-id=\"gfj1y1\" data-start=\"2054\" data-end=\"2067\">\ud83d\ude9a Lieferung<\/h2>\n<ul data-start=\"2069\" data-end=\"2157\">\n<li data-section-id=\"1j548yy\" data-start=\"2069\" data-end=\"2101\">\n<p data-start=\"2071\" data-end=\"2101\">Versand vom Lager in Europa<\/p>\n<\/li>\n<li data-section-id=\"igemay\" data-start=\"2102\" data-end=\"2132\">\n<p data-start=\"2104\" data-end=\"2132\">schnelle Auftragsabwicklung<\/p>\n<\/li>\n<li data-section-id=\"1qo0dyy\" data-start=\"2133\" data-end=\"2157\">\n<p data-start=\"2135\" data-end=\"2157\">sichere Verpackung<\/p>\n<\/li>\n<\/ul>\n<h2 data-section-id=\"opmkg3\" data-start=\"2164\" data-end=\"2190\">\u2139\ufe0f Zus\u00e4tzliche Informationen<\/h2>\n<ul data-start=\"2192\" data-end=\"2377\">\n<li data-section-id=\"oo8lin\" data-start=\"2192\" data-end=\"2231\">\n<p data-start=\"2194\" data-end=\"2231\">unsortierte Waren (Amazon Returns)<\/p>\n<\/li>\n<li data-section-id=\"23fumv\" data-start=\"2232\" data-end=\"2272\">\n<p data-start=\"2234\" data-end=\"2272\">die Produkte werden nicht einzeln getestet<\/p>\n<\/li>\n<li data-section-id=\"iag8fx\" data-start=\"2273\" data-end=\"2312\">\n<p data-start=\"2275\" data-end=\"2312\">m\u00f6gliche Beimischung von Klasse C (bis zu 5-7%)<\/p>\n<\/li>\n<li data-section-id=\"zia6d9\" data-start=\"2313\" data-end=\"2345\">\n<p data-start=\"2315\" data-end=\"2345\">jede Palette zuf\u00e4llig verpackt<\/p>\n<\/li>\n<li data-section-id=\"1qenv5x\" data-start=\"2346\" data-end=\"2377\">\n<p data-start=\"2348\" data-end=\"2377\">keine feste Produktliste<\/p>\n<\/li>\n<\/ul>\n<h2 data-section-id=\"1915pio\" data-start=\"2384\" data-end=\"2406\">\ud83d\udcf8 Produktfotos<\/h2>\n<p data-start=\"2408\" data-end=\"2502\">Zdj\u0119cia maj\u0105 charakter pogl\u0105dowy i przedstawiaj\u0105 przyk\u0142adowy mix drobnej elektroniki z Anglii.<\/p>","protected":false},"excerpt":{"rendered":"<p class=\"p1\">\u26a1 Oko\u0142o 100% elektroniki<\/p>\n<p class=\"p1\">\ud83c\uddec\ud83c\udde7 UK<\/p>\n<p class=\"p1\">\ud83d\udd25 Amazon Returns<\/p>\n<p class=\"p1\" style=\"text-align: left;\">\u2714\ufe0f Jako\u015b\u0107 A\u2013B<\/p>","protected":false},"featured_media":50494,"comment_status":"open","ping_status":"closed","template":"","meta":{"_acf_changed":false},"product_brand":[],"product_cat":[1258,1282],"product_tag":[1280],"class_list":{"0":"post-50493","1":"product","2":"type-product","3":"status-publish","4":"has-post-thumbnail","6":"product_cat-amazon-paleta","7":"product_cat-drobna-elektronika-uk-amazon-returns-ab","8":"product_tag-paleta-mix-elektroniki-z-anglii","10":"first","11":"instock","12":"sold-individually","13":"taxable","14":"shipping-taxable","15":"purchasable","16":"product-type-simple"},"acf":[],"_links":{"self":[{"href":"https:\/\/stockify24.pl\/de\/wp-json\/wp\/v2\/product\/50493","targetHints":{"allow":["GET"]}}],"collection":[{"href":"https:\/\/stockify24.pl\/de\/wp-json\/wp\/v2\/product"}],"about":[{"href":"https:\/\/stockify24.pl\/de\/wp-json\/wp\/v2\/types\/product"}],"replies":[{"embeddable":true,"href":"https:\/\/stockify24.pl\/de\/wp-json\/wp\/v2\/comments?post=50493"}],"wp:featuredmedia":[{"embeddable":true,"href":"https:\/\/stockify24.pl\/de\/wp-json\/wp\/v2\/media\/50494"}],"wp:attachment":[{"href":"https:\/\/stockify24.pl\/de\/wp-json\/wp\/v2\/media?parent=50493"}],"wp:term":[{"taxonomy":"product_brand","embeddable":true,"href":"https:\/\/stockify24.pl\/de\/wp-json\/wp\/v2\/product_brand?post=50493"},{"taxonomy":"product_cat","embeddable":true,"href":"https:\/\/stockify24.pl\/de\/wp-json\/wp\/v2\/product_cat?post=50493"},{"taxonomy":"product_tag","embeddable":true,"href":"https:\/\/stockify24.pl\/de\/wp-json\/wp\/v2\/product_tag?post=50493"}],"curies":[{"name":"wp","href":"https:\/\/api.w.org\/{rel}","templated":true}]}}