{"id":50497,"date":"2026-03-20T14:00:59","date_gmt":"2026-03-20T13:00:59","guid":{"rendered":"https:\/\/stockify24.pl\/?post_type=product&#038;p=50497"},"modified":"2026-03-30T12:32:29","modified_gmt":"2026-03-30T11:32:29","slug":"drobna-elektronika-uk-a-b-19","status":"publish","type":"product","link":"https:\/\/stockify24.pl\/de\/produkt\/drobna-elektronika-uk-a-b-19\/","title":{"rendered":"Kleine Elektronik (UK) | A-B | #19"},"content":{"rendered":"<h2 data-section-id=\"xfa22l\" data-start=\"136\" data-end=\"204\">\ud83d\udce6 Drobna elektronika z Anglii (UK) \u2013 Amazon Returns, A\u2013B, 104 kg<\/h2>\n<p data-start=\"206\" data-end=\"376\">Mix drobnej elektroniki z Anglii (UK) to rozwi\u0105zanie dla e-commerce, sprzeda\u017cy hurtowej oraz reseller\u00f3w, kt\u00f3rzy chc\u0105 sprzedawa\u0107 produkty z du\u017c\u0105 rotacj\u0105 i szybkim obrotem.<\/p>\n<p data-start=\"378\" data-end=\"558\">Paleta pochodzi ze zwrot\u00f3w konsumenckich Amazon (Amazon Returns) i zawiera du\u017c\u0105 ilo\u015b\u0107 drobnej elektroniki. Dzi\u0119ki temu mo\u017cesz kupi\u0107 towar w ni\u017cszej cenie i sprzedawa\u0107 go z zyskiem.<\/p>\n<p data-start=\"560\" data-end=\"621\">Ka\u017cda paleta ma losowy sk\u0142ad \u2014 nie ma sta\u0142ej listy produkt\u00f3w.<\/p>\n<p data-start=\"560\" data-end=\"621\">Alle Amazon Palettenmodelle finden Sie hier <a href=\"https:\/\/stockify24.pl\/de\/sklep\/\"><strong>hier<\/strong>.<\/a><\/p>\n<h2 data-section-id=\"1mxdqrh\" data-start=\"628\" data-end=\"671\">\ud83d\udd0c Zawarto\u015b\u0107 palety \u2013 Drobna elektronika (UK)<\/h2>\n<p data-start=\"673\" data-end=\"736\">W palecie znajduje si\u0119 oko\u0142o <strong data-start=\"702\" data-end=\"723\">150\u2013200 produkt\u00f3w<\/strong>, wie zum Beispiel:<\/p>\n<ul data-start=\"738\" data-end=\"912\">\n<li data-section-id=\"2cko63\" data-start=\"738\" data-end=\"755\">\n<p data-start=\"740\" data-end=\"755\">GSM-Zubeh\u00f6r<\/p>\n<\/li>\n<li data-section-id=\"caapl8\" data-start=\"756\" data-end=\"787\">\n<p data-start=\"758\" data-end=\"787\">Ladeger\u00e4te, Kabel und Adapter<\/p>\n<\/li>\n<li data-section-id=\"l9fl3s\" data-start=\"788\" data-end=\"802\">\n<p data-start=\"790\" data-end=\"802\">Powerbanks<\/p>\n<\/li>\n<li data-section-id=\"x5tve1\" data-start=\"803\" data-end=\"821\">\n<p data-start=\"805\" data-end=\"821\">USB-Ger\u00e4te<\/p>\n<\/li>\n<li data-section-id=\"6uw8kl\" data-start=\"822\" data-end=\"847\">\n<p data-start=\"824\" data-end=\"847\">elektronische Gadgets<\/p>\n<\/li>\n<li data-section-id=\"1lxu5gy\" data-start=\"848\" data-end=\"874\">\n<p data-start=\"850\" data-end=\"874\">Telefonzubeh\u00f6r<\/p>\n<\/li>\n<li data-section-id=\"12yzxov\" data-start=\"875\" data-end=\"912\">\n<p data-start=\"877\" data-end=\"912\">inne produkty drobnej elektroniki<\/p>\n<\/li>\n<\/ul>\n<p data-start=\"914\" data-end=\"969\">\ud83d\udcca Auf die Elektronik entfallen etwa <strong data-start=\"943\" data-end=\"969\">100% Paletteninhalt<\/strong><\/p>\n<p data-start=\"971\" data-end=\"984\">\ud83d\udd0c Zasilanie:<\/p>\n<ul data-start=\"985\" data-end=\"1061\">\n<li data-section-id=\"1vi9vlz\" data-start=\"985\" data-end=\"1026\">\n<p data-start=\"987\" data-end=\"1026\">oko\u0142o <strong data-start=\"993\" data-end=\"1024\">10\u201325% produkt\u00f3w na wtyczk\u0119<\/strong><\/p>\n<\/li>\n<li data-section-id=\"1y7vxq2\" data-start=\"1027\" data-end=\"1061\">\n<p data-start=\"1029\" data-end=\"1061\">pozosta\u0142e dzia\u0142aj\u0105 przez <strong data-start=\"1054\" data-end=\"1061\">USB<\/strong><\/p>\n<\/li>\n<\/ul>\n<h2 data-section-id=\"1ez4tzo\" data-start=\"1068\" data-end=\"1090\">\ud83c\udd70\ufe0f\ud83c\udd71\ufe0f Jako\u015b\u0107 \u2013 A\u2013B<\/h2>\n<p data-start=\"1092\" data-end=\"1126\">Produkty w tej palecie to g\u0142\u00f3wnie:<\/p>\n<ul data-start=\"1128\" data-end=\"1256\">\n<li data-section-id=\"45617g\" data-start=\"1128\" data-end=\"1163\">\n<p data-start=\"1130\" data-end=\"1163\">nowe lub w bardzo dobrym stanie<\/p>\n<\/li>\n<li data-section-id=\"1ydnmn3\" data-start=\"1164\" data-end=\"1200\">\n<p data-start=\"1166\" data-end=\"1200\">leichte Gebrauchsspuren m\u00f6glich<\/p>\n<\/li>\n<li data-section-id=\"fy9i6y\" data-start=\"1201\" data-end=\"1256\">\n<p data-start=\"1203\" data-end=\"1256\">mo\u017cliwa niewielka ilo\u015b\u0107 produkt\u00f3w klasy C (do 5\u20137%)<\/p>\n<\/li>\n<\/ul>\n<p data-start=\"1258\" data-end=\"1283\">Towar nie jest testowany.<\/p>\n<h2 data-section-id=\"1mp0th9\" data-start=\"1290\" data-end=\"1305\">\ud83d\udcd0 Parametry<\/h2>\n<ul data-start=\"1307\" data-end=\"1477\">\n<li data-section-id=\"svifbz\" data-start=\"1307\" data-end=\"1333\">\n<p data-start=\"1309\" data-end=\"1333\">Nettogewicht: <strong data-start=\"1321\" data-end=\"1331\">104 kg<\/strong><\/p>\n<\/li>\n<li data-section-id=\"usyt7n\" data-start=\"1334\" data-end=\"1370\">\n<p data-start=\"1336\" data-end=\"1370\">Palettenh\u00f6he: <strong data-start=\"1353\" data-end=\"1368\">oko\u0142o 60 cm<\/strong><\/p>\n<\/li>\n<li data-section-id=\"y43syn\" data-start=\"1371\" data-end=\"1413\">\n<p data-start=\"1373\" data-end=\"1413\">Anzahl der Produkte: <strong data-start=\"1390\" data-end=\"1411\">ok. 150\u2013200 sztuk<\/strong><\/p>\n<\/li>\n<li data-section-id=\"1p3t42g\" data-start=\"1414\" data-end=\"1450\">\n<p data-start=\"1416\" data-end=\"1450\">Zusammensetzung: <strong data-start=\"1423\" data-end=\"1448\">zuf\u00e4llig und vielf\u00e4ltig<\/strong><\/p>\n<\/li>\n<li data-section-id=\"dhswn8\" data-start=\"1451\" data-end=\"1477\">\n<p data-start=\"1453\" data-end=\"1477\">jede Palette: <strong data-start=\"1467\" data-end=\"1475\">inna<\/strong><\/p>\n<\/li>\n<\/ul>\n<p data-start=\"1479\" data-end=\"1507\">Zawarto\u015b\u0107 zale\u017cy od dostawy.<\/p>\n<h2 data-section-id=\"1nzb8um\" data-start=\"2048\" data-end=\"2088\">\ud83d\udcbc Zastosowanie w e-commerce i handlu<\/h2>\n<p data-start=\"2090\" data-end=\"2179\">Paleta elektroniki Amazon sprawdza si\u0119 w modelach sprzeda\u017cy opartych na ilo\u015bci i rotacji:<\/p>\n<ul data-start=\"2181\" data-end=\"2344\">\n<li data-section-id=\"1c1wa51\" data-start=\"2181\" data-end=\"2224\">sprzeda\u017c na <a href=\"https:\/\/allegro.pl\/\" target=\"_blank\" rel=\"noopener\">Allegro<\/a>, <a href=\"https:\/\/www.olx.pl\/\" target=\"_blank\" rel=\"noopener\">OLX<\/a>, <a href=\"https:\/\/www.ebay.com\/\" target=\"_blank\" rel=\"noopener\">eBay<\/a>, <a href=\"https:\/\/www.amazon.com\/\" target=\"_blank\" rel=\"noopener\">Amazon<\/a><\/li>\n<li data-section-id=\"1fmpn86\" data-start=\"2225\" data-end=\"2247\">Webshops<\/li>\n<li data-section-id=\"gynsj7\" data-start=\"2248\" data-end=\"2281\">sprzeda\u017c detaliczna i hurtowa<\/li>\n<li data-section-id=\"161gjv4\" data-start=\"2282\" data-end=\"2320\">rozw\u00f3j w\u0142asnego magazynu produkt\u00f3w<\/li>\n<li data-section-id=\"1fuo8gv\" data-start=\"2321\" data-end=\"2344\">rozszerzenie oferty<\/li>\n<\/ul>\n<p data-start=\"2346\" data-end=\"2462\">To rozwi\u0105zanie pozwala zwi\u0119kszy\u0107 liczb\u0119 produkt\u00f3w i poprawi\u0107 wyniki sprzeda\u017cy bez zwi\u0119kszania koszt\u00f3w jednostkowych.<\/p>\n<h2 data-section-id=\"gfj1y1\" data-start=\"1814\" data-end=\"1827\">\ud83d\ude9a Lieferung<\/h2>\n<ul data-start=\"1829\" data-end=\"1896\">\n<li data-section-id=\"10nvshm\" data-start=\"1829\" data-end=\"1849\">\n<p data-start=\"1831\" data-end=\"1849\">Versand aus Europa<\/p>\n<\/li>\n<li data-section-id=\"wz2p5c\" data-start=\"1850\" data-end=\"1871\">\n<p data-start=\"1852\" data-end=\"1871\">rasche Umsetzung<\/p>\n<\/li>\n<li data-section-id=\"1qo0dyy\" data-start=\"1872\" data-end=\"1896\">\n<p data-start=\"1874\" data-end=\"1896\">sichere Verpackung<\/p>\n<\/li>\n<\/ul>\n<h2 data-section-id=\"opmkg3\" data-start=\"1903\" data-end=\"1929\">\u2139\ufe0f Zus\u00e4tzliche Informationen<\/h2>\n<ul data-start=\"1931\" data-end=\"2073\">\n<li data-section-id=\"oo8lin\" data-start=\"1931\" data-end=\"1970\">\n<p data-start=\"1933\" data-end=\"1970\">unsortierte Waren (Amazon Returns)<\/p>\n<\/li>\n<li data-section-id=\"1tr3r5o\" data-start=\"1971\" data-end=\"2000\">\n<p data-start=\"1973\" data-end=\"2000\">keine Produktpr\u00fcfung<\/p>\n<\/li>\n<li data-section-id=\"iag8fx\" data-start=\"2001\" data-end=\"2040\">\n<p data-start=\"2003\" data-end=\"2040\">m\u00f6gliche Beimischung von Klasse C (bis zu 5-7%)<\/p>\n<\/li>\n<li data-section-id=\"zia6d9\" data-start=\"2041\" data-end=\"2073\">\n<p data-start=\"2043\" data-end=\"2073\">jede Palette zuf\u00e4llig verpackt<\/p>\n<\/li>\n<\/ul>\n<h2 data-section-id=\"1915pio\" data-start=\"2080\" data-end=\"2102\">\ud83d\udcf8 Produktfotos<\/h2>\n<p data-start=\"2104\" data-end=\"2181\">Zdj\u0119cia s\u0105 pogl\u0105dowe i pokazuj\u0105 przyk\u0142adowy mix drobnej elektroniki z Anglii.<\/p>","protected":false},"excerpt":{"rendered":"<p class=\"p1\">\u26a1 Oko\u0142o 100% elektroniki<\/p>\n<p class=\"p1\">\ud83c\uddec\ud83c\udde7 UK<\/p>\n<p class=\"p1\">\ud83d\udd25 Amazon Returns<\/p>\n<p class=\"p1\" style=\"text-align: left;\">\u2714\ufe0f Jako\u015b\u0107 A\u2013B<\/p>","protected":false},"featured_media":50498,"comment_status":"open","ping_status":"closed","template":"","meta":{"_acf_changed":false},"product_brand":[],"product_cat":[1258,1282],"product_tag":[1280],"class_list":{"0":"post-50497","1":"product","2":"type-product","3":"status-publish","4":"has-post-thumbnail","6":"product_cat-amazon-paleta","7":"product_cat-drobna-elektronika-uk-amazon-returns-ab","8":"product_tag-paleta-mix-elektroniki-z-anglii","10":"first","11":"instock","12":"sold-individually","13":"taxable","14":"shipping-taxable","15":"purchasable","16":"product-type-simple"},"acf":[],"_links":{"self":[{"href":"https:\/\/stockify24.pl\/de\/wp-json\/wp\/v2\/product\/50497","targetHints":{"allow":["GET"]}}],"collection":[{"href":"https:\/\/stockify24.pl\/de\/wp-json\/wp\/v2\/product"}],"about":[{"href":"https:\/\/stockify24.pl\/de\/wp-json\/wp\/v2\/types\/product"}],"replies":[{"embeddable":true,"href":"https:\/\/stockify24.pl\/de\/wp-json\/wp\/v2\/comments?post=50497"}],"wp:featuredmedia":[{"embeddable":true,"href":"https:\/\/stockify24.pl\/de\/wp-json\/wp\/v2\/media\/50498"}],"wp:attachment":[{"href":"https:\/\/stockify24.pl\/de\/wp-json\/wp\/v2\/media?parent=50497"}],"wp:term":[{"taxonomy":"product_brand","embeddable":true,"href":"https:\/\/stockify24.pl\/de\/wp-json\/wp\/v2\/product_brand?post=50497"},{"taxonomy":"product_cat","embeddable":true,"href":"https:\/\/stockify24.pl\/de\/wp-json\/wp\/v2\/product_cat?post=50497"},{"taxonomy":"product_tag","embeddable":true,"href":"https:\/\/stockify24.pl\/de\/wp-json\/wp\/v2\/product_tag?post=50497"}],"curies":[{"name":"wp","href":"https:\/\/api.w.org\/{rel}","templated":true}]}}