{"id":50503,"date":"2026-03-20T14:59:35","date_gmt":"2026-03-20T13:59:35","guid":{"rendered":"https:\/\/stockify24.pl\/?post_type=product&#038;p=50503"},"modified":"2026-03-30T12:37:18","modified_gmt":"2026-03-30T11:37:18","slug":"drobna-elektronika-uk-a-b-16","status":"publish","type":"product","link":"https:\/\/stockify24.pl\/de\/produkt\/drobna-elektronika-uk-a-b-16\/","title":{"rendered":"Kleinere Elektronik (UK) | A-B | #16"},"content":{"rendered":"<div class=\"flex flex-col text-sm pb-25\">\n<section class=\"text-token-text-primary w-full focus:outline-none [--shadow-height:45px] has-data-writing-block:pointer-events-none has-data-writing-block:-mt-(--shadow-height) has-data-writing-block:pt-(--shadow-height) [&amp;:has([data-writing-block])&gt;*]:pointer-events-auto scroll-mt-[calc(var(--header-height)+min(200px,max(70px,20svh)))]\" dir=\"auto\" data-turn-id=\"request-69b8245d-0030-838e-b654-ccb872ba6f51-25\" data-testid=\"conversation-turn-200\" data-scroll-anchor=\"true\" data-turn=\"assistant\">\n<div class=\"text-base my-auto mx-auto pb-10 [--thread-content-margin:var(--thread-content-margin-xs,calc(var(--spacing)*4))] @w-sm\/main:[--thread-content-margin:var(--thread-content-margin-sm,calc(var(--spacing)*6))] @w-lg\/main:[--thread-content-margin:var(--thread-content-margin-lg,calc(var(--spacing)*16))] px-(--thread-content-margin)\">\n<div class=\"[--thread-content-max-width:40rem] @w-lg\/main:[--thread-content-max-width:48rem] mx-auto max-w-(--thread-content-max-width) flex-1 group\/turn-messages focus-visible:outline-hidden relative flex w-full min-w-0 flex-col agent-turn\">\n<div class=\"flex max-w-full flex-col gap-4 grow\">\n<div class=\"min-h-8 text-message relative flex w-full flex-col items-end gap-2 text-start break-words whitespace-normal outline-none keyboard-focused:focus-ring [.text-message+&amp;]:mt-1\" dir=\"auto\" tabindex=\"0\" data-message-author-role=\"assistant\" data-message-id=\"ed8abcdd-be0d-4615-88f1-9a47a52c2d16\" data-message-model-slug=\"gpt-5-3\" data-turn-start-message=\"true\">\n<div class=\"flex w-full flex-col gap-1 empty:hidden\">\n<div class=\"markdown prose dark:prose-invert w-full wrap-break-word dark markdown-new-styling\">\n<h2 data-section-id=\"1tqq9za\" data-start=\"0\" data-end=\"67\">\ud83d\udce6 Drobna elektronika z Anglii (UK) \u2013 Amazon Returns, A\u2013B, 97 kg<\/h2>\n<p data-start=\"69\" data-end=\"209\">Mix drobnej elektroniki z Anglii (UK) to dobre rozwi\u0105zanie dla os\u00f3b, kt\u00f3re sprzedaj\u0105 online i potrzebuj\u0105 towaru, kt\u00f3ry szybko si\u0119 sprzedaje.<\/p>\n<p data-start=\"211\" data-end=\"400\">Paleta pochodzi ze zwrot\u00f3w Amazon (Amazon Returns) i zawiera du\u017c\u0105 ilo\u015b\u0107 drobnych produkt\u00f3w elektronicznych. Dzi\u0119ki temu mo\u017cesz kupi\u0107 wi\u0119cej towaru w ni\u017cszej cenie i sprzedawa\u0107 go z zyskiem.<\/p>\n<p data-start=\"402\" data-end=\"465\">Ka\u017cda paleta jest losowa \u2014 nie ma dw\u00f3ch takich samych zestaw\u00f3w.<\/p>\n<p data-start=\"402\" data-end=\"465\">Wszystkie modele palet Amazon mo\u017cna znale\u017a\u0107 <a href=\"https:\/\/stockify24.pl\/sklep\/\"><strong>tutaj<\/strong>.<\/a><\/p>\n<h2 data-section-id=\"1qdu6nw\" data-start=\"472\" data-end=\"501\">\ud83d\udd0c Co znajdziesz w palecie<\/h2>\n<p data-start=\"503\" data-end=\"565\">W \u015brodku znajduje si\u0119 oko\u0142o <strong data-start=\"531\" data-end=\"552\">150\u2013200 produkt\u00f3w<\/strong>, takich jak:<\/p>\n<ul data-start=\"567\" data-end=\"700\">\n<li data-section-id=\"1lxu5gy\" data-start=\"567\" data-end=\"593\">\n<p data-start=\"569\" data-end=\"593\">akcesoria do telefon\u00f3w<\/p>\n<\/li>\n<li data-section-id=\"1i9syxa\" data-start=\"594\" data-end=\"615\">\n<p data-start=\"596\" data-end=\"615\">\u0142adowarki i kable<\/p>\n<\/li>\n<li data-section-id=\"l9fl3s\" data-start=\"616\" data-end=\"630\">\n<p data-start=\"618\" data-end=\"630\">powerbanki<\/p>\n<\/li>\n<li data-section-id=\"x5tve1\" data-start=\"631\" data-end=\"649\">\n<p data-start=\"633\" data-end=\"649\">urz\u0105dzenia USB<\/p>\n<\/li>\n<li data-section-id=\"6uw8kl\" data-start=\"650\" data-end=\"675\">\n<p data-start=\"652\" data-end=\"675\">gad\u017cety elektroniczne<\/p>\n<\/li>\n<li data-section-id=\"get86m\" data-start=\"676\" data-end=\"700\">\n<p data-start=\"678\" data-end=\"700\">inne drobne produkty<\/p>\n<\/li>\n<\/ul>\n<p data-start=\"702\" data-end=\"750\">\ud83d\udcca Elektronika stanowi oko\u0142o <strong data-start=\"731\" data-end=\"750\">100% zawarto\u015bci<\/strong><\/p>\n<p data-start=\"752\" data-end=\"765\">\ud83d\udd0c Zasilanie:<\/p>\n<ul data-start=\"767\" data-end=\"841\">\n<li data-section-id=\"1vi9vlz\" data-start=\"767\" data-end=\"808\">\n<p data-start=\"769\" data-end=\"808\">oko\u0142o <strong data-start=\"775\" data-end=\"806\">10\u201325% produkt\u00f3w na wtyczk\u0119<\/strong><\/p>\n<\/li>\n<li data-section-id=\"15hrzlm\" data-start=\"809\" data-end=\"841\">\n<p data-start=\"811\" data-end=\"841\">pozosta\u0142e dzia\u0142aj\u0105 przez USB<\/p>\n<\/li>\n<\/ul>\n<h2 data-section-id=\"uwzduz\" data-start=\"848\" data-end=\"872\">\ud83c\udd70\ufe0f\ud83c\udd71\ufe0f Stan produkt\u00f3w<\/h2>\n<p data-start=\"874\" data-end=\"899\">Produkty s\u0105 w klasie A\u2013B:<\/p>\n<ul data-start=\"901\" data-end=\"1038\">\n<li data-section-id=\"1qqnphi\" data-start=\"901\" data-end=\"951\">\n<p data-start=\"903\" data-end=\"951\">wi\u0119kszo\u015b\u0107 jest nowa lub w bardzo dobrym stanie<\/p>\n<\/li>\n<li data-section-id=\"1ydnmn3\" data-start=\"952\" data-end=\"988\">\n<p data-start=\"954\" data-end=\"988\">mo\u017cliwe lekkie \u015blady u\u017cytkowania<\/p>\n<\/li>\n<li data-section-id=\"1igfwsa\" data-start=\"989\" data-end=\"1038\">\n<p data-start=\"991\" data-end=\"1038\">mo\u017cliwa domieszka produkt\u00f3w klasy C (do 5\u20137%)<\/p>\n<\/li>\n<\/ul>\n<p data-start=\"1040\" data-end=\"1065\">Towar nie jest testowany.<\/p>\n<h2 data-section-id=\"1mp0th9\" data-start=\"1072\" data-end=\"1087\">\ud83d\udcd0 Parametry<\/h2>\n<ul data-start=\"1089\" data-end=\"1227\">\n<li data-section-id=\"o5zqv4\" data-start=\"1089\" data-end=\"1108\">\n<p data-start=\"1091\" data-end=\"1108\">waga: <strong data-start=\"1097\" data-end=\"1106\">97 kg<\/strong><\/p>\n<\/li>\n<li data-section-id=\"usyt7n\" data-start=\"1109\" data-end=\"1145\">\n<p data-start=\"1111\" data-end=\"1145\">wysoko\u015b\u0107 palety:<strong data-start=\"1128\" data-end=\"1143\">\u00a060 cm<\/strong><\/p>\n<\/li>\n<li data-section-id=\"orn8dv\" data-start=\"1146\" data-end=\"1190\">\n<p data-start=\"1148\" data-end=\"1190\">ilo\u015b\u0107 produkt\u00f3w: <strong data-start=\"1165\" data-end=\"1188\">oko\u0142o 150\u2013200 sztuk<\/strong><\/p>\n<\/li>\n<li data-section-id=\"1p3t42g\" data-start=\"1191\" data-end=\"1227\">\n<p data-start=\"1193\" data-end=\"1227\">sk\u0142ad: <strong data-start=\"1200\" data-end=\"1225\">losowy i zr\u00f3\u017cnicowany<\/strong><\/p>\n<\/li>\n<\/ul>\n<p data-start=\"1229\" data-end=\"1252\">Ka\u017cda paleta jest inna.<\/p>\n<h2 data-section-id=\"12z5qn1\" data-start=\"1259\" data-end=\"1284\">\ud83d\udcbc Do czego si\u0119 nadaje<\/h2>\n<p data-start=\"1286\" data-end=\"1320\">Ta oferta jest odpowiednia, je\u015bli:<\/p>\n<ul>\n<li data-start=\"1352\" data-end=\"1412\">sprzedajesz na <a href=\"https:\/\/allegro.pl\/\" target=\"_blank\" rel=\"noopener\">Allegro<\/a>, <a href=\"https:\/\/www.olx.pl\/\" target=\"_blank\" rel=\"noopener\">OLX<\/a>, <a href=\"https:\/\/www.ebay.com\/\" target=\"_blank\" rel=\"noopener\">eBay<\/a>, <a href=\"https:\/\/www.amazon.com\/\" target=\"_blank\" rel=\"noopener\">Amazon <\/a>lub innych platformach<\/li>\n<li data-section-id=\"hub89i\" data-start=\"1362\" data-end=\"1394\">\n<p data-start=\"1364\" data-end=\"1394\">prowadzisz sklep internetowy<\/p>\n<\/li>\n<li data-section-id=\"ilwv72\" data-start=\"1395\" data-end=\"1444\">\n<p data-start=\"1397\" data-end=\"1444\">chcesz sprzedawa\u0107 pojedyncze produkty z mar\u017c\u0105<\/p>\n<\/li>\n<li data-section-id=\"1y9m0ws\" data-start=\"1445\" data-end=\"1486\">\n<p data-start=\"1447\" data-end=\"1486\">szukasz towaru do dalszej odsprzeda\u017cy<\/p>\n<\/li>\n<\/ul>\n<p data-start=\"1488\" data-end=\"1543\">Du\u017ca ilo\u015b\u0107 produkt\u00f3w pozwala szybko zwi\u0119kszy\u0107 sprzeda\u017c.<\/p>\n<h2 data-section-id=\"gfj1y1\" data-start=\"1550\" data-end=\"1563\">\ud83d\ude9a Dostawa<\/h2>\n<ul data-start=\"1565\" data-end=\"1632\">\n<li data-section-id=\"10nvshm\" data-start=\"1565\" data-end=\"1585\">\n<p data-start=\"1567\" data-end=\"1585\">wysy\u0142ka z Europy<\/p>\n<\/li>\n<li data-section-id=\"wz2p5c\" data-start=\"1586\" data-end=\"1607\">\n<p data-start=\"1588\" data-end=\"1607\">szybka realizacja<\/p>\n<\/li>\n<li data-section-id=\"1qo0dyy\" data-start=\"1608\" data-end=\"1632\">\n<p data-start=\"1610\" data-end=\"1632\">bezpieczne pakowanie<\/p>\n<\/li>\n<\/ul>\n<h2 data-section-id=\"p6kgem\" data-start=\"1639\" data-end=\"1661\">\u2139\ufe0f Wa\u017cne informacje<\/h2>\n<ul data-start=\"1663\" data-end=\"1805\">\n<li data-section-id=\"oo8lin\" data-start=\"1663\" data-end=\"1702\">\n<p data-start=\"1665\" data-end=\"1702\">towar niesortowany (Amazon Returns)<\/p>\n<\/li>\n<li data-section-id=\"1bi9krm\" data-start=\"1703\" data-end=\"1732\">\n<p data-start=\"1705\" data-end=\"1732\">produkty nie s\u0105 testowane<\/p>\n<\/li>\n<li data-section-id=\"iag8fx\" data-start=\"1733\" data-end=\"1772\">\n<p data-start=\"1735\" data-end=\"1772\">mo\u017cliwa domieszka klasy C (do 5\u20137%)<\/p>\n<\/li>\n<li data-section-id=\"zia6d9\" data-start=\"1773\" data-end=\"1805\">\n<p data-start=\"1775\" data-end=\"1805\">ka\u017cda paleta pakowana losowo<\/p>\n<\/li>\n<\/ul>\n<h2 data-section-id=\"1915pio\" data-start=\"1812\" data-end=\"1834\">\ud83d\udcf8 Zdj\u0119cia produktu<\/h2>\n<p data-start=\"1352\" data-end=\"1412\">sprzedajesz na Allegro, OLX, Amazon lub innych platformach<\/p>\n<\/div>\n<\/div>\n<\/div>\n<\/div>\n<\/div>\n<\/div>\n<\/section>\n<\/div>\n","protected":false},"excerpt":{"rendered":"<p class=\"p1\">\u26a1 Oko\u0142o 100% elektroniki<\/p>\n<p class=\"p1\">\ud83c\uddec\ud83c\udde7 UK<\/p>\n<p class=\"p1\">\ud83d\udd25 Amazon Returns<\/p>\n<p class=\"p1\" style=\"text-align: left;\">\u2714\ufe0f Jako\u015b\u0107 A\u2013B<\/p>","protected":false},"featured_media":50504,"comment_status":"open","ping_status":"closed","template":"","meta":{"_acf_changed":false},"product_brand":[],"product_cat":[1258,1282],"product_tag":[1280],"class_list":{"0":"post-50503","1":"product","2":"type-product","3":"status-publish","4":"has-post-thumbnail","6":"product_cat-amazon-paleta","7":"product_cat-drobna-elektronika-uk-amazon-returns-ab","8":"product_tag-paleta-mix-elektroniki-z-anglii","10":"first","11":"instock","12":"sold-individually","13":"taxable","14":"shipping-taxable","15":"purchasable","16":"product-type-simple"},"acf":[],"_links":{"self":[{"href":"https:\/\/stockify24.pl\/de\/wp-json\/wp\/v2\/product\/50503","targetHints":{"allow":["GET"]}}],"collection":[{"href":"https:\/\/stockify24.pl\/de\/wp-json\/wp\/v2\/product"}],"about":[{"href":"https:\/\/stockify24.pl\/de\/wp-json\/wp\/v2\/types\/product"}],"replies":[{"embeddable":true,"href":"https:\/\/stockify24.pl\/de\/wp-json\/wp\/v2\/comments?post=50503"}],"wp:featuredmedia":[{"embeddable":true,"href":"https:\/\/stockify24.pl\/de\/wp-json\/wp\/v2\/media\/50504"}],"wp:attachment":[{"href":"https:\/\/stockify24.pl\/de\/wp-json\/wp\/v2\/media?parent=50503"}],"wp:term":[{"taxonomy":"product_brand","embeddable":true,"href":"https:\/\/stockify24.pl\/de\/wp-json\/wp\/v2\/product_brand?post=50503"},{"taxonomy":"product_cat","embeddable":true,"href":"https:\/\/stockify24.pl\/de\/wp-json\/wp\/v2\/product_cat?post=50503"},{"taxonomy":"product_tag","embeddable":true,"href":"https:\/\/stockify24.pl\/de\/wp-json\/wp\/v2\/product_tag?post=50503"}],"curies":[{"name":"wp","href":"https:\/\/api.w.org\/{rel}","templated":true}]}}