{"id":50654,"date":"2026-03-23T09:37:06","date_gmt":"2026-03-23T08:37:06","guid":{"rendered":"https:\/\/stockify24.pl\/?post_type=product&#038;p=50654"},"modified":"2026-03-30T12:39:10","modified_gmt":"2026-03-30T11:39:10","slug":"drobna-elektronika-uk-2","status":"publish","type":"product","link":"https:\/\/stockify24.pl\/de\/produkt\/drobna-elektronika-uk-2\/","title":{"rendered":"Kleine Elektronik (UK) | A-B | A-B | A-B | A-B | A-B."},"content":{"rendered":"<div class=\"flex flex-col text-sm pb-25\">\n<section class=\"text-token-text-primary w-full focus:outline-none [--shadow-height:45px] has-data-writing-block:pointer-events-none has-data-writing-block:-mt-(--shadow-height) has-data-writing-block:pt-(--shadow-height) [&amp;:has([data-writing-block])&gt;*]:pointer-events-auto scroll-mt-[calc(var(--header-height)+min(200px,max(70px,20svh)))]\" dir=\"auto\" data-turn-id=\"request-69b8245d-0030-838e-b654-ccb872ba6f51-25\" data-testid=\"conversation-turn-200\" data-scroll-anchor=\"true\" data-turn=\"assistant\">\n<div class=\"text-base my-auto mx-auto pb-10 [--thread-content-margin:var(--thread-content-margin-xs,calc(var(--spacing)*4))] @w-sm\/main:[--thread-content-margin:var(--thread-content-margin-sm,calc(var(--spacing)*6))] @w-lg\/main:[--thread-content-margin:var(--thread-content-margin-lg,calc(var(--spacing)*16))] px-(--thread-content-margin)\">\n<div class=\"[--thread-content-max-width:40rem] @w-lg\/main:[--thread-content-max-width:48rem] mx-auto max-w-(--thread-content-max-width) flex-1 group\/turn-messages focus-visible:outline-hidden relative flex w-full min-w-0 flex-col agent-turn\">\n<div class=\"flex max-w-full flex-col gap-4 grow\">\n<div class=\"min-h-8 text-message relative flex w-full flex-col items-end gap-2 text-start break-words whitespace-normal outline-none keyboard-focused:focus-ring [.text-message+&amp;]:mt-1\" dir=\"auto\" tabindex=\"0\" data-message-author-role=\"assistant\" data-message-id=\"ed8abcdd-be0d-4615-88f1-9a47a52c2d16\" data-message-model-slug=\"gpt-5-3\" data-turn-start-message=\"true\">\n<div class=\"flex w-full flex-col gap-1 empty:hidden\">\n<div class=\"markdown prose dark:prose-invert w-full wrap-break-word dark markdown-new-styling\">\n<div class=\"flex h-svh w-screen flex-col\">\n<div class=\"relative z-0 flex min-h-0 w-full flex-1\">\n<div class=\"relative flex min-h-0 w-full flex-1\">\n<div class=\"@container\/main relative flex min-w-0 flex-1 flex-col -translate-y-[calc(env(safe-area-inset-bottom,0px)\/2)] pt-[calc(env(safe-area-inset-bottom,0px)\/2)]\">\n<div class=\"@w-sm\/main:[scrollbar-gutter:var(--stage-scroll-gutter)] touch:[scrollbar-width:none] group\/scroll-root relative flex min-h-0 min-w-0 flex-1 flex-col [scrollbar-gutter:stable] not-print:overflow-x-clip not-print:overflow-y-auto group-data-stream-active\/scroll-root:[overflow-anchor:none] scroll-pt-(--header-height) [--sticky-padding-top:var(--header-height)] [--sticky-padding-bottom:0px] [--scroll-root-safe-area-inset-top:calc(var(--sticky-padding-top)+env(safe-area-inset-top,0px))] [--scroll-root-safe-area-inset-bottom:calc(var(--sticky-padding-bottom)+var(--screen-keyboard-height,0px)+env(safe-area-inset-bottom,0px))] [--scroll-root-safe-area-height:calc(100lvh-var(--scroll-root-safe-area-inset-top)-var(--scroll-root-safe-area-inset-bottom))] has-data-[fixed-header=less-than-xl]:@w-xl\/main:scroll-pt-0 has-data-[fixed-header=less-than-xl]:@w-xl\/main:[--sticky-padding-top:0px] has-data-[fixed-header=less-than-xxl]:@w-2xl\/main:scroll-pt-0 has-data-[fixed-header=less-than-xxl]:@w-2xl\/main:[--sticky-padding-top:0px]\" data-scroll-root=\"\" data-scroll-from-top=\"\">\n<h2 data-section-id=\"1v56qzs\" data-start=\"0\" data-end=\"60\">\ud83d\udce6 Drobna elektronika z Anglii (UK) \u2013 Amazon Returns, A\u2013B<\/h2>\n<p data-start=\"62\" data-end=\"226\">Mix drobnej elektroniki z Anglii (UK) to praktyczne rozwi\u0105zanie dla sprzeda\u017cy online, e-commerce oraz reseller\u00f3w, kt\u00f3rzy chc\u0105 sprzedawa\u0107 produkty o szybkim obrocie.<\/p>\n<p data-start=\"228\" data-end=\"410\">Paleta pochodzi ze zwrot\u00f3w konsumenckich Amazon (Amazon Returns) i zawiera du\u017c\u0105 ilo\u015b\u0107 drobnej elektroniki. Dzi\u0119ki temu mo\u017cesz kupi\u0107 towar w atrakcyjnej cenie i zwi\u0119kszy\u0107 swoj\u0105 mar\u017c\u0119.<\/p>\n<p data-start=\"412\" data-end=\"519\">Ka\u017cda paleta ma losowy sk\u0142ad \u2014 produkty r\u00f3\u017cni\u0105 si\u0119 w ka\u017cdej dostawie, co daje wi\u0119ksze mo\u017cliwo\u015bci sprzeda\u017cy.<\/p>\n<p data-start=\"412\" data-end=\"519\">Wszystkie modele palet Amazon mo\u017cna znale\u017a\u0107 <a href=\"https:\/\/stockify24.pl\/sklep\/\"><strong>tutaj<\/strong>.<\/a><\/p>\n<h2 data-section-id=\"1qdu6nw\" data-start=\"526\" data-end=\"555\">\ud83d\udd0c Co znajdziesz w palecie<\/h2>\n<p data-start=\"557\" data-end=\"619\">W \u015brodku znajduje si\u0119 oko\u0142o <strong data-start=\"585\" data-end=\"606\">150\u2013200 produkt\u00f3w<\/strong>, takich jak:<\/p>\n<ul data-start=\"621\" data-end=\"754\">\n<li data-section-id=\"1lxu5gy\" data-start=\"621\" data-end=\"647\">akcesoria do telefon\u00f3w<\/li>\n<li data-section-id=\"1i9syxa\" data-start=\"648\" data-end=\"669\">\u0142adowarki i kable<\/li>\n<li data-section-id=\"l9fl3s\" data-start=\"670\" data-end=\"684\">powerbanki<\/li>\n<li data-section-id=\"x5tve1\" data-start=\"685\" data-end=\"703\">urz\u0105dzenia USB<\/li>\n<li data-section-id=\"6uw8kl\" data-start=\"704\" data-end=\"729\">gad\u017cety elektroniczne<\/li>\n<li data-section-id=\"get86m\" data-start=\"730\" data-end=\"754\">inne drobne produkty<\/li>\n<\/ul>\n<p data-start=\"756\" data-end=\"804\">\ud83d\udcca Elektronika stanowi oko\u0142o <strong data-start=\"785\" data-end=\"804\">100% zawarto\u015bci<\/strong><\/p>\n<p data-start=\"806\" data-end=\"819\">\ud83d\udd0c Zasilanie:<\/p>\n<ul data-start=\"820\" data-end=\"903\">\n<li data-section-id=\"1xyi4ky\" data-start=\"820\" data-end=\"868\">oko\u0142o <strong data-start=\"828\" data-end=\"866\">10\u201325% produkt\u00f3w dzia\u0142a na wtyczk\u0119<\/strong><\/li>\n<li data-section-id=\"1y7vxq2\" data-start=\"869\" data-end=\"903\">pozosta\u0142e dzia\u0142aj\u0105 przez <strong data-start=\"896\" data-end=\"903\">USB<\/strong><\/li>\n<\/ul>\n<h2 data-section-id=\"uwzduz\" data-start=\"910\" data-end=\"934\">\ud83c\udd70\ufe0f\ud83c\udd71\ufe0f Stan produkt\u00f3w<\/h2>\n<p data-start=\"936\" data-end=\"968\">Produkty w klasie A\u2013B oznaczaj\u0105:<\/p>\n<ul data-start=\"970\" data-end=\"1117\">\n<li data-section-id=\"1ylt7oh\" data-start=\"970\" data-end=\"1030\">wi\u0119kszo\u015b\u0107 produkt\u00f3w jest nowa lub w bardzo dobrym stanie<\/li>\n<li data-section-id=\"1ydnmn3\" data-start=\"1031\" data-end=\"1067\">mo\u017cliwe lekkie \u015blady u\u017cytkowania<\/li>\n<li data-section-id=\"13485k2\" data-start=\"1068\" data-end=\"1117\">mo\u017cliwa niewielka domieszka klasy C (do 5\u20137%)<\/li>\n<\/ul>\n<p data-start=\"1119\" data-end=\"1144\">Towar nie jest testowany.<\/p>\n<h2 data-section-id=\"1mp0th9\" data-start=\"1151\" data-end=\"1166\">\ud83d\udcd0 Parametry<\/h2>\n<ul data-start=\"1168\" data-end=\"1286\">\n<li data-section-id=\"orn8dv\" data-start=\"1168\" data-end=\"1212\">ilo\u015b\u0107 produkt\u00f3w: <strong data-start=\"1187\" data-end=\"1210\">oko\u0142o 150\u2013200 sztuk<\/strong><\/li>\n<li data-section-id=\"usyt7n\" data-start=\"1213\" data-end=\"1249\">wysoko\u015b\u0107 palety:<strong data-start=\"1232\" data-end=\"1247\">\u00a060 cm<\/strong><\/li>\n<li data-section-id=\"1p3t42g\" data-start=\"1250\" data-end=\"1286\">sk\u0142ad: <strong data-start=\"1259\" data-end=\"1284\">losowy i zr\u00f3\u017cnicowany<\/strong><\/li>\n<\/ul>\n<p data-start=\"1288\" data-end=\"1315\">Ka\u017cda paleta jest unikalna.<\/p>\n<h2 data-section-id=\"12z5qn1\" data-start=\"1322\" data-end=\"1347\">\ud83d\udcbc Do czego si\u0119 nadaje<\/h2>\n<p data-start=\"1349\" data-end=\"1380\">To rozwi\u0105zanie dla os\u00f3b, kt\u00f3re:<\/p>\n<ul data-start=\"1382\" data-end=\"1524\">\n<li data-section-id=\"pz6hm8\" data-start=\"1382\" data-end=\"1419\">sprzedaj\u0105 na <a href=\"https:\/\/allegro.pl\/\" target=\"_blank\" rel=\"noopener\">Allegro<\/a>, <a href=\"https:\/\/www.olx.pl\/\" target=\"_blank\" rel=\"noopener\">OLX<\/a>, <a href=\"https:\/\/www.ebay.com\/\" target=\"_blank\" rel=\"noopener\">eBay<\/a>, <a href=\"https:\/\/www.amazon.com\/\" target=\"_blank\" rel=\"noopener\">Amazon<\/a><\/li>\n<li data-section-id=\"1po2qab\" data-start=\"1420\" data-end=\"1450\">prowadz\u0105 sklep internetowy<\/li>\n<li data-section-id=\"wxj7lc\" data-start=\"1451\" data-end=\"1490\">chc\u0105 sprzedawa\u0107 produkty pojedynczo<\/li>\n<li data-section-id=\"19wnfjp\" data-start=\"1491\" data-end=\"1524\">szukaj\u0105 towaru do odsprzeda\u017cy<\/li>\n<\/ul>\n<p data-start=\"1526\" data-end=\"1582\">Du\u017ca liczba produkt\u00f3w pozwala szybko zwi\u0119kszy\u0107 sprzeda\u017c.<\/p>\n<h2 data-section-id=\"gfj1y1\" data-start=\"1589\" data-end=\"1602\">\ud83d\ude9a Dostawa<\/h2>\n<ul data-start=\"1604\" data-end=\"1671\">\n<li data-section-id=\"10nvshm\" data-start=\"1604\" data-end=\"1624\">wysy\u0142ka z Europy<\/li>\n<li data-section-id=\"wz2p5c\" data-start=\"1625\" data-end=\"1646\">szybka realizacja<\/li>\n<li data-section-id=\"1qo0dyy\" data-start=\"1647\" data-end=\"1671\">bezpieczne pakowanie<\/li>\n<\/ul>\n<h2 data-section-id=\"p6kgem\" data-start=\"1678\" data-end=\"1700\">\u2139\ufe0f Wa\u017cne informacje<\/h2>\n<ul data-start=\"1702\" data-end=\"1844\">\n<li data-section-id=\"oo8lin\" data-start=\"1702\" data-end=\"1741\">towar niesortowany (Amazon Returns)<\/li>\n<li data-section-id=\"1bi9krm\" data-start=\"1742\" data-end=\"1771\">produkty nie s\u0105 testowane<\/li>\n<li data-section-id=\"iag8fx\" data-start=\"1772\" data-end=\"1811\">mo\u017cliwa domieszka klasy C (do 5\u20137%)<\/li>\n<li data-section-id=\"zia6d9\" data-start=\"1812\" data-end=\"1844\">ka\u017cda paleta pakowana losowo<\/li>\n<\/ul>\n<h2 data-section-id=\"1915pio\" data-start=\"1851\" data-end=\"1873\">\ud83d\udcf8 Zdj\u0119cia produktu<\/h2>\n<p data-start=\"1875\" data-end=\"1941\" data-is-last-node=\"\" data-is-only-node=\"\">Zdj\u0119cia s\u0105 pogl\u0105dowe i przedstawiaj\u0105 przyk\u0142adow\u0105 zawarto\u015b\u0107 palety.<\/p>\n<\/div>\n<\/div>\n<\/div>\n<\/div>\n<\/div>\n<\/div>\n<\/div>\n<\/div>\n<\/div>\n<\/div>\n<\/div>\n<\/section>\n<\/div>\n","protected":false},"excerpt":{"rendered":"<p class=\"p1\">\u26a1 Oko\u0142o 100% elektroniki<\/p>\n<p class=\"p1\">\ud83c\uddec\ud83c\udde7 UK<\/p>\n<p class=\"p1\">\ud83d\udd25 Amazon Returns<\/p>\n<p class=\"p1\" style=\"text-align: left;\">\u2714\ufe0f Jako\u015b\u0107 A\u2013B<\/p>","protected":false},"featured_media":50487,"comment_status":"open","ping_status":"closed","template":"","meta":{"_acf_changed":false},"product_brand":[],"product_cat":[1258,1282],"product_tag":[1280],"class_list":{"0":"post-50654","1":"product","2":"type-product","3":"status-publish","4":"has-post-thumbnail","6":"product_cat-amazon-paleta","7":"product_cat-drobna-elektronika-uk-amazon-returns-ab","8":"product_tag-paleta-mix-elektroniki-z-anglii","10":"first","11":"instock","12":"sold-individually","13":"taxable","14":"shipping-taxable","15":"purchasable","16":"product-type-simple"},"acf":[],"_links":{"self":[{"href":"https:\/\/stockify24.pl\/de\/wp-json\/wp\/v2\/product\/50654","targetHints":{"allow":["GET"]}}],"collection":[{"href":"https:\/\/stockify24.pl\/de\/wp-json\/wp\/v2\/product"}],"about":[{"href":"https:\/\/stockify24.pl\/de\/wp-json\/wp\/v2\/types\/product"}],"replies":[{"embeddable":true,"href":"https:\/\/stockify24.pl\/de\/wp-json\/wp\/v2\/comments?post=50654"}],"wp:featuredmedia":[{"embeddable":true,"href":"https:\/\/stockify24.pl\/de\/wp-json\/wp\/v2\/media\/50487"}],"wp:attachment":[{"href":"https:\/\/stockify24.pl\/de\/wp-json\/wp\/v2\/media?parent=50654"}],"wp:term":[{"taxonomy":"product_brand","embeddable":true,"href":"https:\/\/stockify24.pl\/de\/wp-json\/wp\/v2\/product_brand?post=50654"},{"taxonomy":"product_cat","embeddable":true,"href":"https:\/\/stockify24.pl\/de\/wp-json\/wp\/v2\/product_cat?post=50654"},{"taxonomy":"product_tag","embeddable":true,"href":"https:\/\/stockify24.pl\/de\/wp-json\/wp\/v2\/product_tag?post=50654"}],"curies":[{"name":"wp","href":"https:\/\/api.w.org\/{rel}","templated":true}]}}