{"id":50687,"date":"2026-03-23T11:36:26","date_gmt":"2026-03-23T10:36:26","guid":{"rendered":"https:\/\/stockify24.pl\/?post_type=product&#038;p=50687"},"modified":"2026-03-30T12:44:34","modified_gmt":"2026-03-30T11:44:34","slug":"palety-amazon-mix-a-b-81","status":"publish","type":"product","link":"https:\/\/stockify24.pl\/de\/produkt\/palety-amazon-mix-a-b-81\/","title":{"rendered":"Amazon MIX Paletten | A-B | #81"},"content":{"rendered":"<div class=\"flex flex-col text-sm pb-25\">\n<section class=\"text-token-text-primary w-full focus:outline-none [--shadow-height:45px] has-data-writing-block:pointer-events-none has-data-writing-block:-mt-(--shadow-height) has-data-writing-block:pt-(--shadow-height) [&amp;:has([data-writing-block])&gt;*]:pointer-events-auto scroll-mt-[calc(var(--header-height)+min(200px,max(70px,20svh)))]\" dir=\"auto\" data-turn-id=\"request-69b8245d-0030-838e-b654-ccb872ba6f51-25\" data-testid=\"conversation-turn-200\" data-scroll-anchor=\"true\" data-turn=\"assistant\">\n<div class=\"text-base my-auto mx-auto pb-10 [--thread-content-margin:var(--thread-content-margin-xs,calc(var(--spacing)*4))] @w-sm\/main:[--thread-content-margin:var(--thread-content-margin-sm,calc(var(--spacing)*6))] @w-lg\/main:[--thread-content-margin:var(--thread-content-margin-lg,calc(var(--spacing)*16))] px-(--thread-content-margin)\">\n<div class=\"[--thread-content-max-width:40rem] @w-lg\/main:[--thread-content-max-width:48rem] mx-auto max-w-(--thread-content-max-width) flex-1 group\/turn-messages focus-visible:outline-hidden relative flex w-full min-w-0 flex-col agent-turn\">\n<div class=\"flex max-w-full flex-col gap-4 grow\">\n<div class=\"min-h-8 text-message relative flex w-full flex-col items-end gap-2 text-start break-words whitespace-normal outline-none keyboard-focused:focus-ring [.text-message+&amp;]:mt-1\" dir=\"auto\" tabindex=\"0\" data-message-author-role=\"assistant\" data-message-id=\"ed8abcdd-be0d-4615-88f1-9a47a52c2d16\" data-message-model-slug=\"gpt-5-3\" data-turn-start-message=\"true\">\n<div class=\"flex w-full flex-col gap-1 empty:hidden\">\n<div class=\"markdown prose dark:prose-invert w-full wrap-break-word dark markdown-new-styling\">\n<div class=\"flex h-svh w-screen flex-col\">\n<div class=\"relative z-0 flex min-h-0 w-full flex-1\">\n<div class=\"relative flex min-h-0 w-full flex-1\">\n<div class=\"@container\/main relative flex min-w-0 flex-1 flex-col -translate-y-[calc(env(safe-area-inset-bottom,0px)\/2)] pt-[calc(env(safe-area-inset-bottom,0px)\/2)]\">\n<div class=\"@w-sm\/main:[scrollbar-gutter:var(--stage-scroll-gutter)] touch:[scrollbar-width:none] group\/scroll-root relative flex min-h-0 min-w-0 flex-1 flex-col [scrollbar-gutter:stable] not-print:overflow-x-clip not-print:overflow-y-auto group-data-stream-active\/scroll-root:[overflow-anchor:none] scroll-pt-(--header-height) [--sticky-padding-top:var(--header-height)] [--sticky-padding-bottom:0px] [--scroll-root-safe-area-inset-top:calc(var(--sticky-padding-top)+env(safe-area-inset-top,0px))] [--scroll-root-safe-area-inset-bottom:calc(var(--sticky-padding-bottom)+var(--screen-keyboard-height,0px)+env(safe-area-inset-bottom,0px))] [--scroll-root-safe-area-height:calc(100lvh-var(--scroll-root-safe-area-inset-top)-var(--scroll-root-safe-area-inset-bottom))] has-data-[fixed-header=less-than-xl]:@w-xl\/main:scroll-pt-0 has-data-[fixed-header=less-than-xl]:@w-xl\/main:[--sticky-padding-top:0px] has-data-[fixed-header=less-than-xxl]:@w-2xl\/main:scroll-pt-0 has-data-[fixed-header=less-than-xxl]:@w-2xl\/main:[--sticky-padding-top:0px]\" data-scroll-root=\"\" data-scroll-from-top=\"\">\n<div class=\"relative basis-auto flex-col -mb-(--composer-overlap-px) pb-(--composer-overlap-px) [--composer-overlap-px:28px] grow flex\">\n<div class=\"flex flex-col text-sm\">\n<section class=\"text-token-text-primary w-full focus:outline-none [--shadow-height:45px] has-data-writing-block:pointer-events-none has-data-writing-block:-mt-(--shadow-height) has-data-writing-block:pt-(--shadow-height) [&amp;:has([data-writing-block])&gt;*]:pointer-events-auto scroll-mt-[calc(var(--header-height)+min(200px,max(70px,20svh)))]\" dir=\"auto\" data-turn-id=\"request-WEB:cc509de0-714c-4653-ad32-6b5e125a8411-7\" data-testid=\"conversation-turn-10\" data-scroll-anchor=\"true\" data-turn=\"assistant\">\n<div class=\"text-base my-auto mx-auto pb-10 [--thread-content-margin:var(--thread-content-margin-xs,calc(var(--spacing)*4))] @w-sm\/main:[--thread-content-margin:var(--thread-content-margin-sm,calc(var(--spacing)*6))] @w-lg\/main:[--thread-content-margin:var(--thread-content-margin-lg,calc(var(--spacing)*16))] px-(--thread-content-margin)\">\n<div class=\"[--thread-content-max-width:40rem] @w-lg\/main:[--thread-content-max-width:48rem] mx-auto max-w-(--thread-content-max-width) flex-1 group\/turn-messages focus-visible:outline-hidden relative flex w-full min-w-0 flex-col agent-turn\">\n<div class=\"flex max-w-full flex-col gap-4 grow\">\n<div class=\"min-h-8 text-message relative flex w-full flex-col items-end gap-2 text-start break-words whitespace-normal outline-none keyboard-focused:focus-ring [.text-message+&amp;]:mt-1\" dir=\"auto\" tabindex=\"0\" data-message-author-role=\"assistant\" data-message-id=\"cfa6deea-8ce4-4542-9cf9-48a3b1cdbe9a\" data-message-model-slug=\"gpt-5-3\" data-turn-start-message=\"true\">\n<div class=\"flex w-full flex-col gap-1 empty:hidden\">\n<div class=\"markdown prose dark:prose-invert w-full wrap-break-word dark markdown-new-styling\">\n<h2 data-section-id=\"lcklxq\" data-start=\"0\" data-end=\"75\">\ud83d\udd25 Palety Amazon MIX 125 kg \u2013 60% elektronika | towar do odsprzeda\u017cy A\u2013B<\/h2>\n<p data-start=\"77\" data-end=\"422\"><strong data-start=\"77\" data-end=\"105\">Paleta Amazon MIX 125 kg<\/strong> to gotowy zestaw produkt\u00f3w dla e-commerce, sprzeda\u017cy hurtowej i reseller\u00f3w, kt\u00f3rzy szukaj\u0105 towaru o wysokiej rotacji i stabilnym popycie.<\/p>\n<p data-start=\"77\" data-end=\"422\">Struktura palety obejmuje oko\u0142o <strong data-start=\"284\" data-end=\"313\">60% elektroniki u\u017cytkowej<\/strong> oraz <strong data-start=\"319\" data-end=\"356\">40% produkt\u00f3w z r\u00f3\u017cnych kategorii<\/strong>, co pozwala zwi\u0119kszy\u0107 liczb\u0119 ofert i szybciej generowa\u0107 sprzeda\u017c.<\/p>\n<p data-start=\"424\" data-end=\"667\">Towar pochodzi z Amazon Returns (zwroty konsumenckie Amazon) i trafia do sprzeda\u017cy w formie palet niesortowanych. Ka\u017cda paleta ma <strong data-start=\"562\" data-end=\"578\">losowy sk\u0142ad<\/strong>, bez listy produkt\u00f3w, co oznacza wi\u0119ksz\u0105 r\u00f3\u017cnorodno\u015b\u0107 i wi\u0119cej mo\u017cliwo\u015bci sprzeda\u017cowych.<\/p>\n<p data-start=\"424\" data-end=\"667\">Wszystkie modele palet Amazon mo\u017cna znale\u017a\u0107 <a href=\"https:\/\/stockify24.pl\/sklep\/\"><strong>tutaj<\/strong>.<\/a><\/p>\n<h2 data-section-id=\"12x7me4\" data-start=\"674\" data-end=\"715\">\ud83d\udce6 Co zawiera paleta Amazon MIX<\/h2>\n<p data-start=\"717\" data-end=\"779\">Ka\u017cda paleta to mix produkt\u00f3w konsumenckich, w tym:<\/p>\n<h3 data-section-id=\"19f8jx4\" data-start=\"781\" data-end=\"818\">\ud83d\udd0c Elektronika u\u017cytkowa \u2013 ok. 60%<\/h3>\n<ul data-start=\"819\" data-end=\"951\">\n<li data-section-id=\"1lxu5gy\" data-start=\"819\" data-end=\"845\">akcesoria do telefon\u00f3w<\/li>\n<li data-section-id=\"1o3dgrb\" data-start=\"846\" data-end=\"870\">\u0142adowarki i przewody<\/li>\n<li data-section-id=\"16syk19\" data-start=\"871\" data-end=\"884\">kable USB<\/li>\n<li data-section-id=\"l9fl3s\" data-start=\"885\" data-end=\"899\">powerbanki<\/li>\n<li data-section-id=\"x5tve1\" data-start=\"900\" data-end=\"918\">urz\u0105dzenia USB<\/li>\n<li data-section-id=\"1t1wub9\" data-start=\"919\" data-end=\"951\">drobne gad\u017cety elektroniczne<\/li>\n<\/ul>\n<h3 data-section-id=\"nd0a9k\" data-start=\"953\" data-end=\"983\">\ud83d\udce6 Mix kategorii \u2013 ok. 40%<\/h3>\n<ul data-start=\"984\" data-end=\"1030\">\n<li data-section-id=\"1xmewib\" data-start=\"984\" data-end=\"1030\">produkty z r\u00f3\u017cnych segment\u00f3w sprzeda\u017cowych<\/li>\n<\/ul>\n<p data-start=\"1032\" data-end=\"1150\">\ud83d\udcca <strong data-start=\"1035\" data-end=\"1062\">Zr\u00f3\u017cnicowany asortyment<\/strong> pozwala sprzedawa\u0107 w wielu kategoriach jednocze\u015bnie i zwi\u0119ksza\u0107 liczb\u0119 aktywnych ofert.<\/p>\n<h2 data-section-id=\"1ytwfss\" data-start=\"1157\" data-end=\"1193\">\ud83c\udd70\ufe0f\ud83c\udd71\ufe0f Stan produkt\u00f3w \u2013 klasa A\u2013B<\/h2>\n<p data-start=\"1195\" data-end=\"1234\">Produkty w palecie nale\u017c\u0105 do kategorii:<\/p>\n<ul data-start=\"1236\" data-end=\"1391\">\n<li data-section-id=\"1rd0hcy\" data-start=\"1236\" data-end=\"1306\"><strong data-start=\"1238\" data-end=\"1245\">A\u2013B<\/strong> \u2013 wi\u0119kszo\u015b\u0107 produkt\u00f3w jest nowa lub w bardzo dobrym stanie<\/li>\n<li data-section-id=\"mp434v\" data-start=\"1307\" data-end=\"1347\">mo\u017cliwe lekkie \u015blady u\u017cytkowania<\/li>\n<li data-section-id=\"4a0pj1\" data-start=\"1348\" data-end=\"1391\">mo\u017cliwa domieszka klasy C (do 5\u20137%)<\/li>\n<\/ul>\n<p data-start=\"1393\" data-end=\"1446\">\ud83d\udccc Towar pochodzi ze zwrot\u00f3w i nie jest testowany<\/p>\n<h2 data-section-id=\"zfruef\" data-start=\"1453\" data-end=\"1489\">\ud83d\udcd0 Specyfikacja techniczna palety<\/h2>\n<ul data-start=\"1491\" data-end=\"1631\">\n<li data-section-id=\"aibyk2\" data-start=\"1491\" data-end=\"1515\">waga netto:<strong data-start=\"1499\" data-end=\"1513\">\u00a0125 kg<\/strong><\/li>\n<li data-section-id=\"yhp5vx\" data-start=\"1516\" data-end=\"1544\">wysoko\u015b\u0107: <strong data-start=\"1528\" data-end=\"1542\">ok. 100 cm<\/strong><\/li>\n<li data-section-id=\"17l6cbc\" data-start=\"1545\" data-end=\"1599\">struktura: 60% elektronika \/ 40% mix kategorii<\/li>\n<li data-section-id=\"p80nlj\" data-start=\"1600\" data-end=\"1631\">sk\u0142ad: losowy i zmienny<\/li>\n<\/ul>\n<p data-start=\"1633\" data-end=\"1716\">Ka\u017cda paleta jest <strong data-start=\"1651\" data-end=\"1659\">inna<\/strong>, co zwi\u0119ksza potencja\u0142 sprzeda\u017cy i testowania produkt\u00f3w.<\/p>\n<h2 data-section-id=\"19nm8z5\" data-start=\"1723\" data-end=\"1752\">\ud83d\udcbc Dla kogo jest ta paleta<\/h2>\n<p data-start=\"1754\" data-end=\"1812\"><strong data-start=\"1754\" data-end=\"1782\">Paleta Amazon MIX 125 kg<\/strong> sprawdzi si\u0119 dla os\u00f3b, kt\u00f3re:<\/p>\n<ul data-start=\"1814\" data-end=\"2015\">\n<li data-section-id=\"4yq4hc\" data-start=\"1814\" data-end=\"1855\">sprzedaj\u0105 na <a href=\"https:\/\/allegro.pl\/\" target=\"_blank\" rel=\"noopener\">Allegro<\/a>, <a href=\"https:\/\/www.olx.pl\/\" target=\"_blank\" rel=\"noopener\">OLX<\/a>, <a href=\"https:\/\/www.ebay.com\/\" target=\"_blank\" rel=\"noopener\">eBay<\/a>, <a href=\"https:\/\/www.amazon.com\/\" target=\"_blank\" rel=\"noopener\">Amazon<\/a><\/li>\n<li data-section-id=\"1hzmo0j\" data-start=\"1856\" data-end=\"1890\">prowadz\u0105 sklep internetowy<\/li>\n<li data-section-id=\"1iq6lz2\" data-start=\"1891\" data-end=\"1936\">sprzedaj\u0105 produkty pojedynczo z mar\u017c\u0105<\/li>\n<li data-section-id=\"ouc518\" data-start=\"1937\" data-end=\"1974\">rozwijaj\u0105 biznes resellingowy<\/li>\n<li data-section-id=\"19fgsd2\" data-start=\"1975\" data-end=\"2015\">szukaj\u0105 towaru o szybkim obrocie<\/li>\n<\/ul>\n<p data-start=\"2017\" data-end=\"2128\">Du\u017ca ilo\u015b\u0107 drobnych produkt\u00f3w pozwala zwi\u0119kszy\u0107 sprzeda\u017c bez konieczno\u015bci inwestowania w jeden typ asortymentu.<\/p>\n<h2 data-section-id=\"1pwo80l\" data-start=\"2135\" data-end=\"2180\">\ud83d\udcc8 Dlaczego warto wybra\u0107 palet\u0119 Amazon MIX<\/h2>\n<ul data-start=\"2182\" data-end=\"2394\">\n<li data-section-id=\"k47ina\" data-start=\"2182\" data-end=\"2231\">dost\u0119p do taniego towaru z Amazon Returns<\/li>\n<li data-section-id=\"om4fxq\" data-start=\"2232\" data-end=\"2275\">mo\u017cliwo\u015b\u0107 sprzeda\u017cy w wielu kategoriach<\/li>\n<li data-section-id=\"1s7dal3\" data-start=\"2276\" data-end=\"2308\">wysoka rotacja produkt\u00f3w<\/li>\n<li data-section-id=\"1fkat7\" data-start=\"2309\" data-end=\"2349\">elastyczno\u015b\u0107 w ustalaniu cen i mar\u017cy<\/li>\n<li data-section-id=\"18o747\" data-start=\"2350\" data-end=\"2394\">brak konieczno\u015bci tworzenia jednej niszy<\/li>\n<\/ul>\n<p data-start=\"2396\" data-end=\"2481\">Paleta umo\u017cliwia szybkie rozpocz\u0119cie lub rozw\u00f3j sprzeda\u017cy bez rozbudowanego magazynu.<\/p>\n<h2 data-section-id=\"pkeej4\" data-start=\"2488\" data-end=\"2514\">\ud83d\ude9a Dostawa i realizacja<\/h2>\n<ul data-start=\"2516\" data-end=\"2610\">\n<li data-section-id=\"1j548yy\" data-start=\"2516\" data-end=\"2548\">wysy\u0142ka z magazynu w Europie<\/li>\n<li data-section-id=\"igemay\" data-start=\"2549\" data-end=\"2579\">szybka realizacja zam\u00f3wie\u0144<\/li>\n<li data-section-id=\"1j8kcmu\" data-start=\"2580\" data-end=\"2610\">bezpieczne pakowanie palet<\/li>\n<\/ul>\n<h2 data-section-id=\"1xmsei\" data-start=\"2617\" data-end=\"2653\">\u2139\ufe0f Wa\u017cne informacje przed zakupem<\/h2>\n<ul data-start=\"2655\" data-end=\"2859\">\n<li data-section-id=\"1muxdyt\" data-start=\"2655\" data-end=\"2703\">towar typu Amazon Returns \u2013 niesortowany<\/li>\n<li data-section-id=\"vpxobm\" data-start=\"2704\" data-end=\"2737\">produkty nie s\u0105 testowane<\/li>\n<li data-section-id=\"4a0pj1\" data-start=\"2738\" data-end=\"2781\">mo\u017cliwa domieszka klasy C (do 5\u20137%)<\/li>\n<li data-section-id=\"mo09xk\" data-start=\"2782\" data-end=\"2822\">brak gwarancji konkretnej zawarto\u015bci<\/li>\n<li data-section-id=\"yrpjul\" data-start=\"2823\" data-end=\"2859\">ka\u017cda paleta pakowana <strong data-start=\"2847\" data-end=\"2857\">losowo<\/strong><\/li>\n<\/ul>\n<h2 data-section-id=\"1915pio\" data-start=\"2866\" data-end=\"2888\">\ud83d\udcf8 Zdj\u0119cia produktu<\/h2>\n<p data-start=\"2890\" data-end=\"2973\">Zdj\u0119cia maj\u0105 charakter pogl\u0105dowy i przedstawiaj\u0105 przyk\u0142adowe zestawy produkt\u00f3w.<\/p>\n<\/div>\n<\/div>\n<\/div>\n<\/div>\n<\/div>\n<\/div>\n<\/section>\n<\/div>\n<\/div>\n<\/div>\n<\/div>\n<\/div>\n<\/div>\n<\/div>\n<\/div>\n<\/div>\n<\/div>\n<\/div>\n<\/div>\n<\/div>\n<\/section>\n<\/div>\n","protected":false},"excerpt":{"rendered":"<p class=\"p1\">\u26a1 Oko\u0142o 60% elektroniki, mix kategorii (ok. 40%)<\/p>\n<p class=\"p1\">\ud83d\udd25 Amazon Returns<\/p>\n<p class=\"p1\" style=\"text-align: left;\">\u2714\ufe0f Jako\u015b\u0107 A\u2013B<\/p>","protected":false},"featured_media":50688,"comment_status":"open","ping_status":"closed","template":"","meta":{"_acf_changed":false},"product_brand":[],"product_cat":[1287],"product_tag":[1294],"class_list":{"0":"post-50687","1":"product","2":"type-product","3":"status-publish","4":"has-post-thumbnail","6":"product_cat-amazon-mix","7":"product_tag-amazon-mix","9":"first","10":"instock","11":"sold-individually","12":"taxable","13":"shipping-taxable","14":"purchasable","15":"product-type-simple"},"acf":[],"_links":{"self":[{"href":"https:\/\/stockify24.pl\/de\/wp-json\/wp\/v2\/product\/50687","targetHints":{"allow":["GET"]}}],"collection":[{"href":"https:\/\/stockify24.pl\/de\/wp-json\/wp\/v2\/product"}],"about":[{"href":"https:\/\/stockify24.pl\/de\/wp-json\/wp\/v2\/types\/product"}],"replies":[{"embeddable":true,"href":"https:\/\/stockify24.pl\/de\/wp-json\/wp\/v2\/comments?post=50687"}],"wp:featuredmedia":[{"embeddable":true,"href":"https:\/\/stockify24.pl\/de\/wp-json\/wp\/v2\/media\/50688"}],"wp:attachment":[{"href":"https:\/\/stockify24.pl\/de\/wp-json\/wp\/v2\/media?parent=50687"}],"wp:term":[{"taxonomy":"product_brand","embeddable":true,"href":"https:\/\/stockify24.pl\/de\/wp-json\/wp\/v2\/product_brand?post=50687"},{"taxonomy":"product_cat","embeddable":true,"href":"https:\/\/stockify24.pl\/de\/wp-json\/wp\/v2\/product_cat?post=50687"},{"taxonomy":"product_tag","embeddable":true,"href":"https:\/\/stockify24.pl\/de\/wp-json\/wp\/v2\/product_tag?post=50687"}],"curies":[{"name":"wp","href":"https:\/\/api.w.org\/{rel}","templated":true}]}}