{"id":50694,"date":"2026-03-23T12:25:19","date_gmt":"2026-03-23T11:25:19","guid":{"rendered":"https:\/\/stockify24.pl\/?post_type=product&#038;p=50694"},"modified":"2026-03-30T12:46:36","modified_gmt":"2026-03-30T11:46:36","slug":"palety-amazon-mix-2","status":"publish","type":"product","link":"https:\/\/stockify24.pl\/de\/produkt\/palety-amazon-mix-2\/","title":{"rendered":"Amazon MIX | A-B | Paletten"},"content":{"rendered":"<div class=\"flex flex-col text-sm pb-25\">\n<section class=\"text-token-text-primary w-full focus:outline-none [--shadow-height:45px] has-data-writing-block:pointer-events-none has-data-writing-block:-mt-(--shadow-height) has-data-writing-block:pt-(--shadow-height) [&amp;:has([data-writing-block])&gt;*]:pointer-events-auto scroll-mt-[calc(var(--header-height)+min(200px,max(70px,20svh)))]\" dir=\"auto\" data-turn-id=\"request-69b8245d-0030-838e-b654-ccb872ba6f51-25\" data-testid=\"conversation-turn-200\" data-scroll-anchor=\"true\" data-turn=\"assistant\">\n<div class=\"text-base my-auto mx-auto pb-10 [--thread-content-margin:var(--thread-content-margin-xs,calc(var(--spacing)*4))] @w-sm\/main:[--thread-content-margin:var(--thread-content-margin-sm,calc(var(--spacing)*6))] @w-lg\/main:[--thread-content-margin:var(--thread-content-margin-lg,calc(var(--spacing)*16))] px-(--thread-content-margin)\">\n<div class=\"[--thread-content-max-width:40rem] @w-lg\/main:[--thread-content-max-width:48rem] mx-auto max-w-(--thread-content-max-width) flex-1 group\/turn-messages focus-visible:outline-hidden relative flex w-full min-w-0 flex-col agent-turn\">\n<div class=\"flex max-w-full flex-col gap-4 grow\">\n<div class=\"min-h-8 text-message relative flex w-full flex-col items-end gap-2 text-start break-words whitespace-normal outline-none keyboard-focused:focus-ring [.text-message+&amp;]:mt-1\" dir=\"auto\" tabindex=\"0\" data-message-author-role=\"assistant\" data-message-id=\"ed8abcdd-be0d-4615-88f1-9a47a52c2d16\" data-message-model-slug=\"gpt-5-3\" data-turn-start-message=\"true\">\n<div class=\"flex w-full flex-col gap-1 empty:hidden\">\n<div class=\"markdown prose dark:prose-invert w-full wrap-break-word dark markdown-new-styling\">\n<div class=\"flex h-svh w-screen flex-col\">\n<div class=\"relative z-0 flex min-h-0 w-full flex-1\">\n<div class=\"relative flex min-h-0 w-full flex-1\">\n<div class=\"@container\/main relative flex min-w-0 flex-1 flex-col -translate-y-[calc(env(safe-area-inset-bottom,0px)\/2)] pt-[calc(env(safe-area-inset-bottom,0px)\/2)]\">\n<div class=\"@w-sm\/main:[scrollbar-gutter:var(--stage-scroll-gutter)] touch:[scrollbar-width:none] group\/scroll-root relative flex min-h-0 min-w-0 flex-1 flex-col [scrollbar-gutter:stable] not-print:overflow-x-clip not-print:overflow-y-auto group-data-stream-active\/scroll-root:[overflow-anchor:none] scroll-pt-(--header-height) [--sticky-padding-top:var(--header-height)] [--sticky-padding-bottom:0px] [--scroll-root-safe-area-inset-top:calc(var(--sticky-padding-top)+env(safe-area-inset-top,0px))] [--scroll-root-safe-area-inset-bottom:calc(var(--sticky-padding-bottom)+var(--screen-keyboard-height,0px)+env(safe-area-inset-bottom,0px))] [--scroll-root-safe-area-height:calc(100lvh-var(--scroll-root-safe-area-inset-top)-var(--scroll-root-safe-area-inset-bottom))] has-data-[fixed-header=less-than-xl]:@w-xl\/main:scroll-pt-0 has-data-[fixed-header=less-than-xl]:@w-xl\/main:[--sticky-padding-top:0px] has-data-[fixed-header=less-than-xxl]:@w-2xl\/main:scroll-pt-0 has-data-[fixed-header=less-than-xxl]:@w-2xl\/main:[--sticky-padding-top:0px]\" data-scroll-root=\"\" data-scroll-from-top=\"\">\n<div class=\"relative basis-auto flex-col -mb-(--composer-overlap-px) pb-(--composer-overlap-px) [--composer-overlap-px:28px] grow flex\">\n<div class=\"flex flex-col text-sm\">\n<section class=\"text-token-text-primary w-full focus:outline-none [--shadow-height:45px] has-data-writing-block:pointer-events-none has-data-writing-block:-mt-(--shadow-height) has-data-writing-block:pt-(--shadow-height) [&amp;:has([data-writing-block])&gt;*]:pointer-events-auto scroll-mt-[calc(var(--header-height)+min(200px,max(70px,20svh)))]\" dir=\"auto\" data-turn-id=\"request-WEB:cc509de0-714c-4653-ad32-6b5e125a8411-7\" data-testid=\"conversation-turn-10\" data-scroll-anchor=\"true\" data-turn=\"assistant\">\n<div class=\"text-base my-auto mx-auto pb-10 [--thread-content-margin:var(--thread-content-margin-xs,calc(var(--spacing)*4))] @w-sm\/main:[--thread-content-margin:var(--thread-content-margin-sm,calc(var(--spacing)*6))] @w-lg\/main:[--thread-content-margin:var(--thread-content-margin-lg,calc(var(--spacing)*16))] px-(--thread-content-margin)\">\n<div class=\"[--thread-content-max-width:40rem] @w-lg\/main:[--thread-content-max-width:48rem] mx-auto max-w-(--thread-content-max-width) flex-1 group\/turn-messages focus-visible:outline-hidden relative flex w-full min-w-0 flex-col agent-turn\">\n<div class=\"flex max-w-full flex-col gap-4 grow\">\n<div class=\"min-h-8 text-message relative flex w-full flex-col items-end gap-2 text-start break-words whitespace-normal outline-none keyboard-focused:focus-ring [.text-message+&amp;]:mt-1\" dir=\"auto\" tabindex=\"0\" data-message-author-role=\"assistant\" data-message-id=\"cfa6deea-8ce4-4542-9cf9-48a3b1cdbe9a\" data-message-model-slug=\"gpt-5-3\" data-turn-start-message=\"true\">\n<div class=\"flex w-full flex-col gap-1 empty:hidden\">\n<div class=\"markdown prose dark:prose-invert w-full wrap-break-word dark markdown-new-styling\">\n<h2 data-section-id=\"1jjasa6\" data-start=\"0\" data-end=\"80\"><span role=\"text\">\ud83d\udd25 <strong data-start=\"6\" data-end=\"80\">Palety Amazon MIX \u2013 60% elektronika | mix kategorii A\u2013B do odsprzeda\u017cy<\/strong><\/span><\/h2>\n<p data-start=\"82\" data-end=\"433\"><strong data-start=\"82\" data-end=\"103\">Palety Amazon MIX<\/strong> to realne rozwi\u0105zanie dla e-commerce, sprzeda\u017cy hurtowej i reseller\u00f3w, kt\u00f3rzy potrzebuj\u0105 dost\u0119pu do zr\u00f3\u017cnicowanego towaru w jednym zakupie.<\/p>\n<p data-start=\"82\" data-end=\"433\">Zestawienie produkt\u00f3w obejmuje oko\u0142o 60% elektroniki u\u017cytkowej oraz 40% produkt\u00f3w z r\u00f3\u017cnych kategorii, co pozwala rozszerzy\u0107 ofert\u0119 i sprzedawa\u0107 w wielu segmentach jednocze\u015bnie.<\/p>\n<p data-start=\"435\" data-end=\"699\">Towar pochodzi z Amazon Returns (zwroty konsumenckie Amazon) i dost\u0119pny jest jako palety niesortowane. Ka\u017cda paleta ma <strong data-start=\"562\" data-end=\"578\">losowy sk\u0142ad<\/strong>, bez listy produkt\u00f3w, co oznacza zmienno\u015b\u0107 asortymentu i mo\u017cliwo\u015b\u0107 dopasowania sprzeda\u017cy do r\u00f3\u017cnych platform i klient\u00f3w.<\/p>\n<h2 data-section-id=\"p9nhcw\" data-start=\"706\" data-end=\"742\"><span role=\"text\">\ud83d\udce6 <strong data-start=\"712\" data-end=\"742\">Zawarto\u015b\u0107 palet Amazon MIX<\/strong><\/span><\/h2>\n<p data-start=\"744\" data-end=\"848\">Ka\u017cda paleta zawiera mix produkt\u00f3w konsumenckich, kt\u00f3re mo\u017cna sprzedawa\u0107 pojedynczo lub w zestawach.<\/p>\n<h3 data-section-id=\"1mjhuxk\" data-start=\"850\" data-end=\"891\"><span role=\"text\">\ud83d\udd0c <strong data-start=\"857\" data-end=\"891\">Elektronika u\u017cytkowa \u2013 ok. 60%<\/strong><\/span><\/h3>\n<ul data-start=\"892\" data-end=\"1017\">\n<li data-section-id=\"1lxu5gy\" data-start=\"892\" data-end=\"918\">akcesoria do telefon\u00f3w<\/li>\n<li data-section-id=\"1i9syxa\" data-start=\"919\" data-end=\"940\">\u0142adowarki i kable<\/li>\n<li data-section-id=\"10gmz6c\" data-start=\"941\" data-end=\"957\">przewody USB<\/li>\n<li data-section-id=\"l9fl3s\" data-start=\"958\" data-end=\"972\">powerbanki<\/li>\n<li data-section-id=\"x5tve1\" data-start=\"973\" data-end=\"991\">urz\u0105dzenia USB<\/li>\n<li data-section-id=\"6uw8kl\" data-start=\"992\" data-end=\"1017\">gad\u017cety elektroniczne<\/li>\n<\/ul>\n<h3 data-section-id=\"1tsoph4\" data-start=\"1019\" data-end=\"1053\"><span role=\"text\">\ud83d\udce6 <strong data-start=\"1026\" data-end=\"1053\">Mix kategorii \u2013 ok. 40%<\/strong><\/span><\/h3>\n<ul data-start=\"1054\" data-end=\"1100\">\n<li data-section-id=\"1xmewib\" data-start=\"1054\" data-end=\"1100\">produkty z r\u00f3\u017cnych segment\u00f3w sprzeda\u017cowych<\/li>\n<\/ul>\n<p data-start=\"1102\" data-end=\"1217\">\ud83d\udcca Zr\u00f3\u017cnicowany asortyment pozwala zwi\u0119kszy\u0107 liczb\u0119 ofert i dzia\u0142a\u0107 r\u00f3wnocze\u015bnie w kilku kategoriach sprzeda\u017cy.<\/p>\n<h2 data-section-id=\"yocvwc\" data-start=\"1224\" data-end=\"1264\"><span role=\"text\">\ud83c\udd70\ufe0f\ud83c\udd71\ufe0f <strong data-start=\"1234\" data-end=\"1264\">Stan produkt\u00f3w \u2013 klasa A\u2013B<\/strong><\/span><\/h2>\n<ul data-start=\"1266\" data-end=\"1415\">\n<li data-section-id=\"clit29\" data-start=\"1266\" data-end=\"1330\">wi\u0119kszo\u015b\u0107 produkt\u00f3w jest <strong data-start=\"1293\" data-end=\"1328\">nowa lub w bardzo dobrym stanie<\/strong><\/li>\n<li data-section-id=\"mp434v\" data-start=\"1331\" data-end=\"1371\">mo\u017cliwe lekkie \u015blady u\u017cytkowania<\/li>\n<li data-section-id=\"4a0pj1\" data-start=\"1372\" data-end=\"1415\">mo\u017cliwa domieszka klasy C (do 5\u20137%)<\/li>\n<\/ul>\n<p data-start=\"1417\" data-end=\"1471\">\ud83d\udccc Produkty pochodz\u0105 ze zwrot\u00f3w i nie s\u0105 testowane<\/p>\n<h2 data-section-id=\"p7uzx1\" data-start=\"1478\" data-end=\"1506\"><span role=\"text\">\ud83d\udcd0 <strong data-start=\"1484\" data-end=\"1506\">Specyfikacja palet<\/strong><\/span><\/h2>\n<ul data-start=\"1508\" data-end=\"1630\">\n<li data-section-id=\"13r9f5k\" data-start=\"1508\" data-end=\"1543\">wysoko\u015b\u0107 palety: <strong data-start=\"1527\" data-end=\"1541\">ok. 100 cm<\/strong><\/li>\n<li data-section-id=\"17l6cbc\" data-start=\"1544\" data-end=\"1598\">struktura: <strong data-start=\"1557\" data-end=\"1596\">60% elektronika \/ 40% mix kategorii<\/strong><\/li>\n<li data-section-id=\"p80nlj\" data-start=\"1599\" data-end=\"1630\">sk\u0142ad: <strong data-start=\"1608\" data-end=\"1628\">losowy i zmienny<\/strong><\/li>\n<\/ul>\n<p data-start=\"1632\" data-end=\"1695\">Ka\u017cda paleta jest <strong data-start=\"1650\" data-end=\"1662\">unikalna<\/strong> i zawiera inny zestaw produkt\u00f3w.<\/p>\n<h2 data-section-id=\"vxyq26\" data-start=\"1702\" data-end=\"1748\"><span role=\"text\">\ud83d\udcbc <strong data-start=\"1708\" data-end=\"1748\">Zastosowanie \u2013 sprzeda\u017c i odsprzeda\u017c<\/strong><\/span><\/h2>\n<p data-start=\"1750\" data-end=\"1812\"><strong data-start=\"1750\" data-end=\"1771\">Palety Amazon MIX<\/strong> s\u0105 przeznaczone dla sprzedawc\u00f3w, kt\u00f3rzy:<\/p>\n<ul data-start=\"1814\" data-end=\"2021\">\n<li data-section-id=\"4yq4hc\" data-start=\"1814\" data-end=\"1855\">sprzedaj\u0105 na <a href=\"https:\/\/allegro.pl\/\" target=\"_blank\" rel=\"noopener\">Allegro<\/a>, <a href=\"https:\/\/www.olx.pl\/\" target=\"_blank\" rel=\"noopener\">OLX<\/a>, <a href=\"https:\/\/www.ebay.com\/\" target=\"_blank\" rel=\"noopener\">eBay<\/a>, <a href=\"https:\/\/www.amazon.com\/\" target=\"_blank\" rel=\"noopener\">Amazon<\/a><\/li>\n<li data-section-id=\"1hxtzkm\" data-start=\"1856\" data-end=\"1891\">prowadz\u0105 sklepy internetowe<\/li>\n<li data-section-id=\"1iq6lz2\" data-start=\"1892\" data-end=\"1937\">sprzedaj\u0105 produkty pojedynczo z mar\u017c\u0105<\/li>\n<li data-section-id=\"1006u0q\" data-start=\"1938\" data-end=\"1979\">rozwijaj\u0105 dzia\u0142alno\u015b\u0107 resellersk\u0105<\/li>\n<li data-section-id=\"11juonu\" data-start=\"1980\" data-end=\"2021\">szukaj\u0105 towaru do dalszej odsprzeda\u017cy<\/li>\n<\/ul>\n<p data-start=\"2023\" data-end=\"2181\">Du\u017ca liczba produkt\u00f3w w jednej palecie umo\u017cliwia szybkie zwi\u0119kszenie liczby ofert oraz rozw\u00f3j sprzeda\u017cy bez konieczno\u015bci inwestowania w jeden typ asortymentu.<\/p>\n<p data-start=\"2023\" data-end=\"2181\">Wszystkie modele palet Amazon mo\u017cna znale\u017a\u0107 <a href=\"https:\/\/stockify24.pl\/sklep\/\"><strong>tutaj<\/strong>.<\/a><\/p>\n<h2 data-section-id=\"13t9wda\" data-start=\"2188\" data-end=\"2218\"><span role=\"text\">\ud83d\udcc8 <strong data-start=\"2194\" data-end=\"2218\">Korzy\u015bci sprzeda\u017cowe<\/strong><\/span><\/h2>\n<ul data-start=\"2220\" data-end=\"2491\">\n<li data-section-id=\"npsbna\" data-start=\"2220\" data-end=\"2281\">dost\u0119p do towaru z Amazon Returns w atrakcyjnej cenie<\/li>\n<li data-section-id=\"oan2o1\" data-start=\"2282\" data-end=\"2338\">mo\u017cliwo\u015b\u0107 sprzeda\u017cy w wielu kategoriach jednocze\u015bnie<\/li>\n<li data-section-id=\"y8rsgc\" data-start=\"2339\" data-end=\"2396\">zwi\u0119kszenie liczby ofert w sklepie lub na marketplace<\/li>\n<li data-section-id=\"oaj4vl\" data-start=\"2397\" data-end=\"2441\">elastyczne ustalanie cen i poziomu mar\u017cy<\/li>\n<li data-section-id=\"6gze1r\" data-start=\"2442\" data-end=\"2491\">mo\u017cliwo\u015b\u0107 testowania r\u00f3\u017cnych produkt\u00f3w i nisz<\/li>\n<\/ul>\n<p data-start=\"2493\" data-end=\"2595\">Zakup palety pozwala efektywnie rozwija\u0107 sprzeda\u017c bez potrzeby tworzenia du\u017cego zaplecza magazynowego.<\/p>\n<h2 data-section-id=\"1wxdymo\" data-start=\"2602\" data-end=\"2632\"><span role=\"text\">\ud83d\ude9a <strong data-start=\"2608\" data-end=\"2632\">Dostawa i realizacja<\/strong><\/span><\/h2>\n<ul data-start=\"2634\" data-end=\"2728\">\n<li data-section-id=\"1j548yy\" data-start=\"2634\" data-end=\"2666\">wysy\u0142ka z magazynu w Europie<\/li>\n<li data-section-id=\"igemay\" data-start=\"2667\" data-end=\"2697\">szybka realizacja zam\u00f3wie\u0144<\/li>\n<li data-section-id=\"1j8kcmu\" data-start=\"2698\" data-end=\"2728\">bezpieczne pakowanie palet<\/li>\n<\/ul>\n<h2 data-section-id=\"w1e5xq\" data-start=\"2735\" data-end=\"2761\"><span role=\"text\">\u2139\ufe0f <strong data-start=\"2741\" data-end=\"2761\">Wa\u017cne informacje<\/strong><\/span><\/h2>\n<ul data-start=\"2763\" data-end=\"2963\">\n<li data-section-id=\"1muxdyt\" data-start=\"2763\" data-end=\"2811\">towar typu Amazon Returns \u2013 niesortowany<\/li>\n<li data-section-id=\"vpxobm\" data-start=\"2812\" data-end=\"2845\">produkty nie s\u0105 testowane<\/li>\n<li data-section-id=\"4a0pj1\" data-start=\"2846\" data-end=\"2889\">mo\u017cliwa domieszka klasy C (do 5\u20137%)<\/li>\n<li data-section-id=\"mo09xk\" data-start=\"2890\" data-end=\"2930\">brak gwarancji konkretnej zawarto\u015bci<\/li>\n<li data-section-id=\"zia6d9\" data-start=\"2931\" data-end=\"2963\">ka\u017cda paleta pakowana <strong>losowo<\/strong><\/li>\n<\/ul>\n<h2 data-section-id=\"1vaej8w\" data-start=\"2970\" data-end=\"2996\"><span role=\"text\">\ud83d\udcf8 <strong data-start=\"2976\" data-end=\"2996\">Zdj\u0119cia produktu<\/strong><\/span><\/h2>\n<p data-start=\"2998\" data-end=\"3079\">Zdj\u0119cia maj\u0105 charakter pogl\u0105dowy i przedstawiaj\u0105 przyk\u0142adow\u0105 zawarto\u015b\u0107 palet.<\/p>\n<\/div>\n<\/div>\n<\/div>\n<\/div>\n<\/div>\n<\/div>\n<\/section>\n<\/div>\n<\/div>\n<\/div>\n<\/div>\n<\/div>\n<\/div>\n<\/div>\n<\/div>\n<\/div>\n<\/div>\n<\/div>\n<\/div>\n<\/div>\n<\/section>\n<\/div>\n","protected":false},"excerpt":{"rendered":"<p class=\"p1\">\u26a1 Oko\u0142o 60% elektroniki, mix kategorii (ok. 40%)<\/p>\n<p class=\"p1\">\ud83d\udd25 Amazon Returns<\/p>\n<p class=\"p1\" style=\"text-align: left;\">\u2714\ufe0f Jako\u015b\u0107 A\u2013B<\/p>","protected":false},"featured_media":50676,"comment_status":"open","ping_status":"closed","template":"","meta":{"_acf_changed":false},"product_brand":[],"product_cat":[1287],"product_tag":[1294],"class_list":{"0":"post-50694","1":"product","2":"type-product","3":"status-publish","4":"has-post-thumbnail","6":"product_cat-amazon-mix","7":"product_tag-amazon-mix","9":"first","10":"instock","11":"sold-individually","12":"taxable","13":"shipping-taxable","14":"purchasable","15":"product-type-simple"},"acf":[],"_links":{"self":[{"href":"https:\/\/stockify24.pl\/de\/wp-json\/wp\/v2\/product\/50694","targetHints":{"allow":["GET"]}}],"collection":[{"href":"https:\/\/stockify24.pl\/de\/wp-json\/wp\/v2\/product"}],"about":[{"href":"https:\/\/stockify24.pl\/de\/wp-json\/wp\/v2\/types\/product"}],"replies":[{"embeddable":true,"href":"https:\/\/stockify24.pl\/de\/wp-json\/wp\/v2\/comments?post=50694"}],"wp:featuredmedia":[{"embeddable":true,"href":"https:\/\/stockify24.pl\/de\/wp-json\/wp\/v2\/media\/50676"}],"wp:attachment":[{"href":"https:\/\/stockify24.pl\/de\/wp-json\/wp\/v2\/media?parent=50694"}],"wp:term":[{"taxonomy":"product_brand","embeddable":true,"href":"https:\/\/stockify24.pl\/de\/wp-json\/wp\/v2\/product_brand?post=50694"},{"taxonomy":"product_cat","embeddable":true,"href":"https:\/\/stockify24.pl\/de\/wp-json\/wp\/v2\/product_cat?post=50694"},{"taxonomy":"product_tag","embeddable":true,"href":"https:\/\/stockify24.pl\/de\/wp-json\/wp\/v2\/product_tag?post=50694"}],"curies":[{"name":"wp","href":"https:\/\/api.w.org\/{rel}","templated":true}]}}