{"id":50716,"date":"2026-03-23T15:33:47","date_gmt":"2026-03-23T14:33:47","guid":{"rendered":"https:\/\/stockify24.pl\/?post_type=product&#038;p=50716"},"modified":"2026-03-30T12:56:47","modified_gmt":"2026-03-30T11:56:47","slug":"palety-oswietlenie-eglo-led-200-kg-3","status":"publish","type":"product","link":"https:\/\/stockify24.pl\/de\/produkt\/palety-oswietlenie-eglo-led-200-kg-3\/","title":{"rendered":"EGLO LED-Beleuchtungspaletten | Kategorie A | 200 kg"},"content":{"rendered":"<div class=\"flex flex-col text-sm pb-25\">\n<section class=\"text-token-text-primary w-full focus:outline-none [--shadow-height:45px] has-data-writing-block:pointer-events-none has-data-writing-block:-mt-(--shadow-height) has-data-writing-block:pt-(--shadow-height) [&amp;:has([data-writing-block])&gt;*]:pointer-events-auto scroll-mt-[calc(var(--header-height)+min(200px,max(70px,20svh)))]\" dir=\"auto\" data-turn-id=\"request-69b8245d-0030-838e-b654-ccb872ba6f51-25\" data-testid=\"conversation-turn-200\" data-scroll-anchor=\"true\" data-turn=\"assistant\">\n<div class=\"text-base my-auto mx-auto pb-10 [--thread-content-margin:var(--thread-content-margin-xs,calc(var(--spacing)*4))] @w-sm\/main:[--thread-content-margin:var(--thread-content-margin-sm,calc(var(--spacing)*6))] @w-lg\/main:[--thread-content-margin:var(--thread-content-margin-lg,calc(var(--spacing)*16))] px-(--thread-content-margin)\">\n<div class=\"[--thread-content-max-width:40rem] @w-lg\/main:[--thread-content-max-width:48rem] mx-auto max-w-(--thread-content-max-width) flex-1 group\/turn-messages focus-visible:outline-hidden relative flex w-full min-w-0 flex-col agent-turn\">\n<div class=\"flex max-w-full flex-col gap-4 grow\">\n<div class=\"min-h-8 text-message relative flex w-full flex-col items-end gap-2 text-start break-words whitespace-normal outline-none keyboard-focused:focus-ring [.text-message+&amp;]:mt-1\" dir=\"auto\" tabindex=\"0\" data-message-author-role=\"assistant\" data-message-id=\"ed8abcdd-be0d-4615-88f1-9a47a52c2d16\" data-message-model-slug=\"gpt-5-3\" data-turn-start-message=\"true\">\n<div class=\"flex w-full flex-col gap-1 empty:hidden\">\n<div class=\"markdown prose dark:prose-invert w-full wrap-break-word dark markdown-new-styling\">\n<div class=\"flex h-svh w-screen flex-col\">\n<div class=\"relative z-0 flex min-h-0 w-full flex-1\">\n<div class=\"relative flex min-h-0 w-full flex-1\">\n<div class=\"@container\/main relative flex min-w-0 flex-1 flex-col -translate-y-[calc(env(safe-area-inset-bottom,0px)\/2)] pt-[calc(env(safe-area-inset-bottom,0px)\/2)]\">\n<div class=\"@w-sm\/main:[scrollbar-gutter:var(--stage-scroll-gutter)] touch:[scrollbar-width:none] group\/scroll-root relative flex min-h-0 min-w-0 flex-1 flex-col [scrollbar-gutter:stable] not-print:overflow-x-clip not-print:overflow-y-auto group-data-stream-active\/scroll-root:[overflow-anchor:none] scroll-pt-(--header-height) [--sticky-padding-top:var(--header-height)] [--sticky-padding-bottom:0px] [--scroll-root-safe-area-inset-top:calc(var(--sticky-padding-top)+env(safe-area-inset-top,0px))] [--scroll-root-safe-area-inset-bottom:calc(var(--sticky-padding-bottom)+var(--screen-keyboard-height,0px)+env(safe-area-inset-bottom,0px))] [--scroll-root-safe-area-height:calc(100lvh-var(--scroll-root-safe-area-inset-top)-var(--scroll-root-safe-area-inset-bottom))] has-data-[fixed-header=less-than-xl]:@w-xl\/main:scroll-pt-0 has-data-[fixed-header=less-than-xl]:@w-xl\/main:[--sticky-padding-top:0px] has-data-[fixed-header=less-than-xxl]:@w-2xl\/main:scroll-pt-0 has-data-[fixed-header=less-than-xxl]:@w-2xl\/main:[--sticky-padding-top:0px]\" data-scroll-root=\"\" data-scroll-from-top=\"\">\n<div class=\"relative basis-auto flex-col -mb-(--composer-overlap-px) pb-(--composer-overlap-px) [--composer-overlap-px:28px] grow flex\">\n<div class=\"flex flex-col text-sm\">\n<section class=\"text-token-text-primary w-full focus:outline-none [--shadow-height:45px] has-data-writing-block:pointer-events-none has-data-writing-block:-mt-(--shadow-height) has-data-writing-block:pt-(--shadow-height) [&amp;:has([data-writing-block])&gt;*]:pointer-events-auto scroll-mt-[calc(var(--header-height)+min(200px,max(70px,20svh)))]\" dir=\"auto\" data-turn-id=\"request-WEB:cc509de0-714c-4653-ad32-6b5e125a8411-7\" data-testid=\"conversation-turn-10\" data-scroll-anchor=\"true\" data-turn=\"assistant\">\n<div class=\"text-base my-auto mx-auto pb-10 [--thread-content-margin:var(--thread-content-margin-xs,calc(var(--spacing)*4))] @w-sm\/main:[--thread-content-margin:var(--thread-content-margin-sm,calc(var(--spacing)*6))] @w-lg\/main:[--thread-content-margin:var(--thread-content-margin-lg,calc(var(--spacing)*16))] px-(--thread-content-margin)\">\n<div class=\"[--thread-content-max-width:40rem] @w-lg\/main:[--thread-content-max-width:48rem] mx-auto max-w-(--thread-content-max-width) flex-1 group\/turn-messages focus-visible:outline-hidden relative flex w-full min-w-0 flex-col agent-turn\">\n<div class=\"flex max-w-full flex-col gap-4 grow\">\n<div class=\"min-h-8 text-message relative flex w-full flex-col items-end gap-2 text-start break-words whitespace-normal outline-none keyboard-focused:focus-ring [.text-message+&amp;]:mt-1\" dir=\"auto\" tabindex=\"0\" data-message-author-role=\"assistant\" data-message-id=\"cfa6deea-8ce4-4542-9cf9-48a3b1cdbe9a\" data-message-model-slug=\"gpt-5-3\" data-turn-start-message=\"true\">\n<div class=\"flex w-full flex-col gap-1 empty:hidden\">\n<div class=\"markdown prose dark:prose-invert w-full wrap-break-word dark markdown-new-styling\">\n<h2 data-section-id=\"1u8ooj2\" data-start=\"0\" data-end=\"57\">\u2728\ud83d\udca1 Palety O\u015bwietlenie | Kategoria A | EGLO LED 200 kg<\/h2>\n<p data-start=\"59\" data-end=\"420\"><strong data-start=\"59\" data-end=\"90\">Palety O\u015bwietlenie EGLO LED<\/strong> to profesjonalne rozwi\u0105zanie dla e-commerce, sprzeda\u017cy hurtowej oraz reseller\u00f3w, kt\u00f3rzy buduj\u0105 ofert\u0119 w kategorii o\u015bwietlenie LED do domu, mieszka\u0144, biur i przestrzeni u\u017cytkowych. Produkty marki EGLO s\u0105 rozpoznawalne w Europie i regularnie wybierane przez klient\u00f3w, co u\u0142atwia ich sprzeda\u017c w kana\u0142ach online oraz offline.<\/p>\n<p data-start=\"422\" data-end=\"722\">Asortyment obejmuje szeroki zakres o\u015bwietlenia LED do wn\u0119trz, co pozwala tworzy\u0107 ofert\u0119 dopasowan\u0105 do r\u00f3\u017cnych potrzeb \u2013 od wyposa\u017cenia mieszka\u0144 po zastosowania komercyjne. Produkty tej kategorii s\u0105 stale obecne w sprzeda\u017cy, co umo\u017cliwia rozw\u00f3j oferty bez konieczno\u015bci zmiany kierunku asortymentu.<\/p>\n<p data-start=\"422\" data-end=\"722\">Wszystkie modele palet Amazon mo\u017cna znale\u017a\u0107 <a href=\"https:\/\/stockify24.pl\/sklep\/\"><strong>tutaj<\/strong>.<\/a><\/p>\n<h2 data-section-id=\"x40d8l\" data-start=\"729\" data-end=\"773\">\ud83d\udce6 Zawarto\u015b\u0107 palet \u2013 O\u015bwietlenie EGLO LED<\/h2>\n<p data-start=\"775\" data-end=\"878\">Palety zawieraj\u0105 <strong data-start=\"792\" data-end=\"826\">mix o\u015bwietlenia LED marki EGLO<\/strong>, kt\u00f3ry mo\u017cna sprzedawa\u0107 pojedynczo lub w zestawach:<\/p>\n<ul data-start=\"880\" data-end=\"1047\">\n<li data-section-id=\"1nuldik\" data-start=\"880\" data-end=\"902\">lampy sufitowe LED<\/li>\n<li data-section-id=\"1e2hhy5\" data-start=\"903\" data-end=\"924\">lampy \u015bcienne LED<\/li>\n<li data-section-id=\"1ad0ohx\" data-start=\"925\" data-end=\"953\">lampy sto\u0142owe i biurkowe<\/li>\n<li data-section-id=\"gg4ldk\" data-start=\"954\" data-end=\"985\">o\u015bwietlenie dekoracyjne LED<\/li>\n<li data-section-id=\"62vbtu\" data-start=\"986\" data-end=\"1010\">oprawy o\u015bwietleniowe<\/li>\n<li data-section-id=\"wkm4xj\" data-start=\"1011\" data-end=\"1047\">inne produkty o\u015bwietleniowe EGLO<\/li>\n<\/ul>\n<p data-start=\"1049\" data-end=\"1181\">Zawarto\u015b\u0107 obejmuje produkty przeznaczone do u\u017cytku domowego i komercyjnego, co pozwala kierowa\u0107 ofert\u0119 do szerokiego grona klient\u00f3w.<\/p>\n<p data-start=\"1183\" data-end=\"1337\">\ud83d\udcca <strong data-start=\"1186\" data-end=\"1210\">O\u015bwietlenie LED EGLO<\/strong> nale\u017cy do najcz\u0119\u015bciej wyszukiwanych kategorii w wyposa\u017ceniu wn\u0119trz, co zwi\u0119ksza mo\u017cliwo\u015bci sprzeda\u017cy w wielu segmentach rynku.<\/p>\n<h2 data-section-id=\"1vt43bp\" data-start=\"1344\" data-end=\"1365\">\u2705 Tylko nowy towar<\/h2>\n<ul data-start=\"1367\" data-end=\"1471\">\n<li data-section-id=\"117odhy\" data-start=\"1367\" data-end=\"1410\">wszystkie produkty s\u0105 nowe i nieu\u017cywane<\/li>\n<li data-section-id=\"j9q8b8\" data-start=\"1411\" data-end=\"1438\">brak \u015blad\u00f3w u\u017cytkowania<\/li>\n<li data-section-id=\"can2dy\" data-start=\"1439\" data-end=\"1471\">produkty gotowe do sprzeda\u017cy<\/li>\n<\/ul>\n<p data-start=\"1473\" data-end=\"1575\">Towar nie pochodzi ze zwrot\u00f3w \u2013 jest to pe\u0142nowarto\u015bciowy asortyment przeznaczony do dalszej sprzeda\u017cy.<\/p>\n<h2 data-section-id=\"1eguqcd\" data-start=\"1582\" data-end=\"1598\">\u2b50 Kategoria A<\/h2>\n<ul data-start=\"1600\" data-end=\"1681\">\n<li data-section-id=\"29s75j\" data-start=\"1600\" data-end=\"1629\">produkty pe\u0142nowarto\u015bciowe<\/li>\n<li data-section-id=\"gkk5cw\" data-start=\"1630\" data-end=\"1657\">wysoka jako\u015b\u0107 wykonania<\/li>\n<li data-section-id=\"1ruhaj0\" data-start=\"1658\" data-end=\"1681\">standard detaliczny<\/li>\n<\/ul>\n<p data-start=\"1683\" data-end=\"1752\">Produkty spe\u0142niaj\u0105 wymagania sprzeda\u017cy detalicznej oraz internetowej.<\/p>\n<h2 data-section-id=\"1dsek5o\" data-start=\"1759\" data-end=\"1784\">\ud83d\udcd0 Specyfikacja palety<\/h2>\n<p data-start=\"1786\" data-end=\"1831\">\ud83d\udccf <strong>Paleta<\/strong> 2 m<br data-start=\"1799\" data-end=\"1802\" \/>\u2696\ufe0f <strong>Waga netto:<\/strong> oko\u0142o 200 kg<\/p>\n<p data-start=\"1833\" data-end=\"1944\">Du\u017ca ilo\u015b\u0107 produkt\u00f3w w jednej palecie pozwala szybko rozszerzy\u0107 ofert\u0119 sprzeda\u017cow\u0105 w kategorii o\u015bwietlenia LED.<\/p>\n<h2 data-section-id=\"l5lpbi\" data-start=\"1951\" data-end=\"1993\">\ud83d\udcbc Zastosowanie \u2013 sprzeda\u017c i odsprzeda\u017c<\/h2>\n<p data-start=\"1995\" data-end=\"2062\">Palety O\u015bwietlenie EGLO LED s\u0105 odpowiednie dla sprzedawc\u00f3w, kt\u00f3rzy:<\/p>\n<ul data-start=\"2064\" data-end=\"2267\">\n<li data-section-id=\"pz6hm8\" data-start=\"2064\" data-end=\"2101\">sprzedaj\u0105 na <a href=\"https:\/\/allegro.pl\/\" target=\"_blank\" rel=\"noopener\">Allegro<\/a>, <a href=\"https:\/\/www.olx.pl\/\" target=\"_blank\" rel=\"noopener\">OLX<\/a>, <a href=\"https:\/\/www.ebay.com\/\" target=\"_blank\" rel=\"noopener\">eBay<\/a>, <a href=\"https:\/\/www.amazon.com\/\" target=\"_blank\" rel=\"noopener\">Amazon<\/a><\/li>\n<li data-section-id=\"1epy72u\" data-start=\"2102\" data-end=\"2133\">prowadz\u0105 sklepy internetowe<\/li>\n<li data-section-id=\"1ay80xw\" data-start=\"2134\" data-end=\"2169\">zajmuj\u0105 si\u0119 wyposa\u017ceniem wn\u0119trz<\/li>\n<li data-section-id=\"j6c92j\" data-start=\"2170\" data-end=\"2217\">oferuj\u0105 produkty pojedynczo lub w zestawach<\/li>\n<li data-section-id=\"1v983fi\" data-start=\"2218\" data-end=\"2267\">rozwijaj\u0105 dzia\u0142alno\u015b\u0107 w bran\u017cy o\u015bwietleniowej<\/li>\n<\/ul>\n<p data-start=\"2269\" data-end=\"2398\">Produkty LED znajduj\u0105 zastosowanie w r\u00f3\u017cnych przestrzeniach, co pozwala kierowa\u0107 ofert\u0119 do klient\u00f3w indywidualnych i biznesowych.<\/p>\n<h2 data-section-id=\"14nr1um\" data-start=\"2405\" data-end=\"2431\">\ud83d\udcc8 Korzy\u015bci sprzeda\u017cowe<\/h2>\n<ul data-start=\"2433\" data-end=\"2671\">\n<li data-section-id=\"18t6g9q\" data-start=\"2433\" data-end=\"2477\">dost\u0119p do markowego o\u015bwietlenia LED EGLO<\/li>\n<li data-section-id=\"p42b8b\" data-start=\"2478\" data-end=\"2522\">szeroki wyb\u00f3r produkt\u00f3w w jednej palecie<\/li>\n<li data-section-id=\"1conrdd\" data-start=\"2523\" data-end=\"2582\">mo\u017cliwo\u015b\u0107 sprzeda\u017cy w wielu kategoriach o\u015bwietleniowych<\/li>\n<li data-section-id=\"ao63pg\" data-start=\"2583\" data-end=\"2623\">zwi\u0119kszenie liczby ofert w sprzeda\u017cy<\/li>\n<li data-section-id=\"z4myna\" data-start=\"2624\" data-end=\"2671\">dopasowanie oferty do r\u00f3\u017cnych grup klient\u00f3w<\/li>\n<\/ul>\n<p data-start=\"2673\" data-end=\"2768\">Palety umo\u017cliwiaj\u0105 szybkie rozszerzenie asortymentu i rozw\u00f3j sprzeda\u017cy w kategorii o\u015bwietlenia.<\/p>\n<h2 data-section-id=\"m785xy\" data-start=\"2775\" data-end=\"2801\">\ud83d\uded2 Mo\u017cliwo\u015bci sprzeda\u017cy<\/h2>\n<p data-start=\"2803\" data-end=\"2829\">Zawarto\u015b\u0107 palet umo\u017cliwia:<\/p>\n<ul data-start=\"2831\" data-end=\"2997\">\n<li data-section-id=\"1qa9lo8\" data-start=\"2831\" data-end=\"2873\">sprzeda\u017c pojedynczych lamp i opraw LED<\/li>\n<li data-section-id=\"m8ecam\" data-start=\"2874\" data-end=\"2912\">tworzenie zestaw\u00f3w o\u015bwietleniowych<\/li>\n<li data-section-id=\"1px1sp5\" data-start=\"2913\" data-end=\"2956\">sprzeda\u017c w kategorii wyposa\u017cenia wn\u0119trz<\/li>\n<li data-section-id=\"rttp6p\" data-start=\"2957\" data-end=\"2997\">uzupe\u0142nianie aktualnej oferty sklepu<\/li>\n<\/ul>\n<p data-start=\"2999\" data-end=\"3068\">Dzi\u0119ki temu mo\u017cna prowadzi\u0107 sprzeda\u017c w r\u00f3\u017cnych kana\u0142ach jednocze\u015bnie.<\/p>\n<h2 data-section-id=\"78zdcb\" data-start=\"3075\" data-end=\"3106\">\ud83d\udcca Zastosowanie w e-commerce<\/h2>\n<p data-start=\"3108\" data-end=\"3161\">Produkty z palet EGLO LED sprawdzaj\u0105 si\u0119 w sprzeda\u017cy:<\/p>\n<ul data-start=\"3163\" data-end=\"3251\">\n<li data-section-id=\"c9k76t\" data-start=\"3163\" data-end=\"3201\">marketplace<\/li>\n<li data-section-id=\"1fmpn86\" data-start=\"3202\" data-end=\"3224\">sklepy internetowe<\/li>\n<li data-section-id=\"1di29sp\" data-start=\"3225\" data-end=\"3251\">sprzeda\u017c wielokana\u0142owa<\/li>\n<\/ul>\n<p data-start=\"3253\" data-end=\"3360\">O\u015bwietlenie LED to uniwersalna kategoria produktowa, kt\u00f3ra dobrze funkcjonuje w r\u00f3\u017cnych modelach sprzeda\u017cy.<\/p>\n<h2 data-section-id=\"pkeej4\" data-start=\"3367\" data-end=\"3393\">\ud83d\ude9a Dostawa i realizacja<\/h2>\n<ul data-start=\"3395\" data-end=\"3489\">\n<li data-section-id=\"1j548yy\" data-start=\"3395\" data-end=\"3427\">wysy\u0142ka z magazynu w Europie<\/li>\n<li data-section-id=\"igemay\" data-start=\"3428\" data-end=\"3458\">szybka realizacja zam\u00f3wie\u0144<\/li>\n<li data-section-id=\"1j8kcmu\" data-start=\"3459\" data-end=\"3489\">bezpieczne pakowanie palet<\/li>\n<\/ul>\n<h2 data-section-id=\"p6kgem\" data-start=\"3496\" data-end=\"3518\">\u2139\ufe0f Wa\u017cne informacje<\/h2>\n<ul data-start=\"3520\" data-end=\"3673\">\n<li data-section-id=\"1jdlte4\" data-start=\"3520\" data-end=\"3561\">towar nowy \u2013 niepochodz\u0105cy ze zwrot\u00f3w<\/li>\n<li data-section-id=\"1shj1ol\" data-start=\"3562\" data-end=\"3588\">produkty w kategorii A<\/li>\n<li data-section-id=\"1z023eq\" data-start=\"3589\" data-end=\"3634\">brak uszkodze\u0144 wynikaj\u0105cych z u\u017cytkowania<\/li>\n<li data-section-id=\"aol8ta\" data-start=\"3635\" data-end=\"3673\">ka\u017cda paleta zawiera mix produkt\u00f3w<\/li>\n<\/ul>\n<h2 data-section-id=\"1915pio\" data-start=\"3680\" data-end=\"3702\">\ud83d\udcf8 Zdj\u0119cia produktu<\/h2>\n<p data-start=\"3704\" data-end=\"3782\" data-is-last-node=\"\" data-is-only-node=\"\">Zdj\u0119cia maj\u0105 charakter pogl\u0105dowy i przedstawiaj\u0105 przyk\u0142adowe produkty z palet.<\/p>\n<\/div>\n<\/div>\n<\/div>\n<\/div>\n<\/div>\n<\/div>\n<\/section>\n<\/div>\n<\/div>\n<\/div>\n<\/div>\n<\/div>\n<\/div>\n<\/div>\n<\/div>\n<\/div>\n<\/div>\n<\/div>\n<\/div>\n<\/div>\n<\/section>\n<\/div>\n","protected":false},"excerpt":{"rendered":"<p class=\"p1\">\u26a1<span role=\"text\">Palety O\u015bwietlenie EGLO LED<\/span><\/p>\n<p class=\"p1\">\ud83d\udd25 Amazon Returns<\/p>\n<p class=\"p1\" style=\"text-align: left;\">\u2714\ufe0f Jako\u015b\u0107 A<\/p>","protected":false},"featured_media":50717,"comment_status":"open","ping_status":"closed","template":"","meta":{"_acf_changed":false},"product_brand":[],"product_cat":[1289],"product_tag":[1296],"class_list":{"0":"post-50716","1":"product","2":"type-product","3":"status-publish","4":"has-post-thumbnail","6":"product_cat-oswietlenie-eglo","7":"product_tag-oswietlenie-eglo","9":"first","10":"instock","11":"sold-individually","12":"taxable","13":"shipping-taxable","14":"purchasable","15":"product-type-simple"},"acf":[],"_links":{"self":[{"href":"https:\/\/stockify24.pl\/de\/wp-json\/wp\/v2\/product\/50716","targetHints":{"allow":["GET"]}}],"collection":[{"href":"https:\/\/stockify24.pl\/de\/wp-json\/wp\/v2\/product"}],"about":[{"href":"https:\/\/stockify24.pl\/de\/wp-json\/wp\/v2\/types\/product"}],"replies":[{"embeddable":true,"href":"https:\/\/stockify24.pl\/de\/wp-json\/wp\/v2\/comments?post=50716"}],"wp:featuredmedia":[{"embeddable":true,"href":"https:\/\/stockify24.pl\/de\/wp-json\/wp\/v2\/media\/50717"}],"wp:attachment":[{"href":"https:\/\/stockify24.pl\/de\/wp-json\/wp\/v2\/media?parent=50716"}],"wp:term":[{"taxonomy":"product_brand","embeddable":true,"href":"https:\/\/stockify24.pl\/de\/wp-json\/wp\/v2\/product_brand?post=50716"},{"taxonomy":"product_cat","embeddable":true,"href":"https:\/\/stockify24.pl\/de\/wp-json\/wp\/v2\/product_cat?post=50716"},{"taxonomy":"product_tag","embeddable":true,"href":"https:\/\/stockify24.pl\/de\/wp-json\/wp\/v2\/product_tag?post=50716"}],"curies":[{"name":"wp","href":"https:\/\/api.w.org\/{rel}","templated":true}]}}