{"id":50720,"date":"2026-03-23T16:01:29","date_gmt":"2026-03-23T15:01:29","guid":{"rendered":"https:\/\/stockify24.pl\/?post_type=product&#038;p=50720"},"modified":"2026-03-30T12:57:55","modified_gmt":"2026-03-30T11:57:55","slug":"paleta-drobnej-elektroniki-uk","status":"publish","type":"product","link":"https:\/\/stockify24.pl\/de\/produkt\/paleta-drobnej-elektroniki-uk\/","title":{"rendered":"Kleine Elektronikpalette (UK) | A-B | A-B"},"content":{"rendered":"<div class=\"flex flex-col text-sm pb-25\">\n<section class=\"text-token-text-primary w-full focus:outline-none [--shadow-height:45px] has-data-writing-block:pointer-events-none has-data-writing-block:-mt-(--shadow-height) has-data-writing-block:pt-(--shadow-height) [&amp;:has([data-writing-block])&gt;*]:pointer-events-auto scroll-mt-[calc(var(--header-height)+min(200px,max(70px,20svh)))]\" dir=\"auto\" data-turn-id=\"request-69b8245d-0030-838e-b654-ccb872ba6f51-25\" data-testid=\"conversation-turn-200\" data-scroll-anchor=\"true\" data-turn=\"assistant\">\n<div class=\"text-base my-auto mx-auto pb-10 [--thread-content-margin:var(--thread-content-margin-xs,calc(var(--spacing)*4))] @w-sm\/main:[--thread-content-margin:var(--thread-content-margin-sm,calc(var(--spacing)*6))] @w-lg\/main:[--thread-content-margin:var(--thread-content-margin-lg,calc(var(--spacing)*16))] px-(--thread-content-margin)\">\n<div class=\"[--thread-content-max-width:40rem] @w-lg\/main:[--thread-content-max-width:48rem] mx-auto max-w-(--thread-content-max-width) flex-1 group\/turn-messages focus-visible:outline-hidden relative flex w-full min-w-0 flex-col agent-turn\">\n<div class=\"flex max-w-full flex-col gap-4 grow\">\n<div class=\"min-h-8 text-message relative flex w-full flex-col items-end gap-2 text-start break-words whitespace-normal outline-none keyboard-focused:focus-ring [.text-message+&amp;]:mt-1\" dir=\"auto\" tabindex=\"0\" data-message-author-role=\"assistant\" data-message-id=\"ed8abcdd-be0d-4615-88f1-9a47a52c2d16\" data-message-model-slug=\"gpt-5-3\" data-turn-start-message=\"true\">\n<div class=\"flex w-full flex-col gap-1 empty:hidden\">\n<div class=\"markdown prose dark:prose-invert w-full wrap-break-word dark markdown-new-styling\">\n<div class=\"flex h-svh w-screen flex-col\">\n<div class=\"relative z-0 flex min-h-0 w-full flex-1\">\n<div class=\"relative flex min-h-0 w-full flex-1\">\n<div class=\"@container\/main relative flex min-w-0 flex-1 flex-col -translate-y-[calc(env(safe-area-inset-bottom,0px)\/2)] pt-[calc(env(safe-area-inset-bottom,0px)\/2)]\">\n<div class=\"@w-sm\/main:[scrollbar-gutter:var(--stage-scroll-gutter)] touch:[scrollbar-width:none] group\/scroll-root relative flex min-h-0 min-w-0 flex-1 flex-col [scrollbar-gutter:stable] not-print:overflow-x-clip not-print:overflow-y-auto group-data-stream-active\/scroll-root:[overflow-anchor:none] scroll-pt-(--header-height) [--sticky-padding-top:var(--header-height)] [--sticky-padding-bottom:0px] [--scroll-root-safe-area-inset-top:calc(var(--sticky-padding-top)+env(safe-area-inset-top,0px))] [--scroll-root-safe-area-inset-bottom:calc(var(--sticky-padding-bottom)+var(--screen-keyboard-height,0px)+env(safe-area-inset-bottom,0px))] [--scroll-root-safe-area-height:calc(100lvh-var(--scroll-root-safe-area-inset-top)-var(--scroll-root-safe-area-inset-bottom))] has-data-[fixed-header=less-than-xl]:@w-xl\/main:scroll-pt-0 has-data-[fixed-header=less-than-xl]:@w-xl\/main:[--sticky-padding-top:0px] has-data-[fixed-header=less-than-xxl]:@w-2xl\/main:scroll-pt-0 has-data-[fixed-header=less-than-xxl]:@w-2xl\/main:[--sticky-padding-top:0px]\" data-scroll-root=\"\" data-scroll-from-top=\"\">\n<div class=\"flex flex-col text-sm pb-25\">\n<section class=\"text-token-text-primary w-full focus:outline-none [--shadow-height:45px] has-data-writing-block:pointer-events-none has-data-writing-block:-mt-(--shadow-height) has-data-writing-block:pt-(--shadow-height) [&amp;:has([data-writing-block])&gt;*]:pointer-events-auto scroll-mt-[calc(var(--header-height)+min(200px,max(70px,20svh)))]\" dir=\"auto\" data-turn-id=\"request-69c0fd5d-0d28-832e-81ee-0163d066819a-23\" data-testid=\"conversation-turn-56\" data-scroll-anchor=\"true\" data-turn=\"assistant\">\n<div class=\"text-base my-auto mx-auto pb-10 [--thread-content-margin:var(--thread-content-margin-xs,calc(var(--spacing)*4))] @w-sm\/main:[--thread-content-margin:var(--thread-content-margin-sm,calc(var(--spacing)*6))] @w-lg\/main:[--thread-content-margin:var(--thread-content-margin-lg,calc(var(--spacing)*16))] px-(--thread-content-margin)\">\n<div class=\"[--thread-content-max-width:40rem] @w-lg\/main:[--thread-content-max-width:48rem] mx-auto max-w-(--thread-content-max-width) flex-1 group\/turn-messages focus-visible:outline-hidden relative flex w-full min-w-0 flex-col agent-turn\">\n<div class=\"flex max-w-full flex-col gap-4 grow\">\n<div class=\"min-h-8 text-message relative flex w-full flex-col items-end gap-2 text-start break-words whitespace-normal outline-none keyboard-focused:focus-ring [.text-message+&amp;]:mt-1\" dir=\"auto\" tabindex=\"0\" data-message-author-role=\"assistant\" data-message-id=\"ff361c2b-3d4f-4400-9220-f184e859b235\" data-message-model-slug=\"gpt-5-3\" data-turn-start-message=\"true\">\n<div class=\"flex w-full flex-col gap-1 empty:hidden\">\n<div class=\"markdown prose dark:prose-invert w-full wrap-break-word dark markdown-new-styling\">\n<h2 data-section-id=\"1e3slso\" data-start=\"0\" data-end=\"69\">\ud83d\udd25\ud83d\udce6 Paleta drobnej elektroniki z Amazon \u2013 UK | Amazon Returns A\u2013B<\/h2>\n<p data-start=\"71\" data-end=\"409\"><strong data-start=\"71\" data-end=\"115\">Paleta drobnej elektroniki z Anglii (UK)<\/strong> to gotowe rozwi\u0105zanie dla e-commerce, sprzeda\u017cy online oraz reseller\u00f3w, kt\u00f3rzy chc\u0105 budowa\u0107 ofert\u0119 w kategorii elektroniki u\u017cytkowej.<\/p>\n<p data-start=\"71\" data-end=\"409\">Zawarto\u015b\u0107 obejmuje wy\u0142\u0105cznie drobn\u0105 elektronik\u0119, co pozwala skoncentrowa\u0107 sprzeda\u017c na produktach o szerokim zastosowaniu i sta\u0142ym zainteresowaniu klient\u00f3w.<\/p>\n<p data-start=\"411\" data-end=\"698\">Towar pochodzi ze zwrot\u00f3w konsumenckich Amazon (Amazon Returns) i dost\u0119pny jest jako <strong data-start=\"500\" data-end=\"542\">paleta niesortowana o losowym sk\u0142adzie<\/strong>. Ka\u017cda dostawa zawiera inny zestaw produkt\u00f3w, bez listy, co umo\u017cliwia regularne uzupe\u0142nianie asortymentu i dostosowanie oferty do aktualnych potrzeb rynku.<\/p>\n<h2 data-section-id=\"1mxdqrh\" data-start=\"705\" data-end=\"748\">\ud83d\udd0c Zawarto\u015b\u0107 palety \u2013 drobna elektronika<\/h2>\n<p data-start=\"750\" data-end=\"806\">Paleta zawiera oko\u0142o <strong data-start=\"771\" data-end=\"798\">300\u2013400 sztuk produkt\u00f3w<\/strong>, w tym:<\/p>\n<ul data-start=\"808\" data-end=\"955\">\n<li data-section-id=\"1lxu5gy\" data-start=\"808\" data-end=\"834\">akcesoria do telefon\u00f3w<\/li>\n<li data-section-id=\"1i9syxa\" data-start=\"835\" data-end=\"856\">\u0142adowarki i kable<\/li>\n<li data-section-id=\"l9fl3s\" data-start=\"857\" data-end=\"871\">powerbanki<\/li>\n<li data-section-id=\"x5tve1\" data-start=\"872\" data-end=\"890\">urz\u0105dzenia USB<\/li>\n<li data-section-id=\"6uw8kl\" data-start=\"891\" data-end=\"916\">gad\u017cety elektroniczne<\/li>\n<li data-section-id=\"1twfs51\" data-start=\"917\" data-end=\"955\">inne drobne produkty elektroniczne<\/li>\n<\/ul>\n<p data-start=\"957\" data-end=\"1012\">\ud83d\udcca Elektronika stanowi oko\u0142o 100% zawarto\u015bci palety<\/p>\n<h2 data-section-id=\"i2b0i5\" data-start=\"1019\" data-end=\"1043\">\u26a1 Zasilanie produkt\u00f3w<\/h2>\n<ul data-start=\"1045\" data-end=\"1151\">\n<li data-section-id=\"1pj1y3y\" data-start=\"1045\" data-end=\"1107\">oko\u0142o <strong data-start=\"1053\" data-end=\"1073\">10\u201325% produkt\u00f3w<\/strong> zasilanych z gniazdka (wtyczka)<\/li>\n<li data-section-id=\"1ekh2hs\" data-start=\"1108\" data-end=\"1151\">pozosta\u0142e produkty dzia\u0142aj\u0105 przez <strong data-start=\"1144\" data-end=\"1151\">USB<\/strong><\/li>\n<\/ul>\n<h2 data-section-id=\"1ytwfss\" data-start=\"1158\" data-end=\"1194\">\ud83c\udd70\ufe0f\ud83c\udd71\ufe0f Stan produkt\u00f3w \u2013 klasa A\u2013B<\/h2>\n<ul data-start=\"1196\" data-end=\"1358\">\n<li data-section-id=\"clit29\" data-start=\"1196\" data-end=\"1260\">wi\u0119kszo\u015b\u0107 produkt\u00f3w jest <strong data-start=\"1223\" data-end=\"1258\">nowa lub w bardzo dobrym stanie<\/strong><\/li>\n<li data-section-id=\"mp434v\" data-start=\"1261\" data-end=\"1301\">mo\u017cliwe lekkie \u015blady u\u017cytkowania<\/li>\n<li data-section-id=\"305ysp\" data-start=\"1302\" data-end=\"1358\">mo\u017cliwa domieszka klasy C (do 5\u20137%, opcjonalnie)<\/li>\n<\/ul>\n<p data-start=\"1360\" data-end=\"1387\">\ud83d\udccc Towar nie jest testowany<\/p>\n<h2 data-section-id=\"fo6i20\" data-start=\"1394\" data-end=\"1416\">\ud83d\udcd0 Parametry palety<\/h2>\n<ul data-start=\"1418\" data-end=\"1521\">\n<li data-section-id=\"z51hff\" data-start=\"1418\" data-end=\"1450\">wysoko\u015b\u0107 palety:<strong data-start=\"1437\" data-end=\"1448\">\u00a01 m<\/strong><\/li>\n<li data-section-id=\"8bx3x0\" data-start=\"1451\" data-end=\"1489\">ilo\u015b\u0107 produkt\u00f3w: <strong data-start=\"1470\" data-end=\"1487\">300\u2013400 sztuk<\/strong><\/li>\n<li data-section-id=\"p80nlj\" data-start=\"1490\" data-end=\"1521\">sk\u0142ad: <strong data-start=\"1499\" data-end=\"1519\">losowy i zmienny<\/strong><\/li>\n<\/ul>\n<p data-start=\"1523\" data-end=\"1582\">Ka\u017cda paleta jest unikalna i zawiera inny zestaw produkt\u00f3w.<\/p>\n<h2 data-section-id=\"l5lpbi\" data-start=\"1589\" data-end=\"1631\">\ud83d\udcbc Zastosowanie \u2013 sprzeda\u017c i odsprzeda\u017c<\/h2>\n<p data-start=\"1633\" data-end=\"1673\">Oferta jest odpowiednia dla os\u00f3b, kt\u00f3re:<\/p>\n<ul data-start=\"1675\" data-end=\"1827\">\n<li data-section-id=\"4yq4hc\" data-start=\"1675\" data-end=\"1716\">sprzedaj\u0105 na <a href=\"https:\/\/allegro.pl\/\" target=\"_blank\" rel=\"noopener\">Allegro<\/a>, <a href=\"https:\/\/www.olx.pl\/\" target=\"_blank\" rel=\"noopener\">OLX<\/a>, <a href=\"https:\/\/www.ebay.com\/\" target=\"_blank\" rel=\"noopener\">eBay<\/a>, <a href=\"https:\/\/www.amazon.com\/\" target=\"_blank\" rel=\"noopener\">Amazon<\/a><\/li>\n<li data-section-id=\"1hzmo0j\" data-start=\"1717\" data-end=\"1751\">prowadz\u0105 sklep internetowy<\/li>\n<li data-section-id=\"1mxb40z\" data-start=\"1752\" data-end=\"1783\">oferuj\u0105 produkty pojedynczo<\/li>\n<li data-section-id=\"o16zch\" data-start=\"1784\" data-end=\"1827\">poszukuj\u0105 towaru do dalszej odsprzeda\u017cy<\/li>\n<\/ul>\n<p data-start=\"1829\" data-end=\"1926\">Du\u017ca liczba produkt\u00f3w pozwala zwi\u0119kszy\u0107 liczb\u0119 ofert i rozwija\u0107 sprzeda\u017c w kategorii elektroniki.<\/p>\n<p data-start=\"1829\" data-end=\"1926\">Wszystkie modele palet Amazon mo\u017cna znale\u017a\u0107 <a href=\"https:\/\/stockify24.pl\/sklep\/\"><strong>tutaj<\/strong>.<\/a><\/p>\n<h2 data-section-id=\"14nr1um\" data-start=\"1933\" data-end=\"1959\">\ud83d\udcc8 Korzy\u015bci sprzeda\u017cowe<\/h2>\n<ul data-start=\"1961\" data-end=\"2218\">\n<li data-section-id=\"2i4grx\" data-start=\"1961\" data-end=\"2015\">szeroki wyb\u00f3r drobnej elektroniki w jednej palecie<\/li>\n<li data-section-id=\"hj2l0s\" data-start=\"2016\" data-end=\"2072\">mo\u017cliwo\u015b\u0107 sprzeda\u017cy w popularnej kategorii produkt\u00f3w<\/li>\n<li data-section-id=\"1s7cj8v\" data-start=\"2073\" data-end=\"2126\">zwi\u0119kszenie liczby dost\u0119pnych produkt\u00f3w w ofercie<\/li>\n<li data-section-id=\"1skjpgr\" data-start=\"2127\" data-end=\"2167\">dost\u0119p do towaru typu Amazon Returns<\/li>\n<li data-section-id=\"1r6dt1h\" data-start=\"2168\" data-end=\"2218\">elastyczne dopasowanie asortymentu do klient\u00f3w<\/li>\n<\/ul>\n<h2 data-section-id=\"gfj1y1\" data-start=\"2225\" data-end=\"2238\">\ud83d\ude9a Dostawa<\/h2>\n<ul data-start=\"2240\" data-end=\"2322\">\n<li data-section-id=\"10nvshm\" data-start=\"2240\" data-end=\"2260\">wysy\u0142ka z Europy<\/li>\n<li data-section-id=\"igemay\" data-start=\"2261\" data-end=\"2291\">szybka realizacja zam\u00f3wie\u0144<\/li>\n<li data-section-id=\"1j8kcmu\" data-start=\"2292\" data-end=\"2322\">bezpieczne pakowanie palet<\/li>\n<\/ul>\n<h2 data-section-id=\"p6kgem\" data-start=\"2329\" data-end=\"2351\">\u2139\ufe0f Wa\u017cne informacje<\/h2>\n<ul data-start=\"2353\" data-end=\"2508\">\n<li data-section-id=\"1muxdyt\" data-start=\"2353\" data-end=\"2401\">towar typu Amazon Returns \u2013 niesortowany<\/li>\n<li data-section-id=\"1bi9krm\" data-start=\"2402\" data-end=\"2431\">produkty nie s\u0105 testowane<\/li>\n<li data-section-id=\"4a0pj1\" data-start=\"2432\" data-end=\"2475\">mo\u017cliwa domieszka klasy C (do 5\u20137%)<\/li>\n<li data-section-id=\"zia6d9\" data-start=\"2476\" data-end=\"2508\">ka\u017cda paleta pakowana <strong>losowo<\/strong><\/li>\n<\/ul>\n<h2 data-section-id=\"1915pio\" data-start=\"2515\" data-end=\"2537\">\ud83d\udcf8 Zdj\u0119cia produktu<\/h2>\n<p data-start=\"2539\" data-end=\"2617\" data-is-last-node=\"\" data-is-only-node=\"\">Zdj\u0119cia maj\u0105 charakter pogl\u0105dowy i przedstawiaj\u0105 przyk\u0142adow\u0105 zawarto\u015b\u0107 palety.<\/p>\n<\/div>\n<\/div>\n<\/div>\n<\/div>\n<\/div>\n<\/div>\n<\/section>\n<\/div>\n<\/div>\n<\/div>\n<\/div>\n<\/div>\n<\/div>\n<\/div>\n<\/div>\n<\/div>\n<\/div>\n<\/div>\n<\/div>\n<\/section>\n<\/div>\n","protected":false},"excerpt":{"rendered":"<p class=\"p1\">\u26a1 Oko\u0142o 100% elektroniki<\/p>\n<p class=\"p1\">\ud83c\uddec\ud83c\udde7 UK<\/p>\n<p class=\"p1\">\ud83d\udd25 Amazon Returns<\/p>\n<p class=\"p1\" style=\"text-align: left;\">\u2714\ufe0f Jako\u015b\u0107 A\u2013B<\/p>","protected":false},"featured_media":50719,"comment_status":"open","ping_status":"closed","template":"","meta":{"_acf_changed":false},"product_brand":[],"product_cat":[1258,1282],"product_tag":[1280],"class_list":{"0":"post-50720","1":"product","2":"type-product","3":"status-publish","4":"has-post-thumbnail","6":"product_cat-amazon-paleta","7":"product_cat-drobna-elektronika-uk-amazon-returns-ab","8":"product_tag-paleta-mix-elektroniki-z-anglii","10":"first","11":"instock","12":"sold-individually","13":"taxable","14":"shipping-taxable","15":"purchasable","16":"product-type-simple"},"acf":[],"_links":{"self":[{"href":"https:\/\/stockify24.pl\/de\/wp-json\/wp\/v2\/product\/50720","targetHints":{"allow":["GET"]}}],"collection":[{"href":"https:\/\/stockify24.pl\/de\/wp-json\/wp\/v2\/product"}],"about":[{"href":"https:\/\/stockify24.pl\/de\/wp-json\/wp\/v2\/types\/product"}],"replies":[{"embeddable":true,"href":"https:\/\/stockify24.pl\/de\/wp-json\/wp\/v2\/comments?post=50720"}],"wp:featuredmedia":[{"embeddable":true,"href":"https:\/\/stockify24.pl\/de\/wp-json\/wp\/v2\/media\/50719"}],"wp:attachment":[{"href":"https:\/\/stockify24.pl\/de\/wp-json\/wp\/v2\/media?parent=50720"}],"wp:term":[{"taxonomy":"product_brand","embeddable":true,"href":"https:\/\/stockify24.pl\/de\/wp-json\/wp\/v2\/product_brand?post=50720"},{"taxonomy":"product_cat","embeddable":true,"href":"https:\/\/stockify24.pl\/de\/wp-json\/wp\/v2\/product_cat?post=50720"},{"taxonomy":"product_tag","embeddable":true,"href":"https:\/\/stockify24.pl\/de\/wp-json\/wp\/v2\/product_tag?post=50720"}],"curies":[{"name":"wp","href":"https:\/\/api.w.org\/{rel}","templated":true}]}}