{"id":50773,"date":"2026-03-24T13:57:48","date_gmt":"2026-03-24T12:57:48","guid":{"rendered":"https:\/\/stockify24.pl\/?post_type=product&#038;p=50773"},"modified":"2026-03-24T14:26:26","modified_gmt":"2026-03-24T13:26:26","slug":"paleta-zabawek-dla-dzieci-100-zabawki-2","status":"publish","type":"product","link":"https:\/\/stockify24.pl\/de\/produkt\/paleta-zabawek-dla-dzieci-100-zabawki-2\/","title":{"rendered":"Kinderspielzeugpalette | 100% Spielzeug - Kategorie A"},"content":{"rendered":"<div class=\"flex flex-col text-sm pb-25\">\n<section class=\"text-token-text-primary w-full focus:outline-none [--shadow-height:45px] has-data-writing-block:pointer-events-none has-data-writing-block:-mt-(--shadow-height) has-data-writing-block:pt-(--shadow-height) [&amp;:has([data-writing-block])&gt;*]:pointer-events-auto scroll-mt-[calc(var(--header-height)+min(200px,max(70px,20svh)))]\" dir=\"auto\" data-turn-id=\"request-69b8245d-0030-838e-b654-ccb872ba6f51-25\" data-testid=\"conversation-turn-200\" data-scroll-anchor=\"true\" data-turn=\"assistant\">\n<div class=\"text-base my-auto mx-auto pb-10 [--thread-content-margin:var(--thread-content-margin-xs,calc(var(--spacing)*4))] @w-sm\/main:[--thread-content-margin:var(--thread-content-margin-sm,calc(var(--spacing)*6))] @w-lg\/main:[--thread-content-margin:var(--thread-content-margin-lg,calc(var(--spacing)*16))] px-(--thread-content-margin)\">\n<div class=\"[--thread-content-max-width:40rem] @w-lg\/main:[--thread-content-max-width:48rem] mx-auto max-w-(--thread-content-max-width) flex-1 group\/turn-messages focus-visible:outline-hidden relative flex w-full min-w-0 flex-col agent-turn\">\n<div class=\"flex max-w-full flex-col gap-4 grow\">\n<div class=\"min-h-8 text-message relative flex w-full flex-col items-end gap-2 text-start break-words whitespace-normal outline-none keyboard-focused:focus-ring [.text-message+&amp;]:mt-1\" dir=\"auto\" tabindex=\"0\" data-message-author-role=\"assistant\" data-message-id=\"ed8abcdd-be0d-4615-88f1-9a47a52c2d16\" data-message-model-slug=\"gpt-5-3\" data-turn-start-message=\"true\">\n<div class=\"flex w-full flex-col gap-1 empty:hidden\">\n<div class=\"markdown prose dark:prose-invert w-full wrap-break-word dark markdown-new-styling\">\n<div class=\"flex h-svh w-screen flex-col\">\n<div class=\"relative z-0 flex min-h-0 w-full flex-1\">\n<div class=\"relative flex min-h-0 w-full flex-1\">\n<div class=\"@container\/main relative flex min-w-0 flex-1 flex-col -translate-y-[calc(env(safe-area-inset-bottom,0px)\/2)] pt-[calc(env(safe-area-inset-bottom,0px)\/2)]\">\n<div class=\"@w-sm\/main:[scrollbar-gutter:var(--stage-scroll-gutter)] touch:[scrollbar-width:none] group\/scroll-root relative flex min-h-0 min-w-0 flex-1 flex-col [scrollbar-gutter:stable] not-print:overflow-x-clip not-print:overflow-y-auto group-data-stream-active\/scroll-root:[overflow-anchor:none] scroll-pt-(--header-height) [--sticky-padding-top:var(--header-height)] [--sticky-padding-bottom:0px] [--scroll-root-safe-area-inset-top:calc(var(--sticky-padding-top)+env(safe-area-inset-top,0px))] [--scroll-root-safe-area-inset-bottom:calc(var(--sticky-padding-bottom)+var(--screen-keyboard-height,0px)+env(safe-area-inset-bottom,0px))] [--scroll-root-safe-area-height:calc(100lvh-var(--scroll-root-safe-area-inset-top)-var(--scroll-root-safe-area-inset-bottom))] has-data-[fixed-header=less-than-xl]:@w-xl\/main:scroll-pt-0 has-data-[fixed-header=less-than-xl]:@w-xl\/main:[--sticky-padding-top:0px] has-data-[fixed-header=less-than-xxl]:@w-2xl\/main:scroll-pt-0 has-data-[fixed-header=less-than-xxl]:@w-2xl\/main:[--sticky-padding-top:0px]\" data-scroll-root=\"\" data-scroll-from-top=\"\">\n<div class=\"relative basis-auto flex-col -mb-(--composer-overlap-px) pb-(--composer-overlap-px) [--composer-overlap-px:28px] grow flex\">\n<div class=\"flex flex-col text-sm\">\n<section class=\"text-token-text-primary w-full focus:outline-none [--shadow-height:45px] has-data-writing-block:pointer-events-none has-data-writing-block:-mt-(--shadow-height) has-data-writing-block:pt-(--shadow-height) [&amp;:has([data-writing-block])&gt;*]:pointer-events-auto scroll-mt-[calc(var(--header-height)+min(200px,max(70px,20svh)))]\" dir=\"auto\" data-turn-id=\"request-WEB:cc509de0-714c-4653-ad32-6b5e125a8411-7\" data-testid=\"conversation-turn-10\" data-scroll-anchor=\"true\" data-turn=\"assistant\">\n<div class=\"text-base my-auto mx-auto pb-10 [--thread-content-margin:var(--thread-content-margin-xs,calc(var(--spacing)*4))] @w-sm\/main:[--thread-content-margin:var(--thread-content-margin-sm,calc(var(--spacing)*6))] @w-lg\/main:[--thread-content-margin:var(--thread-content-margin-lg,calc(var(--spacing)*16))] px-(--thread-content-margin)\">\n<div class=\"[--thread-content-max-width:40rem] @w-lg\/main:[--thread-content-max-width:48rem] mx-auto max-w-(--thread-content-max-width) flex-1 group\/turn-messages focus-visible:outline-hidden relative flex w-full min-w-0 flex-col agent-turn\">\n<div class=\"flex max-w-full flex-col gap-4 grow\">\n<div class=\"min-h-8 text-message relative flex w-full flex-col items-end gap-2 text-start break-words whitespace-normal outline-none keyboard-focused:focus-ring [.text-message+&amp;]:mt-1\" dir=\"auto\" tabindex=\"0\" data-message-author-role=\"assistant\" data-message-id=\"cfa6deea-8ce4-4542-9cf9-48a3b1cdbe9a\" data-message-model-slug=\"gpt-5-3\" data-turn-start-message=\"true\">\n<div class=\"flex w-full flex-col gap-1 empty:hidden\">\n<div class=\"markdown prose dark:prose-invert w-full wrap-break-word dark markdown-new-styling\">\n<h2 data-section-id=\"5of9kr\" data-start=\"0\" data-end=\"76\">\ud83d\udd25\ud83d\udce6 Paleta zabawek dla dzieci | zabawki 100% \u2013 kategoria A do e-commerce<\/h2>\n<p data-start=\"78\" data-end=\"403\"><strong data-start=\"78\" data-end=\"107\">Paleta zabawek dla dzieci<\/strong> to rozwi\u0105zanie dla sprzeda\u017cy internetowej, e-commerce oraz reseller\u00f3w, kt\u00f3rzy rozwijaj\u0105 ofert\u0119 w kategorii zabawki dzieci\u0119ce online. Zawarto\u015b\u0107 obejmuje wy\u0142\u0105cznie produkty przeznaczone dla dzieci, co umo\u017cliwia budowanie sp\u00f3jnej oferty w jednej, cz\u0119sto wyszukiwanej kategorii sprzeda\u017cowej.<\/p>\n<p data-start=\"405\" data-end=\"681\">Asortyment obejmuje <strong data-start=\"425\" data-end=\"476\">mix zabawek dzieci\u0119cych o szerokim zastosowaniu<\/strong>, kt\u00f3re s\u0105 regularnie wybierane przez klient\u00f3w w sprzeda\u017cy detalicznej oraz online. Dzi\u0119ki temu mo\u017cliwe jest prowadzenie sprzeda\u017cy skierowanej do r\u00f3\u017cnych grup odbiorc\u00f3w \u2013 od najm\u0142odszych po starsze dzieci.<\/p>\n<h2 data-section-id=\"v5ropo\" data-start=\"688\" data-end=\"731\">\ud83d\udce6 Zawarto\u015b\u0107 palety \u2013 zabawki dla dzieci<\/h2>\n<p data-start=\"733\" data-end=\"845\">Paleta zawiera <strong data-start=\"748\" data-end=\"793\">zr\u00f3\u017cnicowany zestaw produkt\u00f3w dzieci\u0119cych<\/strong>, kt\u00f3re mo\u017cna sprzedawa\u0107 pojedynczo lub w zestawach:<\/p>\n<ul data-start=\"847\" data-end=\"983\">\n<li data-section-id=\"192j3vk\" data-start=\"847\" data-end=\"869\">zabawki edukacyjne<\/li>\n<li data-section-id=\"1vuhsh5\" data-start=\"870\" data-end=\"891\">zabawki kreatywne<\/li>\n<li data-section-id=\"12b0r14\" data-start=\"892\" data-end=\"915\">zabawki sensoryczne<\/li>\n<li data-section-id=\"1c0scu8\" data-start=\"916\" data-end=\"945\">gry i akcesoria dzieci\u0119ce<\/li>\n<li data-section-id=\"qsepu0\" data-start=\"946\" data-end=\"983\">inne produkty z kategorii zabawki<\/li>\n<\/ul>\n<p data-start=\"985\" data-end=\"1087\">\ud83d\udcca <strong data-start=\"988\" data-end=\"1031\">Zabawki stanowi\u0105 100% zawarto\u015bci palety<\/strong><br data-start=\"1031\" data-end=\"1034\" \/>Ka\u017cda paleta zawiera losowo dobrany zestaw produkt\u00f3w.<\/p>\n<p data-start=\"1089\" data-end=\"1218\">Zmienny sk\u0142ad umo\u017cliwia rozw\u00f3j sprzeda\u017cy w r\u00f3\u017cnych segmentach kategorii dzieci\u0119cej bez ograniczenia do jednego rodzaju produkt\u00f3w.<\/p>\n<h2 data-section-id=\"weoo2p\" data-start=\"1225\" data-end=\"1258\">\u2b50 Stan produkt\u00f3w \u2013 kategoria A<\/h2>\n<ul data-start=\"1260\" data-end=\"1368\">\n<li data-section-id=\"1otj7x2\" data-start=\"1260\" data-end=\"1307\">wszystkie produkty s\u0105 <strong data-start=\"1284\" data-end=\"1305\">nowe i nieu\u017cywane<\/strong><\/li>\n<li data-section-id=\"j9q8b8\" data-start=\"1308\" data-end=\"1335\">brak \u015blad\u00f3w u\u017cytkowania<\/li>\n<li data-section-id=\"can2dy\" data-start=\"1336\" data-end=\"1368\">produkty gotowe do sprzeda\u017cy<\/li>\n<\/ul>\n<p data-start=\"1370\" data-end=\"1507\">Towar spe\u0142nia wymagania sprzeda\u017cy detalicznej oraz e-commerce i mo\u017ce by\u0107 bezpo\u015brednio dodany do oferty sklepu lub platform sprzeda\u017cowych.<\/p>\n<h2 data-section-id=\"fo6i20\" data-start=\"1514\" data-end=\"1536\">\ud83d\udcd0 Parametry palety<\/h2>\n<p data-start=\"1538\" data-end=\"1641\">\ud83d\udccf Wysoko\u015b\u0107 palety: oko\u0142o 100 cm<br data-start=\"1570\" data-end=\"1573\" \/>\ud83d\udce6 Zawarto\u015b\u0107: 100% zabawki dla dzieci<br data-start=\"1610\" data-end=\"1613\" \/>\ud83d\udce6 Sk\u0142ad: <strong>losowy i zmienny<\/strong><\/p>\n<p data-start=\"1643\" data-end=\"1686\">Ka\u017cda paleta zawiera inny zestaw produkt\u00f3w.<\/p>\n<h2 data-section-id=\"1r74rat\" data-start=\"1693\" data-end=\"1737\">\ud83d\udcbc Zastosowanie \u2013 sprzeda\u017c zabawek online<\/h2>\n<p data-start=\"1739\" data-end=\"1794\">Paleta zabawek dla dzieci sprawdzi si\u0119 dla os\u00f3b, kt\u00f3re:<\/p>\n<ul data-start=\"1796\" data-end=\"1967\">\n<li data-section-id=\"4yq4hc\" data-start=\"1796\" data-end=\"1837\">sprzedaj\u0105 na Allegro, OLX, Amazon<\/li>\n<li data-section-id=\"1kjuez1\" data-start=\"1838\" data-end=\"1885\">prowadz\u0105 sklepy internetowe z zabawkami<\/li>\n<li data-section-id=\"1mxb40z\" data-start=\"1886\" data-end=\"1917\">oferuj\u0105 produkty pojedynczo<\/li>\n<li data-section-id=\"1kaakyr\" data-start=\"1918\" data-end=\"1967\">zajmuj\u0105 si\u0119 odsprzeda\u017c\u0105 produkt\u00f3w dzieci\u0119cych<\/li>\n<\/ul>\n<p data-start=\"1969\" data-end=\"2084\">Produkty dzieci\u0119ce nale\u017c\u0105 do kategorii regularnie kupowanych, co umo\u017cliwia budowanie stabilnej oferty sprzeda\u017cowej.<\/p>\n<h2 data-section-id=\"14nr1um\" data-start=\"2091\" data-end=\"2117\">\ud83d\udcc8 Korzy\u015bci sprzeda\u017cowe<\/h2>\n<ul data-start=\"2119\" data-end=\"2335\">\n<li data-section-id=\"j08r6w\" data-start=\"2119\" data-end=\"2161\">szeroki wyb\u00f3r zabawek w jednym zakupie<\/li>\n<li data-section-id=\"ubec9w\" data-start=\"2162\" data-end=\"2197\">sprzeda\u017c w kategorii dzieci\u0119cej<\/li>\n<li data-section-id=\"tfqkdy\" data-start=\"2198\" data-end=\"2240\">zwi\u0119kszenie liczby produkt\u00f3w w ofercie<\/li>\n<li data-section-id=\"12buj1s\" data-start=\"2241\" data-end=\"2293\">dopasowanie asortymentu do r\u00f3\u017cnych grup klient\u00f3w<\/li>\n<li data-section-id=\"1vtk23a\" data-start=\"2294\" data-end=\"2335\">rozw\u00f3j sprzeda\u017cy online i marketplace<\/li>\n<\/ul>\n<p data-start=\"2337\" data-end=\"2429\">Paleta umo\u017cliwia szybkie rozszerzenie oferty bez konieczno\u015bci zakupu pojedynczych produkt\u00f3w.<\/p>\n<h2 data-section-id=\"m785xy\" data-start=\"2436\" data-end=\"2462\">\ud83d\uded2 Mo\u017cliwo\u015bci sprzeda\u017cy<\/h2>\n<p data-start=\"2464\" data-end=\"2491\">Zawarto\u015b\u0107 palety umo\u017cliwia:<\/p>\n<ul data-start=\"2493\" data-end=\"2650\">\n<li data-section-id=\"eaedyo\" data-start=\"2493\" data-end=\"2528\">sprzeda\u017c pojedynczych produkt\u00f3w<\/li>\n<li data-section-id=\"dt9qvk\" data-start=\"2529\" data-end=\"2571\">tworzenie zestaw\u00f3w zabawek dzieci\u0119cych<\/li>\n<li data-section-id=\"geauon\" data-start=\"2572\" data-end=\"2610\">rozw\u00f3j kategorii zabawki w sklepie<\/li>\n<li data-section-id=\"1izze01\" data-start=\"2611\" data-end=\"2650\">uzupe\u0142nianie aktualnego asortymentu<\/li>\n<\/ul>\n<p data-start=\"2652\" data-end=\"2731\">Dzi\u0119ki temu mo\u017cliwe jest prowadzenie sprzeda\u017cy w r\u00f3\u017cnych kana\u0142ach jednocze\u015bnie.<\/p>\n<h2 data-section-id=\"78zdcb\" data-start=\"2738\" data-end=\"2769\">\ud83d\udcca Zastosowanie w e-commerce<\/h2>\n<p data-start=\"2771\" data-end=\"2831\">Paleta zabawek dla dzieci sprawdzi si\u0119 w modelach sprzeda\u017cy:<\/p>\n<ul data-start=\"2833\" data-end=\"2921\">\n<li data-section-id=\"c9k76t\" data-start=\"2833\" data-end=\"2871\">marketplace (Allegro, Amazon, OLX)<\/li>\n<li data-section-id=\"1fmpn86\" data-start=\"2872\" data-end=\"2894\">sklepy internetowe<\/li>\n<li data-section-id=\"1di29sp\" data-start=\"2895\" data-end=\"2921\">sprzeda\u017c wielokana\u0142owa<\/li>\n<\/ul>\n<p data-start=\"2923\" data-end=\"3033\">Zmienny sk\u0142ad pozwala dopasowa\u0107 ofert\u0119 do aktualnych potrzeb klient\u00f3w oraz sezonowo\u015bci w kategorii dzieci\u0119cej.<\/p>\n<h2 data-section-id=\"gfj1y1\" data-start=\"3040\" data-end=\"3053\">\ud83d\ude9a Dostawa<\/h2>\n<ul data-start=\"3055\" data-end=\"3137\">\n<li data-section-id=\"10nvshm\" data-start=\"3055\" data-end=\"3075\">wysy\u0142ka z Europy<\/li>\n<li data-section-id=\"igemay\" data-start=\"3076\" data-end=\"3106\">szybka realizacja zam\u00f3wie\u0144<\/li>\n<li data-section-id=\"1j8kcmu\" data-start=\"3107\" data-end=\"3137\">bezpieczne pakowanie palet<\/li>\n<\/ul>\n<h2 data-section-id=\"p6kgem\" data-start=\"3144\" data-end=\"3166\">\u2139\ufe0f Wa\u017cne informacje<\/h2>\n<ul data-start=\"3168\" data-end=\"3293\">\n<li data-section-id=\"6gwjcq\" data-start=\"3168\" data-end=\"3199\">produkty nowe \u2013 kategoria A<\/li>\n<li data-section-id=\"1rrf97y\" data-start=\"3200\" data-end=\"3224\">brak listy produkt\u00f3w<\/li>\n<li data-section-id=\"zia6d9\" data-start=\"3225\" data-end=\"3257\">ka\u017cda paleta pakowana <strong>losowo<\/strong><\/li>\n<li data-section-id=\"5m1wdl\" data-start=\"3258\" data-end=\"3293\">sk\u0142ad zmienny w ka\u017cdej dostawie<\/li>\n<\/ul>\n<h2 data-section-id=\"1915pio\" data-start=\"3300\" data-end=\"3322\">\ud83d\udcf8 Zdj\u0119cia produktu<\/h2>\n<p data-start=\"3324\" data-end=\"3401\">Zdj\u0119cia maj\u0105 charakter pogl\u0105dowy i przedstawiaj\u0105 przyk\u0142adow\u0105 zawarto\u015b\u0107 palet.<\/p>\n<\/div>\n<\/div>\n<\/div>\n<\/div>\n<\/div>\n<\/div>\n<\/section>\n<\/div>\n<\/div>\n<\/div>\n<\/div>\n<\/div>\n<\/div>\n<\/div>\n<\/div>\n<\/div>\n<\/div>\n<\/div>\n<\/div>\n<\/div>\n<\/section>\n<\/div>\n","protected":false},"excerpt":{"rendered":"<p class=\"p1\">\u26a1 Paleta zabawek dla dzieci | 100% zabawki<\/p>\n<p class=\"p1\">\ud83d\udd25 Amazon Returns<\/p>\n<p class=\"p1\" style=\"text-align: left;\">\u2714\ufe0f Jako\u015b\u0107 A<\/p>","protected":false},"featured_media":50774,"comment_status":"open","ping_status":"closed","template":"","meta":{"_acf_changed":false},"product_brand":[],"product_cat":[1301],"product_tag":[1302],"class_list":{"0":"post-50773","1":"product","2":"type-product","3":"status-publish","4":"has-post-thumbnail","6":"product_cat-zabawki","7":"product_tag-zabawki","9":"first","10":"instock","11":"sold-individually","12":"taxable","13":"shipping-taxable","14":"purchasable","15":"product-type-simple"},"acf":[],"_links":{"self":[{"href":"https:\/\/stockify24.pl\/de\/wp-json\/wp\/v2\/product\/50773","targetHints":{"allow":["GET"]}}],"collection":[{"href":"https:\/\/stockify24.pl\/de\/wp-json\/wp\/v2\/product"}],"about":[{"href":"https:\/\/stockify24.pl\/de\/wp-json\/wp\/v2\/types\/product"}],"replies":[{"embeddable":true,"href":"https:\/\/stockify24.pl\/de\/wp-json\/wp\/v2\/comments?post=50773"}],"wp:featuredmedia":[{"embeddable":true,"href":"https:\/\/stockify24.pl\/de\/wp-json\/wp\/v2\/media\/50774"}],"wp:attachment":[{"href":"https:\/\/stockify24.pl\/de\/wp-json\/wp\/v2\/media?parent=50773"}],"wp:term":[{"taxonomy":"product_brand","embeddable":true,"href":"https:\/\/stockify24.pl\/de\/wp-json\/wp\/v2\/product_brand?post=50773"},{"taxonomy":"product_cat","embeddable":true,"href":"https:\/\/stockify24.pl\/de\/wp-json\/wp\/v2\/product_cat?post=50773"},{"taxonomy":"product_tag","embeddable":true,"href":"https:\/\/stockify24.pl\/de\/wp-json\/wp\/v2\/product_tag?post=50773"}],"curies":[{"name":"wp","href":"https:\/\/api.w.org\/{rel}","templated":true}]}}