{"id":50821,"date":"2026-03-25T12:11:13","date_gmt":"2026-03-25T11:11:13","guid":{"rendered":"https:\/\/stockify24.pl\/?post_type=product&#038;p=50821"},"modified":"2026-03-27T17:25:23","modified_gmt":"2026-03-27T16:25:23","slug":"dostawy-amazon-palety-mix-66-palet","status":"publish","type":"product","link":"https:\/\/stockify24.pl\/de\/produkt\/dostawy-amazon-palety-mix-66-palet\/","title":{"rendered":"Amazon Lieferungen - MIX Paletten (66 Paletten)"},"content":{"rendered":"<div class=\"flex flex-col text-sm pb-25\">\n<section class=\"text-token-text-primary w-full focus:outline-none [--shadow-height:45px] has-data-writing-block:pointer-events-none has-data-writing-block:-mt-(--shadow-height) has-data-writing-block:pt-(--shadow-height) [&amp;:has([data-writing-block])&gt;*]:pointer-events-auto scroll-mt-[calc(var(--header-height)+min(200px,max(70px,20svh)))]\" dir=\"auto\" data-turn-id=\"request-69b8245d-0030-838e-b654-ccb872ba6f51-25\" data-testid=\"conversation-turn-200\" data-scroll-anchor=\"true\" data-turn=\"assistant\">\n<div class=\"text-base my-auto mx-auto pb-10 [--thread-content-margin:var(--thread-content-margin-xs,calc(var(--spacing)*4))] @w-sm\/main:[--thread-content-margin:var(--thread-content-margin-sm,calc(var(--spacing)*6))] @w-lg\/main:[--thread-content-margin:var(--thread-content-margin-lg,calc(var(--spacing)*16))] px-(--thread-content-margin)\">\n<div class=\"[--thread-content-max-width:40rem] @w-lg\/main:[--thread-content-max-width:48rem] mx-auto max-w-(--thread-content-max-width) flex-1 group\/turn-messages focus-visible:outline-hidden relative flex w-full min-w-0 flex-col agent-turn\">\n<div class=\"flex max-w-full flex-col gap-4 grow\">\n<div class=\"min-h-8 text-message relative flex w-full flex-col items-end gap-2 text-start break-words whitespace-normal outline-none keyboard-focused:focus-ring [.text-message+&amp;]:mt-1\" dir=\"auto\" tabindex=\"0\" data-message-author-role=\"assistant\" data-message-id=\"ed8abcdd-be0d-4615-88f1-9a47a52c2d16\" data-message-model-slug=\"gpt-5-3\" data-turn-start-message=\"true\">\n<div class=\"flex w-full flex-col gap-1 empty:hidden\">\n<div class=\"markdown prose dark:prose-invert w-full wrap-break-word dark markdown-new-styling\">\n<div class=\"flex h-svh w-screen flex-col\">\n<div class=\"relative z-0 flex min-h-0 w-full flex-1\">\n<div class=\"relative flex min-h-0 w-full flex-1\">\n<div class=\"@container\/main relative flex min-w-0 flex-1 flex-col -translate-y-[calc(env(safe-area-inset-bottom,0px)\/2)] pt-[calc(env(safe-area-inset-bottom,0px)\/2)]\">\n<div class=\"@w-sm\/main:[scrollbar-gutter:var(--stage-scroll-gutter)] touch:[scrollbar-width:none] group\/scroll-root relative flex min-h-0 min-w-0 flex-1 flex-col [scrollbar-gutter:stable] not-print:overflow-x-clip not-print:overflow-y-auto group-data-stream-active\/scroll-root:[overflow-anchor:none] scroll-pt-(--header-height) [--sticky-padding-top:var(--header-height)] [--sticky-padding-bottom:0px] [--scroll-root-safe-area-inset-top:calc(var(--sticky-padding-top)+env(safe-area-inset-top,0px))] [--scroll-root-safe-area-inset-bottom:calc(var(--sticky-padding-bottom)+var(--screen-keyboard-height,0px)+env(safe-area-inset-bottom,0px))] [--scroll-root-safe-area-height:calc(100lvh-var(--scroll-root-safe-area-inset-top)-var(--scroll-root-safe-area-inset-bottom))] has-data-[fixed-header=less-than-xl]:@w-xl\/main:scroll-pt-0 has-data-[fixed-header=less-than-xl]:@w-xl\/main:[--sticky-padding-top:0px] has-data-[fixed-header=less-than-xxl]:@w-2xl\/main:scroll-pt-0 has-data-[fixed-header=less-than-xxl]:@w-2xl\/main:[--sticky-padding-top:0px]\" data-scroll-root=\"\" data-scroll-from-top=\"\">\n<div class=\"flex flex-col text-sm pb-25\">\n<section class=\"text-token-text-primary w-full focus:outline-none [--shadow-height:45px] has-data-writing-block:pointer-events-none has-data-writing-block:-mt-(--shadow-height) has-data-writing-block:pt-(--shadow-height) [&amp;:has([data-writing-block])&gt;*]:pointer-events-auto scroll-mt-[calc(var(--header-height)+min(200px,max(70px,20svh)))]\" dir=\"auto\" data-turn-id=\"request-69c0fd5d-0d28-832e-81ee-0163d066819a-23\" data-testid=\"conversation-turn-56\" data-scroll-anchor=\"true\" data-turn=\"assistant\">\n<div class=\"text-base my-auto mx-auto pb-10 [--thread-content-margin:var(--thread-content-margin-xs,calc(var(--spacing)*4))] @w-sm\/main:[--thread-content-margin:var(--thread-content-margin-sm,calc(var(--spacing)*6))] @w-lg\/main:[--thread-content-margin:var(--thread-content-margin-lg,calc(var(--spacing)*16))] px-(--thread-content-margin)\">\n<div class=\"[--thread-content-max-width:40rem] @w-lg\/main:[--thread-content-max-width:48rem] mx-auto max-w-(--thread-content-max-width) flex-1 group\/turn-messages focus-visible:outline-hidden relative flex w-full min-w-0 flex-col agent-turn\">\n<div class=\"flex max-w-full flex-col gap-4 grow\">\n<div class=\"min-h-8 text-message relative flex w-full flex-col items-end gap-2 text-start break-words whitespace-normal outline-none keyboard-focused:focus-ring [.text-message+&amp;]:mt-1\" dir=\"auto\" tabindex=\"0\" data-message-author-role=\"assistant\" data-message-id=\"ff361c2b-3d4f-4400-9220-f184e859b235\" data-message-model-slug=\"gpt-5-3\" data-turn-start-message=\"true\">\n<div class=\"flex w-full flex-col gap-1 empty:hidden\">\n<div class=\"markdown prose dark:prose-invert w-full wrap-break-word dark markdown-new-styling\">\n<div class=\"flex flex-col text-sm pb-25\">\n<section class=\"text-token-text-primary w-full focus:outline-none [--shadow-height:45px] has-data-writing-block:pointer-events-none has-data-writing-block:-mt-(--shadow-height) has-data-writing-block:pt-(--shadow-height) [&amp;:has([data-writing-block])&gt;*]:pointer-events-auto scroll-mt-[calc(var(--header-height)+min(200px,max(70px,20svh)))]\" dir=\"auto\" data-turn-id=\"request-69c0fd5d-0d28-832e-81ee-0163d066819a-0\" data-testid=\"conversation-turn-66\" data-scroll-anchor=\"true\" data-turn=\"assistant\">\n<div class=\"text-base my-auto mx-auto pb-10 [--thread-content-margin:var(--thread-content-margin-xs,calc(var(--spacing)*4))] @w-sm\/main:[--thread-content-margin:var(--thread-content-margin-sm,calc(var(--spacing)*6))] @w-lg\/main:[--thread-content-margin:var(--thread-content-margin-lg,calc(var(--spacing)*16))] px-(--thread-content-margin)\">\n<div class=\"[--thread-content-max-width:40rem] @w-lg\/main:[--thread-content-max-width:48rem] mx-auto max-w-(--thread-content-max-width) flex-1 group\/turn-messages focus-visible:outline-hidden relative flex w-full min-w-0 flex-col agent-turn\">\n<div class=\"flex max-w-full flex-col gap-4 grow\">\n<div class=\"min-h-8 text-message relative flex w-full flex-col items-end gap-2 text-start break-words whitespace-normal outline-none keyboard-focused:focus-ring [.text-message+&amp;]:mt-1\" dir=\"auto\" tabindex=\"0\" data-message-author-role=\"assistant\" data-message-id=\"3da9a6c1-b0ca-42d7-aeb8-551da1895539\" data-message-model-slug=\"gpt-5-3\" data-turn-start-message=\"true\">\n<div class=\"flex w-full flex-col gap-1 empty:hidden\">\n<div class=\"markdown prose dark:prose-invert w-full wrap-break-word dark markdown-new-styling\">\n<h1 data-section-id=\"51t9qt\" data-start=\"168\" data-end=\"274\">Dostawy Amazon \u2013 palety MIX (66 palet) | maksymalny wolumen hurtowy, elektronika 60% + mix kategorii A\u2013B<\/h1>\n<h2 data-section-id=\"47fge4\" data-start=\"276\" data-end=\"356\">Dostawy Amazon 66 palet \u2013 rozwi\u0105zanie dla dystrybucji i du\u017cej skali sprzeda\u017cy<\/h2>\n<p data-start=\"358\" data-end=\"719\"><strong>Dostawy Amazon w wariancie 66 palet<\/strong> to oferta skierowana do firm operuj\u0105cych na poziomie hurtowym, kt\u00f3re wymagaj\u0105 sta\u0142ego dost\u0119pu do du\u017cych partii towaru oraz przewidywalno\u015bci w procesie zatowarowania. Taki wolumen pozwala na efektywne zarz\u0105dzanie magazynem, optymalizacj\u0119 koszt\u00f3w jednostkowych oraz utrzymanie ci\u0105g\u0142o\u015bci sprzeda\u017cy w wielu kana\u0142ach jednocze\u015bnie.<\/p>\n<p data-start=\"721\" data-end=\"1001\"><strong>Palety Amazon MIX<\/strong> w tej konfiguracji zawieraj\u0105 oko\u0142o <strong>60% elektroniki<\/strong> u\u017cytkowej oraz 40% produkt\u00f3w z szerokiego zakresu kategorii konsumenckich. Dzi\u0119ki temu mo\u017cliwe jest jednoczesne prowadzenie sprzeda\u017cy w r\u00f3\u017cnych segmentach rynku oraz budowanie zr\u00f3\u017cnicowanego portfolio produkt\u00f3w.<\/p>\n<p data-start=\"1003\" data-end=\"1231\">Towar pochodzi ze zwrot\u00f3w konsumenckich <strong>Amazon (Amazon Returns)<\/strong> i dost\u0119pny jest jako niesortowany mix. Ka\u017cda paleta posiada <strong>losowy sk\u0142ad<\/strong>, co przek\u0142ada si\u0119 na szerok\u0105 r\u00f3\u017cnorodno\u015b\u0107 produkt\u00f3w oraz zwi\u0119kszone mo\u017cliwo\u015bci sprzeda\u017cowe.<\/p>\n<h2 data-section-id=\"q4p242\" data-start=\"1238\" data-end=\"1287\">Zawarto\u015b\u0107 palet Amazon MIX \u2013 struktura dostawy<\/h2>\n<h3 data-section-id=\"1aqhfc5\" data-start=\"1289\" data-end=\"1325\">Elektronika u\u017cytkowa \u2013 oko\u0142o 60%<\/h3>\n<p data-start=\"1327\" data-end=\"1396\">Podstaw\u0119 dostawy stanowi\u0105 produkty elektroniczne o stabilnym popycie:<\/p>\n<ul data-start=\"1398\" data-end=\"1581\">\n<li data-section-id=\"96v4jp\" data-start=\"1398\" data-end=\"1445\">akcesoria do telefon\u00f3w i urz\u0105dze\u0144 mobilnych<\/li>\n<li data-section-id=\"1bxbsr9\" data-start=\"1446\" data-end=\"1480\">\u0142adowarki, przewody i adaptery<\/li>\n<li data-section-id=\"1h39y7y\" data-start=\"1481\" data-end=\"1518\">powerbanki i akcesoria zasilaj\u0105ce<\/li>\n<li data-section-id=\"pawofa\" data-start=\"1519\" data-end=\"1554\">drobne urz\u0105dzenia elektroniczne<\/li>\n<li data-section-id=\"1e6808q\" data-start=\"1555\" data-end=\"1581\">gad\u017cety technologiczne<\/li>\n<\/ul>\n<p data-start=\"1583\" data-end=\"1695\">Elektronika u\u017cytkowa jest segmentem o wysokiej rotacji i szerokim zastosowaniu w sprzeda\u017cy detalicznej i online.<\/p>\n<h3 data-section-id=\"yqlqz3\" data-start=\"1702\" data-end=\"1731\">Mix kategorii \u2013 oko\u0142o 40%<\/h3>\n<p data-start=\"1733\" data-end=\"1793\">Pozosta\u0142a cz\u0119\u015b\u0107 palet obejmuje produkty z r\u00f3\u017cnych kategorii:<\/p>\n<ul data-start=\"1795\" data-end=\"1940\">\n<li data-section-id=\"16imbky\" data-start=\"1795\" data-end=\"1829\">artyku\u0142y gospodarstwa domowego<\/li>\n<li data-section-id=\"4eryjb\" data-start=\"1830\" data-end=\"1852\">akcesoria kuchenne<\/li>\n<li data-section-id=\"qj2kog\" data-start=\"1853\" data-end=\"1885\">zabawki i artyku\u0142y dzieci\u0119ce<\/li>\n<li data-section-id=\"1udh08r\" data-start=\"1886\" data-end=\"1917\">produkty codziennego u\u017cytku<\/li>\n<li data-section-id=\"o35k9s\" data-start=\"1918\" data-end=\"1940\">drobne wyposa\u017cenie<\/li>\n<\/ul>\n<p data-start=\"1942\" data-end=\"2040\">Zr\u00f3\u017cnicowanie asortymentu umo\u017cliwia dywersyfikacj\u0119 sprzeda\u017cy i zwi\u0119kszenie liczby aktywnych ofert.<\/p>\n<h2 data-section-id=\"dmjfx1\" data-start=\"2047\" data-end=\"2071\">Klasa produkt\u00f3w \u2013 A\u2013B<\/h2>\n<p data-start=\"2073\" data-end=\"2138\">Produkty zawarte w paletach <strong>Amazon MIX<\/strong> s\u0105 klasyfikowane jako A\u2013B:<\/p>\n<ul data-start=\"2140\" data-end=\"2291\">\n<li data-section-id=\"1pxbzbg\" data-start=\"2140\" data-end=\"2197\">wi\u0119kszo\u015b\u0107 towaru jest <strong>nowa lub w bardzo dobrym stanie<\/strong><\/li>\n<li data-section-id=\"imczsu\" data-start=\"2198\" data-end=\"2241\">mo\u017cliwe s\u0105 niewielkie \u015blady u\u017cytkowania<\/li>\n<li data-section-id=\"1y9wtyc\" data-start=\"2242\" data-end=\"2291\">dopuszczalna jest domieszka klasy C (do 5\u20137%)<\/li>\n<\/ul>\n<p data-start=\"2293\" data-end=\"2423\">Towar nie jest testowany i pochodzi bezpo\u015brednio ze zwrot\u00f3w konsumenckich. Ka\u017cda paleta pakowana jest losowo, bez listy produkt\u00f3w.<\/p>\n<h2 data-section-id=\"1sqglrc\" data-start=\"2430\" data-end=\"2464\">Specyfikacja dostawy \u2013 66 palet<\/h2>\n<p data-start=\"2466\" data-end=\"2546\">Dostawa w wariancie 66 palet umo\u017cliwia realizacj\u0119 zam\u00f3wie\u0144 na poziomie hurtowym:<\/p>\n<ul data-start=\"2548\" data-end=\"2714\">\n<li data-section-id=\"15vrl4u\" data-start=\"2548\" data-end=\"2591\">dostawa do 66 palet w jednym zam\u00f3wieniu<\/li>\n<li data-section-id=\"1va03mg\" data-start=\"2592\" data-end=\"2642\">struktura: 60% elektronika \/ 40% mix kategorii<\/li>\n<li data-section-id=\"6juxbf\" data-start=\"2643\" data-end=\"2682\">ka\u017cda paleta posiada unikalny sk\u0142ad<\/li>\n<li data-section-id=\"17iyykc\" data-start=\"2683\" data-end=\"2714\">brak powtarzalnych zestaw\u00f3w<\/li>\n<\/ul>\n<p data-start=\"2716\" data-end=\"2814\">Taki wolumen pozwala na pe\u0142ne zatowarowanie magazynu oraz planowanie sprzeda\u017cy w d\u0142u\u017cszym okresie.<\/p>\n<h2 data-section-id=\"s4at77\" data-start=\"2821\" data-end=\"2868\">Przewagi operacyjne przy zam\u00f3wieniu 66 palet<\/h2>\n<p data-start=\"2870\" data-end=\"2934\">Zakup w maksymalnym wolumenie daje konkretne korzy\u015bci biznesowe:<\/p>\n<ul data-start=\"2936\" data-end=\"3180\">\n<li data-section-id=\"ilrm6w\" data-start=\"2936\" data-end=\"2994\">najni\u017cszy koszt transportu w przeliczeniu na jednostk\u0119<\/li>\n<li data-section-id=\"1vj9s0w\" data-start=\"2995\" data-end=\"3047\">du\u017ca dost\u0119pno\u015b\u0107 towaru w jednym cyklu zam\u00f3wienia<\/li>\n<li data-section-id=\"nygji\" data-start=\"3048\" data-end=\"3095\">mo\u017cliwo\u015b\u0107 zarz\u0105dzania szerokim asortymentem<\/li>\n<li data-section-id=\"50f4vv\" data-start=\"3096\" data-end=\"3139\">ograniczenie ryzyka brak\u00f3w magazynowych<\/li>\n<li data-section-id=\"lc6tkf\" data-start=\"3140\" data-end=\"3180\">zwi\u0119kszenie efektywno\u015bci operacyjnej<\/li>\n<\/ul>\n<p data-start=\"3182\" data-end=\"3297\">Dostawy 66 palet s\u0105 wykorzystywane przez firmy, kt\u00f3re potrzebuj\u0105 stabilnych i du\u017cych dostaw do dalszej dystrybucji.<\/p>\n<h2 data-section-id=\"18l621m\" data-start=\"3304\" data-end=\"3348\">Dla kogo jest oferta 66 palet Amazon MIX?<\/h2>\n<h3 data-section-id=\"131uwrm\" data-start=\"3350\" data-end=\"3379\">Dystrybutorzy i hurtownie<\/h3>\n<p data-start=\"3381\" data-end=\"3509\">Oferta jest przeznaczona dla podmiot\u00f3w, kt\u00f3re zajmuj\u0105 si\u0119 dalsz\u0105 odsprzeda\u017c\u0105 w wi\u0119kszej skali i potrzebuj\u0105 du\u017cych partii towaru.<\/p>\n<h3 data-section-id=\"1rm2kdu\" data-start=\"3516\" data-end=\"3565\">Sprzedawcy rozwijaj\u0105cy sprzeda\u017c wielokana\u0142ow\u0105<\/h3>\n<p data-start=\"3567\" data-end=\"3693\">Model MIX pozwala prowadzi\u0107 sprzeda\u017c jednocze\u015bnie w r\u00f3\u017cnych kana\u0142ach i segmentach rynku, bez ograniczenia do jednej kategorii.<\/p>\n<h3 data-section-id=\"b7twqu\" data-start=\"3700\" data-end=\"3738\">Firmy operuj\u0105ce na du\u017cym magazynie<\/h3>\n<p data-start=\"3740\" data-end=\"3858\">Dostawy 66 palet s\u0105 odpowiednie dla biznes\u00f3w, kt\u00f3re posiadaj\u0105 zaplecze magazynowe i zarz\u0105dzaj\u0105 du\u017c\u0105 ilo\u015bci\u0105 produkt\u00f3w.<\/p>\n<h2 data-section-id=\"ziwaoy\" data-start=\"3865\" data-end=\"3915\">Zastosowanie palet Amazon MIX w modelu hurtowym<\/h2>\n<p data-start=\"3917\" data-end=\"3980\">Palety mog\u0105 by\u0107 wykorzystywane w r\u00f3\u017cnych modelach dzia\u0142alno\u015bci:<\/p>\n<ul data-start=\"3982\" data-end=\"4113\">\n<li data-section-id=\"1tqdcev\" data-start=\"3982\" data-end=\"4015\">sprzeda\u017c hurtowa i p\u00f3\u0142hurtowa<\/li>\n<li data-section-id=\"yu3m7f\" data-start=\"4016\" data-end=\"4044\">e-commerce i marketplace (<a href=\"https:\/\/allegro.pl\/\" target=\"_blank\" rel=\"noopener\">Allegro<\/a>, <a href=\"https:\/\/www.olx.pl\/\" target=\"_blank\" rel=\"noopener\">OLX<\/a>, <a href=\"https:\/\/www.ebay.com\/\" target=\"_blank\" rel=\"noopener\">eBay<\/a>, <a href=\"https:\/\/www.amazon.com\/\" target=\"_blank\" rel=\"noopener\">Amazon)<\/a><\/li>\n<li data-section-id=\"17tz9v4\" data-start=\"4045\" data-end=\"4085\">dystrybucja lokalna i mi\u0119dzynarodowa<\/li>\n<li data-section-id=\"7zi19f\" data-start=\"4086\" data-end=\"4113\">dzia\u0142alno\u015b\u0107 resellerska<\/li>\n<\/ul>\n<p data-start=\"4115\" data-end=\"4197\">Du\u017cy wolumen pozwala na utrzymanie ci\u0105g\u0142o\u015bci sprzeda\u017cy i zwi\u0119kszenie liczby ofert.<\/p>\n<h2 data-section-id=\"11rrp3v\" data-start=\"4204\" data-end=\"4247\">Korzy\u015bci biznesowe przy du\u017cych dostawach<\/h2>\n<p data-start=\"4249\" data-end=\"4276\">Dostawa 66 palet umo\u017cliwia:<\/p>\n<ul data-start=\"4278\" data-end=\"4453\">\n<li data-section-id=\"1co8c6d\" data-start=\"4278\" data-end=\"4312\">zwi\u0119kszenie skali dzia\u0142alno\u015bci<\/li>\n<li data-section-id=\"6tp4xp\" data-start=\"4313\" data-end=\"4349\">dost\u0119p do szerokiego asortymentu<\/li>\n<li data-section-id=\"2hmk43\" data-start=\"4350\" data-end=\"4389\">rozw\u00f3j sprzeda\u017cy w wielu segmentach<\/li>\n<li data-section-id=\"1wgkxmo\" data-start=\"4390\" data-end=\"4428\">optymalizacj\u0119 koszt\u00f3w operacyjnych<\/li>\n<li data-section-id=\"sh10ai\" data-start=\"4429\" data-end=\"4453\">stabilno\u015b\u0107 sprzeda\u017cy<\/li>\n<\/ul>\n<p data-start=\"4455\" data-end=\"4524\">To rozwi\u0105zanie dla firm, kt\u00f3re buduj\u0105 d\u0142ugoterminowy model sprzeda\u017cy.<\/p>\n<h2 data-section-id=\"hmkkr3\" data-start=\"4531\" data-end=\"4565\">Logistyka i realizacja zam\u00f3wie\u0144<\/h2>\n<p data-start=\"4567\" data-end=\"4621\">Proces dostawy zosta\u0142 dostosowany do du\u017cych wolumen\u00f3w:<\/p>\n<ul data-start=\"4623\" data-end=\"4790\">\n<li data-section-id=\"1bgmcs5\" data-start=\"4623\" data-end=\"4659\">wysy\u0142ka z magazyn\u00f3w europejskich<\/li>\n<li data-section-id=\"1rz4vba\" data-start=\"4660\" data-end=\"4711\">mo\u017cliwo\u015b\u0107 transportu 66 palet w jednej dostawie<\/li>\n<li data-section-id=\"1llw21g\" data-start=\"4712\" data-end=\"4756\">zabezpieczenie towaru na czas transportu<\/li>\n<li data-section-id=\"168l5gq\" data-start=\"4757\" data-end=\"4790\">efektywna realizacja zam\u00f3wie\u0144<\/li>\n<\/ul>\n<p data-start=\"4792\" data-end=\"4871\">Du\u017ce dostawy ograniczaj\u0105 konieczno\u015b\u0107 cz\u0119stych zam\u00f3wie\u0144 i upraszczaj\u0105 logistyk\u0119.<\/p>\n<h2 data-section-id=\"71p1w8\" data-start=\"4878\" data-end=\"4897\">Wa\u017cne informacje<\/h2>\n<ul data-start=\"4899\" data-end=\"5087\">\n<li data-section-id=\"50jq0l\" data-start=\"4899\" data-end=\"4943\">towar typu Amazon Returns \u2013 niesortowany<\/li>\n<li data-section-id=\"1bi9krm\" data-start=\"4944\" data-end=\"4973\">produkty nie s\u0105 testowane<\/li>\n<li data-section-id=\"iag8fx\" data-start=\"4974\" data-end=\"5013\">mo\u017cliwa domieszka klasy C (do 5\u20137%)<\/li>\n<li data-section-id=\"mo09xk\" data-start=\"5014\" data-end=\"5054\">brak gwarancji konkretnej zawarto\u015bci<\/li>\n<li data-section-id=\"1jh6vg4\" data-start=\"5055\" data-end=\"5087\">ka\u017cda paleta ma <strong>losowy<\/strong> sk\u0142ad<\/li>\n<\/ul>\n<h2 data-section-id=\"1ypgyq3\" data-start=\"5094\" data-end=\"5114\">Zdj\u0119cia pogl\u0105dowe<\/h2>\n<p data-start=\"5116\" data-end=\"5236\">Zdj\u0119cia maj\u0105 charakter pogl\u0105dowy i przedstawiaj\u0105 przyk\u0142adow\u0105 zawarto\u015b\u0107 palet. Rzeczywisty sk\u0142ad dostawy mo\u017ce si\u0119 r\u00f3\u017cni\u0107.<\/p>\n<h2 data-start=\"1347\" data-end=\"1372\">Mniejsze warianty dostaw:<\/h2>\n<ul data-start=\"1373\" data-end=\"1439\">\n<li data-section-id=\"z9fe26\" data-start=\"1373\" data-end=\"1406\">\ud83d\udc49 <a href=\"https:\/\/stockify24.pl\/produkt\/dostawy-amazon-palety-mix-32-palety\/\">Dostawy Amazon \u2013 32 palety<\/a><\/li>\n<li data-section-id=\"1ti1aep\" data-start=\"1407\" data-end=\"1439\">\ud83d\udc49 <a href=\"https:\/\/stockify24.pl\/produkt\/dostawy-amazon-palety-mix-16-palet\/\">Dostawy Amazon \u2013 16 palet<\/a><\/li>\n<\/ul>\n<\/div>\n<\/div>\n<\/div>\n<\/div>\n<\/div>\n<\/div>\n<\/section>\n<\/div>\n<\/div>\n<\/div>\n<\/div>\n<\/div>\n<\/div>\n<\/div>\n<\/section>\n<\/div>\n<\/div>\n<\/div>\n<\/div>\n<\/div>\n<\/div>\n<\/div>\n<\/div>\n<\/div>\n<\/div>\n<\/div>\n<\/div>\n<\/section>\n<\/div>\n","protected":false},"excerpt":{"rendered":"<p class=\"p1\">\u26a1 Dostawy Amazon Mix<\/p>\n<p class=\"p1\">\ud83d\udd25 Amazon Returns<\/p>\n<p class=\"p1\" style=\"text-align: left;\">\u2714\ufe0f Jako\u015b\u0107 A\u2013B<\/p>","protected":false},"featured_media":50806,"comment_status":"open","ping_status":"closed","template":"","meta":{"_acf_changed":false},"product_brand":[],"product_cat":[1283],"product_tag":[1303],"class_list":{"0":"post-50821","1":"product","2":"type-product","3":"status-publish","4":"has-post-thumbnail","6":"product_cat-dostawy-amazon","7":"product_tag-dostawy-amazon","9":"first","10":"instock","11":"taxable","12":"shipping-taxable","13":"purchasable","14":"product-type-simple"},"acf":[],"_links":{"self":[{"href":"https:\/\/stockify24.pl\/de\/wp-json\/wp\/v2\/product\/50821","targetHints":{"allow":["GET"]}}],"collection":[{"href":"https:\/\/stockify24.pl\/de\/wp-json\/wp\/v2\/product"}],"about":[{"href":"https:\/\/stockify24.pl\/de\/wp-json\/wp\/v2\/types\/product"}],"replies":[{"embeddable":true,"href":"https:\/\/stockify24.pl\/de\/wp-json\/wp\/v2\/comments?post=50821"}],"wp:featuredmedia":[{"embeddable":true,"href":"https:\/\/stockify24.pl\/de\/wp-json\/wp\/v2\/media\/50806"}],"wp:attachment":[{"href":"https:\/\/stockify24.pl\/de\/wp-json\/wp\/v2\/media?parent=50821"}],"wp:term":[{"taxonomy":"product_brand","embeddable":true,"href":"https:\/\/stockify24.pl\/de\/wp-json\/wp\/v2\/product_brand?post=50821"},{"taxonomy":"product_cat","embeddable":true,"href":"https:\/\/stockify24.pl\/de\/wp-json\/wp\/v2\/product_cat?post=50821"},{"taxonomy":"product_tag","embeddable":true,"href":"https:\/\/stockify24.pl\/de\/wp-json\/wp\/v2\/product_tag?post=50821"}],"curies":[{"name":"wp","href":"https:\/\/api.w.org\/{rel}","templated":true}]}}