{"id":50867,"date":"2026-03-26T12:25:06","date_gmt":"2026-03-26T11:25:06","guid":{"rendered":"https:\/\/stockify24.pl\/?post_type=product&#038;p=50867"},"modified":"2026-03-30T14:46:57","modified_gmt":"2026-03-30T13:46:57","slug":"palety-amazon-mix-a-b-132","status":"publish","type":"product","link":"https:\/\/stockify24.pl\/de\/produkt\/palety-amazon-mix-a-b-132\/","title":{"rendered":"Amazon MIX Paletten | A-B | #132"},"content":{"rendered":"<div class=\"flex flex-col text-sm pb-25\">\n<section class=\"text-token-text-primary w-full focus:outline-none [--shadow-height:45px] has-data-writing-block:pointer-events-none has-data-writing-block:-mt-(--shadow-height) has-data-writing-block:pt-(--shadow-height) [&amp;:has([data-writing-block])&gt;*]:pointer-events-auto scroll-mt-[calc(var(--header-height)+min(200px,max(70px,20svh)))]\" dir=\"auto\" data-turn-id=\"request-69b8245d-0030-838e-b654-ccb872ba6f51-25\" data-testid=\"conversation-turn-200\" data-scroll-anchor=\"true\" data-turn=\"assistant\">\n<div class=\"text-base my-auto mx-auto pb-10 [--thread-content-margin:var(--thread-content-margin-xs,calc(var(--spacing)*4))] @w-sm\/main:[--thread-content-margin:var(--thread-content-margin-sm,calc(var(--spacing)*6))] @w-lg\/main:[--thread-content-margin:var(--thread-content-margin-lg,calc(var(--spacing)*16))] px-(--thread-content-margin)\">\n<div class=\"[--thread-content-max-width:40rem] @w-lg\/main:[--thread-content-max-width:48rem] mx-auto max-w-(--thread-content-max-width) flex-1 group\/turn-messages focus-visible:outline-hidden relative flex w-full min-w-0 flex-col agent-turn\">\n<div class=\"flex max-w-full flex-col gap-4 grow\">\n<div class=\"min-h-8 text-message relative flex w-full flex-col items-end gap-2 text-start break-words whitespace-normal outline-none keyboard-focused:focus-ring [.text-message+&amp;]:mt-1\" dir=\"auto\" tabindex=\"0\" data-message-author-role=\"assistant\" data-message-id=\"ed8abcdd-be0d-4615-88f1-9a47a52c2d16\" data-message-model-slug=\"gpt-5-3\" data-turn-start-message=\"true\">\n<div class=\"flex w-full flex-col gap-1 empty:hidden\">\n<div class=\"markdown prose dark:prose-invert w-full wrap-break-word dark markdown-new-styling\">\n<div class=\"flex h-svh w-screen flex-col\">\n<div class=\"relative z-0 flex min-h-0 w-full flex-1\">\n<div class=\"relative flex min-h-0 w-full flex-1\">\n<div class=\"@container\/main relative flex min-w-0 flex-1 flex-col -translate-y-[calc(env(safe-area-inset-bottom,0px)\/2)] pt-[calc(env(safe-area-inset-bottom,0px)\/2)]\">\n<div class=\"@w-sm\/main:[scrollbar-gutter:var(--stage-scroll-gutter)] touch:[scrollbar-width:none] group\/scroll-root relative flex min-h-0 min-w-0 flex-1 flex-col [scrollbar-gutter:stable] not-print:overflow-x-clip not-print:overflow-y-auto group-data-stream-active\/scroll-root:[overflow-anchor:none] scroll-pt-(--header-height) [--sticky-padding-top:var(--header-height)] [--sticky-padding-bottom:0px] [--scroll-root-safe-area-inset-top:calc(var(--sticky-padding-top)+env(safe-area-inset-top,0px))] [--scroll-root-safe-area-inset-bottom:calc(var(--sticky-padding-bottom)+var(--screen-keyboard-height,0px)+env(safe-area-inset-bottom,0px))] [--scroll-root-safe-area-height:calc(100lvh-var(--scroll-root-safe-area-inset-top)-var(--scroll-root-safe-area-inset-bottom))] has-data-[fixed-header=less-than-xl]:@w-xl\/main:scroll-pt-0 has-data-[fixed-header=less-than-xl]:@w-xl\/main:[--sticky-padding-top:0px] has-data-[fixed-header=less-than-xxl]:@w-2xl\/main:scroll-pt-0 has-data-[fixed-header=less-than-xxl]:@w-2xl\/main:[--sticky-padding-top:0px]\" data-scroll-root=\"\" data-scroll-from-top=\"\">\n<div class=\"relative basis-auto flex-col -mb-(--composer-overlap-px) pb-(--composer-overlap-px) [--composer-overlap-px:28px] grow flex\">\n<div class=\"flex flex-col text-sm\">\n<section class=\"text-token-text-primary w-full focus:outline-none [--shadow-height:45px] has-data-writing-block:pointer-events-none has-data-writing-block:-mt-(--shadow-height) has-data-writing-block:pt-(--shadow-height) [&amp;:has([data-writing-block])&gt;*]:pointer-events-auto scroll-mt-[calc(var(--header-height)+min(200px,max(70px,20svh)))]\" dir=\"auto\" data-turn-id=\"request-WEB:cc509de0-714c-4653-ad32-6b5e125a8411-7\" data-testid=\"conversation-turn-10\" data-scroll-anchor=\"true\" data-turn=\"assistant\">\n<div class=\"text-base my-auto mx-auto pb-10 [--thread-content-margin:var(--thread-content-margin-xs,calc(var(--spacing)*4))] @w-sm\/main:[--thread-content-margin:var(--thread-content-margin-sm,calc(var(--spacing)*6))] @w-lg\/main:[--thread-content-margin:var(--thread-content-margin-lg,calc(var(--spacing)*16))] px-(--thread-content-margin)\">\n<div class=\"[--thread-content-max-width:40rem] @w-lg\/main:[--thread-content-max-width:48rem] mx-auto max-w-(--thread-content-max-width) flex-1 group\/turn-messages focus-visible:outline-hidden relative flex w-full min-w-0 flex-col agent-turn\">\n<div class=\"flex max-w-full flex-col gap-4 grow\">\n<div class=\"min-h-8 text-message relative flex w-full flex-col items-end gap-2 text-start break-words whitespace-normal outline-none keyboard-focused:focus-ring [.text-message+&amp;]:mt-1\" dir=\"auto\" tabindex=\"0\" data-message-author-role=\"assistant\" data-message-id=\"cfa6deea-8ce4-4542-9cf9-48a3b1cdbe9a\" data-message-model-slug=\"gpt-5-3\" data-turn-start-message=\"true\">\n<div class=\"flex w-full flex-col gap-1 empty:hidden\">\n<div class=\"markdown prose dark:prose-invert w-full wrap-break-word dark markdown-new-styling\">\n<h1 data-section-id=\"snsq9h\" data-start=\"174\" data-end=\"248\">Palety Amazon MIX 138 kg \u2013 mix elektroniki i produkt\u00f3w konsumenckich A\u2013B<\/h1>\n<h2 data-section-id=\"1ba3hti\" data-start=\"250\" data-end=\"328\">Paleta Amazon MIX 138 kg \u2013 zwi\u0119kszony wolumen i wi\u0119kszy potencja\u0142 sprzeda\u017cy<\/h2>\n<p data-start=\"330\" data-end=\"676\"><strong>Palety Amazon MIX<\/strong> o wadze oko\u0142o 138 kg to rozwi\u0105zanie dla sprzedawc\u00f3w, kt\u00f3rzy chc\u0105 pracowa\u0107 na wi\u0119kszej ilo\u015bci towaru w jednej dostawie i jednocze\u015bnie utrzyma\u0107 elastyczno\u015b\u0107 sprzeda\u017cy w wielu kategoriach. Ten wariant pozwala zwi\u0119kszy\u0107 dost\u0119pno\u015b\u0107 produkt\u00f3w oraz poprawi\u0107 efektywno\u015b\u0107 operacyjn\u0105 bez konieczno\u015bci przechodzenia na pe\u0142ny model hurtowy.<\/p>\n<p data-start=\"678\" data-end=\"881\">Struktura palety opiera si\u0119 na po\u0142\u0105czeniu elektroniki u\u017cytkowej oraz produkt\u00f3w codziennego u\u017cytku. Taki uk\u0142ad umo\u017cliwia jednoczesn\u0105 sprzeda\u017c w r\u00f3\u017cnych segmentach rynku i budowanie szerokiego asortymentu.<\/p>\n<p data-start=\"883\" data-end=\"1113\">Towar pochodzi ze zwrot\u00f3w konsumenckich Amazon (Amazon Returns) oraz nadwy\u017cek magazynowych i dost\u0119pny jest jako niesortowany mix. Ka\u017cda paleta ma indywidualny sk\u0142ad, co zwi\u0119ksza r\u00f3\u017cnorodno\u015b\u0107 produkt\u00f3w i mo\u017cliwo\u015bci ich odsprzeda\u017cy.<\/p>\n<p data-start=\"883\" data-end=\"1113\">Wszystkie modele palet Amazon mo\u017cna znale\u017a\u0107 <a href=\"https:\/\/stockify24.pl\/sklep\/\"><strong>tutaj<\/strong>.<\/a><\/p>\n<h2 data-section-id=\"1vv6owl\" data-start=\"1120\" data-end=\"1157\">Struktura palety Amazon MIX 138 kg<\/h2>\n<p data-start=\"1159\" data-end=\"1294\">Paleta zosta\u0142a zaprojektowana jako rozszerzona wersja standardowego mixu, z wi\u0119ksz\u0105 ilo\u015bci\u0105 produkt\u00f3w w jednej jednostce transportowej.<\/p>\n<h3 data-section-id=\"1aqhjhi\" data-start=\"1296\" data-end=\"1332\">Elektronika u\u017cytkowa \u2013 oko\u0142o 50%<\/h3>\n<p data-start=\"1334\" data-end=\"1420\">Elektronika stanowi kluczow\u0105 cz\u0119\u015b\u0107 zawarto\u015bci i obejmuje produkty o stabilnym popycie:<\/p>\n<ul data-start=\"1422\" data-end=\"1545\">\n<li data-section-id=\"1mvfk9o\" data-start=\"1422\" data-end=\"1449\">akcesoria GSM i mobilne<\/li>\n<li data-section-id=\"1bxbsr9\" data-start=\"1450\" data-end=\"1484\">\u0142adowarki, przewody i adaptery<\/li>\n<li data-section-id=\"l9fl3s\" data-start=\"1485\" data-end=\"1499\">powerbanki<\/li>\n<li data-section-id=\"x5tve1\" data-start=\"1500\" data-end=\"1518\">urz\u0105dzenia USB<\/li>\n<li data-section-id=\"1e6808q\" data-start=\"1519\" data-end=\"1545\">gad\u017cety technologiczne<\/li>\n<\/ul>\n<p data-start=\"1547\" data-end=\"1634\">Produkty elektroniczne s\u0105 \u0142atwe do sprzeda\u017cy i dobrze sprawdzaj\u0105 si\u0119 w kana\u0142ach online.<\/p>\n<h3 data-section-id=\"1gaupfd\" data-start=\"1641\" data-end=\"1673\">Mix kategorii \u2013 oko\u0142o 40\u201350%<\/h3>\n<p data-start=\"1675\" data-end=\"1742\">Uzupe\u0142nieniem palety s\u0105 produkty z r\u00f3\u017cnych kategorii konsumenckich:<\/p>\n<ul data-start=\"1744\" data-end=\"1888\">\n<li data-section-id=\"1cpmq9l\" data-start=\"1744\" data-end=\"1777\">artyku\u0142y domowe i wyposa\u017cenie<\/li>\n<li data-section-id=\"4eryjb\" data-start=\"1778\" data-end=\"1800\">akcesoria kuchenne<\/li>\n<li data-section-id=\"kkqyoh\" data-start=\"1801\" data-end=\"1833\">zabawki i produkty dzieci\u0119ce<\/li>\n<li data-section-id=\"1udh08r\" data-start=\"1834\" data-end=\"1865\">produkty codziennego u\u017cytku<\/li>\n<li data-section-id=\"o35k9s\" data-start=\"1866\" data-end=\"1888\">drobne wyposa\u017cenie<\/li>\n<\/ul>\n<p data-start=\"1890\" data-end=\"1978\">Zr\u00f3\u017cnicowanie pozwala zwi\u0119kszy\u0107 liczb\u0119 ofert i rozszerzy\u0107 dzia\u0142alno\u015b\u0107 na r\u00f3\u017cne segmenty.<\/p>\n<h2 data-section-id=\"1nzl81w\" data-start=\"1985\" data-end=\"2016\">Parametry logistyczne palety<\/h2>\n<p data-start=\"2018\" data-end=\"2073\">Paleta Amazon MIX 138 kg posiada nast\u0119puj\u0105ce parametry:<\/p>\n<ul data-start=\"2075\" data-end=\"2195\">\n<li data-section-id=\"1tme29e\" data-start=\"2075\" data-end=\"2097\">waga: 138 kg<\/li>\n<li data-section-id=\"pcwbc1\" data-start=\"2098\" data-end=\"2124\">wysoko\u015b\u0107: oko\u0142o 100 cm<\/li>\n<li data-section-id=\"1lxabxa\" data-start=\"2125\" data-end=\"2167\">struktura: elektronika + mix kategorii<\/li>\n<li data-section-id=\"luw4jb\" data-start=\"2168\" data-end=\"2195\">sk\u0142ad: losowy i zmienny<\/li>\n<\/ul>\n<p data-start=\"2197\" data-end=\"2308\">Wi\u0119ksza waga oznacza wi\u0119ksz\u0105 ilo\u015b\u0107 produkt\u00f3w w jednej palecie, co przek\u0142ada si\u0119 na wi\u0119kszy potencja\u0142 sprzeda\u017cy.<\/p>\n<h2 data-section-id=\"1tvr7i2\" data-start=\"2315\" data-end=\"2345\">Stan produkt\u00f3w \u2013 jako\u015b\u0107 A\u2013B<\/h2>\n<p data-start=\"2347\" data-end=\"2398\">Produkty w palecie nale\u017c\u0105 do kategorii jako\u015bci A\u2013B:<\/p>\n<ul data-start=\"2400\" data-end=\"2543\">\n<li data-section-id=\"1krq1a5\" data-start=\"2400\" data-end=\"2453\">dominuj\u0105 produkty nowe lub w bardzo dobrym stanie<\/li>\n<li data-section-id=\"imczsu\" data-start=\"2454\" data-end=\"2497\">mo\u017cliwe s\u0105 niewielkie \u015blady u\u017cytkowania<\/li>\n<li data-section-id=\"wfike3\" data-start=\"2498\" data-end=\"2543\">mo\u017cliwa domieszka klasy C (do oko\u0142o 5\u20137%)<\/li>\n<\/ul>\n<p data-start=\"2545\" data-end=\"2619\">Towar nie jest testowany i pochodzi bezpo\u015brednio ze zwrot\u00f3w konsumenckich.<\/p>\n<h2 data-section-id=\"fz42gs\" data-start=\"2626\" data-end=\"2663\">Model Amazon Returns \u2013 jak dzia\u0142a?<\/h2>\n<p data-start=\"2665\" data-end=\"2734\">Produkty w paletach pochodz\u0105 z modelu Amazon Returns, kt\u00f3ry obejmuje:<\/p>\n<ul data-start=\"2736\" data-end=\"2802\">\n<li data-section-id=\"1veda80\" data-start=\"2736\" data-end=\"2755\">zwroty klient\u00f3w<\/li>\n<li data-section-id=\"ka3tzd\" data-start=\"2756\" data-end=\"2779\">nadwy\u017cki magazynowe<\/li>\n<li data-section-id=\"gmqsww\" data-start=\"2780\" data-end=\"2802\">produkty z rotacji<\/li>\n<\/ul>\n<p data-start=\"2804\" data-end=\"2826\">W praktyce oznacza to:<\/p>\n<ul data-start=\"2828\" data-end=\"2949\">\n<li data-section-id=\"1ej34bl\" data-start=\"2828\" data-end=\"2861\">brak szczeg\u00f3\u0142owego sortowania<\/li>\n<li data-section-id=\"tmp1bw\" data-start=\"2862\" data-end=\"2887\">brak listy zawarto\u015bci<\/li>\n<li data-section-id=\"13kzysc\" data-start=\"2888\" data-end=\"2920\">unikalny sk\u0142ad ka\u017cdej palety<\/li>\n<li data-section-id=\"978kko\" data-start=\"2921\" data-end=\"2949\">szeroki zakres produkt\u00f3w<\/li>\n<\/ul>\n<p data-start=\"2951\" data-end=\"3012\">Model ten jest standardem w sprzeda\u017cy paletowej i resellerce.<\/p>\n<h2 data-section-id=\"xlirqb\" data-start=\"3019\" data-end=\"3058\">Dlaczego warto wybra\u0107 palet\u0119 138 kg?<\/h2>\n<p data-start=\"3060\" data-end=\"3139\">Paleta o zwi\u0119kszonej wadze daje wyra\u017ane przewagi wzgl\u0119dem mniejszych wariant\u00f3w:<\/p>\n<ul data-start=\"3141\" data-end=\"3333\">\n<li data-section-id=\"ieljwf\" data-start=\"3141\" data-end=\"3187\">wi\u0119ksza liczba produkt\u00f3w w jednej dostawie<\/li>\n<li data-section-id=\"xjbkzj\" data-start=\"3188\" data-end=\"3223\">lepszy koszt jednostkowy zakupu<\/li>\n<li data-section-id=\"1esopzk\" data-start=\"3224\" data-end=\"3258\">wi\u0119ksze mo\u017cliwo\u015bci sprzeda\u017cowe<\/li>\n<li data-section-id=\"1j89qqz\" data-start=\"3259\" data-end=\"3295\">optymalizacja koszt\u00f3w transportu<\/li>\n<li data-section-id=\"18oq7sb\" data-start=\"3296\" data-end=\"3333\">zwi\u0119kszona efektywno\u015b\u0107 operacyjna<\/li>\n<\/ul>\n<p data-start=\"3335\" data-end=\"3450\">To rozwi\u0105zanie dla sprzedawc\u00f3w, kt\u00f3rzy chc\u0105 zwi\u0119kszy\u0107 skal\u0119 dzia\u0142alno\u015bci bez przechodzenia na du\u017ce dostawy hurtowe.<\/p>\n<h2 data-section-id=\"9zkgxy\" data-start=\"3457\" data-end=\"3499\">Dla kogo jest paleta Amazon MIX 138 kg?<\/h2>\n<h3 data-section-id=\"1gwcwnz\" data-start=\"3501\" data-end=\"3543\">Sprzedawcy rozwijaj\u0105cy sprzeda\u017c online<\/h3>\n<p data-start=\"3545\" data-end=\"3628\">Paleta pozwala zwi\u0119kszy\u0107 liczb\u0119 ofert i rozbudowa\u0107 asortyment sklepu internetowego.<\/p>\n<h3 data-section-id=\"1ax5kue\" data-start=\"3635\" data-end=\"3681\">Resellerzy pracuj\u0105cy na wi\u0119kszym wolumenie<\/h3>\n<p data-start=\"3683\" data-end=\"3751\">Wi\u0119ksza ilo\u015b\u0107 produkt\u00f3w umo\u017cliwia sprzeda\u017c pojedyncz\u0105 lub pakietow\u0105.<\/p>\n<h3 data-section-id=\"1ao917r\" data-start=\"3758\" data-end=\"3807\">Osoby przechodz\u0105ce na wy\u017cszy poziom sprzeda\u017cy<\/h3>\n<p data-start=\"3809\" data-end=\"3881\">Paleta 138 kg to etap pomi\u0119dzy standardowym mixem a wi\u0119kszymi dostawami.<\/p>\n<h2 data-section-id=\"18ww5rz\" data-start=\"3888\" data-end=\"3921\">Zastosowanie palety w praktyce<\/h2>\n<p data-start=\"3923\" data-end=\"3983\">Paleta mo\u017ce by\u0107 wykorzystywana w r\u00f3\u017cnych modelach sprzeda\u017cy:<\/p>\n<ul data-start=\"3985\" data-end=\"4104\">\n<li data-section-id=\"c9k76t\" data-start=\"3985\" data-end=\"4023\">marketplace (<a href=\"https:\/\/allegro.pl\/\" target=\"_blank\" rel=\"noopener\">Allegro<\/a>, <a href=\"https:\/\/www.olx.pl\/\" target=\"_blank\" rel=\"noopener\">OLX<\/a>, <a href=\"https:\/\/www.ebay.com\/\" target=\"_blank\" rel=\"noopener\">eBay<\/a>, <a href=\"https:\/\/www.amazon.com\/\" target=\"_blank\" rel=\"noopener\">Amazon<\/a>)<\/li>\n<li data-section-id=\"1fmpn86\" data-start=\"4024\" data-end=\"4046\">sklepy internetowe<\/li>\n<li data-section-id=\"v7r6ad\" data-start=\"4047\" data-end=\"4067\">sprzeda\u017c lokalna<\/li>\n<li data-section-id=\"pjrrgy\" data-start=\"4068\" data-end=\"4104\">sprzeda\u017c detaliczna i p\u00f3\u0142hurtowa<\/li>\n<\/ul>\n<p data-start=\"4106\" data-end=\"4179\">R\u00f3\u017cnorodno\u015b\u0107 produkt\u00f3w pozwala dopasowa\u0107 ofert\u0119 do r\u00f3\u017cnych grup klient\u00f3w.<\/p>\n<h2 data-section-id=\"1c6f4ol\" data-start=\"4186\" data-end=\"4207\">Korzy\u015bci biznesowe<\/h2>\n<p data-start=\"4209\" data-end=\"4244\">Paleta Amazon MIX 138 kg umo\u017cliwia:<\/p>\n<ul data-start=\"4246\" data-end=\"4432\">\n<li data-section-id=\"1pnh2q1\" data-start=\"4246\" data-end=\"4290\">zwi\u0119kszenie liczby produkt\u00f3w w sprzeda\u017cy<\/li>\n<li data-section-id=\"1jhu77j\" data-start=\"4291\" data-end=\"4334\">rozw\u00f3j dzia\u0142alno\u015bci w wielu kategoriach<\/li>\n<li data-section-id=\"1r895r1\" data-start=\"4335\" data-end=\"4372\">testowanie nowych segment\u00f3w rynku<\/li>\n<li data-section-id=\"6ksego\" data-start=\"4373\" data-end=\"4399\">popraw\u0119 rotacji towaru<\/li>\n<li data-section-id=\"58eidh\" data-start=\"4400\" data-end=\"4432\">optymalizacj\u0119 koszt\u00f3w zakupu<\/li>\n<\/ul>\n<p data-start=\"4434\" data-end=\"4509\">To rozwi\u0105zanie wspiera rozw\u00f3j sprzeda\u017cy w spos\u00f3b kontrolowany i skalowalny.<\/p>\n<h2 data-section-id=\"1bo59iu\" data-start=\"4516\" data-end=\"4540\">Logistyka i transport<\/h2>\n<p data-start=\"4542\" data-end=\"4592\">Palety s\u0105 przygotowane do bezpiecznego transportu:<\/p>\n<ul data-start=\"4594\" data-end=\"4707\">\n<li data-section-id=\"1bgmcs5\" data-start=\"4594\" data-end=\"4630\">wysy\u0142ka z magazyn\u00f3w europejskich<\/li>\n<li data-section-id=\"1llw21g\" data-start=\"4631\" data-end=\"4675\">zabezpieczenie towaru na czas transportu<\/li>\n<li data-section-id=\"1w7s4ii\" data-start=\"4676\" data-end=\"4707\">sprawna realizacja zam\u00f3wie\u0144<\/li>\n<\/ul>\n<p data-start=\"4709\" data-end=\"4781\">Parametry palety umo\u017cliwiaj\u0105 wygodne magazynowanie i dalsz\u0105 dystrybucj\u0119.<\/p>\n<h2 data-section-id=\"71p1w8\" data-start=\"4788\" data-end=\"4807\">Wa\u017cne informacje<\/h2>\n<ul data-start=\"4809\" data-end=\"5012\">\n<li data-section-id=\"50jq0l\" data-start=\"4809\" data-end=\"4853\">towar typu Amazon Returns \u2013 niesortowany<\/li>\n<li data-section-id=\"1bi9krm\" data-start=\"4854\" data-end=\"4883\">produkty nie s\u0105 testowane<\/li>\n<li data-section-id=\"wfike3\" data-start=\"4884\" data-end=\"4929\">mo\u017cliwa domieszka klasy C (do oko\u0142o 5\u20137%)<\/li>\n<li data-section-id=\"1hsez99\" data-start=\"4930\" data-end=\"4977\">brak gwarancji konkretnej zawarto\u015bci palety<\/li>\n<li data-section-id=\"1tic686\" data-start=\"4978\" data-end=\"5012\">ka\u017cda paleta ma unikalny sk\u0142ad<\/li>\n<\/ul>\n<h2 data-section-id=\"1ypgyq3\" data-start=\"5019\" data-end=\"5039\">Zdj\u0119cia pogl\u0105dowe<\/h2>\n<p data-start=\"5041\" data-end=\"5178\">Zdj\u0119cia maj\u0105 charakter pogl\u0105dowy i przedstawiaj\u0105 przyk\u0142adow\u0105 zawarto\u015b\u0107 palety. Rzeczywisty sk\u0142ad mo\u017ce si\u0119 r\u00f3\u017cni\u0107 w zale\u017cno\u015bci od dostawy.<\/p>\n<\/div>\n<\/div>\n<\/div>\n<\/div>\n<\/div>\n<\/div>\n<\/section>\n<\/div>\n<\/div>\n<\/div>\n<\/div>\n<\/div>\n<\/div>\n<\/div>\n<\/div>\n<\/div>\n<\/div>\n<\/div>\n<\/div>\n<\/div>\n<\/section>\n<\/div>\n","protected":false},"excerpt":{"rendered":"<p class=\"p1\">\u26a1 Oko\u0142o 50% elektroniki, mix kategorii (ok. 50%)<\/p>\n<p class=\"p1\">\ud83d\udd25 Amazon Returns<\/p>\n<p class=\"p1\" style=\"text-align: left;\">\u2714\ufe0f Jako\u015b\u0107 A\u2013B<\/p>","protected":false},"featured_media":50868,"comment_status":"open","ping_status":"closed","template":"","meta":{"_acf_changed":false},"product_brand":[],"product_cat":[1287],"product_tag":[1294],"class_list":{"0":"post-50867","1":"product","2":"type-product","3":"status-publish","4":"has-post-thumbnail","6":"product_cat-amazon-mix","7":"product_tag-amazon-mix","9":"first","10":"instock","11":"sold-individually","12":"taxable","13":"shipping-taxable","14":"purchasable","15":"product-type-simple"},"acf":[],"_links":{"self":[{"href":"https:\/\/stockify24.pl\/de\/wp-json\/wp\/v2\/product\/50867","targetHints":{"allow":["GET"]}}],"collection":[{"href":"https:\/\/stockify24.pl\/de\/wp-json\/wp\/v2\/product"}],"about":[{"href":"https:\/\/stockify24.pl\/de\/wp-json\/wp\/v2\/types\/product"}],"replies":[{"embeddable":true,"href":"https:\/\/stockify24.pl\/de\/wp-json\/wp\/v2\/comments?post=50867"}],"wp:featuredmedia":[{"embeddable":true,"href":"https:\/\/stockify24.pl\/de\/wp-json\/wp\/v2\/media\/50868"}],"wp:attachment":[{"href":"https:\/\/stockify24.pl\/de\/wp-json\/wp\/v2\/media?parent=50867"}],"wp:term":[{"taxonomy":"product_brand","embeddable":true,"href":"https:\/\/stockify24.pl\/de\/wp-json\/wp\/v2\/product_brand?post=50867"},{"taxonomy":"product_cat","embeddable":true,"href":"https:\/\/stockify24.pl\/de\/wp-json\/wp\/v2\/product_cat?post=50867"},{"taxonomy":"product_tag","embeddable":true,"href":"https:\/\/stockify24.pl\/de\/wp-json\/wp\/v2\/product_tag?post=50867"}],"curies":[{"name":"wp","href":"https:\/\/api.w.org\/{rel}","templated":true}]}}