{"id":51305,"date":"2026-04-16T10:43:58","date_gmt":"2026-04-16T09:43:58","guid":{"rendered":"https:\/\/stockify24.pl\/?post_type=product&#038;p=51305"},"modified":"2026-04-24T15:16:04","modified_gmt":"2026-04-24T14:16:04","slug":"paleta-elektroniki-z-europy-eu-a-b-238","status":"publish","type":"product","link":"https:\/\/stockify24.pl\/de\/produkt\/paleta-elektroniki-z-europy-eu-a-b-238\/","title":{"rendered":"Paleta elektroniki z Europy (EU) |A\u2013B| #238"},"content":{"rendered":"<section class=\"text-token-text-primary w-full focus:outline-none [--shadow-height:45px] has-data-writing-block:pointer-events-none has-data-writing-block:-mt-(--shadow-height) has-data-writing-block:pt-(--shadow-height) [&amp;:has([data-writing-block])&gt;*]:pointer-events-auto [content-visibility:auto] supports-[content-visibility:auto]:[contain-intrinsic-size:auto_100lvh] R6Vx5W_threadScrollVars scroll-mb-[calc(var(--scroll-root-safe-area-inset-bottom,0px)+var(--thread-response-height))] scroll-mt-[calc(var(--header-height)+min(200px,max(70px,20svh)))]\" dir=\"auto\" data-turn-id=\"request-69c65452-e37c-8386-b18d-56272d59cc8a-2\" data-testid=\"conversation-turn-182\" data-scroll-anchor=\"false\" data-turn=\"assistant\">\n<div class=\"text-base my-auto mx-auto pb-10 [--thread-content-margin:var(--thread-content-margin-xs,calc(var(--spacing)*4))] @w-sm\/main:[--thread-content-margin:var(--thread-content-margin-sm,calc(var(--spacing)*6))] @w-lg\/main:[--thread-content-margin:var(--thread-content-margin-lg,calc(var(--spacing)*16))] px-(--thread-content-margin)\">\n<div class=\"[--thread-content-max-width:40rem] @w-lg\/main:[--thread-content-max-width:48rem] mx-auto max-w-(--thread-content-max-width) flex-1 group\/turn-messages focus-visible:outline-hidden relative flex w-full min-w-0 flex-col agent-turn\">\n<div class=\"flex max-w-full flex-col gap-4 grow\">\n<div class=\"min-h-8 text-message relative flex w-full flex-col items-end gap-2 text-start break-words whitespace-normal outline-none keyboard-focused:focus-ring [.text-message+&amp;]:mt-1\" dir=\"auto\" tabindex=\"0\" data-message-author-role=\"assistant\" data-message-id=\"d85b2cda-9e84-4202-a0e8-91a8c5659274\" data-message-model-slug=\"gpt-5-3\" data-turn-start-message=\"true\">\n<div class=\"flex w-full flex-col gap-1 empty:hidden\">\n<div class=\"markdown prose dark:prose-invert w-full wrap-break-word dark markdown-new-styling\">\n<h1 data-section-id=\"nrrls4\" data-start=\"258\" data-end=\"347\"><span role=\"text\"><strong data-start=\"260\" data-end=\"347\">Paleta elektroniki z Europy EU \u2013 mix A\u2013B | 70\u201380% elektronika u\u017cytkowa do sprzeda\u017cy<\/strong><\/span><\/h1>\n<h2 data-section-id=\"1pmlyso\" data-start=\"349\" data-end=\"415\">Nowa dostawa \u2013 wi\u0119cej produkt\u00f3w, wi\u0119ksza rotacja, szybszy obr\u00f3t<\/h2>\n<p data-start=\"417\" data-end=\"708\">Paleta elektroniki z Europy EU w standardzie A\u2013B to rozwi\u0105zanie dla sprzedawc\u00f3w, kt\u00f3rzy chc\u0105 rozwija\u0107 sprzeda\u017c poprzez zwi\u0119kszenie liczby produkt\u00f3w i przyspieszenie rotacji. Tego typu dostawa umo\u017cliwia natychmiastowe rozszerzenie oferty bez konieczno\u015bci kompletowania asortymentu pojedynczo.<\/p>\n<p data-start=\"710\" data-end=\"977\">Zawarto\u015b\u0107 palety obejmuje oko\u0142o 70\u201380% elektroniki u\u017cytkowej, co pozwala skoncentrowa\u0107 dzia\u0142ania sprzeda\u017cowe na kategorii o wysokim i stabilnym popycie. Dzi\u0119ki temu mo\u017cliwe jest osi\u0105ganie wynik\u00f3w sprzeda\u017cowych w kr\u00f3tszym czasie oraz efektywne skalowanie dzia\u0142alno\u015bci.<\/p>\n<p data-start=\"979\" data-end=\"1133\">Ka\u017cda paleta ma losowy sk\u0142ad, co oznacza brak powtarzalno\u015bci produkt\u00f3w. To pozwala stale odnawia\u0107 ofert\u0119 i dopasowywa\u0107 j\u0105 do aktualnych trend\u00f3w rynkowych.<\/p>\n<h2 data-section-id=\"rjc340\" data-start=\"1140\" data-end=\"1206\">Zawarto\u015b\u0107 palety \u2013 elektronika o szerokim zastosowaniu rynkowym<\/h2>\n<p data-start=\"1208\" data-end=\"1342\">Mix obejmuje produkty elektroniczne i akcesoria, kt\u00f3re nale\u017c\u0105 do najcz\u0119\u015bciej kupowanych kategorii i dobrze sprzedaj\u0105 si\u0119 w e-commerce.<\/p>\n<p data-start=\"1344\" data-end=\"1381\">W sk\u0142ad palety wchodz\u0105 mi\u0119dzy innymi:<\/p>\n<ul data-start=\"1383\" data-end=\"1621\">\n<li data-section-id=\"iz16co\" data-start=\"1383\" data-end=\"1426\">s\u0142uchawki bezprzewodowe oraz przewodowe<\/li>\n<li data-section-id=\"om8off\" data-start=\"1427\" data-end=\"1463\">\u0142adowarki, przewody i powerbanki<\/li>\n<li data-section-id=\"2cko63\" data-start=\"1464\" data-end=\"1481\">akcesoria GSM<\/li>\n<li data-section-id=\"r5wtn7\" data-start=\"1482\" data-end=\"1512\">urz\u0105dzenia typu smart home<\/li>\n<li data-section-id=\"isey0l\" data-start=\"1513\" data-end=\"1552\">drobne AGD (np. suszarki, masa\u017cery)<\/li>\n<li data-section-id=\"31a3fm\" data-start=\"1553\" data-end=\"1594\">kontrolery oraz gad\u017cety elektroniczne<\/li>\n<li data-section-id=\"4fq00c\" data-start=\"1595\" data-end=\"1621\">inne produkty u\u017cytkowe<\/li>\n<\/ul>\n<p data-start=\"1623\" data-end=\"1792\">Zr\u00f3\u017cnicowany asortyment umo\u017cliwia prowadzenie sprzeda\u017cy w wielu segmentach jednocze\u015bnie, co zwi\u0119ksza tempo sprzeda\u017cy i poprawia efektywno\u015b\u0107 wykorzystania ka\u017cdej dostawy.<\/p>\n<h2 data-section-id=\"1bzxoqi\" data-start=\"1799\" data-end=\"1850\">Parametry techniczne<\/h2>\n<ul data-start=\"1852\" data-end=\"2024\">\n<li data-section-id=\"pdbh1u\" data-start=\"1852\" data-end=\"1879\">wysoko\u015b\u0107 palety: 1 metr<\/li>\n<li data-section-id=\"1tgmy52\" data-start=\"1880\" data-end=\"1902\">waga netto: 140 kg<\/li>\n<li data-section-id=\"6ry0ec\" data-start=\"1903\" data-end=\"1943\">struktura: mix elektroniki u\u017cytkowej<\/li>\n<li data-section-id=\"1hlaiqg\" data-start=\"1944\" data-end=\"1976\">asortyment: losowy i zmienny<\/li>\n<li data-section-id=\"10hkle2\" data-start=\"1977\" data-end=\"2024\">ka\u017cda paleta: indywidualny zestaw produkt\u00f3w<\/li>\n<\/ul>\n<p data-start=\"2026\" data-end=\"2112\">Paleta nie posiada sta\u0142ej specyfikacji \u2014 zawarto\u015b\u0107 zale\u017cy od aktualnej partii dostawy.<\/p>\n<h2 data-section-id=\"1cmdgh8\" data-start=\"2119\" data-end=\"2177\">Dlaczego elektronika u\u017cytkowa zapewnia stabilne wyniki?<\/h2>\n<p data-start=\"2179\" data-end=\"2352\">Elektronika u\u017cytkowa to segment, kt\u00f3ry utrzymuje wysoki poziom sprzeda\u017cy niezale\u017cnie od sezonu. Produkty z tej kategorii s\u0105 regularnie kupowane i maj\u0105 szerokie zastosowanie.<\/p>\n<p data-start=\"2354\" data-end=\"2377\">Najwa\u017cniejsze przewagi:<\/p>\n<ul data-start=\"2379\" data-end=\"2547\">\n<li data-section-id=\"1g2zt93\" data-start=\"2379\" data-end=\"2407\">szybka rotacja produkt\u00f3w<\/li>\n<li data-section-id=\"17ppg8j\" data-start=\"2408\" data-end=\"2434\">stabilny popyt rynkowy<\/li>\n<li data-section-id=\"4t3bcn\" data-start=\"2435\" data-end=\"2461\">szeroka grupa klient\u00f3w<\/li>\n<li data-section-id=\"1yaidi4\" data-start=\"2462\" data-end=\"2510\">mo\u017cliwo\u015b\u0107 sprzeda\u017cy pojedynczej i zestawowej<\/li>\n<li data-section-id=\"1klqnf\" data-start=\"2511\" data-end=\"2547\">\u0142atwa sprzeda\u017c w kana\u0142ach online<\/li>\n<\/ul>\n<p data-start=\"2549\" data-end=\"2659\">Dzi\u0119ki tym cechom paleta elektroniki z Europy EU pozwala budowa\u0107 sprzeda\u017c w spos\u00f3b przewidywalny i skalowalny.<\/p>\n<h2 data-section-id=\"9hjp8p\" data-start=\"2666\" data-end=\"2700\">Jako\u015b\u0107 produkt\u00f3w \u2013 standard A\u2013B<\/h2>\n<p data-start=\"2702\" data-end=\"2831\">Palety w standardzie A\u2013B obejmuj\u0105 produkty o zr\u00f3\u017cnicowanym stanie, jednak z przewag\u0105 towar\u00f3w nadaj\u0105cych si\u0119 do dalszej sprzeda\u017cy.<\/p>\n<p data-start=\"2833\" data-end=\"2857\">Charakterystyka jako\u015bci:<\/p>\n<ul data-start=\"2859\" data-end=\"3014\">\n<li data-section-id=\"1bepxp6\" data-start=\"2859\" data-end=\"2916\">wi\u0119kszo\u015b\u0107 produkt\u00f3w w bardzo dobrym stanie lub nowych<\/li>\n<li data-section-id=\"jqrsyy\" data-start=\"2917\" data-end=\"2953\">mo\u017cliwe drobne \u015blady u\u017cytkowania<\/li>\n<li data-section-id=\"9474dx\" data-start=\"2954\" data-end=\"3014\">dopuszczalna niewielka domieszka klasy C (do oko\u0142o 5\u20137%)<\/li>\n<\/ul>\n<p data-start=\"3016\" data-end=\"3102\">Taki poziom jako\u015bci pozwala utrzyma\u0107 korzystny stosunek ceny zakupu do ceny sprzeda\u017cy.<\/p>\n<p data-start=\"3104\" data-end=\"3195\">Produkty nie s\u0105 testowane indywidualnie, co jest standardem dla dostaw typu Amazon Returns.<\/p>\n<h2 data-section-id=\"6vba26\" data-start=\"3202\" data-end=\"3247\">Model sprzeda\u017cy \u2013 jak pracowa\u0107 na palecie?<\/h2>\n<p data-start=\"3249\" data-end=\"3395\">Sprzeda\u017c oparta na paletach polega na pracy na liczbie produkt\u00f3w oraz ich rotacji. Kluczowe znaczenie ma szybkie wprowadzenie towaru do sprzeda\u017cy.<\/p>\n<p data-start=\"3397\" data-end=\"3415\">Schemat dzia\u0142ania:<\/p>\n<ol data-start=\"3417\" data-end=\"3539\">\n<li data-section-id=\"1sbhdx6\" data-start=\"3417\" data-end=\"3434\">zakup palety<\/li>\n<li data-section-id=\"1h5xpxe\" data-start=\"3435\" data-end=\"3458\">selekcja produkt\u00f3w<\/li>\n<li data-section-id=\"bwh49e\" data-start=\"3459\" data-end=\"3480\">publikacja ofert<\/li>\n<li data-section-id=\"1gl09dc\" data-start=\"3481\" data-end=\"3511\">sprzeda\u017c w wielu kana\u0142ach<\/li>\n<li data-section-id=\"1u65gb1\" data-start=\"3512\" data-end=\"3539\">reinwestowanie \u015brodk\u00f3w<\/li>\n<\/ol>\n<p data-start=\"3541\" data-end=\"3624\">Taki model pozwala systematycznie zwi\u0119ksza\u0107 skal\u0119 dzia\u0142alno\u015bci i rozwija\u0107 sprzeda\u017c.<\/p>\n<h2 data-section-id=\"dcajmo\" data-start=\"3619\" data-end=\"3657\">Gdzie sprzedawa\u0107 produkty z palety?<\/h2>\n<p data-start=\"3672\" data-end=\"3745\">Paleta elektroniki z Europy EU sprawdza si\u0119 w r\u00f3\u017cnych kana\u0142ach sprzeda\u017cy:<\/p>\n<ul data-start=\"3777\" data-end=\"3846\">\n<li data-section-id=\"1gr8el2\" data-start=\"3777\" data-end=\"3788\"><a href=\"https:\/\/allegro.pl\/\" target=\"_blank\" rel=\"noopener\">Allegro<\/a><\/li>\n<li data-section-id=\"16txjn7\" data-start=\"3789\" data-end=\"3796\"><a href=\"https:\/\/www.olx.pl\/\" target=\"_blank\" rel=\"noopener\">OLX<\/a><\/li>\n<li data-section-id=\"1b2mlzr\" data-start=\"3797\" data-end=\"3805\"><a href=\"https:\/\/www.ebay.com\/\" target=\"_blank\" rel=\"noopener\">eBay<\/a><\/li>\n<li data-section-id=\"1ls0se6\" data-start=\"3806\" data-end=\"3816\"><a href=\"https:\/\/www.amazon.com\/\" target=\"_blank\" rel=\"noopener\">Amazon<\/a><\/li>\n<li data-section-id=\"1d4qn16\" data-start=\"3817\" data-end=\"3846\">w\u0142asne sklepy internetowe<\/li>\n<\/ul>\n<p data-start=\"3818\" data-end=\"3890\">Sprzeda\u017c wielokana\u0142owa zwi\u0119ksza zasi\u0119g i przyspiesza sprzeda\u017c produkt\u00f3w.<\/p>\n<h2 data-section-id=\"1mopser\" data-start=\"3897\" data-end=\"3924\">Korzy\u015bci dla sprzedawc\u00f3w<\/h2>\n<p data-start=\"3926\" data-end=\"4048\">Zakup palety elektroniki to rozwi\u0105zanie, kt\u00f3re umo\u017cliwia szybki rozw\u00f3j sprzeda\u017cy i zwi\u0119kszenie liczby produkt\u00f3w w ofercie.<\/p>\n<p data-start=\"4050\" data-end=\"4073\">Najwa\u017cniejsze korzy\u015bci:<\/p>\n<ul data-start=\"4075\" data-end=\"4262\">\n<li data-section-id=\"gvtpog\" data-start=\"4075\" data-end=\"4115\">szeroki asortyment w jednej dostawie<\/li>\n<li data-section-id=\"1e0drbc\" data-start=\"4116\" data-end=\"4152\">szybkie zwi\u0119kszenie liczby ofert<\/li>\n<li data-section-id=\"y5oxsb\" data-start=\"4153\" data-end=\"4176\">elastyczno\u015b\u0107 cenowa<\/li>\n<li data-section-id=\"1nkifgh\" data-start=\"4177\" data-end=\"4219\">dost\u0119p do produkt\u00f3w w korzystnej cenie<\/li>\n<li data-section-id=\"x4575q\" data-start=\"4220\" data-end=\"4262\">mo\u017cliwo\u015b\u0107 testowania r\u00f3\u017cnych kategorii<\/li>\n<\/ul>\n<p data-start=\"4264\" data-end=\"4318\">To rozwi\u0105zanie pozwala budowa\u0107 przewag\u0119 konkurencyjn\u0105.<\/p>\n<h2 data-section-id=\"f1xuem\" data-start=\"4325\" data-end=\"4347\">Logistyka i dostawa<\/h2>\n<p data-start=\"4349\" data-end=\"4433\">Palety wysy\u0142ane s\u0105 z magazynu w Europie, co umo\u017cliwia szybkie rozpocz\u0119cie sprzeda\u017cy.<\/p>\n<p data-start=\"4435\" data-end=\"4451\">Proces obejmuje:<\/p>\n<ul data-start=\"4453\" data-end=\"4526\">\n<li data-section-id=\"7znjh2\" data-start=\"4453\" data-end=\"4481\">przygotowanie zam\u00f3wienia<\/li>\n<li data-section-id=\"1qo0dyy\" data-start=\"4482\" data-end=\"4506\">bezpieczne pakowanie<\/li>\n<li data-section-id=\"a3em40\" data-start=\"4507\" data-end=\"4526\">sprawn\u0105 wysy\u0142k\u0119<\/li>\n<\/ul>\n<p data-start=\"4528\" data-end=\"4594\">Dzi\u0119ki temu mo\u017cliwe jest szybkie wdro\u017cenie produkt\u00f3w do sprzeda\u017cy.<\/p>\n<h2 data-section-id=\"m7gcpp\" data-start=\"4601\" data-end=\"4628\">Informacje przed zakupem<\/h2>\n<ul data-start=\"4630\" data-end=\"4842\">\n<li data-section-id=\"1odlefs\" data-start=\"4630\" data-end=\"4700\">towar pochodzi ze zwrot\u00f3w konsumenckich oraz nadwy\u017cek magazynowych<\/li>\n<li data-section-id=\"196h1iw\" data-start=\"4701\" data-end=\"4744\">produkty nie s\u0105 testowane indywidualnie<\/li>\n<li data-section-id=\"1st3k7w\" data-start=\"4745\" data-end=\"4784\">mo\u017cliwa niewielka domieszka klasy C<\/li>\n<li data-section-id=\"1jh6vg4\" data-start=\"4785\" data-end=\"4817\">ka\u017cda paleta ma losowy sk\u0142ad<\/li>\n<li data-section-id=\"1rrf97y\" data-start=\"4818\" data-end=\"4842\">brak listy produkt\u00f3w<\/li>\n<\/ul>\n<p data-start=\"4844\" data-end=\"4914\">Zmienno\u015b\u0107 zawarto\u015bci to naturalny element tego modelu i jego przewaga.<\/p>\n<h2 data-section-id=\"1p9idgo\" data-start=\"4921\" data-end=\"4962\">Podsumowanie \u2013 czy warto kupi\u0107 palet\u0119?<\/h2>\n<p data-start=\"4964\" data-end=\"5104\">Paleta elektroniki z Europy EU to rozwi\u0105zanie dla sprzedawc\u00f3w, kt\u00f3rzy chc\u0105 rozwija\u0107 sprzeda\u017c w oparciu o rotacj\u0119, r\u00f3\u017cnorodno\u015b\u0107 i skalowanie.<\/p>\n<p data-start=\"5106\" data-end=\"5126\">Model ten umo\u017cliwia:<\/p>\n<ul data-start=\"5128\" data-end=\"5271\">\n<li data-section-id=\"q7uix1\" data-start=\"5128\" data-end=\"5168\">szybkie zwi\u0119kszenie liczby produkt\u00f3w<\/li>\n<li data-section-id=\"685pbr\" data-start=\"5169\" data-end=\"5206\">rozw\u00f3j sprzeda\u017cy w wielu kana\u0142ach<\/li>\n<li data-section-id=\"2e2gk9\" data-start=\"5207\" data-end=\"5238\">dopasowanie oferty do rynku<\/li>\n<li data-section-id=\"nord47\" data-start=\"5239\" data-end=\"5271\">osi\u0105ganie stabilnych wynik\u00f3w<\/li>\n<\/ul>\n<p data-start=\"5273\" data-end=\"5431\">W e-commerce wygrywaj\u0105 ci, kt\u00f3rzy dzia\u0142aj\u0105 szybko i posiadaj\u0105 szeroki asortyment. Paleta elektroniki z Europy EU daje realne mo\u017cliwo\u015bci osi\u0105gni\u0119cia tego celu.<\/p>\n<p data-start=\"5505\" data-end=\"5558\" data-is-last-node=\"\" data-is-only-node=\"\">\ud83d\udc49 Wszystkie modele palet Amazon mo\u017cna znale\u017a\u0107 <a href=\"https:\/\/stockify24.pl\/sklep\/\"><strong>tutaj<\/strong>.<\/a><\/p>\n<\/div>\n<\/div>\n<\/div>\n<\/div>\n<\/div>\n<\/div>\n<\/section>\n","protected":false},"excerpt":{"rendered":"<p class=\"p1\">\u26a1 Oko\u0142o 70\u201380% elektroniki<\/p>\n<p class=\"p1\">\ud83c\uddea\ud83c\uddfa EU<\/p>\n<p class=\"p1\">\ud83d\udd25 Amazon Returns<\/p>\n<p class=\"p1\" style=\"text-align: left;\">\u2714\ufe0f Jako\u015b\u0107 A\u2013B<\/p>","protected":false},"featured_media":51892,"comment_status":"open","ping_status":"closed","template":"","meta":{"_acf_changed":false},"product_brand":[],"product_cat":[1258,1273,1284],"product_tag":[1274],"class_list":{"0":"post-51305","1":"product","2":"type-product","3":"status-publish","4":"has-post-thumbnail","6":"product_cat-amazon-paleta","7":"product_cat-mix-elektroniki-eu-amazon-returns-ab","8":"product_cat-palety-dnia","9":"product_tag-paleta-mix-elektroniki-z-europy","11":"first","12":"instock","13":"sold-individually","14":"taxable","15":"shipping-taxable","16":"purchasable","17":"product-type-simple"},"acf":[],"_links":{"self":[{"href":"https:\/\/stockify24.pl\/de\/wp-json\/wp\/v2\/product\/51305","targetHints":{"allow":["GET"]}}],"collection":[{"href":"https:\/\/stockify24.pl\/de\/wp-json\/wp\/v2\/product"}],"about":[{"href":"https:\/\/stockify24.pl\/de\/wp-json\/wp\/v2\/types\/product"}],"replies":[{"embeddable":true,"href":"https:\/\/stockify24.pl\/de\/wp-json\/wp\/v2\/comments?post=51305"}],"wp:featuredmedia":[{"embeddable":true,"href":"https:\/\/stockify24.pl\/de\/wp-json\/wp\/v2\/media\/51892"}],"wp:attachment":[{"href":"https:\/\/stockify24.pl\/de\/wp-json\/wp\/v2\/media?parent=51305"}],"wp:term":[{"taxonomy":"product_brand","embeddable":true,"href":"https:\/\/stockify24.pl\/de\/wp-json\/wp\/v2\/product_brand?post=51305"},{"taxonomy":"product_cat","embeddable":true,"href":"https:\/\/stockify24.pl\/de\/wp-json\/wp\/v2\/product_cat?post=51305"},{"taxonomy":"product_tag","embeddable":true,"href":"https:\/\/stockify24.pl\/de\/wp-json\/wp\/v2\/product_tag?post=51305"}],"curies":[{"name":"wp","href":"https:\/\/api.w.org\/{rel}","templated":true}]}}