{"id":51334,"date":"2026-04-16T13:31:49","date_gmt":"2026-04-16T12:31:49","guid":{"rendered":"https:\/\/stockify24.pl\/?post_type=product&#038;p=51334"},"modified":"2026-04-24T14:56:28","modified_gmt":"2026-04-24T13:56:28","slug":"paleta-elektroniki-z-europy-eu-a-b-255","status":"publish","type":"product","link":"https:\/\/stockify24.pl\/de\/produkt\/paleta-elektroniki-z-europy-eu-a-b-255\/","title":{"rendered":"Elektronikpalette aus Europa (EU) |A-B| #255"},"content":{"rendered":"<section class=\"text-token-text-primary w-full focus:outline-none [--shadow-height:45px] has-data-writing-block:pointer-events-none has-data-writing-block:-mt-(--shadow-height) has-data-writing-block:pt-(--shadow-height) [&amp;:has([data-writing-block])&gt;*]:pointer-events-auto [content-visibility:auto] supports-[content-visibility:auto]:[contain-intrinsic-size:auto_100lvh] R6Vx5W_threadScrollVars scroll-mb-[calc(var(--scroll-root-safe-area-inset-bottom,0px)+var(--thread-response-height))] scroll-mt-[calc(var(--header-height)+min(200px,max(70px,20svh)))]\" dir=\"auto\" data-turn-id=\"request-69c65452-e37c-8386-b18d-56272d59cc8a-2\" data-testid=\"conversation-turn-182\" data-scroll-anchor=\"false\" data-turn=\"assistant\">\n<div class=\"text-base my-auto mx-auto pb-10 [--thread-content-margin:var(--thread-content-margin-xs,calc(var(--spacing)*4))] @w-sm\/main:[--thread-content-margin:var(--thread-content-margin-sm,calc(var(--spacing)*6))] @w-lg\/main:[--thread-content-margin:var(--thread-content-margin-lg,calc(var(--spacing)*16))] px-(--thread-content-margin)\">\n<div class=\"[--thread-content-max-width:40rem] @w-lg\/main:[--thread-content-max-width:48rem] mx-auto max-w-(--thread-content-max-width) flex-1 group\/turn-messages focus-visible:outline-hidden relative flex w-full min-w-0 flex-col agent-turn\">\n<div class=\"flex max-w-full flex-col gap-4 grow\">\n<div class=\"min-h-8 text-message relative flex w-full flex-col items-end gap-2 text-start break-words whitespace-normal outline-none keyboard-focused:focus-ring [.text-message+&amp;]:mt-1\" dir=\"auto\" tabindex=\"0\" data-message-author-role=\"assistant\" data-message-id=\"d85b2cda-9e84-4202-a0e8-91a8c5659274\" data-message-model-slug=\"gpt-5-3\" data-turn-start-message=\"true\">\n<div class=\"flex w-full flex-col gap-1 empty:hidden\">\n<div class=\"markdown prose dark:prose-invert w-full wrap-break-word dark markdown-new-styling\">\n<h1 data-section-id=\"nrrls4\" data-start=\"249\" data-end=\"338\"><span role=\"text\"><strong data-start=\"251\" data-end=\"338\">Paleta elektroniki z Europy EU \u2013 mix A\u2013B | 70\u201380% elektronika u\u017cytkowa do sprzeda\u017cy<\/strong><\/span><\/h1>\n<h2 data-section-id=\"1u8nidp\" data-start=\"340\" data-end=\"407\">Nowa dostawa \u2013 szybkie skalowanie oferty i zwi\u0119kszenie sprzeda\u017cy<\/h2>\n<p data-start=\"409\" data-end=\"694\">Paleta elektroniki z Europy EU w standardzie A\u2013B to rozwi\u0105zanie dla sprzedawc\u00f3w, kt\u00f3rzy chc\u0105 rozwija\u0107 sprzeda\u017c poprzez szybkie zwi\u0119kszenie liczby produkt\u00f3w i popraw\u0119 rotacji towaru. Jedna dostawa pozwala natychmiast rozszerzy\u0107 ofert\u0119 i rozpocz\u0105\u0107 sprzeda\u017c w wielu kana\u0142ach jednocze\u015bnie.<\/p>\n<p data-start=\"696\" data-end=\"960\">Zawarto\u015b\u0107 obejmuje oko\u0142o 70\u201380% elektroniki u\u017cytkowej, co pozwala skoncentrowa\u0107 dzia\u0142ania sprzeda\u017cowe na kategorii o stabilnym popycie i wysokim potencjale sprzeda\u017cowym. Dzi\u0119ki temu mo\u017cliwe jest szybkie generowanie przychodu oraz efektywne skalowanie dzia\u0142alno\u015bci.<\/p>\n<p data-start=\"962\" data-end=\"1145\">Ka\u017cda paleta posiada losowy sk\u0142ad, co oznacza unikalny zestaw produkt\u00f3w w ka\u017cdej dostawie. Brak powtarzalno\u015bci pozwala stale odnawia\u0107 ofert\u0119 i zwi\u0119ksza\u0107 jej atrakcyjno\u015b\u0107 dla klient\u00f3w.<\/p>\n<h2 data-section-id=\"1n9z99h\" data-start=\"1152\" data-end=\"1212\">Zawarto\u015b\u0107 palety \u2013 elektronika u\u017cytkowa o wysokim popycie<\/h2>\n<p data-start=\"1214\" data-end=\"1326\">Mix elektroniki obejmuje produkty oraz akcesoria, kt\u00f3re nale\u017c\u0105 do najcz\u0119\u015bciej kupowanych kategorii w e-commerce.<\/p>\n<p data-start=\"1328\" data-end=\"1365\">W sk\u0142ad palety wchodz\u0105 mi\u0119dzy innymi:<\/p>\n<ul data-start=\"1367\" data-end=\"1605\">\n<li data-section-id=\"iz16co\" data-start=\"1367\" data-end=\"1410\">s\u0142uchawki bezprzewodowe oraz przewodowe<\/li>\n<li data-section-id=\"om8off\" data-start=\"1411\" data-end=\"1447\">\u0142adowarki, przewody i powerbanki<\/li>\n<li data-section-id=\"2cko63\" data-start=\"1448\" data-end=\"1465\">akcesoria GSM<\/li>\n<li data-section-id=\"r5wtn7\" data-start=\"1466\" data-end=\"1496\">urz\u0105dzenia typu smart home<\/li>\n<li data-section-id=\"isey0l\" data-start=\"1497\" data-end=\"1536\">drobne AGD (np. suszarki, masa\u017cery)<\/li>\n<li data-section-id=\"31a3fm\" data-start=\"1537\" data-end=\"1578\">kontrolery oraz gad\u017cety elektroniczne<\/li>\n<li data-section-id=\"4fq00c\" data-start=\"1579\" data-end=\"1605\">inne produkty u\u017cytkowe<\/li>\n<\/ul>\n<p data-start=\"1607\" data-end=\"1756\">Zr\u00f3\u017cnicowany asortyment umo\u017cliwia prowadzenie sprzeda\u017cy w wielu segmentach jednocze\u015bnie, co zwi\u0119ksza rotacj\u0119 produkt\u00f3w i poprawia wyniki sprzeda\u017cowe.<\/p>\n<h2 data-section-id=\"1bzdjx2\" data-start=\"1763\" data-end=\"1814\">Parametry techniczne<\/h2>\n<ul data-start=\"1816\" data-end=\"1988\">\n<li data-section-id=\"pdbh1u\" data-start=\"1816\" data-end=\"1843\">wysoko\u015b\u0107 palety: 1 metr<\/li>\n<li data-section-id=\"1gufv22\" data-start=\"1844\" data-end=\"1866\">waga netto: 134 kg<\/li>\n<li data-section-id=\"6ry0ec\" data-start=\"1867\" data-end=\"1907\">struktura: mix elektroniki u\u017cytkowej<\/li>\n<li data-section-id=\"1hlaiqg\" data-start=\"1908\" data-end=\"1940\">asortyment: losowy i zmienny<\/li>\n<li data-section-id=\"10hkle2\" data-start=\"1941\" data-end=\"1988\">ka\u017cda paleta: indywidualny zestaw produkt\u00f3w<\/li>\n<\/ul>\n<p data-start=\"1990\" data-end=\"2079\">Paleta nie posiada sta\u0142ej listy produkt\u00f3w \u2014 zawarto\u015b\u0107 zale\u017cy od aktualnej partii dostawy.<\/p>\n<h2 data-section-id=\"4ld37k\" data-start=\"2086\" data-end=\"2160\">Dlaczego elektronika u\u017cytkowa to stabilny i skalowalny model sprzeda\u017cy?<\/h2>\n<p data-start=\"2162\" data-end=\"2334\">Elektronika u\u017cytkowa to jedna z najbardziej przewidywalnych kategorii sprzeda\u017cowych. Produkty z tej grupy s\u0105 kupowane przez ca\u0142y rok i trafiaj\u0105 do szerokiej grupy klient\u00f3w.<\/p>\n<p data-start=\"2336\" data-end=\"2359\">Najwa\u017cniejsze przewagi:<\/p>\n<ul data-start=\"2361\" data-end=\"2525\">\n<li data-section-id=\"1g2zt93\" data-start=\"2361\" data-end=\"2389\">szybka rotacja produkt\u00f3w<\/li>\n<li data-section-id=\"1cxxa8s\" data-start=\"2390\" data-end=\"2408\">stabilny popyt<\/li>\n<li data-section-id=\"1bijyi9\" data-start=\"2409\" data-end=\"2435\">szeroka baza odbiorc\u00f3w<\/li>\n<li data-section-id=\"1yaidi4\" data-start=\"2436\" data-end=\"2484\">mo\u017cliwo\u015b\u0107 sprzeda\u017cy pojedynczej i zestawowej<\/li>\n<li data-section-id=\"siite9\" data-start=\"2485\" data-end=\"2525\">\u0142atwa dystrybucja w sprzeda\u017cy online<\/li>\n<\/ul>\n<p data-start=\"2527\" data-end=\"2633\">Dzi\u0119ki tym cechom paleta elektroniki z Europy EU pozwala budowa\u0107 sprzeda\u017c w spos\u00f3b efektywny i skalowalny.<\/p>\n<h2 data-section-id=\"9hjp8p\" data-start=\"2640\" data-end=\"2674\">Jako\u015b\u0107 produkt\u00f3w \u2013 standard A\u2013B<\/h2>\n<p data-start=\"2676\" data-end=\"2805\">Palety w standardzie A\u2013B obejmuj\u0105 produkty o zr\u00f3\u017cnicowanym stanie, jednak z przewag\u0105 towar\u00f3w nadaj\u0105cych si\u0119 do dalszej sprzeda\u017cy.<\/p>\n<p data-start=\"2807\" data-end=\"2831\">Charakterystyka jako\u015bci:<\/p>\n<ul data-start=\"2833\" data-end=\"2986\">\n<li data-section-id=\"1br12vd\" data-start=\"2833\" data-end=\"2888\">wi\u0119kszo\u015b\u0107 produkt\u00f3w nowa lub w bardzo dobrym stanie<\/li>\n<li data-section-id=\"jqrsyy\" data-start=\"2889\" data-end=\"2925\">mo\u017cliwe drobne \u015blady u\u017cytkowania<\/li>\n<li data-section-id=\"9474dx\" data-start=\"2926\" data-end=\"2986\">dopuszczalna niewielka domieszka klasy C (do oko\u0142o 5\u20137%)<\/li>\n<\/ul>\n<p data-start=\"2988\" data-end=\"3074\">Taki poziom jako\u015bci pozwala utrzyma\u0107 korzystny stosunek ceny zakupu do ceny sprzeda\u017cy.<\/p>\n<p data-start=\"3076\" data-end=\"3167\">Produkty nie s\u0105 testowane indywidualnie, co jest standardem dla dostaw typu Amazon Returns.<\/p>\n<h2 data-section-id=\"1w3v4q5\" data-start=\"3174\" data-end=\"3228\">Model sprzeda\u017cy \u2013 jak wykorzysta\u0107 potencja\u0142 palety?<\/h2>\n<p data-start=\"3230\" data-end=\"3379\">Sprzeda\u017c oparta na paletach polega na pracy na liczbie produkt\u00f3w oraz ich rotacji. Kluczowe znaczenie ma szybkie wprowadzenie produkt\u00f3w do sprzeda\u017cy.<\/p>\n<p data-start=\"3381\" data-end=\"3399\">Schemat dzia\u0142ania:<\/p>\n<ol data-start=\"3401\" data-end=\"3523\">\n<li data-section-id=\"1sbhdx6\" data-start=\"3401\" data-end=\"3418\">zakup palety<\/li>\n<li data-section-id=\"1h5xpxe\" data-start=\"3419\" data-end=\"3442\">selekcja produkt\u00f3w<\/li>\n<li data-section-id=\"bwh49e\" data-start=\"3443\" data-end=\"3464\">publikacja ofert<\/li>\n<li data-section-id=\"1gl09dc\" data-start=\"3465\" data-end=\"3495\">sprzeda\u017c w wielu kana\u0142ach<\/li>\n<li data-section-id=\"1u65gb1\" data-start=\"3496\" data-end=\"3523\">reinwestowanie \u015brodk\u00f3w<\/li>\n<\/ol>\n<p data-start=\"3525\" data-end=\"3593\">Taki model pozwala rozwija\u0107 dzia\u0142alno\u015b\u0107 i zwi\u0119ksza\u0107 skal\u0119 sprzeda\u017cy.<\/p>\n<h2 data-section-id=\"11cjqy5\" data-start=\"3600\" data-end=\"3651\">Kana\u0142y sprzeda\u017cy \u2013 gdzie sprzedawa\u0107 elektronik\u0119?<\/h2>\n<p data-start=\"3653\" data-end=\"3726\">Paleta elektroniki z Europy EU sprawdza si\u0119 w r\u00f3\u017cnych kana\u0142ach sprzeda\u017cy:<\/p>\n<ul data-start=\"3777\" data-end=\"3846\">\n<li data-section-id=\"1gr8el2\" data-start=\"3777\" data-end=\"3788\"><a href=\"https:\/\/allegro.pl\/\" target=\"_blank\" rel=\"noopener\">Allegro<\/a><\/li>\n<li data-section-id=\"16txjn7\" data-start=\"3789\" data-end=\"3796\"><a href=\"https:\/\/www.olx.pl\/\" target=\"_blank\" rel=\"noopener\">OLX<\/a><\/li>\n<li data-section-id=\"1b2mlzr\" data-start=\"3797\" data-end=\"3805\"><a href=\"https:\/\/www.ebay.com\/\" target=\"_blank\" rel=\"noopener\">eBay<\/a><\/li>\n<li data-section-id=\"1ls0se6\" data-start=\"3806\" data-end=\"3816\"><a href=\"https:\/\/www.amazon.com\/\" target=\"_blank\" rel=\"noopener\">Amazon<\/a><\/li>\n<li data-section-id=\"1d4qn16\" data-start=\"3817\" data-end=\"3846\">w\u0142asne sklepy internetowe<\/li>\n<\/ul>\n<p data-start=\"3769\" data-end=\"3850\">Sprzeda\u017c wielokana\u0142owa pozwala zwi\u0119kszy\u0107 zasi\u0119g i przyspieszy\u0107 rotacj\u0119 produkt\u00f3w.<\/p>\n<h2 data-section-id=\"1mopser\" data-start=\"3886\" data-end=\"3913\">Korzy\u015bci dla sprzedawc\u00f3w<\/h2>\n<p data-start=\"3915\" data-end=\"4040\">Zakup palety elektroniki to rozwi\u0105zanie, kt\u00f3re umo\u017cliwia szybki rozw\u00f3j dzia\u0142alno\u015bci i zwi\u0119kszenie liczby produkt\u00f3w w ofercie.<\/p>\n<p data-start=\"4042\" data-end=\"4065\">Najwa\u017cniejsze korzy\u015bci:<\/p>\n<ul data-start=\"4067\" data-end=\"4260\">\n<li data-section-id=\"gvtpog\" data-start=\"4067\" data-end=\"4107\">szeroki asortyment w jednej dostawie<\/li>\n<li data-section-id=\"1e0drbc\" data-start=\"4108\" data-end=\"4144\">szybkie zwi\u0119kszenie liczby ofert<\/li>\n<li data-section-id=\"1b4o0oo\" data-start=\"4145\" data-end=\"4173\">elastyczne ustalanie cen<\/li>\n<li data-section-id=\"16h5c6m\" data-start=\"4174\" data-end=\"4217\">dost\u0119p do produkt\u00f3w w atrakcyjnej cenie<\/li>\n<li data-section-id=\"x4575q\" data-start=\"4218\" data-end=\"4260\">mo\u017cliwo\u015b\u0107 testowania r\u00f3\u017cnych kategorii<\/li>\n<\/ul>\n<p data-start=\"4262\" data-end=\"4316\">To rozwi\u0105zanie pozwala budowa\u0107 przewag\u0119 konkurencyjn\u0105.<\/p>\n<h2 data-section-id=\"f1xuem\" data-start=\"4323\" data-end=\"4345\">Logistyka i dostawa<\/h2>\n<p data-start=\"4347\" data-end=\"4431\">Palety wysy\u0142ane s\u0105 z magazynu w Europie, co umo\u017cliwia szybkie rozpocz\u0119cie sprzeda\u017cy.<\/p>\n<p data-start=\"4433\" data-end=\"4449\">Proces obejmuje:<\/p>\n<ul data-start=\"4451\" data-end=\"4524\">\n<li data-section-id=\"7znjh2\" data-start=\"4451\" data-end=\"4479\">przygotowanie zam\u00f3wienia<\/li>\n<li data-section-id=\"1qo0dyy\" data-start=\"4480\" data-end=\"4504\">bezpieczne pakowanie<\/li>\n<li data-section-id=\"a3em40\" data-start=\"4505\" data-end=\"4524\">sprawn\u0105 wysy\u0142k\u0119<\/li>\n<\/ul>\n<p data-start=\"4526\" data-end=\"4605\">Dzi\u0119ki temu mo\u017cliwe jest szybkie wdro\u017cenie produkt\u00f3w do sprzeda\u017cy bez op\u00f3\u017anie\u0144.<\/p>\n<h2 data-section-id=\"71p1w8\" data-start=\"4612\" data-end=\"4631\">Wa\u017cne informacje<\/h2>\n<ul data-start=\"4633\" data-end=\"4850\">\n<li data-section-id=\"1odlefs\" data-start=\"4633\" data-end=\"4703\">towar pochodzi ze zwrot\u00f3w konsumenckich oraz nadwy\u017cek magazynowych<\/li>\n<li data-section-id=\"196h1iw\" data-start=\"4704\" data-end=\"4747\">produkty nie s\u0105 testowane indywidualnie<\/li>\n<li data-section-id=\"1st3k7w\" data-start=\"4748\" data-end=\"4787\">mo\u017cliwa niewielka domieszka klasy C<\/li>\n<li data-section-id=\"1tgztll\" data-start=\"4788\" data-end=\"4825\">ka\u017cda paleta posiada losowy sk\u0142ad<\/li>\n<li data-section-id=\"1rrf97y\" data-start=\"4826\" data-end=\"4850\">brak listy produkt\u00f3w<\/li>\n<\/ul>\n<p data-start=\"4852\" data-end=\"4922\">Zmienno\u015b\u0107 zawarto\u015bci to naturalny element tego modelu i jego przewaga.<\/p>\n<h2 data-section-id=\"1p9idgo\" data-start=\"4929\" data-end=\"4970\">Podsumowanie \u2013 czy warto kupi\u0107 palet\u0119?<\/h2>\n<p data-start=\"4972\" data-end=\"5112\">Paleta elektroniki z Europy EU to rozwi\u0105zanie dla sprzedawc\u00f3w, kt\u00f3rzy chc\u0105 rozwija\u0107 sprzeda\u017c w oparciu o rotacj\u0119, r\u00f3\u017cnorodno\u015b\u0107 i skalowanie.<\/p>\n<p data-start=\"5114\" data-end=\"5134\">Model ten umo\u017cliwia:<\/p>\n<ul data-start=\"5136\" data-end=\"5279\">\n<li data-section-id=\"q7uix1\" data-start=\"5136\" data-end=\"5176\">szybkie zwi\u0119kszenie liczby produkt\u00f3w<\/li>\n<li data-section-id=\"685pbr\" data-start=\"5177\" data-end=\"5214\">rozw\u00f3j sprzeda\u017cy w wielu kana\u0142ach<\/li>\n<li data-section-id=\"2e2gk9\" data-start=\"5215\" data-end=\"5246\">dopasowanie oferty do rynku<\/li>\n<li data-section-id=\"nord47\" data-start=\"5247\" data-end=\"5279\">osi\u0105ganie stabilnych wynik\u00f3w<\/li>\n<\/ul>\n<p data-start=\"5281\" data-end=\"5461\">W e-commerce wygrywaj\u0105 ci, kt\u00f3rzy dzia\u0142aj\u0105 szybko i oferuj\u0105 szeroki asortyment. Paleta elektroniki z Europy EU daje realne narz\u0119dzie do budowania stabilnego i skalowalnego biznesu.<\/p>\n<p data-start=\"5505\" data-end=\"5558\" data-is-last-node=\"\" data-is-only-node=\"\">\ud83d\udc49 Wszystkie modele palet Amazon mo\u017cna znale\u017a\u0107 <a href=\"https:\/\/stockify24.pl\/sklep\/\"><strong>tutaj<\/strong>.<\/a><\/p>\n<\/div>\n<\/div>\n<\/div>\n<\/div>\n<\/div>\n<\/div>\n<\/section>\n","protected":false},"excerpt":{"rendered":"<p class=\"p1\">\u26a1 Oko\u0142o 70\u201380% elektroniki<\/p>\n<p class=\"p1\">\ud83c\uddea\ud83c\uddfa EU<\/p>\n<p class=\"p1\">\ud83d\udd25 Amazon Returns<\/p>\n<p class=\"p1\" style=\"text-align: left;\">\u2714\ufe0f Jako\u015b\u0107 A\u2013B<\/p>","protected":false},"featured_media":51876,"comment_status":"open","ping_status":"closed","template":"","meta":{"_acf_changed":false},"product_brand":[],"product_cat":[1258,1273,1284],"product_tag":[1274],"class_list":{"0":"post-51334","1":"product","2":"type-product","3":"status-publish","4":"has-post-thumbnail","6":"product_cat-amazon-paleta","7":"product_cat-mix-elektroniki-eu-amazon-returns-ab","8":"product_cat-palety-dnia","9":"product_tag-paleta-mix-elektroniki-z-europy","11":"first","12":"instock","13":"sold-individually","14":"taxable","15":"shipping-taxable","16":"purchasable","17":"product-type-simple"},"acf":[],"_links":{"self":[{"href":"https:\/\/stockify24.pl\/de\/wp-json\/wp\/v2\/product\/51334","targetHints":{"allow":["GET"]}}],"collection":[{"href":"https:\/\/stockify24.pl\/de\/wp-json\/wp\/v2\/product"}],"about":[{"href":"https:\/\/stockify24.pl\/de\/wp-json\/wp\/v2\/types\/product"}],"replies":[{"embeddable":true,"href":"https:\/\/stockify24.pl\/de\/wp-json\/wp\/v2\/comments?post=51334"}],"wp:featuredmedia":[{"embeddable":true,"href":"https:\/\/stockify24.pl\/de\/wp-json\/wp\/v2\/media\/51876"}],"wp:attachment":[{"href":"https:\/\/stockify24.pl\/de\/wp-json\/wp\/v2\/media?parent=51334"}],"wp:term":[{"taxonomy":"product_brand","embeddable":true,"href":"https:\/\/stockify24.pl\/de\/wp-json\/wp\/v2\/product_brand?post=51334"},{"taxonomy":"product_cat","embeddable":true,"href":"https:\/\/stockify24.pl\/de\/wp-json\/wp\/v2\/product_cat?post=51334"},{"taxonomy":"product_tag","embeddable":true,"href":"https:\/\/stockify24.pl\/de\/wp-json\/wp\/v2\/product_tag?post=51334"}],"curies":[{"name":"wp","href":"https:\/\/api.w.org\/{rel}","templated":true}]}}