{"id":51338,"date":"2026-04-16T13:38:31","date_gmt":"2026-04-16T12:38:31","guid":{"rendered":"https:\/\/stockify24.pl\/?post_type=product&#038;p=51338"},"modified":"2026-04-24T14:55:54","modified_gmt":"2026-04-24T13:55:54","slug":"paleta-elektroniki-z-europy-eu-a-b-257","status":"publish","type":"product","link":"https:\/\/stockify24.pl\/de\/produkt\/paleta-elektroniki-z-europy-eu-a-b-257\/","title":{"rendered":"Paleta elektroniki z Europy (EU) |A\u2013B| #257"},"content":{"rendered":"<section class=\"text-token-text-primary w-full focus:outline-none [--shadow-height:45px] has-data-writing-block:pointer-events-none has-data-writing-block:-mt-(--shadow-height) has-data-writing-block:pt-(--shadow-height) [&amp;:has([data-writing-block])&gt;*]:pointer-events-auto [content-visibility:auto] supports-[content-visibility:auto]:[contain-intrinsic-size:auto_100lvh] R6Vx5W_threadScrollVars scroll-mb-[calc(var(--scroll-root-safe-area-inset-bottom,0px)+var(--thread-response-height))] scroll-mt-[calc(var(--header-height)+min(200px,max(70px,20svh)))]\" dir=\"auto\" data-turn-id=\"request-69c65452-e37c-8386-b18d-56272d59cc8a-2\" data-testid=\"conversation-turn-182\" data-scroll-anchor=\"false\" data-turn=\"assistant\">\n<div class=\"text-base my-auto mx-auto pb-10 [--thread-content-margin:var(--thread-content-margin-xs,calc(var(--spacing)*4))] @w-sm\/main:[--thread-content-margin:var(--thread-content-margin-sm,calc(var(--spacing)*6))] @w-lg\/main:[--thread-content-margin:var(--thread-content-margin-lg,calc(var(--spacing)*16))] px-(--thread-content-margin)\">\n<div class=\"[--thread-content-max-width:40rem] @w-lg\/main:[--thread-content-max-width:48rem] mx-auto max-w-(--thread-content-max-width) flex-1 group\/turn-messages focus-visible:outline-hidden relative flex w-full min-w-0 flex-col agent-turn\">\n<div class=\"flex max-w-full flex-col gap-4 grow\">\n<div class=\"min-h-8 text-message relative flex w-full flex-col items-end gap-2 text-start break-words whitespace-normal outline-none keyboard-focused:focus-ring [.text-message+&amp;]:mt-1\" dir=\"auto\" tabindex=\"0\" data-message-author-role=\"assistant\" data-message-id=\"d85b2cda-9e84-4202-a0e8-91a8c5659274\" data-message-model-slug=\"gpt-5-3\" data-turn-start-message=\"true\">\n<div class=\"flex w-full flex-col gap-1 empty:hidden\">\n<div class=\"markdown prose dark:prose-invert w-full wrap-break-word dark markdown-new-styling\">\n<h1 data-section-id=\"nrrls4\" data-start=\"221\" data-end=\"310\"><span role=\"text\"><strong data-start=\"223\" data-end=\"310\">Paleta elektroniki z Europy EU \u2013 mix A\u2013B | 70\u201380% elektronika u\u017cytkowa do sprzeda\u017cy<\/strong><\/span><\/h1>\n<h2 data-section-id=\"edcqs5\" data-start=\"312\" data-end=\"373\">Nowa dostawa \u2013 szybkie zwi\u0119kszenie asortymentu i sprzeda\u017cy<\/h2>\n<p data-start=\"375\" data-end=\"682\">Paleta elektroniki z Europy EU w standardzie A\u2013B to rozwi\u0105zanie dla sprzedawc\u00f3w, kt\u00f3rzy chc\u0105 zwi\u0119kszy\u0107 sprzeda\u017c poprzez rozszerzenie oferty o produkty o wysokiej rotacji. Zakup jednej palety umo\u017cliwia szybkie wprowadzenie du\u017cej liczby produkt\u00f3w do sprzeda\u017cy bez konieczno\u015bci ich indywidualnego pozyskiwania.<\/p>\n<p data-start=\"684\" data-end=\"921\">Zawarto\u015b\u0107 obejmuje oko\u0142o 70\u201380% elektroniki u\u017cytkowej, co pozwala skoncentrowa\u0107 dzia\u0142ania sprzeda\u017cowe na kategorii o stabilnym popycie. Dzi\u0119ki temu mo\u017cliwe jest szybkie generowanie przychodu oraz rozw\u00f3j dzia\u0142alno\u015bci w modelu skalowalnym.<\/p>\n<p data-start=\"923\" data-end=\"1075\">Ka\u017cda paleta posiada losowy sk\u0142ad. Oznacza to brak powtarzalno\u015bci produkt\u00f3w, co pozwala stale odnawia\u0107 ofert\u0119 i zwi\u0119ksza\u0107 jej atrakcyjno\u015b\u0107 dla klient\u00f3w.<\/p>\n<h2 data-section-id=\"1n9z99h\" data-start=\"1082\" data-end=\"1142\">Zawarto\u015b\u0107 palety \u2013 elektronika u\u017cytkowa o wysokim popycie<\/h2>\n<p data-start=\"1144\" data-end=\"1263\">Mix elektroniki obejmuje produkty oraz akcesoria, kt\u00f3re nale\u017c\u0105 do najcz\u0119\u015bciej sprzedaj\u0105cych si\u0119 kategorii w e-commerce.<\/p>\n<p data-start=\"1265\" data-end=\"1302\">W sk\u0142ad palety wchodz\u0105 mi\u0119dzy innymi:<\/p>\n<ul data-start=\"1304\" data-end=\"1536\">\n<li data-section-id=\"iz16co\" data-start=\"1304\" data-end=\"1347\">s\u0142uchawki bezprzewodowe oraz przewodowe<\/li>\n<li data-section-id=\"1j12er6\" data-start=\"1348\" data-end=\"1381\">\u0142adowarki, kable i powerbanki<\/li>\n<li data-section-id=\"2cko63\" data-start=\"1382\" data-end=\"1399\">akcesoria GSM<\/li>\n<li data-section-id=\"r5wtn7\" data-start=\"1400\" data-end=\"1430\">urz\u0105dzenia typu smart home<\/li>\n<li data-section-id=\"isey0l\" data-start=\"1431\" data-end=\"1470\">drobne AGD (np. suszarki, masa\u017cery)<\/li>\n<li data-section-id=\"i0l57x\" data-start=\"1471\" data-end=\"1509\">kontrolery i gad\u017cety elektroniczne<\/li>\n<li data-section-id=\"4fq00c\" data-start=\"1510\" data-end=\"1536\">inne produkty u\u017cytkowe<\/li>\n<\/ul>\n<p data-start=\"1538\" data-end=\"1677\">Zr\u00f3\u017cnicowany asortyment umo\u017cliwia sprzeda\u017c w wielu segmentach jednocze\u015bnie, co zwi\u0119ksza rotacj\u0119 produkt\u00f3w i poprawia efektywno\u015b\u0107 sprzeda\u017cy.<\/p>\n<h2 data-section-id=\"1bw24b7\" data-start=\"1684\" data-end=\"1735\">Parametry techniczne<\/h2>\n<ul data-start=\"1737\" data-end=\"1905\">\n<li data-section-id=\"pdbh1u\" data-start=\"1737\" data-end=\"1764\">wysoko\u015b\u0107 palety: 1 metr<\/li>\n<li data-section-id=\"u5g27z\" data-start=\"1765\" data-end=\"1787\">waga netto: 137 kg<\/li>\n<li data-section-id=\"6ry0ec\" data-start=\"1788\" data-end=\"1828\">struktura: mix elektroniki u\u017cytkowej<\/li>\n<li data-section-id=\"1hlaiqg\" data-start=\"1829\" data-end=\"1861\">asortyment: losowy i zmienny<\/li>\n<li data-section-id=\"qcmq4m\" data-start=\"1862\" data-end=\"1905\">ka\u017cda paleta: unikalny zestaw produkt\u00f3w<\/li>\n<\/ul>\n<p data-start=\"1907\" data-end=\"2000\">Paleta nie posiada sta\u0142ej listy produkt\u00f3w \u2014 jej zawarto\u015b\u0107 zale\u017cy od aktualnej partii dostawy.<\/p>\n<h2 data-section-id=\"10stj8a\" data-start=\"2007\" data-end=\"2069\">Dlaczego elektronika u\u017cytkowa to skuteczny model sprzeda\u017cy?<\/h2>\n<p data-start=\"2071\" data-end=\"2228\">Elektronika u\u017cytkowa to jedna z najbardziej stabilnych kategorii sprzeda\u017cowych. Produkty z tej grupy s\u0105 kupowane przez ca\u0142y rok i maj\u0105 szerokie zastosowanie.<\/p>\n<p data-start=\"2230\" data-end=\"2253\">Najwa\u017cniejsze przewagi:<\/p>\n<ul data-start=\"2255\" data-end=\"2417\">\n<li data-section-id=\"1g2zt93\" data-start=\"2255\" data-end=\"2283\">szybka rotacja produkt\u00f3w<\/li>\n<li data-section-id=\"17ppg8j\" data-start=\"2284\" data-end=\"2310\">stabilny popyt rynkowy<\/li>\n<li data-section-id=\"gjpnby\" data-start=\"2311\" data-end=\"2336\">szeroka baza klient\u00f3w<\/li>\n<li data-section-id=\"1yaidi4\" data-start=\"2337\" data-end=\"2385\">mo\u017cliwo\u015b\u0107 sprzeda\u017cy pojedynczej i zestawowej<\/li>\n<li data-section-id=\"4170u4\" data-start=\"2386\" data-end=\"2417\">\u0142atwa sprzeda\u017c w e-commerce<\/li>\n<\/ul>\n<p data-start=\"2419\" data-end=\"2528\">Dzi\u0119ki tym cechom paleta elektroniki z Europy EU pozwala budowa\u0107 sprzeda\u017c w spos\u00f3b przewidywalny i efektywny.<\/p>\n<h2 data-section-id=\"9hjp8p\" data-start=\"2535\" data-end=\"2569\">Jako\u015b\u0107 produkt\u00f3w \u2013 standard A\u2013B<\/h2>\n<p data-start=\"2571\" data-end=\"2701\">Palety w standardzie A\u2013B obejmuj\u0105 produkty o zr\u00f3\u017cnicowanym stanie, jednak z dominacj\u0105 towar\u00f3w nadaj\u0105cych si\u0119 do dalszej sprzeda\u017cy.<\/p>\n<p data-start=\"2703\" data-end=\"2727\">Charakterystyka jako\u015bci:<\/p>\n<ul data-start=\"2729\" data-end=\"2882\">\n<li data-section-id=\"1br12vd\" data-start=\"2729\" data-end=\"2784\">wi\u0119kszo\u015b\u0107 produkt\u00f3w nowa lub w bardzo dobrym stanie<\/li>\n<li data-section-id=\"jqrsyy\" data-start=\"2785\" data-end=\"2821\">mo\u017cliwe drobne \u015blady u\u017cytkowania<\/li>\n<li data-section-id=\"9474dx\" data-start=\"2822\" data-end=\"2882\">dopuszczalna niewielka domieszka klasy C (do oko\u0142o 5\u20137%)<\/li>\n<\/ul>\n<p data-start=\"2884\" data-end=\"2970\">Taki poziom jako\u015bci pozwala utrzyma\u0107 korzystny stosunek ceny zakupu do ceny sprzeda\u017cy.<\/p>\n<p data-start=\"2972\" data-end=\"3063\">Produkty nie s\u0105 testowane indywidualnie, co jest standardem dla dostaw typu Amazon Returns.<\/p>\n<h2 data-section-id=\"xvha7b\" data-start=\"3070\" data-end=\"3114\">Model sprzeda\u017cy \u2013 jak wykorzysta\u0107 palet\u0119?<\/h2>\n<p data-start=\"3116\" data-end=\"3251\">Model sprzeda\u017cy oparty na paletach polega na pracy na liczbie produkt\u00f3w i ich rotacji. Kluczowe znaczenie ma szybkie wystawienie ofert.<\/p>\n<p data-start=\"3253\" data-end=\"3271\">Schemat dzia\u0142ania:<\/p>\n<ol data-start=\"3273\" data-end=\"3395\">\n<li data-section-id=\"1sbhdx6\" data-start=\"3273\" data-end=\"3290\">zakup palety<\/li>\n<li data-section-id=\"1h5xpxe\" data-start=\"3291\" data-end=\"3314\">selekcja produkt\u00f3w<\/li>\n<li data-section-id=\"bwh49e\" data-start=\"3315\" data-end=\"3336\">publikacja ofert<\/li>\n<li data-section-id=\"1gl09dc\" data-start=\"3337\" data-end=\"3367\">sprzeda\u017c w wielu kana\u0142ach<\/li>\n<li data-section-id=\"1u65gb1\" data-start=\"3368\" data-end=\"3395\">reinwestowanie \u015brodk\u00f3w<\/li>\n<\/ol>\n<p data-start=\"3397\" data-end=\"3465\">Taki model pozwala rozwija\u0107 dzia\u0142alno\u015b\u0107 i zwi\u0119ksza\u0107 skal\u0119 sprzeda\u017cy.<\/p>\n<h2 data-section-id=\"11cjqy5\" data-start=\"3600\" data-end=\"3651\">Kana\u0142y sprzeda\u017cy \u2013 gdzie sprzedawa\u0107 elektronik\u0119?<\/h2>\n<p data-start=\"3653\" data-end=\"3726\">Paleta elektroniki z Europy EU sprawdza si\u0119 w r\u00f3\u017cnych kana\u0142ach sprzeda\u017cy:<\/p>\n<ul data-start=\"3777\" data-end=\"3846\">\n<li data-section-id=\"1gr8el2\" data-start=\"3777\" data-end=\"3788\"><a href=\"https:\/\/allegro.pl\/\" target=\"_blank\" rel=\"noopener\">Allegro<\/a><\/li>\n<li data-section-id=\"16txjn7\" data-start=\"3789\" data-end=\"3796\"><a href=\"https:\/\/www.olx.pl\/\" target=\"_blank\" rel=\"noopener\">OLX<\/a><\/li>\n<li data-section-id=\"1b2mlzr\" data-start=\"3797\" data-end=\"3805\"><a href=\"https:\/\/www.ebay.com\/\" target=\"_blank\" rel=\"noopener\">eBay<\/a><\/li>\n<li data-section-id=\"1ls0se6\" data-start=\"3806\" data-end=\"3816\"><a href=\"https:\/\/www.amazon.com\/\" target=\"_blank\" rel=\"noopener\">Amazon<\/a><\/li>\n<li data-section-id=\"1d4qn16\" data-start=\"3817\" data-end=\"3846\">w\u0142asne sklepy internetowe<\/li>\n<\/ul>\n<p data-start=\"3769\" data-end=\"3850\">Sprzeda\u017c wielokana\u0142owa pozwala zwi\u0119kszy\u0107 zasi\u0119g i przyspieszy\u0107 rotacj\u0119 produkt\u00f3w.<\/p>\n<h2 data-section-id=\"1mopser\" data-start=\"3748\" data-end=\"3775\">Korzy\u015bci dla sprzedawc\u00f3w<\/h2>\n<p data-start=\"3777\" data-end=\"3858\">Zakup palety elektroniki to rozwi\u0105zanie, kt\u00f3re umo\u017cliwia szybki rozw\u00f3j sprzeda\u017cy.<\/p>\n<p data-start=\"3860\" data-end=\"3883\">Najwa\u017cniejsze korzy\u015bci:<\/p>\n<ul data-start=\"3885\" data-end=\"4073\">\n<li data-section-id=\"gvtpog\" data-start=\"3885\" data-end=\"3925\">szeroki asortyment w jednej dostawie<\/li>\n<li data-section-id=\"1e0drbc\" data-start=\"3926\" data-end=\"3962\">szybkie zwi\u0119kszenie liczby ofert<\/li>\n<li data-section-id=\"y5oxsb\" data-start=\"3963\" data-end=\"3986\">elastyczno\u015b\u0107 cenowa<\/li>\n<li data-section-id=\"16h5c6m\" data-start=\"3987\" data-end=\"4030\">dost\u0119p do produkt\u00f3w w atrakcyjnej cenie<\/li>\n<li data-section-id=\"x4575q\" data-start=\"4031\" data-end=\"4073\">mo\u017cliwo\u015b\u0107 testowania r\u00f3\u017cnych kategorii<\/li>\n<\/ul>\n<p data-start=\"4075\" data-end=\"4125\">To rozwi\u0105zanie daje realn\u0105 przewag\u0119 konkurencyjn\u0105.<\/p>\n<h2 data-section-id=\"f1xuem\" data-start=\"4132\" data-end=\"4154\">Logistyka i dostawa<\/h2>\n<p data-start=\"4156\" data-end=\"4240\">Palety wysy\u0142ane s\u0105 z magazynu w Europie, co umo\u017cliwia szybkie rozpocz\u0119cie sprzeda\u017cy.<\/p>\n<p data-start=\"4242\" data-end=\"4258\">Proces obejmuje:<\/p>\n<ul data-start=\"4260\" data-end=\"4333\">\n<li data-section-id=\"7znjh2\" data-start=\"4260\" data-end=\"4288\">przygotowanie zam\u00f3wienia<\/li>\n<li data-section-id=\"1qo0dyy\" data-start=\"4289\" data-end=\"4313\">bezpieczne pakowanie<\/li>\n<li data-section-id=\"a3em40\" data-start=\"4314\" data-end=\"4333\">sprawn\u0105 wysy\u0142k\u0119<\/li>\n<\/ul>\n<p data-start=\"4335\" data-end=\"4401\">Dzi\u0119ki temu mo\u017cliwe jest szybkie wdro\u017cenie produkt\u00f3w do sprzeda\u017cy.<\/p>\n<h2 data-section-id=\"71p1w8\" data-start=\"4408\" data-end=\"4427\">Wa\u017cne informacje<\/h2>\n<ul data-start=\"4429\" data-end=\"4641\">\n<li data-section-id=\"1odlefs\" data-start=\"4429\" data-end=\"4499\">towar pochodzi ze zwrot\u00f3w konsumenckich oraz nadwy\u017cek magazynowych<\/li>\n<li data-section-id=\"196h1iw\" data-start=\"4500\" data-end=\"4543\">produkty nie s\u0105 testowane indywidualnie<\/li>\n<li data-section-id=\"1st3k7w\" data-start=\"4544\" data-end=\"4583\">mo\u017cliwa niewielka domieszka klasy C<\/li>\n<li data-section-id=\"1jh6vg4\" data-start=\"4584\" data-end=\"4616\">ka\u017cda paleta ma losowy sk\u0142ad<\/li>\n<li data-section-id=\"1rrf97y\" data-start=\"4617\" data-end=\"4641\">brak listy produkt\u00f3w<\/li>\n<\/ul>\n<p data-start=\"4643\" data-end=\"4713\">Zmienno\u015b\u0107 zawarto\u015bci to naturalny element tego modelu i jego przewaga.<\/p>\n<h2 data-section-id=\"1xa3dgd\" data-start=\"4720\" data-end=\"4754\">Podsumowanie \u2013 czy warto kupi\u0107?<\/h2>\n<p data-start=\"4756\" data-end=\"4890\">Paleta elektroniki z Europy EU to rozwi\u0105zanie dla sprzedawc\u00f3w, kt\u00f3rzy chc\u0105 rozwija\u0107 sprzeda\u017c w oparciu o rotacj\u0119 i szeroki asortyment.<\/p>\n<p data-start=\"4892\" data-end=\"4912\">Model ten umo\u017cliwia:<\/p>\n<ul data-start=\"4914\" data-end=\"5057\">\n<li data-section-id=\"q7uix1\" data-start=\"4914\" data-end=\"4954\">szybkie zwi\u0119kszenie liczby produkt\u00f3w<\/li>\n<li data-section-id=\"685pbr\" data-start=\"4955\" data-end=\"4992\">rozw\u00f3j sprzeda\u017cy w wielu kana\u0142ach<\/li>\n<li data-section-id=\"2e2gk9\" data-start=\"4993\" data-end=\"5024\">dopasowanie oferty do rynku<\/li>\n<li data-section-id=\"nord47\" data-start=\"5025\" data-end=\"5057\">osi\u0105ganie stabilnych wynik\u00f3w<\/li>\n<\/ul>\n<p data-start=\"5059\" data-end=\"5219\">W e-commerce wygrywaj\u0105 ci, kt\u00f3rzy dzia\u0142aj\u0105 szybko i maj\u0105 szerok\u0105 ofert\u0119. Paleta elektroniki z Europy EU daje realne narz\u0119dzie do budowania skalowalnego biznesu.<\/p>\n<p data-start=\"5505\" data-end=\"5558\" data-is-last-node=\"\" data-is-only-node=\"\">\ud83d\udc49 Wszystkie modele palet Amazon mo\u017cna znale\u017a\u0107 <a href=\"https:\/\/stockify24.pl\/sklep\/\"><strong>tutaj<\/strong>.<\/a><\/p>\n<\/div>\n<\/div>\n<\/div>\n<\/div>\n<\/div>\n<\/div>\n<\/section>\n","protected":false},"excerpt":{"rendered":"<p class=\"p1\">\u26a1 Oko\u0142o 70\u201380% elektroniki<\/p>\n<p class=\"p1\">\ud83c\uddea\ud83c\uddfa EU<\/p>\n<p class=\"p1\">\ud83d\udd25 Amazon Returns<\/p>\n<p class=\"p1\" style=\"text-align: left;\">\u2714\ufe0f Jako\u015b\u0107 A\u2013B<\/p>","protected":false},"featured_media":51874,"comment_status":"open","ping_status":"closed","template":"","meta":{"_acf_changed":false},"product_brand":[],"product_cat":[1258,1273,1284],"product_tag":[1274],"class_list":{"0":"post-51338","1":"product","2":"type-product","3":"status-publish","4":"has-post-thumbnail","6":"product_cat-amazon-paleta","7":"product_cat-mix-elektroniki-eu-amazon-returns-ab","8":"product_cat-palety-dnia","9":"product_tag-paleta-mix-elektroniki-z-europy","11":"first","12":"instock","13":"sold-individually","14":"taxable","15":"shipping-taxable","16":"purchasable","17":"product-type-simple"},"acf":[],"_links":{"self":[{"href":"https:\/\/stockify24.pl\/de\/wp-json\/wp\/v2\/product\/51338","targetHints":{"allow":["GET"]}}],"collection":[{"href":"https:\/\/stockify24.pl\/de\/wp-json\/wp\/v2\/product"}],"about":[{"href":"https:\/\/stockify24.pl\/de\/wp-json\/wp\/v2\/types\/product"}],"replies":[{"embeddable":true,"href":"https:\/\/stockify24.pl\/de\/wp-json\/wp\/v2\/comments?post=51338"}],"wp:featuredmedia":[{"embeddable":true,"href":"https:\/\/stockify24.pl\/de\/wp-json\/wp\/v2\/media\/51874"}],"wp:attachment":[{"href":"https:\/\/stockify24.pl\/de\/wp-json\/wp\/v2\/media?parent=51338"}],"wp:term":[{"taxonomy":"product_brand","embeddable":true,"href":"https:\/\/stockify24.pl\/de\/wp-json\/wp\/v2\/product_brand?post=51338"},{"taxonomy":"product_cat","embeddable":true,"href":"https:\/\/stockify24.pl\/de\/wp-json\/wp\/v2\/product_cat?post=51338"},{"taxonomy":"product_tag","embeddable":true,"href":"https:\/\/stockify24.pl\/de\/wp-json\/wp\/v2\/product_tag?post=51338"}],"curies":[{"name":"wp","href":"https:\/\/api.w.org\/{rel}","templated":true}]}}