{"id":51347,"date":"2026-04-16T14:37:56","date_gmt":"2026-04-16T13:37:56","guid":{"rendered":"https:\/\/stockify24.pl\/?post_type=product&#038;p=51347"},"modified":"2026-04-24T14:54:13","modified_gmt":"2026-04-24T13:54:13","slug":"paleta-elektroniki-z-europy-eu-a-b-265","status":"publish","type":"product","link":"https:\/\/stockify24.pl\/de\/produkt\/paleta-elektroniki-z-europy-eu-a-b-265\/","title":{"rendered":"Paleta elektroniki z Europy (EU) |A\u2013B| #265"},"content":{"rendered":"<section class=\"text-token-text-primary w-full focus:outline-none [--shadow-height:45px] has-data-writing-block:pointer-events-none has-data-writing-block:-mt-(--shadow-height) has-data-writing-block:pt-(--shadow-height) [&amp;:has([data-writing-block])&gt;*]:pointer-events-auto [content-visibility:auto] supports-[content-visibility:auto]:[contain-intrinsic-size:auto_100lvh] R6Vx5W_threadScrollVars scroll-mb-[calc(var(--scroll-root-safe-area-inset-bottom,0px)+var(--thread-response-height))] scroll-mt-[calc(var(--header-height)+min(200px,max(70px,20svh)))]\" dir=\"auto\" data-turn-id=\"request-69c65452-e37c-8386-b18d-56272d59cc8a-2\" data-testid=\"conversation-turn-182\" data-scroll-anchor=\"false\" data-turn=\"assistant\">\n<div class=\"text-base my-auto mx-auto pb-10 [--thread-content-margin:var(--thread-content-margin-xs,calc(var(--spacing)*4))] @w-sm\/main:[--thread-content-margin:var(--thread-content-margin-sm,calc(var(--spacing)*6))] @w-lg\/main:[--thread-content-margin:var(--thread-content-margin-lg,calc(var(--spacing)*16))] px-(--thread-content-margin)\">\n<div class=\"[--thread-content-max-width:40rem] @w-lg\/main:[--thread-content-max-width:48rem] mx-auto max-w-(--thread-content-max-width) flex-1 group\/turn-messages focus-visible:outline-hidden relative flex w-full min-w-0 flex-col agent-turn\">\n<div class=\"flex max-w-full flex-col gap-4 grow\">\n<div class=\"min-h-8 text-message relative flex w-full flex-col items-end gap-2 text-start break-words whitespace-normal outline-none keyboard-focused:focus-ring [.text-message+&amp;]:mt-1\" dir=\"auto\" tabindex=\"0\" data-message-author-role=\"assistant\" data-message-id=\"d85b2cda-9e84-4202-a0e8-91a8c5659274\" data-message-model-slug=\"gpt-5-3\" data-turn-start-message=\"true\">\n<div class=\"flex w-full flex-col gap-1 empty:hidden\">\n<div class=\"markdown prose dark:prose-invert w-full wrap-break-word dark markdown-new-styling\">\n<h1 data-section-id=\"nrrls4\" data-start=\"222\" data-end=\"311\"><span role=\"text\"><strong data-start=\"224\" data-end=\"311\">Paleta elektroniki z Europy EU \u2013 mix A\u2013B | 70\u201380% elektronika u\u017cytkowa do sprzeda\u017cy<\/strong><\/span><\/h1>\n<h2 data-section-id=\"731i4n\" data-start=\"313\" data-end=\"374\">Nowa dostawa \u2013 wi\u0119ksza paleta, wi\u0119kszy potencja\u0142 sprzeda\u017cy<\/h2>\n<p data-start=\"376\" data-end=\"698\">Paleta elektroniki z Europy EU w standardzie A\u2013B to rozwi\u0105zanie dla sprzedawc\u00f3w, kt\u00f3rzy chc\u0105 zwi\u0119kszy\u0107 skal\u0119 sprzeda\u017cy poprzez dost\u0119p do wi\u0119kszej ilo\u015bci produkt\u00f3w w jednej dostawie. Wi\u0119ksza paleta oznacza wi\u0119cej pozycji sprzeda\u017cowych i mo\u017cliwo\u015b\u0107 szybszego budowania oferty bez konieczno\u015bci kompletowania towaru pojedynczo.<\/p>\n<p data-start=\"700\" data-end=\"947\">Struktura zawarto\u015bci obejmuje oko\u0142o 70\u201380% elektroniki u\u017cytkowej, co pozwala skoncentrowa\u0107 sprzeda\u017c na kategorii o stabilnym popycie i wysokiej rotacji. Dzi\u0119ki temu mo\u017cliwe jest szybkie generowanie przychodu oraz efektywne rozwijanie dzia\u0142alno\u015bci.<\/p>\n<p data-start=\"949\" data-end=\"1111\">Ka\u017cda paleta posiada losowy sk\u0142ad. Oznacza to brak powtarzalno\u015bci produkt\u00f3w i mo\u017cliwo\u015b\u0107 regularnego od\u015bwie\u017cania oferty, co zwi\u0119ksza jej atrakcyjno\u015b\u0107 dla klient\u00f3w.<\/p>\n<h2 data-section-id=\"2o4p3c\" data-start=\"1118\" data-end=\"1186\">Zawarto\u015b\u0107 palety \u2013 elektronika u\u017cytkowa o wysokim zapotrzebowaniu<\/h2>\n<p data-start=\"1188\" data-end=\"1303\">Mix elektroniki obejmuje produkty i akcesoria, kt\u00f3re nale\u017c\u0105 do najcz\u0119\u015bciej kupowanych kategorii w sprzeda\u017cy online.<\/p>\n<p data-start=\"1305\" data-end=\"1342\">W sk\u0142ad palety wchodz\u0105 mi\u0119dzy innymi:<\/p>\n<ul data-start=\"1344\" data-end=\"1579\">\n<li data-section-id=\"iz16co\" data-start=\"1344\" data-end=\"1387\">s\u0142uchawki bezprzewodowe oraz przewodowe<\/li>\n<li data-section-id=\"om8off\" data-start=\"1388\" data-end=\"1424\">\u0142adowarki, przewody i powerbanki<\/li>\n<li data-section-id=\"2cko63\" data-start=\"1425\" data-end=\"1442\">akcesoria GSM<\/li>\n<li data-section-id=\"r5wtn7\" data-start=\"1443\" data-end=\"1473\">urz\u0105dzenia typu smart home<\/li>\n<li data-section-id=\"isey0l\" data-start=\"1474\" data-end=\"1513\">drobne AGD (np. suszarki, masa\u017cery)<\/li>\n<li data-section-id=\"i0l57x\" data-start=\"1514\" data-end=\"1552\">kontrolery i gad\u017cety elektroniczne<\/li>\n<li data-section-id=\"4fq00c\" data-start=\"1553\" data-end=\"1579\">inne produkty u\u017cytkowe<\/li>\n<\/ul>\n<p data-start=\"1581\" data-end=\"1720\">Zr\u00f3\u017cnicowany asortyment umo\u017cliwia sprzeda\u017c w wielu segmentach jednocze\u015bnie, co zwi\u0119ksza rotacj\u0119 produkt\u00f3w i poprawia efektywno\u015b\u0107 sprzeda\u017cy.<\/p>\n<h2 data-section-id=\"1bxvk48\" data-start=\"1727\" data-end=\"1778\">Parametry techniczne<\/h2>\n<ul data-start=\"1780\" data-end=\"1952\">\n<li data-section-id=\"pdbh1u\" data-start=\"1780\" data-end=\"1807\">wysoko\u015b\u0107 palety: 1 metr<\/li>\n<li data-section-id=\"cmu2gk\" data-start=\"1808\" data-end=\"1830\">waga netto: 133 kg<\/li>\n<li data-section-id=\"6ry0ec\" data-start=\"1831\" data-end=\"1871\">struktura: mix elektroniki u\u017cytkowej<\/li>\n<li data-section-id=\"1hlaiqg\" data-start=\"1872\" data-end=\"1904\">asortyment: losowy i zmienny<\/li>\n<li data-section-id=\"10hkle2\" data-start=\"1905\" data-end=\"1952\">ka\u017cda paleta: indywidualny zestaw produkt\u00f3w<\/li>\n<\/ul>\n<p data-start=\"1954\" data-end=\"2036\">Paleta nie posiada sta\u0142ej listy produkt\u00f3w \u2014 zawarto\u015b\u0107 zale\u017cy od aktualnej dostawy.<\/p>\n<h2 data-section-id=\"m0wi36\" data-start=\"2043\" data-end=\"2106\">Dlaczego elektronika u\u017cytkowa to stabilny segment sprzeda\u017cy?<\/h2>\n<p data-start=\"2108\" data-end=\"2282\">Elektronika u\u017cytkowa to jedna z najbardziej przewidywalnych kategorii sprzeda\u017cowych. Produkty z tej grupy sprzedaj\u0105 si\u0119 przez ca\u0142y rok i trafiaj\u0105 do szerokiej grupy klient\u00f3w.<\/p>\n<p data-start=\"2284\" data-end=\"2307\">Najwa\u017cniejsze przewagi:<\/p>\n<ul data-start=\"2309\" data-end=\"2472\">\n<li data-section-id=\"1g2zt93\" data-start=\"2309\" data-end=\"2337\">szybka rotacja produkt\u00f3w<\/li>\n<li data-section-id=\"1wi0ouw\" data-start=\"2338\" data-end=\"2361\">sta\u0142y popyt rynkowy<\/li>\n<li data-section-id=\"1bijyi9\" data-start=\"2362\" data-end=\"2388\">szeroka baza odbiorc\u00f3w<\/li>\n<li data-section-id=\"1yaidi4\" data-start=\"2389\" data-end=\"2437\">mo\u017cliwo\u015b\u0107 sprzeda\u017cy pojedynczej i zestawowej<\/li>\n<li data-section-id=\"1o7q6th\" data-start=\"2438\" data-end=\"2472\">\u0142atwa dystrybucja w e-commerce<\/li>\n<\/ul>\n<p data-start=\"2474\" data-end=\"2579\">Dzi\u0119ki tym cechom paleta elektroniki z Europy EU pozwala budowa\u0107 sprzeda\u017c w spos\u00f3b stabilny i skalowalny.<\/p>\n<h2 data-section-id=\"9hjp8p\" data-start=\"2586\" data-end=\"2620\">Jako\u015b\u0107 produkt\u00f3w \u2013 standard A\u2013B<\/h2>\n<p data-start=\"2622\" data-end=\"2751\">Palety w standardzie A\u2013B obejmuj\u0105 produkty o zr\u00f3\u017cnicowanym stanie, jednak z przewag\u0105 towar\u00f3w nadaj\u0105cych si\u0119 do dalszej sprzeda\u017cy.<\/p>\n<p data-start=\"2753\" data-end=\"2777\">Charakterystyka jako\u015bci:<\/p>\n<ul data-start=\"2779\" data-end=\"2932\">\n<li data-section-id=\"1br12vd\" data-start=\"2779\" data-end=\"2834\">wi\u0119kszo\u015b\u0107 produkt\u00f3w nowa lub w bardzo dobrym stanie<\/li>\n<li data-section-id=\"jqrsyy\" data-start=\"2835\" data-end=\"2871\">mo\u017cliwe drobne \u015blady u\u017cytkowania<\/li>\n<li data-section-id=\"9474dx\" data-start=\"2872\" data-end=\"2932\">dopuszczalna niewielka domieszka klasy C (do oko\u0142o 5\u20137%)<\/li>\n<\/ul>\n<p data-start=\"2934\" data-end=\"3020\">Taki poziom jako\u015bci pozwala utrzyma\u0107 korzystny stosunek ceny zakupu do ceny sprzeda\u017cy.<\/p>\n<p data-start=\"3022\" data-end=\"3113\">Produkty nie s\u0105 testowane indywidualnie, co jest standardem dla dostaw typu Amazon Returns.<\/p>\n<h2 data-section-id=\"1vs0cqv\" data-start=\"3120\" data-end=\"3183\">Model sprzeda\u017cy \u2013 jak wykorzysta\u0107 potencja\u0142 wi\u0119kszej palety?<\/h2>\n<p data-start=\"3185\" data-end=\"3321\">Sprzeda\u017c oparta na paletach polega na pracy na liczbie produkt\u00f3w oraz ich rotacji. Wi\u0119ksza paleta oznacza wi\u0119kszy potencja\u0142 sprzeda\u017cowy.<\/p>\n<p data-start=\"3323\" data-end=\"3341\">Schemat dzia\u0142ania:<\/p>\n<ol data-start=\"3343\" data-end=\"3463\">\n<li data-section-id=\"1sbhdx6\" data-start=\"3343\" data-end=\"3360\">zakup palety<\/li>\n<li data-section-id=\"1h5xpxe\" data-start=\"3361\" data-end=\"3384\">selekcja produkt\u00f3w<\/li>\n<li data-section-id=\"bwh49e\" data-start=\"3385\" data-end=\"3406\">publikacja ofert<\/li>\n<li data-section-id=\"1gl09dc\" data-start=\"3407\" data-end=\"3437\">sprzeda\u017c w wielu kana\u0142ach<\/li>\n<li data-section-id=\"10cvcem\" data-start=\"3438\" data-end=\"3463\">reinwestowanie zysku<\/li>\n<\/ol>\n<p data-start=\"3465\" data-end=\"3542\">Taki model pozwala szybciej rozwija\u0107 dzia\u0142alno\u015b\u0107 i zwi\u0119ksza\u0107 skal\u0119 sprzeda\u017cy.<\/p>\n<h2 data-section-id=\"11cjqy5\" data-start=\"3549\" data-end=\"3600\">Kana\u0142y sprzeda\u017cy \u2013 gdzie sprzedawa\u0107 elektronik\u0119?<\/h2>\n<p data-start=\"3653\" data-end=\"3726\">Paleta elektroniki z Europy EU sprawdza si\u0119 w r\u00f3\u017cnych kana\u0142ach sprzeda\u017cy:<\/p>\n<ul data-start=\"3777\" data-end=\"3846\">\n<li data-section-id=\"1gr8el2\" data-start=\"3777\" data-end=\"3788\"><a href=\"https:\/\/allegro.pl\/\" target=\"_blank\" rel=\"noopener\">Allegro<\/a><\/li>\n<li data-section-id=\"16txjn7\" data-start=\"3789\" data-end=\"3796\"><a href=\"https:\/\/www.olx.pl\/\" target=\"_blank\" rel=\"noopener\">OLX<\/a><\/li>\n<li data-section-id=\"1b2mlzr\" data-start=\"3797\" data-end=\"3805\"><a href=\"https:\/\/www.ebay.com\/\" target=\"_blank\" rel=\"noopener\">eBay<\/a><\/li>\n<li data-section-id=\"1ls0se6\" data-start=\"3806\" data-end=\"3816\"><a href=\"https:\/\/www.amazon.com\/\" target=\"_blank\" rel=\"noopener\">Amazon<\/a><\/li>\n<li data-section-id=\"1d4qn16\" data-start=\"3817\" data-end=\"3846\">w\u0142asne sklepy internetowe<\/li>\n<\/ul>\n<p data-start=\"3765\" data-end=\"3847\">Sprzeda\u017c wielokana\u0142owa pozwala zwi\u0119kszy\u0107 zasi\u0119g i przyspieszy\u0107 sprzeda\u017c produkt\u00f3w.<\/p>\n<h2 data-section-id=\"1mopser\" data-start=\"3835\" data-end=\"3862\">Korzy\u015bci dla sprzedawc\u00f3w<\/h2>\n<p data-start=\"3864\" data-end=\"3951\">Zakup palety elektroniki to rozwi\u0105zanie, kt\u00f3re umo\u017cliwia szybkie zwi\u0119kszenie sprzeda\u017cy.<\/p>\n<p data-start=\"3953\" data-end=\"3976\">Najwa\u017cniejsze korzy\u015bci:<\/p>\n<ul data-start=\"3978\" data-end=\"4177\">\n<li data-section-id=\"ieljwf\" data-start=\"3978\" data-end=\"4024\">wi\u0119ksza liczba produkt\u00f3w w jednej dostawie<\/li>\n<li data-section-id=\"1e0drbc\" data-start=\"4025\" data-end=\"4061\">szybkie zwi\u0119kszenie liczby ofert<\/li>\n<li data-section-id=\"1b4o0oo\" data-start=\"4062\" data-end=\"4090\">elastyczne ustalanie cen<\/li>\n<li data-section-id=\"16h5c6m\" data-start=\"4091\" data-end=\"4134\">dost\u0119p do produkt\u00f3w w atrakcyjnej cenie<\/li>\n<li data-section-id=\"x4575q\" data-start=\"4135\" data-end=\"4177\">mo\u017cliwo\u015b\u0107 testowania r\u00f3\u017cnych kategorii<\/li>\n<\/ul>\n<p data-start=\"4179\" data-end=\"4222\">To rozwi\u0105zanie daje przewag\u0119 konkurencyjn\u0105.<\/p>\n<h2 data-section-id=\"f1xuem\" data-start=\"4132\" data-end=\"4154\">Logistyka i dostawa<\/h2>\n<p data-start=\"4156\" data-end=\"4240\">Palety wysy\u0142ane s\u0105 z magazynu w Europie, co umo\u017cliwia szybkie rozpocz\u0119cie sprzeda\u017cy.<\/p>\n<p data-start=\"4242\" data-end=\"4258\">Proces obejmuje:<\/p>\n<ul data-start=\"4260\" data-end=\"4333\">\n<li data-section-id=\"7znjh2\" data-start=\"4260\" data-end=\"4288\">przygotowanie zam\u00f3wienia<\/li>\n<li data-section-id=\"1qo0dyy\" data-start=\"4289\" data-end=\"4313\">bezpieczne pakowanie<\/li>\n<li data-section-id=\"a3em40\" data-start=\"4314\" data-end=\"4333\">sprawn\u0105 wysy\u0142k\u0119<\/li>\n<\/ul>\n<p data-start=\"4335\" data-end=\"4401\">Dzi\u0119ki temu mo\u017cliwe jest szybkie wdro\u017cenie produkt\u00f3w do sprzeda\u017cy.<\/p>\n<h2 data-section-id=\"71p1w8\" data-start=\"4505\" data-end=\"4524\">Wa\u017cne informacje<\/h2>\n<ul data-start=\"4526\" data-end=\"4738\">\n<li data-section-id=\"1odlefs\" data-start=\"4526\" data-end=\"4596\">towar pochodzi ze zwrot\u00f3w konsumenckich oraz nadwy\u017cek magazynowych<\/li>\n<li data-section-id=\"196h1iw\" data-start=\"4597\" data-end=\"4640\">produkty nie s\u0105 testowane indywidualnie<\/li>\n<li data-section-id=\"1st3k7w\" data-start=\"4641\" data-end=\"4680\">mo\u017cliwa niewielka domieszka klasy C<\/li>\n<li data-section-id=\"1jh6vg4\" data-start=\"4681\" data-end=\"4713\">ka\u017cda paleta ma losowy sk\u0142ad<\/li>\n<li data-section-id=\"1rrf97y\" data-start=\"4714\" data-end=\"4738\">brak listy produkt\u00f3w<\/li>\n<\/ul>\n<p data-start=\"4740\" data-end=\"4815\">Zmienno\u015b\u0107 zawarto\u015bci jest naturalnym elementem tego modelu i jego przewag\u0105.<\/p>\n<h2 data-section-id=\"1xa3dgd\" data-start=\"4822\" data-end=\"4856\">Podsumowanie \u2013 czy warto kupi\u0107?<\/h2>\n<p data-start=\"4858\" data-end=\"4992\">Paleta elektroniki z Europy EU to rozwi\u0105zanie dla sprzedawc\u00f3w, kt\u00f3rzy chc\u0105 rozwija\u0107 sprzeda\u017c w oparciu o rotacj\u0119 i szeroki asortyment.<\/p>\n<p data-start=\"4994\" data-end=\"5014\">Model ten umo\u017cliwia:<\/p>\n<ul data-start=\"5016\" data-end=\"5159\">\n<li data-section-id=\"q7uix1\" data-start=\"5016\" data-end=\"5056\">szybkie zwi\u0119kszenie liczby produkt\u00f3w<\/li>\n<li data-section-id=\"685pbr\" data-start=\"5057\" data-end=\"5094\">rozw\u00f3j sprzeda\u017cy w wielu kana\u0142ach<\/li>\n<li data-section-id=\"2e2gk9\" data-start=\"5095\" data-end=\"5126\">dopasowanie oferty do rynku<\/li>\n<li data-section-id=\"nord47\" data-start=\"5127\" data-end=\"5159\">osi\u0105ganie stabilnych wynik\u00f3w<\/li>\n<\/ul>\n<p data-start=\"5161\" data-end=\"5334\">W e-commerce przewag\u0119 osi\u0105gaj\u0105 ci, kt\u00f3rzy dzia\u0142aj\u0105 szybko i posiadaj\u0105 szerok\u0105 ofert\u0119. Paleta elektroniki z Europy EU daje realne narz\u0119dzie do budowania skalowalnego biznesu.<\/p>\n<p data-start=\"5505\" data-end=\"5558\" data-is-last-node=\"\" data-is-only-node=\"\">\ud83d\udc49 Wszystkie modele palet Amazon mo\u017cna znale\u017a\u0107 <a href=\"https:\/\/stockify24.pl\/sklep\/\"><strong>tutaj<\/strong>.<\/a><\/p>\n<\/div>\n<\/div>\n<\/div>\n<\/div>\n<\/div>\n<\/div>\n<\/section>\n","protected":false},"excerpt":{"rendered":"<p class=\"p1\">\u26a1 Oko\u0142o 70\u201380% elektroniki<\/p>\n<p class=\"p1\">\ud83c\uddea\ud83c\uddfa EU<\/p>\n<p class=\"p1\">\ud83d\udd25 Amazon Returns<\/p>\n<p class=\"p1\" style=\"text-align: left;\">\u2714\ufe0f Jako\u015b\u0107 A\u2013B<\/p>","protected":false},"featured_media":51868,"comment_status":"open","ping_status":"closed","template":"","meta":{"_acf_changed":false},"product_brand":[],"product_cat":[1258,1273,1284],"product_tag":[1321,1274],"class_list":{"0":"post-51347","1":"product","2":"type-product","3":"status-publish","4":"has-post-thumbnail","6":"product_cat-amazon-paleta","7":"product_cat-mix-elektroniki-eu-amazon-returns-ab","8":"product_cat-palety-dnia","9":"product_tag-amazon-returns","10":"product_tag-paleta-mix-elektroniki-z-europy","12":"first","13":"instock","14":"sold-individually","15":"taxable","16":"shipping-taxable","17":"purchasable","18":"product-type-simple"},"acf":[],"_links":{"self":[{"href":"https:\/\/stockify24.pl\/de\/wp-json\/wp\/v2\/product\/51347","targetHints":{"allow":["GET"]}}],"collection":[{"href":"https:\/\/stockify24.pl\/de\/wp-json\/wp\/v2\/product"}],"about":[{"href":"https:\/\/stockify24.pl\/de\/wp-json\/wp\/v2\/types\/product"}],"replies":[{"embeddable":true,"href":"https:\/\/stockify24.pl\/de\/wp-json\/wp\/v2\/comments?post=51347"}],"wp:featuredmedia":[{"embeddable":true,"href":"https:\/\/stockify24.pl\/de\/wp-json\/wp\/v2\/media\/51868"}],"wp:attachment":[{"href":"https:\/\/stockify24.pl\/de\/wp-json\/wp\/v2\/media?parent=51347"}],"wp:term":[{"taxonomy":"product_brand","embeddable":true,"href":"https:\/\/stockify24.pl\/de\/wp-json\/wp\/v2\/product_brand?post=51347"},{"taxonomy":"product_cat","embeddable":true,"href":"https:\/\/stockify24.pl\/de\/wp-json\/wp\/v2\/product_cat?post=51347"},{"taxonomy":"product_tag","embeddable":true,"href":"https:\/\/stockify24.pl\/de\/wp-json\/wp\/v2\/product_tag?post=51347"}],"curies":[{"name":"wp","href":"https:\/\/api.w.org\/{rel}","templated":true}]}}