{"id":51797,"date":"2026-04-24T11:14:40","date_gmt":"2026-04-24T10:14:40","guid":{"rendered":"https:\/\/stockify24.pl\/?post_type=product&#038;p=51797"},"modified":"2026-04-24T16:35:44","modified_gmt":"2026-04-24T15:35:44","slug":"box-torebek-20-szt-torebki-premium-6","status":"publish","type":"product","link":"https:\/\/stockify24.pl\/de\/produkt\/box-torebek-20-szt-torebki-premium-6\/","title":{"rendered":"Box torebek \u2013 20 szt. | Torebki Premium |#6"},"content":{"rendered":"<div class=\"flex flex-col text-sm pb-25\">\n<section class=\"text-token-text-primary w-full focus:outline-none [--shadow-height:45px] has-data-writing-block:pointer-events-none has-data-writing-block:-mt-(--shadow-height) has-data-writing-block:pt-(--shadow-height) [&amp;:has([data-writing-block])&gt;*]:pointer-events-auto scroll-mt-[calc(var(--header-height)+min(200px,max(70px,20svh)))]\" dir=\"auto\" data-turn-id=\"request-69b8245d-0030-838e-b654-ccb872ba6f51-25\" data-testid=\"conversation-turn-200\" data-scroll-anchor=\"true\" data-turn=\"assistant\">\n<div class=\"text-base my-auto mx-auto pb-10 [--thread-content-margin:var(--thread-content-margin-xs,calc(var(--spacing)*4))] @w-sm\/main:[--thread-content-margin:var(--thread-content-margin-sm,calc(var(--spacing)*6))] @w-lg\/main:[--thread-content-margin:var(--thread-content-margin-lg,calc(var(--spacing)*16))] px-(--thread-content-margin)\">\n<div class=\"[--thread-content-max-width:40rem] @w-lg\/main:[--thread-content-max-width:48rem] mx-auto max-w-(--thread-content-max-width) flex-1 group\/turn-messages focus-visible:outline-hidden relative flex w-full min-w-0 flex-col agent-turn\">\n<div class=\"flex max-w-full flex-col gap-4 grow\">\n<div class=\"min-h-8 text-message relative flex w-full flex-col items-end gap-2 text-start break-words whitespace-normal outline-none keyboard-focused:focus-ring [.text-message+&amp;]:mt-1\" dir=\"auto\" tabindex=\"0\" data-message-author-role=\"assistant\" data-message-id=\"ed8abcdd-be0d-4615-88f1-9a47a52c2d16\" data-message-model-slug=\"gpt-5-3\" data-turn-start-message=\"true\">\n<div class=\"flex w-full flex-col gap-1 empty:hidden\">\n<div class=\"markdown prose dark:prose-invert w-full wrap-break-word dark markdown-new-styling\">\n<div class=\"flex h-svh w-screen flex-col\">\n<div class=\"relative z-0 flex min-h-0 w-full flex-1\">\n<div class=\"relative flex min-h-0 w-full flex-1\">\n<div class=\"@container\/main relative flex min-w-0 flex-1 flex-col -translate-y-[calc(env(safe-area-inset-bottom,0px)\/2)] pt-[calc(env(safe-area-inset-bottom,0px)\/2)]\">\n<div class=\"@w-sm\/main:[scrollbar-gutter:var(--stage-scroll-gutter)] touch:[scrollbar-width:none] group\/scroll-root relative flex min-h-0 min-w-0 flex-1 flex-col [scrollbar-gutter:stable] not-print:overflow-x-clip not-print:overflow-y-auto group-data-stream-active\/scroll-root:[overflow-anchor:none] scroll-pt-(--header-height) [--sticky-padding-top:var(--header-height)] [--sticky-padding-bottom:0px] [--scroll-root-safe-area-inset-top:calc(var(--sticky-padding-top)+env(safe-area-inset-top,0px))] [--scroll-root-safe-area-inset-bottom:calc(var(--sticky-padding-bottom)+var(--screen-keyboard-height,0px)+env(safe-area-inset-bottom,0px))] [--scroll-root-safe-area-height:calc(100lvh-var(--scroll-root-safe-area-inset-top)-var(--scroll-root-safe-area-inset-bottom))] has-data-[fixed-header=less-than-xl]:@w-xl\/main:scroll-pt-0 has-data-[fixed-header=less-than-xl]:@w-xl\/main:[--sticky-padding-top:0px] has-data-[fixed-header=less-than-xxl]:@w-2xl\/main:scroll-pt-0 has-data-[fixed-header=less-than-xxl]:@w-2xl\/main:[--sticky-padding-top:0px]\" data-scroll-root=\"\" data-scroll-from-top=\"\">\n<div class=\"relative basis-auto flex-col -mb-(--composer-overlap-px) pb-(--composer-overlap-px) [--composer-overlap-px:28px] grow flex\">\n<div class=\"flex flex-col text-sm\">\n<section class=\"text-token-text-primary w-full focus:outline-none [--shadow-height:45px] has-data-writing-block:pointer-events-none has-data-writing-block:-mt-(--shadow-height) has-data-writing-block:pt-(--shadow-height) [&amp;:has([data-writing-block])&gt;*]:pointer-events-auto scroll-mt-[calc(var(--header-height)+min(200px,max(70px,20svh)))]\" dir=\"auto\" data-turn-id=\"request-WEB:cc509de0-714c-4653-ad32-6b5e125a8411-7\" data-testid=\"conversation-turn-10\" data-scroll-anchor=\"true\" data-turn=\"assistant\">\n<div class=\"text-base my-auto mx-auto pb-10 [--thread-content-margin:var(--thread-content-margin-xs,calc(var(--spacing)*4))] @w-sm\/main:[--thread-content-margin:var(--thread-content-margin-sm,calc(var(--spacing)*6))] @w-lg\/main:[--thread-content-margin:var(--thread-content-margin-lg,calc(var(--spacing)*16))] px-(--thread-content-margin)\">\n<div class=\"[--thread-content-max-width:40rem] @w-lg\/main:[--thread-content-max-width:48rem] mx-auto max-w-(--thread-content-max-width) flex-1 group\/turn-messages focus-visible:outline-hidden relative flex w-full min-w-0 flex-col agent-turn\">\n<div class=\"flex max-w-full flex-col gap-4 grow\">\n<div class=\"min-h-8 text-message relative flex w-full flex-col items-end gap-2 text-start break-words whitespace-normal outline-none keyboard-focused:focus-ring [.text-message+&amp;]:mt-1\" dir=\"auto\" tabindex=\"0\" data-message-author-role=\"assistant\" data-message-id=\"cfa6deea-8ce4-4542-9cf9-48a3b1cdbe9a\" data-message-model-slug=\"gpt-5-3\" data-turn-start-message=\"true\">\n<div class=\"flex w-full flex-col gap-1 empty:hidden\">\n<div class=\"markdown prose dark:prose-invert w-full wrap-break-word dark markdown-new-styling\">\n<div class=\"flex flex-col text-sm pb-25\">\n<section class=\"text-token-text-primary w-full focus:outline-none [--shadow-height:45px] has-data-writing-block:pointer-events-none has-data-writing-block:-mt-(--shadow-height) has-data-writing-block:pt-(--shadow-height) [&amp;:has([data-writing-block])&gt;*]:pointer-events-auto scroll-mt-[calc(var(--header-height)+min(200px,max(70px,20svh)))]\" dir=\"auto\" data-turn-id=\"request-69c2a6c3-14c8-8392-ab91-845727832df6-4\" data-testid=\"conversation-turn-40\" data-scroll-anchor=\"true\" data-turn=\"assistant\">\n<div class=\"text-base my-auto mx-auto pb-10 [--thread-content-margin:var(--thread-content-margin-xs,calc(var(--spacing)*4))] @w-sm\/main:[--thread-content-margin:var(--thread-content-margin-sm,calc(var(--spacing)*6))] @w-lg\/main:[--thread-content-margin:var(--thread-content-margin-lg,calc(var(--spacing)*16))] px-(--thread-content-margin)\">\n<div class=\"[--thread-content-max-width:40rem] @w-lg\/main:[--thread-content-max-width:48rem] mx-auto max-w-(--thread-content-max-width) flex-1 group\/turn-messages focus-visible:outline-hidden relative flex w-full min-w-0 flex-col agent-turn\">\n<div class=\"flex max-w-full flex-col gap-4 grow\">\n<div class=\"min-h-8 text-message relative flex w-full flex-col items-end gap-2 text-start break-words whitespace-normal outline-none keyboard-focused:focus-ring [.text-message+&amp;]:mt-1\" dir=\"auto\" tabindex=\"0\" data-message-author-role=\"assistant\" data-message-id=\"59380e2e-6df9-44e0-8276-a27663961a62\" data-message-model-slug=\"gpt-5-3\" data-turn-start-message=\"true\">\n<div class=\"flex w-full flex-col gap-1 empty:hidden\">\n<div class=\"markdown prose dark:prose-invert w-full wrap-break-word dark markdown-new-styling\">\n<section class=\"text-token-text-primary w-full focus:outline-none [--shadow-height:45px] has-data-writing-block:pointer-events-none has-data-writing-block:-mt-(--shadow-height) has-data-writing-block:pt-(--shadow-height) [&amp;:has([data-writing-block])&gt;*]:pointer-events-auto R6Vx5W_threadScrollVars scroll-mb-[calc(var(--scroll-root-safe-area-inset-bottom,0px)+var(--thread-response-height))] scroll-mt-(--header-height)\" dir=\"auto\" data-turn-id=\"a2cb1661-1453-464f-a8de-40a178c6d895\" data-testid=\"conversation-turn-1\" data-scroll-anchor=\"false\" data-turn=\"user\"><\/section>\n<section class=\"text-token-text-primary w-full focus:outline-none [--shadow-height:45px] has-data-writing-block:pointer-events-none has-data-writing-block:-mt-(--shadow-height) has-data-writing-block:pt-(--shadow-height) [&amp;:has([data-writing-block])&gt;*]:pointer-events-auto [content-visibility:auto] supports-[content-visibility:auto]:[contain-intrinsic-size:auto_100lvh] R6Vx5W_threadScrollVars scroll-mb-[calc(var(--scroll-root-safe-area-inset-bottom,0px)+var(--thread-response-height))] scroll-mt-[calc(var(--header-height)+min(200px,max(70px,20svh)))]\" dir=\"auto\" data-turn-id=\"request-WEB:176b9ba8-3f2b-431d-879f-1681a5545642-1\" data-testid=\"conversation-turn-2\" data-scroll-anchor=\"false\" data-turn=\"assistant\">\n<div class=\"text-base my-auto mx-auto pb-10 [--thread-content-margin:var(--thread-content-margin-xs,calc(var(--spacing)*4))] @w-sm\/main:[--thread-content-margin:var(--thread-content-margin-sm,calc(var(--spacing)*6))] @w-lg\/main:[--thread-content-margin:var(--thread-content-margin-lg,calc(var(--spacing)*16))] px-(--thread-content-margin)\">\n<div class=\"[--thread-content-max-width:40rem] @w-lg\/main:[--thread-content-max-width:48rem] mx-auto max-w-(--thread-content-max-width) flex-1 group\/turn-messages focus-visible:outline-hidden relative flex w-full min-w-0 flex-col agent-turn\">\n<div class=\"flex max-w-full flex-col gap-4 grow\">\n<div class=\"min-h-8 text-message relative flex w-full flex-col items-end gap-2 text-start break-words whitespace-normal outline-none keyboard-focused:focus-ring [.text-message+&amp;]:mt-1\" dir=\"auto\" tabindex=\"0\" data-message-author-role=\"assistant\" data-message-id=\"35903f6b-eedf-4e72-9a6d-0b8cd34b1111\" data-message-model-slug=\"gpt-5-3\" data-turn-start-message=\"true\">\n<div class=\"flex w-full flex-col gap-1 empty:hidden\">\n<div class=\"markdown prose dark:prose-invert w-full wrap-break-word dark markdown-new-styling\">\n<h2 data-section-id=\"7zn71m\" data-start=\"0\" data-end=\"57\">\ud83d\udce6 Box torebek \u2013 20 szt. | Torebki Premium Strefa Mody<\/h2>\n<h3 data-section-id=\"mfy7dm\" data-start=\"59\" data-end=\"118\">Gotowy box torebek premium dla sprzeda\u017cy wielokana\u0142owej<\/h3>\n<p data-start=\"120\" data-end=\"419\">Box torebek to rozwi\u0105zanie dla sprzedawc\u00f3w, kt\u00f3rzy chc\u0105 wprowadzi\u0107 do oferty <strong data-start=\"207\" data-end=\"226\">torebki premium<\/strong> bez konieczno\u015bci selekcji konkretnych modeli. Zestaw oparty jest na mixie marek i fason\u00f3w w gatunku A, co oznacza nowy towar przygotowany do dalszej odsprzeda\u017cy w kana\u0142ach online oraz offline.<\/p>\n<p data-start=\"421\" data-end=\"635\">Produkt zosta\u0142 zaprojektowany pod k\u0105tem efektywno\u015bci sprzeda\u017cowej. R\u00f3\u017cnorodno\u015b\u0107 modeli oraz sezonowy mix zwi\u0119kszaj\u0105 dopasowanie do klient\u00f3w ko\u0144cowych, co bezpo\u015brednio wp\u0142ywa na rotacj\u0119 towaru oraz wyniki sprzeda\u017cy.<\/p>\n<h3 data-section-id=\"yqzjci\" data-start=\"642\" data-end=\"667\">\ud83d\udcca Parametry produktu<\/h3>\n<ul data-start=\"669\" data-end=\"936\">\n<li data-section-id=\"1d9zqcm\" data-start=\"669\" data-end=\"707\"><strong data-start=\"671\" data-end=\"683\">Produkt:<\/strong> Box torebek \u2013 20 szt.<\/li>\n<li data-section-id=\"ecjxqk\" data-start=\"708\" data-end=\"746\"><strong data-start=\"710\" data-end=\"724\">Kategoria:<\/strong> Torebki \u2b50 PREMIUM \u2b50<\/li>\n<li data-section-id=\"1aohbba\" data-start=\"747\" data-end=\"772\"><strong data-start=\"749\" data-end=\"761\">Gatunek:<\/strong> A (nowe)<\/li>\n<li data-section-id=\"5gvsns\" data-start=\"773\" data-end=\"809\"><strong data-start=\"775\" data-end=\"786\">Rodzaj:<\/strong> Damski, damsko-m\u0119ski<\/li>\n<li data-section-id=\"16g546b\" data-start=\"810\" data-end=\"828\"><strong data-start=\"812\" data-end=\"822\">Sezon:<\/strong> Mix<\/li>\n<li data-section-id=\"wip2j5\" data-start=\"829\" data-end=\"864\"><strong data-start=\"831\" data-end=\"855\">Jednostka sprzeda\u017cy:<\/strong> sztuki<\/li>\n<li data-section-id=\"ola6gn\" data-start=\"865\" data-end=\"902\"><strong data-start=\"867\" data-end=\"892\">Minimalne zam\u00f3wienie:<\/strong> 20 szt.<\/li>\n<\/ul>\n<h3 data-section-id=\"12p44v8\" data-start=\"943\" data-end=\"1002\">\ud83d\udcb0 Torebki premium \u2013 wysoka warto\u015b\u0107 i stabilna sprzeda\u017c<\/h3>\n<p data-start=\"1004\" data-end=\"1228\">Box torebek \u2013 20 szt. bazuje na produktach premium, kt\u00f3re przyci\u0105gaj\u0105 uwag\u0119 klient\u00f3w i zwi\u0119kszaj\u0105 konwersj\u0119 sprzeda\u017cy. Segment premium umo\u017cliwia budowanie wy\u017cszej warto\u015bci koszyka oraz osi\u0105ganie lepszych wynik\u00f3w finansowych.<\/p>\n<p data-start=\"1230\" data-end=\"1257\"><strong data-start=\"1230\" data-end=\"1257\">Najwa\u017cniejsze przewagi:<\/strong><\/p>\n<ul data-start=\"1259\" data-end=\"1413\">\n<li data-section-id=\"1j06j7b\" data-start=\"1259\" data-end=\"1292\">wysoka atrakcyjno\u015b\u0107 produkt\u00f3w<\/li>\n<li data-section-id=\"1n3i2gd\" data-start=\"1293\" data-end=\"1325\">zwi\u0119kszone zaufanie klient\u00f3w<\/li>\n<li data-section-id=\"1k5qwmd\" data-start=\"1326\" data-end=\"1356\">lepsza konwersja sprzeda\u017cy<\/li>\n<li data-section-id=\"h67qid\" data-start=\"1357\" data-end=\"1385\">wi\u0119ksza warto\u015b\u0107 zam\u00f3wie\u0144<\/li>\n<li data-section-id=\"1j1i57x\" data-start=\"1386\" data-end=\"1413\">potencja\u0142 wy\u017cszej mar\u017cy<\/li>\n<\/ul>\n<h3 data-section-id=\"1qhyge5\" data-start=\"1420\" data-end=\"1465\">\u26a1 Model sprzeda\u017cy oparty na r\u00f3\u017cnorodno\u015bci<\/h3>\n<p data-start=\"1467\" data-end=\"1640\">Box torebek wykorzystuje model sprzeda\u017cy oparty na mixie produkt\u00f3w. R\u00f3\u017cnorodno\u015b\u0107 modeli zwi\u0119ksza zakres dopasowania do klient\u00f3w i pozwala ograniczy\u0107 ryzyko zalegania towaru.<\/p>\n<p data-start=\"1642\" data-end=\"1771\">To podej\u015bcie umo\u017cliwia testowanie r\u00f3\u017cnych styl\u00f3w oraz preferencji klient\u00f3w bez konieczno\u015bci inwestowania w jednorodny asortyment.<\/p>\n<p data-start=\"1773\" data-end=\"1794\"><strong data-start=\"1773\" data-end=\"1794\">Efekty biznesowe:<\/strong><\/p>\n<ul data-start=\"1796\" data-end=\"1937\">\n<li data-section-id=\"1krbbsa\" data-start=\"1796\" data-end=\"1828\">wi\u0119ksze dopasowanie do rynku<\/li>\n<li data-section-id=\"2trk5x\" data-start=\"1829\" data-end=\"1858\">szybsza rotacja produkt\u00f3w<\/li>\n<li data-section-id=\"vyajx0\" data-start=\"1859\" data-end=\"1887\">elastyczno\u015b\u0107 sprzeda\u017cowa<\/li>\n<li data-section-id=\"183pp5y\" data-start=\"1888\" data-end=\"1912\">stabilniejsze wyniki<\/li>\n<li data-section-id=\"demx83\" data-start=\"1913\" data-end=\"1937\">optymalizacja oferty<\/li>\n<\/ul>\n<h3 data-section-id=\"1xl903l\" data-start=\"1944\" data-end=\"1987\">\u26a1 Natychmiastowe wdro\u017cenie do sprzeda\u017cy<\/h3>\n<p data-start=\"1989\" data-end=\"2171\">Box to gotowy zestaw, kt\u00f3ry mo\u017cna od razu wprowadzi\u0107 do sprzeda\u017cy. Brak konieczno\u015bci selekcji modeli upraszcza proces operacyjny i skraca czas przygotowania oferty.<\/p>\n<p data-start=\"2173\" data-end=\"2286\">To rozwi\u0105zanie pozwala skupi\u0107 si\u0119 na dzia\u0142aniach sprzeda\u017cowych i marketingowych, kt\u00f3re generuj\u0105 realne przychody.<\/p>\n<h3 data-section-id=\"u4bwta\" data-start=\"2293\" data-end=\"2340\">\ud83d\udecd Zawarto\u015b\u0107 boxa \u2013 zr\u00f3\u017cnicowany mix modeli<\/h3>\n<p data-start=\"2342\" data-end=\"2542\">Ka\u017cdy box zawiera r\u00f3\u017cne modele torebek, kt\u00f3rych sk\u0142ad zale\u017cy od aktualnej dostawy. Zmienno\u015b\u0107 asortymentu zwi\u0119ksza atrakcyjno\u015b\u0107 oferty i umo\u017cliwia budowanie bardziej konkurencyjnego katalogu produkt\u00f3w.<\/p>\n<p data-start=\"2544\" data-end=\"2574\">W zestawie mog\u0105 znajdowa\u0107 si\u0119:<\/p>\n<ul data-start=\"2576\" data-end=\"2681\">\n<li data-section-id=\"x7q2yn\" data-start=\"2576\" data-end=\"2597\">torebki codzienne<\/li>\n<li data-section-id=\"1jf4jk2\" data-start=\"2598\" data-end=\"2619\">modele eleganckie<\/li>\n<li data-section-id=\"hg7c18\" data-start=\"2620\" data-end=\"2644\">r\u00f3\u017cne fasony i style<\/li>\n<li data-section-id=\"1numba5\" data-start=\"2645\" data-end=\"2681\">r\u00f3\u017cne rozmiary i funkcjonalno\u015bci<\/li>\n<\/ul>\n<p data-start=\"2683\" data-end=\"2770\">Prezentowane modele maj\u0105 charakter pogl\u0105dowy. Faktyczna zawarto\u015b\u0107 boxa mo\u017ce si\u0119 r\u00f3\u017cni\u0107.<\/p>\n<p data-start=\"2683\" data-end=\"2770\">Charakter mixu pozwala budowa\u0107 unikaln\u0105 ofert\u0119 i lepiej dopasowa\u0107 si\u0119 do r\u00f3\u017cnych grup klient\u00f3w.<\/p>\n<h3 data-section-id=\"10nv65u\" data-start=\"2777\" data-end=\"2823\">\ud83d\udcc8 Sprzeda\u017c wielokana\u0142owa \u2013 wi\u0119kszy zasi\u0119g<\/h3>\n<p data-start=\"2825\" data-end=\"2990\">Box zosta\u0142 przygotowany do sprzeda\u017cy w wielu kana\u0142ach jednocze\u015bnie. Mix modeli umo\u017cliwia r\u00f3wnoleg\u0142e dzia\u0142anie na r\u00f3\u017cnych platformach sprzeda\u017cowych.<\/p>\n<p data-start=\"2992\" data-end=\"3018\"><strong data-start=\"2992\" data-end=\"3018\">Zastosowanie produktu:<\/strong><\/p>\n<ul data-start=\"3020\" data-end=\"3163\">\n<li data-section-id=\"1exz01i\" data-start=\"3020\" data-end=\"3064\">marketplace (<a style=\"font-family: -apple-system, BlinkMacSystemFont, &#039;Segoe UI&#039;, Roboto, &#039;Helvetica Neue&#039;, Arial, &#039;Noto Sans&#039;, sans-serif, &#039;Apple Color Emoji&#039;, &#039;Segoe UI Emoji&#039;, &#039;Segoe UI Symbol&#039;, &#039;Noto Color Emoji&#039;; font-size: 16px;\" href=\"https:\/\/allegro.pl\/\" target=\"_blank\" rel=\"noopener\">Allegro<\/a>, <a style=\"font-family: -apple-system, BlinkMacSystemFont, &#039;Segoe UI&#039;, Roboto, &#039;Helvetica Neue&#039;, Arial, &#039;Noto Sans&#039;, sans-serif, &#039;Apple Color Emoji&#039;, &#039;Segoe UI Emoji&#039;, &#039;Segoe UI Symbol&#039;, &#039;Noto Color Emoji&#039;; font-size: 16px;\" href=\"https:\/\/www.olx.pl\/\" target=\"_blank\" rel=\"noopener\">OLX<\/a>, <a style=\"font-family: -apple-system, BlinkMacSystemFont, &#039;Segoe UI&#039;, Roboto, &#039;Helvetica Neue&#039;, Arial, &#039;Noto Sans&#039;, sans-serif, &#039;Apple Color Emoji&#039;, &#039;Segoe UI Emoji&#039;, &#039;Segoe UI Symbol&#039;, &#039;Noto Color Emoji&#039;; font-size: 16px;\" href=\"https:\/\/www.ebay.com\/\" target=\"_blank\" rel=\"noopener\">eBay<\/a>, <a style=\"font-family: -apple-system, BlinkMacSystemFont, &#039;Segoe UI&#039;, Roboto, &#039;Helvetica Neue&#039;, Arial, &#039;Noto Sans&#039;, sans-serif, &#039;Apple Color Emoji&#039;, &#039;Segoe UI Emoji&#039;, &#039;Segoe UI Symbol&#039;, &#039;Noto Color Emoji&#039;; font-size: 16px;\" href=\"https:\/\/www.amazon.com\/\" target=\"_blank\" rel=\"noopener\">Amazon<\/a>)<\/li>\n<li data-section-id=\"1fmpn86\" data-start=\"3065\" data-end=\"3087\">sklepy internetowe<\/li>\n<li data-section-id=\"13wbqgd\" data-start=\"3088\" data-end=\"3112\">sprzeda\u017c stacjonarna<\/li>\n<li data-section-id=\"4mfzoe\" data-start=\"3113\" data-end=\"3139\">dzia\u0142alno\u015b\u0107 reseller\u00f3w<\/li>\n<li data-section-id=\"1y5dz5k\" data-start=\"3140\" data-end=\"3163\">sprzeda\u017c detaliczna<\/li>\n<\/ul>\n<p data-start=\"3165\" data-end=\"3231\">Wielokana\u0142owo\u015b\u0107 zwi\u0119ksza widoczno\u015b\u0107 oferty i przyspiesza sprzeda\u017c.<\/p>\n<h3 data-section-id=\"1s70si5\" data-start=\"3238\" data-end=\"3290\">\u26a1 Ograniczenie ryzyka i szybkie testowanie rynku<\/h3>\n<p data-start=\"3292\" data-end=\"3466\">Decyduj\u0105c si\u0119 na box torebek, eliminujesz konieczno\u015b\u0107 wyboru konkretnych modeli. Mix umo\u017cliwia analiz\u0119 sprzeda\u017cy i dostosowanie oferty do realnych potrzeb klient\u00f3w.<\/p>\n<p data-start=\"3468\" data-end=\"3548\">To podej\u015bcie pozwala zwi\u0119kszy\u0107 skuteczno\u015b\u0107 sprzeda\u017cy bez dodatkowych inwestycji.<\/p>\n<h3 data-section-id=\"111su16\" data-start=\"3555\" data-end=\"3581\">\ud83d\ude9a Logistyka i dostawa<\/h3>\n<p data-start=\"3583\" data-end=\"3726\">Towar dostarczany jest na terenie Polski oraz mi\u0119dzynarodowo. Koszt transportu ustalany jest indywidualnie i nie jest wliczony w cen\u0119 produktu.<\/p>\n<ul data-start=\"3728\" data-end=\"3855\">\n<li data-section-id=\"texsu0\" data-start=\"3728\" data-end=\"3761\">wysy\u0142ka krajowa i zagraniczna<\/li>\n<li data-section-id=\"1ijslrm\" data-start=\"3762\" data-end=\"3792\">mo\u017cliwo\u015b\u0107 eksportu poza UE<\/li>\n<li data-section-id=\"mkmwbf\" data-start=\"3793\" data-end=\"3824\">indywidualna wycena dostawy<\/li>\n<li data-section-id=\"igemay\" data-start=\"3825\" data-end=\"3855\">szybka realizacja zam\u00f3wie\u0144<\/li>\n<\/ul>\n<h3 data-section-id=\"th3y4x\" data-start=\"3862\" data-end=\"3896\">\ud83c\udfa5 Transparentno\u015b\u0107 i materia\u0142y<\/h3>\n<p data-start=\"3898\" data-end=\"3959\">Na \u017cyczenie klienta dost\u0119pne s\u0105 materia\u0142y z ostatnich dostaw.<\/p>\n<ul data-start=\"3961\" data-end=\"4035\">\n<li data-section-id=\"1ahf2wf\" data-start=\"3961\" data-end=\"3996\">zdj\u0119cia rzeczywistych produkt\u00f3w<\/li>\n<li data-section-id=\"1d1dzph\" data-start=\"3997\" data-end=\"4015\">nagrania wideo<\/li>\n<li data-section-id=\"bmwojr\" data-start=\"4016\" data-end=\"4035\">podgl\u0105d jako\u015bci<\/li>\n<\/ul>\n<h3 data-section-id=\"1l2nz0f\" data-start=\"4042\" data-end=\"4071\">\u26a0\ufe0f Informacje sprzeda\u017cowe<\/h3>\n<ul data-start=\"4073\" data-end=\"4205\">\n<li data-section-id=\"1ewf4dp\" data-start=\"4073\" data-end=\"4106\">oferta obejmuje mix produkt\u00f3w<\/li>\n<li data-section-id=\"y27cgk\" data-start=\"4107\" data-end=\"4145\">modele prezentowane s\u0105 przyk\u0142adowe<\/li>\n<li data-section-id=\"1d1toho\" data-start=\"4146\" data-end=\"4178\">sk\u0142ad boxa zale\u017cy od dostawy<\/li>\n<li data-section-id=\"2kc65o\" data-start=\"4179\" data-end=\"4205\">ceny podawane s\u0105 netto<\/li>\n<\/ul>\n<h3 data-section-id=\"19xlylu\" data-start=\"4212\" data-end=\"4247\">\ud83d\udcde Zam\u00f3wienia hurtowe i kontakt<\/h3>\n<p data-start=\"4249\" data-end=\"4373\">W celu uzyskania szczeg\u00f3\u0142owych informacji o dost\u0119pno\u015bci oraz warunkach wsp\u00f3\u0142pracy zalecany jest kontakt z dzia\u0142em handlowym.<\/p>\n<p data-start=\"4375\" data-end=\"4446\">Zam\u00f3wienia realizowane s\u0105 na bie\u017c\u0105co, zgodnie z dost\u0119pno\u015bci\u0105 produkt\u00f3w.<\/p>\n<h3 data-section-id=\"92tb10\" data-start=\"4453\" data-end=\"4509\">\ud83d\udd11 Podsumowanie \u2013 skuteczna sprzeda\u017c torebek premium<\/h3>\n<p data-start=\"4511\" data-end=\"4722\">Box torebek \u2013 20 szt. to rozwi\u0105zanie dla sprzedawc\u00f3w, kt\u00f3rzy chc\u0105 dzia\u0142a\u0107 szybko i efektywnie. Po\u0142\u0105czenie jako\u015bci gatunku A, r\u00f3\u017cnorodno\u015bci modeli oraz segmentu premium tworzy ofert\u0119 zoptymalizowan\u0105 pod sprzeda\u017c.<\/p>\n<p data-start=\"4724\" data-end=\"4840\">Produkt umo\u017cliwia zwi\u0119kszenie efektywno\u015bci sprzeda\u017cy, ograniczenie koszt\u00f3w operacyjnych i szybsze osi\u0105ganie wynik\u00f3w.<\/p>\n<h2 data-section-id=\"7zn71m\" data-start=\"0\" data-end=\"57\"><span style=\"font-family: -apple-system, BlinkMacSystemFont, 'Segoe UI', Roboto, 'Helvetica Neue', Arial, 'Noto Sans', sans-serif, 'Apple Color Emoji', 'Segoe UI Emoji', 'Segoe UI Symbol', 'Noto Color Emoji'; font-size: 16px;\">\ud83d\udd17 Rozszerz ofert\u0119<\/span><\/h2>\n<p data-start=\"4891\" data-end=\"5053\" data-is-last-node=\"\" data-is-only-node=\"\">Zobacz r\u00f3wnie\u017c inne kategorie w <strong><a href=\"https:\/\/stockify24.pl\/kategoria-produktu\/strefa-mody\/\">Strefie Mody<\/a><\/strong> oraz dost\u0119pne boxy i palety produktowe.<br data-start=\"4975\" data-end=\"4978\" \/>Aktualne informacje i wskaz\u00f3wki sprzeda\u017cowe znajdziesz <a href=\"https:\/\/stockify24.pl\/blog-stockify24-pl\/\"><strong>na blogu Stockify24<\/strong><\/a>.<\/p>\n<\/div>\n<\/div>\n<\/div>\n<\/div>\n<\/div>\n<\/div>\n<\/section>\n<\/div>\n<\/div>\n<\/div>\n<\/div>\n<\/div>\n<\/div>\n<\/section>\n<\/div>\n<\/div>\n<\/div>\n<\/div>\n<\/div>\n<\/div>\n<\/div>\n<\/section>\n<\/div>\n<\/div>\n<\/div>\n<\/div>\n<\/div>\n<\/div>\n<\/div>\n<\/div>\n<\/div>\n<\/div>\n<\/div>\n<\/div>\n<\/div>\n<\/section>\n<\/div>\n","protected":false},"excerpt":{"rendered":"<p class=\"p1\">\u26a1 Towar ma charakter mixu<\/p>\n<p class=\"p1\">\ud83d\udd25 Amazon Returns<\/p>\n<p class=\"p1\" style=\"text-align: left;\">\u2714\ufe0f Jako\u015b\u0107 <strong>A<\/strong><\/p>","protected":false},"featured_media":51798,"comment_status":"open","ping_status":"closed","template":"","meta":{"_acf_changed":false},"product_brand":[],"product_cat":[1317],"product_tag":[1321,1322],"class_list":{"0":"post-51797","1":"product","2":"type-product","3":"status-publish","4":"has-post-thumbnail","6":"product_cat-torebki","7":"product_tag-amazon-returns","8":"product_tag-torebki-premium","10":"first","11":"instock","12":"sold-individually","13":"taxable","14":"shipping-taxable","15":"purchasable","16":"product-type-simple"},"acf":[],"_links":{"self":[{"href":"https:\/\/stockify24.pl\/de\/wp-json\/wp\/v2\/product\/51797","targetHints":{"allow":["GET"]}}],"collection":[{"href":"https:\/\/stockify24.pl\/de\/wp-json\/wp\/v2\/product"}],"about":[{"href":"https:\/\/stockify24.pl\/de\/wp-json\/wp\/v2\/types\/product"}],"replies":[{"embeddable":true,"href":"https:\/\/stockify24.pl\/de\/wp-json\/wp\/v2\/comments?post=51797"}],"wp:featuredmedia":[{"embeddable":true,"href":"https:\/\/stockify24.pl\/de\/wp-json\/wp\/v2\/media\/51798"}],"wp:attachment":[{"href":"https:\/\/stockify24.pl\/de\/wp-json\/wp\/v2\/media?parent=51797"}],"wp:term":[{"taxonomy":"product_brand","embeddable":true,"href":"https:\/\/stockify24.pl\/de\/wp-json\/wp\/v2\/product_brand?post=51797"},{"taxonomy":"product_cat","embeddable":true,"href":"https:\/\/stockify24.pl\/de\/wp-json\/wp\/v2\/product_cat?post=51797"},{"taxonomy":"product_tag","embeddable":true,"href":"https:\/\/stockify24.pl\/de\/wp-json\/wp\/v2\/product_tag?post=51797"}],"curies":[{"name":"wp","href":"https:\/\/api.w.org\/{rel}","templated":true}]}}