{"id":51847,"date":"2026-04-24T12:38:21","date_gmt":"2026-04-24T11:38:21","guid":{"rendered":"https:\/\/stockify24.pl\/?post_type=product&#038;p=51847"},"modified":"2026-04-24T12:48:17","modified_gmt":"2026-04-24T11:48:17","slug":"box-odziezy-20-kg-odziez-premium-3","status":"publish","type":"product","link":"https:\/\/stockify24.pl\/de\/produkt\/box-odziezy-20-kg-odziez-premium-3\/","title":{"rendered":"Box odzie\u017cy \u2013 20 kg | Odzie\u017c Premium |#3"},"content":{"rendered":"<div class=\"flex flex-col text-sm pb-25\">\n<section class=\"text-token-text-primary w-full focus:outline-none [--shadow-height:45px] has-data-writing-block:pointer-events-none has-data-writing-block:-mt-(--shadow-height) has-data-writing-block:pt-(--shadow-height) [&amp;:has([data-writing-block])&gt;*]:pointer-events-auto scroll-mt-[calc(var(--header-height)+min(200px,max(70px,20svh)))]\" dir=\"auto\" data-turn-id=\"request-69b8245d-0030-838e-b654-ccb872ba6f51-25\" data-testid=\"conversation-turn-200\" data-scroll-anchor=\"true\" data-turn=\"assistant\">\n<div class=\"text-base my-auto mx-auto pb-10 [--thread-content-margin:var(--thread-content-margin-xs,calc(var(--spacing)*4))] @w-sm\/main:[--thread-content-margin:var(--thread-content-margin-sm,calc(var(--spacing)*6))] @w-lg\/main:[--thread-content-margin:var(--thread-content-margin-lg,calc(var(--spacing)*16))] px-(--thread-content-margin)\">\n<div class=\"[--thread-content-max-width:40rem] @w-lg\/main:[--thread-content-max-width:48rem] mx-auto max-w-(--thread-content-max-width) flex-1 group\/turn-messages focus-visible:outline-hidden relative flex w-full min-w-0 flex-col agent-turn\">\n<div class=\"flex max-w-full flex-col gap-4 grow\">\n<div class=\"min-h-8 text-message relative flex w-full flex-col items-end gap-2 text-start break-words whitespace-normal outline-none keyboard-focused:focus-ring [.text-message+&amp;]:mt-1\" dir=\"auto\" tabindex=\"0\" data-message-author-role=\"assistant\" data-message-id=\"ed8abcdd-be0d-4615-88f1-9a47a52c2d16\" data-message-model-slug=\"gpt-5-3\" data-turn-start-message=\"true\">\n<div class=\"flex w-full flex-col gap-1 empty:hidden\">\n<div class=\"markdown prose dark:prose-invert w-full wrap-break-word dark markdown-new-styling\">\n<div class=\"flex h-svh w-screen flex-col\">\n<div class=\"relative z-0 flex min-h-0 w-full flex-1\">\n<div class=\"relative flex min-h-0 w-full flex-1\">\n<div class=\"@container\/main relative flex min-w-0 flex-1 flex-col -translate-y-[calc(env(safe-area-inset-bottom,0px)\/2)] pt-[calc(env(safe-area-inset-bottom,0px)\/2)]\">\n<div class=\"@w-sm\/main:[scrollbar-gutter:var(--stage-scroll-gutter)] touch:[scrollbar-width:none] group\/scroll-root relative flex min-h-0 min-w-0 flex-1 flex-col [scrollbar-gutter:stable] not-print:overflow-x-clip not-print:overflow-y-auto group-data-stream-active\/scroll-root:[overflow-anchor:none] scroll-pt-(--header-height) [--sticky-padding-top:var(--header-height)] [--sticky-padding-bottom:0px] [--scroll-root-safe-area-inset-top:calc(var(--sticky-padding-top)+env(safe-area-inset-top,0px))] [--scroll-root-safe-area-inset-bottom:calc(var(--sticky-padding-bottom)+var(--screen-keyboard-height,0px)+env(safe-area-inset-bottom,0px))] [--scroll-root-safe-area-height:calc(100lvh-var(--scroll-root-safe-area-inset-top)-var(--scroll-root-safe-area-inset-bottom))] has-data-[fixed-header=less-than-xl]:@w-xl\/main:scroll-pt-0 has-data-[fixed-header=less-than-xl]:@w-xl\/main:[--sticky-padding-top:0px] has-data-[fixed-header=less-than-xxl]:@w-2xl\/main:scroll-pt-0 has-data-[fixed-header=less-than-xxl]:@w-2xl\/main:[--sticky-padding-top:0px]\" data-scroll-root=\"\" data-scroll-from-top=\"\">\n<div class=\"relative basis-auto flex-col -mb-(--composer-overlap-px) pb-(--composer-overlap-px) [--composer-overlap-px:28px] grow flex\">\n<div class=\"flex flex-col text-sm\">\n<section class=\"text-token-text-primary w-full focus:outline-none [--shadow-height:45px] has-data-writing-block:pointer-events-none has-data-writing-block:-mt-(--shadow-height) has-data-writing-block:pt-(--shadow-height) [&amp;:has([data-writing-block])&gt;*]:pointer-events-auto scroll-mt-[calc(var(--header-height)+min(200px,max(70px,20svh)))]\" dir=\"auto\" data-turn-id=\"request-WEB:cc509de0-714c-4653-ad32-6b5e125a8411-7\" data-testid=\"conversation-turn-10\" data-scroll-anchor=\"true\" data-turn=\"assistant\">\n<div class=\"text-base my-auto mx-auto pb-10 [--thread-content-margin:var(--thread-content-margin-xs,calc(var(--spacing)*4))] @w-sm\/main:[--thread-content-margin:var(--thread-content-margin-sm,calc(var(--spacing)*6))] @w-lg\/main:[--thread-content-margin:var(--thread-content-margin-lg,calc(var(--spacing)*16))] px-(--thread-content-margin)\">\n<div class=\"[--thread-content-max-width:40rem] @w-lg\/main:[--thread-content-max-width:48rem] mx-auto max-w-(--thread-content-max-width) flex-1 group\/turn-messages focus-visible:outline-hidden relative flex w-full min-w-0 flex-col agent-turn\">\n<div class=\"flex max-w-full flex-col gap-4 grow\">\n<div class=\"min-h-8 text-message relative flex w-full flex-col items-end gap-2 text-start break-words whitespace-normal outline-none keyboard-focused:focus-ring [.text-message+&amp;]:mt-1\" dir=\"auto\" tabindex=\"0\" data-message-author-role=\"assistant\" data-message-id=\"cfa6deea-8ce4-4542-9cf9-48a3b1cdbe9a\" data-message-model-slug=\"gpt-5-3\" data-turn-start-message=\"true\">\n<div class=\"flex w-full flex-col gap-1 empty:hidden\">\n<div class=\"markdown prose dark:prose-invert w-full wrap-break-word dark markdown-new-styling\">\n<div class=\"flex flex-col text-sm pb-25\">\n<section class=\"text-token-text-primary w-full focus:outline-none [--shadow-height:45px] has-data-writing-block:pointer-events-none has-data-writing-block:-mt-(--shadow-height) has-data-writing-block:pt-(--shadow-height) [&amp;:has([data-writing-block])&gt;*]:pointer-events-auto scroll-mt-[calc(var(--header-height)+min(200px,max(70px,20svh)))]\" dir=\"auto\" data-turn-id=\"request-69c2a6c3-14c8-8392-ab91-845727832df6-4\" data-testid=\"conversation-turn-40\" data-scroll-anchor=\"true\" data-turn=\"assistant\">\n<div class=\"text-base my-auto mx-auto pb-10 [--thread-content-margin:var(--thread-content-margin-xs,calc(var(--spacing)*4))] @w-sm\/main:[--thread-content-margin:var(--thread-content-margin-sm,calc(var(--spacing)*6))] @w-lg\/main:[--thread-content-margin:var(--thread-content-margin-lg,calc(var(--spacing)*16))] px-(--thread-content-margin)\">\n<div class=\"[--thread-content-max-width:40rem] @w-lg\/main:[--thread-content-max-width:48rem] mx-auto max-w-(--thread-content-max-width) flex-1 group\/turn-messages focus-visible:outline-hidden relative flex w-full min-w-0 flex-col agent-turn\">\n<div class=\"flex max-w-full flex-col gap-4 grow\">\n<div class=\"min-h-8 text-message relative flex w-full flex-col items-end gap-2 text-start break-words whitespace-normal outline-none keyboard-focused:focus-ring [.text-message+&amp;]:mt-1\" dir=\"auto\" tabindex=\"0\" data-message-author-role=\"assistant\" data-message-id=\"59380e2e-6df9-44e0-8276-a27663961a62\" data-message-model-slug=\"gpt-5-3\" data-turn-start-message=\"true\">\n<div class=\"flex w-full flex-col gap-1 empty:hidden\">\n<div class=\"markdown prose dark:prose-invert w-full wrap-break-word dark markdown-new-styling\">\n<section class=\"text-token-text-primary w-full focus:outline-none [--shadow-height:45px] has-data-writing-block:pointer-events-none has-data-writing-block:-mt-(--shadow-height) has-data-writing-block:pt-(--shadow-height) [&amp;:has([data-writing-block])&gt;*]:pointer-events-auto R6Vx5W_threadScrollVars scroll-mb-[calc(var(--scroll-root-safe-area-inset-bottom,0px)+var(--thread-response-height))] scroll-mt-(--header-height)\" dir=\"auto\" data-turn-id=\"a2cb1661-1453-464f-a8de-40a178c6d895\" data-testid=\"conversation-turn-1\" data-scroll-anchor=\"false\" data-turn=\"user\"><\/section>\n<section class=\"text-token-text-primary w-full focus:outline-none [--shadow-height:45px] has-data-writing-block:pointer-events-none has-data-writing-block:-mt-(--shadow-height) has-data-writing-block:pt-(--shadow-height) [&amp;:has([data-writing-block])&gt;*]:pointer-events-auto [content-visibility:auto] supports-[content-visibility:auto]:[contain-intrinsic-size:auto_100lvh] R6Vx5W_threadScrollVars scroll-mb-[calc(var(--scroll-root-safe-area-inset-bottom,0px)+var(--thread-response-height))] scroll-mt-[calc(var(--header-height)+min(200px,max(70px,20svh)))]\" dir=\"auto\" data-turn-id=\"request-WEB:176b9ba8-3f2b-431d-879f-1681a5545642-1\" data-testid=\"conversation-turn-2\" data-scroll-anchor=\"false\" data-turn=\"assistant\">\n<div class=\"text-base my-auto mx-auto pb-10 [--thread-content-margin:var(--thread-content-margin-xs,calc(var(--spacing)*4))] @w-sm\/main:[--thread-content-margin:var(--thread-content-margin-sm,calc(var(--spacing)*6))] @w-lg\/main:[--thread-content-margin:var(--thread-content-margin-lg,calc(var(--spacing)*16))] px-(--thread-content-margin)\">\n<div class=\"[--thread-content-max-width:40rem] @w-lg\/main:[--thread-content-max-width:48rem] mx-auto max-w-(--thread-content-max-width) flex-1 group\/turn-messages focus-visible:outline-hidden relative flex w-full min-w-0 flex-col agent-turn\">\n<div class=\"flex max-w-full flex-col gap-4 grow\">\n<div class=\"min-h-8 text-message relative flex w-full flex-col items-end gap-2 text-start break-words whitespace-normal outline-none keyboard-focused:focus-ring [.text-message+&amp;]:mt-1\" dir=\"auto\" tabindex=\"0\" data-message-author-role=\"assistant\" data-message-id=\"35903f6b-eedf-4e72-9a6d-0b8cd34b1111\" data-message-model-slug=\"gpt-5-3\" data-turn-start-message=\"true\">\n<div class=\"flex w-full flex-col gap-1 empty:hidden\">\n<div class=\"markdown prose dark:prose-invert w-full wrap-break-word dark markdown-new-styling\">\n<h2 data-section-id=\"b1pkv4\" data-start=\"0\" data-end=\"54\">\ud83d\udce6 Box odzie\u017cy \u2013 20 kg | Odzie\u017c Premium Strefa Mody<\/h2>\n<h3 data-section-id=\"nqz1jh\" data-start=\"56\" data-end=\"113\">Profesjonalny mix odzie\u017cy premium gotowy do sprzeda\u017cy<\/h3>\n<p data-start=\"115\" data-end=\"415\">Box odzie\u017cy \u2013 20 kg to rozwi\u0105zanie stworzone dla sprzedawc\u00f3w, kt\u00f3rzy chc\u0105 wprowadzi\u0107 do oferty <strong data-start=\"210\" data-end=\"228\">odzie\u017c premium<\/strong> bez konieczno\u015bci selekcji pojedynczych produkt\u00f3w. Zestaw oparty jest na mixie marek w gatunku A, co oznacza nowy towar przygotowany do dalszej odsprzeda\u017cy w kana\u0142ach online oraz offline.<\/p>\n<p data-start=\"417\" data-end=\"648\">Produkt zosta\u0142 zaprojektowany pod k\u0105tem efektywno\u015bci sprzeda\u017cowej. R\u00f3\u017cnorodno\u015b\u0107 modeli oraz sezonowy charakter mixu zwi\u0119kszaj\u0105 dopasowanie do klient\u00f3w ko\u0144cowych, co przek\u0142ada si\u0119 na szybsz\u0105 rotacj\u0119 oraz stabilne wyniki sprzeda\u017cowe.<\/p>\n<h3 data-section-id=\"yqzjci\" data-start=\"655\" data-end=\"680\">\ud83d\udcca Parametry produktu<\/h3>\n<ul data-start=\"682\" data-end=\"951\">\n<li data-section-id=\"1wwlu5d\" data-start=\"682\" data-end=\"718\"><strong data-start=\"684\" data-end=\"696\">Produkt:<\/strong> Box odzie\u017cy \u2013 20 kg<\/li>\n<li data-section-id=\"j72uch\" data-start=\"719\" data-end=\"756\"><strong data-start=\"721\" data-end=\"735\">Kategoria:<\/strong> Odzie\u017c \u2b50 PREMIUM \u2b50<\/li>\n<li data-section-id=\"1aohbba\" data-start=\"757\" data-end=\"782\"><strong data-start=\"759\" data-end=\"771\">Gatunek:<\/strong> A (nowe)<\/li>\n<li data-section-id=\"vbrbk6\" data-start=\"783\" data-end=\"802\"><strong data-start=\"785\" data-end=\"796\">Rodzaj:<\/strong> Mix<\/li>\n<li data-section-id=\"16g546b\" data-start=\"803\" data-end=\"821\"><strong data-start=\"805\" data-end=\"815\">Sezon:<\/strong> Mix<\/li>\n<li data-section-id=\"109fipm\" data-start=\"822\" data-end=\"851\"><strong data-start=\"824\" data-end=\"838\">Producent:<\/strong> MIX TO PRM<\/li>\n<li data-section-id=\"f04gtz\" data-start=\"852\" data-end=\"883\"><strong data-start=\"854\" data-end=\"878\">Jednostka sprzeda\u017cy:<\/strong> kg<\/li>\n<li data-section-id=\"1i7xpew\" data-start=\"884\" data-end=\"919\"><strong data-start=\"886\" data-end=\"911\">Minimalne zam\u00f3wienie:<\/strong> 20 kg<\/li>\n<li data-section-id=\"c6iziz\" data-start=\"920\" data-end=\"951\"><strong data-start=\"922\" data-end=\"931\">Cena:<\/strong> 197 z\u0142 netto \/ kg<\/li>\n<\/ul>\n<h3 data-section-id=\"kjz45g\" data-start=\"958\" data-end=\"1016\">\ud83d\udcb0 Odzie\u017c premium \u2013 wy\u017csza warto\u015b\u0107 i wi\u0119ksza konwersja<\/h3>\n<p data-start=\"1018\" data-end=\"1202\">Box odzie\u017cy obejmuje produkty z segmentu premium, kt\u00f3re wyr\u00f3\u017cniaj\u0105 si\u0119 jako\u015bci\u0105 wykonania, trwa\u0142o\u015bci\u0105 oraz estetyk\u0105. Tego typu asortyment przyci\u0105ga klient\u00f3w i u\u0142atwia sprzeda\u017c.<\/p>\n<p data-start=\"1204\" data-end=\"1334\">Segment premium umo\u017cliwia zwi\u0119kszenie warto\u015bci koszyka oraz osi\u0105ganie wy\u017cszych mar\u017c bez konieczno\u015bci zwi\u0119kszania ilo\u015bci sprzeda\u017cy.<\/p>\n<p data-start=\"1336\" data-end=\"1363\"><strong data-start=\"1336\" data-end=\"1363\">Najwa\u017cniejsze korzy\u015bci:<\/strong><\/p>\n<ul data-start=\"1365\" data-end=\"1526\">\n<li data-section-id=\"btv4rm\" data-start=\"1365\" data-end=\"1393\">wysoka jako\u015b\u0107 materia\u0142\u00f3w<\/li>\n<li data-section-id=\"1j63gpk\" data-start=\"1394\" data-end=\"1428\">atrakcyjny i nowoczesny design<\/li>\n<li data-section-id=\"h67qid\" data-start=\"1429\" data-end=\"1457\">wi\u0119ksza warto\u015b\u0107 zam\u00f3wie\u0144<\/li>\n<li data-section-id=\"kdl9la\" data-start=\"1458\" data-end=\"1488\">wy\u017csza konwersja sprzeda\u017cy<\/li>\n<li data-section-id=\"1sx7niz\" data-start=\"1489\" data-end=\"1526\">potencja\u0142 zwi\u0119kszenia rentowno\u015bci<\/li>\n<\/ul>\n<h3 data-section-id=\"cteywo\" data-start=\"1533\" data-end=\"1570\">\u26a1 Model sprzeda\u017cy oparty na mixie<\/h3>\n<p data-start=\"1572\" data-end=\"1740\">Box odzie\u017cy wykorzystuje strategi\u0119 sprzeda\u017cy opart\u0105 na r\u00f3\u017cnorodno\u015bci. Mix produkt\u00f3w pozwala lepiej dopasowa\u0107 ofert\u0119 do rynku oraz ograniczy\u0107 ryzyko sprzeda\u017cowe.<\/p>\n<p data-start=\"1742\" data-end=\"1873\">Zr\u00f3\u017cnicowany asortyment umo\u017cliwia testowanie r\u00f3\u017cnych styl\u00f3w i potrzeb klient\u00f3w bez konieczno\u015bci inwestowania w jednorodne produkty.<\/p>\n<p data-start=\"1875\" data-end=\"1896\"><strong data-start=\"1875\" data-end=\"1896\">Efekty biznesowe:<\/strong><\/p>\n<ul data-start=\"1898\" data-end=\"2047\">\n<li data-section-id=\"18lc0cx\" data-start=\"1898\" data-end=\"1932\">lepsze dopasowanie do klient\u00f3w<\/li>\n<li data-section-id=\"2trk5x\" data-start=\"1933\" data-end=\"1962\">szybsza rotacja produkt\u00f3w<\/li>\n<li data-section-id=\"1np2how\" data-start=\"1963\" data-end=\"1997\">wi\u0119ksza elastyczno\u015b\u0107 sprzeda\u017cy<\/li>\n<li data-section-id=\"183pp5y\" data-start=\"1998\" data-end=\"2022\">stabilniejsze wyniki<\/li>\n<li data-section-id=\"demx83\" data-start=\"2023\" data-end=\"2047\">optymalizacja oferty<\/li>\n<\/ul>\n<h3 data-section-id=\"1xl903l\" data-start=\"2054\" data-end=\"2097\">\u26a1 Natychmiastowe wdro\u017cenie do sprzeda\u017cy<\/h3>\n<p data-start=\"2099\" data-end=\"2284\">Box odzie\u017cy \u2013 20 kg to gotowy zestaw, kt\u00f3ry mo\u017cna od razu wprowadzi\u0107 do sprzeda\u017cy. Brak konieczno\u015bci selekcji pojedynczych produkt\u00f3w upraszcza proces i skraca czas przygotowania oferty.<\/p>\n<p data-start=\"2286\" data-end=\"2376\">To rozwi\u0105zanie pozwala skoncentrowa\u0107 si\u0119 na dzia\u0142aniach sprzeda\u017cowych oraz marketingowych.<\/p>\n<h3 data-section-id=\"10y08mi\" data-start=\"2383\" data-end=\"2431\">\ud83d\udecd Zawarto\u015b\u0107 boxa \u2013 dynamiczny mix produkt\u00f3w<\/h3>\n<p data-start=\"2433\" data-end=\"2626\">Ka\u017cdy box zawiera r\u00f3\u017cne modele odzie\u017cy, kt\u00f3rych sk\u0142ad zale\u017cy od aktualnej dostawy. Zmienno\u015b\u0107 asortymentu zwi\u0119ksza atrakcyjno\u015b\u0107 oferty i pozwala budowa\u0107 bardziej konkurencyjny katalog produkt\u00f3w.<\/p>\n<p data-start=\"2628\" data-end=\"2658\">W zestawie mog\u0105 znajdowa\u0107 si\u0119:<\/p>\n<ul data-start=\"2660\" data-end=\"2754\">\n<li data-section-id=\"1rqlet2\" data-start=\"2660\" data-end=\"2680\">odzie\u017c codzienna<\/li>\n<li data-section-id=\"g0zcxe\" data-start=\"2681\" data-end=\"2700\">modele sezonowe<\/li>\n<li data-section-id=\"hg7c18\" data-start=\"2701\" data-end=\"2725\">r\u00f3\u017cne fasony i style<\/li>\n<li data-section-id=\"1xwtaij\" data-start=\"2726\" data-end=\"2754\">szeroki zakres rozmiar\u00f3w<\/li>\n<\/ul>\n<p data-start=\"2756\" data-end=\"2843\">Prezentowane modele maj\u0105 charakter pogl\u0105dowy. Faktyczna zawarto\u015b\u0107 boxa mo\u017ce si\u0119 r\u00f3\u017cni\u0107.<\/p>\n<h3 data-section-id=\"1l6b5vf\" data-start=\"2850\" data-end=\"2906\">\ud83d\udcc8 Sprzeda\u017c wielokana\u0142owa \u2013 wi\u0119kszy zasi\u0119g i rotacja<\/h3>\n<p data-start=\"2908\" data-end=\"3081\">Box odzie\u017cy zosta\u0142 przygotowany z my\u015bl\u0105 o sprzeda\u017cy w wielu kana\u0142ach jednocze\u015bnie. Mix produkt\u00f3w umo\u017cliwia r\u00f3wnoleg\u0142e dzia\u0142anie na r\u00f3\u017cnych platformach sprzeda\u017cowych.<\/p>\n<p data-start=\"3083\" data-end=\"3109\"><strong data-start=\"3083\" data-end=\"3109\">Zastosowanie produktu:<\/strong><\/p>\n<ul data-start=\"3111\" data-end=\"3254\">\n<li data-section-id=\"1exz01i\" data-start=\"3111\" data-end=\"3155\">marketplace (<a style=\"font-family: -apple-system, BlinkMacSystemFont, &#039;Segoe UI&#039;, Roboto, &#039;Helvetica Neue&#039;, Arial, &#039;Noto Sans&#039;, sans-serif, &#039;Apple Color Emoji&#039;, &#039;Segoe UI Emoji&#039;, &#039;Segoe UI Symbol&#039;, &#039;Noto Color Emoji&#039;; font-size: 16px;\" href=\"https:\/\/allegro.pl\/\" target=\"_blank\" rel=\"noopener\">Allegro<\/a>, <a style=\"font-family: -apple-system, BlinkMacSystemFont, &#039;Segoe UI&#039;, Roboto, &#039;Helvetica Neue&#039;, Arial, &#039;Noto Sans&#039;, sans-serif, &#039;Apple Color Emoji&#039;, &#039;Segoe UI Emoji&#039;, &#039;Segoe UI Symbol&#039;, &#039;Noto Color Emoji&#039;; font-size: 16px;\" href=\"https:\/\/www.olx.pl\/\" target=\"_blank\" rel=\"noopener\">OLX<\/a>, <a style=\"font-family: -apple-system, BlinkMacSystemFont, &#039;Segoe UI&#039;, Roboto, &#039;Helvetica Neue&#039;, Arial, &#039;Noto Sans&#039;, sans-serif, &#039;Apple Color Emoji&#039;, &#039;Segoe UI Emoji&#039;, &#039;Segoe UI Symbol&#039;, &#039;Noto Color Emoji&#039;; font-size: 16px;\" href=\"https:\/\/www.ebay.com\/\" target=\"_blank\" rel=\"noopener\">eBay<\/a>, <a style=\"font-family: -apple-system, BlinkMacSystemFont, &#039;Segoe UI&#039;, Roboto, &#039;Helvetica Neue&#039;, Arial, &#039;Noto Sans&#039;, sans-serif, &#039;Apple Color Emoji&#039;, &#039;Segoe UI Emoji&#039;, &#039;Segoe UI Symbol&#039;, &#039;Noto Color Emoji&#039;; font-size: 16px;\" href=\"https:\/\/www.amazon.com\/\" target=\"_blank\" rel=\"noopener\">Amazon<\/a>)<\/li>\n<li data-section-id=\"1fmpn86\" data-start=\"3156\" data-end=\"3178\">sklepy internetowe<\/li>\n<li data-section-id=\"13wbqgd\" data-start=\"3179\" data-end=\"3203\">sprzeda\u017c stacjonarna<\/li>\n<li data-section-id=\"4mfzoe\" data-start=\"3204\" data-end=\"3230\">dzia\u0142alno\u015b\u0107 reseller\u00f3w<\/li>\n<li data-section-id=\"1y5dz5k\" data-start=\"3231\" data-end=\"3254\">sprzeda\u017c detaliczna<\/li>\n<\/ul>\n<p data-start=\"3256\" data-end=\"3322\">Wielokana\u0142owo\u015b\u0107 zwi\u0119ksza widoczno\u015b\u0107 oferty i przyspiesza sprzeda\u017c.<\/p>\n<h3 data-section-id=\"hzd65l\" data-start=\"3329\" data-end=\"3373\">\u26a1 Ograniczenie ryzyka i rozw\u00f3j sprzeda\u017cy<\/h3>\n<p data-start=\"3375\" data-end=\"3547\">Decyduj\u0105c si\u0119 na box odzie\u017cy, eliminujesz konieczno\u015b\u0107 wyboru konkretnych produkt\u00f3w. Mix pozwala analizowa\u0107 sprzeda\u017c i dostosowywa\u0107 ofert\u0119 do realnych potrzeb rynku.<\/p>\n<p data-start=\"3549\" data-end=\"3635\">To podej\u015bcie umo\u017cliwia rozw\u00f3j biznesu przy ograniczonym ryzyku i bez zb\u0119dnych koszt\u00f3w.<\/p>\n<h3 data-section-id=\"111su16\" data-start=\"3642\" data-end=\"3668\">\ud83d\ude9a Logistyka i dostawa<\/h3>\n<p data-start=\"3670\" data-end=\"3813\">Towar dostarczany jest na terenie Polski oraz mi\u0119dzynarodowo. Koszt transportu ustalany jest indywidualnie i nie jest wliczony w cen\u0119 produktu.<\/p>\n<ul data-start=\"3815\" data-end=\"3942\">\n<li data-section-id=\"texsu0\" data-start=\"3815\" data-end=\"3848\">wysy\u0142ka krajowa i zagraniczna<\/li>\n<li data-section-id=\"1ijslrm\" data-start=\"3849\" data-end=\"3879\">mo\u017cliwo\u015b\u0107 eksportu poza UE<\/li>\n<li data-section-id=\"mkmwbf\" data-start=\"3880\" data-end=\"3911\">indywidualna wycena dostawy<\/li>\n<li data-section-id=\"igemay\" data-start=\"3912\" data-end=\"3942\">szybka realizacja zam\u00f3wie\u0144<\/li>\n<\/ul>\n<h3 data-section-id=\"th3y4x\" data-start=\"3949\" data-end=\"3983\">\ud83c\udfa5 Transparentno\u015b\u0107 i materia\u0142y<\/h3>\n<p data-start=\"3985\" data-end=\"4103\">Na \u017cyczenie klienta dost\u0119pne s\u0105 materia\u0142y z ostatnich dostaw, kt\u00f3re umo\u017cliwiaj\u0105 ocen\u0119 jako\u015bci produkt\u00f3w przed zakupem.<\/p>\n<ul data-start=\"4105\" data-end=\"4183\">\n<li data-section-id=\"1ahf2wf\" data-start=\"4105\" data-end=\"4140\">zdj\u0119cia rzeczywistych produkt\u00f3w<\/li>\n<li data-section-id=\"1d1dzph\" data-start=\"4141\" data-end=\"4159\">nagrania wideo<\/li>\n<li data-section-id=\"h7xc3g\" data-start=\"4160\" data-end=\"4183\">podgl\u0105d asortymentu<\/li>\n<\/ul>\n<h3 data-section-id=\"1l2nz0f\" data-start=\"4190\" data-end=\"4219\">\u26a0\ufe0f Informacje sprzeda\u017cowe<\/h3>\n<ul data-start=\"4221\" data-end=\"4326\">\n<li data-section-id=\"1ewf4dp\" data-start=\"4221\" data-end=\"4254\">oferta obejmuje mix produkt\u00f3w<\/li>\n<li data-section-id=\"y27cgk\" data-start=\"4255\" data-end=\"4293\">modele prezentowane s\u0105 przyk\u0142adowe<\/li>\n<li data-section-id=\"1d1toho\" data-start=\"4294\" data-end=\"4326\">sk\u0142ad boxa zale\u017cy od dostawy<\/li>\n<\/ul>\n<h3 data-section-id=\"19xlylu\" data-start=\"4333\" data-end=\"4368\">\ud83d\udcde Zam\u00f3wienia hurtowe i kontakt<\/h3>\n<p data-start=\"4370\" data-end=\"4494\">W celu uzyskania szczeg\u00f3\u0142owych informacji o dost\u0119pno\u015bci oraz warunkach wsp\u00f3\u0142pracy zalecany jest kontakt z dzia\u0142em handlowym.<\/p>\n<p data-start=\"4496\" data-end=\"4555\">Zam\u00f3wienia realizowane s\u0105 zgodnie z dost\u0119pno\u015bci\u0105 produkt\u00f3w.<\/p>\n<h3 data-section-id=\"qc8rnw\" data-start=\"4562\" data-end=\"4618\">\ud83d\udd11 Podsumowanie \u2013 skuteczna sprzeda\u017c odzie\u017cy premium<\/h3>\n<p data-start=\"4620\" data-end=\"4841\">Box odzie\u017cy to rozwi\u0105zanie dla sprzedawc\u00f3w, kt\u00f3rzy chc\u0105 dzia\u0142a\u0107 szybko i efektywnie. Po\u0142\u0105czenie jako\u015bci gatunku A, r\u00f3\u017cnorodno\u015bci produkt\u00f3w oraz segmentu premium pozwala budowa\u0107 ofert\u0119 zoptymalizowan\u0105 pod sprzeda\u017c.<\/p>\n<p data-start=\"4843\" data-end=\"4962\">Produkt umo\u017cliwia zwi\u0119kszenie efektywno\u015bci sprzeda\u017cy, ograniczenie koszt\u00f3w operacyjnych oraz szybsze osi\u0105ganie wynik\u00f3w.<\/p>\n<h2 data-start=\"4861\" data-end=\"4992\"><span style=\"font-family: -apple-system, BlinkMacSystemFont, 'Segoe UI', Roboto, 'Helvetica Neue', Arial, 'Noto Sans', sans-serif, 'Apple Color Emoji', 'Segoe UI Emoji', 'Segoe UI Symbol', 'Noto Color Emoji'; font-size: 16px;\">\ud83d\udd17 Rozszerz ofert\u0119<\/span><\/h2>\n<p data-start=\"4891\" data-end=\"5053\" data-is-last-node=\"\" data-is-only-node=\"\">Zobacz r\u00f3wnie\u017c inne kategorie w <strong><a href=\"https:\/\/stockify24.pl\/kategoria-produktu\/strefa-mody\/\">Strefie Mody<\/a><\/strong> oraz dost\u0119pne boxy i palety produktowe.<br data-start=\"4975\" data-end=\"4978\" \/>Aktualne informacje i wskaz\u00f3wki sprzeda\u017cowe znajdziesz <a href=\"https:\/\/stockify24.pl\/blog-stockify24-pl\/\"><strong>na blogu Stockify24<\/strong><\/a>.<\/p>\n<\/div>\n<\/div>\n<\/div>\n<\/div>\n<\/div>\n<\/div>\n<\/section>\n<\/div>\n<\/div>\n<\/div>\n<\/div>\n<\/div>\n<\/div>\n<\/section>\n<\/div>\n<\/div>\n<\/div>\n<\/div>\n<\/div>\n<\/div>\n<\/div>\n<\/section>\n<\/div>\n<\/div>\n<\/div>\n<\/div>\n<\/div>\n<\/div>\n<\/div>\n<\/div>\n<\/div>\n<\/div>\n<\/div>\n<\/div>\n<\/div>\n<\/section>\n<\/div>\n","protected":false},"excerpt":{"rendered":"<p class=\"p1\">\u26a1 Towar ma charakter mixu<\/p>\n<p class=\"p1\">\ud83d\udd25 Amazon Returns<\/p>\n<p class=\"p1\" style=\"text-align: left;\">\u2714\ufe0f Jako\u015b\u0107 <strong>A<\/strong><\/p>","protected":false},"featured_media":51848,"comment_status":"open","ping_status":"closed","template":"","meta":{"_acf_changed":false},"product_brand":[],"product_cat":[1315],"product_tag":[1321,1323],"class_list":{"0":"post-51847","1":"product","2":"type-product","3":"status-publish","4":"has-post-thumbnail","6":"product_cat-odziez","7":"product_tag-amazon-returns","8":"product_tag-box-odziezy","10":"first","11":"instock","12":"sold-individually","13":"taxable","14":"shipping-taxable","15":"purchasable","16":"product-type-simple"},"acf":[],"_links":{"self":[{"href":"https:\/\/stockify24.pl\/de\/wp-json\/wp\/v2\/product\/51847","targetHints":{"allow":["GET"]}}],"collection":[{"href":"https:\/\/stockify24.pl\/de\/wp-json\/wp\/v2\/product"}],"about":[{"href":"https:\/\/stockify24.pl\/de\/wp-json\/wp\/v2\/types\/product"}],"replies":[{"embeddable":true,"href":"https:\/\/stockify24.pl\/de\/wp-json\/wp\/v2\/comments?post=51847"}],"wp:featuredmedia":[{"embeddable":true,"href":"https:\/\/stockify24.pl\/de\/wp-json\/wp\/v2\/media\/51848"}],"wp:attachment":[{"href":"https:\/\/stockify24.pl\/de\/wp-json\/wp\/v2\/media?parent=51847"}],"wp:term":[{"taxonomy":"product_brand","embeddable":true,"href":"https:\/\/stockify24.pl\/de\/wp-json\/wp\/v2\/product_brand?post=51847"},{"taxonomy":"product_cat","embeddable":true,"href":"https:\/\/stockify24.pl\/de\/wp-json\/wp\/v2\/product_cat?post=51847"},{"taxonomy":"product_tag","embeddable":true,"href":"https:\/\/stockify24.pl\/de\/wp-json\/wp\/v2\/product_tag?post=51847"}],"curies":[{"name":"wp","href":"https:\/\/api.w.org\/{rel}","templated":true}]}}