{"id":173,"date":"2025-03-06T02:21:16","date_gmt":"2025-03-06T02:21:16","guid":{"rendered":"https:\/\/stockify24.pl\/?page_id=173"},"modified":"2026-04-01T10:15:48","modified_gmt":"2026-04-01T09:15:48","slug":"blog-stockify24-pl","status":"publish","type":"page","link":"https:\/\/stockify24.pl\/en\/blog-stockify24-pl\/","title":{"rendered":"Blog"},"content":{"rendered":"<div data-elementor-type=\"wp-page\" data-elementor-id=\"173\" class=\"elementor elementor-173\" data-elementor-post-type=\"page\">\n\t\t\t\t<div class=\"elementor-element elementor-element-e379909 e-con-full e-flex e-con e-child\" data-id=\"e379909\" data-element_type=\"container\" data-e-type=\"container\">\n\t\t<div class=\"elementor-element elementor-element-cd7d588 e-con-full e-flex e-con e-child\" data-id=\"cd7d588\" data-element_type=\"container\" data-e-type=\"container\" data-settings=\"{&quot;background_background&quot;:&quot;gradient&quot;,&quot;animation&quot;:&quot;none&quot;,&quot;shape_divider_bottom&quot;:&quot;arrow&quot;}\">\n\t\t\t\t<div class=\"elementor-shape elementor-shape-bottom\" aria-hidden=\"true\" data-negative=\"false\">\n\t\t\t<svg xmlns=\"http:\/\/www.w3.org\/2000\/svg\" viewbox=\"0 0 700 10\" preserveaspectratio=\"none\">\n\t<path class=\"elementor-shape-fill\" d=\"M350,10L340,0h20L350,10z\"\/>\n<\/svg>\t\t<\/div>\n\t\t<div class=\"elementor-element elementor-element-9c3e876 e-flex e-con-boxed e-con e-child\" data-id=\"9c3e876\" data-element_type=\"container\" data-e-type=\"container\">\n\t\t\t\t\t<div class=\"e-con-inner\">\n\t\t<div class=\"elementor-element elementor-element-c234312 e-con-full breadcrumbs-list-page e-flex e-con e-child\" data-id=\"c234312\" data-element_type=\"container\" data-e-type=\"container\">\n\t\t\t\t<div class=\"elementor-element elementor-element-1860dc8 elementor-widget elementor-widget-shortcode\" data-id=\"1860dc8\" data-element_type=\"widget\" data-e-type=\"widget\" data-widget_type=\"shortcode.default\">\n\t\t\t\t\t\t\t<div class=\"elementor-shortcode\"><nav aria-label=\"breadcrumbs\" class=\"rank-math-breadcrumb\"><p><span class=\"last\">Homepage<\/span><\/p><\/nav><\/div>\n\t\t\t\t\t\t<\/div>\n\t\t\t\t<\/div>\n\t\t\t\t<div class=\"elementor-element elementor-element-47dbb93 heading-title-2 elementor-widget elementor-widget-heading\" data-id=\"47dbb93\" data-element_type=\"widget\" data-e-type=\"widget\" data-widget_type=\"heading.default\">\n\t\t\t\t\t<h1 class=\"elementor-heading-title elementor-size-default\">News - palettes, news and inspiration<\/h1>\t\t\t\t<\/div>\n\t\t\t\t\t<\/div>\n\t\t\t\t<\/div>\n\t\t\t\t<\/div>\n\t\t\t\t<\/div>\n\t\t<div class=\"elementor-element elementor-element-152f11e e-flex e-con-boxed e-con e-parent\" data-id=\"152f11e\" data-element_type=\"container\" data-e-type=\"container\" data-settings=\"{&quot;background_background&quot;:&quot;classic&quot;}\">\n\t\t\t\t\t<div class=\"e-con-inner\">\n\t\t\t\t<div class=\"elementor-element elementor-element-7064d18 elementor-widget elementor-widget-ucaddon_post_magazine_grid\" data-id=\"7064d18\" data-element_type=\"widget\" data-e-type=\"widget\" data-widget_type=\"ucaddon_post_magazine_grid.default\">\n\t\t\t\t<div class=\"elementor-widget-container\">\n\t\t\t\t\t\n<!-- start Post Magazine Grid -->\n\t\t<link id='font-awesome-css' href='https:\/\/stockify24.pl\/wp-content\/plugins\/unlimited-elements-for-elementor-premium\/assets_libraries\/font-awesome6\/fontawesome-all.min.css' type='text\/css' rel='stylesheet' >\n\t\t<link id='font-awesome-4-shim-css' href='https:\/\/stockify24.pl\/wp-content\/plugins\/unlimited-elements-for-elementor-premium\/assets_libraries\/font-awesome6\/fontawesome-v4-shims.min.css' type='text\/css' rel='stylesheet' >\n\n<style>\/* widget: Post Magazine Grid *\/\n\n\n\n#uc_post_magazine_grid_elementor_7064d18 *{\n  box-sizing:border-box;\n}\n\n#uc_post_magazine_grid_elementor_7064d18{\n  display: grid;\n  grid-auto-rows: 1fr;\n}\n\n#uc_post_magazine_grid_elementor_7064d18 div.ue-grid-item{\n  overflow:hidden;\n  display:flex;\n  position:relative;\n}\n\n#uc_post_magazine_grid_elementor_7064d18 .ue-grid-item-intro{\n  position: relative;\n  z-index: 1;\n}\n\n#uc_post_magazine_grid_elementor_7064d18 .ue-grid-item-image img{\n  width:100%;\n  display:block;\n}\n\n#uc_post_magazine_grid_elementor_7064d18.ue-layout-cover .ue-grid-item-image{\n  position:absolute;\n  top:0;\n  left:0;\n  bottom:0;\n  right:0;\n}\n\n#uc_post_magazine_grid_elementor_7064d18.ue-layout-cover .ue-grid-item-image img{\n  height:100%;\n  object-fit: cover;\n}\n\n#uc_post_magazine_grid_elementor_7064d18.ue-layout-cover .ue-grid-item-content{\n  position:absolute;\n  width:100%;\n  bottom:0px;\n}\n\n#uc_post_magazine_grid_elementor_7064d18 .ue-grid-item-image-overlay{\n  position:absolute;\n  z-index: 1;\n  width:100%;\n  top:0;\n  display:block;\n  bottom:0;\n  height:100%;\n  transition:0.3s;\n}\n\n.ue-grid-item-title a{\n  font-size:21px;\n  font-weight:bold;\n  position: relative;\n  z-index: 1;  \n}\n\n.ue-grid-item-category a{\n  display:inline-block;\n  font-size:10px;\n  text-transform:uppercase;\n  position: relative;\n  z-index: 1; \n}\n\n#uc_post_magazine_grid_elementor_7064d18 .uc_more_btn{\n  text-align:center;\n  text-decoration:none;\n  transition:0.3s;\n  position: relative;\n  z-index: 1;\n}\n\n#uc_post_magazine_grid_elementor_7064d18 .ue-grid-item-meta-data{\n  display:flex;\n  flex-wrap: wrap;\n}\n\n.ue-grid-item-meta-data{\n  font-size:12px;\n}\n\n#uc_post_magazine_grid_elementor_7064d18 .ue-grid-item-meta-data-icon{\n  line-height:1em;\n}\n\n#uc_post_magazine_grid_elementor_7064d18 .ue-grid-item-meta-data-icon svg{\n  width:1em;\n  height:1em;\n}\n\n\n\n#uc_post_magazine_grid_elementor_7064d18 .ue-date-calendar{\n     position:absolute;\n     top:0px;\n     left:0px;\n     text-align:center;\n}\n\n@media only screen and (max-width: 600px) {\n  #uc_post_magazine_grid_elementor_7064d18 div.ue-grid-item  {\n    grid-column: span 1;\n    grid-row: span 1;\n  }\n  \n  #uc_post_magazine_grid_elementor_7064d18  {\n  grid-template-columns: repeat(1, 1fr);\n  }\n}\n\n\n\n<\/style>\n\n<div id=\"uc_post_magazine_grid_elementor_7064d18\" class=\"post_magazine_grid ue-layout-cover uc-items-wrapper\" >\n\t\n<div class=\"ue-grid-item\">\n  \n\t<div class=\"ue-grid-item-image\">\n       \n          <img fetchpriority=\"high\" decoding=\"async\" src=\"https:\/\/stockify24.pl\/wp-content\/uploads\/2026\/04\/Blue-Modern-business-logotype-bidding-and-economic.-Vector-design-logo-finance-and-investment.tech-logo-investment-1-768x768.jpg\"  alt=\"20 najpopularniejszych produkt\u00f3w w 2026\" width=\"768\" height=\"768\">  \n      \t\n\t        \n      <a class=\"ue-grid-item-image-overlay\" href='https:\/\/stockify24.pl\/en\/20-najpopularniejszych-produktow-w-2026\/'><\/a>\n    <\/div>\n    <div class=\"ue-grid-item-content\">\n      \n                    \n      <div class=\"ue-grid-item-title\"><a class=\"\" href='https:\/\/stockify24.pl\/en\/20-najpopularniejszych-produktow-w-2026\/'>The 20 most popular products in 2026<\/a><\/div>      \n            \n      <div class=\"ue-grid-item-intro\">Amazon's 20 best-selling pallet products...<\/div>          <\/div>\n  \n    \n    \n    \n<\/div>\n\n<div class=\"ue-grid-item\">\n  \n\t<div class=\"ue-grid-item-image\">\n       \n          <img decoding=\"async\" src=\"https:\/\/stockify24.pl\/wp-content\/uploads\/2025\/09\/Blue-Modern-business-logotype-bidding-and-economic.-Vector-design-logo-finance-and-investment.tech-logo-investment-4-768x768.jpg\"  alt=\"Dlaczego warto wybiera\u0107 palety? Kompletny przewodnik dla e-commerce i reseller\u00f3w\" width=\"768\" height=\"768\">  \n      \t\n\t        \n      <a class=\"ue-grid-item-image-overlay\" href='https:\/\/stockify24.pl\/en\/dlaczego-warto-wybierac-palety\/'><\/a>\n    <\/div>\n    <div class=\"ue-grid-item-content\">\n      \n                    \n      <div class=\"ue-grid-item-title\"><a class=\"\" href='https:\/\/stockify24.pl\/en\/dlaczego-warto-wybierac-palety\/'>Why choose pallets?<\/a><\/div>      \n            \n      <div class=\"ue-grid-item-intro\">Why choose pallets? A complete guide...<\/div>          <\/div>\n  \n    \n    \n    \n<\/div>\n\n<div class=\"ue-grid-item\">\n  \n\t<div class=\"ue-grid-item-image\">\n       \n          <img decoding=\"async\" src=\"https:\/\/stockify24.pl\/wp-content\/uploads\/2025\/09\/Blue-Modern-business-logotype-bidding-and-economic.-Vector-design-logo-finance-and-investment.tech-logo-investment-3-768x768.jpg\"  alt=\"Palety tematyczne \u2013 jakie kategorie znajdziesz w ofercie?\" width=\"768\" height=\"768\">  \n      \t\n\t        \n      <a class=\"ue-grid-item-image-overlay\" href='https:\/\/stockify24.pl\/en\/palety-tematyczne-jakie-kategorie-znajdziesz\/'><\/a>\n    <\/div>\n    <div class=\"ue-grid-item-content\">\n      \n                    \n      <div class=\"ue-grid-item-title\"><a class=\"\" href='https:\/\/stockify24.pl\/en\/palety-tematyczne-jakie-kategorie-znajdziesz\/'>Thematic palettes - what categories do you find on offer?<\/a><\/div>      \n            \n      <div class=\"ue-grid-item-intro\">Thematic palettes - what categories do you find on offer?...<\/div>          <\/div>\n  \n    \n    \n    \n<\/div>\n\n<div class=\"ue-grid-item\">\n  \n\t<div class=\"ue-grid-item-image\">\n       \n          <img loading=\"lazy\" decoding=\"async\" src=\"https:\/\/stockify24.pl\/wp-content\/uploads\/2025\/09\/Blue-Modern-business-logotype-bidding-and-economic.-Vector-design-logo-finance-and-investment.tech-logo-investment-2-768x768.jpg\"  alt=\"Czym s\u0105 palety Amazon i jak wybra\u0107 odpowiedni typ towaru do sprzeda\u017cy?\" width=\"768\" height=\"768\">  \n      \t\n\t        \n      <a class=\"ue-grid-item-image-overlay\" href='https:\/\/stockify24.pl\/en\/czym-sa-palety-amazon-i-jak-wybrac\/'><\/a>\n    <\/div>\n    <div class=\"ue-grid-item-content\">\n      \n                    \n      <div class=\"ue-grid-item-title\"><a class=\"\" href='https:\/\/stockify24.pl\/en\/czym-sa-palety-amazon-i-jak-wybrac\/'>What are Amazon pallets and how do I choose?<\/a><\/div>      \n            \n      <div class=\"ue-grid-item-intro\">What are Amazon pallets and how to choose the right type of goods....<\/div>          <\/div>\n  \n    \n    \n    \n<\/div>\n\n<\/div>\n\n\n<!-- end Post Magazine Grid -->\t\t\t\t<\/div>\n\t\t\t\t<\/div>\n\t\t\t\t\t<\/div>\n\t\t\t\t<\/div>\n\t\t<div class=\"elementor-element elementor-element-a40def5 e-con-full e-flex e-con e-child\" data-id=\"a40def5\" data-element_type=\"container\" data-e-type=\"container\">\n\t\t<div class=\"elementor-element elementor-element-4375967 e-flex e-con-boxed e-con e-child\" data-id=\"4375967\" data-element_type=\"container\" data-e-type=\"container\" data-settings=\"{&quot;background_background&quot;:&quot;classic&quot;}\">\n\t\t\t\t\t<div class=\"e-con-inner\">\n\t\t<div class=\"elementor-element elementor-element-e236b2d e-con-full e-flex e-con e-child\" data-id=\"e236b2d\" data-element_type=\"container\" data-e-type=\"container\">\n\t\t\t\t<div class=\"elementor-element elementor-element-a7b8b40 heading-title-2 elementor-widget elementor-widget-heading\" data-id=\"a7b8b40\" data-element_type=\"widget\" data-e-type=\"widget\" data-settings=\"{&quot;_animation&quot;:&quot;none&quot;}\" data-widget_type=\"heading.default\">\n\t\t\t\t\t<h2 class=\"elementor-heading-title elementor-size-default\">All about pallets<\/h2>\t\t\t\t<\/div>\n\t\t\t\t<div class=\"elementor-element elementor-element-dff1473 elementor-widget elementor-widget-text-editor\" data-id=\"dff1473\" data-element_type=\"widget\" data-e-type=\"widget\" data-widget_type=\"text-editor.default\">\n\t\t\t\t\t\t\t\t\t<p data-start=\"274\" data-end=\"618\">Blog about <a href=\"https:\/\/stockify24.pl\/en\/sklep\/\"><strong>pallets<\/strong><\/a> is a space where we publish up-to-date information on deliveries, product categories and sales opportunities related to pallets <strong>Amazon<\/strong> and goods of the type <strong>Amazon Returns<\/strong>. It is a place created for both start-ups and sellers who are developing their business through an e-commerce and wholesale model.<\/p><p data-start=\"620\" data-end=\"1031\">In the news section you will find information on new pallet deliveries, available lots and changes to the product range. We regularly publish reviews of categories such as <a href=\"https:\/\/stockify24.pl\/en\/product-category\/amazon-paleta\/elektronika\/\"><strong>electronics<\/strong><\/a>, <a href=\"https:\/\/stockify24.pl\/en\/product-category\/amazon-paleta\/elektronika\/drobna-elektronika-uk-amazon-returns-ab\/\"><strong>small electronics<\/strong><\/a>, <a href=\"https:\/\/stockify24.pl\/en\/product-category\/amazon-paleta\/elektronika\/mix-elektroniki-eu-amazon-returns-ab\/\"><strong>EU electronics mix<\/strong><\/a> i <a href=\"https:\/\/stockify24.pl\/en\/product-category\/amazon-paleta\/elektronika\/mix-elektroniki-uk-amazon-returns-ab\/\"><strong>UK<\/strong><\/a>, industrial pallets and mixed pallets <a href=\"https:\/\/stockify24.pl\/en\/product-category\/amazon-mix\/\"><strong>Amazon Mix<\/strong><\/a>. This allows you to quickly see what products are coming up for sale and which segments have the greatest potential.<\/p><p data-start=\"1033\" data-end=\"1422\">The blog also includes practical content on working with pallets. We describe how the model works <strong>Amazon Returns<\/strong>, The following topics are covered: how themed pallets differ from mixed pallets and how to choose the right type of goods for your own sales model. You will also find information on <a href=\"https:\/\/stockify24.pl\/en\/product-category\/boxy-amazon\/\"><strong>Amazon boxes<\/strong><\/a>, <a href=\"https:\/\/stockify24.pl\/en\/product-category\/paczki-nieodebrane-zagubione\/\"><strong>parcels not collected<\/strong><\/a> and <a href=\"https:\/\/stockify24.pl\/en\/product-category\/dostawy-amazon\/\"><strong>pallet deliveries<\/strong><\/a> in various volumes - from smaller batches to bulk deliveries.<\/p><p data-start=\"1424\" data-end=\"1722\">Published articles help you understand how selling palletised products works in practice. We cover topics such as stock rotation, assortment building, category testing and sales scaling. This enables you to make purchasing decisions based on real data and current trends.<\/p><p data-start=\"1724\" data-end=\"2024\">Regular updates allow you to keep track of changes in product availability and new sales leads. In the blog you will also find inspiration for categories such as <a href=\"https:\/\/stockify24.pl\/en\/product-category\/home-mix-eu-uk-amazon-returns-ab\/\"><strong>Home<\/strong><\/a>, <a href=\"https:\/\/stockify24.pl\/en\/product-category\/zabawki\/\"><strong>Toys<\/strong><\/a>, <a href=\"https:\/\/stockify24.pl\/en\/product-category\/tekstylia-amazon\/\"><strong>Textiles<\/strong><\/a>, <a href=\"https:\/\/stockify24.pl\/en\/product-category\/oswietlenie-eglo\/\"><strong>Lighting<\/strong><\/a> or seasonal products. This makes it easier to expand the range and match it to current demand.<\/p><p data-start=\"2026\" data-end=\"2293\">The blog section also acts as a guide to the pallet range. Each article is prepared to explain in simple terms the principles of each category, the differences between types of pallets and how they can be used for online and offline sales.<\/p><p data-start=\"2295\" data-end=\"2546\">If you are interested in <strong>Amazon pallets<\/strong>, <a href=\"https:\/\/stockify24.pl\/en\/product-category\/amazon-paleta\/elektronika\/premium-mix-elektroniki-eu-amazon-returns-ab\/\"><strong>electronics from Europe<\/strong><\/a> i <a href=\"https:\/\/stockify24.pl\/en\/product-category\/amazon-paleta\/elektronika\/mix-elektroniki-uk-amazon-returns-ab\/\"><strong>UK<\/strong><\/a>, unsorted merchandise and sales models based on product rotation - this blog is the place to find up-to-date information, concrete tips and an overview of the available solutions.<\/p>\t\t\t\t\t\t\t\t<\/div>\n\t\t\t\t<div class=\"elementor-element elementor-element-44f94e7 elementor-align-left elementor-mobile-align-left elementor-widget elementor-widget-button\" data-id=\"44f94e7\" data-element_type=\"widget\" data-e-type=\"widget\" data-widget_type=\"button.default\">\n\t\t\t\t\t\t\t\t\t\t<a class=\"elementor-button elementor-button-link elementor-size-sm\" href=\"https:\/\/stockify24.pl\/en\/sklep\/\">\n\t\t\t\t\t\t<span class=\"elementor-button-content-wrapper\">\n\t\t\t\t\t\t\t\t\t<span class=\"elementor-button-text\">Products<\/span>\n\t\t\t\t\t<\/span>\n\t\t\t\t\t<\/a>\n\t\t\t\t\t\t\t\t<\/div>\n\t\t\t\t<\/div>\n\t\t<div class=\"elementor-element elementor-element-2a2ef96 e-con-full e-flex e-con e-child\" data-id=\"2a2ef96\" data-element_type=\"container\" data-e-type=\"container\" data-settings=\"{&quot;background_background&quot;:&quot;classic&quot;}\">\n\t\t\t\t<div class=\"elementor-element elementor-element-fde17d2 elementor-hidden-mobile elementor-widget elementor-widget-image\" data-id=\"fde17d2\" data-element_type=\"widget\" data-e-type=\"widget\" data-widget_type=\"image.default\">\n\t\t\t\t\t\t\t\t\t\t\t\t\t\t\t<img loading=\"lazy\" decoding=\"async\" width=\"800\" height=\"800\" src=\"https:\/\/stockify24.pl\/wp-content\/uploads\/2026\/03\/Generated-Image-March-25-2026-5_08PM-1.jpg\" class=\"attachment-large size-large wp-image-50849\" alt=\"blog\" srcset=\"https:\/\/stockify24.pl\/wp-content\/uploads\/2026\/03\/Generated-Image-March-25-2026-5_08PM-1.jpg 1024w, https:\/\/stockify24.pl\/wp-content\/uploads\/2026\/03\/Generated-Image-March-25-2026-5_08PM-1-300x300.jpg 300w, https:\/\/stockify24.pl\/wp-content\/uploads\/2026\/03\/Generated-Image-March-25-2026-5_08PM-1-150x150.jpg 150w, https:\/\/stockify24.pl\/wp-content\/uploads\/2026\/03\/Generated-Image-March-25-2026-5_08PM-1-768x768.jpg 768w, https:\/\/stockify24.pl\/wp-content\/uploads\/2026\/03\/Generated-Image-March-25-2026-5_08PM-1-12x12.jpg 12w, https:\/\/stockify24.pl\/wp-content\/uploads\/2026\/03\/Generated-Image-March-25-2026-5_08PM-1-400x400.jpg 400w, https:\/\/stockify24.pl\/wp-content\/uploads\/2026\/03\/Generated-Image-March-25-2026-5_08PM-1-50x50.jpg 50w, https:\/\/stockify24.pl\/wp-content\/uploads\/2026\/03\/Generated-Image-March-25-2026-5_08PM-1-100x100.jpg 100w, https:\/\/stockify24.pl\/wp-content\/uploads\/2026\/03\/Generated-Image-March-25-2026-5_08PM-1-64x64.jpg 64w\" sizes=\"(max-width: 800px) 100vw, 800px\" \/>\t\t\t\t\t\t\t\t\t\t\t\t\t\t\t<\/div>\n\t\t\t\t<div class=\"elementor-element elementor-element-1307cec elementor-widget elementor-widget-image\" data-id=\"1307cec\" data-element_type=\"widget\" data-e-type=\"widget\" data-widget_type=\"image.default\">\n\t\t\t\t\t\t\t\t\t\t\t\t\t\t\t<img loading=\"lazy\" decoding=\"async\" width=\"800\" height=\"800\" src=\"https:\/\/stockify24.pl\/wp-content\/uploads\/2026\/03\/Generated-Image-March-25-2026-5_09PM.jpg\" class=\"attachment-large size-large wp-image-50850\" alt=\"blog\" srcset=\"https:\/\/stockify24.pl\/wp-content\/uploads\/2026\/03\/Generated-Image-March-25-2026-5_09PM.jpg 1024w, https:\/\/stockify24.pl\/wp-content\/uploads\/2026\/03\/Generated-Image-March-25-2026-5_09PM-300x300.jpg 300w, https:\/\/stockify24.pl\/wp-content\/uploads\/2026\/03\/Generated-Image-March-25-2026-5_09PM-150x150.jpg 150w, https:\/\/stockify24.pl\/wp-content\/uploads\/2026\/03\/Generated-Image-March-25-2026-5_09PM-768x768.jpg 768w, https:\/\/stockify24.pl\/wp-content\/uploads\/2026\/03\/Generated-Image-March-25-2026-5_09PM-12x12.jpg 12w, https:\/\/stockify24.pl\/wp-content\/uploads\/2026\/03\/Generated-Image-March-25-2026-5_09PM-400x400.jpg 400w, https:\/\/stockify24.pl\/wp-content\/uploads\/2026\/03\/Generated-Image-March-25-2026-5_09PM-50x50.jpg 50w, https:\/\/stockify24.pl\/wp-content\/uploads\/2026\/03\/Generated-Image-March-25-2026-5_09PM-100x100.jpg 100w, https:\/\/stockify24.pl\/wp-content\/uploads\/2026\/03\/Generated-Image-March-25-2026-5_09PM-64x64.jpg 64w\" sizes=\"(max-width: 800px) 100vw, 800px\" \/>\t\t\t\t\t\t\t\t\t\t\t\t\t\t\t<\/div>\n\t\t\t\t<\/div>\n\t\t\t\t\t<\/div>\n\t\t\t\t<\/div>\n\t\t\t\t<\/div>\n\t\t\t\t<\/div>","protected":false},"excerpt":{"rendered":"<p>Aktualno\u015bci \u2013 palety, nowo\u015bci i inspiracje Dlaczego warto wybiera\u0107 palety? Dlaczego warto wybiera\u0107 palety? Kompletny przewodnik&#8230; Palety tematyczne &#8211; jakie kategorie znajdziesz w ofercie? Palety tematyczne \u2013 jakie kategorie znajdziesz w ofercie?&#8230; Czym s\u0105 palety Amazon i jak wybra\u0107 odpowiedni typ towaru do sprzeda\u017cy? Czym s\u0105 palety Amazon i jak wybra\u0107 odpowiedni typ towaru&#8230; Wszystko [&hellip;]<\/p>\n","protected":false},"author":1,"featured_media":0,"parent":0,"menu_order":0,"comment_status":"closed","ping_status":"closed","template":"","meta":{"_acf_changed":false,"footnotes":""},"class_list":["post-173","page","type-page","status-publish","hentry"],"acf":[],"_links":{"self":[{"href":"https:\/\/stockify24.pl\/en\/wp-json\/wp\/v2\/pages\/173","targetHints":{"allow":["GET"]}}],"collection":[{"href":"https:\/\/stockify24.pl\/en\/wp-json\/wp\/v2\/pages"}],"about":[{"href":"https:\/\/stockify24.pl\/en\/wp-json\/wp\/v2\/types\/page"}],"author":[{"embeddable":true,"href":"https:\/\/stockify24.pl\/en\/wp-json\/wp\/v2\/users\/1"}],"replies":[{"embeddable":true,"href":"https:\/\/stockify24.pl\/en\/wp-json\/wp\/v2\/comments?post=173"}],"version-history":[{"count":29,"href":"https:\/\/stockify24.pl\/en\/wp-json\/wp\/v2\/pages\/173\/revisions"}],"predecessor-version":[{"id":51166,"href":"https:\/\/stockify24.pl\/en\/wp-json\/wp\/v2\/pages\/173\/revisions\/51166"}],"wp:attachment":[{"href":"https:\/\/stockify24.pl\/en\/wp-json\/wp\/v2\/media?parent=173"}],"curies":[{"name":"wp","href":"https:\/\/api.w.org\/{rel}","templated":true}]}}