{"id":175,"date":"2025-03-06T02:21:27","date_gmt":"2025-03-06T02:21:27","guid":{"rendered":"https:\/\/stockify24.pl\/?page_id=175"},"modified":"2026-03-30T16:21:28","modified_gmt":"2026-03-30T15:21:28","slug":"o-nas","status":"publish","type":"page","link":"https:\/\/stockify24.pl\/en\/o-nas\/","title":{"rendered":"About us"},"content":{"rendered":"<div data-elementor-type=\"wp-page\" data-elementor-id=\"175\" class=\"elementor elementor-175\" data-elementor-post-type=\"page\">\n\t\t\t\t<div class=\"elementor-element elementor-element-55b94b2 e-con-full e-flex e-con e-child\" data-id=\"55b94b2\" data-element_type=\"container\" data-e-type=\"container\">\n\t\t<div class=\"elementor-element elementor-element-b3df24b e-con-full e-flex e-con e-child\" data-id=\"b3df24b\" data-element_type=\"container\" data-e-type=\"container\" data-settings=\"{&quot;background_background&quot;:&quot;gradient&quot;,&quot;animation&quot;:&quot;none&quot;,&quot;shape_divider_bottom&quot;:&quot;arrow&quot;}\">\n\t\t\t\t<div class=\"elementor-shape elementor-shape-bottom\" aria-hidden=\"true\" data-negative=\"false\">\n\t\t\t<svg xmlns=\"http:\/\/www.w3.org\/2000\/svg\" viewbox=\"0 0 700 10\" preserveaspectratio=\"none\">\n\t<path class=\"elementor-shape-fill\" d=\"M350,10L340,0h20L350,10z\"\/>\n<\/svg>\t\t<\/div>\n\t\t<div class=\"elementor-element elementor-element-0aee57d e-flex e-con-boxed e-con e-child\" data-id=\"0aee57d\" data-element_type=\"container\" data-e-type=\"container\">\n\t\t\t\t\t<div class=\"e-con-inner\">\n\t\t<div class=\"elementor-element elementor-element-924d325 e-con-full breadcrumbs-list-page e-flex e-con e-child\" data-id=\"924d325\" data-element_type=\"container\" data-e-type=\"container\">\n\t\t\t\t<div class=\"elementor-element elementor-element-6624a7f elementor-widget elementor-widget-shortcode\" data-id=\"6624a7f\" data-element_type=\"widget\" data-e-type=\"widget\" data-widget_type=\"shortcode.default\">\n\t\t\t\t\t\t\t<div class=\"elementor-shortcode\"><nav aria-label=\"breadcrumbs\" class=\"rank-math-breadcrumb\"><p><span class=\"last\">Homepage<\/span><\/p><\/nav><\/div>\n\t\t\t\t\t\t<\/div>\n\t\t\t\t<\/div>\n\t\t\t\t<div class=\"elementor-element elementor-element-4965097 heading-title-2 elementor-widget elementor-widget-heading\" data-id=\"4965097\" data-element_type=\"widget\" data-e-type=\"widget\" data-widget_type=\"heading.default\">\n\t\t\t\t\t<h1 class=\"elementor-heading-title elementor-size-default\">About us - Stockify, the expert in pallet sales<\/h1>\t\t\t\t<\/div>\n\t\t\t\t\t<\/div>\n\t\t\t\t<\/div>\n\t\t\t\t<\/div>\n\t\t\t\t<\/div>\n\t\t<div class=\"elementor-element elementor-element-c989300 e-con-full e-flex e-con e-child\" data-id=\"c989300\" data-element_type=\"container\" data-e-type=\"container\">\n\t\t<div class=\"elementor-element elementor-element-a5947c0 e-flex e-con-boxed e-con e-child\" data-id=\"a5947c0\" data-element_type=\"container\" data-e-type=\"container\" data-settings=\"{&quot;background_background&quot;:&quot;classic&quot;}\">\n\t\t\t\t\t<div class=\"e-con-inner\">\n\t\t<div class=\"elementor-element elementor-element-8bc457c e-con-full e-flex e-con e-child\" data-id=\"8bc457c\" data-element_type=\"container\" data-e-type=\"container\">\n\t\t\t\t<div class=\"elementor-element elementor-element-fdeb9fa heading-title-2 elementor-widget elementor-widget-heading\" data-id=\"fdeb9fa\" data-element_type=\"widget\" data-e-type=\"widget\" data-settings=\"{&quot;_animation&quot;:&quot;none&quot;}\" data-widget_type=\"heading.default\">\n\t\t\t\t\t<h2 class=\"elementor-heading-title elementor-size-default\">Who are we?<\/h2>\t\t\t\t<\/div>\n\t\t\t\t<div class=\"elementor-element elementor-element-63029e2 elementor-widget elementor-widget-text-editor\" data-id=\"63029e2\" data-element_type=\"widget\" data-e-type=\"widget\" data-widget_type=\"text-editor.default\">\n\t\t\t\t\t\t\t\t\t<h2 data-start=\"366\" data-end=\"646\">Wholesale pallets from Europe - Stockify<\/h2><p data-start=\"366\" data-end=\"646\"><strong>Stockify<\/strong> is a European, UK based wholesale pallet supplier specialising in the sale of consumer return pallets (Amazon Returns) and surplus stock. We offer ready-made product kits for resale in e-commerce, marketplace and retail.<\/p><p data-start=\"648\" data-end=\"852\">In our offer you will find pallets from categories such as <strong>electronics, white goods, home, seasonal accessories and everyday products.<\/strong> Each pallet is a unique mix of goods with high sales potential.<\/p><p data-start=\"854\" data-end=\"1080\">A warehouse in Poland and fast logistics allow for efficient order processing throughout Europe. We work with both companies and individual customers, offering flexible purchasing terms and off-the-shelf availability.<\/p>\t\t\t\t\t\t\t\t<\/div>\n\t\t\t\t<div class=\"elementor-element elementor-element-2622ab7 elementor-align-left elementor-mobile-align-left elementor-widget elementor-widget-button\" data-id=\"2622ab7\" data-element_type=\"widget\" data-e-type=\"widget\" data-widget_type=\"button.default\">\n\t\t\t\t\t\t\t\t\t\t<a class=\"elementor-button elementor-button-link elementor-size-sm\" href=\"https:\/\/stockify24.pl\/en\/sklep\/\">\n\t\t\t\t\t\t<span class=\"elementor-button-content-wrapper\">\n\t\t\t\t\t\t\t\t\t<span class=\"elementor-button-text\">See available pallets<\/span>\n\t\t\t\t\t<\/span>\n\t\t\t\t\t<\/a>\n\t\t\t\t\t\t\t\t<\/div>\n\t\t\t\t<\/div>\n\t\t<div class=\"elementor-element elementor-element-27b5bac e-con-full e-flex e-con e-child\" data-id=\"27b5bac\" data-element_type=\"container\" data-e-type=\"container\" data-settings=\"{&quot;background_background&quot;:&quot;gradient&quot;}\">\n\t\t\t\t<div class=\"elementor-element elementor-element-865df30 elementor-widget elementor-widget-image\" data-id=\"865df30\" data-element_type=\"widget\" data-e-type=\"widget\" data-widget_type=\"image.default\">\n\t\t\t\t\t\t\t\t\t\t\t\t\t\t\t<img fetchpriority=\"high\" decoding=\"async\" width=\"800\" height=\"800\" src=\"https:\/\/stockify24.pl\/wp-content\/uploads\/2026\/03\/Generated-Image-March-30-2026-4_51PM-1.jpg\" class=\"attachment-large size-large wp-image-51090\" alt=\"palety elektroniki hurtowe Amazon Returns Europa Anglia\" srcset=\"https:\/\/stockify24.pl\/wp-content\/uploads\/2026\/03\/Generated-Image-March-30-2026-4_51PM-1.jpg 1024w, https:\/\/stockify24.pl\/wp-content\/uploads\/2026\/03\/Generated-Image-March-30-2026-4_51PM-1-300x300.jpg 300w, https:\/\/stockify24.pl\/wp-content\/uploads\/2026\/03\/Generated-Image-March-30-2026-4_51PM-1-150x150.jpg 150w, https:\/\/stockify24.pl\/wp-content\/uploads\/2026\/03\/Generated-Image-March-30-2026-4_51PM-1-768x768.jpg 768w, https:\/\/stockify24.pl\/wp-content\/uploads\/2026\/03\/Generated-Image-March-30-2026-4_51PM-1-12x12.jpg 12w, https:\/\/stockify24.pl\/wp-content\/uploads\/2026\/03\/Generated-Image-March-30-2026-4_51PM-1-400x400.jpg 400w, https:\/\/stockify24.pl\/wp-content\/uploads\/2026\/03\/Generated-Image-March-30-2026-4_51PM-1-50x50.jpg 50w, https:\/\/stockify24.pl\/wp-content\/uploads\/2026\/03\/Generated-Image-March-30-2026-4_51PM-1-100x100.jpg 100w, https:\/\/stockify24.pl\/wp-content\/uploads\/2026\/03\/Generated-Image-March-30-2026-4_51PM-1-64x64.jpg 64w\" sizes=\"(max-width: 800px) 100vw, 800px\" \/>\t\t\t\t\t\t\t\t\t\t\t\t\t\t\t<\/div>\n\t\t\t\t<\/div>\n\t\t\t\t\t<\/div>\n\t\t\t\t<\/div>\n\t\t<div class=\"elementor-element elementor-element-453aafc e-flex e-con-boxed e-con e-child\" data-id=\"453aafc\" data-element_type=\"container\" data-e-type=\"container\" data-settings=\"{&quot;background_background&quot;:&quot;classic&quot;}\">\n\t\t\t\t\t<div class=\"e-con-inner\">\n\t\t<div class=\"elementor-element elementor-element-467d650 e-con-full e-flex e-con e-child\" data-id=\"467d650\" data-element_type=\"container\" data-e-type=\"container\">\n\t\t\t\t<div class=\"elementor-element elementor-element-8a5c951 heading-title-2 elementor-widget elementor-widget-heading\" data-id=\"8a5c951\" data-element_type=\"widget\" data-e-type=\"widget\" data-settings=\"{&quot;_animation&quot;:&quot;none&quot;}\" data-widget_type=\"heading.default\">\n\t\t\t\t\t<h2 class=\"elementor-heading-title elementor-size-default\"> What do we offer?<\/h2>\t\t\t\t<\/div>\n\t\t\t\t<div class=\"elementor-element elementor-element-c56e881 elementor-widget elementor-widget-text-editor\" data-id=\"c56e881\" data-element_type=\"widget\" data-e-type=\"widget\" data-widget_type=\"text-editor.default\">\n\t\t\t\t\t\t\t\t\t<h2 data-start=\"1257\" data-end=\"1441\">Pallets ready for resale - electronics, mix and outlet<\/h2><p data-start=\"1257\" data-end=\"1441\">We offer wholesale and retail pallets that are ready for sale without additional selection. The goods come from <strong>Europe and the UK<\/strong>, including with <strong>Amazon Returns<\/strong> and other logistics platforms.<\/p><p data-start=\"1443\" data-end=\"1661\">Each pallet contains a mix of products from different categories, allowing you to increase stock turnover and generate sales faster. This solution is ideal for resellers, online shops and newcomers to the trade.<\/p><p data-start=\"1663\" data-end=\"1799\">We regularly update the range with new batches, so you have access to fresh stock and can scale your business without downtime.<\/p>\t\t\t\t\t\t\t\t<\/div>\n\t\t\t\t<div class=\"elementor-element elementor-element-1e6cc6e elementor-align-left elementor-mobile-align-left elementor-widget elementor-widget-button\" data-id=\"1e6cc6e\" data-element_type=\"widget\" data-e-type=\"widget\" data-widget_type=\"button.default\">\n\t\t\t\t\t\t\t\t\t\t<a class=\"elementor-button elementor-button-link elementor-size-sm\" href=\"https:\/\/stockify24.pl\/en\/stockify-kontakt\/\">\n\t\t\t\t\t\t<span class=\"elementor-button-content-wrapper\">\n\t\t\t\t\t\t\t\t\t<span class=\"elementor-button-text\">Contact us<\/span>\n\t\t\t\t\t<\/span>\n\t\t\t\t\t<\/a>\n\t\t\t\t\t\t\t\t<\/div>\n\t\t\t\t<\/div>\n\t\t<div class=\"elementor-element elementor-element-7ebbe32 e-con-full e-flex e-con e-child\" data-id=\"7ebbe32\" data-element_type=\"container\" data-e-type=\"container\" data-settings=\"{&quot;background_background&quot;:&quot;classic&quot;}\">\n\t\t\t\t<div class=\"elementor-element elementor-element-b56477a elementor-widget elementor-widget-image\" data-id=\"b56477a\" data-element_type=\"widget\" data-e-type=\"widget\" data-widget_type=\"image.default\">\n\t\t\t\t\t\t\t\t\t\t\t\t\t\t\t<img decoding=\"async\" width=\"800\" height=\"800\" src=\"https:\/\/stockify24.pl\/wp-content\/uploads\/2026\/03\/Generated-Image-March-30-2026-4_56PM-1.jpg\" class=\"attachment-large size-large wp-image-51091\" alt=\"palety elektroniki hurtowe Amazon Returns Europa Anglia\" srcset=\"https:\/\/stockify24.pl\/wp-content\/uploads\/2026\/03\/Generated-Image-March-30-2026-4_56PM-1.jpg 1024w, https:\/\/stockify24.pl\/wp-content\/uploads\/2026\/03\/Generated-Image-March-30-2026-4_56PM-1-300x300.jpg 300w, https:\/\/stockify24.pl\/wp-content\/uploads\/2026\/03\/Generated-Image-March-30-2026-4_56PM-1-150x150.jpg 150w, https:\/\/stockify24.pl\/wp-content\/uploads\/2026\/03\/Generated-Image-March-30-2026-4_56PM-1-768x768.jpg 768w, https:\/\/stockify24.pl\/wp-content\/uploads\/2026\/03\/Generated-Image-March-30-2026-4_56PM-1-12x12.jpg 12w, https:\/\/stockify24.pl\/wp-content\/uploads\/2026\/03\/Generated-Image-March-30-2026-4_56PM-1-400x400.jpg 400w, https:\/\/stockify24.pl\/wp-content\/uploads\/2026\/03\/Generated-Image-March-30-2026-4_56PM-1-50x50.jpg 50w, https:\/\/stockify24.pl\/wp-content\/uploads\/2026\/03\/Generated-Image-March-30-2026-4_56PM-1-100x100.jpg 100w, https:\/\/stockify24.pl\/wp-content\/uploads\/2026\/03\/Generated-Image-March-30-2026-4_56PM-1-64x64.jpg 64w\" sizes=\"(max-width: 800px) 100vw, 800px\" \/>\t\t\t\t\t\t\t\t\t\t\t\t\t\t\t<\/div>\n\t\t\t\t<\/div>\n\t\t\t\t\t<\/div>\n\t\t\t\t<\/div>\n\t\t\t\t<\/div>\n\t\t\t\t<\/div>","protected":false},"excerpt":{"rendered":"<p>O nas \u2013 Stockify, ekspert w sprzeda\u017cy palet Kim jeste\u015bmy? Hurtowe palety z Europy \u2013 Stockify Stockify to dostawca palet hurtowych z Europy, UK specjalizuj\u0105cy si\u0119 w sprzeda\u017cy palet zwrot\u00f3w konsumenckich (Amazon Returns) oraz nadwy\u017cek magazynowych. Oferujemy gotowe zestawy produkt\u00f3w przeznaczone do dalszej odsprzeda\u017cy w e-commerce, na marketplace oraz w sprzeda\u017cy detalicznej. W naszej ofercie [&hellip;]<\/p>\n","protected":false},"author":1,"featured_media":0,"parent":0,"menu_order":0,"comment_status":"closed","ping_status":"closed","template":"","meta":{"_acf_changed":false,"footnotes":""},"class_list":["post-175","page","type-page","status-publish","hentry"],"acf":[],"_links":{"self":[{"href":"https:\/\/stockify24.pl\/en\/wp-json\/wp\/v2\/pages\/175","targetHints":{"allow":["GET"]}}],"collection":[{"href":"https:\/\/stockify24.pl\/en\/wp-json\/wp\/v2\/pages"}],"about":[{"href":"https:\/\/stockify24.pl\/en\/wp-json\/wp\/v2\/types\/page"}],"author":[{"embeddable":true,"href":"https:\/\/stockify24.pl\/en\/wp-json\/wp\/v2\/users\/1"}],"replies":[{"embeddable":true,"href":"https:\/\/stockify24.pl\/en\/wp-json\/wp\/v2\/comments?post=175"}],"version-history":[{"count":8,"href":"https:\/\/stockify24.pl\/en\/wp-json\/wp\/v2\/pages\/175\/revisions"}],"predecessor-version":[{"id":51098,"href":"https:\/\/stockify24.pl\/en\/wp-json\/wp\/v2\/pages\/175\/revisions\/51098"}],"wp:attachment":[{"href":"https:\/\/stockify24.pl\/en\/wp-json\/wp\/v2\/media?parent=175"}],"curies":[{"name":"wp","href":"https:\/\/api.w.org\/{rel}","templated":true}]}}