{"id":49796,"date":"2026-02-13T17:43:57","date_gmt":"2026-02-13T16:43:57","guid":{"rendered":"https:\/\/stockify24.pl\/?page_id=49796"},"modified":"2026-03-25T16:25:00","modified_gmt":"2026-03-25T15:25:00","slug":"metody-platnosci","status":"publish","type":"page","link":"https:\/\/stockify24.pl\/en\/metody-platnosci\/","title":{"rendered":"Payment methods"},"content":{"rendered":"<div data-elementor-type=\"wp-page\" data-elementor-id=\"49796\" class=\"elementor elementor-49796\" data-elementor-post-type=\"page\">\n\t\t\t\t<div class=\"elementor-element elementor-element-9c7e448 e-con-full e-flex e-con e-child\" data-id=\"9c7e448\" data-element_type=\"container\" data-e-type=\"container\">\n\t\t<div class=\"elementor-element elementor-element-cebe159 e-con-full e-flex e-con e-child\" data-id=\"cebe159\" data-element_type=\"container\" data-e-type=\"container\" data-settings=\"{&quot;background_background&quot;:&quot;gradient&quot;,&quot;animation&quot;:&quot;none&quot;,&quot;shape_divider_bottom&quot;:&quot;arrow&quot;}\">\n\t\t\t\t<div class=\"elementor-shape elementor-shape-bottom\" aria-hidden=\"true\" data-negative=\"false\">\n\t\t\t<svg xmlns=\"http:\/\/www.w3.org\/2000\/svg\" viewbox=\"0 0 700 10\" preserveaspectratio=\"none\">\n\t<path class=\"elementor-shape-fill\" d=\"M350,10L340,0h20L350,10z\"\/>\n<\/svg>\t\t<\/div>\n\t\t<div class=\"elementor-element elementor-element-48271e3 e-flex e-con-boxed e-con e-child\" data-id=\"48271e3\" data-element_type=\"container\" data-e-type=\"container\">\n\t\t\t\t\t<div class=\"e-con-inner\">\n\t\t<div class=\"elementor-element elementor-element-660d4dc e-con-full breadcrumbs-list-page e-flex e-con e-child\" data-id=\"660d4dc\" data-element_type=\"container\" data-e-type=\"container\">\n\t\t\t\t<div class=\"elementor-element elementor-element-2368301 elementor-widget elementor-widget-shortcode\" data-id=\"2368301\" data-element_type=\"widget\" data-e-type=\"widget\" data-widget_type=\"shortcode.default\">\n\t\t\t\t\t\t\t<div class=\"elementor-shortcode\"><nav aria-label=\"breadcrumbs\" class=\"rank-math-breadcrumb\"><p><span class=\"last\">Homepage<\/span><\/p><\/nav><\/div>\n\t\t\t\t\t\t<\/div>\n\t\t\t\t<\/div>\n\t\t\t\t<div class=\"elementor-element elementor-element-251b30c heading-title-2 elementor-widget elementor-widget-heading\" data-id=\"251b30c\" data-element_type=\"widget\" data-e-type=\"widget\" data-widget_type=\"heading.default\">\n\t\t\t\t\t<h1 class=\"elementor-heading-title elementor-size-default\">Payment methods<\/h1>\t\t\t\t<\/div>\n\t\t\t\t\t<\/div>\n\t\t\t\t<\/div>\n\t\t\t\t<\/div>\n\t\t\t\t<\/div>\n\t\t<div class=\"elementor-element elementor-element-0b67804 e-flex e-con-boxed e-con e-parent\" data-id=\"0b67804\" data-element_type=\"container\" data-e-type=\"container\" data-settings=\"{&quot;background_background&quot;:&quot;classic&quot;,&quot;animation&quot;:&quot;none&quot;}\">\n\t\t\t\t\t<div class=\"e-con-inner\">\n\t\t\t\t<div class=\"elementor-element elementor-element-3f3d0e7 elementor-widget elementor-widget-text-editor\" data-id=\"3f3d0e7\" data-element_type=\"widget\" data-e-type=\"widget\" data-widget_type=\"text-editor.default\">\n\t\t\t\t\t\t\t\t\t<p class=\"p1\"><strong>Payment methods<\/strong><\/p><p class=\"p1\">For the convenience and security of our customers, we offer various online payment methods via the\u00a0<strong>Przelewy24<\/strong>. This allows you to choose the most convenient payment method for you when placing your order.<\/p><p class=\"p1\"><strong>Forms of payment available:<\/strong><\/p><p class=\"p1\"><strong>1. quick online transfer<\/strong><\/p><p class=\"p1\">Instant payment from your bank. Simply select your bank from the list, log into online banking and authorise the transfer. The system will automatically confirm the transaction - no need to manually enter your details.<\/p><p class=\"p1\"><strong>2. BLIK<\/strong><\/p><p class=\"p1\">Convenient payment via a 6-digit code generated in your bank's mobile app. Without having to log in to online banking.<\/p><p class=\"p1\"><strong>3. payment card (Visa, Mastercard, Maestro)<\/strong><\/p><p class=\"p1\">Possibility to pay by debit or credit card. Transactions are encrypted and fully secure.<\/p><p class=\"p1\"><strong>4. Google Pay and Apple Pay<\/strong><\/p><p class=\"p1\">For mobile users, we provide quick payments using Google Pay and Apple Pay - without the need to enter card details.<\/p><p class=\"p1\"><strong>5. traditional transfer<\/strong><\/p><p class=\"p1\">After placing your order, you will receive your bank transfer details. Processing of your order will begin once the payment has been credited (waiting time may be longer than with other methods).<\/p><p class=\"p1\"><strong>Payment security<\/strong><\/p><p class=\"p1\">All transactions handled by Przelewy24 are encrypted and comply with the highest security standards. Your data are protected at every stage of the payment process.<\/p>\t\t\t\t\t\t\t\t<\/div>\n\t\t\t\t\t<\/div>\n\t\t\t\t<\/div>\n\t\t\t\t<\/div>","protected":false},"excerpt":{"rendered":"<p>Metody p\u0142atno\u015bci Dla wygody i bezpiecze\u0144stwa naszych klient\u00f3w oferujemy r\u00f3\u017cne metody p\u0142atno\u015bci online za po\u015brednictwem systemu\u00a0Przelewy24. Dzi\u0119ki temu mo\u017cesz wybra\u0107 najdogodniejszy dla siebie spos\u00f3b zap\u0142aty podczas sk\u0142adania zam\u00f3wienia. Dost\u0119pne formy p\u0142atno\u015bci: 1. Szybki przelew online Natychmiastowa p\u0142atno\u015b\u0107 z Twojego banku. Wystarczy wybra\u0107 sw\u00f3j bank z listy, zalogowa\u0107 si\u0119 do bankowo\u015bci internetowej i zatwierdzi\u0107 przelew. System [&hellip;]<\/p>\n","protected":false},"author":1,"featured_media":0,"parent":0,"menu_order":0,"comment_status":"closed","ping_status":"closed","template":"","meta":{"_acf_changed":false,"footnotes":""},"class_list":["post-49796","page","type-page","status-publish","hentry"],"acf":[],"_links":{"self":[{"href":"https:\/\/stockify24.pl\/en\/wp-json\/wp\/v2\/pages\/49796","targetHints":{"allow":["GET"]}}],"collection":[{"href":"https:\/\/stockify24.pl\/en\/wp-json\/wp\/v2\/pages"}],"about":[{"href":"https:\/\/stockify24.pl\/en\/wp-json\/wp\/v2\/types\/page"}],"author":[{"embeddable":true,"href":"https:\/\/stockify24.pl\/en\/wp-json\/wp\/v2\/users\/1"}],"replies":[{"embeddable":true,"href":"https:\/\/stockify24.pl\/en\/wp-json\/wp\/v2\/comments?post=49796"}],"version-history":[{"count":1,"href":"https:\/\/stockify24.pl\/en\/wp-json\/wp\/v2\/pages\/49796\/revisions"}],"predecessor-version":[{"id":50842,"href":"https:\/\/stockify24.pl\/en\/wp-json\/wp\/v2\/pages\/49796\/revisions\/50842"}],"wp:attachment":[{"href":"https:\/\/stockify24.pl\/en\/wp-json\/wp\/v2\/media?parent=49796"}],"curies":[{"name":"wp","href":"https:\/\/api.w.org\/{rel}","templated":true}]}}