{"id":50495,"date":"2026-03-20T13:55:23","date_gmt":"2026-03-20T12:55:23","guid":{"rendered":"https:\/\/stockify24.pl\/?post_type=product&#038;p=50495"},"modified":"2026-03-30T12:29:40","modified_gmt":"2026-03-30T11:29:40","slug":"drobna-elektronika-uk-a-b-22","status":"publish","type":"product","link":"https:\/\/stockify24.pl\/en\/product\/drobna-elektronika-uk-a-b-22\/","title":{"rendered":"Minor electronics (UK) | A-B | #22"},"content":{"rendered":"<h2 data-section-id=\"xfd4zd\" data-start=\"136\" data-end=\"204\">\ud83d\udce6 Small electronics from England (UK) - Amazon Returns, A-B, 100 kg.<\/h2>\n<p data-start=\"206\" data-end=\"368\"><strong>Mix drobnej elektroniki z Anglii (UK)<\/strong> to gotowe rozwi\u0105zanie dla e-commerce, sprzeda\u017cy hurtowej oraz reseller\u00f3w, kt\u00f3rzy chc\u0105 sprzedawa\u0107 produkty o szybkim obrocie.<\/p>\n<p data-start=\"370\" data-end=\"541\">Drobna elektronika (UK) pochodzi ze zwrot\u00f3w konsumenckich Amazon (Amazon Returns) i zawiera du\u017c\u0105 ilo\u015b\u0107 drobnej elektroniki. Dzi\u0119ki temu mo\u017cesz kupi\u0107 towar taniej i sprzedawa\u0107 go z zyskiem.<\/p>\n<p data-start=\"543\" data-end=\"600\">Ka\u017cda paleta jest losowa \u2014 nie ma sta\u0142ej listy produkt\u00f3w.<\/p>\n<p data-start=\"543\" data-end=\"600\">All Amazon pallet models can be found <a href=\"https:\/\/stockify24.pl\/en\/sklep\/\"><strong>here<\/strong>.<\/a><\/p>\n<h2 data-section-id=\"1mxdqrh\" data-start=\"607\" data-end=\"650\">\ud83d\udd0c Pallet contents - small electronics<\/h2>\n<p data-start=\"652\" data-end=\"715\">The pallet contains approximately <strong data-start=\"681\" data-end=\"702\">150-200 products<\/strong>, such as:<\/p>\n<ul data-start=\"717\" data-end=\"886\">\n<li data-section-id=\"2cko63\" data-start=\"717\" data-end=\"734\">\n<p data-start=\"719\" data-end=\"734\">GSM accessories<\/p>\n<\/li>\n<li data-section-id=\"1i9syxa\" data-start=\"735\" data-end=\"756\">\n<p data-start=\"737\" data-end=\"756\">chargers and cables<\/p>\n<\/li>\n<li data-section-id=\"13b61sv\" data-start=\"757\" data-end=\"782\">\n<p data-start=\"759\" data-end=\"782\">powerbanki i adaptery<\/p>\n<\/li>\n<li data-section-id=\"x5tve1\" data-start=\"783\" data-end=\"801\">\n<p data-start=\"785\" data-end=\"801\">USB devices<\/p>\n<\/li>\n<li data-section-id=\"6uw8kl\" data-start=\"802\" data-end=\"827\">\n<p data-start=\"804\" data-end=\"827\">electronic gadgets<\/p>\n<\/li>\n<li data-section-id=\"1lxu5gy\" data-start=\"828\" data-end=\"854\">\n<p data-start=\"830\" data-end=\"854\">telephone accessories<\/p>\n<\/li>\n<li data-section-id=\"4egyp1\" data-start=\"855\" data-end=\"886\">\n<p data-start=\"857\" data-end=\"886\">other electronic products<\/p>\n<\/li>\n<\/ul>\n<p data-start=\"888\" data-end=\"943\">\ud83d\udcca Electronics accounts for about <strong data-start=\"917\" data-end=\"943\">100% pallet contents<\/strong><\/p>\n<p data-start=\"945\" data-end=\"958\">\ud83d\udd0c Power supply:<\/p>\n<ul data-start=\"959\" data-end=\"1035\">\n<li data-section-id=\"1vi9vlz\" data-start=\"959\" data-end=\"1000\">\n<p data-start=\"961\" data-end=\"1000\">About <strong data-start=\"967\" data-end=\"998\">10-25% plug-in products<\/strong><\/p>\n<\/li>\n<li data-section-id=\"1y7vxq2\" data-start=\"1001\" data-end=\"1035\">\n<p data-start=\"1003\" data-end=\"1035\">others operate through <strong data-start=\"1028\" data-end=\"1035\">USB<\/strong><\/p>\n<\/li>\n<\/ul>\n<h2 data-section-id=\"1ez4tzo\" data-start=\"1042\" data-end=\"1064\">\ud83c\udd70\ufe0f\ud83c\udd71\ufe0f Quality - A-B<\/h2>\n<p data-start=\"1066\" data-end=\"1100\">The products in this palette are mainly:<\/p>\n<ul data-start=\"1102\" data-end=\"1230\">\n<li data-section-id=\"45617g\" data-start=\"1102\" data-end=\"1137\">\n<p data-start=\"1104\" data-end=\"1137\">new or in very good condition<\/p>\n<\/li>\n<li data-section-id=\"1ydnmn3\" data-start=\"1138\" data-end=\"1174\">\n<p data-start=\"1140\" data-end=\"1174\">slight traces of use possible<\/p>\n<\/li>\n<li data-section-id=\"fy9i6y\" data-start=\"1175\" data-end=\"1230\">\n<p data-start=\"1177\" data-end=\"1230\">small amount of Class C products possible (up to 5-7%)<\/p>\n<\/li>\n<\/ul>\n<p data-start=\"1232\" data-end=\"1257\">The goods are not tested.<\/p>\n<h2 data-section-id=\"1mp0th9\" data-start=\"1264\" data-end=\"1279\">\ud83d\udcd0 Parameters<\/h2>\n<ul data-start=\"1281\" data-end=\"1436\">\n<li data-section-id=\"6t1g2j\" data-start=\"1281\" data-end=\"1307\">\n<p data-start=\"1283\" data-end=\"1307\">net weight: <strong data-start=\"1295\" data-end=\"1305\">100 kg<\/strong><\/p>\n<\/li>\n<li data-section-id=\"usyt7n\" data-start=\"1308\" data-end=\"1344\">\n<p data-start=\"1310\" data-end=\"1344\">pallet height:<strong data-start=\"1327\" data-end=\"1342\">\u00a060 cm<\/strong><\/p>\n<\/li>\n<li data-section-id=\"y43syn\" data-start=\"1345\" data-end=\"1387\">\n<p data-start=\"1347\" data-end=\"1387\">number of products: <strong data-start=\"1364\" data-end=\"1385\">approx. 150-200 pieces<\/strong><\/p>\n<\/li>\n<li data-section-id=\"1ojh24c\" data-start=\"1388\" data-end=\"1409\">\n<p data-start=\"1390\" data-end=\"1409\">composition: <strong data-start=\"1397\" data-end=\"1407\">random<\/strong><\/p>\n<\/li>\n<li data-section-id=\"dhswn8\" data-start=\"1410\" data-end=\"1436\">\n<p data-start=\"1412\" data-end=\"1436\">each pallet: <strong data-start=\"1426\" data-end=\"1434\">other<\/strong><\/p>\n<\/li>\n<\/ul>\n<p data-start=\"1438\" data-end=\"1466\">Contents depend on delivery.<\/p>\n<h2 data-section-id=\"1nzb8um\" data-start=\"2048\" data-end=\"2088\">\ud83d\udcbc Use in e-commerce and trade<\/h2>\n<p data-start=\"2090\" data-end=\"2179\"><strong>Mix drobnej elektroniki z Anglii (UK)<\/strong> Amazon sprawdza si\u0119 w modelach sprzeda\u017cy opartych na ilo\u015bci i rotacji:<\/p>\n<ul data-start=\"2181\" data-end=\"2344\">\n<li data-section-id=\"1c1wa51\" data-start=\"2181\" data-end=\"2224\">sale at <a href=\"https:\/\/allegro.pl\/\" target=\"_blank\" rel=\"noopener\">Allegro<\/a>, <a href=\"https:\/\/www.olx.pl\/\" target=\"_blank\" rel=\"noopener\">OLX<\/a>, <a href=\"https:\/\/www.ebay.com\/\" target=\"_blank\" rel=\"noopener\">eBay<\/a>, <a href=\"https:\/\/www.amazon.com\/\" target=\"_blank\" rel=\"noopener\">Amazon<\/a><\/li>\n<li data-section-id=\"1fmpn86\" data-start=\"2225\" data-end=\"2247\">webshops<\/li>\n<li data-section-id=\"gynsj7\" data-start=\"2248\" data-end=\"2281\">retail and wholesale<\/li>\n<li data-section-id=\"161gjv4\" data-start=\"2282\" data-end=\"2320\">development of own product warehouse<\/li>\n<li data-section-id=\"1fuo8gv\" data-start=\"2321\" data-end=\"2344\">extension of the offer<\/li>\n<\/ul>\n<p data-start=\"2346\" data-end=\"2462\">This solution makes it possible to increase the number of products and improve sales performance without increasing unit costs.<\/p>\n<h2 data-section-id=\"gfj1y1\" data-start=\"1754\" data-end=\"1767\">\ud83d\ude9a Delivery<\/h2>\n<ul data-start=\"1769\" data-end=\"1836\">\n<li data-section-id=\"10nvshm\" data-start=\"1769\" data-end=\"1789\">\n<p data-start=\"1771\" data-end=\"1789\">shipping from Europe<\/p>\n<\/li>\n<li data-section-id=\"wz2p5c\" data-start=\"1790\" data-end=\"1811\">\n<p data-start=\"1792\" data-end=\"1811\">rapid implementation<\/p>\n<\/li>\n<li data-section-id=\"1qo0dyy\" data-start=\"1812\" data-end=\"1836\">\n<p data-start=\"1814\" data-end=\"1836\">secure packaging<\/p>\n<\/li>\n<\/ul>\n<h2 data-section-id=\"opmkg3\" data-start=\"1843\" data-end=\"1869\">\u2139\ufe0f Additional information<\/h2>\n<ul data-start=\"1871\" data-end=\"2013\">\n<li data-section-id=\"oo8lin\" data-start=\"1871\" data-end=\"1910\">\n<p data-start=\"1873\" data-end=\"1910\">unsorted goods (Amazon Returns)<\/p>\n<\/li>\n<li data-section-id=\"1tr3r5o\" data-start=\"1911\" data-end=\"1940\">\n<p data-start=\"1913\" data-end=\"1940\">no product testing<\/p>\n<\/li>\n<li data-section-id=\"iag8fx\" data-start=\"1941\" data-end=\"1980\">\n<p data-start=\"1943\" data-end=\"1980\">possible admixture of Class C (up to 5-7%)<\/p>\n<\/li>\n<li data-section-id=\"zia6d9\" data-start=\"1981\" data-end=\"2013\">\n<p data-start=\"1983\" data-end=\"2013\">each pallet randomly packed<\/p>\n<\/li>\n<\/ul>\n<h2 data-section-id=\"1915pio\" data-start=\"2020\" data-end=\"2042\">\ud83d\udcf8 Product photos<\/h2>\n<p data-start=\"2044\" data-end=\"2121\">The photos are illustrative and show a sample mix of fine electronics from England.<\/p>","protected":false},"excerpt":{"rendered":"<p class=\"p1\">\u26a1 Oko\u0142o 100% elektroniki<\/p>\n<p class=\"p1\">\ud83c\uddec\ud83c\udde7 UK<\/p>\n<p class=\"p1\">\ud83d\udd25 Amazon Returns<\/p>\n<p class=\"p1\" style=\"text-align: left;\">\u2714\ufe0f Jako\u015b\u0107 A\u2013B<\/p>","protected":false},"featured_media":50496,"comment_status":"open","ping_status":"closed","template":"","meta":{"_acf_changed":false},"product_brand":[],"product_cat":[1258,1282],"product_tag":[1280],"class_list":{"0":"post-50495","1":"product","2":"type-product","3":"status-publish","4":"has-post-thumbnail","6":"product_cat-amazon-paleta","7":"product_cat-drobna-elektronika-uk-amazon-returns-ab","8":"product_tag-paleta-mix-elektroniki-z-anglii","10":"first","11":"instock","12":"sold-individually","13":"taxable","14":"shipping-taxable","15":"purchasable","16":"product-type-simple"},"acf":[],"_links":{"self":[{"href":"https:\/\/stockify24.pl\/en\/wp-json\/wp\/v2\/product\/50495","targetHints":{"allow":["GET"]}}],"collection":[{"href":"https:\/\/stockify24.pl\/en\/wp-json\/wp\/v2\/product"}],"about":[{"href":"https:\/\/stockify24.pl\/en\/wp-json\/wp\/v2\/types\/product"}],"replies":[{"embeddable":true,"href":"https:\/\/stockify24.pl\/en\/wp-json\/wp\/v2\/comments?post=50495"}],"wp:featuredmedia":[{"embeddable":true,"href":"https:\/\/stockify24.pl\/en\/wp-json\/wp\/v2\/media\/50496"}],"wp:attachment":[{"href":"https:\/\/stockify24.pl\/en\/wp-json\/wp\/v2\/media?parent=50495"}],"wp:term":[{"taxonomy":"product_brand","embeddable":true,"href":"https:\/\/stockify24.pl\/en\/wp-json\/wp\/v2\/product_brand?post=50495"},{"taxonomy":"product_cat","embeddable":true,"href":"https:\/\/stockify24.pl\/en\/wp-json\/wp\/v2\/product_cat?post=50495"},{"taxonomy":"product_tag","embeddable":true,"href":"https:\/\/stockify24.pl\/en\/wp-json\/wp\/v2\/product_tag?post=50495"}],"curies":[{"name":"wp","href":"https:\/\/api.w.org\/{rel}","templated":true}]}}