{"id":50655,"date":"2026-03-23T09:55:21","date_gmt":"2026-03-23T08:55:21","guid":{"rendered":"https:\/\/stockify24.pl\/?post_type=product&#038;p=50655"},"modified":"2026-03-30T12:40:11","modified_gmt":"2026-03-30T11:40:11","slug":"drobna-elektronika-uk-3","status":"publish","type":"product","link":"https:\/\/stockify24.pl\/en\/product\/drobna-elektronika-uk-3\/","title":{"rendered":"Small electronics (UK) | A-B | A-B | A-B | A-B."},"content":{"rendered":"<div class=\"flex flex-col text-sm pb-25\">\n<section class=\"text-token-text-primary w-full focus:outline-none [--shadow-height:45px] has-data-writing-block:pointer-events-none has-data-writing-block:-mt-(--shadow-height) has-data-writing-block:pt-(--shadow-height) [&amp;:has([data-writing-block])&gt;*]:pointer-events-auto scroll-mt-[calc(var(--header-height)+min(200px,max(70px,20svh)))]\" dir=\"auto\" data-turn-id=\"request-69b8245d-0030-838e-b654-ccb872ba6f51-25\" data-testid=\"conversation-turn-200\" data-scroll-anchor=\"true\" data-turn=\"assistant\">\n<div class=\"text-base my-auto mx-auto pb-10 [--thread-content-margin:var(--thread-content-margin-xs,calc(var(--spacing)*4))] @w-sm\/main:[--thread-content-margin:var(--thread-content-margin-sm,calc(var(--spacing)*6))] @w-lg\/main:[--thread-content-margin:var(--thread-content-margin-lg,calc(var(--spacing)*16))] px-(--thread-content-margin)\">\n<div class=\"[--thread-content-max-width:40rem] @w-lg\/main:[--thread-content-max-width:48rem] mx-auto max-w-(--thread-content-max-width) flex-1 group\/turn-messages focus-visible:outline-hidden relative flex w-full min-w-0 flex-col agent-turn\">\n<div class=\"flex max-w-full flex-col gap-4 grow\">\n<div class=\"min-h-8 text-message relative flex w-full flex-col items-end gap-2 text-start break-words whitespace-normal outline-none keyboard-focused:focus-ring [.text-message+&amp;]:mt-1\" dir=\"auto\" tabindex=\"0\" data-message-author-role=\"assistant\" data-message-id=\"ed8abcdd-be0d-4615-88f1-9a47a52c2d16\" data-message-model-slug=\"gpt-5-3\" data-turn-start-message=\"true\">\n<div class=\"flex w-full flex-col gap-1 empty:hidden\">\n<div class=\"markdown prose dark:prose-invert w-full wrap-break-word dark markdown-new-styling\">\n<div class=\"flex h-svh w-screen flex-col\">\n<div class=\"relative z-0 flex min-h-0 w-full flex-1\">\n<div class=\"relative flex min-h-0 w-full flex-1\">\n<div class=\"@container\/main relative flex min-w-0 flex-1 flex-col -translate-y-[calc(env(safe-area-inset-bottom,0px)\/2)] pt-[calc(env(safe-area-inset-bottom,0px)\/2)]\">\n<div class=\"@w-sm\/main:[scrollbar-gutter:var(--stage-scroll-gutter)] touch:[scrollbar-width:none] group\/scroll-root relative flex min-h-0 min-w-0 flex-1 flex-col [scrollbar-gutter:stable] not-print:overflow-x-clip not-print:overflow-y-auto group-data-stream-active\/scroll-root:[overflow-anchor:none] scroll-pt-(--header-height) [--sticky-padding-top:var(--header-height)] [--sticky-padding-bottom:0px] [--scroll-root-safe-area-inset-top:calc(var(--sticky-padding-top)+env(safe-area-inset-top,0px))] [--scroll-root-safe-area-inset-bottom:calc(var(--sticky-padding-bottom)+var(--screen-keyboard-height,0px)+env(safe-area-inset-bottom,0px))] [--scroll-root-safe-area-height:calc(100lvh-var(--scroll-root-safe-area-inset-top)-var(--scroll-root-safe-area-inset-bottom))] has-data-[fixed-header=less-than-xl]:@w-xl\/main:scroll-pt-0 has-data-[fixed-header=less-than-xl]:@w-xl\/main:[--sticky-padding-top:0px] has-data-[fixed-header=less-than-xxl]:@w-2xl\/main:scroll-pt-0 has-data-[fixed-header=less-than-xxl]:@w-2xl\/main:[--sticky-padding-top:0px]\" data-scroll-root=\"\" data-scroll-from-top=\"\">\n<h2 data-section-id=\"1sy30hc\" data-start=\"0\" data-end=\"95\">\ud83d\udce6 Drobna elektronika z Anglii (UK) \u2013 Amazon Returns A\u2013B<\/h2>\n<p data-start=\"97\" data-end=\"280\"><strong data-start=\"97\" data-end=\"141\">Paleta drobnej elektroniki z Anglii (UK)<\/strong> to efektywne rozwi\u0105zanie dla <strong data-start=\"171\" data-end=\"185\">e-commerce<\/strong>, sprzeda\u017cy online oraz reseller\u00f3w, kt\u00f3rzy stawiaj\u0105 na <strong data-start=\"240\" data-end=\"279\">szybki obr\u00f3t towarem i wysok\u0105 mar\u017c\u0119<\/strong>.<\/p>\n<p data-start=\"282\" data-end=\"504\">Towar pochodzi z <strong data-start=\"299\" data-end=\"346\">Amazon Returns (zwroty konsumenckie Amazon)<\/strong> i obejmuje szeroki zakres produkt\u00f3w elektronicznych. Zakup w tej formie umo\u017cliwia <strong data-start=\"429\" data-end=\"461\">optymalizacj\u0119 koszt\u00f3w zakupu<\/strong> oraz zwi\u0119kszenie potencja\u0142u sprzeda\u017cowego.<\/p>\n<p data-start=\"506\" data-end=\"612\">Ka\u017cda paleta posiada <strong data-start=\"527\" data-end=\"553\">losowy, unikalny sk\u0142ad<\/strong>, co zwi\u0119ksza mo\u017cliwo\u015bci dywersyfikacji oferty i sprzeda\u017cy.<\/p>\n<h2 data-section-id=\"1mxdqrh\" data-start=\"619\" data-end=\"662\">\ud83d\udd0c Zawarto\u015b\u0107 palety \u2013 drobna elektronika<\/h2>\n<p data-start=\"664\" data-end=\"735\">W jednej palecie znajduje si\u0119 oko\u0142o <strong data-start=\"700\" data-end=\"727\">150\u2013200 sztuk produkt\u00f3w<\/strong>, w tym:<\/p>\n<ul data-start=\"737\" data-end=\"884\">\n<li data-section-id=\"1lxu5gy\" data-start=\"737\" data-end=\"763\">akcesoria do telefon\u00f3w<\/li>\n<li data-section-id=\"1i9syxa\" data-start=\"764\" data-end=\"785\">\u0142adowarki i kable<\/li>\n<li data-section-id=\"l9fl3s\" data-start=\"786\" data-end=\"800\">powerbanki<\/li>\n<li data-section-id=\"x5tve1\" data-start=\"801\" data-end=\"819\">urz\u0105dzenia USB<\/li>\n<li data-section-id=\"6uw8kl\" data-start=\"820\" data-end=\"845\">gad\u017cety elektroniczne<\/li>\n<li data-section-id=\"1twfs51\" data-start=\"846\" data-end=\"884\">inne drobne produkty elektroniczne<\/li>\n<\/ul>\n<p data-start=\"886\" data-end=\"941\">\ud83d\udcca <strong data-start=\"889\" data-end=\"941\">Elektronika stanowi oko\u0142o 100% zawarto\u015bci palety<\/strong><\/p>\n<h2 data-section-id=\"i2b0i5\" data-start=\"948\" data-end=\"972\">\u26a1 Zasilanie produkt\u00f3w<\/h2>\n<ul data-start=\"974\" data-end=\"1078\">\n<li data-section-id=\"1oss70j\" data-start=\"974\" data-end=\"1034\">oko\u0142o <strong data-start=\"982\" data-end=\"1002\">10\u201325% produkt\u00f3w<\/strong> zasilanych sieciowo (wtyczka)<\/li>\n<li data-section-id=\"1ekh2hs\" data-start=\"1035\" data-end=\"1078\">pozosta\u0142e produkty dzia\u0142aj\u0105 przez <strong data-start=\"1071\" data-end=\"1078\">USB<\/strong><\/li>\n<\/ul>\n<h2 data-section-id=\"1ytwfss\" data-start=\"1085\" data-end=\"1121\">\ud83c\udd70\ufe0f\ud83c\udd71\ufe0f Stan produkt\u00f3w \u2013 klasa A\u2013B<\/h2>\n<p data-start=\"1123\" data-end=\"1176\">Paleta zawiera produkty w klasie <strong data-start=\"1156\" data-end=\"1163\">A\u2013B<\/strong>, co oznacza:<\/p>\n<ul data-start=\"1178\" data-end=\"1345\">\n<li data-section-id=\"clit29\" data-start=\"1178\" data-end=\"1242\">wi\u0119kszo\u015b\u0107 produkt\u00f3w jest <strong data-start=\"1205\" data-end=\"1240\">nowa lub w bardzo dobrym stanie<\/strong><\/li>\n<li data-section-id=\"1cs33aq\" data-start=\"1243\" data-end=\"1286\">mo\u017cliwe <strong data-start=\"1253\" data-end=\"1284\">minimalne \u015blady u\u017cytkowania<\/strong><\/li>\n<li data-section-id=\"147qcmr\" data-start=\"1287\" data-end=\"1345\">dopuszczalna niewielka domieszka klasy C (<strong data-start=\"1331\" data-end=\"1342\">do 5\u20137%<\/strong>)<\/li>\n<\/ul>\n<p data-start=\"1347\" data-end=\"1378\">\ud83d\udccc Towar <strong data-start=\"1356\" data-end=\"1378\">nie jest testowany<\/strong><\/p>\n<h2 data-section-id=\"1dsek5o\" data-start=\"1385\" data-end=\"1410\">\ud83d\udcd0 Specyfikacja palety<\/h2>\n<ul data-start=\"1412\" data-end=\"1522\">\n<li data-section-id=\"10mhmd1\" data-start=\"1412\" data-end=\"1450\">ilo\u015b\u0107 produkt\u00f3w: <strong data-start=\"1431\" data-end=\"1448\">150\u2013200 sztuk<\/strong><\/li>\n<li data-section-id=\"dmq7in\" data-start=\"1451\" data-end=\"1485\">wysoko\u015b\u0107 palety: <strong data-start=\"1470\" data-end=\"1483\">60 cm<\/strong><\/li>\n<li data-section-id=\"1p3t42g\" data-start=\"1486\" data-end=\"1522\">sk\u0142ad: <strong data-start=\"1495\" data-end=\"1520\">losowy i zr\u00f3\u017cnicowany<\/strong><\/li>\n<\/ul>\n<p data-start=\"1524\" data-end=\"1555\">Ka\u017cda paleta jest <strong data-start=\"1542\" data-end=\"1554\">unikalna<\/strong>.<\/p>\n<h2 data-section-id=\"12z5qn1\" data-start=\"1322\" data-end=\"1347\"><img decoding=\"async\" class=\"emoji\" role=\"img\" draggable=\"false\" src=\"https:\/\/s.w.org\/images\/core\/emoji\/17.0.2\/svg\/1f4bc.svg\" alt=\"\ud83d\udcbc\" \/>\u00a0Do czego si\u0119 nadaje<\/h2>\n<p data-start=\"1594\" data-end=\"1651\">Paleta elektroniki idealnie sprawdzi si\u0119 dla os\u00f3b, kt\u00f3re:<\/p>\n<ul data-start=\"1653\" data-end=\"1815\">\n<li data-section-id=\"4yq4hc\" data-start=\"1653\" data-end=\"1694\">sprzedaj\u0105 na <a href=\"https:\/\/allegro.pl\/\" target=\"_blank\" rel=\"noopener\">Allegro<\/a>, <a href=\"https:\/\/www.olx.pl\/\" target=\"_blank\" rel=\"noopener\">OLX<\/a>, <a href=\"https:\/\/www.ebay.com\/\" target=\"_blank\" rel=\"noopener\">eBay<\/a>, <a href=\"https:\/\/www.amazon.com\/\" target=\"_blank\" rel=\"noopener\">Amazon<\/a><\/li>\n<li data-section-id=\"1hzmo0j\" data-start=\"1695\" data-end=\"1729\">prowadz\u0105 sklep internetowy<\/li>\n<li data-section-id=\"12h7iar\" data-start=\"1730\" data-end=\"1767\">sprzedaj\u0105 produkty pojedynczo<\/li>\n<li data-section-id=\"9iwne9\" data-start=\"1768\" data-end=\"1815\">poszukuj\u0105 towaru do dalszej odsprzeda\u017cy<\/li>\n<\/ul>\n<p data-start=\"1817\" data-end=\"1890\">Du\u017ca ilo\u015b\u0107 produkt\u00f3w umo\u017cliwia <strong data-start=\"1848\" data-end=\"1889\">skalowanie sprzeda\u017cy w kr\u00f3tkim czasie<\/strong>.<\/p>\n<h2 data-section-id=\"pkeej4\" data-start=\"1897\" data-end=\"1923\">\ud83d\ude9a Dostawa i realizacja<\/h2>\n<ul data-start=\"1925\" data-end=\"2001\">\n<li data-section-id=\"10nvshm\" data-start=\"1925\" data-end=\"1945\">wysy\u0142ka z Europy<\/li>\n<li data-section-id=\"igemay\" data-start=\"1946\" data-end=\"1976\">szybka realizacja zam\u00f3wie\u0144<\/li>\n<li data-section-id=\"1qo0dyy\" data-start=\"1977\" data-end=\"2001\">bezpieczne pakowanie<\/li>\n<\/ul>\n<h2 data-section-id=\"p6kgem\" data-start=\"2008\" data-end=\"2030\">\u2139\ufe0f Wa\u017cne informacje<\/h2>\n<ul data-start=\"2032\" data-end=\"2193\">\n<li data-section-id=\"1rrhtk7\" data-start=\"2032\" data-end=\"2080\">towar typu <strong data-start=\"2045\" data-end=\"2078\">Amazon Returns (niesortowany)<\/strong><\/li>\n<li data-section-id=\"vpxobm\" data-start=\"2081\" data-end=\"2114\">produkty <strong data-start=\"2092\" data-end=\"2112\">nie s\u0105 testowane<\/strong><\/li>\n<li data-section-id=\"4a0pj1\" data-start=\"2115\" data-end=\"2158\">mo\u017cliwa domieszka klasy C (<strong data-start=\"2144\" data-end=\"2155\">do 5\u20137%<\/strong>)<\/li>\n<li data-section-id=\"1ik6o8t\" data-start=\"2159\" data-end=\"2193\">ka\u017cda paleta pakowana <strong data-start=\"2183\" data-end=\"2193\">losowo<\/strong><\/li>\n<\/ul>\n<h2 data-section-id=\"1915pio\" data-start=\"2200\" data-end=\"2222\">\ud83d\udcf8 Zdj\u0119cia produktu<\/h2>\n<p data-start=\"2224\" data-end=\"2306\">Zdj\u0119cia maj\u0105 charakter <strong data-start=\"2247\" data-end=\"2260\">pogl\u0105dowy<\/strong> i przedstawiaj\u0105 przyk\u0142adow\u0105 zawarto\u015b\u0107 palety.<\/p>\n<p data-start=\"2224\" data-end=\"2306\">Wszystkie modele palet Amazon mo\u017cna znale\u017a\u0107 <a href=\"https:\/\/stockify24.pl\/sklep\/\"><strong>tutaj<\/strong>.<\/a><\/p>\n<\/div>\n<\/div>\n<\/div>\n<\/div>\n<\/div>\n<\/div>\n<\/div>\n<\/div>\n<\/div>\n<\/div>\n<\/div>\n<\/section>\n<\/div>\n","protected":false},"excerpt":{"rendered":"<p class=\"p1\">\u26a1 Oko\u0142o 100% elektroniki<\/p>\n<p class=\"p1\">\ud83c\uddec\ud83c\udde7 UK<\/p>\n<p class=\"p1\">\ud83d\udd25 Amazon Returns<\/p>\n<p class=\"p1\" style=\"text-align: left;\">\u2714\ufe0f Jako\u015b\u0107 A\u2013B<\/p>","protected":false},"featured_media":50381,"comment_status":"open","ping_status":"closed","template":"","meta":{"_acf_changed":false},"product_brand":[],"product_cat":[1258,1282],"product_tag":[1280],"class_list":{"0":"post-50655","1":"product","2":"type-product","3":"status-publish","4":"has-post-thumbnail","6":"product_cat-amazon-paleta","7":"product_cat-drobna-elektronika-uk-amazon-returns-ab","8":"product_tag-paleta-mix-elektroniki-z-anglii","10":"first","11":"instock","12":"sold-individually","13":"taxable","14":"shipping-taxable","15":"purchasable","16":"product-type-simple"},"acf":[],"_links":{"self":[{"href":"https:\/\/stockify24.pl\/en\/wp-json\/wp\/v2\/product\/50655","targetHints":{"allow":["GET"]}}],"collection":[{"href":"https:\/\/stockify24.pl\/en\/wp-json\/wp\/v2\/product"}],"about":[{"href":"https:\/\/stockify24.pl\/en\/wp-json\/wp\/v2\/types\/product"}],"replies":[{"embeddable":true,"href":"https:\/\/stockify24.pl\/en\/wp-json\/wp\/v2\/comments?post=50655"}],"wp:featuredmedia":[{"embeddable":true,"href":"https:\/\/stockify24.pl\/en\/wp-json\/wp\/v2\/media\/50381"}],"wp:attachment":[{"href":"https:\/\/stockify24.pl\/en\/wp-json\/wp\/v2\/media?parent=50655"}],"wp:term":[{"taxonomy":"product_brand","embeddable":true,"href":"https:\/\/stockify24.pl\/en\/wp-json\/wp\/v2\/product_brand?post=50655"},{"taxonomy":"product_cat","embeddable":true,"href":"https:\/\/stockify24.pl\/en\/wp-json\/wp\/v2\/product_cat?post=50655"},{"taxonomy":"product_tag","embeddable":true,"href":"https:\/\/stockify24.pl\/en\/wp-json\/wp\/v2\/product_tag?post=50655"}],"curies":[{"name":"wp","href":"https:\/\/api.w.org\/{rel}","templated":true}]}}