{"id":50702,"date":"2026-03-23T13:30:14","date_gmt":"2026-03-23T12:30:14","guid":{"rendered":"https:\/\/stockify24.pl\/?post_type=product&#038;p=50702"},"modified":"2026-03-30T12:49:10","modified_gmt":"2026-03-30T11:49:10","slug":"paleta-tekstyliow-domowych-kategoria-a-3","status":"publish","type":"product","link":"https:\/\/stockify24.pl\/en\/product\/paleta-tekstyliow-domowych-kategoria-a-3\/","title":{"rendered":"Home textiles | Category A | #3"},"content":{"rendered":"<div class=\"flex flex-col text-sm pb-25\">\n<section class=\"text-token-text-primary w-full focus:outline-none [--shadow-height:45px] has-data-writing-block:pointer-events-none has-data-writing-block:-mt-(--shadow-height) has-data-writing-block:pt-(--shadow-height) [&amp;:has([data-writing-block])&gt;*]:pointer-events-auto scroll-mt-[calc(var(--header-height)+min(200px,max(70px,20svh)))]\" dir=\"auto\" data-turn-id=\"request-69b8245d-0030-838e-b654-ccb872ba6f51-25\" data-testid=\"conversation-turn-200\" data-scroll-anchor=\"true\" data-turn=\"assistant\">\n<div class=\"text-base my-auto mx-auto pb-10 [--thread-content-margin:var(--thread-content-margin-xs,calc(var(--spacing)*4))] @w-sm\/main:[--thread-content-margin:var(--thread-content-margin-sm,calc(var(--spacing)*6))] @w-lg\/main:[--thread-content-margin:var(--thread-content-margin-lg,calc(var(--spacing)*16))] px-(--thread-content-margin)\">\n<div class=\"[--thread-content-max-width:40rem] @w-lg\/main:[--thread-content-max-width:48rem] mx-auto max-w-(--thread-content-max-width) flex-1 group\/turn-messages focus-visible:outline-hidden relative flex w-full min-w-0 flex-col agent-turn\">\n<div class=\"flex max-w-full flex-col gap-4 grow\">\n<div class=\"min-h-8 text-message relative flex w-full flex-col items-end gap-2 text-start break-words whitespace-normal outline-none keyboard-focused:focus-ring [.text-message+&amp;]:mt-1\" dir=\"auto\" tabindex=\"0\" data-message-author-role=\"assistant\" data-message-id=\"ed8abcdd-be0d-4615-88f1-9a47a52c2d16\" data-message-model-slug=\"gpt-5-3\" data-turn-start-message=\"true\">\n<div class=\"flex w-full flex-col gap-1 empty:hidden\">\n<div class=\"markdown prose dark:prose-invert w-full wrap-break-word dark markdown-new-styling\">\n<div class=\"flex h-svh w-screen flex-col\">\n<div class=\"relative z-0 flex min-h-0 w-full flex-1\">\n<div class=\"relative flex min-h-0 w-full flex-1\">\n<div class=\"@container\/main relative flex min-w-0 flex-1 flex-col -translate-y-[calc(env(safe-area-inset-bottom,0px)\/2)] pt-[calc(env(safe-area-inset-bottom,0px)\/2)]\">\n<div class=\"@w-sm\/main:[scrollbar-gutter:var(--stage-scroll-gutter)] touch:[scrollbar-width:none] group\/scroll-root relative flex min-h-0 min-w-0 flex-1 flex-col [scrollbar-gutter:stable] not-print:overflow-x-clip not-print:overflow-y-auto group-data-stream-active\/scroll-root:[overflow-anchor:none] scroll-pt-(--header-height) [--sticky-padding-top:var(--header-height)] [--sticky-padding-bottom:0px] [--scroll-root-safe-area-inset-top:calc(var(--sticky-padding-top)+env(safe-area-inset-top,0px))] [--scroll-root-safe-area-inset-bottom:calc(var(--sticky-padding-bottom)+var(--screen-keyboard-height,0px)+env(safe-area-inset-bottom,0px))] [--scroll-root-safe-area-height:calc(100lvh-var(--scroll-root-safe-area-inset-top)-var(--scroll-root-safe-area-inset-bottom))] has-data-[fixed-header=less-than-xl]:@w-xl\/main:scroll-pt-0 has-data-[fixed-header=less-than-xl]:@w-xl\/main:[--sticky-padding-top:0px] has-data-[fixed-header=less-than-xxl]:@w-2xl\/main:scroll-pt-0 has-data-[fixed-header=less-than-xxl]:@w-2xl\/main:[--sticky-padding-top:0px]\" data-scroll-root=\"\" data-scroll-from-top=\"\">\n<div class=\"relative basis-auto flex-col -mb-(--composer-overlap-px) pb-(--composer-overlap-px) [--composer-overlap-px:28px] grow flex\">\n<div class=\"flex flex-col text-sm\">\n<section class=\"text-token-text-primary w-full focus:outline-none [--shadow-height:45px] has-data-writing-block:pointer-events-none has-data-writing-block:-mt-(--shadow-height) has-data-writing-block:pt-(--shadow-height) [&amp;:has([data-writing-block])&gt;*]:pointer-events-auto scroll-mt-[calc(var(--header-height)+min(200px,max(70px,20svh)))]\" dir=\"auto\" data-turn-id=\"request-WEB:cc509de0-714c-4653-ad32-6b5e125a8411-7\" data-testid=\"conversation-turn-10\" data-scroll-anchor=\"true\" data-turn=\"assistant\">\n<div class=\"text-base my-auto mx-auto pb-10 [--thread-content-margin:var(--thread-content-margin-xs,calc(var(--spacing)*4))] @w-sm\/main:[--thread-content-margin:var(--thread-content-margin-sm,calc(var(--spacing)*6))] @w-lg\/main:[--thread-content-margin:var(--thread-content-margin-lg,calc(var(--spacing)*16))] px-(--thread-content-margin)\">\n<div class=\"[--thread-content-max-width:40rem] @w-lg\/main:[--thread-content-max-width:48rem] mx-auto max-w-(--thread-content-max-width) flex-1 group\/turn-messages focus-visible:outline-hidden relative flex w-full min-w-0 flex-col agent-turn\">\n<div class=\"flex max-w-full flex-col gap-4 grow\">\n<div class=\"min-h-8 text-message relative flex w-full flex-col items-end gap-2 text-start break-words whitespace-normal outline-none keyboard-focused:focus-ring [.text-message+&amp;]:mt-1\" dir=\"auto\" tabindex=\"0\" data-message-author-role=\"assistant\" data-message-id=\"cfa6deea-8ce4-4542-9cf9-48a3b1cdbe9a\" data-message-model-slug=\"gpt-5-3\" data-turn-start-message=\"true\">\n<div class=\"flex w-full flex-col gap-1 empty:hidden\">\n<div class=\"markdown prose dark:prose-invert w-full wrap-break-word dark markdown-new-styling\">\n<h2 data-section-id=\"blbczb\" data-start=\"0\" data-end=\"74\">\u2728 Paleta tekstyli\u00f3w domowych 123 kg \u2013 mix produkt\u00f3w do sprzeda\u017cy online<\/h2>\n<p data-start=\"76\" data-end=\"414\"><strong data-start=\"76\" data-end=\"113\">Paleta tekstyli\u00f3w domowych 123 kg<\/strong> to gotowy zestaw produkt\u00f3w dla e-commerce, sprzeda\u017cy hurtowej i reseller\u00f3w, kt\u00f3rzy potrzebuj\u0105 towaru do kategorii dom i wn\u0119trze.<\/p>\n<p data-start=\"76\" data-end=\"414\">Zawarto\u015b\u0107 obejmuje szeroki wyb\u00f3r tekstyli\u00f3w codziennego u\u017cytku, kt\u00f3re utrzymuj\u0105 sta\u0142e zainteresowanie klient\u00f3w i sprawdzaj\u0105 si\u0119 w sprzeda\u017cy na r\u00f3\u017cnych platformach.<\/p>\n<p data-start=\"416\" data-end=\"691\">Towar pochodzi ze zwrot\u00f3w konsumenckich (Amazon Returns i inne kana\u0142y dystrybucji) i oferowany jest jako paleta niesortowana. Ka\u017cda paleta ma <strong data-start=\"566\" data-end=\"582\">losowy sk\u0142ad<\/strong>, bez listy produkt\u00f3w, co oznacza zmienno\u015b\u0107 asortymentu i mo\u017cliwo\u015b\u0107 ci\u0105g\u0142ego od\u015bwie\u017cania oferty sprzeda\u017cowej.<\/p>\n<p data-start=\"416\" data-end=\"691\">Wszystkie modele palet Amazon mo\u017cna znale\u017a\u0107 <a href=\"https:\/\/stockify24.pl\/sklep\/\"><strong>tutaj<\/strong>.<\/a><\/p>\n<h2 data-section-id=\"1kw2o3f\" data-start=\"698\" data-end=\"739\">\ud83d\udce6 Zawarto\u015b\u0107 palety \u2013 tekstylia domowe<\/h2>\n<p data-start=\"741\" data-end=\"835\">Paleta zawiera <strong data-start=\"756\" data-end=\"783\">mix tekstyli\u00f3w domowych<\/strong>, kt\u00f3re mo\u017cna sprzedawa\u0107 pojedynczo lub w zestawach:<\/p>\n<p data-start=\"837\" data-end=\"946\">\ud83e\uddfa r\u0119czniki<br data-start=\"848\" data-end=\"851\" \/>\ud83d\udecc po\u015bciel<br data-start=\"861\" data-end=\"864\" \/>\ud83e\uddfc dywaniki<br data-start=\"875\" data-end=\"878\" \/>tekstylia do \u0142azienki i sypialni<br data-start=\"910\" data-end=\"913\" \/>inne produkty tekstylne do domu<\/p>\n<p data-start=\"948\" data-end=\"1063\">Zawarto\u015b\u0107 obejmuje produkty u\u017cywane na co dzie\u0144, co pozwala budowa\u0107 ofert\u0119 dopasowan\u0105 do szerokiego rynku klient\u00f3w.<\/p>\n<p data-start=\"1065\" data-end=\"1183\">\ud83d\udcca <strong data-start=\"1068\" data-end=\"1088\">Tekstylia domowe<\/strong> to jedna z najcz\u0119\u015bciej kupowanych kategorii w e-commerce, co u\u0142atwia sprzeda\u017c i rozw\u00f3j oferty.<\/p>\n<h2 data-section-id=\"1eguqcd\" data-start=\"1190\" data-end=\"1206\">\u2b50 Kategoria A<\/h2>\n<ul data-start=\"1208\" data-end=\"1317\">\n<li data-section-id=\"clit29\" data-start=\"1208\" data-end=\"1272\">wi\u0119kszo\u015b\u0107 produkt\u00f3w jest <strong data-start=\"1235\" data-end=\"1270\">nowa lub w bardzo dobrym stanie<\/strong><\/li>\n<li data-section-id=\"11jm3e0\" data-start=\"1273\" data-end=\"1317\">mo\u017cliwy niewielki udzia\u0142 kategorii B<\/li>\n<\/ul>\n<p data-start=\"1319\" data-end=\"1394\">\ud83d\udd39 produkty mog\u0105 posiada\u0107 drobne \u015blady wynikaj\u0105ce z transportu lub zwrotu<\/p>\n<p data-start=\"1396\" data-end=\"1459\">\ud83d\udccc Towar nie jest testowany i pochodzi ze zwrot\u00f3w konsumenckich<\/p>\n<h2 data-section-id=\"1qlz9cg\" data-start=\"1466\" data-end=\"1498\">\ud83d\udcd0 Specyfikacja palety<\/h2>\n<ul data-start=\"1500\" data-end=\"1603\">\n<li data-section-id=\"aflvvp\" data-start=\"1500\" data-end=\"1537\">waga palety netto: <strong data-start=\"1521\" data-end=\"1535\">123 kg<\/strong><\/li>\n<li data-section-id=\"x5ht3c\" data-start=\"1538\" data-end=\"1571\">typ: <strong data-start=\"1545\" data-end=\"1569\">tekstylia domowe mix<\/strong><\/li>\n<li data-section-id=\"p80nlj\" data-start=\"1572\" data-end=\"1603\">sk\u0142ad: <strong data-start=\"1581\" data-end=\"1601\">losowy i zmienny<\/strong><\/li>\n<\/ul>\n<p data-start=\"1605\" data-end=\"1712\">Ka\u017cda paleta jest unikalna i zawiera inny zestaw produkt\u00f3w, co pozwala stale uzupe\u0142nia\u0107 ofert\u0119 sprzeda\u017cow\u0105.<\/p>\n<h2 data-section-id=\"l5lpbi\" data-start=\"1719\" data-end=\"1761\">\ud83d\udcbc Zastosowanie \u2013 sprzeda\u017c i odsprzeda\u017c<\/h2>\n<p data-start=\"1763\" data-end=\"1831\">Paleta tekstyli\u00f3w domowych 123 kg jest przeznaczona dla os\u00f3b, kt\u00f3re:<\/p>\n<ul data-start=\"1833\" data-end=\"2026\">\n<li data-section-id=\"4yq4hc\" data-start=\"1833\" data-end=\"1874\">sprzedaj\u0105 na Allegro, OLX, Amazon<\/li>\n<li data-section-id=\"1hxtzkm\" data-start=\"1875\" data-end=\"1910\">prowadz\u0105 sklepy internetowe<\/li>\n<li data-section-id=\"1mxb40z\" data-start=\"1911\" data-end=\"1942\">oferuj\u0105 produkty pojedynczo<\/li>\n<li data-section-id=\"1006u0q\" data-start=\"1943\" data-end=\"1984\">rozwijaj\u0105 dzia\u0142alno\u015b\u0107 resellersk\u0105<\/li>\n<li data-section-id=\"11juonu\" data-start=\"1985\" data-end=\"2026\">szukaj\u0105 towaru do dalszej odsprzeda\u017cy<\/li>\n<\/ul>\n<p data-start=\"2028\" data-end=\"2135\">Produkty tekstylne s\u0105 stale poszukiwane przez klient\u00f3w, co umo\u017cliwia szybkie wprowadzanie ich do sprzeda\u017cy.<\/p>\n<h2 data-section-id=\"14nr1um\" data-start=\"2142\" data-end=\"2168\">\ud83d\udcc8 Korzy\u015bci sprzeda\u017cowe<\/h2>\n<ul data-start=\"2170\" data-end=\"2432\">\n<li data-section-id=\"15p4p7r\" data-start=\"2170\" data-end=\"2234\">dost\u0119p do szerokiego asortymentu tekstyli\u00f3w w jednym zakupie<\/li>\n<li data-section-id=\"1vyt2jm\" data-start=\"2235\" data-end=\"2287\">mo\u017cliwo\u015b\u0107 sprzeda\u017cy w wielu kategoriach domowych<\/li>\n<li data-section-id=\"8esk74\" data-start=\"2288\" data-end=\"2330\">zwi\u0119kszenie liczby ofert sprzeda\u017cowych<\/li>\n<li data-section-id=\"173sf5e\" data-start=\"2331\" data-end=\"2384\">mo\u017cliwo\u015b\u0107 tworzenia zestaw\u00f3w i pakiet\u00f3w produkt\u00f3w<\/li>\n<li data-section-id=\"z4myna\" data-start=\"2385\" data-end=\"2432\">dopasowanie oferty do r\u00f3\u017cnych grup klient\u00f3w<\/li>\n<\/ul>\n<p data-start=\"2434\" data-end=\"2518\">Zr\u00f3\u017cnicowany sk\u0142ad palety pozwala dzia\u0142a\u0107 w r\u00f3\u017cnych segmentach rynku bez ogranicze\u0144.<\/p>\n<h2 data-section-id=\"m785xy\" data-start=\"2525\" data-end=\"2551\">\ud83d\uded2 Mo\u017cliwo\u015bci sprzeda\u017cy<\/h2>\n<p data-start=\"2553\" data-end=\"2580\">Zawarto\u015b\u0107 palety umo\u017cliwia:<\/p>\n<ul data-start=\"2582\" data-end=\"2762\">\n<li data-section-id=\"eaedyo\" data-start=\"2582\" data-end=\"2617\">sprzeda\u017c pojedynczych produkt\u00f3w<\/li>\n<li data-section-id=\"1cakrt4\" data-start=\"2618\" data-end=\"2660\">tworzenie zestaw\u00f3w tekstyli\u00f3w domowych<\/li>\n<li data-section-id=\"1396ly6\" data-start=\"2661\" data-end=\"2721\">sprzeda\u017c w r\u00f3\u017cnych kategoriach: \u0142azienka, sypialnia, dom<\/li>\n<li data-section-id=\"rttp6p\" data-start=\"2722\" data-end=\"2762\">uzupe\u0142nianie aktualnej oferty sklepu<\/li>\n<\/ul>\n<p data-start=\"2764\" data-end=\"2834\">Dzi\u0119ki temu mo\u017cna rozwija\u0107 sprzeda\u017c na wielu platformach jednocze\u015bnie.<\/p>\n<h2 data-section-id=\"78zdcb\" data-start=\"2841\" data-end=\"2872\">\ud83d\udcca Zastosowanie w e-commerce<\/h2>\n<p data-start=\"2874\" data-end=\"2935\">Paleta tekstyli\u00f3w domowych sprawdzi si\u0119 w modelach sprzeda\u017cy:<\/p>\n<ul data-start=\"2937\" data-end=\"3025\">\n<li data-section-id=\"c9k76t\" data-start=\"2937\" data-end=\"2975\">marketplace (<a href=\"https:\/\/allegro.pl\/\" target=\"_blank\" rel=\"noopener\">Allegro<\/a>, <a href=\"https:\/\/www.olx.pl\/\" target=\"_blank\" rel=\"noopener\">OLX<\/a>, <a href=\"https:\/\/www.ebay.com\/\" target=\"_blank\" rel=\"noopener\">eBay<\/a>, <a href=\"https:\/\/www.amazon.com\/\" target=\"_blank\" rel=\"noopener\">Amazon<\/a>)<\/li>\n<li data-section-id=\"1fmpn86\" data-start=\"2976\" data-end=\"2998\">sklepy internetowe<\/li>\n<li data-section-id=\"1di29sp\" data-start=\"2999\" data-end=\"3025\">sprzeda\u017c wielokana\u0142owa<\/li>\n<\/ul>\n<p data-start=\"3027\" data-end=\"3139\">Losowy sk\u0142ad palety pozwala elastycznie dopasowa\u0107 ofert\u0119 do potrzeb klient\u00f3w i aktualnych trend\u00f3w sprzeda\u017cowych.<\/p>\n<h2 data-section-id=\"pkeej4\" data-start=\"3146\" data-end=\"3172\">\ud83d\ude9a Dostawa i realizacja<\/h2>\n<ul data-start=\"3174\" data-end=\"3268\">\n<li data-section-id=\"1j548yy\" data-start=\"3174\" data-end=\"3206\">wysy\u0142ka z magazynu w Europie<\/li>\n<li data-section-id=\"igemay\" data-start=\"3207\" data-end=\"3237\">szybka realizacja zam\u00f3wie\u0144<\/li>\n<li data-section-id=\"1j8kcmu\" data-start=\"3238\" data-end=\"3268\">bezpieczne pakowanie palet<\/li>\n<\/ul>\n<h2 data-section-id=\"p6kgem\" data-start=\"3275\" data-end=\"3297\">\u2139\ufe0f Wa\u017cne informacje<\/h2>\n<ul data-start=\"3299\" data-end=\"3493\">\n<li data-section-id=\"1u6qc5l\" data-start=\"3299\" data-end=\"3348\">towar typu zwroty konsumenckie \u2013 niesortowany<\/li>\n<li data-section-id=\"1bi9krm\" data-start=\"3349\" data-end=\"3378\">produkty nie s\u0105 testowane<\/li>\n<li data-section-id=\"956l60\" data-start=\"3379\" data-end=\"3419\">mo\u017cliwy niewielki udzia\u0142 kategorii B<\/li>\n<li data-section-id=\"mo09xk\" data-start=\"3420\" data-end=\"3460\">brak gwarancji konkretnej zawarto\u015bci<\/li>\n<li data-section-id=\"zia6d9\" data-start=\"3461\" data-end=\"3493\">ka\u017cda paleta pakowana <strong>losowo<\/strong><\/li>\n<\/ul>\n<h2 data-section-id=\"1915pio\" data-start=\"3500\" data-end=\"3522\">\ud83d\udcf8 Zdj\u0119cia produktu<\/h2>\n<p data-start=\"3524\" data-end=\"3601\">Zdj\u0119cia maj\u0105 charakter pogl\u0105dowy i przedstawiaj\u0105 przyk\u0142adow\u0105 zawarto\u015b\u0107 palet.<\/p>\n<\/div>\n<\/div>\n<\/div>\n<\/div>\n<\/div>\n<\/div>\n<\/section>\n<\/div>\n<\/div>\n<\/div>\n<\/div>\n<\/div>\n<\/div>\n<\/div>\n<\/div>\n<\/div>\n<\/div>\n<\/div>\n<\/div>\n<\/div>\n<\/section>\n<\/div>\n","protected":false},"excerpt":{"rendered":"<p class=\"p1\">\u26a1 Paleta tekstyli\u00f3w domowych<\/p>\n<p class=\"p1\">\ud83d\udd25 Amazon Returns<\/p>\n<p class=\"p1\" style=\"text-align: left;\">\u2714\ufe0f Jako\u015b\u0107 A<\/p>","protected":false},"featured_media":50703,"comment_status":"open","ping_status":"closed","template":"","meta":{"_acf_changed":false},"product_brand":[],"product_cat":[1290],"product_tag":[1295],"class_list":{"0":"post-50702","1":"product","2":"type-product","3":"status-publish","4":"has-post-thumbnail","6":"product_cat-tekstylia-amazon","7":"product_tag-tekstylia-domowe","9":"first","10":"instock","11":"sold-individually","12":"taxable","13":"shipping-taxable","14":"purchasable","15":"product-type-simple"},"acf":[],"_links":{"self":[{"href":"https:\/\/stockify24.pl\/en\/wp-json\/wp\/v2\/product\/50702","targetHints":{"allow":["GET"]}}],"collection":[{"href":"https:\/\/stockify24.pl\/en\/wp-json\/wp\/v2\/product"}],"about":[{"href":"https:\/\/stockify24.pl\/en\/wp-json\/wp\/v2\/types\/product"}],"replies":[{"embeddable":true,"href":"https:\/\/stockify24.pl\/en\/wp-json\/wp\/v2\/comments?post=50702"}],"wp:featuredmedia":[{"embeddable":true,"href":"https:\/\/stockify24.pl\/en\/wp-json\/wp\/v2\/media\/50703"}],"wp:attachment":[{"href":"https:\/\/stockify24.pl\/en\/wp-json\/wp\/v2\/media?parent=50702"}],"wp:term":[{"taxonomy":"product_brand","embeddable":true,"href":"https:\/\/stockify24.pl\/en\/wp-json\/wp\/v2\/product_brand?post=50702"},{"taxonomy":"product_cat","embeddable":true,"href":"https:\/\/stockify24.pl\/en\/wp-json\/wp\/v2\/product_cat?post=50702"},{"taxonomy":"product_tag","embeddable":true,"href":"https:\/\/stockify24.pl\/en\/wp-json\/wp\/v2\/product_tag?post=50702"}],"curies":[{"name":"wp","href":"https:\/\/api.w.org\/{rel}","templated":true}]}}