{"id":50709,"date":"2026-03-23T14:32:44","date_gmt":"2026-03-23T13:32:44","guid":{"rendered":"https:\/\/stockify24.pl\/?post_type=product&#038;p=50709"},"modified":"2026-03-30T12:51:25","modified_gmt":"2026-03-30T11:51:25","slug":"paleta-tekstyliow-domowych-kategoria-a-mix2","status":"publish","type":"product","link":"https:\/\/stockify24.pl\/en\/product\/paleta-tekstyliow-domowych-kategoria-a-mix2\/","title":{"rendered":"Home textiles | Category A | Category A"},"content":{"rendered":"<div class=\"flex flex-col text-sm pb-25\">\n<section class=\"text-token-text-primary w-full focus:outline-none [--shadow-height:45px] has-data-writing-block:pointer-events-none has-data-writing-block:-mt-(--shadow-height) has-data-writing-block:pt-(--shadow-height) [&amp;:has([data-writing-block])&gt;*]:pointer-events-auto scroll-mt-[calc(var(--header-height)+min(200px,max(70px,20svh)))]\" dir=\"auto\" data-turn-id=\"request-69b8245d-0030-838e-b654-ccb872ba6f51-25\" data-testid=\"conversation-turn-200\" data-scroll-anchor=\"true\" data-turn=\"assistant\">\n<div class=\"text-base my-auto mx-auto pb-10 [--thread-content-margin:var(--thread-content-margin-xs,calc(var(--spacing)*4))] @w-sm\/main:[--thread-content-margin:var(--thread-content-margin-sm,calc(var(--spacing)*6))] @w-lg\/main:[--thread-content-margin:var(--thread-content-margin-lg,calc(var(--spacing)*16))] px-(--thread-content-margin)\">\n<div class=\"[--thread-content-max-width:40rem] @w-lg\/main:[--thread-content-max-width:48rem] mx-auto max-w-(--thread-content-max-width) flex-1 group\/turn-messages focus-visible:outline-hidden relative flex w-full min-w-0 flex-col agent-turn\">\n<div class=\"flex max-w-full flex-col gap-4 grow\">\n<div class=\"min-h-8 text-message relative flex w-full flex-col items-end gap-2 text-start break-words whitespace-normal outline-none keyboard-focused:focus-ring [.text-message+&amp;]:mt-1\" dir=\"auto\" tabindex=\"0\" data-message-author-role=\"assistant\" data-message-id=\"ed8abcdd-be0d-4615-88f1-9a47a52c2d16\" data-message-model-slug=\"gpt-5-3\" data-turn-start-message=\"true\">\n<div class=\"flex w-full flex-col gap-1 empty:hidden\">\n<div class=\"markdown prose dark:prose-invert w-full wrap-break-word dark markdown-new-styling\">\n<div class=\"flex h-svh w-screen flex-col\">\n<div class=\"relative z-0 flex min-h-0 w-full flex-1\">\n<div class=\"relative flex min-h-0 w-full flex-1\">\n<div class=\"@container\/main relative flex min-w-0 flex-1 flex-col -translate-y-[calc(env(safe-area-inset-bottom,0px)\/2)] pt-[calc(env(safe-area-inset-bottom,0px)\/2)]\">\n<div class=\"@w-sm\/main:[scrollbar-gutter:var(--stage-scroll-gutter)] touch:[scrollbar-width:none] group\/scroll-root relative flex min-h-0 min-w-0 flex-1 flex-col [scrollbar-gutter:stable] not-print:overflow-x-clip not-print:overflow-y-auto group-data-stream-active\/scroll-root:[overflow-anchor:none] scroll-pt-(--header-height) [--sticky-padding-top:var(--header-height)] [--sticky-padding-bottom:0px] [--scroll-root-safe-area-inset-top:calc(var(--sticky-padding-top)+env(safe-area-inset-top,0px))] [--scroll-root-safe-area-inset-bottom:calc(var(--sticky-padding-bottom)+var(--screen-keyboard-height,0px)+env(safe-area-inset-bottom,0px))] [--scroll-root-safe-area-height:calc(100lvh-var(--scroll-root-safe-area-inset-top)-var(--scroll-root-safe-area-inset-bottom))] has-data-[fixed-header=less-than-xl]:@w-xl\/main:scroll-pt-0 has-data-[fixed-header=less-than-xl]:@w-xl\/main:[--sticky-padding-top:0px] has-data-[fixed-header=less-than-xxl]:@w-2xl\/main:scroll-pt-0 has-data-[fixed-header=less-than-xxl]:@w-2xl\/main:[--sticky-padding-top:0px]\" data-scroll-root=\"\" data-scroll-from-top=\"\">\n<div class=\"relative basis-auto flex-col -mb-(--composer-overlap-px) pb-(--composer-overlap-px) [--composer-overlap-px:28px] grow flex\">\n<div class=\"flex flex-col text-sm\">\n<section class=\"text-token-text-primary w-full focus:outline-none [--shadow-height:45px] has-data-writing-block:pointer-events-none has-data-writing-block:-mt-(--shadow-height) has-data-writing-block:pt-(--shadow-height) [&amp;:has([data-writing-block])&gt;*]:pointer-events-auto scroll-mt-[calc(var(--header-height)+min(200px,max(70px,20svh)))]\" dir=\"auto\" data-turn-id=\"request-WEB:cc509de0-714c-4653-ad32-6b5e125a8411-7\" data-testid=\"conversation-turn-10\" data-scroll-anchor=\"true\" data-turn=\"assistant\">\n<div class=\"text-base my-auto mx-auto pb-10 [--thread-content-margin:var(--thread-content-margin-xs,calc(var(--spacing)*4))] @w-sm\/main:[--thread-content-margin:var(--thread-content-margin-sm,calc(var(--spacing)*6))] @w-lg\/main:[--thread-content-margin:var(--thread-content-margin-lg,calc(var(--spacing)*16))] px-(--thread-content-margin)\">\n<div class=\"[--thread-content-max-width:40rem] @w-lg\/main:[--thread-content-max-width:48rem] mx-auto max-w-(--thread-content-max-width) flex-1 group\/turn-messages focus-visible:outline-hidden relative flex w-full min-w-0 flex-col agent-turn\">\n<div class=\"flex max-w-full flex-col gap-4 grow\">\n<div class=\"min-h-8 text-message relative flex w-full flex-col items-end gap-2 text-start break-words whitespace-normal outline-none keyboard-focused:focus-ring [.text-message+&amp;]:mt-1\" dir=\"auto\" tabindex=\"0\" data-message-author-role=\"assistant\" data-message-id=\"cfa6deea-8ce4-4542-9cf9-48a3b1cdbe9a\" data-message-model-slug=\"gpt-5-3\" data-turn-start-message=\"true\">\n<div class=\"flex w-full flex-col gap-1 empty:hidden\">\n<div class=\"markdown prose dark:prose-invert w-full wrap-break-word dark markdown-new-styling\">\n<h2 data-section-id=\"j2tle3\" data-start=\"0\" data-end=\"67\">\u2728 Paleta tekstyli\u00f3w domowych \u2013 mix produkt\u00f3w do sprzeda\u017cy online<\/h2>\n<p data-start=\"69\" data-end=\"438\"><strong data-start=\"69\" data-end=\"99\">Paleta tekstyli\u00f3w domowych<\/strong> to kompleksowe rozwi\u0105zanie dla e-commerce, sprzeda\u017cy hurtowej oraz reseller\u00f3w, kt\u00f3rzy chc\u0105 rozwija\u0107 sprzeda\u017c w kategorii dom i wn\u0119trze.<\/p>\n<p data-start=\"69\" data-end=\"438\">Zestaw obejmuje szeroki wyb\u00f3r tekstyli\u00f3w codziennego u\u017cytku, kt\u00f3re s\u0105 regularnie wyszukiwane i kupowane przez klient\u00f3w na platformach typu <a href=\"https:\/\/allegro.pl\/\" target=\"_blank\" rel=\"noopener\">Allegro<\/a>, <a href=\"https:\/\/www.olx.pl\/\" target=\"_blank\" rel=\"noopener\">OLX<\/a>, <a href=\"https:\/\/www.ebay.com\/\" target=\"_blank\" rel=\"noopener\">eBay<\/a>, <a href=\"https:\/\/www.amazon.com\/\" target=\"_blank\" rel=\"noopener\">Amazon <\/a>oraz w sklepach internetowych.<\/p>\n<p data-start=\"440\" data-end=\"753\">Towar pochodzi ze zwrot\u00f3w konsumenckich (Amazon Returns oraz inne \u017ar\u00f3d\u0142a dystrybucji) i oferowany jest jako paleta niesortowana. Ka\u017cda paleta posiada <strong data-start=\"598\" data-end=\"614\">losowy sk\u0142ad<\/strong>, bez listy produkt\u00f3w, co umo\u017cliwia ci\u0105g\u0142e rozszerzanie oferty i dopasowanie sprzeda\u017cy do aktualnych potrzeb rynku oraz trend\u00f3w zakupowych.<\/p>\n<p data-start=\"440\" data-end=\"753\">Wszystkie modele palet Amazon mo\u017cna znale\u017a\u0107 <a href=\"https:\/\/stockify24.pl\/sklep\/\"><strong>tutaj<\/strong>.<\/a><\/p>\n<h2 data-section-id=\"1kw2o3f\" data-start=\"760\" data-end=\"801\">\ud83d\udce6 Zawarto\u015b\u0107 palety \u2013 tekstylia domowe<\/h2>\n<p data-start=\"803\" data-end=\"912\">Paleta zawiera mix tekstyli\u00f3w domowych do odsprzeda\u017cy, kt\u00f3re mo\u017cna sprzedawa\u0107 pojedynczo lub w zestawach:<\/p>\n<p data-start=\"914\" data-end=\"1043\">\ud83e\uddfa r\u0119czniki<br data-start=\"925\" data-end=\"928\" \/>\ud83d\udecc po\u015bciel<br data-start=\"938\" data-end=\"941\" \/>\ud83e\uddfc dywaniki<br data-start=\"952\" data-end=\"955\" \/>\ud83d\udec1 tekstylia \u0142azienkowe<br data-start=\"978\" data-end=\"981\" \/>\ud83d\ude34 tekstylia sypialniane<br data-start=\"1005\" data-end=\"1008\" \/>\u2728 inne produkty tekstylne do domu<\/p>\n<p data-start=\"1045\" data-end=\"1214\">Zawarto\u015b\u0107 obejmuje produkty codziennego u\u017cytku, kt\u00f3re znajduj\u0105 zastosowanie w ka\u017cdym gospodarstwie domowym, co zwi\u0119ksza mo\u017cliwo\u015bci sprzeda\u017cy w wielu segmentach klient\u00f3w.<\/p>\n<p data-start=\"1216\" data-end=\"1344\">\ud83d\udcca <strong data-start=\"1219\" data-end=\"1239\">Tekstylia domowe<\/strong> nale\u017c\u0105 do najcz\u0119\u015bciej kupowanych kategorii online, co umo\u017cliwia stabilne rozwijanie oferty sprzeda\u017cowej.<\/p>\n<h2 data-section-id=\"1eguqcd\" data-start=\"1351\" data-end=\"1367\">\u2b50 Kategoria A<\/h2>\n<ul data-start=\"1369\" data-end=\"1474\">\n<li data-section-id=\"clit29\" data-start=\"1369\" data-end=\"1433\">wi\u0119kszo\u015b\u0107 produkt\u00f3w jest <strong data-start=\"1396\" data-end=\"1431\">nowa lub w bardzo dobrym stanie<\/strong><\/li>\n<li data-section-id=\"956l60\" data-start=\"1434\" data-end=\"1474\">mo\u017cliwy niewielki udzia\u0142 kategorii B<\/li>\n<\/ul>\n<p data-start=\"1476\" data-end=\"1551\">\ud83d\udd39 produkty mog\u0105 posiada\u0107 drobne \u015blady wynikaj\u0105ce z transportu lub zwrotu<\/p>\n<p data-start=\"1553\" data-end=\"1602\">\ud83d\udccc Towar pochodzi ze zwrot\u00f3w i nie jest testowany<\/p>\n<h2 data-section-id=\"1dsek5o\" data-start=\"1609\" data-end=\"1634\">\ud83d\udcd0 Specyfikacja palety<\/h2>\n<ul data-start=\"1636\" data-end=\"1701\">\n<li data-section-id=\"x5ht3c\" data-start=\"1636\" data-end=\"1669\">typ: <strong data-start=\"1643\" data-end=\"1667\">tekstylia domowe mix<\/strong><\/li>\n<li data-section-id=\"p80nlj\" data-start=\"1670\" data-end=\"1701\">sk\u0142ad: <strong data-start=\"1679\" data-end=\"1699\">losowy i zmienny<\/strong><\/li>\n<\/ul>\n<p data-start=\"1703\" data-end=\"1854\">Ka\u017cda paleta jest unikalna i zawiera inny zestaw produkt\u00f3w, co pozwala regularnie od\u015bwie\u017ca\u0107 ofert\u0119 i zwi\u0119ksza\u0107 liczb\u0119 dost\u0119pnych produkt\u00f3w w sprzeda\u017cy.<\/p>\n<h2 data-section-id=\"l5lpbi\" data-start=\"1861\" data-end=\"1903\">\ud83d\udcbc Zastosowanie \u2013 sprzeda\u017c i odsprzeda\u017c<\/h2>\n<p data-start=\"1905\" data-end=\"1969\">Paleta tekstyli\u00f3w domowych sprawdzi si\u0119 dla sprzedawc\u00f3w, kt\u00f3rzy:<\/p>\n<ul data-start=\"1971\" data-end=\"2174\">\n<li data-section-id=\"sj081v\" data-start=\"1971\" data-end=\"2020\">prowadz\u0105 sprzeda\u017c na Allegro, OLX, Amazon<\/li>\n<li data-section-id=\"1bt4urv\" data-start=\"2021\" data-end=\"2057\">rozwijaj\u0105 sklepy internetowe<\/li>\n<li data-section-id=\"39ut7n\" data-start=\"2058\" data-end=\"2091\">sprzedaj\u0105 produkty pojedynczo<\/li>\n<li data-section-id=\"fsreku\" data-start=\"2092\" data-end=\"2130\">buduj\u0105 dzia\u0142alno\u015b\u0107 resellersk\u0105<\/li>\n<li data-section-id=\"o16zch\" data-start=\"2131\" data-end=\"2174\">poszukuj\u0105 towaru do dalszej odsprzeda\u017cy<\/li>\n<\/ul>\n<p data-start=\"2176\" data-end=\"2298\">Produkty tekstylne s\u0105 stale obecne w sprzeda\u017cy online, co u\u0142atwia rozw\u00f3j oferty i zwi\u0119kszanie liczby dost\u0119pnych produkt\u00f3w.<\/p>\n<h2 data-section-id=\"14nr1um\" data-start=\"2305\" data-end=\"2331\">\ud83d\udcc8 Korzy\u015bci sprzeda\u017cowe<\/h2>\n<ul data-start=\"2333\" data-end=\"2598\">\n<li data-section-id=\"26u19n\" data-start=\"2333\" data-end=\"2406\">dost\u0119p do szerokiego asortymentu tekstyli\u00f3w domowych w jednym zakupie<\/li>\n<li data-section-id=\"oan2o1\" data-start=\"2407\" data-end=\"2463\">mo\u017cliwo\u015b\u0107 sprzeda\u017cy w wielu kategoriach jednocze\u015bnie<\/li>\n<li data-section-id=\"8esk74\" data-start=\"2464\" data-end=\"2506\">zwi\u0119kszenie liczby ofert sprzeda\u017cowych<\/li>\n<li data-section-id=\"57re45\" data-start=\"2507\" data-end=\"2550\">mo\u017cliwo\u015b\u0107 tworzenia zestaw\u00f3w i pakiet\u00f3w<\/li>\n<li data-section-id=\"z4myna\" data-start=\"2551\" data-end=\"2598\">dopasowanie oferty do r\u00f3\u017cnych grup klient\u00f3w<\/li>\n<\/ul>\n<p data-start=\"2600\" data-end=\"2693\">Zmienny sk\u0142ad palety pozwala rozwija\u0107 sprzeda\u017c bez ograniczenia do jednego rodzaju produkt\u00f3w.<\/p>\n<h2 data-section-id=\"m785xy\" data-start=\"2700\" data-end=\"2726\">\ud83d\uded2 Mo\u017cliwo\u015bci sprzeda\u017cy<\/h2>\n<p data-start=\"2728\" data-end=\"2755\">Zawarto\u015b\u0107 palety umo\u017cliwia:<\/p>\n<ul data-start=\"2757\" data-end=\"2942\">\n<li data-section-id=\"eaedyo\" data-start=\"2757\" data-end=\"2792\">sprzeda\u017c pojedynczych produkt\u00f3w<\/li>\n<li data-section-id=\"1cakrt4\" data-start=\"2793\" data-end=\"2835\">tworzenie zestaw\u00f3w tekstyli\u00f3w domowych<\/li>\n<li data-section-id=\"1pdw3si\" data-start=\"2836\" data-end=\"2901\">sprzeda\u017c w kategoriach: \u0142azienka, sypialnia, wyposa\u017cenie domu<\/li>\n<li data-section-id=\"rttp6p\" data-start=\"2902\" data-end=\"2942\">uzupe\u0142nianie aktualnej oferty sklepu<\/li>\n<\/ul>\n<p data-start=\"2944\" data-end=\"3061\">Dzi\u0119ki temu mo\u017cliwe jest prowadzenie sprzeda\u017cy na wielu platformach jednocze\u015bnie i zwi\u0119kszanie widoczno\u015bci produkt\u00f3w.<\/p>\n<h2 data-section-id=\"78zdcb\" data-start=\"3068\" data-end=\"3099\">\ud83d\udcca Zastosowanie w e-commerce<\/h2>\n<p data-start=\"3101\" data-end=\"3156\">Paleta tekstyli\u00f3w domowych wspiera sprzeda\u017c w modelach:<\/p>\n<ul data-start=\"3158\" data-end=\"3246\">\n<li data-section-id=\"c9k76t\" data-start=\"3158\" data-end=\"3196\">marketplace<\/li>\n<li data-section-id=\"1fmpn86\" data-start=\"3197\" data-end=\"3219\">sklepy internetowe<\/li>\n<li data-section-id=\"1di29sp\" data-start=\"3220\" data-end=\"3246\">sprzeda\u017c wielokana\u0142owa<\/li>\n<\/ul>\n<p data-start=\"3248\" data-end=\"3363\">Losowy sk\u0142ad umo\u017cliwia szybkie dostosowanie oferty do aktualnych potrzeb klient\u00f3w bez konieczno\u015bci zmiany dostawcy.<\/p>\n<h2 data-section-id=\"pkeej4\" data-start=\"3370\" data-end=\"3396\">\ud83d\ude9a Dostawa i realizacja<\/h2>\n<ul data-start=\"3398\" data-end=\"3492\">\n<li data-section-id=\"1j548yy\" data-start=\"3398\" data-end=\"3430\">wysy\u0142ka z magazynu w Europie<\/li>\n<li data-section-id=\"igemay\" data-start=\"3431\" data-end=\"3461\">szybka realizacja zam\u00f3wie\u0144<\/li>\n<li data-section-id=\"1j8kcmu\" data-start=\"3462\" data-end=\"3492\">bezpieczne pakowanie palet<\/li>\n<\/ul>\n<h2 data-section-id=\"p6kgem\" data-start=\"3499\" data-end=\"3521\">\u2139\ufe0f Wa\u017cne informacje<\/h2>\n<ul data-start=\"3523\" data-end=\"3721\">\n<li data-section-id=\"h55n61\" data-start=\"3523\" data-end=\"3576\">towar typu zwroty konsumenckie \u2013 niesortowany<\/li>\n<li data-section-id=\"1bi9krm\" data-start=\"3577\" data-end=\"3606\">produkty nie s\u0105 testowane<\/li>\n<li data-section-id=\"956l60\" data-start=\"3607\" data-end=\"3647\">mo\u017cliwy niewielki udzia\u0142 kategorii B<\/li>\n<li data-section-id=\"mo09xk\" data-start=\"3648\" data-end=\"3688\">brak gwarancji konkretnej zawarto\u015bci<\/li>\n<li data-section-id=\"zia6d9\" data-start=\"3689\" data-end=\"3721\">ka\u017cda paleta pakowana <strong>losowo<\/strong><\/li>\n<\/ul>\n<h2 data-section-id=\"1915pio\" data-start=\"3728\" data-end=\"3750\">\ud83d\udcf8 Zdj\u0119cia produktu<\/h2>\n<p data-start=\"3752\" data-end=\"3829\">Zdj\u0119cia maj\u0105 charakter pogl\u0105dowy i przedstawiaj\u0105 przyk\u0142adow\u0105 zawarto\u015b\u0107 palet.<\/p>\n<\/div>\n<\/div>\n<\/div>\n<\/div>\n<\/div>\n<\/div>\n<\/section>\n<\/div>\n<\/div>\n<\/div>\n<\/div>\n<\/div>\n<\/div>\n<\/div>\n<\/div>\n<\/div>\n<\/div>\n<\/div>\n<\/div>\n<\/div>\n<\/section>\n<\/div>\n","protected":false},"excerpt":{"rendered":"<p class=\"p1\">\u26a1 Paleta tekstyli\u00f3w domowych<\/p>\n<p class=\"p1\">\ud83d\udd25 Amazon Returns<\/p>\n<p class=\"p1\" style=\"text-align: left;\">\u2714\ufe0f Jako\u015b\u0107 A<\/p>","protected":false},"featured_media":50701,"comment_status":"open","ping_status":"closed","template":"","meta":{"_acf_changed":false},"product_brand":[],"product_cat":[1290],"product_tag":[1295],"class_list":{"0":"post-50709","1":"product","2":"type-product","3":"status-publish","4":"has-post-thumbnail","6":"product_cat-tekstylia-amazon","7":"product_tag-tekstylia-domowe","9":"first","10":"instock","11":"sold-individually","12":"taxable","13":"shipping-taxable","14":"purchasable","15":"product-type-simple"},"acf":[],"_links":{"self":[{"href":"https:\/\/stockify24.pl\/en\/wp-json\/wp\/v2\/product\/50709","targetHints":{"allow":["GET"]}}],"collection":[{"href":"https:\/\/stockify24.pl\/en\/wp-json\/wp\/v2\/product"}],"about":[{"href":"https:\/\/stockify24.pl\/en\/wp-json\/wp\/v2\/types\/product"}],"replies":[{"embeddable":true,"href":"https:\/\/stockify24.pl\/en\/wp-json\/wp\/v2\/comments?post=50709"}],"wp:featuredmedia":[{"embeddable":true,"href":"https:\/\/stockify24.pl\/en\/wp-json\/wp\/v2\/media\/50701"}],"wp:attachment":[{"href":"https:\/\/stockify24.pl\/en\/wp-json\/wp\/v2\/media?parent=50709"}],"wp:term":[{"taxonomy":"product_brand","embeddable":true,"href":"https:\/\/stockify24.pl\/en\/wp-json\/wp\/v2\/product_brand?post=50709"},{"taxonomy":"product_cat","embeddable":true,"href":"https:\/\/stockify24.pl\/en\/wp-json\/wp\/v2\/product_cat?post=50709"},{"taxonomy":"product_tag","embeddable":true,"href":"https:\/\/stockify24.pl\/en\/wp-json\/wp\/v2\/product_tag?post=50709"}],"curies":[{"name":"wp","href":"https:\/\/api.w.org\/{rel}","templated":true}]}}