{"id":50711,"date":"2026-03-23T14:40:24","date_gmt":"2026-03-23T13:40:24","guid":{"rendered":"https:\/\/stockify24.pl\/?post_type=product&#038;p=50711"},"modified":"2026-03-30T12:52:34","modified_gmt":"2026-03-30T11:52:34","slug":"paleta-tekstyliow-domowych-kategoria-a-mix4","status":"publish","type":"product","link":"https:\/\/stockify24.pl\/en\/product\/paleta-tekstyliow-domowych-kategoria-a-mix4\/","title":{"rendered":"Home textiles | Category A | Category A"},"content":{"rendered":"<div class=\"flex flex-col text-sm pb-25\">\n<section class=\"text-token-text-primary w-full focus:outline-none [--shadow-height:45px] has-data-writing-block:pointer-events-none has-data-writing-block:-mt-(--shadow-height) has-data-writing-block:pt-(--shadow-height) [&amp;:has([data-writing-block])&gt;*]:pointer-events-auto scroll-mt-[calc(var(--header-height)+min(200px,max(70px,20svh)))]\" dir=\"auto\" data-turn-id=\"request-69b8245d-0030-838e-b654-ccb872ba6f51-25\" data-testid=\"conversation-turn-200\" data-scroll-anchor=\"true\" data-turn=\"assistant\">\n<div class=\"text-base my-auto mx-auto pb-10 [--thread-content-margin:var(--thread-content-margin-xs,calc(var(--spacing)*4))] @w-sm\/main:[--thread-content-margin:var(--thread-content-margin-sm,calc(var(--spacing)*6))] @w-lg\/main:[--thread-content-margin:var(--thread-content-margin-lg,calc(var(--spacing)*16))] px-(--thread-content-margin)\">\n<div class=\"[--thread-content-max-width:40rem] @w-lg\/main:[--thread-content-max-width:48rem] mx-auto max-w-(--thread-content-max-width) flex-1 group\/turn-messages focus-visible:outline-hidden relative flex w-full min-w-0 flex-col agent-turn\">\n<div class=\"flex max-w-full flex-col gap-4 grow\">\n<div class=\"min-h-8 text-message relative flex w-full flex-col items-end gap-2 text-start break-words whitespace-normal outline-none keyboard-focused:focus-ring [.text-message+&amp;]:mt-1\" dir=\"auto\" tabindex=\"0\" data-message-author-role=\"assistant\" data-message-id=\"ed8abcdd-be0d-4615-88f1-9a47a52c2d16\" data-message-model-slug=\"gpt-5-3\" data-turn-start-message=\"true\">\n<div class=\"flex w-full flex-col gap-1 empty:hidden\">\n<div class=\"markdown prose dark:prose-invert w-full wrap-break-word dark markdown-new-styling\">\n<div class=\"flex h-svh w-screen flex-col\">\n<div class=\"relative z-0 flex min-h-0 w-full flex-1\">\n<div class=\"relative flex min-h-0 w-full flex-1\">\n<div class=\"@container\/main relative flex min-w-0 flex-1 flex-col -translate-y-[calc(env(safe-area-inset-bottom,0px)\/2)] pt-[calc(env(safe-area-inset-bottom,0px)\/2)]\">\n<div class=\"@w-sm\/main:[scrollbar-gutter:var(--stage-scroll-gutter)] touch:[scrollbar-width:none] group\/scroll-root relative flex min-h-0 min-w-0 flex-1 flex-col [scrollbar-gutter:stable] not-print:overflow-x-clip not-print:overflow-y-auto group-data-stream-active\/scroll-root:[overflow-anchor:none] scroll-pt-(--header-height) [--sticky-padding-top:var(--header-height)] [--sticky-padding-bottom:0px] [--scroll-root-safe-area-inset-top:calc(var(--sticky-padding-top)+env(safe-area-inset-top,0px))] [--scroll-root-safe-area-inset-bottom:calc(var(--sticky-padding-bottom)+var(--screen-keyboard-height,0px)+env(safe-area-inset-bottom,0px))] [--scroll-root-safe-area-height:calc(100lvh-var(--scroll-root-safe-area-inset-top)-var(--scroll-root-safe-area-inset-bottom))] has-data-[fixed-header=less-than-xl]:@w-xl\/main:scroll-pt-0 has-data-[fixed-header=less-than-xl]:@w-xl\/main:[--sticky-padding-top:0px] has-data-[fixed-header=less-than-xxl]:@w-2xl\/main:scroll-pt-0 has-data-[fixed-header=less-than-xxl]:@w-2xl\/main:[--sticky-padding-top:0px]\" data-scroll-root=\"\" data-scroll-from-top=\"\">\n<div class=\"relative basis-auto flex-col -mb-(--composer-overlap-px) pb-(--composer-overlap-px) [--composer-overlap-px:28px] grow flex\">\n<div class=\"flex flex-col text-sm\">\n<section class=\"text-token-text-primary w-full focus:outline-none [--shadow-height:45px] has-data-writing-block:pointer-events-none has-data-writing-block:-mt-(--shadow-height) has-data-writing-block:pt-(--shadow-height) [&amp;:has([data-writing-block])&gt;*]:pointer-events-auto scroll-mt-[calc(var(--header-height)+min(200px,max(70px,20svh)))]\" dir=\"auto\" data-turn-id=\"request-WEB:cc509de0-714c-4653-ad32-6b5e125a8411-7\" data-testid=\"conversation-turn-10\" data-scroll-anchor=\"true\" data-turn=\"assistant\">\n<div class=\"text-base my-auto mx-auto pb-10 [--thread-content-margin:var(--thread-content-margin-xs,calc(var(--spacing)*4))] @w-sm\/main:[--thread-content-margin:var(--thread-content-margin-sm,calc(var(--spacing)*6))] @w-lg\/main:[--thread-content-margin:var(--thread-content-margin-lg,calc(var(--spacing)*16))] px-(--thread-content-margin)\">\n<div class=\"[--thread-content-max-width:40rem] @w-lg\/main:[--thread-content-max-width:48rem] mx-auto max-w-(--thread-content-max-width) flex-1 group\/turn-messages focus-visible:outline-hidden relative flex w-full min-w-0 flex-col agent-turn\">\n<div class=\"flex max-w-full flex-col gap-4 grow\">\n<div class=\"min-h-8 text-message relative flex w-full flex-col items-end gap-2 text-start break-words whitespace-normal outline-none keyboard-focused:focus-ring [.text-message+&amp;]:mt-1\" dir=\"auto\" tabindex=\"0\" data-message-author-role=\"assistant\" data-message-id=\"cfa6deea-8ce4-4542-9cf9-48a3b1cdbe9a\" data-message-model-slug=\"gpt-5-3\" data-turn-start-message=\"true\">\n<div class=\"flex w-full flex-col gap-1 empty:hidden\">\n<div class=\"markdown prose dark:prose-invert w-full wrap-break-word dark markdown-new-styling\">\n<h2 data-section-id=\"j2tle3\" data-start=\"0\" data-end=\"67\">\u2728 Paleta tekstyli\u00f3w domowych \u2013 mix produkt\u00f3w do sprzeda\u017cy online<\/h2>\n<p data-start=\"69\" data-end=\"486\"><strong data-start=\"69\" data-end=\"99\">Paleta tekstyli\u00f3w domowych<\/strong> to skuteczne rozwi\u0105zanie dla e-commerce, sprzeda\u017cy hurtowej oraz reseller\u00f3w, kt\u00f3rzy rozwijaj\u0105 ofert\u0119 w kategorii dom i wn\u0119trze i potrzebuj\u0105 szerokiego asortymentu w jednym zakupie. Zawarto\u015b\u0107 obejmuje produkty tekstylne codziennego u\u017cytku, kt\u00f3re s\u0105 regularnie wyszukiwane i kupowane przez klient\u00f3w na platformach takich jak <a href=\"https:\/\/allegro.pl\/\" target=\"_blank\" rel=\"noopener\">Allegro<\/a>, <a href=\"https:\/\/www.olx.pl\/\" target=\"_blank\" rel=\"noopener\">OLX<\/a>, <a href=\"https:\/\/www.ebay.com\/\" target=\"_blank\" rel=\"noopener\">eBay<\/a>, <a href=\"https:\/\/www.amazon.com\/\" target=\"_blank\" rel=\"noopener\">Amazon <\/a>oraz w sklepach internetowych.<\/p>\n<p data-start=\"488\" data-end=\"805\">Towar pochodzi ze zwrot\u00f3w konsumenckich (Amazon Returns oraz inne \u017ar\u00f3d\u0142a dystrybucji) i dost\u0119pny jest jako paleta niesortowana. Ka\u017cda paleta ma <strong data-start=\"640\" data-end=\"656\">losowy sk\u0142ad<\/strong>, bez listy produkt\u00f3w, co umo\u017cliwia sta\u0142e rozszerzanie oferty i dopasowanie sprzeda\u017cy do aktualnych potrzeb rynku oraz sezonowych trend\u00f3w zakupowych.<\/p>\n<p data-start=\"488\" data-end=\"805\">Wszystkie modele palet Amazon mo\u017cna znale\u017a\u0107 <a href=\"https:\/\/stockify24.pl\/sklep\/\"><strong>tutaj<\/strong>.<\/a><\/p>\n<h2 data-section-id=\"1kw2o3f\" data-start=\"812\" data-end=\"853\">\ud83d\udce6 Zawarto\u015b\u0107 palety \u2013 tekstylia domowe<\/h2>\n<p data-start=\"855\" data-end=\"964\">Paleta zawiera <strong data-start=\"870\" data-end=\"912\">mix tekstyli\u00f3w domowych do odsprzeda\u017cy<\/strong>, kt\u00f3re mo\u017cna sprzedawa\u0107 pojedynczo lub w zestawach:<\/p>\n<p data-start=\"966\" data-end=\"1095\">\ud83e\uddfa r\u0119czniki<br data-start=\"977\" data-end=\"980\" \/>\ud83d\udecc po\u015bciel<br data-start=\"990\" data-end=\"993\" \/>\ud83e\uddfc dywaniki<br data-start=\"1004\" data-end=\"1007\" \/>\ud83d\udec1 tekstylia \u0142azienkowe<br data-start=\"1030\" data-end=\"1033\" \/>\ud83d\ude34 tekstylia sypialniane<br data-start=\"1057\" data-end=\"1060\" \/>\u2728 inne produkty tekstylne do domu<\/p>\n<p data-start=\"1097\" data-end=\"1258\">Zawarto\u015b\u0107 obejmuje produkty wykorzystywane w codziennym u\u017cytkowaniu, co pozwala budowa\u0107 ofert\u0119 dopasowan\u0105 do szerokiego grona klient\u00f3w i r\u00f3\u017cnych segment\u00f3w rynku.<\/p>\n<p data-start=\"1260\" data-end=\"1428\">\ud83d\udcca <strong data-start=\"1263\" data-end=\"1283\">Tekstylia domowe<\/strong> to jedna z najcz\u0119\u015bciej wybieranych kategorii zakupowych online, co umo\u017cliwia stabilne rozwijanie sprzeda\u017cy i zwi\u0119kszanie liczby aktywnych ofert.<\/p>\n<h2 data-section-id=\"1eguqcd\" data-start=\"1435\" data-end=\"1451\">\u2b50 Kategoria A<\/h2>\n<ul data-start=\"1453\" data-end=\"1558\">\n<li data-section-id=\"clit29\" data-start=\"1453\" data-end=\"1517\">wi\u0119kszo\u015b\u0107 produkt\u00f3w jest <strong data-start=\"1480\" data-end=\"1515\">nowa lub w bardzo dobrym stanie<\/strong><\/li>\n<li data-section-id=\"956l60\" data-start=\"1518\" data-end=\"1558\">mo\u017cliwy niewielki udzia\u0142 kategorii B<\/li>\n<\/ul>\n<p data-start=\"1560\" data-end=\"1635\">\ud83d\udd39 produkty mog\u0105 posiada\u0107 drobne \u015blady wynikaj\u0105ce z transportu lub zwrotu<\/p>\n<p data-start=\"1637\" data-end=\"1686\">\ud83d\udccc Towar pochodzi ze zwrot\u00f3w i nie jest testowany<\/p>\n<h2 data-section-id=\"1dsek5o\" data-start=\"1693\" data-end=\"1718\">\ud83d\udcd0 Specyfikacja palety<\/h2>\n<ul data-start=\"1720\" data-end=\"1785\">\n<li data-section-id=\"x5ht3c\" data-start=\"1720\" data-end=\"1753\">typ: <strong data-start=\"1727\" data-end=\"1751\">tekstylia domowe mix<\/strong><\/li>\n<li data-section-id=\"p80nlj\" data-start=\"1754\" data-end=\"1785\">sk\u0142ad: <strong data-start=\"1763\" data-end=\"1783\">losowy i zmienny<\/strong><\/li>\n<\/ul>\n<p data-start=\"1787\" data-end=\"1922\">Ka\u017cda paleta jest unikalna i zawiera inny zestaw produkt\u00f3w, co umo\u017cliwia systematyczne uzupe\u0142nianie oferty sprzeda\u017cowej o nowe pozycje.<\/p>\n<h2 data-section-id=\"l5lpbi\" data-start=\"1929\" data-end=\"1971\">\ud83d\udcbc Zastosowanie \u2013 sprzeda\u017c i odsprzeda\u017c<\/h2>\n<p data-start=\"1973\" data-end=\"2037\">Paleta tekstyli\u00f3w domowych sprawdzi si\u0119 dla sprzedawc\u00f3w, kt\u00f3rzy:<\/p>\n<ul data-start=\"2039\" data-end=\"2238\">\n<li data-section-id=\"sj081v\" data-start=\"2039\" data-end=\"2088\">prowadz\u0105 sprzeda\u017c na Allegro, OLX, Amazon<\/li>\n<li data-section-id=\"1bt4urv\" data-start=\"2089\" data-end=\"2125\">rozwijaj\u0105 sklepy internetowe<\/li>\n<li data-section-id=\"39ut7n\" data-start=\"2126\" data-end=\"2159\">sprzedaj\u0105 produkty pojedynczo<\/li>\n<li data-section-id=\"phc3ym\" data-start=\"2160\" data-end=\"2194\">buduj\u0105 dzia\u0142alno\u015b\u0107 resellersk\u0105<\/li>\n<li data-section-id=\"o16zch\" data-start=\"2195\" data-end=\"2238\">poszukuj\u0105 towaru do dalszej odsprzeda\u017cy<\/li>\n<\/ul>\n<p data-start=\"2240\" data-end=\"2375\">Produkty tekstylne s\u0105 stale obecne w sprzeda\u017cy online, co u\u0142atwia ich wprowadzanie do oferty i zwi\u0119kszanie liczby dost\u0119pnych produkt\u00f3w.<\/p>\n<h2 data-section-id=\"14nr1um\" data-start=\"2382\" data-end=\"2408\">\ud83d\udcc8 Korzy\u015bci sprzeda\u017cowe<\/h2>\n<ul data-start=\"2410\" data-end=\"2675\">\n<li data-section-id=\"26u19n\" data-start=\"2410\" data-end=\"2483\">dost\u0119p do szerokiego asortymentu tekstyli\u00f3w domowych w jednym zakupie<\/li>\n<li data-section-id=\"oan2o1\" data-start=\"2484\" data-end=\"2540\">mo\u017cliwo\u015b\u0107 sprzeda\u017cy w wielu kategoriach jednocze\u015bnie<\/li>\n<li data-section-id=\"8esk74\" data-start=\"2541\" data-end=\"2583\">zwi\u0119kszenie liczby ofert sprzeda\u017cowych<\/li>\n<li data-section-id=\"57re45\" data-start=\"2584\" data-end=\"2627\">mo\u017cliwo\u015b\u0107 tworzenia zestaw\u00f3w i pakiet\u00f3w<\/li>\n<li data-section-id=\"z4myna\" data-start=\"2628\" data-end=\"2675\">dopasowanie oferty do r\u00f3\u017cnych grup klient\u00f3w<\/li>\n<\/ul>\n<p data-start=\"2677\" data-end=\"2813\">Zmienny sk\u0142ad palety pozwala rozwija\u0107 sprzeda\u017c bez ograniczenia do jednej kategorii produkt\u00f3w i zwi\u0119ksza\u0107 zakres dost\u0119pnego asortymentu.<\/p>\n<h2 data-section-id=\"m785xy\" data-start=\"2820\" data-end=\"2846\">\ud83d\uded2 Mo\u017cliwo\u015bci sprzeda\u017cy<\/h2>\n<p data-start=\"2848\" data-end=\"2875\">Zawarto\u015b\u0107 palety umo\u017cliwia:<\/p>\n<ul data-start=\"2877\" data-end=\"3062\">\n<li data-section-id=\"eaedyo\" data-start=\"2877\" data-end=\"2912\">sprzeda\u017c pojedynczych produkt\u00f3w<\/li>\n<li data-section-id=\"1cakrt4\" data-start=\"2913\" data-end=\"2955\">tworzenie zestaw\u00f3w tekstyli\u00f3w domowych<\/li>\n<li data-section-id=\"1pdw3si\" data-start=\"2956\" data-end=\"3021\">sprzeda\u017c w kategoriach: \u0142azienka, sypialnia, wyposa\u017cenie domu<\/li>\n<li data-section-id=\"rttp6p\" data-start=\"3022\" data-end=\"3062\">uzupe\u0142nianie aktualnej oferty sklepu<\/li>\n<\/ul>\n<p data-start=\"3064\" data-end=\"3208\">Dzi\u0119ki temu mo\u017cliwe jest prowadzenie sprzeda\u017cy na wielu platformach jednocze\u015bnie oraz zwi\u0119kszanie widoczno\u015bci produkt\u00f3w w wynikach wyszukiwania.<\/p>\n<h2 data-section-id=\"78zdcb\" data-start=\"3215\" data-end=\"3246\">\ud83d\udcca Zastosowanie w e-commerce<\/h2>\n<p data-start=\"3248\" data-end=\"3303\">Paleta tekstyli\u00f3w domowych wspiera sprzeda\u017c w modelach:<\/p>\n<ul data-start=\"3305\" data-end=\"3393\">\n<li data-section-id=\"c9k76t\" data-start=\"3305\" data-end=\"3343\">marketplace<\/li>\n<li data-section-id=\"1fmpn86\" data-start=\"3344\" data-end=\"3366\">sklepy internetowe<\/li>\n<li data-section-id=\"1di29sp\" data-start=\"3367\" data-end=\"3393\">sprzeda\u017c wielokana\u0142owa<\/li>\n<\/ul>\n<p data-start=\"3395\" data-end=\"3546\">Losowy sk\u0142ad umo\u017cliwia szybkie dopasowanie oferty do aktualnych potrzeb klient\u00f3w oraz zmian w zachowaniach zakupowych bez konieczno\u015bci zmiany dostawcy.<\/p>\n<h2 data-section-id=\"pkeej4\" data-start=\"3553\" data-end=\"3579\">\ud83d\ude9a Dostawa i realizacja<\/h2>\n<ul data-start=\"3581\" data-end=\"3675\">\n<li data-section-id=\"1j548yy\" data-start=\"3581\" data-end=\"3613\">wysy\u0142ka z magazynu w Europie<\/li>\n<li data-section-id=\"igemay\" data-start=\"3614\" data-end=\"3644\">szybka realizacja zam\u00f3wie\u0144<\/li>\n<li data-section-id=\"1j8kcmu\" data-start=\"3645\" data-end=\"3675\">bezpieczne pakowanie palet<\/li>\n<\/ul>\n<h2 data-section-id=\"p6kgem\" data-start=\"3682\" data-end=\"3704\">\u2139\ufe0f Wa\u017cne informacje<\/h2>\n<ul data-start=\"3706\" data-end=\"3904\">\n<li data-section-id=\"h55n61\" data-start=\"3706\" data-end=\"3759\">towar typu zwroty konsumenckie \u2013 niesortowany<\/li>\n<li data-section-id=\"1bi9krm\" data-start=\"3760\" data-end=\"3789\">produkty nie s\u0105 testowane<\/li>\n<li data-section-id=\"956l60\" data-start=\"3790\" data-end=\"3830\">mo\u017cliwy niewielki udzia\u0142 kategorii B<\/li>\n<li data-section-id=\"mo09xk\" data-start=\"3831\" data-end=\"3871\">brak gwarancji konkretnej zawarto\u015bci<\/li>\n<li data-section-id=\"zia6d9\" data-start=\"3872\" data-end=\"3904\">ka\u017cda paleta pakowana <strong>losowo<\/strong><\/li>\n<\/ul>\n<h2 data-section-id=\"1915pio\" data-start=\"3911\" data-end=\"3933\">\ud83d\udcf8 Zdj\u0119cia produktu<\/h2>\n<p data-start=\"3935\" data-end=\"4012\">Zdj\u0119cia maj\u0105 charakter pogl\u0105dowy i przedstawiaj\u0105 przyk\u0142adow\u0105 zawarto\u015b\u0107 palet.<\/p>\n<\/div>\n<\/div>\n<\/div>\n<\/div>\n<\/div>\n<\/div>\n<\/section>\n<\/div>\n<\/div>\n<\/div>\n<\/div>\n<\/div>\n<\/div>\n<\/div>\n<\/div>\n<\/div>\n<\/div>\n<\/div>\n<\/div>\n<\/div>\n<\/section>\n<\/div>\n","protected":false},"excerpt":{"rendered":"<p class=\"p1\">\u26a1 Paleta tekstyli\u00f3w domowych<\/p>\n<p class=\"p1\">\ud83d\udd25 Amazon Returns<\/p>\n<p class=\"p1\" style=\"text-align: left;\">\u2714\ufe0f Jako\u015b\u0107 A<\/p>","protected":false},"featured_media":50703,"comment_status":"open","ping_status":"closed","template":"","meta":{"_acf_changed":false},"product_brand":[],"product_cat":[1290],"product_tag":[1295],"class_list":{"0":"post-50711","1":"product","2":"type-product","3":"status-publish","4":"has-post-thumbnail","6":"product_cat-tekstylia-amazon","7":"product_tag-tekstylia-domowe","9":"first","10":"instock","11":"sold-individually","12":"taxable","13":"shipping-taxable","14":"purchasable","15":"product-type-simple"},"acf":[],"_links":{"self":[{"href":"https:\/\/stockify24.pl\/en\/wp-json\/wp\/v2\/product\/50711","targetHints":{"allow":["GET"]}}],"collection":[{"href":"https:\/\/stockify24.pl\/en\/wp-json\/wp\/v2\/product"}],"about":[{"href":"https:\/\/stockify24.pl\/en\/wp-json\/wp\/v2\/types\/product"}],"replies":[{"embeddable":true,"href":"https:\/\/stockify24.pl\/en\/wp-json\/wp\/v2\/comments?post=50711"}],"wp:featuredmedia":[{"embeddable":true,"href":"https:\/\/stockify24.pl\/en\/wp-json\/wp\/v2\/media\/50703"}],"wp:attachment":[{"href":"https:\/\/stockify24.pl\/en\/wp-json\/wp\/v2\/media?parent=50711"}],"wp:term":[{"taxonomy":"product_brand","embeddable":true,"href":"https:\/\/stockify24.pl\/en\/wp-json\/wp\/v2\/product_brand?post=50711"},{"taxonomy":"product_cat","embeddable":true,"href":"https:\/\/stockify24.pl\/en\/wp-json\/wp\/v2\/product_cat?post=50711"},{"taxonomy":"product_tag","embeddable":true,"href":"https:\/\/stockify24.pl\/en\/wp-json\/wp\/v2\/product_tag?post=50711"}],"curies":[{"name":"wp","href":"https:\/\/api.w.org\/{rel}","templated":true}]}}