{"id":50712,"date":"2026-03-23T14:46:15","date_gmt":"2026-03-23T13:46:15","guid":{"rendered":"https:\/\/stockify24.pl\/?post_type=product&#038;p=50712"},"modified":"2026-03-30T12:54:40","modified_gmt":"2026-03-30T11:54:40","slug":"palety-oswietlenie-eglo-led-kategoria-a","status":"publish","type":"product","link":"https:\/\/stockify24.pl\/en\/product\/palety-oswietlenie-eglo-led-kategoria-a\/","title":{"rendered":"EGLO LED lighting pallets | Category A | 200 kg"},"content":{"rendered":"<div class=\"flex flex-col text-sm pb-25\">\n<section class=\"text-token-text-primary w-full focus:outline-none [--shadow-height:45px] has-data-writing-block:pointer-events-none has-data-writing-block:-mt-(--shadow-height) has-data-writing-block:pt-(--shadow-height) [&amp;:has([data-writing-block])&gt;*]:pointer-events-auto scroll-mt-[calc(var(--header-height)+min(200px,max(70px,20svh)))]\" dir=\"auto\" data-turn-id=\"request-69b8245d-0030-838e-b654-ccb872ba6f51-25\" data-testid=\"conversation-turn-200\" data-scroll-anchor=\"true\" data-turn=\"assistant\">\n<div class=\"text-base my-auto mx-auto pb-10 [--thread-content-margin:var(--thread-content-margin-xs,calc(var(--spacing)*4))] @w-sm\/main:[--thread-content-margin:var(--thread-content-margin-sm,calc(var(--spacing)*6))] @w-lg\/main:[--thread-content-margin:var(--thread-content-margin-lg,calc(var(--spacing)*16))] px-(--thread-content-margin)\">\n<div class=\"[--thread-content-max-width:40rem] @w-lg\/main:[--thread-content-max-width:48rem] mx-auto max-w-(--thread-content-max-width) flex-1 group\/turn-messages focus-visible:outline-hidden relative flex w-full min-w-0 flex-col agent-turn\">\n<div class=\"flex max-w-full flex-col gap-4 grow\">\n<div class=\"min-h-8 text-message relative flex w-full flex-col items-end gap-2 text-start break-words whitespace-normal outline-none keyboard-focused:focus-ring [.text-message+&amp;]:mt-1\" dir=\"auto\" tabindex=\"0\" data-message-author-role=\"assistant\" data-message-id=\"ed8abcdd-be0d-4615-88f1-9a47a52c2d16\" data-message-model-slug=\"gpt-5-3\" data-turn-start-message=\"true\">\n<div class=\"flex w-full flex-col gap-1 empty:hidden\">\n<div class=\"markdown prose dark:prose-invert w-full wrap-break-word dark markdown-new-styling\">\n<div class=\"flex h-svh w-screen flex-col\">\n<div class=\"relative z-0 flex min-h-0 w-full flex-1\">\n<div class=\"relative flex min-h-0 w-full flex-1\">\n<div class=\"@container\/main relative flex min-w-0 flex-1 flex-col -translate-y-[calc(env(safe-area-inset-bottom,0px)\/2)] pt-[calc(env(safe-area-inset-bottom,0px)\/2)]\">\n<div class=\"@w-sm\/main:[scrollbar-gutter:var(--stage-scroll-gutter)] touch:[scrollbar-width:none] group\/scroll-root relative flex min-h-0 min-w-0 flex-1 flex-col [scrollbar-gutter:stable] not-print:overflow-x-clip not-print:overflow-y-auto group-data-stream-active\/scroll-root:[overflow-anchor:none] scroll-pt-(--header-height) [--sticky-padding-top:var(--header-height)] [--sticky-padding-bottom:0px] [--scroll-root-safe-area-inset-top:calc(var(--sticky-padding-top)+env(safe-area-inset-top,0px))] [--scroll-root-safe-area-inset-bottom:calc(var(--sticky-padding-bottom)+var(--screen-keyboard-height,0px)+env(safe-area-inset-bottom,0px))] [--scroll-root-safe-area-height:calc(100lvh-var(--scroll-root-safe-area-inset-top)-var(--scroll-root-safe-area-inset-bottom))] has-data-[fixed-header=less-than-xl]:@w-xl\/main:scroll-pt-0 has-data-[fixed-header=less-than-xl]:@w-xl\/main:[--sticky-padding-top:0px] has-data-[fixed-header=less-than-xxl]:@w-2xl\/main:scroll-pt-0 has-data-[fixed-header=less-than-xxl]:@w-2xl\/main:[--sticky-padding-top:0px]\" data-scroll-root=\"\" data-scroll-from-top=\"\">\n<div class=\"relative basis-auto flex-col -mb-(--composer-overlap-px) pb-(--composer-overlap-px) [--composer-overlap-px:28px] grow flex\">\n<div class=\"flex flex-col text-sm\">\n<section class=\"text-token-text-primary w-full focus:outline-none [--shadow-height:45px] has-data-writing-block:pointer-events-none has-data-writing-block:-mt-(--shadow-height) has-data-writing-block:pt-(--shadow-height) [&amp;:has([data-writing-block])&gt;*]:pointer-events-auto scroll-mt-[calc(var(--header-height)+min(200px,max(70px,20svh)))]\" dir=\"auto\" data-turn-id=\"request-WEB:cc509de0-714c-4653-ad32-6b5e125a8411-7\" data-testid=\"conversation-turn-10\" data-scroll-anchor=\"true\" data-turn=\"assistant\">\n<div class=\"text-base my-auto mx-auto pb-10 [--thread-content-margin:var(--thread-content-margin-xs,calc(var(--spacing)*4))] @w-sm\/main:[--thread-content-margin:var(--thread-content-margin-sm,calc(var(--spacing)*6))] @w-lg\/main:[--thread-content-margin:var(--thread-content-margin-lg,calc(var(--spacing)*16))] px-(--thread-content-margin)\">\n<div class=\"[--thread-content-max-width:40rem] @w-lg\/main:[--thread-content-max-width:48rem] mx-auto max-w-(--thread-content-max-width) flex-1 group\/turn-messages focus-visible:outline-hidden relative flex w-full min-w-0 flex-col agent-turn\">\n<div class=\"flex max-w-full flex-col gap-4 grow\">\n<div class=\"min-h-8 text-message relative flex w-full flex-col items-end gap-2 text-start break-words whitespace-normal outline-none keyboard-focused:focus-ring [.text-message+&amp;]:mt-1\" dir=\"auto\" tabindex=\"0\" data-message-author-role=\"assistant\" data-message-id=\"cfa6deea-8ce4-4542-9cf9-48a3b1cdbe9a\" data-message-model-slug=\"gpt-5-3\" data-turn-start-message=\"true\">\n<div class=\"flex w-full flex-col gap-1 empty:hidden\">\n<div class=\"markdown prose dark:prose-invert w-full wrap-break-word dark markdown-new-styling\">\n<h2 data-section-id=\"17xbejc\" data-start=\"0\" data-end=\"38\"><span role=\"text\">\u2728\ud83d\udca1 P<strong data-start=\"7\" data-end=\"38\">alety O\u015bwietlenie | Kategoria A | EGLO LED 200 kg<\/strong><\/span><\/h2>\n<p data-start=\"40\" data-end=\"377\"><strong data-start=\"40\" data-end=\"71\">Palety EGLO LED<\/strong> to sprawdzona opcja dla e-commerce, sprzeda\u017cy hurtowej oraz reseller\u00f3w, kt\u00f3rzy chc\u0105 rozwija\u0107 ofert\u0119 w kategorii o\u015bwietlenie LED do domu i wn\u0119trz. Produkty marki EGLO s\u0105 rozpoznawalne na rynku europejskim i cz\u0119sto wybierane przez klient\u00f3w, co u\u0142atwia wprowadzanie ich do sprzeda\u017cy online i offline.<\/p>\n<p data-start=\"379\" data-end=\"627\">Asortyment obejmuje o\u015bwietlenie LED do r\u00f3\u017cnych zastosowa\u0144, w tym do mieszka\u0144, dom\u00f3w, biur oraz przestrzeni u\u017cytkowych. Produkty tej kategorii s\u0105 stale wyszukiwane przez klient\u00f3w, co pozwala budowa\u0107 ofert\u0119 dopasowan\u0105 do aktualnych potrzeb rynku.<\/p>\n<p data-start=\"379\" data-end=\"627\">Wszystkie modele palet Amazon mo\u017cna znale\u017a\u0107 <a href=\"https:\/\/stockify24.pl\/sklep\/\"><strong>tutaj<\/strong>.<\/a><\/p>\n<h2 data-section-id=\"x40d8l\" data-start=\"634\" data-end=\"678\">\ud83d\udce6 Zawarto\u015b\u0107 palet<\/h2>\n<p data-start=\"680\" data-end=\"787\">Palety zawieraj\u0105 <strong data-start=\"697\" data-end=\"734\">mix produkt\u00f3w o\u015bwietleniowych LED<\/strong>, kt\u00f3re mo\u017cna sprzedawa\u0107 pojedynczo lub jako zestawy:<\/p>\n<ul data-start=\"789\" data-end=\"958\">\n<li data-section-id=\"1nuldik\" data-start=\"789\" data-end=\"811\">lampy sufitowe LED<\/li>\n<li data-section-id=\"1e2hhy5\" data-start=\"812\" data-end=\"833\">lampy \u015bcienne LED<\/li>\n<li data-section-id=\"1ad0ohx\" data-start=\"834\" data-end=\"862\">lampy sto\u0142owe i biurkowe<\/li>\n<li data-section-id=\"7vpss5\" data-start=\"863\" data-end=\"890\">o\u015bwietlenie dekoracyjne<\/li>\n<li data-section-id=\"62vbtu\" data-start=\"891\" data-end=\"915\">oprawy o\u015bwietleniowe<\/li>\n<li data-section-id=\"d1vbl7\" data-start=\"916\" data-end=\"958\">inne produkty o\u015bwietleniowe marki EGLO<\/li>\n<\/ul>\n<p data-start=\"960\" data-end=\"1078\">Zawarto\u015b\u0107 obejmuje produkty do u\u017cytku domowego i komercyjnego, co pozwala kierowa\u0107 ofert\u0119 do szerokiej grupy klient\u00f3w.<\/p>\n<p data-start=\"1080\" data-end=\"1203\">\ud83d\udcca <strong data-start=\"1083\" data-end=\"1102\">O\u015bwietlenie LED<\/strong> to jedna z najcz\u0119\u015bciej wybieranych kategorii w wyposa\u017ceniu wn\u0119trz, co zwi\u0119ksza mo\u017cliwo\u015bci sprzeda\u017cy.<\/p>\n<h2 data-section-id=\"1rah2dx\" data-start=\"1210\" data-end=\"1235\"><span role=\"text\">\u2705 <strong data-start=\"1215\" data-end=\"1235\">Tylko nowy towar<\/strong><\/span><\/h2>\n<ul data-start=\"1237\" data-end=\"1345\">\n<li data-section-id=\"1otj7x2\" data-start=\"1237\" data-end=\"1284\">wszystkie produkty s\u0105 <strong data-start=\"1261\" data-end=\"1282\">nowe i nieu\u017cywane<\/strong><\/li>\n<li data-section-id=\"j9q8b8\" data-start=\"1285\" data-end=\"1312\">brak \u015blad\u00f3w u\u017cytkowania<\/li>\n<li data-section-id=\"can2dy\" data-start=\"1313\" data-end=\"1345\">produkty gotowe do sprzeda\u017cy<\/li>\n<\/ul>\n<p data-start=\"1347\" data-end=\"1415\">Towar nie pochodzi ze zwrot\u00f3w \u2013 jest to pe\u0142nowarto\u015bciowy asortyment.<\/p>\n<h2 data-section-id=\"1onpx0d\" data-start=\"1422\" data-end=\"1442\"><span role=\"text\">\u2b50 <strong data-start=\"1427\" data-end=\"1442\">Kategoria A<\/strong><\/span><\/h2>\n<ul data-start=\"1444\" data-end=\"1528\">\n<li data-section-id=\"13t9vt2\" data-start=\"1444\" data-end=\"1476\">produkty w pe\u0142ni warto\u015bciowe<\/li>\n<li data-section-id=\"gkk5cw\" data-start=\"1477\" data-end=\"1504\">wysoka jako\u015b\u0107 wykonania<\/li>\n<li data-section-id=\"1ruhaj0\" data-start=\"1505\" data-end=\"1528\">standard detaliczny<\/li>\n<\/ul>\n<p data-start=\"1530\" data-end=\"1602\">Produkty spe\u0142niaj\u0105 wymagania rynku sprzeda\u017cy detalicznej i internetowej.<\/p>\n<h2 data-section-id=\"1dsek5o\" data-start=\"1609\" data-end=\"1634\">\ud83d\udcd0 Specyfikacja palety<\/h2>\n<p data-start=\"1636\" data-end=\"1687\">\ud83d\udccf <strong data-start=\"1639\" data-end=\"1653\">Paleta 2 m<\/strong><br data-start=\"1653\" data-end=\"1656\" \/>\u2696\ufe0f <strong data-start=\"1659\" data-end=\"1687\">Waga netto: oko\u0142o 200 kg<\/strong><\/p>\n<p data-start=\"1689\" data-end=\"1798\">Palety zawieraj\u0105 du\u017c\u0105 ilo\u015b\u0107 produkt\u00f3w, co umo\u017cliwia budowanie szerokiej oferty sprzeda\u017cowej w kr\u00f3tkim czasie.<\/p>\n<h2 data-section-id=\"l5lpbi\" data-start=\"1805\" data-end=\"1847\">\ud83d\udcbc Zastosowanie \u2013 sprzeda\u017c i odsprzeda\u017c<\/h2>\n<p data-start=\"1849\" data-end=\"1920\"><strong data-start=\"1849\" data-end=\"1880\">Palety O\u015bwietlenie<\/strong>\u00a0s\u0105 odpowiednie dla sprzedawc\u00f3w, kt\u00f3rzy:<\/p>\n<ul data-start=\"1922\" data-end=\"2142\">\n<li data-section-id=\"4yq4hc\" data-start=\"1922\" data-end=\"1963\">sprzedaj\u0105 na <a href=\"https:\/\/allegro.pl\/\" target=\"_blank\" rel=\"noopener\">Allegro<\/a>, <a href=\"https:\/\/www.olx.pl\/\" target=\"_blank\" rel=\"noopener\">OLX<\/a>, <a href=\"https:\/\/www.ebay.com\/\" target=\"_blank\" rel=\"noopener\">eBay<\/a>, <a href=\"https:\/\/www.amazon.com\/\" target=\"_blank\" rel=\"noopener\">Amazon<\/a><\/li>\n<li data-section-id=\"1hxtzkm\" data-start=\"1964\" data-end=\"1999\">prowadz\u0105 sklepy internetowe<\/li>\n<li data-section-id=\"klpgbj\" data-start=\"2000\" data-end=\"2044\">zajmuj\u0105 si\u0119 sprzeda\u017c\u0105 wyposa\u017cenia wn\u0119trz<\/li>\n<li data-section-id=\"j6c92j\" data-start=\"2045\" data-end=\"2092\">oferuj\u0105 produkty pojedynczo lub w zestawach<\/li>\n<li data-section-id=\"1v983fi\" data-start=\"2093\" data-end=\"2142\">rozwijaj\u0105 dzia\u0142alno\u015b\u0107 w bran\u017cy o\u015bwietleniowej<\/li>\n<\/ul>\n<p data-start=\"2144\" data-end=\"2250\">Produkty LED znajduj\u0105 zastosowanie w wielu przestrzeniach, co umo\u017cliwia sprzeda\u017c do r\u00f3\u017cnych grup klient\u00f3w.<\/p>\n<h2 data-section-id=\"14nr1um\" data-start=\"2257\" data-end=\"2283\">\ud83d\udcc8 Korzy\u015bci sprzeda\u017cowe<\/h2>\n<ul data-start=\"2285\" data-end=\"2525\">\n<li data-section-id=\"tnvfr3\" data-start=\"2285\" data-end=\"2324\">dost\u0119p do markowego o\u015bwietlenia LED<\/li>\n<li data-section-id=\"p42b8b\" data-start=\"2325\" data-end=\"2369\">szeroki wyb\u00f3r produkt\u00f3w w jednej palecie<\/li>\n<li data-section-id=\"368yim\" data-start=\"2370\" data-end=\"2418\">mo\u017cliwo\u015b\u0107 sprzeda\u017cy w wielu segmentach rynku<\/li>\n<li data-section-id=\"8esk74\" data-start=\"2419\" data-end=\"2461\">zwi\u0119kszenie liczby ofert sprzeda\u017cowych<\/li>\n<li data-section-id=\"1trvrtl\" data-start=\"2462\" data-end=\"2525\">dopasowanie oferty do klient\u00f3w indywidualnych i biznesowych<\/li>\n<\/ul>\n<p data-start=\"2527\" data-end=\"2603\">Palety umo\u017cliwiaj\u0105 szybkie rozszerzenie asortymentu w kategorii o\u015bwietlenia.<\/p>\n<h2 data-section-id=\"m785xy\" data-start=\"2610\" data-end=\"2636\">\ud83d\uded2 Mo\u017cliwo\u015bci sprzeda\u017cy<\/h2>\n<p data-start=\"2638\" data-end=\"2664\">Zawarto\u015b\u0107 palet umo\u017cliwia:<\/p>\n<ul data-start=\"2666\" data-end=\"2818\">\n<li data-section-id=\"w32ofp\" data-start=\"2666\" data-end=\"2704\">sprzeda\u017c pojedynczych lamp i opraw<\/li>\n<li data-section-id=\"m8ecam\" data-start=\"2705\" data-end=\"2743\">tworzenie zestaw\u00f3w o\u015bwietleniowych<\/li>\n<li data-section-id=\"1px1sp5\" data-start=\"2744\" data-end=\"2787\">sprzeda\u017c w kategorii wyposa\u017cenia wn\u0119trz<\/li>\n<li data-section-id=\"w6hf6u\" data-start=\"2788\" data-end=\"2818\">uzupe\u0142nianie oferty sklepu<\/li>\n<\/ul>\n<p data-start=\"2820\" data-end=\"2889\">Dzi\u0119ki temu mo\u017cna prowadzi\u0107 sprzeda\u017c w r\u00f3\u017cnych kana\u0142ach jednocze\u015bnie.<\/p>\n<h2 data-section-id=\"78zdcb\" data-start=\"2896\" data-end=\"2927\">\ud83d\udcca Zastosowanie w e-commerce<\/h2>\n<p data-start=\"2929\" data-end=\"2982\">Produkty z palet sprawdzaj\u0105 si\u0119 w sprzeda\u017cy:<\/p>\n<ul data-start=\"2984\" data-end=\"3072\">\n<li data-section-id=\"c9k76t\" data-start=\"2984\" data-end=\"3022\">marketplace<\/li>\n<li data-section-id=\"1fmpn86\" data-start=\"3023\" data-end=\"3045\">sklepy internetowe<\/li>\n<li data-section-id=\"1di29sp\" data-start=\"3046\" data-end=\"3072\">sprzeda\u017c wielokana\u0142owa<\/li>\n<\/ul>\n<p data-start=\"3074\" data-end=\"3158\">O\u015bwietlenie LED jest produktem uniwersalnym, co u\u0142atwia jego wprowadzenie do oferty.<\/p>\n<h2 data-section-id=\"pkeej4\" data-start=\"3165\" data-end=\"3191\">\ud83d\ude9a Dostawa i realizacja<\/h2>\n<ul data-start=\"3193\" data-end=\"3287\">\n<li data-section-id=\"1j548yy\" data-start=\"3193\" data-end=\"3225\">wysy\u0142ka z magazynu w Europie<\/li>\n<li data-section-id=\"igemay\" data-start=\"3226\" data-end=\"3256\">szybka realizacja zam\u00f3wie\u0144<\/li>\n<li data-section-id=\"1j8kcmu\" data-start=\"3257\" data-end=\"3287\">bezpieczne pakowanie palet<\/li>\n<\/ul>\n<h2 data-section-id=\"p6kgem\" data-start=\"3294\" data-end=\"3316\">\u2139\ufe0f Wa\u017cne informacje<\/h2>\n<ul data-start=\"3318\" data-end=\"3471\">\n<li data-section-id=\"1jdlte4\" data-start=\"3318\" data-end=\"3359\">towar nowy \u2013 niepochodz\u0105cy ze zwrot\u00f3w<\/li>\n<li data-section-id=\"1shj1ol\" data-start=\"3360\" data-end=\"3386\">produkty w kategorii A<\/li>\n<li data-section-id=\"1z023eq\" data-start=\"3387\" data-end=\"3432\">brak uszkodze\u0144 wynikaj\u0105cych z u\u017cytkowania<\/li>\n<li data-section-id=\"aol8ta\" data-start=\"3433\" data-end=\"3471\">ka\u017cda paleta zawiera mix produkt\u00f3w<\/li>\n<\/ul>\n<h2 data-section-id=\"1915pio\" data-start=\"3478\" data-end=\"3500\">\ud83d\udcf8 Zdj\u0119cia produktu<\/h2>\n<p data-start=\"3502\" data-end=\"3580\">Zdj\u0119cia maj\u0105 charakter pogl\u0105dowy i przedstawiaj\u0105 przyk\u0142adowe produkty z palet.<\/p>\n<\/div>\n<\/div>\n<\/div>\n<\/div>\n<\/div>\n<\/div>\n<\/section>\n<\/div>\n<\/div>\n<\/div>\n<\/div>\n<\/div>\n<\/div>\n<\/div>\n<\/div>\n<\/div>\n<\/div>\n<\/div>\n<\/div>\n<\/div>\n<\/section>\n<\/div>\n","protected":false},"excerpt":{"rendered":"<p class=\"p1\">\u26a1<span role=\"text\">Palety O\u015bwietlenie EGLO LED<\/span><\/p>\n<p class=\"p1\">\ud83d\udd25 Amazon Returns<\/p>\n<p class=\"p1\" style=\"text-align: left;\">\u2714\ufe0f Jako\u015b\u0107 A<\/p>","protected":false},"featured_media":50713,"comment_status":"open","ping_status":"closed","template":"","meta":{"_acf_changed":false},"product_brand":[],"product_cat":[1289],"product_tag":[1296],"class_list":{"0":"post-50712","1":"product","2":"type-product","3":"status-publish","4":"has-post-thumbnail","6":"product_cat-oswietlenie-eglo","7":"product_tag-oswietlenie-eglo","9":"first","10":"instock","11":"sold-individually","12":"taxable","13":"shipping-taxable","14":"purchasable","15":"product-type-simple"},"acf":[],"_links":{"self":[{"href":"https:\/\/stockify24.pl\/en\/wp-json\/wp\/v2\/product\/50712","targetHints":{"allow":["GET"]}}],"collection":[{"href":"https:\/\/stockify24.pl\/en\/wp-json\/wp\/v2\/product"}],"about":[{"href":"https:\/\/stockify24.pl\/en\/wp-json\/wp\/v2\/types\/product"}],"replies":[{"embeddable":true,"href":"https:\/\/stockify24.pl\/en\/wp-json\/wp\/v2\/comments?post=50712"}],"wp:featuredmedia":[{"embeddable":true,"href":"https:\/\/stockify24.pl\/en\/wp-json\/wp\/v2\/media\/50713"}],"wp:attachment":[{"href":"https:\/\/stockify24.pl\/en\/wp-json\/wp\/v2\/media?parent=50712"}],"wp:term":[{"taxonomy":"product_brand","embeddable":true,"href":"https:\/\/stockify24.pl\/en\/wp-json\/wp\/v2\/product_brand?post=50712"},{"taxonomy":"product_cat","embeddable":true,"href":"https:\/\/stockify24.pl\/en\/wp-json\/wp\/v2\/product_cat?post=50712"},{"taxonomy":"product_tag","embeddable":true,"href":"https:\/\/stockify24.pl\/en\/wp-json\/wp\/v2\/product_tag?post=50712"}],"curies":[{"name":"wp","href":"https:\/\/api.w.org\/{rel}","templated":true}]}}