{"id":50730,"date":"2026-03-23T17:49:20","date_gmt":"2026-03-23T16:49:20","guid":{"rendered":"https:\/\/stockify24.pl\/?post_type=product&#038;p=50730"},"modified":"2026-03-27T17:17:36","modified_gmt":"2026-03-27T16:17:36","slug":"zaginione-przesylki-z-wloch-mix-produktow","status":"publish","type":"product","link":"https:\/\/stockify24.pl\/en\/product\/zaginione-przesylki-z-wloch-mix-produktow\/","title":{"rendered":"Lost shipments from Italy \ud83c\uddee\ud83c\uddf9 - product mix"},"content":{"rendered":"<div class=\"flex flex-col text-sm pb-25\">\n<section class=\"text-token-text-primary w-full focus:outline-none [--shadow-height:45px] has-data-writing-block:pointer-events-none has-data-writing-block:-mt-(--shadow-height) has-data-writing-block:pt-(--shadow-height) [&amp;:has([data-writing-block])&gt;*]:pointer-events-auto scroll-mt-[calc(var(--header-height)+min(200px,max(70px,20svh)))]\" dir=\"auto\" data-turn-id=\"request-69b8245d-0030-838e-b654-ccb872ba6f51-25\" data-testid=\"conversation-turn-200\" data-scroll-anchor=\"true\" data-turn=\"assistant\">\n<div class=\"text-base my-auto mx-auto pb-10 [--thread-content-margin:var(--thread-content-margin-xs,calc(var(--spacing)*4))] @w-sm\/main:[--thread-content-margin:var(--thread-content-margin-sm,calc(var(--spacing)*6))] @w-lg\/main:[--thread-content-margin:var(--thread-content-margin-lg,calc(var(--spacing)*16))] px-(--thread-content-margin)\">\n<div class=\"[--thread-content-max-width:40rem] @w-lg\/main:[--thread-content-max-width:48rem] mx-auto max-w-(--thread-content-max-width) flex-1 group\/turn-messages focus-visible:outline-hidden relative flex w-full min-w-0 flex-col agent-turn\">\n<div class=\"flex max-w-full flex-col gap-4 grow\">\n<div class=\"min-h-8 text-message relative flex w-full flex-col items-end gap-2 text-start break-words whitespace-normal outline-none keyboard-focused:focus-ring [.text-message+&amp;]:mt-1\" dir=\"auto\" tabindex=\"0\" data-message-author-role=\"assistant\" data-message-id=\"ed8abcdd-be0d-4615-88f1-9a47a52c2d16\" data-message-model-slug=\"gpt-5-3\" data-turn-start-message=\"true\">\n<div class=\"flex w-full flex-col gap-1 empty:hidden\">\n<div class=\"markdown prose dark:prose-invert w-full wrap-break-word dark markdown-new-styling\">\n<div class=\"flex h-svh w-screen flex-col\">\n<div class=\"relative z-0 flex min-h-0 w-full flex-1\">\n<div class=\"relative flex min-h-0 w-full flex-1\">\n<div class=\"@container\/main relative flex min-w-0 flex-1 flex-col -translate-y-[calc(env(safe-area-inset-bottom,0px)\/2)] pt-[calc(env(safe-area-inset-bottom,0px)\/2)]\">\n<div class=\"@w-sm\/main:[scrollbar-gutter:var(--stage-scroll-gutter)] touch:[scrollbar-width:none] group\/scroll-root relative flex min-h-0 min-w-0 flex-1 flex-col [scrollbar-gutter:stable] not-print:overflow-x-clip not-print:overflow-y-auto group-data-stream-active\/scroll-root:[overflow-anchor:none] scroll-pt-(--header-height) [--sticky-padding-top:var(--header-height)] [--sticky-padding-bottom:0px] [--scroll-root-safe-area-inset-top:calc(var(--sticky-padding-top)+env(safe-area-inset-top,0px))] [--scroll-root-safe-area-inset-bottom:calc(var(--sticky-padding-bottom)+var(--screen-keyboard-height,0px)+env(safe-area-inset-bottom,0px))] [--scroll-root-safe-area-height:calc(100lvh-var(--scroll-root-safe-area-inset-top)-var(--scroll-root-safe-area-inset-bottom))] has-data-[fixed-header=less-than-xl]:@w-xl\/main:scroll-pt-0 has-data-[fixed-header=less-than-xl]:@w-xl\/main:[--sticky-padding-top:0px] has-data-[fixed-header=less-than-xxl]:@w-2xl\/main:scroll-pt-0 has-data-[fixed-header=less-than-xxl]:@w-2xl\/main:[--sticky-padding-top:0px]\" data-scroll-root=\"\" data-scroll-from-top=\"\">\n<div class=\"relative basis-auto flex-col -mb-(--composer-overlap-px) pb-(--composer-overlap-px) [--composer-overlap-px:28px] grow flex\">\n<div class=\"flex flex-col text-sm\">\n<section class=\"text-token-text-primary w-full focus:outline-none [--shadow-height:45px] has-data-writing-block:pointer-events-none has-data-writing-block:-mt-(--shadow-height) has-data-writing-block:pt-(--shadow-height) [&amp;:has([data-writing-block])&gt;*]:pointer-events-auto scroll-mt-[calc(var(--header-height)+min(200px,max(70px,20svh)))]\" dir=\"auto\" data-turn-id=\"request-WEB:cc509de0-714c-4653-ad32-6b5e125a8411-7\" data-testid=\"conversation-turn-10\" data-scroll-anchor=\"true\" data-turn=\"assistant\">\n<div class=\"text-base my-auto mx-auto pb-10 [--thread-content-margin:var(--thread-content-margin-xs,calc(var(--spacing)*4))] @w-sm\/main:[--thread-content-margin:var(--thread-content-margin-sm,calc(var(--spacing)*6))] @w-lg\/main:[--thread-content-margin:var(--thread-content-margin-lg,calc(var(--spacing)*16))] px-(--thread-content-margin)\">\n<div class=\"[--thread-content-max-width:40rem] @w-lg\/main:[--thread-content-max-width:48rem] mx-auto max-w-(--thread-content-max-width) flex-1 group\/turn-messages focus-visible:outline-hidden relative flex w-full min-w-0 flex-col agent-turn\">\n<div class=\"flex max-w-full flex-col gap-4 grow\">\n<div class=\"min-h-8 text-message relative flex w-full flex-col items-end gap-2 text-start break-words whitespace-normal outline-none keyboard-focused:focus-ring [.text-message+&amp;]:mt-1\" dir=\"auto\" tabindex=\"0\" data-message-author-role=\"assistant\" data-message-id=\"cfa6deea-8ce4-4542-9cf9-48a3b1cdbe9a\" data-message-model-slug=\"gpt-5-3\" data-turn-start-message=\"true\">\n<div class=\"flex w-full flex-col gap-1 empty:hidden\">\n<div class=\"markdown prose dark:prose-invert w-full wrap-break-word dark markdown-new-styling\">\n<h2 data-section-id=\"1xy0cjp\" data-start=\"0\" data-end=\"69\">\ud83d\udce6 Zaginione przesy\u0142ki z W\u0142och \ud83c\uddee\ud83c\uddf9 \u2013 mix produkt\u00f3w do odsprzeda\u017cy<\/h2>\n<p data-start=\"71\" data-end=\"327\"><strong data-start=\"71\" data-end=\"102\">Zaginione przesy\u0142ki z W\u0142och<\/strong> to oferta dla e-commerce, sprzeda\u017cy hurtowej i reseller\u00f3w, kt\u00f3rzy szukaj\u0105 zr\u00f3\u017cnicowanego towaru w jednej dostawie. Palety zawieraj\u0105 mix produkt\u00f3w konsumenckich, co pozwala sprzedawa\u0107 w wielu kategoriach jednocze\u015bnie.<\/p>\n<p data-start=\"329\" data-end=\"434\">\u26a0\ufe0f <strong data-start=\"332\" data-end=\"360\">Liczba palet ograniczona<\/strong><br data-start=\"360\" data-end=\"363\" \/>Poprzednie dostawy zosta\u0142y szybko wyprzedane \u2013 dost\u0119pno\u015b\u0107 jest zmienna.<\/p>\n<h2 data-section-id=\"r234f1\" data-start=\"441\" data-end=\"463\">\ud83d\udcb0 Cena i parametry<\/h2>\n<p data-start=\"465\" data-end=\"529\">\ud83d\udcb0 <strong data-start=\"468\" data-end=\"492\">Cena: 30 z\u0142\/kg netto<\/strong><br data-start=\"492\" data-end=\"495\" \/>\u2696\ufe0f <strong data-start=\"498\" data-end=\"529\">Waga palet: od 80 do 120 kg<\/strong><\/p>\n<p data-start=\"465\" data-end=\"529\">Je\u015bli chcesz zam\u00f3wi\u0107 palet\u0119 o wadze powy\u017cej 120 kg, skontaktuj si\u0119 z nami, korzystaj\u0105c z <a href=\"https:\/\/stockify24.pl\/stockify-kontakt\/\"><strong>tego linku<\/strong><\/a>.<\/p>\n<h2 data-section-id=\"1l2bci4\" data-start=\"536\" data-end=\"557\">\ud83c\udf81 Zawarto\u015b\u0107 palet<\/h2>\n<p data-start=\"559\" data-end=\"623\">Palety zawieraj\u0105 <strong data-start=\"576\" data-end=\"600\">losowy mix produkt\u00f3w<\/strong>, bez listy zawarto\u015bci:<\/p>\n<ul data-start=\"625\" data-end=\"716\">\n<li data-section-id=\"1q1tgln\" data-start=\"625\" data-end=\"640\">elektronika<\/li>\n<li data-section-id=\"1wb3ngi\" data-start=\"641\" data-end=\"654\">akcesoria<\/li>\n<li data-section-id=\"1l6xd61\" data-start=\"655\" data-end=\"665\">odzie\u017c<\/li>\n<li data-section-id=\"1udh08r\" data-start=\"666\" data-end=\"697\">produkty codziennego u\u017cytku<\/li>\n<li data-section-id=\"a8xnm1\" data-start=\"698\" data-end=\"716\">inne kategorie<\/li>\n<\/ul>\n<p data-start=\"718\" data-end=\"803\">Ka\u017cda paleta jest pakowana losowo, co oznacza zmienny sk\u0142ad i r\u00f3\u017cnorodno\u015b\u0107 produkt\u00f3w.<\/p>\n<h2 data-section-id=\"1nqiors\" data-start=\"810\" data-end=\"838\">\ud83d\udce6 Charakterystyka towaru<\/h2>\n<p data-start=\"840\" data-end=\"977\">\u2714\ufe0f towar niesortowany<br data-start=\"861\" data-end=\"864\" \/>\u2714\ufe0f brak listy produkt\u00f3w<br data-start=\"887\" data-end=\"890\" \/>\u2714\ufe0f szeroki zakres kategorii<br data-start=\"917\" data-end=\"920\" \/>\u2714\ufe0f odpowiednie do sprzeda\u017cy pojedynczej lub w zestawach<\/p>\n<h2 data-section-id=\"z8apr\" data-start=\"984\" data-end=\"1002\">\ud83d\udcbc Zastosowanie<\/h2>\n<p data-start=\"1004\" data-end=\"1040\">Oferta przeznaczona dla os\u00f3b, kt\u00f3re:<\/p>\n<ul data-start=\"1042\" data-end=\"1191\">\n<li data-section-id=\"pz6hm8\" data-start=\"1042\" data-end=\"1079\">sprzedaj\u0105 na <a href=\"https:\/\/allegro.pl\/\" target=\"_blank\" rel=\"noopener\">Allegro<\/a>, <a href=\"https:\/\/www.olx.pl\/\" target=\"_blank\" rel=\"noopener\">OLX<\/a>, <a href=\"https:\/\/www.ebay.com\/\" target=\"_blank\" rel=\"noopener\">eBay<\/a>, <a href=\"https:\/\/www.amazon.com\/\" target=\"_blank\" rel=\"noopener\">Amazon<\/a><\/li>\n<li data-section-id=\"1epy72u\" data-start=\"1080\" data-end=\"1111\">prowadz\u0105 sklepy internetowe<\/li>\n<li data-section-id=\"1702zwz\" data-start=\"1112\" data-end=\"1149\">zajmuj\u0105 si\u0119 odsprzeda\u017c\u0105 produkt\u00f3w<\/li>\n<li data-section-id=\"haolfd\" data-start=\"1150\" data-end=\"1191\">szukaj\u0105 towaru do dalszej dystrybucji<\/li>\n<\/ul>\n<h2 data-section-id=\"14nr1um\" data-start=\"1198\" data-end=\"1224\">\ud83d\udcc8 Korzy\u015bci sprzeda\u017cowe<\/h2>\n<ul data-start=\"1226\" data-end=\"1369\">\n<li data-section-id=\"om4fxq\" data-start=\"1226\" data-end=\"1269\">mo\u017cliwo\u015b\u0107 sprzeda\u017cy w wielu kategoriach<\/li>\n<li data-section-id=\"odl5bv\" data-start=\"1270\" data-end=\"1301\">du\u017ca r\u00f3\u017cnorodno\u015b\u0107 produkt\u00f3w<\/li>\n<li data-section-id=\"1ro7tp\" data-start=\"1302\" data-end=\"1330\">zwi\u0119kszenie liczby ofert<\/li>\n<li data-section-id=\"rcr7uv\" data-start=\"1331\" data-end=\"1369\">dost\u0119p do towaru w jednej dostawie<\/li>\n<\/ul>\n<h2 data-section-id=\"gfj1y1\" data-start=\"1376\" data-end=\"1389\">\ud83d\ude9a Dostawa<\/h2>\n<ul data-start=\"1391\" data-end=\"1473\">\n<li data-section-id=\"10nvshm\" data-start=\"1391\" data-end=\"1411\">wysy\u0142ka z Europy<\/li>\n<li data-section-id=\"igemay\" data-start=\"1412\" data-end=\"1442\">szybka realizacja zam\u00f3wie\u0144<\/li>\n<li data-section-id=\"1j8kcmu\" data-start=\"1443\" data-end=\"1473\">bezpieczne pakowanie palet<\/li>\n<\/ul>\n<h2 data-section-id=\"p6kgem\" data-start=\"1480\" data-end=\"1502\">\u2139\ufe0f Wa\u017cne informacje<\/h2>\n<ul data-start=\"1504\" data-end=\"1600\">\n<li data-section-id=\"1jh6vg4\" data-start=\"1504\" data-end=\"1536\">ka\u017cda paleta ma <strong>losowy<\/strong> sk\u0142ad<\/li>\n<li data-section-id=\"mo09xk\" data-start=\"1537\" data-end=\"1577\">brak gwarancji konkretnej zawarto\u015bci<\/li>\n<li data-section-id=\"1u1q0wx\" data-start=\"1578\" data-end=\"1600\">towar niesortowany<\/li>\n<\/ul>\n<h2 data-section-id=\"sln6me\" data-start=\"1607\" data-end=\"1620\">\ud83d\udcf8 Zdj\u0119cia<\/h2>\n<p data-start=\"1622\" data-end=\"1699\" data-is-last-node=\"\" data-is-only-node=\"\">Zdj\u0119cia maj\u0105 charakter pogl\u0105dowy i przedstawiaj\u0105 przyk\u0142adow\u0105 zawarto\u015b\u0107 palet.<\/p>\n<h2 data-section-id=\"132lgn5\" data-start=\"4272\" data-end=\"4305\">\ud83c\udf10 Sprawd\u017a inne dost\u0119pne opcje<\/h2>\n<p data-start=\"4307\" data-end=\"4359\">Je\u015bli chcesz por\u00f3wna\u0107 dost\u0119pne warianty, przejd\u017a do:<\/p>\n<p data-start=\"4361\" data-end=\"4482\">Wszystkie modele palet Amazon mo\u017cna znale\u017a\u0107 <a href=\"https:\/\/stockify24.pl\/sklep\/\"><strong>tutaj<\/strong>.<\/a><br data-start=\"4411\" data-end=\"4414\" \/>Wszystkie opcje palet Amazon o du\u017cej pojemno\u015bci mo\u017cna znale\u017a\u0107 <a href=\"https:\/\/stockify24.pl\/kategoria-produktu\/dostawy-amazon\/\"><strong>tutaj<\/strong><\/a>.<\/p>\n<p data-start=\"4484\" data-end=\"4574\">Dzi\u0119ki temu mo\u017cesz dobra\u0107 rozwi\u0105zanie dopasowane do Twojego bud\u017cetu i strategii sprzeda\u017cy.<\/p>\n<\/div>\n<\/div>\n<\/div>\n<\/div>\n<\/div>\n<\/div>\n<\/section>\n<\/div>\n<\/div>\n<\/div>\n<\/div>\n<\/div>\n<\/div>\n<\/div>\n<\/div>\n<\/div>\n<\/div>\n<\/div>\n<\/div>\n<\/div>\n<\/section>\n<\/div>\n","protected":false},"excerpt":{"rendered":"<p class=\"p1\">\u26a1 Zaginione przesy\u0142ki z W\u0142och<\/p>\n<p class=\"p1\">\u2714\ufe0f Mix produkt\u00f3w do odsprzeda\u017cy<\/p>","protected":false},"featured_media":50731,"comment_status":"open","ping_status":"closed","template":"","meta":{"_acf_changed":false},"product_brand":[],"product_cat":[1293],"product_tag":[1297],"class_list":{"0":"post-50730","1":"product","2":"type-product","3":"status-publish","4":"has-post-thumbnail","6":"product_cat-paczki-nieodebrane-zagubione","7":"product_tag-zaginione-przesylki","9":"first","10":"instock","11":"taxable","12":"shipping-taxable","13":"purchasable","14":"product-type-variable"},"acf":[],"_links":{"self":[{"href":"https:\/\/stockify24.pl\/en\/wp-json\/wp\/v2\/product\/50730","targetHints":{"allow":["GET"]}}],"collection":[{"href":"https:\/\/stockify24.pl\/en\/wp-json\/wp\/v2\/product"}],"about":[{"href":"https:\/\/stockify24.pl\/en\/wp-json\/wp\/v2\/types\/product"}],"replies":[{"embeddable":true,"href":"https:\/\/stockify24.pl\/en\/wp-json\/wp\/v2\/comments?post=50730"}],"wp:featuredmedia":[{"embeddable":true,"href":"https:\/\/stockify24.pl\/en\/wp-json\/wp\/v2\/media\/50731"}],"wp:attachment":[{"href":"https:\/\/stockify24.pl\/en\/wp-json\/wp\/v2\/media?parent=50730"}],"wp:term":[{"taxonomy":"product_brand","embeddable":true,"href":"https:\/\/stockify24.pl\/en\/wp-json\/wp\/v2\/product_brand?post=50730"},{"taxonomy":"product_cat","embeddable":true,"href":"https:\/\/stockify24.pl\/en\/wp-json\/wp\/v2\/product_cat?post=50730"},{"taxonomy":"product_tag","embeddable":true,"href":"https:\/\/stockify24.pl\/en\/wp-json\/wp\/v2\/product_tag?post=50730"}],"curies":[{"name":"wp","href":"https:\/\/api.w.org\/{rel}","templated":true}]}}