{"id":50775,"date":"2026-03-24T14:27:03","date_gmt":"2026-03-24T13:27:03","guid":{"rendered":"https:\/\/stockify24.pl\/?post_type=product&#038;p=50775"},"modified":"2026-03-24T14:30:27","modified_gmt":"2026-03-24T13:30:27","slug":"paleta-zabawek-dla-dzieci-100-zabawki-3","status":"publish","type":"product","link":"https:\/\/stockify24.pl\/en\/product\/paleta-zabawek-dla-dzieci-100-zabawki-3\/","title":{"rendered":"Children's toy pallet | 100% toys - category A"},"content":{"rendered":"<div class=\"flex flex-col text-sm pb-25\">\n<section class=\"text-token-text-primary w-full focus:outline-none [--shadow-height:45px] has-data-writing-block:pointer-events-none has-data-writing-block:-mt-(--shadow-height) has-data-writing-block:pt-(--shadow-height) [&amp;:has([data-writing-block])&gt;*]:pointer-events-auto scroll-mt-[calc(var(--header-height)+min(200px,max(70px,20svh)))]\" dir=\"auto\" data-turn-id=\"request-69b8245d-0030-838e-b654-ccb872ba6f51-25\" data-testid=\"conversation-turn-200\" data-scroll-anchor=\"true\" data-turn=\"assistant\">\n<div class=\"text-base my-auto mx-auto pb-10 [--thread-content-margin:var(--thread-content-margin-xs,calc(var(--spacing)*4))] @w-sm\/main:[--thread-content-margin:var(--thread-content-margin-sm,calc(var(--spacing)*6))] @w-lg\/main:[--thread-content-margin:var(--thread-content-margin-lg,calc(var(--spacing)*16))] px-(--thread-content-margin)\">\n<div class=\"[--thread-content-max-width:40rem] @w-lg\/main:[--thread-content-max-width:48rem] mx-auto max-w-(--thread-content-max-width) flex-1 group\/turn-messages focus-visible:outline-hidden relative flex w-full min-w-0 flex-col agent-turn\">\n<div class=\"flex max-w-full flex-col gap-4 grow\">\n<div class=\"min-h-8 text-message relative flex w-full flex-col items-end gap-2 text-start break-words whitespace-normal outline-none keyboard-focused:focus-ring [.text-message+&amp;]:mt-1\" dir=\"auto\" tabindex=\"0\" data-message-author-role=\"assistant\" data-message-id=\"ed8abcdd-be0d-4615-88f1-9a47a52c2d16\" data-message-model-slug=\"gpt-5-3\" data-turn-start-message=\"true\">\n<div class=\"flex w-full flex-col gap-1 empty:hidden\">\n<div class=\"markdown prose dark:prose-invert w-full wrap-break-word dark markdown-new-styling\">\n<div class=\"flex h-svh w-screen flex-col\">\n<div class=\"relative z-0 flex min-h-0 w-full flex-1\">\n<div class=\"relative flex min-h-0 w-full flex-1\">\n<div class=\"@container\/main relative flex min-w-0 flex-1 flex-col -translate-y-[calc(env(safe-area-inset-bottom,0px)\/2)] pt-[calc(env(safe-area-inset-bottom,0px)\/2)]\">\n<div class=\"@w-sm\/main:[scrollbar-gutter:var(--stage-scroll-gutter)] touch:[scrollbar-width:none] group\/scroll-root relative flex min-h-0 min-w-0 flex-1 flex-col [scrollbar-gutter:stable] not-print:overflow-x-clip not-print:overflow-y-auto group-data-stream-active\/scroll-root:[overflow-anchor:none] scroll-pt-(--header-height) [--sticky-padding-top:var(--header-height)] [--sticky-padding-bottom:0px] [--scroll-root-safe-area-inset-top:calc(var(--sticky-padding-top)+env(safe-area-inset-top,0px))] [--scroll-root-safe-area-inset-bottom:calc(var(--sticky-padding-bottom)+var(--screen-keyboard-height,0px)+env(safe-area-inset-bottom,0px))] [--scroll-root-safe-area-height:calc(100lvh-var(--scroll-root-safe-area-inset-top)-var(--scroll-root-safe-area-inset-bottom))] has-data-[fixed-header=less-than-xl]:@w-xl\/main:scroll-pt-0 has-data-[fixed-header=less-than-xl]:@w-xl\/main:[--sticky-padding-top:0px] has-data-[fixed-header=less-than-xxl]:@w-2xl\/main:scroll-pt-0 has-data-[fixed-header=less-than-xxl]:@w-2xl\/main:[--sticky-padding-top:0px]\" data-scroll-root=\"\" data-scroll-from-top=\"\">\n<div class=\"relative basis-auto flex-col -mb-(--composer-overlap-px) pb-(--composer-overlap-px) [--composer-overlap-px:28px] grow flex\">\n<div class=\"flex flex-col text-sm\">\n<section class=\"text-token-text-primary w-full focus:outline-none [--shadow-height:45px] has-data-writing-block:pointer-events-none has-data-writing-block:-mt-(--shadow-height) has-data-writing-block:pt-(--shadow-height) [&amp;:has([data-writing-block])&gt;*]:pointer-events-auto scroll-mt-[calc(var(--header-height)+min(200px,max(70px,20svh)))]\" dir=\"auto\" data-turn-id=\"request-WEB:cc509de0-714c-4653-ad32-6b5e125a8411-7\" data-testid=\"conversation-turn-10\" data-scroll-anchor=\"true\" data-turn=\"assistant\">\n<div class=\"text-base my-auto mx-auto pb-10 [--thread-content-margin:var(--thread-content-margin-xs,calc(var(--spacing)*4))] @w-sm\/main:[--thread-content-margin:var(--thread-content-margin-sm,calc(var(--spacing)*6))] @w-lg\/main:[--thread-content-margin:var(--thread-content-margin-lg,calc(var(--spacing)*16))] px-(--thread-content-margin)\">\n<div class=\"[--thread-content-max-width:40rem] @w-lg\/main:[--thread-content-max-width:48rem] mx-auto max-w-(--thread-content-max-width) flex-1 group\/turn-messages focus-visible:outline-hidden relative flex w-full min-w-0 flex-col agent-turn\">\n<div class=\"flex max-w-full flex-col gap-4 grow\">\n<div class=\"min-h-8 text-message relative flex w-full flex-col items-end gap-2 text-start break-words whitespace-normal outline-none keyboard-focused:focus-ring [.text-message+&amp;]:mt-1\" dir=\"auto\" tabindex=\"0\" data-message-author-role=\"assistant\" data-message-id=\"cfa6deea-8ce4-4542-9cf9-48a3b1cdbe9a\" data-message-model-slug=\"gpt-5-3\" data-turn-start-message=\"true\">\n<div class=\"flex w-full flex-col gap-1 empty:hidden\">\n<div class=\"markdown prose dark:prose-invert w-full wrap-break-word dark markdown-new-styling\">\n<h2 data-section-id=\"jxcq8f\" data-start=\"0\" data-end=\"82\">\ud83d\udd25\ud83d\udce6 Paleta zabawek dla dzieci | 100% zabawki \u2013 kategoria A do sprzeda\u017cy online<\/h2>\n<p data-start=\"84\" data-end=\"413\"><strong data-start=\"84\" data-end=\"113\">Paleta zabawek dla dzieci<\/strong> to rozwi\u0105zanie dla e-commerce, sprzeda\u017cy internetowej oraz reseller\u00f3w, kt\u00f3rzy rozwijaj\u0105 ofert\u0119 w kategorii zabawki dzieci\u0119ce online. Zawarto\u015b\u0107 obejmuje wy\u0142\u0105cznie produkty przeznaczone dla dzieci, co umo\u017cliwia budowanie oferty w jednej, stabilnej i cz\u0119sto wyszukiwanej kategorii sprzeda\u017cowej.<\/p>\n<p data-start=\"415\" data-end=\"698\">Asortyment obejmuje <strong data-start=\"435\" data-end=\"486\">mix zabawek dzieci\u0119cych o szerokim zastosowaniu<\/strong>, kt\u00f3re s\u0105 regularnie wybierane przez klient\u00f3w zar\u00f3wno w sprzeda\u017cy detalicznej, jak i internetowej. Dzi\u0119ki temu mo\u017cliwe jest kierowanie oferty do r\u00f3\u017cnych grup odbiorc\u00f3w \u2013 od najm\u0142odszych dzieci po starsze dzieci.<\/p>\n<h2 data-section-id=\"v5ropo\" data-start=\"705\" data-end=\"748\">\ud83d\udce6 Zawarto\u015b\u0107 palety \u2013 zabawki dla dzieci<\/h2>\n<p data-start=\"750\" data-end=\"862\">Paleta zawiera <strong data-start=\"765\" data-end=\"810\">zr\u00f3\u017cnicowany zestaw produkt\u00f3w dzieci\u0119cych<\/strong>, kt\u00f3re mo\u017cna sprzedawa\u0107 pojedynczo lub w zestawach:<\/p>\n<ul data-start=\"864\" data-end=\"1000\">\n<li data-section-id=\"192j3vk\" data-start=\"864\" data-end=\"886\">zabawki edukacyjne<\/li>\n<li data-section-id=\"1vuhsh5\" data-start=\"887\" data-end=\"908\">zabawki kreatywne<\/li>\n<li data-section-id=\"12b0r14\" data-start=\"909\" data-end=\"932\">zabawki sensoryczne<\/li>\n<li data-section-id=\"1c0scu8\" data-start=\"933\" data-end=\"962\">gry i akcesoria dzieci\u0119ce<\/li>\n<li data-section-id=\"qsepu0\" data-start=\"963\" data-end=\"1000\">inne produkty z kategorii zabawki<\/li>\n<\/ul>\n<p data-start=\"1002\" data-end=\"1104\">\ud83d\udcca <strong data-start=\"1005\" data-end=\"1048\">Zabawki stanowi\u0105 100% zawarto\u015bci palety<\/strong><br data-start=\"1048\" data-end=\"1051\" \/>Ka\u017cda paleta zawiera losowo dobrany zestaw produkt\u00f3w.<\/p>\n<p data-start=\"1106\" data-end=\"1231\">Zmienny sk\u0142ad pozwala rozwija\u0107 sprzeda\u017c w r\u00f3\u017cnych segmentach kategorii dzieci\u0119cej bez ograniczenia do jednego typu produkt\u00f3w.<\/p>\n<h2 data-section-id=\"weoo2p\" data-start=\"1238\" data-end=\"1271\">\u2b50 Stan produkt\u00f3w \u2013 kategoria A<\/h2>\n<ul data-start=\"1273\" data-end=\"1381\">\n<li data-section-id=\"1otj7x2\" data-start=\"1273\" data-end=\"1320\">wszystkie produkty s\u0105 <strong data-start=\"1297\" data-end=\"1318\">nowe i nieu\u017cywane<\/strong><\/li>\n<li data-section-id=\"j9q8b8\" data-start=\"1321\" data-end=\"1348\">brak \u015blad\u00f3w u\u017cytkowania<\/li>\n<li data-section-id=\"can2dy\" data-start=\"1349\" data-end=\"1381\">produkty gotowe do sprzeda\u017cy<\/li>\n<\/ul>\n<p data-start=\"1383\" data-end=\"1525\">Towar spe\u0142nia wymagania sprzeda\u017cy detalicznej oraz e-commerce i mo\u017ce by\u0107 bezpo\u015brednio wprowadzony do oferty sklepu lub platform sprzeda\u017cowych.<\/p>\n<h2 data-section-id=\"fo6i20\" data-start=\"1532\" data-end=\"1554\">\ud83d\udcd0 Parametry palety<\/h2>\n<p data-start=\"1556\" data-end=\"1659\">\ud83d\udccf Wysoko\u015b\u0107 palety: oko\u0142o 100 cm<br data-start=\"1588\" data-end=\"1591\" \/>\ud83d\udce6 Zawarto\u015b\u0107: 100% zabawki dla dzieci<br data-start=\"1628\" data-end=\"1631\" \/>\ud83d\udce6 Sk\u0142ad: losowy i zmienny<\/p>\n<p data-start=\"1661\" data-end=\"1704\">Ka\u017cda paleta zawiera inny zestaw produkt\u00f3w.<\/p>\n<h2 data-section-id=\"1r74rat\" data-start=\"1711\" data-end=\"1755\">\ud83d\udcbc Zastosowanie \u2013 sprzeda\u017c zabawek online<\/h2>\n<p data-start=\"1757\" data-end=\"1816\">Paleta zabawek dla dzieci jest odpowiednia dla os\u00f3b, kt\u00f3re:<\/p>\n<ul data-start=\"1818\" data-end=\"1989\">\n<li data-section-id=\"4yq4hc\" data-start=\"1818\" data-end=\"1859\">sprzedaj\u0105 na Allegro, OLX, Amazon<\/li>\n<li data-section-id=\"1kjuez1\" data-start=\"1860\" data-end=\"1907\">prowadz\u0105 sklepy internetowe z zabawkami<\/li>\n<li data-section-id=\"1mxb40z\" data-start=\"1908\" data-end=\"1939\">oferuj\u0105 produkty pojedynczo<\/li>\n<li data-section-id=\"1kaakyr\" data-start=\"1940\" data-end=\"1989\">zajmuj\u0105 si\u0119 odsprzeda\u017c\u0105 produkt\u00f3w dzieci\u0119cych<\/li>\n<\/ul>\n<p data-start=\"1991\" data-end=\"2097\">Produkty dzieci\u0119ce nale\u017c\u0105 do kategorii regularnie wybieranych, co umo\u017cliwia budowanie oferty sprzeda\u017cowej.<\/p>\n<h2 data-section-id=\"14nr1um\" data-start=\"2104\" data-end=\"2130\">\ud83d\udcc8 Korzy\u015bci sprzeda\u017cowe<\/h2>\n<ul data-start=\"2132\" data-end=\"2348\">\n<li data-section-id=\"j08r6w\" data-start=\"2132\" data-end=\"2174\">szeroki wyb\u00f3r zabawek w jednym zakupie<\/li>\n<li data-section-id=\"ubec9w\" data-start=\"2175\" data-end=\"2210\">sprzeda\u017c w kategorii dzieci\u0119cej<\/li>\n<li data-section-id=\"tfqkdy\" data-start=\"2211\" data-end=\"2253\">zwi\u0119kszenie liczby produkt\u00f3w w ofercie<\/li>\n<li data-section-id=\"12buj1s\" data-start=\"2254\" data-end=\"2306\">dopasowanie asortymentu do r\u00f3\u017cnych grup klient\u00f3w<\/li>\n<li data-section-id=\"1vtk23a\" data-start=\"2307\" data-end=\"2348\">rozw\u00f3j sprzeda\u017cy online i marketplace<\/li>\n<\/ul>\n<p data-start=\"2350\" data-end=\"2430\">Paleta pozwala rozszerzy\u0107 ofert\u0119 bez konieczno\u015bci zakupu pojedynczych produkt\u00f3w.<\/p>\n<h2 data-section-id=\"m785xy\" data-start=\"2437\" data-end=\"2463\">\ud83d\uded2 Mo\u017cliwo\u015bci sprzeda\u017cy<\/h2>\n<p data-start=\"2465\" data-end=\"2492\">Zawarto\u015b\u0107 palety umo\u017cliwia:<\/p>\n<ul data-start=\"2494\" data-end=\"2640\">\n<li data-section-id=\"eaedyo\" data-start=\"2494\" data-end=\"2529\">sprzeda\u017c pojedynczych produkt\u00f3w<\/li>\n<li data-section-id=\"dt9qvk\" data-start=\"2530\" data-end=\"2572\">tworzenie zestaw\u00f3w zabawek dzieci\u0119cych<\/li>\n<li data-section-id=\"geauon\" data-start=\"2573\" data-end=\"2611\">rozw\u00f3j kategorii zabawki w sklepie<\/li>\n<li data-section-id=\"ctvnpg\" data-start=\"2612\" data-end=\"2640\">uzupe\u0142nianie asortymentu<\/li>\n<\/ul>\n<p data-start=\"2642\" data-end=\"2721\">Dzi\u0119ki temu mo\u017cliwe jest prowadzenie sprzeda\u017cy w r\u00f3\u017cnych kana\u0142ach jednocze\u015bnie.<\/p>\n<h2 data-section-id=\"78zdcb\" data-start=\"2728\" data-end=\"2759\">\ud83d\udcca Zastosowanie w e-commerce<\/h2>\n<p data-start=\"2761\" data-end=\"2821\">Paleta zabawek dla dzieci sprawdzi si\u0119 w modelach sprzeda\u017cy:<\/p>\n<ul data-start=\"2823\" data-end=\"2911\">\n<li data-section-id=\"c9k76t\" data-start=\"2823\" data-end=\"2861\">marketplace<\/li>\n<li data-section-id=\"1fmpn86\" data-start=\"2862\" data-end=\"2884\">sklepy internetowe<\/li>\n<li data-section-id=\"1di29sp\" data-start=\"2885\" data-end=\"2911\">sprzeda\u017c wielokana\u0142owa<\/li>\n<\/ul>\n<p data-start=\"2913\" data-end=\"3027\">Zmienny sk\u0142ad umo\u017cliwia dopasowanie oferty do aktualnych potrzeb klient\u00f3w oraz sezonowo\u015bci w kategorii dzieci\u0119cej.<\/p>\n<h2 data-section-id=\"gfj1y1\" data-start=\"3034\" data-end=\"3047\">\ud83d\ude9a Dostawa<\/h2>\n<ul data-start=\"3049\" data-end=\"3131\">\n<li data-section-id=\"10nvshm\" data-start=\"3049\" data-end=\"3069\">wysy\u0142ka z Europy<\/li>\n<li data-section-id=\"igemay\" data-start=\"3070\" data-end=\"3100\">szybka realizacja zam\u00f3wie\u0144<\/li>\n<li data-section-id=\"1j8kcmu\" data-start=\"3101\" data-end=\"3131\">bezpieczne pakowanie palet<\/li>\n<\/ul>\n<h2 data-section-id=\"p6kgem\" data-start=\"3138\" data-end=\"3160\">\u2139\ufe0f Wa\u017cne informacje<\/h2>\n<ul data-start=\"3162\" data-end=\"3287\">\n<li data-section-id=\"6gwjcq\" data-start=\"3162\" data-end=\"3193\">produkty nowe \u2013 kategoria A<\/li>\n<li data-section-id=\"1rrf97y\" data-start=\"3194\" data-end=\"3218\">brak listy produkt\u00f3w<\/li>\n<li data-section-id=\"zia6d9\" data-start=\"3219\" data-end=\"3251\">ka\u017cda paleta pakowana <strong>losowo<\/strong><\/li>\n<li data-section-id=\"5m1wdl\" data-start=\"3252\" data-end=\"3287\">sk\u0142ad zmienny w ka\u017cdej dostawie<\/li>\n<\/ul>\n<h2 data-section-id=\"1915pio\" data-start=\"3294\" data-end=\"3316\">\ud83d\udcf8 Zdj\u0119cia produktu<\/h2>\n<p data-start=\"3318\" data-end=\"3395\">Zdj\u0119cia maj\u0105 charakter pogl\u0105dowy i przedstawiaj\u0105 przyk\u0142adow\u0105 zawarto\u015b\u0107 palet.<\/p>\n<\/div>\n<\/div>\n<\/div>\n<\/div>\n<\/div>\n<\/div>\n<\/section>\n<\/div>\n<\/div>\n<\/div>\n<\/div>\n<\/div>\n<\/div>\n<\/div>\n<\/div>\n<\/div>\n<\/div>\n<\/div>\n<\/div>\n<\/div>\n<\/section>\n<\/div>\n","protected":false},"excerpt":{"rendered":"<p class=\"p1\">\u26a1 Paleta zabawek dla dzieci | 100% zabawki<\/p>\n<p class=\"p1\">\ud83d\udd25 Amazon Returns<\/p>\n<p class=\"p1\" style=\"text-align: left;\">\u2714\ufe0f Jako\u015b\u0107 A<\/p>","protected":false},"featured_media":50776,"comment_status":"open","ping_status":"closed","template":"","meta":{"_acf_changed":false},"product_brand":[],"product_cat":[1301],"product_tag":[1302],"class_list":{"0":"post-50775","1":"product","2":"type-product","3":"status-publish","4":"has-post-thumbnail","6":"product_cat-zabawki","7":"product_tag-zabawki","9":"first","10":"instock","11":"sold-individually","12":"taxable","13":"shipping-taxable","14":"purchasable","15":"product-type-simple"},"acf":[],"_links":{"self":[{"href":"https:\/\/stockify24.pl\/en\/wp-json\/wp\/v2\/product\/50775","targetHints":{"allow":["GET"]}}],"collection":[{"href":"https:\/\/stockify24.pl\/en\/wp-json\/wp\/v2\/product"}],"about":[{"href":"https:\/\/stockify24.pl\/en\/wp-json\/wp\/v2\/types\/product"}],"replies":[{"embeddable":true,"href":"https:\/\/stockify24.pl\/en\/wp-json\/wp\/v2\/comments?post=50775"}],"wp:featuredmedia":[{"embeddable":true,"href":"https:\/\/stockify24.pl\/en\/wp-json\/wp\/v2\/media\/50776"}],"wp:attachment":[{"href":"https:\/\/stockify24.pl\/en\/wp-json\/wp\/v2\/media?parent=50775"}],"wp:term":[{"taxonomy":"product_brand","embeddable":true,"href":"https:\/\/stockify24.pl\/en\/wp-json\/wp\/v2\/product_brand?post=50775"},{"taxonomy":"product_cat","embeddable":true,"href":"https:\/\/stockify24.pl\/en\/wp-json\/wp\/v2\/product_cat?post=50775"},{"taxonomy":"product_tag","embeddable":true,"href":"https:\/\/stockify24.pl\/en\/wp-json\/wp\/v2\/product_tag?post=50775"}],"curies":[{"name":"wp","href":"https:\/\/api.w.org\/{rel}","templated":true}]}}