{"id":51301,"date":"2026-04-16T05:56:52","date_gmt":"2026-04-16T04:56:52","guid":{"rendered":"https:\/\/stockify24.pl\/?post_type=product&#038;p=51301"},"modified":"2026-04-24T15:33:24","modified_gmt":"2026-04-24T14:33:24","slug":"paleta-elektroniki-z-europy-eu-a-b-236","status":"publish","type":"product","link":"https:\/\/stockify24.pl\/en\/product\/paleta-elektroniki-z-europy-eu-a-b-236\/","title":{"rendered":"Electronics pallet from Europe (EU) |A-B| #236"},"content":{"rendered":"<section class=\"text-token-text-primary w-full focus:outline-none [--shadow-height:45px] has-data-writing-block:pointer-events-none has-data-writing-block:-mt-(--shadow-height) has-data-writing-block:pt-(--shadow-height) [&amp;:has([data-writing-block])&gt;*]:pointer-events-auto [content-visibility:auto] supports-[content-visibility:auto]:[contain-intrinsic-size:auto_100lvh] R6Vx5W_threadScrollVars scroll-mb-[calc(var(--scroll-root-safe-area-inset-bottom,0px)+var(--thread-response-height))] scroll-mt-[calc(var(--header-height)+min(200px,max(70px,20svh)))]\" dir=\"auto\" data-turn-id=\"request-69c65452-e37c-8386-b18d-56272d59cc8a-2\" data-testid=\"conversation-turn-182\" data-scroll-anchor=\"false\" data-turn=\"assistant\">\n<div class=\"text-base my-auto mx-auto pb-10 [--thread-content-margin:var(--thread-content-margin-xs,calc(var(--spacing)*4))] @w-sm\/main:[--thread-content-margin:var(--thread-content-margin-sm,calc(var(--spacing)*6))] @w-lg\/main:[--thread-content-margin:var(--thread-content-margin-lg,calc(var(--spacing)*16))] px-(--thread-content-margin)\">\n<div class=\"[--thread-content-max-width:40rem] @w-lg\/main:[--thread-content-max-width:48rem] mx-auto max-w-(--thread-content-max-width) flex-1 group\/turn-messages focus-visible:outline-hidden relative flex w-full min-w-0 flex-col agent-turn\">\n<div class=\"flex max-w-full flex-col gap-4 grow\">\n<div class=\"min-h-8 text-message relative flex w-full flex-col items-end gap-2 text-start break-words whitespace-normal outline-none keyboard-focused:focus-ring [.text-message+&amp;]:mt-1\" dir=\"auto\" tabindex=\"0\" data-message-author-role=\"assistant\" data-message-id=\"d85b2cda-9e84-4202-a0e8-91a8c5659274\" data-message-model-slug=\"gpt-5-3\" data-turn-start-message=\"true\">\n<div class=\"flex w-full flex-col gap-1 empty:hidden\">\n<div class=\"markdown prose dark:prose-invert w-full wrap-break-word dark markdown-new-styling\">\n<h1 data-section-id=\"nrrls4\" data-start=\"250\" data-end=\"339\"><span role=\"text\"><strong data-start=\"252\" data-end=\"339\">Paleta elektroniki z Europy EU \u2013 mix A\u2013B | 70\u201380% elektronika u\u017cytkowa do sprzeda\u017cy<\/strong><\/span><\/h1>\n<h2 data-section-id=\"v243o5\" data-start=\"341\" data-end=\"416\">Nowa dostawa \u2013 maksymalna ilo\u015b\u0107 produkt\u00f3w i szybkie skalowanie sprzeda\u017cy<\/h2>\n<p data-start=\"418\" data-end=\"739\">Paleta elektroniki z Europy EU w standardzie A\u2013B to rozwi\u0105zanie dla sprzedawc\u00f3w, kt\u00f3rzy chc\u0105 zwi\u0119kszy\u0107 sprzeda\u017c poprzez prac\u0119 na du\u017cej liczbie produkt\u00f3w jednocze\u015bnie. Tego typu dostawa umo\u017cliwia szybkie rozszerzenie oferty i wej\u015bcie w kategori\u0119 elektroniki u\u017cytkowej bez konieczno\u015bci kompletowania asortymentu pojedynczo.<\/p>\n<p data-start=\"741\" data-end=\"986\">Zawarto\u015b\u0107 palety obejmuje oko\u0142o 70\u201380% elektroniki u\u017cytkowej, co pozwala skoncentrowa\u0107 dzia\u0142ania sprzeda\u017cowe na segmencie generuj\u0105cym najwi\u0119kszy popyt. Dzi\u0119ki temu mo\u017cliwe jest osi\u0105ganie stabilnych wynik\u00f3w oraz efektywne skalowanie dzia\u0142alno\u015bci.<\/p>\n<p data-start=\"988\" data-end=\"1148\">Ka\u017cda paleta posiada losowy sk\u0142ad. Oznacza to brak powtarzalno\u015bci produkt\u00f3w, co pozwala stale od\u015bwie\u017ca\u0107 ofert\u0119 i dopasowywa\u0107 j\u0105 do aktualnych trend\u00f3w rynkowych.<\/p>\n<h2 data-section-id=\"11cofrb\" data-start=\"1155\" data-end=\"1210\">Zawarto\u015b\u0107 palety \u2013 szeroki mix elektroniki u\u017cytkowej<\/h2>\n<p data-start=\"1212\" data-end=\"1326\">Mix obejmuje produkty elektroniczne oraz akcesoria, kt\u00f3re nale\u017c\u0105 do najcz\u0119\u015bciej kupowanych kategorii w e-commerce.<\/p>\n<p data-start=\"1328\" data-end=\"1365\">W sk\u0142ad palety wchodz\u0105 mi\u0119dzy innymi:<\/p>\n<ul data-start=\"1367\" data-end=\"1600\">\n<li data-section-id=\"iz16co\" data-start=\"1367\" data-end=\"1410\">s\u0142uchawki bezprzewodowe oraz przewodowe<\/li>\n<li data-section-id=\"om8off\" data-start=\"1411\" data-end=\"1447\">\u0142adowarki, przewody i powerbanki<\/li>\n<li data-section-id=\"2cko63\" data-start=\"1448\" data-end=\"1465\">akcesoria GSM<\/li>\n<li data-section-id=\"129ryor\" data-start=\"1466\" data-end=\"1491\">urz\u0105dzenia smart home<\/li>\n<li data-section-id=\"isey0l\" data-start=\"1492\" data-end=\"1531\">drobne AGD (np. suszarki, masa\u017cery)<\/li>\n<li data-section-id=\"31a3fm\" data-start=\"1532\" data-end=\"1573\">kontrolery oraz gad\u017cety elektroniczne<\/li>\n<li data-section-id=\"4fq00c\" data-start=\"1574\" data-end=\"1600\">inne produkty u\u017cytkowe<\/li>\n<\/ul>\n<p data-start=\"1602\" data-end=\"1746\">Zr\u00f3\u017cnicowany asortyment pozwala prowadzi\u0107 sprzeda\u017c w wielu segmentach jednocze\u015bnie, co zwi\u0119ksza rotacj\u0119 produkt\u00f3w i poprawia wyniki sprzeda\u017cowe.<\/p>\n<h2 data-section-id=\"1bqywfz\" data-start=\"1753\" data-end=\"1804\">Parametry techniczne<\/h2>\n<ul data-start=\"1806\" data-end=\"1974\">\n<li data-section-id=\"pdbh1u\" data-start=\"1806\" data-end=\"1833\">wysoko\u015b\u0107 palety: 1 metr<\/li>\n<li data-section-id=\"obndw3\" data-start=\"1834\" data-end=\"1856\">waga netto: 152 kg<\/li>\n<li data-section-id=\"6ry0ec\" data-start=\"1857\" data-end=\"1897\">struktura: mix elektroniki u\u017cytkowej<\/li>\n<li data-section-id=\"1hlaiqg\" data-start=\"1898\" data-end=\"1930\">asortyment: losowy i zmienny<\/li>\n<li data-section-id=\"qcmq4m\" data-start=\"1931\" data-end=\"1974\">ka\u017cda paleta: unikalny zestaw produkt\u00f3w<\/li>\n<\/ul>\n<p data-start=\"1976\" data-end=\"2066\">Paleta nie posiada sta\u0142ej specyfikacji \u2014 jej zawarto\u015b\u0107 zale\u017cy od aktualnej partii dostawy.<\/p>\n<h2 data-section-id=\"1xs96tf\" data-start=\"2073\" data-end=\"2140\">Dlaczego elektronika u\u017cytkowa to najlepszy segment do sprzeda\u017cy?<\/h2>\n<p data-start=\"2142\" data-end=\"2295\">Elektronika u\u017cytkowa to jedna z najbardziej stabilnych kategorii sprzeda\u017cowych. Produkty z tej grupy s\u0105 regularnie kupowane i maj\u0105 szerokie zastosowanie.<\/p>\n<p data-start=\"2297\" data-end=\"2320\">Najwa\u017cniejsze przewagi:<\/p>\n<ul data-start=\"2322\" data-end=\"2482\">\n<li data-section-id=\"cgm9gn\" data-start=\"2322\" data-end=\"2348\">szybki obr\u00f3t produkt\u00f3w<\/li>\n<li data-section-id=\"lm1pu2\" data-start=\"2349\" data-end=\"2371\">du\u017cy i sta\u0142y popyt<\/li>\n<li data-section-id=\"4t3bcn\" data-start=\"2372\" data-end=\"2398\">szeroka grupa klient\u00f3w<\/li>\n<li data-section-id=\"1yaidi4\" data-start=\"2399\" data-end=\"2447\">mo\u017cliwo\u015b\u0107 sprzeda\u017cy pojedynczej i zestawowej<\/li>\n<li data-section-id=\"1o7q6th\" data-start=\"2448\" data-end=\"2482\">\u0142atwa dystrybucja w e-commerce<\/li>\n<\/ul>\n<p data-start=\"2484\" data-end=\"2594\">Dzi\u0119ki tym cechom paleta elektroniki z Europy EU pozwala budowa\u0107 sprzeda\u017c w spos\u00f3b przewidywalny i skalowalny.<\/p>\n<h2 data-section-id=\"9hjp8p\" data-start=\"2601\" data-end=\"2635\">Jako\u015b\u0107 produkt\u00f3w \u2013 standard A\u2013B<\/h2>\n<p data-start=\"2637\" data-end=\"2766\">Palety w standardzie A\u2013B obejmuj\u0105 produkty o zr\u00f3\u017cnicowanym stanie, jednak z przewag\u0105 towar\u00f3w nadaj\u0105cych si\u0119 do dalszej sprzeda\u017cy.<\/p>\n<p data-start=\"2768\" data-end=\"2792\">Charakterystyka jako\u015bci:<\/p>\n<ul data-start=\"2794\" data-end=\"2953\">\n<li data-section-id=\"1bepxp6\" data-start=\"2794\" data-end=\"2851\">wi\u0119kszo\u015b\u0107 produkt\u00f3w w bardzo dobrym stanie lub nowych<\/li>\n<li data-section-id=\"1l5huug\" data-start=\"2852\" data-end=\"2892\">mo\u017cliwe niewielkie \u015blady u\u017cytkowania<\/li>\n<li data-section-id=\"9474dx\" data-start=\"2893\" data-end=\"2953\">dopuszczalna niewielka domieszka klasy C (do oko\u0142o 5\u20137%)<\/li>\n<\/ul>\n<p data-start=\"2955\" data-end=\"3041\">Taki poziom jako\u015bci pozwala utrzyma\u0107 korzystny stosunek ceny zakupu do ceny sprzeda\u017cy.<\/p>\n<p data-start=\"3043\" data-end=\"3134\">Produkty nie s\u0105 testowane indywidualnie, co jest standardem dla dostaw typu Amazon Returns.<\/p>\n<h2 data-section-id=\"1w3v4q5\" data-start=\"3141\" data-end=\"3195\">Model sprzeda\u017cy \u2013 jak wykorzysta\u0107 potencja\u0142 palety?<\/h2>\n<p data-start=\"3197\" data-end=\"3342\">Sprzeda\u017c oparta na paletach polega na pracy na ilo\u015bci produkt\u00f3w oraz ich rotacji. Kluczowe znaczenie ma szybkie wprowadzenie towaru do sprzeda\u017cy.<\/p>\n<p data-start=\"3344\" data-end=\"3362\">Schemat dzia\u0142ania:<\/p>\n<ol data-start=\"3364\" data-end=\"3486\">\n<li data-section-id=\"1sbhdx6\" data-start=\"3364\" data-end=\"3381\">zakup palety<\/li>\n<li data-section-id=\"1h5xpxe\" data-start=\"3382\" data-end=\"3405\">selekcja produkt\u00f3w<\/li>\n<li data-section-id=\"bwh49e\" data-start=\"3406\" data-end=\"3427\">publikacja ofert<\/li>\n<li data-section-id=\"1gl09dc\" data-start=\"3428\" data-end=\"3458\">sprzeda\u017c w wielu kana\u0142ach<\/li>\n<li data-section-id=\"1u65gb1\" data-start=\"3459\" data-end=\"3486\">reinwestowanie \u015brodk\u00f3w<\/li>\n<\/ol>\n<p data-start=\"3488\" data-end=\"3556\">Taki model pozwala rozwija\u0107 dzia\u0142alno\u015b\u0107 i zwi\u0119ksza\u0107 skal\u0119 sprzeda\u017cy.<\/p>\n<h2 data-section-id=\"dcajmo\" data-start=\"3619\" data-end=\"3657\">Gdzie sprzedawa\u0107 produkty z palety?<\/h2>\n<p data-start=\"3653\" data-end=\"3724\">Paleta EU sprawdza si\u0119 w wielu kana\u0142ach sprzeda\u017cy:<\/p>\n<ul data-start=\"3777\" data-end=\"3846\">\n<li data-section-id=\"1gr8el2\" data-start=\"3777\" data-end=\"3788\"><a href=\"https:\/\/allegro.pl\/\" target=\"_blank\" rel=\"noopener\">Allegro<\/a><\/li>\n<li data-section-id=\"16txjn7\" data-start=\"3789\" data-end=\"3796\"><a href=\"https:\/\/www.olx.pl\/\" target=\"_blank\" rel=\"noopener\">OLX<\/a><\/li>\n<li data-section-id=\"1b2mlzr\" data-start=\"3797\" data-end=\"3805\"><a href=\"https:\/\/www.ebay.com\/\" target=\"_blank\" rel=\"noopener\">eBay<\/a><\/li>\n<li data-section-id=\"1ls0se6\" data-start=\"3806\" data-end=\"3816\"><a href=\"https:\/\/www.amazon.com\/\" target=\"_blank\" rel=\"noopener\">Amazon<\/a><\/li>\n<li data-section-id=\"1d4qn16\" data-start=\"3817\" data-end=\"3846\">w\u0142asne sklepy internetowe<\/li>\n<\/ul>\n<p data-start=\"3775\" data-end=\"3857\">Sprzeda\u017c wielokana\u0142owa pozwala zwi\u0119kszy\u0107 zasi\u0119g i przyspieszy\u0107 rotacj\u0119 produkt\u00f3w.<\/p>\n<h2 data-section-id=\"1mopser\" data-start=\"3836\" data-end=\"3863\">Korzy\u015bci dla sprzedawc\u00f3w<\/h2>\n<p data-start=\"3865\" data-end=\"3987\">Zakup palety elektroniki to rozwi\u0105zanie, kt\u00f3re umo\u017cliwia szybki rozw\u00f3j sprzeda\u017cy i zwi\u0119kszenie liczby produkt\u00f3w w ofercie.<\/p>\n<p data-start=\"3989\" data-end=\"4012\">Najwa\u017cniejsze korzy\u015bci:<\/p>\n<ul data-start=\"4014\" data-end=\"4204\">\n<li data-section-id=\"t30mlz\" data-start=\"4014\" data-end=\"4057\">du\u017ca liczba produkt\u00f3w w jednej dostawie<\/li>\n<li data-section-id=\"1e0drbc\" data-start=\"4058\" data-end=\"4094\">szybkie zwi\u0119kszenie liczby ofert<\/li>\n<li data-section-id=\"y5oxsb\" data-start=\"4095\" data-end=\"4118\">elastyczno\u015b\u0107 cenowa<\/li>\n<li data-section-id=\"1nkifgh\" data-start=\"4119\" data-end=\"4161\">dost\u0119p do produkt\u00f3w w korzystnej cenie<\/li>\n<li data-section-id=\"x4575q\" data-start=\"4162\" data-end=\"4204\">mo\u017cliwo\u015b\u0107 testowania r\u00f3\u017cnych kategorii<\/li>\n<\/ul>\n<p data-start=\"4206\" data-end=\"4279\">To rozwi\u0105zanie pozwala budowa\u0107 przewag\u0119 konkurencyjn\u0105 w sprzeda\u017cy online.<\/p>\n<h2 data-section-id=\"f1xuem\" data-start=\"4286\" data-end=\"4308\">Logistyka i dostawa<\/h2>\n<p data-start=\"4310\" data-end=\"4394\">Palety wysy\u0142ane s\u0105 z magazynu w Europie, co umo\u017cliwia szybkie rozpocz\u0119cie sprzeda\u017cy.<\/p>\n<p data-start=\"4396\" data-end=\"4412\">Proces obejmuje:<\/p>\n<ul data-start=\"4414\" data-end=\"4487\">\n<li data-section-id=\"7znjh2\" data-start=\"4414\" data-end=\"4442\">przygotowanie zam\u00f3wienia<\/li>\n<li data-section-id=\"1qo0dyy\" data-start=\"4443\" data-end=\"4467\">bezpieczne pakowanie<\/li>\n<li data-section-id=\"a3em40\" data-start=\"4468\" data-end=\"4487\">sprawn\u0105 wysy\u0142k\u0119<\/li>\n<\/ul>\n<p data-start=\"4489\" data-end=\"4568\">Dzi\u0119ki temu mo\u017cliwe jest szybkie wdro\u017cenie produkt\u00f3w do sprzeda\u017cy bez op\u00f3\u017anie\u0144.<\/p>\n<h2 data-section-id=\"m7gcpp\" data-start=\"4575\" data-end=\"4602\">Informacje przed zakupem<\/h2>\n<ul data-start=\"4604\" data-end=\"4816\">\n<li data-section-id=\"1odlefs\" data-start=\"4604\" data-end=\"4674\">towar pochodzi ze zwrot\u00f3w konsumenckich oraz nadwy\u017cek magazynowych<\/li>\n<li data-section-id=\"196h1iw\" data-start=\"4675\" data-end=\"4718\">produkty nie s\u0105 testowane indywidualnie<\/li>\n<li data-section-id=\"1st3k7w\" data-start=\"4719\" data-end=\"4758\">mo\u017cliwa niewielka domieszka klasy C<\/li>\n<li data-section-id=\"1jh6vg4\" data-start=\"4759\" data-end=\"4791\">ka\u017cda paleta ma losowy sk\u0142ad<\/li>\n<li data-section-id=\"1rrf97y\" data-start=\"4792\" data-end=\"4816\">brak listy produkt\u00f3w<\/li>\n<\/ul>\n<p data-start=\"4818\" data-end=\"4888\">Zmienno\u015b\u0107 zawarto\u015bci to naturalny element tego modelu i jego przewaga.<\/p>\n<h2 data-section-id=\"1p9idgo\" data-start=\"4895\" data-end=\"4936\">Podsumowanie \u2013 czy warto kupi\u0107 palet\u0119?<\/h2>\n<p data-start=\"4938\" data-end=\"5078\">Paleta elektroniki z Europy EU to rozwi\u0105zanie dla sprzedawc\u00f3w, kt\u00f3rzy chc\u0105 rozwija\u0107 sprzeda\u017c w oparciu o rotacj\u0119, r\u00f3\u017cnorodno\u015b\u0107 i skalowanie.<\/p>\n<p data-start=\"5080\" data-end=\"5100\">Model ten umo\u017cliwia:<\/p>\n<ul data-start=\"5102\" data-end=\"5245\">\n<li data-section-id=\"q7uix1\" data-start=\"5102\" data-end=\"5142\">szybkie zwi\u0119kszenie liczby produkt\u00f3w<\/li>\n<li data-section-id=\"685pbr\" data-start=\"5143\" data-end=\"5180\">rozw\u00f3j sprzeda\u017cy w wielu kana\u0142ach<\/li>\n<li data-section-id=\"2e2gk9\" data-start=\"5181\" data-end=\"5212\">dopasowanie oferty do rynku<\/li>\n<li data-section-id=\"nord47\" data-start=\"5213\" data-end=\"5245\">osi\u0105ganie stabilnych wynik\u00f3w<\/li>\n<\/ul>\n<p data-start=\"5247\" data-end=\"5405\">W e-commerce wygrywaj\u0105 ci, kt\u00f3rzy dzia\u0142aj\u0105 szybko i posiadaj\u0105 szeroki asortyment. Paleta elektroniki z Europy EU daje realne mo\u017cliwo\u015bci osi\u0105gni\u0119cia tego celu.<\/p>\n<p data-start=\"5505\" data-end=\"5558\" data-is-last-node=\"\" data-is-only-node=\"\">\ud83d\udc49 Wszystkie modele palet Amazon mo\u017cna znale\u017a\u0107 <a href=\"https:\/\/stockify24.pl\/sklep\/\"><strong>tutaj<\/strong>.<\/a><\/p>\n<\/div>\n<\/div>\n<\/div>\n<\/div>\n<\/div>\n<\/div>\n<\/section>\n","protected":false},"excerpt":{"rendered":"<p class=\"p1\">\u26a1 Oko\u0142o 70\u201380% elektroniki<\/p>\n<p class=\"p1\">\ud83c\uddea\ud83c\uddfa EU<\/p>\n<p class=\"p1\">\ud83d\udd25 Amazon Returns<\/p>\n<p class=\"p1\" style=\"text-align: left;\">\u2714\ufe0f Jako\u015b\u0107 A\u2013B<\/p>","protected":false},"featured_media":51894,"comment_status":"open","ping_status":"closed","template":"","meta":{"_acf_changed":false},"product_brand":[],"product_cat":[1258,1273,1284],"product_tag":[1274],"class_list":{"0":"post-51301","1":"product","2":"type-product","3":"status-publish","4":"has-post-thumbnail","6":"product_cat-amazon-paleta","7":"product_cat-mix-elektroniki-eu-amazon-returns-ab","8":"product_cat-palety-dnia","9":"product_tag-paleta-mix-elektroniki-z-europy","11":"first","12":"instock","13":"sold-individually","14":"taxable","15":"shipping-taxable","16":"purchasable","17":"product-type-simple"},"acf":[],"_links":{"self":[{"href":"https:\/\/stockify24.pl\/en\/wp-json\/wp\/v2\/product\/51301","targetHints":{"allow":["GET"]}}],"collection":[{"href":"https:\/\/stockify24.pl\/en\/wp-json\/wp\/v2\/product"}],"about":[{"href":"https:\/\/stockify24.pl\/en\/wp-json\/wp\/v2\/types\/product"}],"replies":[{"embeddable":true,"href":"https:\/\/stockify24.pl\/en\/wp-json\/wp\/v2\/comments?post=51301"}],"wp:featuredmedia":[{"embeddable":true,"href":"https:\/\/stockify24.pl\/en\/wp-json\/wp\/v2\/media\/51894"}],"wp:attachment":[{"href":"https:\/\/stockify24.pl\/en\/wp-json\/wp\/v2\/media?parent=51301"}],"wp:term":[{"taxonomy":"product_brand","embeddable":true,"href":"https:\/\/stockify24.pl\/en\/wp-json\/wp\/v2\/product_brand?post=51301"},{"taxonomy":"product_cat","embeddable":true,"href":"https:\/\/stockify24.pl\/en\/wp-json\/wp\/v2\/product_cat?post=51301"},{"taxonomy":"product_tag","embeddable":true,"href":"https:\/\/stockify24.pl\/en\/wp-json\/wp\/v2\/product_tag?post=51301"}],"curies":[{"name":"wp","href":"https:\/\/api.w.org\/{rel}","templated":true}]}}