{"id":51339,"date":"2026-04-16T13:41:54","date_gmt":"2026-04-16T12:41:54","guid":{"rendered":"https:\/\/stockify24.pl\/?post_type=product&#038;p=51339"},"modified":"2026-04-24T14:55:39","modified_gmt":"2026-04-24T13:55:39","slug":"paleta-elektroniki-z-europy-eu-a-b-259","status":"publish","type":"product","link":"https:\/\/stockify24.pl\/en\/product\/paleta-elektroniki-z-europy-eu-a-b-259\/","title":{"rendered":"Electronics pallet from Europe (EU) |A-B| #259"},"content":{"rendered":"<section class=\"text-token-text-primary w-full focus:outline-none [--shadow-height:45px] has-data-writing-block:pointer-events-none has-data-writing-block:-mt-(--shadow-height) has-data-writing-block:pt-(--shadow-height) [&amp;:has([data-writing-block])&gt;*]:pointer-events-auto [content-visibility:auto] supports-[content-visibility:auto]:[contain-intrinsic-size:auto_100lvh] R6Vx5W_threadScrollVars scroll-mb-[calc(var(--scroll-root-safe-area-inset-bottom,0px)+var(--thread-response-height))] scroll-mt-[calc(var(--header-height)+min(200px,max(70px,20svh)))]\" dir=\"auto\" data-turn-id=\"request-69c65452-e37c-8386-b18d-56272d59cc8a-2\" data-testid=\"conversation-turn-182\" data-scroll-anchor=\"false\" data-turn=\"assistant\">\n<div class=\"text-base my-auto mx-auto pb-10 [--thread-content-margin:var(--thread-content-margin-xs,calc(var(--spacing)*4))] @w-sm\/main:[--thread-content-margin:var(--thread-content-margin-sm,calc(var(--spacing)*6))] @w-lg\/main:[--thread-content-margin:var(--thread-content-margin-lg,calc(var(--spacing)*16))] px-(--thread-content-margin)\">\n<div class=\"[--thread-content-max-width:40rem] @w-lg\/main:[--thread-content-max-width:48rem] mx-auto max-w-(--thread-content-max-width) flex-1 group\/turn-messages focus-visible:outline-hidden relative flex w-full min-w-0 flex-col agent-turn\">\n<div class=\"flex max-w-full flex-col gap-4 grow\">\n<div class=\"min-h-8 text-message relative flex w-full flex-col items-end gap-2 text-start break-words whitespace-normal outline-none keyboard-focused:focus-ring [.text-message+&amp;]:mt-1\" dir=\"auto\" tabindex=\"0\" data-message-author-role=\"assistant\" data-message-id=\"d85b2cda-9e84-4202-a0e8-91a8c5659274\" data-message-model-slug=\"gpt-5-3\" data-turn-start-message=\"true\">\n<div class=\"flex w-full flex-col gap-1 empty:hidden\">\n<div class=\"markdown prose dark:prose-invert w-full wrap-break-word dark markdown-new-styling\">\n<h1 data-section-id=\"nrrls4\" data-start=\"224\" data-end=\"313\"><span role=\"text\"><strong data-start=\"226\" data-end=\"313\">Paleta elektroniki z Europy EU \u2013 mix A\u2013B | 70\u201380% elektronika u\u017cytkowa<\/strong><\/span><\/h1>\n<h2 data-section-id=\"1yyr883\" data-start=\"315\" data-end=\"376\">Nowa dostawa \u2013 szybkie zwi\u0119kszenie oferty i stabilny obr\u00f3t<\/h2>\n<p data-start=\"378\" data-end=\"671\">Paleta elektroniki z Europy EU w standardzie A\u2013B to rozwi\u0105zanie dla sprzedawc\u00f3w, kt\u00f3rzy chc\u0105 rozwija\u0107 sprzeda\u017c poprzez zwi\u0119kszenie liczby produkt\u00f3w oraz przyspieszenie rotacji towaru. Jedna dostawa umo\u017cliwia natychmiastowe rozszerzenie oferty bez konieczno\u015bci budowania asortymentu od podstaw.<\/p>\n<p data-start=\"673\" data-end=\"955\">Struktura zawarto\u015bci obejmuje oko\u0142o 70\u201380% elektroniki u\u017cytkowej, co pozwala skoncentrowa\u0107 dzia\u0142ania sprzeda\u017cowe na kategorii o stabilnym popycie i wysokiej efektywno\u015bci sprzeda\u017cy. Dzi\u0119ki temu mo\u017cliwe jest szybkie generowanie przychodu oraz rozw\u00f3j dzia\u0142alno\u015bci w modelu skalowalnym.<\/p>\n<p data-start=\"957\" data-end=\"1141\">Ka\u017cda paleta pakowana jest losowo, co oznacza unikalny zestaw produkt\u00f3w w ka\u017cdej dostawie. Brak powtarzalno\u015bci pozwala stale odnawia\u0107 ofert\u0119 i utrzymywa\u0107 jej atrakcyjno\u015b\u0107 dla klient\u00f3w.<\/p>\n<h2 data-section-id=\"l1gbau\" data-start=\"1148\" data-end=\"1209\">Zawarto\u015b\u0107 palety \u2013 elektronika u\u017cytkowa o wysokiej rotacji<\/h2>\n<p data-start=\"1211\" data-end=\"1344\">Mix elektroniki obejmuje produkty i akcesoria, kt\u00f3re nale\u017c\u0105 do najcz\u0119\u015bciej kupowanych kategorii w e-commerce i sprzeda\u017cy marketplace.<\/p>\n<p data-start=\"1346\" data-end=\"1383\">W sk\u0142ad palety wchodz\u0105 mi\u0119dzy innymi:<\/p>\n<ul data-start=\"1385\" data-end=\"1623\">\n<li data-section-id=\"iz16co\" data-start=\"1385\" data-end=\"1428\">s\u0142uchawki bezprzewodowe oraz przewodowe<\/li>\n<li data-section-id=\"om8off\" data-start=\"1429\" data-end=\"1465\">\u0142adowarki, przewody i powerbanki<\/li>\n<li data-section-id=\"2cko63\" data-start=\"1466\" data-end=\"1483\">akcesoria GSM<\/li>\n<li data-section-id=\"r5wtn7\" data-start=\"1484\" data-end=\"1514\">urz\u0105dzenia typu smart home<\/li>\n<li data-section-id=\"isey0l\" data-start=\"1515\" data-end=\"1554\">drobne AGD (np. suszarki, masa\u017cery)<\/li>\n<li data-section-id=\"31a3fm\" data-start=\"1555\" data-end=\"1596\">kontrolery oraz gad\u017cety elektroniczne<\/li>\n<li data-section-id=\"4fq00c\" data-start=\"1597\" data-end=\"1623\">inne produkty u\u017cytkowe<\/li>\n<\/ul>\n<p data-start=\"1625\" data-end=\"1761\">Zr\u00f3\u017cnicowany asortyment umo\u017cliwia sprzeda\u017c w wielu segmentach jednocze\u015bnie, co zwi\u0119ksza rotacj\u0119 produkt\u00f3w i poprawia wyniki sprzeda\u017cowe.<\/p>\n<h2 data-section-id=\"1bzzy1n\" data-start=\"1768\" data-end=\"1819\">Parametry techniczne<\/h2>\n<ul data-start=\"1821\" data-end=\"1993\">\n<li data-section-id=\"pdbh1u\" data-start=\"1821\" data-end=\"1848\">wysoko\u015b\u0107 palety: 1 metr<\/li>\n<li data-section-id=\"1suqz93\" data-start=\"1849\" data-end=\"1871\">waga netto: 150 kg<\/li>\n<li data-section-id=\"6ry0ec\" data-start=\"1872\" data-end=\"1912\">struktura: mix elektroniki u\u017cytkowej<\/li>\n<li data-section-id=\"1hlaiqg\" data-start=\"1913\" data-end=\"1945\">asortyment: losowy i zmienny<\/li>\n<li data-section-id=\"10hkle2\" data-start=\"1946\" data-end=\"1993\">ka\u017cda paleta: indywidualny zestaw produkt\u00f3w<\/li>\n<\/ul>\n<p data-start=\"1995\" data-end=\"2081\">Paleta nie posiada sta\u0142ej specyfikacji \u2014 zawarto\u015b\u0107 zale\u017cy od aktualnej partii dostawy.<\/p>\n<h2 data-section-id=\"73auq\" data-start=\"2088\" data-end=\"2149\">Dlaczego elektronika u\u017cytkowa to pewny kierunek sprzeda\u017cy?<\/h2>\n<p data-start=\"2151\" data-end=\"2319\">Elektronika u\u017cytkowa to jedna z najbardziej stabilnych kategorii sprzeda\u017cowych. Produkty z tej grupy s\u0105 kupowane przez ca\u0142y rok i trafiaj\u0105 do szerokiego grona klient\u00f3w.<\/p>\n<p data-start=\"2321\" data-end=\"2344\">Najwa\u017cniejsze przewagi:<\/p>\n<ul data-start=\"2346\" data-end=\"2513\">\n<li data-section-id=\"1g2zt93\" data-start=\"2346\" data-end=\"2374\">szybka rotacja produkt\u00f3w<\/li>\n<li data-section-id=\"17ppg8j\" data-start=\"2375\" data-end=\"2401\">stabilny popyt rynkowy<\/li>\n<li data-section-id=\"1bijyi9\" data-start=\"2402\" data-end=\"2428\">szeroka baza odbiorc\u00f3w<\/li>\n<li data-section-id=\"1thzro9\" data-start=\"2429\" data-end=\"2481\">mo\u017cliwo\u015b\u0107 sprzeda\u017cy pojedynczej oraz w zestawach<\/li>\n<li data-section-id=\"4170u4\" data-start=\"2482\" data-end=\"2513\">\u0142atwa sprzeda\u017c w e-commerce<\/li>\n<\/ul>\n<p data-start=\"2515\" data-end=\"2625\">Dzi\u0119ki tym cechom paleta elektroniki z Europy EU pozwala budowa\u0107 sprzeda\u017c w spos\u00f3b przewidywalny i skalowalny.<\/p>\n<h2 data-section-id=\"9hjp8p\" data-start=\"2632\" data-end=\"2666\">Jako\u015b\u0107 produkt\u00f3w \u2013 standard A\u2013B<\/h2>\n<p data-start=\"2668\" data-end=\"2797\">Palety w standardzie A\u2013B obejmuj\u0105 produkty o zr\u00f3\u017cnicowanym stanie, jednak z przewag\u0105 towar\u00f3w nadaj\u0105cych si\u0119 do dalszej sprzeda\u017cy.<\/p>\n<p data-start=\"2799\" data-end=\"2823\">Charakterystyka jako\u015bci:<\/p>\n<ul data-start=\"2825\" data-end=\"2978\">\n<li data-section-id=\"1br12vd\" data-start=\"2825\" data-end=\"2880\">wi\u0119kszo\u015b\u0107 produkt\u00f3w nowa lub w bardzo dobrym stanie<\/li>\n<li data-section-id=\"jqrsyy\" data-start=\"2881\" data-end=\"2917\">mo\u017cliwe drobne \u015blady u\u017cytkowania<\/li>\n<li data-section-id=\"9474dx\" data-start=\"2918\" data-end=\"2978\">dopuszczalna niewielka domieszka klasy C (do oko\u0142o 5\u20137%)<\/li>\n<\/ul>\n<p data-start=\"2980\" data-end=\"3066\">Taki poziom jako\u015bci pozwala utrzyma\u0107 korzystny stosunek ceny zakupu do ceny sprzeda\u017cy.<\/p>\n<p data-start=\"3068\" data-end=\"3159\">Produkty nie s\u0105 testowane indywidualnie, co jest standardem dla dostaw typu Amazon Returns.<\/p>\n<h2 data-section-id=\"1w3v4q5\" data-start=\"3166\" data-end=\"3220\">Model sprzeda\u017cy \u2013 jak wykorzysta\u0107 potencja\u0142 palety?<\/h2>\n<p data-start=\"3222\" data-end=\"3368\">Sprzeda\u017c oparta na paletach polega na pracy na liczbie produkt\u00f3w i ich rotacji. Kluczowe znaczenie ma szybkie wprowadzenie produkt\u00f3w do sprzeda\u017cy.<\/p>\n<p data-start=\"3370\" data-end=\"3388\">Schemat dzia\u0142ania:<\/p>\n<ol data-start=\"3390\" data-end=\"3512\">\n<li data-section-id=\"1sbhdx6\" data-start=\"3390\" data-end=\"3407\">zakup palety<\/li>\n<li data-section-id=\"1h5xpxe\" data-start=\"3408\" data-end=\"3431\">selekcja produkt\u00f3w<\/li>\n<li data-section-id=\"bwh49e\" data-start=\"3432\" data-end=\"3453\">publikacja ofert<\/li>\n<li data-section-id=\"1gl09dc\" data-start=\"3454\" data-end=\"3484\">sprzeda\u017c w wielu kana\u0142ach<\/li>\n<li data-section-id=\"1u65gb1\" data-start=\"3485\" data-end=\"3512\">reinwestowanie \u015brodk\u00f3w<\/li>\n<\/ol>\n<p data-start=\"3514\" data-end=\"3577\">Taki model pozwala systematycznie zwi\u0119ksza\u0107 skal\u0119 dzia\u0142alno\u015bci.<\/p>\n<h2 data-section-id=\"11cjqy5\" data-start=\"3600\" data-end=\"3651\">Kana\u0142y sprzeda\u017cy \u2013 gdzie sprzedawa\u0107 elektronik\u0119?<\/h2>\n<p data-start=\"3653\" data-end=\"3726\">Paleta elektroniki z Europy EU sprawdza si\u0119 w r\u00f3\u017cnych kana\u0142ach sprzeda\u017cy:<\/p>\n<ul data-start=\"3777\" data-end=\"3846\">\n<li data-section-id=\"1gr8el2\" data-start=\"3777\" data-end=\"3788\"><a href=\"https:\/\/allegro.pl\/\" target=\"_blank\" rel=\"noopener\">Allegro<\/a><\/li>\n<li data-section-id=\"16txjn7\" data-start=\"3789\" data-end=\"3796\"><a href=\"https:\/\/www.olx.pl\/\" target=\"_blank\" rel=\"noopener\">OLX<\/a><\/li>\n<li data-section-id=\"1b2mlzr\" data-start=\"3797\" data-end=\"3805\"><a href=\"https:\/\/www.ebay.com\/\" target=\"_blank\" rel=\"noopener\">eBay<\/a><\/li>\n<li data-section-id=\"1ls0se6\" data-start=\"3806\" data-end=\"3816\"><a href=\"https:\/\/www.amazon.com\/\" target=\"_blank\" rel=\"noopener\">Amazon<\/a><\/li>\n<li data-section-id=\"1d4qn16\" data-start=\"3817\" data-end=\"3846\">w\u0142asne sklepy internetowe<\/li>\n<\/ul>\n<p data-start=\"3769\" data-end=\"3850\">Sprzeda\u017c wielokana\u0142owa pozwala zwi\u0119kszy\u0107 zasi\u0119g i przyspieszy\u0107 rotacj\u0119 produkt\u00f3w.<\/p>\n<h2 data-section-id=\"1mopser\" data-start=\"3855\" data-end=\"3882\">Korzy\u015bci dla sprzedawc\u00f3w<\/h2>\n<p data-start=\"3884\" data-end=\"4006\">Zakup palety elektroniki to rozwi\u0105zanie, kt\u00f3re umo\u017cliwia szybki rozw\u00f3j sprzeda\u017cy i zwi\u0119kszenie liczby produkt\u00f3w w ofercie.<\/p>\n<p data-start=\"4008\" data-end=\"4031\">Najwa\u017cniejsze korzy\u015bci:<\/p>\n<ul data-start=\"4033\" data-end=\"4221\">\n<li data-section-id=\"gvtpog\" data-start=\"4033\" data-end=\"4073\">szeroki asortyment w jednej dostawie<\/li>\n<li data-section-id=\"1e0drbc\" data-start=\"4074\" data-end=\"4110\">szybkie zwi\u0119kszenie liczby ofert<\/li>\n<li data-section-id=\"y5oxsb\" data-start=\"4111\" data-end=\"4134\">elastyczno\u015b\u0107 cenowa<\/li>\n<li data-section-id=\"16h5c6m\" data-start=\"4135\" data-end=\"4178\">dost\u0119p do produkt\u00f3w w atrakcyjnej cenie<\/li>\n<li data-section-id=\"x4575q\" data-start=\"4179\" data-end=\"4221\">mo\u017cliwo\u015b\u0107 testowania r\u00f3\u017cnych kategorii<\/li>\n<\/ul>\n<p data-start=\"4223\" data-end=\"4273\">To rozwi\u0105zanie daje realn\u0105 przewag\u0119 konkurencyjn\u0105.<\/p>\n<h2 data-section-id=\"f1xuem\" data-start=\"4132\" data-end=\"4154\">Logistyka i dostawa<\/h2>\n<p data-start=\"4156\" data-end=\"4240\">Palety wysy\u0142ane s\u0105 z magazynu w Europie, co umo\u017cliwia szybkie rozpocz\u0119cie sprzeda\u017cy.<\/p>\n<p data-start=\"4242\" data-end=\"4258\">Proces obejmuje:<\/p>\n<ul data-start=\"4260\" data-end=\"4333\">\n<li data-section-id=\"7znjh2\" data-start=\"4260\" data-end=\"4288\">przygotowanie zam\u00f3wienia<\/li>\n<li data-section-id=\"1qo0dyy\" data-start=\"4289\" data-end=\"4313\">bezpieczne pakowanie<\/li>\n<li data-section-id=\"a3em40\" data-start=\"4314\" data-end=\"4333\">sprawn\u0105 wysy\u0142k\u0119<\/li>\n<\/ul>\n<p data-start=\"4335\" data-end=\"4401\">Dzi\u0119ki temu mo\u017cliwe jest szybkie wdro\u017cenie produkt\u00f3w do sprzeda\u017cy.<\/p>\n<h2 data-section-id=\"71p1w8\" data-start=\"4556\" data-end=\"4575\">Wa\u017cne informacje<\/h2>\n<ul data-start=\"4577\" data-end=\"4789\">\n<li data-section-id=\"1odlefs\" data-start=\"4577\" data-end=\"4647\">towar pochodzi ze zwrot\u00f3w konsumenckich oraz nadwy\u017cek magazynowych<\/li>\n<li data-section-id=\"196h1iw\" data-start=\"4648\" data-end=\"4691\">produkty nie s\u0105 testowane indywidualnie<\/li>\n<li data-section-id=\"1st3k7w\" data-start=\"4692\" data-end=\"4731\">mo\u017cliwa niewielka domieszka klasy C<\/li>\n<li data-section-id=\"1jh6vg4\" data-start=\"4732\" data-end=\"4764\">ka\u017cda paleta ma losowy sk\u0142ad<\/li>\n<li data-section-id=\"1rrf97y\" data-start=\"4765\" data-end=\"4789\">brak listy produkt\u00f3w<\/li>\n<\/ul>\n<p data-start=\"4791\" data-end=\"4861\">Zmienno\u015b\u0107 zawarto\u015bci to naturalny element tego modelu i jego przewaga.<\/p>\n<h2 data-section-id=\"1xa3dgd\" data-start=\"4868\" data-end=\"4902\">Podsumowanie \u2013 czy warto kupi\u0107?<\/h2>\n<p data-start=\"4904\" data-end=\"5038\">Paleta elektroniki z Europy EU to rozwi\u0105zanie dla sprzedawc\u00f3w, kt\u00f3rzy chc\u0105 rozwija\u0107 sprzeda\u017c w oparciu o rotacj\u0119 i szeroki asortyment.<\/p>\n<p data-start=\"5040\" data-end=\"5060\">Model ten umo\u017cliwia:<\/p>\n<ul data-start=\"5062\" data-end=\"5205\">\n<li data-section-id=\"q7uix1\" data-start=\"5062\" data-end=\"5102\">szybkie zwi\u0119kszenie liczby produkt\u00f3w<\/li>\n<li data-section-id=\"685pbr\" data-start=\"5103\" data-end=\"5140\">rozw\u00f3j sprzeda\u017cy w wielu kana\u0142ach<\/li>\n<li data-section-id=\"2e2gk9\" data-start=\"5141\" data-end=\"5172\">dopasowanie oferty do rynku<\/li>\n<li data-section-id=\"nord47\" data-start=\"5173\" data-end=\"5205\">osi\u0105ganie stabilnych wynik\u00f3w<\/li>\n<\/ul>\n<p data-start=\"5207\" data-end=\"5389\">W e-commerce przewag\u0119 osi\u0105gaj\u0105 ci, kt\u00f3rzy dzia\u0142aj\u0105 szybko i posiadaj\u0105 szeroki wyb\u00f3r produkt\u00f3w. Paleta elektroniki z Europy EU daje realne narz\u0119dzie do budowania skalowalnego biznesu.<\/p>\n<p data-start=\"5505\" data-end=\"5558\" data-is-last-node=\"\" data-is-only-node=\"\">\ud83d\udc49 Wszystkie modele palet Amazon mo\u017cna znale\u017a\u0107 <a href=\"https:\/\/stockify24.pl\/sklep\/\"><strong>tutaj<\/strong>.<\/a><\/p>\n<\/div>\n<\/div>\n<\/div>\n<\/div>\n<\/div>\n<\/div>\n<\/section>\n","protected":false},"excerpt":{"rendered":"<p class=\"p1\">\u26a1 Oko\u0142o 70\u201380% elektroniki<\/p>\n<p class=\"p1\">\ud83c\uddea\ud83c\uddfa EU<\/p>\n<p class=\"p1\">\ud83d\udd25 Amazon Returns<\/p>\n<p class=\"p1\" style=\"text-align: left;\">\u2714\ufe0f Jako\u015b\u0107 A\u2013B<\/p>","protected":false},"featured_media":51873,"comment_status":"open","ping_status":"closed","template":"","meta":{"_acf_changed":false},"product_brand":[],"product_cat":[1258,1273,1284],"product_tag":[1274],"class_list":{"0":"post-51339","1":"product","2":"type-product","3":"status-publish","4":"has-post-thumbnail","6":"product_cat-amazon-paleta","7":"product_cat-mix-elektroniki-eu-amazon-returns-ab","8":"product_cat-palety-dnia","9":"product_tag-paleta-mix-elektroniki-z-europy","11":"first","12":"instock","13":"sold-individually","14":"taxable","15":"shipping-taxable","16":"purchasable","17":"product-type-simple"},"acf":[],"_links":{"self":[{"href":"https:\/\/stockify24.pl\/en\/wp-json\/wp\/v2\/product\/51339","targetHints":{"allow":["GET"]}}],"collection":[{"href":"https:\/\/stockify24.pl\/en\/wp-json\/wp\/v2\/product"}],"about":[{"href":"https:\/\/stockify24.pl\/en\/wp-json\/wp\/v2\/types\/product"}],"replies":[{"embeddable":true,"href":"https:\/\/stockify24.pl\/en\/wp-json\/wp\/v2\/comments?post=51339"}],"wp:featuredmedia":[{"embeddable":true,"href":"https:\/\/stockify24.pl\/en\/wp-json\/wp\/v2\/media\/51873"}],"wp:attachment":[{"href":"https:\/\/stockify24.pl\/en\/wp-json\/wp\/v2\/media?parent=51339"}],"wp:term":[{"taxonomy":"product_brand","embeddable":true,"href":"https:\/\/stockify24.pl\/en\/wp-json\/wp\/v2\/product_brand?post=51339"},{"taxonomy":"product_cat","embeddable":true,"href":"https:\/\/stockify24.pl\/en\/wp-json\/wp\/v2\/product_cat?post=51339"},{"taxonomy":"product_tag","embeddable":true,"href":"https:\/\/stockify24.pl\/en\/wp-json\/wp\/v2\/product_tag?post=51339"}],"curies":[{"name":"wp","href":"https:\/\/api.w.org\/{rel}","templated":true}]}}