{"id":51341,"date":"2026-04-16T13:56:15","date_gmt":"2026-04-16T12:56:15","guid":{"rendered":"https:\/\/stockify24.pl\/?post_type=product&#038;p=51341"},"modified":"2026-04-24T14:55:20","modified_gmt":"2026-04-24T13:55:20","slug":"paleta-elektroniki-z-europy-eu-a-b-260","status":"publish","type":"product","link":"https:\/\/stockify24.pl\/en\/product\/paleta-elektroniki-z-europy-eu-a-b-260\/","title":{"rendered":"Electronics pallet from Europe (EU) |A-B| #260"},"content":{"rendered":"<section class=\"text-token-text-primary w-full focus:outline-none [--shadow-height:45px] has-data-writing-block:pointer-events-none has-data-writing-block:-mt-(--shadow-height) has-data-writing-block:pt-(--shadow-height) [&amp;:has([data-writing-block])&gt;*]:pointer-events-auto [content-visibility:auto] supports-[content-visibility:auto]:[contain-intrinsic-size:auto_100lvh] R6Vx5W_threadScrollVars scroll-mb-[calc(var(--scroll-root-safe-area-inset-bottom,0px)+var(--thread-response-height))] scroll-mt-[calc(var(--header-height)+min(200px,max(70px,20svh)))]\" dir=\"auto\" data-turn-id=\"request-69c65452-e37c-8386-b18d-56272d59cc8a-2\" data-testid=\"conversation-turn-182\" data-scroll-anchor=\"false\" data-turn=\"assistant\">\n<div class=\"text-base my-auto mx-auto pb-10 [--thread-content-margin:var(--thread-content-margin-xs,calc(var(--spacing)*4))] @w-sm\/main:[--thread-content-margin:var(--thread-content-margin-sm,calc(var(--spacing)*6))] @w-lg\/main:[--thread-content-margin:var(--thread-content-margin-lg,calc(var(--spacing)*16))] px-(--thread-content-margin)\">\n<div class=\"[--thread-content-max-width:40rem] @w-lg\/main:[--thread-content-max-width:48rem] mx-auto max-w-(--thread-content-max-width) flex-1 group\/turn-messages focus-visible:outline-hidden relative flex w-full min-w-0 flex-col agent-turn\">\n<div class=\"flex max-w-full flex-col gap-4 grow\">\n<div class=\"min-h-8 text-message relative flex w-full flex-col items-end gap-2 text-start break-words whitespace-normal outline-none keyboard-focused:focus-ring [.text-message+&amp;]:mt-1\" dir=\"auto\" tabindex=\"0\" data-message-author-role=\"assistant\" data-message-id=\"d85b2cda-9e84-4202-a0e8-91a8c5659274\" data-message-model-slug=\"gpt-5-3\" data-turn-start-message=\"true\">\n<div class=\"flex w-full flex-col gap-1 empty:hidden\">\n<div class=\"markdown prose dark:prose-invert w-full wrap-break-word dark markdown-new-styling\">\n<h1 data-section-id=\"nrrls4\" data-start=\"235\" data-end=\"324\"><span role=\"text\"><strong data-start=\"237\" data-end=\"324\">Paleta elektroniki z Europy EU \u2013 mix A\u2013B | 70\u201380% elektronika u\u017cytkowa do sprzeda\u017cy<\/strong><\/span><\/h1>\n<h2 data-section-id=\"hdml4a\" data-start=\"326\" data-end=\"392\">Nowa dostawa \u2013 szybkie zwi\u0119kszenie liczby produkt\u00f3w i przychodu<\/h2>\n<p data-start=\"394\" data-end=\"711\">Paleta elektroniki z Europy EU w standardzie A\u2013B to rozwi\u0105zanie dla sprzedawc\u00f3w, kt\u00f3rzy chc\u0105 rozwija\u0107 sprzeda\u017c poprzez szybkie zwi\u0119kszenie liczby produkt\u00f3w w ofercie. Jedna paleta pozwala natychmiast rozszerzy\u0107 asortyment i rozpocz\u0105\u0107 sprzeda\u017c w wielu kana\u0142ach bez konieczno\u015bci budowania zaplecza produktowego od zera.<\/p>\n<p data-start=\"713\" data-end=\"954\">Zawarto\u015b\u0107 obejmuje oko\u0142o 70\u201380% elektroniki u\u017cytkowej, co umo\u017cliwia skoncentrowanie sprzeda\u017cy na kategorii o wysokiej rotacji i stabilnym popycie. Dzi\u0119ki temu mo\u017cliwe jest szybkie generowanie przychodu oraz efektywne skalowanie dzia\u0142alno\u015bci.<\/p>\n<p data-start=\"956\" data-end=\"1137\">Ka\u017cda paleta posiada losowy sk\u0142ad, co oznacza, \u017ce zawarto\u015b\u0107 ka\u017cdej dostawy jest inna. Brak powtarzalno\u015bci pozwala stale odnawia\u0107 ofert\u0119 i dopasowywa\u0107 j\u0105 do aktualnych potrzeb rynku.<\/p>\n<h2 data-section-id=\"mew3bs\" data-start=\"1144\" data-end=\"1204\">Zawarto\u015b\u0107 palety \u2013 elektronika u\u017cytkowa o realnym popycie<\/h2>\n<p data-start=\"1206\" data-end=\"1318\">Mix elektroniki obejmuje produkty oraz akcesoria, kt\u00f3re nale\u017c\u0105 do najcz\u0119\u015bciej kupowanych kategorii w e-commerce.<\/p>\n<p data-start=\"1320\" data-end=\"1357\">W sk\u0142ad palety wchodz\u0105 mi\u0119dzy innymi:<\/p>\n<ul data-start=\"1359\" data-end=\"1597\">\n<li data-section-id=\"iz16co\" data-start=\"1359\" data-end=\"1402\">s\u0142uchawki bezprzewodowe oraz przewodowe<\/li>\n<li data-section-id=\"om8off\" data-start=\"1403\" data-end=\"1439\">\u0142adowarki, przewody i powerbanki<\/li>\n<li data-section-id=\"2cko63\" data-start=\"1440\" data-end=\"1457\">akcesoria GSM<\/li>\n<li data-section-id=\"r5wtn7\" data-start=\"1458\" data-end=\"1488\">urz\u0105dzenia typu smart home<\/li>\n<li data-section-id=\"isey0l\" data-start=\"1489\" data-end=\"1528\">drobne AGD (np. suszarki, masa\u017cery)<\/li>\n<li data-section-id=\"31a3fm\" data-start=\"1529\" data-end=\"1570\">kontrolery oraz gad\u017cety elektroniczne<\/li>\n<li data-section-id=\"4fq00c\" data-start=\"1571\" data-end=\"1597\">inne produkty u\u017cytkowe<\/li>\n<\/ul>\n<p data-start=\"1599\" data-end=\"1743\">Zr\u00f3\u017cnicowany asortyment pozwala prowadzi\u0107 sprzeda\u017c w wielu segmentach jednocze\u015bnie, co zwi\u0119ksza rotacj\u0119 produkt\u00f3w i poprawia wyniki sprzeda\u017cowe.<\/p>\n<h2 data-section-id=\"1c030k7\" data-start=\"1750\" data-end=\"1801\">Parametry techniczne<\/h2>\n<ul data-start=\"1803\" data-end=\"1975\">\n<li data-section-id=\"pdbh1u\" data-start=\"1803\" data-end=\"1830\">wysoko\u015b\u0107 palety: 1 metr<\/li>\n<li data-section-id=\"1q9vvy3\" data-start=\"1831\" data-end=\"1853\">waga netto: 138 kg<\/li>\n<li data-section-id=\"1hlaiqg\" data-start=\"1854\" data-end=\"1886\">asortyment: losowy i zmienny<\/li>\n<li data-section-id=\"6ry0ec\" data-start=\"1887\" data-end=\"1927\">struktura: mix elektroniki u\u017cytkowej<\/li>\n<li data-section-id=\"10hkle2\" data-start=\"1928\" data-end=\"1975\">ka\u017cda paleta: indywidualny zestaw produkt\u00f3w<\/li>\n<\/ul>\n<p data-start=\"1977\" data-end=\"2066\">Paleta nie posiada sta\u0142ej listy produkt\u00f3w \u2014 zawarto\u015b\u0107 zale\u017cy od aktualnej partii dostawy.<\/p>\n<h2 data-section-id=\"u4mvvi\" data-start=\"2073\" data-end=\"2134\">Dlaczego elektronika u\u017cytkowa to stabilny model sprzeda\u017cy?<\/h2>\n<p data-start=\"2136\" data-end=\"2290\">Elektronika u\u017cytkowa to jedna z najbardziej efektywnych kategorii sprzeda\u017cowych. Produkty z tej grupy s\u0105 kupowane regularnie i maj\u0105 szerokie zastosowanie.<\/p>\n<p data-start=\"2292\" data-end=\"2315\">Najwa\u017cniejsze przewagi:<\/p>\n<ul data-start=\"2317\" data-end=\"2485\">\n<li data-section-id=\"1g2zt93\" data-start=\"2317\" data-end=\"2345\">szybka rotacja produkt\u00f3w<\/li>\n<li data-section-id=\"17ppg8j\" data-start=\"2346\" data-end=\"2372\">stabilny popyt rynkowy<\/li>\n<li data-section-id=\"gjpnby\" data-start=\"2373\" data-end=\"2398\">szeroka baza klient\u00f3w<\/li>\n<li data-section-id=\"rxhyt2\" data-start=\"2399\" data-end=\"2448\">mo\u017cliwo\u015b\u0107 sprzeda\u017cy pojedynczej i w zestawach<\/li>\n<li data-section-id=\"1klqnf\" data-start=\"2449\" data-end=\"2485\">\u0142atwa sprzeda\u017c w kana\u0142ach online<\/li>\n<\/ul>\n<p data-start=\"2487\" data-end=\"2597\">Dzi\u0119ki tym cechom paleta elektroniki z Europy EU pozwala budowa\u0107 sprzeda\u017c w spos\u00f3b przewidywalny i skalowalny.<\/p>\n<h2 data-section-id=\"9hjp8p\" data-start=\"2604\" data-end=\"2638\">Jako\u015b\u0107 produkt\u00f3w \u2013 standard A\u2013B<\/h2>\n<p data-start=\"2640\" data-end=\"2769\">Palety w standardzie A\u2013B obejmuj\u0105 produkty o zr\u00f3\u017cnicowanym stanie, jednak z przewag\u0105 towar\u00f3w nadaj\u0105cych si\u0119 do dalszej sprzeda\u017cy.<\/p>\n<p data-start=\"2771\" data-end=\"2795\">Charakterystyka jako\u015bci:<\/p>\n<ul data-start=\"2797\" data-end=\"2950\">\n<li data-section-id=\"1br12vd\" data-start=\"2797\" data-end=\"2852\">wi\u0119kszo\u015b\u0107 produkt\u00f3w nowa lub w bardzo dobrym stanie<\/li>\n<li data-section-id=\"jqrsyy\" data-start=\"2853\" data-end=\"2889\">mo\u017cliwe drobne \u015blady u\u017cytkowania<\/li>\n<li data-section-id=\"9474dx\" data-start=\"2890\" data-end=\"2950\">dopuszczalna niewielka domieszka klasy C (do oko\u0142o 5\u20137%)<\/li>\n<\/ul>\n<p data-start=\"2952\" data-end=\"3038\">Taki poziom jako\u015bci pozwala utrzyma\u0107 korzystny stosunek ceny zakupu do ceny sprzeda\u017cy.<\/p>\n<p data-start=\"3040\" data-end=\"3131\">Produkty nie s\u0105 testowane indywidualnie, co jest standardem dla dostaw typu Amazon Returns.<\/p>\n<h2 data-section-id=\"16bvfjd\" data-start=\"3138\" data-end=\"3181\">Model sprzeda\u017cy \u2013 jak dzia\u0142a w praktyce?<\/h2>\n<p data-start=\"3183\" data-end=\"3328\">Sprzeda\u017c oparta na paletach polega na pracy na ilo\u015bci produkt\u00f3w i ich rotacji. Kluczowe znaczenie ma szybkie wprowadzenie produkt\u00f3w do sprzeda\u017cy.<\/p>\n<p data-start=\"3330\" data-end=\"3348\">Schemat dzia\u0142ania:<\/p>\n<ol data-start=\"3350\" data-end=\"3472\">\n<li data-section-id=\"1sbhdx6\" data-start=\"3350\" data-end=\"3367\">zakup palety<\/li>\n<li data-section-id=\"1h5xpxe\" data-start=\"3368\" data-end=\"3391\">selekcja produkt\u00f3w<\/li>\n<li data-section-id=\"bwh49e\" data-start=\"3392\" data-end=\"3413\">publikacja ofert<\/li>\n<li data-section-id=\"1gl09dc\" data-start=\"3414\" data-end=\"3444\">sprzeda\u017c w wielu kana\u0142ach<\/li>\n<li data-section-id=\"1u65gb1\" data-start=\"3445\" data-end=\"3472\">reinwestowanie \u015brodk\u00f3w<\/li>\n<\/ol>\n<p data-start=\"3474\" data-end=\"3542\">Taki model pozwala rozwija\u0107 dzia\u0142alno\u015b\u0107 i zwi\u0119ksza\u0107 skal\u0119 sprzeda\u017cy.<\/p>\n<h2 data-section-id=\"11cjqy5\" data-start=\"3600\" data-end=\"3651\">Kana\u0142y sprzeda\u017cy \u2013 gdzie sprzedawa\u0107 elektronik\u0119?<\/h2>\n<p data-start=\"3653\" data-end=\"3726\">Paleta elektroniki z Europy EU sprawdza si\u0119 w r\u00f3\u017cnych kana\u0142ach sprzeda\u017cy:<\/p>\n<ul data-start=\"3777\" data-end=\"3846\">\n<li data-section-id=\"1gr8el2\" data-start=\"3777\" data-end=\"3788\"><a href=\"https:\/\/allegro.pl\/\" target=\"_blank\" rel=\"noopener\">Allegro<\/a><\/li>\n<li data-section-id=\"16txjn7\" data-start=\"3789\" data-end=\"3796\"><a href=\"https:\/\/www.olx.pl\/\" target=\"_blank\" rel=\"noopener\">OLX<\/a><\/li>\n<li data-section-id=\"1b2mlzr\" data-start=\"3797\" data-end=\"3805\"><a href=\"https:\/\/www.ebay.com\/\" target=\"_blank\" rel=\"noopener\">eBay<\/a><\/li>\n<li data-section-id=\"1ls0se6\" data-start=\"3806\" data-end=\"3816\"><a href=\"https:\/\/www.amazon.com\/\" target=\"_blank\" rel=\"noopener\">Amazon<\/a><\/li>\n<li data-section-id=\"1d4qn16\" data-start=\"3817\" data-end=\"3846\">w\u0142asne sklepy internetowe<\/li>\n<\/ul>\n<p data-start=\"3769\" data-end=\"3850\">Sprzeda\u017c wielokana\u0142owa pozwala zwi\u0119kszy\u0107 zasi\u0119g i przyspieszy\u0107 rotacj\u0119 produkt\u00f3w.<\/p>\n<h2 data-section-id=\"1mopser\" data-start=\"3825\" data-end=\"3852\">Korzy\u015bci dla sprzedawc\u00f3w<\/h2>\n<p data-start=\"3854\" data-end=\"3976\">Zakup palety elektroniki to rozwi\u0105zanie, kt\u00f3re umo\u017cliwia szybki rozw\u00f3j sprzeda\u017cy i zwi\u0119kszenie liczby produkt\u00f3w w ofercie.<\/p>\n<p data-start=\"3978\" data-end=\"4001\">Najwa\u017cniejsze korzy\u015bci:<\/p>\n<ul data-start=\"4003\" data-end=\"4196\">\n<li data-section-id=\"gvtpog\" data-start=\"4003\" data-end=\"4043\">szeroki asortyment w jednej dostawie<\/li>\n<li data-section-id=\"1e0drbc\" data-start=\"4044\" data-end=\"4080\">szybkie zwi\u0119kszenie liczby ofert<\/li>\n<li data-section-id=\"1b4o0oo\" data-start=\"4081\" data-end=\"4109\">elastyczne ustalanie cen<\/li>\n<li data-section-id=\"16h5c6m\" data-start=\"4110\" data-end=\"4153\">dost\u0119p do produkt\u00f3w w atrakcyjnej cenie<\/li>\n<li data-section-id=\"x4575q\" data-start=\"4154\" data-end=\"4196\">mo\u017cliwo\u015b\u0107 testowania r\u00f3\u017cnych kategorii<\/li>\n<\/ul>\n<p data-start=\"4198\" data-end=\"4248\">To rozwi\u0105zanie daje realn\u0105 przewag\u0119 konkurencyjn\u0105.<\/p>\n<h2 data-section-id=\"f1xuem\" data-start=\"4132\" data-end=\"4154\">Logistyka i dostawa<\/h2>\n<p data-start=\"4156\" data-end=\"4240\">Palety wysy\u0142ane s\u0105 z magazynu w Europie, co umo\u017cliwia szybkie rozpocz\u0119cie sprzeda\u017cy.<\/p>\n<p data-start=\"4242\" data-end=\"4258\">Proces obejmuje:<\/p>\n<ul data-start=\"4260\" data-end=\"4333\">\n<li data-section-id=\"7znjh2\" data-start=\"4260\" data-end=\"4288\">przygotowanie zam\u00f3wienia<\/li>\n<li data-section-id=\"1qo0dyy\" data-start=\"4289\" data-end=\"4313\">bezpieczne pakowanie<\/li>\n<li data-section-id=\"a3em40\" data-start=\"4314\" data-end=\"4333\">sprawn\u0105 wysy\u0142k\u0119<\/li>\n<\/ul>\n<p data-start=\"4335\" data-end=\"4401\">Dzi\u0119ki temu mo\u017cliwe jest szybkie wdro\u017cenie produkt\u00f3w do sprzeda\u017cy.<\/p>\n<h2 data-section-id=\"71p1w8\" data-start=\"4531\" data-end=\"4550\">Wa\u017cne informacje<\/h2>\n<ul data-start=\"4552\" data-end=\"4764\">\n<li data-section-id=\"1odlefs\" data-start=\"4552\" data-end=\"4622\">towar pochodzi ze zwrot\u00f3w konsumenckich oraz nadwy\u017cek magazynowych<\/li>\n<li data-section-id=\"196h1iw\" data-start=\"4623\" data-end=\"4666\">produkty nie s\u0105 testowane indywidualnie<\/li>\n<li data-section-id=\"1st3k7w\" data-start=\"4667\" data-end=\"4706\">mo\u017cliwa niewielka domieszka klasy C<\/li>\n<li data-section-id=\"1jh6vg4\" data-start=\"4707\" data-end=\"4739\">ka\u017cda paleta ma losowy sk\u0142ad<\/li>\n<li data-section-id=\"1rrf97y\" data-start=\"4740\" data-end=\"4764\">brak listy produkt\u00f3w<\/li>\n<\/ul>\n<p data-start=\"4766\" data-end=\"4836\">Zmienno\u015b\u0107 zawarto\u015bci to naturalny element tego modelu i jego przewaga.<\/p>\n<h2 data-section-id=\"1xa3dgd\" data-start=\"4843\" data-end=\"4877\">Podsumowanie \u2013 czy warto kupi\u0107?<\/h2>\n<p data-start=\"4879\" data-end=\"5013\">Paleta elektroniki z Europy EU to rozwi\u0105zanie dla sprzedawc\u00f3w, kt\u00f3rzy chc\u0105 rozwija\u0107 sprzeda\u017c w oparciu o rotacj\u0119 i szeroki asortyment.<\/p>\n<p data-start=\"5015\" data-end=\"5035\">Model ten umo\u017cliwia:<\/p>\n<ul data-start=\"5037\" data-end=\"5180\">\n<li data-section-id=\"q7uix1\" data-start=\"5037\" data-end=\"5077\">szybkie zwi\u0119kszenie liczby produkt\u00f3w<\/li>\n<li data-section-id=\"685pbr\" data-start=\"5078\" data-end=\"5115\">rozw\u00f3j sprzeda\u017cy w wielu kana\u0142ach<\/li>\n<li data-section-id=\"2e2gk9\" data-start=\"5116\" data-end=\"5147\">dopasowanie oferty do rynku<\/li>\n<li data-section-id=\"nord47\" data-start=\"5148\" data-end=\"5180\">osi\u0105ganie stabilnych wynik\u00f3w<\/li>\n<\/ul>\n<p data-start=\"5182\" data-end=\"5342\">W e-commerce wygrywaj\u0105 ci, kt\u00f3rzy dzia\u0142aj\u0105 szybko i maj\u0105 szerok\u0105 ofert\u0119. Paleta elektroniki z Europy EU daje realne narz\u0119dzie do budowania skalowalnego biznesu.<\/p>\n<p data-start=\"5505\" data-end=\"5558\" data-is-last-node=\"\" data-is-only-node=\"\">\ud83d\udc49 Wszystkie modele palet Amazon mo\u017cna znale\u017a\u0107 <a href=\"https:\/\/stockify24.pl\/sklep\/\"><strong>tutaj<\/strong>.<\/a><\/p>\n<\/div>\n<\/div>\n<\/div>\n<\/div>\n<\/div>\n<\/div>\n<\/section>\n","protected":false},"excerpt":{"rendered":"<p class=\"p1\">\u26a1 Oko\u0142o 70\u201380% elektroniki<\/p>\n<p class=\"p1\">\ud83c\uddea\ud83c\uddfa EU<\/p>\n<p class=\"p1\">\ud83d\udd25 Amazon Returns<\/p>\n<p class=\"p1\" style=\"text-align: left;\">\u2714\ufe0f Jako\u015b\u0107 A\u2013B<\/p>","protected":false},"featured_media":51872,"comment_status":"open","ping_status":"closed","template":"","meta":{"_acf_changed":false},"product_brand":[],"product_cat":[1258,1273,1284],"product_tag":[1274],"class_list":{"0":"post-51341","1":"product","2":"type-product","3":"status-publish","4":"has-post-thumbnail","6":"product_cat-amazon-paleta","7":"product_cat-mix-elektroniki-eu-amazon-returns-ab","8":"product_cat-palety-dnia","9":"product_tag-paleta-mix-elektroniki-z-europy","11":"first","12":"instock","13":"sold-individually","14":"taxable","15":"shipping-taxable","16":"purchasable","17":"product-type-simple"},"acf":[],"_links":{"self":[{"href":"https:\/\/stockify24.pl\/en\/wp-json\/wp\/v2\/product\/51341","targetHints":{"allow":["GET"]}}],"collection":[{"href":"https:\/\/stockify24.pl\/en\/wp-json\/wp\/v2\/product"}],"about":[{"href":"https:\/\/stockify24.pl\/en\/wp-json\/wp\/v2\/types\/product"}],"replies":[{"embeddable":true,"href":"https:\/\/stockify24.pl\/en\/wp-json\/wp\/v2\/comments?post=51341"}],"wp:featuredmedia":[{"embeddable":true,"href":"https:\/\/stockify24.pl\/en\/wp-json\/wp\/v2\/media\/51872"}],"wp:attachment":[{"href":"https:\/\/stockify24.pl\/en\/wp-json\/wp\/v2\/media?parent=51341"}],"wp:term":[{"taxonomy":"product_brand","embeddable":true,"href":"https:\/\/stockify24.pl\/en\/wp-json\/wp\/v2\/product_brand?post=51341"},{"taxonomy":"product_cat","embeddable":true,"href":"https:\/\/stockify24.pl\/en\/wp-json\/wp\/v2\/product_cat?post=51341"},{"taxonomy":"product_tag","embeddable":true,"href":"https:\/\/stockify24.pl\/en\/wp-json\/wp\/v2\/product_tag?post=51341"}],"curies":[{"name":"wp","href":"https:\/\/api.w.org\/{rel}","templated":true}]}}