{"id":51617,"date":"2026-04-23T14:32:16","date_gmt":"2026-04-23T13:32:16","guid":{"rendered":"https:\/\/stockify24.pl\/?post_type=product&#038;p=51617"},"modified":"2026-04-23T14:38:49","modified_gmt":"2026-04-23T13:38:49","slug":"box-butow-17-par-obuwie-premium-9","status":"publish","type":"product","link":"https:\/\/stockify24.pl\/en\/product\/box-butow-17-par-obuwie-premium-9\/","title":{"rendered":"Box of shoes - 17 pairs (Premium footwear) | #9"},"content":{"rendered":"<div class=\"flex flex-col text-sm pb-25\">\n<section class=\"text-token-text-primary w-full focus:outline-none [--shadow-height:45px] has-data-writing-block:pointer-events-none has-data-writing-block:-mt-(--shadow-height) has-data-writing-block:pt-(--shadow-height) [&amp;:has([data-writing-block])&gt;*]:pointer-events-auto scroll-mt-[calc(var(--header-height)+min(200px,max(70px,20svh)))]\" dir=\"auto\" data-turn-id=\"request-69b8245d-0030-838e-b654-ccb872ba6f51-25\" data-testid=\"conversation-turn-200\" data-scroll-anchor=\"true\" data-turn=\"assistant\">\n<div class=\"text-base my-auto mx-auto pb-10 [--thread-content-margin:var(--thread-content-margin-xs,calc(var(--spacing)*4))] @w-sm\/main:[--thread-content-margin:var(--thread-content-margin-sm,calc(var(--spacing)*6))] @w-lg\/main:[--thread-content-margin:var(--thread-content-margin-lg,calc(var(--spacing)*16))] px-(--thread-content-margin)\">\n<div class=\"[--thread-content-max-width:40rem] @w-lg\/main:[--thread-content-max-width:48rem] mx-auto max-w-(--thread-content-max-width) flex-1 group\/turn-messages focus-visible:outline-hidden relative flex w-full min-w-0 flex-col agent-turn\">\n<div class=\"flex max-w-full flex-col gap-4 grow\">\n<div class=\"min-h-8 text-message relative flex w-full flex-col items-end gap-2 text-start break-words whitespace-normal outline-none keyboard-focused:focus-ring [.text-message+&amp;]:mt-1\" dir=\"auto\" tabindex=\"0\" data-message-author-role=\"assistant\" data-message-id=\"ed8abcdd-be0d-4615-88f1-9a47a52c2d16\" data-message-model-slug=\"gpt-5-3\" data-turn-start-message=\"true\">\n<div class=\"flex w-full flex-col gap-1 empty:hidden\">\n<div class=\"markdown prose dark:prose-invert w-full wrap-break-word dark markdown-new-styling\">\n<div class=\"flex h-svh w-screen flex-col\">\n<div class=\"relative z-0 flex min-h-0 w-full flex-1\">\n<div class=\"relative flex min-h-0 w-full flex-1\">\n<div class=\"@container\/main relative flex min-w-0 flex-1 flex-col -translate-y-[calc(env(safe-area-inset-bottom,0px)\/2)] pt-[calc(env(safe-area-inset-bottom,0px)\/2)]\">\n<div class=\"@w-sm\/main:[scrollbar-gutter:var(--stage-scroll-gutter)] touch:[scrollbar-width:none] group\/scroll-root relative flex min-h-0 min-w-0 flex-1 flex-col [scrollbar-gutter:stable] not-print:overflow-x-clip not-print:overflow-y-auto group-data-stream-active\/scroll-root:[overflow-anchor:none] scroll-pt-(--header-height) [--sticky-padding-top:var(--header-height)] [--sticky-padding-bottom:0px] [--scroll-root-safe-area-inset-top:calc(var(--sticky-padding-top)+env(safe-area-inset-top,0px))] [--scroll-root-safe-area-inset-bottom:calc(var(--sticky-padding-bottom)+var(--screen-keyboard-height,0px)+env(safe-area-inset-bottom,0px))] [--scroll-root-safe-area-height:calc(100lvh-var(--scroll-root-safe-area-inset-top)-var(--scroll-root-safe-area-inset-bottom))] has-data-[fixed-header=less-than-xl]:@w-xl\/main:scroll-pt-0 has-data-[fixed-header=less-than-xl]:@w-xl\/main:[--sticky-padding-top:0px] has-data-[fixed-header=less-than-xxl]:@w-2xl\/main:scroll-pt-0 has-data-[fixed-header=less-than-xxl]:@w-2xl\/main:[--sticky-padding-top:0px]\" data-scroll-root=\"\" data-scroll-from-top=\"\">\n<div class=\"relative basis-auto flex-col -mb-(--composer-overlap-px) pb-(--composer-overlap-px) [--composer-overlap-px:28px] grow flex\">\n<div class=\"flex flex-col text-sm\">\n<section class=\"text-token-text-primary w-full focus:outline-none [--shadow-height:45px] has-data-writing-block:pointer-events-none has-data-writing-block:-mt-(--shadow-height) has-data-writing-block:pt-(--shadow-height) [&amp;:has([data-writing-block])&gt;*]:pointer-events-auto scroll-mt-[calc(var(--header-height)+min(200px,max(70px,20svh)))]\" dir=\"auto\" data-turn-id=\"request-WEB:cc509de0-714c-4653-ad32-6b5e125a8411-7\" data-testid=\"conversation-turn-10\" data-scroll-anchor=\"true\" data-turn=\"assistant\">\n<div class=\"text-base my-auto mx-auto pb-10 [--thread-content-margin:var(--thread-content-margin-xs,calc(var(--spacing)*4))] @w-sm\/main:[--thread-content-margin:var(--thread-content-margin-sm,calc(var(--spacing)*6))] @w-lg\/main:[--thread-content-margin:var(--thread-content-margin-lg,calc(var(--spacing)*16))] px-(--thread-content-margin)\">\n<div class=\"[--thread-content-max-width:40rem] @w-lg\/main:[--thread-content-max-width:48rem] mx-auto max-w-(--thread-content-max-width) flex-1 group\/turn-messages focus-visible:outline-hidden relative flex w-full min-w-0 flex-col agent-turn\">\n<div class=\"flex max-w-full flex-col gap-4 grow\">\n<div class=\"min-h-8 text-message relative flex w-full flex-col items-end gap-2 text-start break-words whitespace-normal outline-none keyboard-focused:focus-ring [.text-message+&amp;]:mt-1\" dir=\"auto\" tabindex=\"0\" data-message-author-role=\"assistant\" data-message-id=\"cfa6deea-8ce4-4542-9cf9-48a3b1cdbe9a\" data-message-model-slug=\"gpt-5-3\" data-turn-start-message=\"true\">\n<div class=\"flex w-full flex-col gap-1 empty:hidden\">\n<div class=\"markdown prose dark:prose-invert w-full wrap-break-word dark markdown-new-styling\">\n<div class=\"flex flex-col text-sm pb-25\">\n<section class=\"text-token-text-primary w-full focus:outline-none [--shadow-height:45px] has-data-writing-block:pointer-events-none has-data-writing-block:-mt-(--shadow-height) has-data-writing-block:pt-(--shadow-height) [&amp;:has([data-writing-block])&gt;*]:pointer-events-auto scroll-mt-[calc(var(--header-height)+min(200px,max(70px,20svh)))]\" dir=\"auto\" data-turn-id=\"request-69c2a6c3-14c8-8392-ab91-845727832df6-4\" data-testid=\"conversation-turn-40\" data-scroll-anchor=\"true\" data-turn=\"assistant\">\n<div class=\"text-base my-auto mx-auto pb-10 [--thread-content-margin:var(--thread-content-margin-xs,calc(var(--spacing)*4))] @w-sm\/main:[--thread-content-margin:var(--thread-content-margin-sm,calc(var(--spacing)*6))] @w-lg\/main:[--thread-content-margin:var(--thread-content-margin-lg,calc(var(--spacing)*16))] px-(--thread-content-margin)\">\n<div class=\"[--thread-content-max-width:40rem] @w-lg\/main:[--thread-content-max-width:48rem] mx-auto max-w-(--thread-content-max-width) flex-1 group\/turn-messages focus-visible:outline-hidden relative flex w-full min-w-0 flex-col agent-turn\">\n<div class=\"flex max-w-full flex-col gap-4 grow\">\n<div class=\"min-h-8 text-message relative flex w-full flex-col items-end gap-2 text-start break-words whitespace-normal outline-none keyboard-focused:focus-ring [.text-message+&amp;]:mt-1\" dir=\"auto\" tabindex=\"0\" data-message-author-role=\"assistant\" data-message-id=\"59380e2e-6df9-44e0-8276-a27663961a62\" data-message-model-slug=\"gpt-5-3\" data-turn-start-message=\"true\">\n<div class=\"flex w-full flex-col gap-1 empty:hidden\">\n<div class=\"markdown prose dark:prose-invert w-full wrap-break-word dark markdown-new-styling\">\n<section class=\"text-token-text-primary w-full focus:outline-none [--shadow-height:45px] has-data-writing-block:pointer-events-none has-data-writing-block:-mt-(--shadow-height) has-data-writing-block:pt-(--shadow-height) [&amp;:has([data-writing-block])&gt;*]:pointer-events-auto R6Vx5W_threadScrollVars scroll-mb-[calc(var(--scroll-root-safe-area-inset-bottom,0px)+var(--thread-response-height))] scroll-mt-(--header-height)\" dir=\"auto\" data-turn-id=\"a2cb1661-1453-464f-a8de-40a178c6d895\" data-testid=\"conversation-turn-1\" data-scroll-anchor=\"false\" data-turn=\"user\"><\/section>\n<section class=\"text-token-text-primary w-full focus:outline-none [--shadow-height:45px] has-data-writing-block:pointer-events-none has-data-writing-block:-mt-(--shadow-height) has-data-writing-block:pt-(--shadow-height) [&amp;:has([data-writing-block])&gt;*]:pointer-events-auto [content-visibility:auto] supports-[content-visibility:auto]:[contain-intrinsic-size:auto_100lvh] R6Vx5W_threadScrollVars scroll-mb-[calc(var(--scroll-root-safe-area-inset-bottom,0px)+var(--thread-response-height))] scroll-mt-[calc(var(--header-height)+min(200px,max(70px,20svh)))]\" dir=\"auto\" data-turn-id=\"request-WEB:176b9ba8-3f2b-431d-879f-1681a5545642-1\" data-testid=\"conversation-turn-2\" data-scroll-anchor=\"false\" data-turn=\"assistant\">\n<div class=\"text-base my-auto mx-auto pb-10 [--thread-content-margin:var(--thread-content-margin-xs,calc(var(--spacing)*4))] @w-sm\/main:[--thread-content-margin:var(--thread-content-margin-sm,calc(var(--spacing)*6))] @w-lg\/main:[--thread-content-margin:var(--thread-content-margin-lg,calc(var(--spacing)*16))] px-(--thread-content-margin)\">\n<div class=\"[--thread-content-max-width:40rem] @w-lg\/main:[--thread-content-max-width:48rem] mx-auto max-w-(--thread-content-max-width) flex-1 group\/turn-messages focus-visible:outline-hidden relative flex w-full min-w-0 flex-col agent-turn\">\n<div class=\"flex max-w-full flex-col gap-4 grow\">\n<div class=\"min-h-8 text-message relative flex w-full flex-col items-end gap-2 text-start break-words whitespace-normal outline-none keyboard-focused:focus-ring [.text-message+&amp;]:mt-1\" dir=\"auto\" tabindex=\"0\" data-message-author-role=\"assistant\" data-message-id=\"35903f6b-eedf-4e72-9a6d-0b8cd34b1111\" data-message-model-slug=\"gpt-5-3\" data-turn-start-message=\"true\">\n<div class=\"flex w-full flex-col gap-1 empty:hidden\">\n<div class=\"markdown prose dark:prose-invert w-full wrap-break-word dark markdown-new-styling\">\n<h2 data-section-id=\"qou5au\" data-start=\"0\" data-end=\"53\">\ud83d\udce6 Box but\u00f3w \u2013 17 par | Obuwie Premium Strefa Mody<\/h2>\n<h3 data-section-id=\"a6g61x\" data-start=\"55\" data-end=\"114\">Hurtowy mix obuwia premium zoptymalizowany pod sprzeda\u017c<\/h3>\n<p data-start=\"116\" data-end=\"412\">Box but\u00f3w to rozwi\u0105zanie dla sprzedawc\u00f3w, kt\u00f3rzy chc\u0105 wprowadzi\u0107 do oferty <strong data-start=\"200\" data-end=\"218\">obuwie premium<\/strong> bez konieczno\u015bci selekcji pojedynczych modeli. Zestaw oparty jest na mixie marek i fason\u00f3w w gatunku A, co oznacza nowy towar przygotowany do dalszej odsprzeda\u017cy w kana\u0142ach online oraz offline.<\/p>\n<p data-start=\"414\" data-end=\"638\">Produkt zosta\u0142 zaprojektowany pod k\u0105tem realnych wynik\u00f3w sprzeda\u017cowych. Mix modeli oraz sezonowa r\u00f3\u017cnorodno\u015b\u0107 zwi\u0119kszaj\u0105 dopasowanie do klient\u00f3w ko\u0144cowych, co bezpo\u015brednio wp\u0142ywa na rotacj\u0119 towaru oraz efektywno\u015b\u0107 sprzeda\u017cy.<\/p>\n<h3 data-section-id=\"yqzjci\" data-start=\"645\" data-end=\"670\">\ud83d\udcca Parametry produktu<\/h3>\n<ul data-start=\"672\" data-end=\"932\">\n<li data-section-id=\"1gkufo5\" data-start=\"672\" data-end=\"707\"><strong data-start=\"674\" data-end=\"686\">Produkt:<\/strong> Box but\u00f3w \u2013 17 par<\/li>\n<li data-section-id=\"13fh6tf\" data-start=\"708\" data-end=\"745\"><strong data-start=\"710\" data-end=\"724\">Kategoria:<\/strong> Obuwie \u2b50 PREMIUM \u2b50<\/li>\n<li data-section-id=\"1aohbba\" data-start=\"746\" data-end=\"771\"><strong data-start=\"748\" data-end=\"760\">Gatunek:<\/strong> A (nowe)<\/li>\n<li data-section-id=\"v5wchl\" data-start=\"772\" data-end=\"806\"><strong data-start=\"774\" data-end=\"785\">Rodzaj:<\/strong> Mix marek i modeli<\/li>\n<li data-section-id=\"16g546b\" data-start=\"807\" data-end=\"825\"><strong data-start=\"809\" data-end=\"819\">Sezon:<\/strong> Mix<\/li>\n<li data-section-id=\"wip2j5\" data-start=\"826\" data-end=\"861\"><strong data-start=\"828\" data-end=\"852\">Jednostka sprzeda\u017cy:<\/strong> sztuki<\/li>\n<li data-section-id=\"eyt5b7\" data-start=\"862\" data-end=\"898\"><strong data-start=\"864\" data-end=\"889\">Minimalne zam\u00f3wienie:<\/strong> 17 par<\/li>\n<li data-section-id=\"15l328t\" data-start=\"899\" data-end=\"932\"><strong data-start=\"901\" data-end=\"910\">Cena:<\/strong> 142 z\u0142 netto \/ para<\/li>\n<\/ul>\n<h3 data-section-id=\"1lu6ma6\" data-start=\"939\" data-end=\"991\">\ud83d\udcb0 Strategia sprzeda\u017cy oparta na mixie produkt\u00f3w<\/h3>\n<p data-start=\"993\" data-end=\"1191\">Box but\u00f3w wykorzystuje model sprzeda\u017cy, kt\u00f3ry opiera si\u0119 na r\u00f3\u017cnorodno\u015bci. Mix modeli zwi\u0119ksza skuteczno\u015b\u0107 oferty i pozwala ograniczy\u0107 ryzyko wynikaj\u0105ce z inwestowania w jeden typ produktu.<\/p>\n<p data-start=\"1193\" data-end=\"1220\"><strong data-start=\"1193\" data-end=\"1220\">Najwa\u017cniejsze korzy\u015bci:<\/strong><\/p>\n<ul data-start=\"1222\" data-end=\"1411\">\n<li data-section-id=\"lxrtbn\" data-start=\"1222\" data-end=\"1266\">szerokie dopasowanie do r\u00f3\u017cnych klient\u00f3w<\/li>\n<li data-section-id=\"d7ilg0\" data-start=\"1267\" data-end=\"1299\">zwi\u0119kszona rotacja produkt\u00f3w<\/li>\n<li data-section-id=\"1bax7ud\" data-start=\"1300\" data-end=\"1337\">brak zale\u017cno\u015bci od jednego modelu<\/li>\n<li data-section-id=\"14ixdhl\" data-start=\"1338\" data-end=\"1377\">mo\u017cliwo\u015b\u0107 testowania r\u00f3\u017cnych styl\u00f3w<\/li>\n<li data-section-id=\"1r6q762\" data-start=\"1378\" data-end=\"1411\">stabilno\u015b\u0107 sprzeda\u017cy w czasie<\/li>\n<\/ul>\n<p data-start=\"1413\" data-end=\"1508\">Segment premium dodatkowo umo\u017cliwia budowanie wy\u017cszej warto\u015bci zam\u00f3wie\u0144 oraz zwi\u0119kszenie mar\u017cy.<\/p>\n<h3 data-section-id=\"1xl903l\" data-start=\"1515\" data-end=\"1558\">\u26a1 Natychmiastowe wdro\u017cenie do sprzeda\u017cy<\/h3>\n<p data-start=\"1560\" data-end=\"1739\">Box but\u00f3w to gotowy zestaw, kt\u00f3ry mo\u017cna od razu wprowadzi\u0107 do sprzeda\u017cy. Brak konieczno\u015bci selekcji modeli skraca czas przygotowania oferty i upraszcza proces operacyjny.<\/p>\n<p data-start=\"1741\" data-end=\"1874\">To rozwi\u0105zanie pozwala skupi\u0107 si\u0119 na dzia\u0142aniach sprzeda\u017cowych oraz marketingowych, kt\u00f3re maj\u0105 bezpo\u015bredni wp\u0142yw na wyniki finansowe.<\/p>\n<h3 data-section-id=\"1rf7422\" data-start=\"1881\" data-end=\"1932\">\ud83d\udecd Zawarto\u015b\u0107 boxa \u2013 r\u00f3\u017cnorodno\u015b\u0107 i elastyczno\u015b\u0107<\/h3>\n<p data-start=\"1934\" data-end=\"2116\">Ka\u017cdy box zawiera mix obuwia, kt\u00f3rego sk\u0142ad zmienia si\u0119 w zale\u017cno\u015bci od dostawy. Brak powtarzalno\u015bci zwi\u0119ksza atrakcyjno\u015b\u0107 oferty i pozwala tworzy\u0107 bardziej konkurencyjny asortyment.<\/p>\n<p data-start=\"2118\" data-end=\"2148\">W zestawie mog\u0105 znajdowa\u0107 si\u0119:<\/p>\n<ul data-start=\"2150\" data-end=\"2244\">\n<li data-section-id=\"1e7z9w0\" data-start=\"2150\" data-end=\"2170\">obuwie codzienne<\/li>\n<li data-section-id=\"g0zcxe\" data-start=\"2171\" data-end=\"2190\">modele sezonowe<\/li>\n<li data-section-id=\"hg7c18\" data-start=\"2191\" data-end=\"2215\">r\u00f3\u017cne fasony i style<\/li>\n<li data-section-id=\"1xwtaij\" data-start=\"2216\" data-end=\"2244\">szeroki zakres rozmiar\u00f3w<\/li>\n<\/ul>\n<p data-start=\"2246\" data-end=\"2376\">Prezentowane modele maj\u0105 charakter pogl\u0105dowy. Faktyczna zawarto\u015b\u0107 mo\u017ce si\u0119 r\u00f3\u017cni\u0107, co pozwala budowa\u0107 unikaln\u0105 ofert\u0119 sprzeda\u017cow\u0105.<\/p>\n<h3 data-section-id=\"10nv65u\" data-start=\"2383\" data-end=\"2429\">\ud83d\udcc8 Sprzeda\u017c wielokana\u0142owa \u2013 wi\u0119kszy zasi\u0119g<\/h3>\n<p data-start=\"2431\" data-end=\"2580\">Box but\u00f3w zosta\u0142 przygotowany do wykorzystania w wielu kana\u0142ach sprzeda\u017cy. Mix modeli umo\u017cliwia r\u00f3wnoleg\u0142e dzia\u0142anie na r\u00f3\u017cnych platformach.<\/p>\n<p data-start=\"2582\" data-end=\"2608\"><strong data-start=\"2582\" data-end=\"2608\">Zastosowanie produktu:<\/strong><\/p>\n<ul data-start=\"2610\" data-end=\"2790\">\n<li data-section-id=\"1exz01i\" data-start=\"2610\" data-end=\"2654\">marketplace (Allegro, <a style=\"font-family: -apple-system, BlinkMacSystemFont, &#039;Segoe UI&#039;, Roboto, &#039;Helvetica Neue&#039;, Arial, &#039;Noto Sans&#039;, sans-serif, &#039;Apple Color Emoji&#039;, &#039;Segoe UI Emoji&#039;, &#039;Segoe UI Symbol&#039;, &#039;Noto Color Emoji&#039;; font-size: 16px;\" href=\"https:\/\/www.olx.pl\/\" target=\"_blank\" rel=\"noopener\">OLX<\/a>, eBay, Amazon)<\/li>\n<li data-section-id=\"s15p7n\" data-start=\"2655\" data-end=\"2700\">sklepy internetowe (WooCommerce, Shopify)<\/li>\n<li data-section-id=\"13wbqgd\" data-start=\"2701\" data-end=\"2725\">sprzeda\u017c stacjonarna<\/li>\n<li data-section-id=\"4mfzoe\" data-start=\"2726\" data-end=\"2752\">dzia\u0142alno\u015b\u0107 reseller\u00f3w<\/li>\n<li data-section-id=\"1s9s94o\" data-start=\"2753\" data-end=\"2790\">rozpocz\u0119cie sprzeda\u017cy detalicznej<\/li>\n<\/ul>\n<p data-start=\"2792\" data-end=\"2858\">Wielokana\u0142owo\u015b\u0107 zwi\u0119ksza widoczno\u015b\u0107 oferty i przyspiesza sprzeda\u017c.<\/p>\n<h3 data-section-id=\"jmjzrs\" data-start=\"2865\" data-end=\"2909\">\u26a1 Ograniczenie ryzyka i testowanie rynku<\/h3>\n<p data-start=\"2911\" data-end=\"3088\">Decyduj\u0105c si\u0119 na box but\u00f3w, eliminujesz konieczno\u015b\u0107 wyboru konkretnych modeli. Mix umo\u017cliwia testowanie r\u00f3\u017cnych potrzeb klient\u00f3w i analiz\u0119 wynik\u00f3w sprzeda\u017cy w praktyce.<\/p>\n<p data-start=\"3090\" data-end=\"3207\">To podej\u015bcie pozwala szybciej dopasowa\u0107 ofert\u0119 do rynku oraz zwi\u0119kszy\u0107 skuteczno\u015b\u0107 sprzeda\u017cy bez dodatkowych koszt\u00f3w.<\/p>\n<h3 data-section-id=\"111su16\" data-start=\"3214\" data-end=\"3240\">\ud83d\ude9a Logistyka i dostawa<\/h3>\n<p data-start=\"3242\" data-end=\"3381\">Towar dostarczany jest na terenie Polski oraz za granic\u0119. Koszt transportu ustalany jest indywidualnie i nie jest wliczony w cen\u0119 produktu.<\/p>\n<ul data-start=\"3383\" data-end=\"3513\">\n<li data-section-id=\"1xvp6fn\" data-start=\"3383\" data-end=\"3419\">wysy\u0142ka krajowa i mi\u0119dzynarodowa<\/li>\n<li data-section-id=\"1ijslrm\" data-start=\"3420\" data-end=\"3450\">mo\u017cliwo\u015b\u0107 eksportu poza UE<\/li>\n<li data-section-id=\"mkmwbf\" data-start=\"3451\" data-end=\"3482\">indywidualna wycena dostawy<\/li>\n<li data-section-id=\"igemay\" data-start=\"3483\" data-end=\"3513\">szybka realizacja zam\u00f3wie\u0144<\/li>\n<\/ul>\n<p data-start=\"3515\" data-end=\"3584\">Elastyczna logistyka pozwala dopasowa\u0107 warunki do skali dzia\u0142alno\u015bci.<\/p>\n<h3 data-section-id=\"16ac7w7\" data-start=\"3591\" data-end=\"3620\">\ud83c\udfa5 Transparentno\u015b\u0107 oferty<\/h3>\n<p data-start=\"3622\" data-end=\"3747\">Na \u017cyczenie klienta dost\u0119pne s\u0105 materia\u0142y z ostatnich dostaw, kt\u00f3re umo\u017cliwiaj\u0105 ocen\u0119 jako\u015bci i struktury mixu przed zakupem.<\/p>\n<ul data-start=\"3749\" data-end=\"3835\">\n<li data-section-id=\"1ahf2wf\" data-start=\"3749\" data-end=\"3784\">zdj\u0119cia rzeczywistych produkt\u00f3w<\/li>\n<li data-section-id=\"1d1dzph\" data-start=\"3785\" data-end=\"3803\">nagrania wideo<\/li>\n<li data-section-id=\"1a4d7ky\" data-start=\"3804\" data-end=\"3835\">podgl\u0105d jako\u015bci asortymentu<\/li>\n<\/ul>\n<p data-start=\"3837\" data-end=\"3917\">To rozwi\u0105zanie zwi\u0119ksza przejrzysto\u015b\u0107 i wspiera podejmowanie decyzji zakupowych.<\/p>\n<h3 data-section-id=\"1l2nz0f\" data-start=\"3924\" data-end=\"3953\">\u26a0\ufe0f Informacje sprzeda\u017cowe<\/h3>\n<ul data-start=\"3955\" data-end=\"4126\">\n<li data-section-id=\"y27cgk\" data-start=\"3955\" data-end=\"3993\">modele prezentowane s\u0105 przyk\u0142adowe<\/li>\n<li data-section-id=\"1d1toho\" data-start=\"3994\" data-end=\"4026\">sk\u0142ad boxa zale\u017cy od dostawy<\/li>\n<li data-section-id=\"1ewf4dp\" data-start=\"4027\" data-end=\"4060\">oferta obejmuje mix produkt\u00f3w<\/li>\n<li data-section-id=\"19ov0rw\" data-start=\"4061\" data-end=\"4099\">minimalne zam\u00f3wienie wynosi 17 par<\/li>\n<li data-section-id=\"2kc65o\" data-start=\"4100\" data-end=\"4126\">ceny podawane s\u0105 netto<\/li>\n<\/ul>\n<h3 data-section-id=\"19xlylu\" data-start=\"4133\" data-end=\"4168\">\ud83d\udcde Zam\u00f3wienia hurtowe i kontakt<\/h3>\n<p data-start=\"4170\" data-end=\"4285\">Aby uzyska\u0107 aktualne informacje o dost\u0119pno\u015bci oraz warunkach wsp\u00f3\u0142pracy, zalecany jest kontakt z dzia\u0142em handlowym.<\/p>\n<p data-start=\"4287\" data-end=\"4358\">Zam\u00f3wienia realizowane s\u0105 na bie\u017c\u0105co, zgodnie z dost\u0119pno\u015bci\u0105 produkt\u00f3w.<\/p>\n<h3 data-section-id=\"18rjgl7\" data-start=\"4365\" data-end=\"4414\">\ud83d\udd11 Podsumowanie \u2013 sprzeda\u017c oparta na wynikach<\/h3>\n<p data-start=\"4416\" data-end=\"4616\">Box but\u00f3w to rozwi\u0105zanie dla sprzedawc\u00f3w, kt\u00f3rzy chc\u0105 dzia\u0142a\u0107 szybko i efektywnie. Nowy towar w gatunku A, r\u00f3\u017cnorodno\u015b\u0107 modeli oraz segment premium tworz\u0105 ofert\u0119 zoptymalizowan\u0105 pod sprzeda\u017c.<\/p>\n<p data-start=\"4618\" data-end=\"4743\">Produkt umo\u017cliwia ograniczenie koszt\u00f3w operacyjnych, przyspieszenie wej\u015bcia na rynek oraz zwi\u0119kszenie efektywno\u015bci sprzeda\u017cy.<\/p>\n<h3 data-section-id=\"hiqry4\" data-start=\"4867\" data-end=\"4889\">\ud83d\udd17 Rozszerz ofert\u0119<\/h3>\n<p data-start=\"4891\" data-end=\"5053\" data-is-last-node=\"\" data-is-only-node=\"\">Zobacz r\u00f3wnie\u017c inne kategorie w <strong><a href=\"https:\/\/stockify24.pl\/kategoria-produktu\/strefa-mody\/\">Strefie Mody<\/a><\/strong> oraz dost\u0119pne boxy i palety produktowe.<br data-start=\"4975\" data-end=\"4978\" \/>Aktualne informacje i wskaz\u00f3wki sprzeda\u017cowe znajdziesz <a href=\"https:\/\/stockify24.pl\/blog-stockify24-pl\/\"><strong>na blogu Stockify24<\/strong><\/a>.<\/p>\n<\/div>\n<\/div>\n<\/div>\n<\/div>\n<\/div>\n<\/div>\n<\/section>\n<\/div>\n<\/div>\n<\/div>\n<\/div>\n<\/div>\n<\/div>\n<\/section>\n<\/div>\n<\/div>\n<\/div>\n<\/div>\n<\/div>\n<\/div>\n<\/div>\n<\/section>\n<\/div>\n<\/div>\n<\/div>\n<\/div>\n<\/div>\n<\/div>\n<\/div>\n<\/div>\n<\/div>\n<\/div>\n<\/div>\n<\/div>\n<\/div>\n<\/section>\n<\/div>\n","protected":false},"excerpt":{"rendered":"<p class=\"p1\">\u26a1 Towar ma charakter mixu<\/p>\n<p class=\"p1\">\ud83d\udd25 Amazon Returns<\/p>\n<p class=\"p1\" style=\"text-align: left;\">\u2714\ufe0f Jako\u015b\u0107 <strong>A<\/strong><\/p>","protected":false},"featured_media":51618,"comment_status":"open","ping_status":"closed","template":"","meta":{"_acf_changed":false},"product_brand":[],"product_cat":[1316],"product_tag":[1321,1320],"class_list":{"0":"post-51617","1":"product","2":"type-product","3":"status-publish","4":"has-post-thumbnail","6":"product_cat-obuwie","7":"product_tag-amazon-returns","8":"product_tag-obuwie-premium","10":"first","11":"instock","12":"sold-individually","13":"taxable","14":"shipping-taxable","15":"purchasable","16":"product-type-simple"},"acf":[],"_links":{"self":[{"href":"https:\/\/stockify24.pl\/en\/wp-json\/wp\/v2\/product\/51617","targetHints":{"allow":["GET"]}}],"collection":[{"href":"https:\/\/stockify24.pl\/en\/wp-json\/wp\/v2\/product"}],"about":[{"href":"https:\/\/stockify24.pl\/en\/wp-json\/wp\/v2\/types\/product"}],"replies":[{"embeddable":true,"href":"https:\/\/stockify24.pl\/en\/wp-json\/wp\/v2\/comments?post=51617"}],"wp:featuredmedia":[{"embeddable":true,"href":"https:\/\/stockify24.pl\/en\/wp-json\/wp\/v2\/media\/51618"}],"wp:attachment":[{"href":"https:\/\/stockify24.pl\/en\/wp-json\/wp\/v2\/media?parent=51617"}],"wp:term":[{"taxonomy":"product_brand","embeddable":true,"href":"https:\/\/stockify24.pl\/en\/wp-json\/wp\/v2\/product_brand?post=51617"},{"taxonomy":"product_cat","embeddable":true,"href":"https:\/\/stockify24.pl\/en\/wp-json\/wp\/v2\/product_cat?post=51617"},{"taxonomy":"product_tag","embeddable":true,"href":"https:\/\/stockify24.pl\/en\/wp-json\/wp\/v2\/product_tag?post=51617"}],"curies":[{"name":"wp","href":"https:\/\/api.w.org\/{rel}","templated":true}]}}